{"id":1123846,"date":"2026-05-05T18:18:51","date_gmt":"2026-05-05T16:18:51","guid":{"rendered":"https:\/\/wein-werte.com\/product\/peter-jakob-kuhn-riesling-doosberg-grosses-gewachs-2022-750ml\/"},"modified":"2026-05-05T18:18:52","modified_gmt":"2026-05-05T16:18:52","slug":"peter-jakob-kuhn-riesling-doosberg-grosses-gewachs-2022-750ml","status":"publish","type":"product","link":"https:\/\/wein-werte.com\/en\/product\/peter-jakob-kuhn-riesling-doosberg-grosses-gewachs-2022-750ml\/","title":{"rendered":"Peter Jakob K\u00fchn | Rheingau | Riesling Doosberg Grosses Gew\u00e4chs | 2022 | 750ml | bio"},"content":{"rendered":"<p>Product description for Peter Jakob K\u00fchn Riesling Doosberg Grosses Gew\u00e4chs 2022 (bio)<\/p>\n<h5>Information about the Wine<\/h5>\n<p> The Doosberg \u2013 &#8220;Dachsberg&#8221; in High German \u2013 is located at an elevation of approximately 120 meters in Oestrich. The soil is composed of calcareous loess clay over terrace sediments and rocks of the Alzey Formation (sea sand), interspersed with strong Taunus quartz. K\u00fchn&#8217;s property is situated on a fairly exposed hilltop with constant wind exposure, thus offering ideal conditions for healthy vine growth and good grape ripening. After hand-picking, the whole grapes were pressed over several hours, the must fermented spontaneously, and the wine, without altering the natural composition of the must, aged on the full lees for 16 months in traditional single-barrel and double-barrel barrels (1,200 l and 2,400 l). <\/p>\n<h5>Colour<\/h5>\n<p> Intense straw yellow <\/p>\n<h5>Nose<\/h5>\n<p> The Riesling Oestricher Doosberg Gro\u00dfes Gew\u00e4chs once again shines in 2022 with its understated and delicate, yet nevertheless intense character. It opens with notes of herbs, freshly trimmed hedges, smoke, and blossoms. These are followed by hints of lemons and zest, grapefruit, pome and stone fruit, with a touch of cider apple and tobacco. <\/p>\n<h5>Palate<\/h5>\n<p> On the palate, the 2022 Doosberg once again appears lean and delicate at first. Then, however, it becomes increasingly intense, powerful, and vibrant with plenty of energy and a distinct minerality. It has a solid draw, characterized by citrus notes with a hint of green herbs and stone fruit. It really pushes forward, but at the same time remains suspended, possessing great resilience and length.<\/p>\n<p>Copyright Vinaturel 2025<\/p>\n<p>Keywords: <a href=\"https:\/\/wein-werte.com\/shop\/?swoof=1&#038;pa_producer=Peter-Jakob-K\u00fchn\">Peter Jakob K\u00fchn<\/a> <a href=\"https:\/\/wein-werte.com\/shop\/?swoof=1&#038;woof_text=Riesling Doosberg Grosses Gew\u00e4chs\">Riesling Doosberg Grosses Gew\u00e4chs<\/a> 2022 bio <a href=\"https:\/\/wein-werte.com\/shop\/?swoof=1&#038;pa_region=Rheingau\">Rheingau<\/a> <a href=\"https:\/\/wein-werte.com\/shop\/?swoof=1&#038;pa_country=Germany\">Germany<\/a><\/p>\n<h3>Vinous<\/h3>\n<p>Score: 95<\/p>\n<p>The 2022 Riesling Ostriches Doosberg Grosses Gew\u00e4chs comes with gentle herbal savor of crushed yarrow on the nose. The palate also has this lift. It\u2019s a svelte, slender picture of serene dried and fresh lemon peel, with lovely traction from lemon pith. Deeply scented herbal overtones emerge on the finish. This is an ideal meeting of both gentleness and purity. (Bone-dry)<br \/>\n &#8212; Anne Krebiehl MW<br \/>Drinking window: 2026 &#8211; 2050<br \/>Review date: Oct 2024<\/p>\n<p>Producer website: <a href=\"https:\/\/www.weingutpjkuehn.de\/en\/home\/\" target=\"_blank\">https:\/\/www.weingutpjkuehn.de\/en\/home\/<\/a><\/p>\n","protected":false},"excerpt":{"rendered":"<p>Delivery time: 1 to 2 working days (DE), 2 to 5 working days (EU and CH)<\/p>\n","protected":false},"featured_media":1141465,"template":"","meta":[],"product_brand":[],"product_cat":[19],"product_tag":[],"class_list":{"0":"post-1123846","1":"product","2":"type-product","3":"status-publish","4":"has-post-thumbnail","6":"product_cat-unkategorisiert","7":"pa_alcohol-for-filter-11-5","8":"pa_certified-biodynamic-yes","9":"pa_certified-organic-yes","10":"pa_colour-white","11":"pa_country-germany","12":"pa_grape-riesling","13":"pa_price-for-filter-10565","14":"pa_producer-peter-jakob-kuhn","15":"pa_region-rheingau","16":"pa_size-ml-6584","17":"pa_sweetness-dry","18":"pa_type-2-still","19":"pa_vinous-points-for-filter-16152","20":"pa_vintage-9698","21":"entry","22":"has-media","24":"first","25":"instock","26":"taxable","27":"shipping-taxable","28":"purchasable","29":"product-type-simple"},"yoast_head":"<!-- This site is optimized with the Yoast SEO plugin v27.5 - https:\/\/yoast.com\/product\/yoast-seo-wordpress\/ -->\n<title>Peter Jakob Kuhn Riesling Doosberg Grosses Gewachs 2022<\/title>\n<meta name=\"description\" content=\"Buy Peter Jakob K\u00fchn Riesling Doosberg Grosses Gew\u00e4chs 2022 - a dry Riesling from Rheingau, Germany - at Wein Werte, your sustainable online shop.\" \/>\n<meta name=\"robots\" content=\"index, follow, max-snippet:-1, max-image-preview:large, max-video-preview:-1\" \/>\n<link rel=\"canonical\" href=\"https:\/\/wein-werte.com\/en\/product\/peter-jakob-kuhn-riesling-doosberg-grosses-gewachs-2022-750ml\/\" \/>\n<meta property=\"og:locale\" content=\"en_US\" \/>\n<meta property=\"og:type\" content=\"article\" \/>\n<meta property=\"og:title\" content=\"Peter Jakob Kuhn Riesling Doosberg Grosses Gewachs 2022\" \/>\n<meta property=\"og:description\" content=\"Buy Peter Jakob K\u00fchn Riesling Doosberg Grosses Gew\u00e4chs 2022 - a dry Riesling from Rheingau, Germany - at Wein Werte, your sustainable online shop.\" \/>\n<meta property=\"og:url\" content=\"https:\/\/wein-werte.com\/en\/product\/peter-jakob-kuhn-riesling-doosberg-grosses-gewachs-2022-750ml\/\" \/>\n<meta property=\"og:site_name\" content=\"Wein Werte\" \/>\n<meta property=\"article:modified_time\" content=\"2026-05-05T16:18:52+00:00\" \/>\n<meta property=\"og:image\" content=\"https:\/\/wein-werte.com\/wp-content\/uploads\/2026\/04\/Peter-Jakob-Kuhn-Riesling-Doosberg-Grosses-Gewachs-2022-750ml.png\" \/>\n\t<meta property=\"og:image:width\" content=\"259\" \/>\n\t<meta property=\"og:image:height\" content=\"1200\" \/>\n\t<meta property=\"og:image:type\" content=\"image\/png\" \/>\n<meta name=\"twitter:card\" content=\"summary_large_image\" \/>\n<meta name=\"twitter:label1\" content=\"Est. reading time\" \/>\n\t<meta name=\"twitter:data1\" content=\"2 minutes\" \/>\n<script type=\"application\/ld+json\" class=\"yoast-schema-graph\">{\"@context\":\"https:\\\/\\\/schema.org\",\"@graph\":[{\"@type\":\"WebPage\",\"@id\":\"https:\\\/\\\/wein-werte.com\\\/en\\\/product\\\/peter-jakob-kuhn-riesling-doosberg-grosses-gewachs-2022-750ml\\\/\",\"url\":\"https:\\\/\\\/wein-werte.com\\\/en\\\/product\\\/peter-jakob-kuhn-riesling-doosberg-grosses-gewachs-2022-750ml\\\/\",\"name\":\"Peter Jakob Kuhn Riesling Doosberg Grosses Gewachs 2022\",\"isPartOf\":{\"@id\":\"https:\\\/\\\/wein-werte.com\\\/de\\\/#website\"},\"primaryImageOfPage\":{\"@id\":\"https:\\\/\\\/wein-werte.com\\\/en\\\/product\\\/peter-jakob-kuhn-riesling-doosberg-grosses-gewachs-2022-750ml\\\/#primaryimage\"},\"image\":{\"@id\":\"https:\\\/\\\/wein-werte.com\\\/en\\\/product\\\/peter-jakob-kuhn-riesling-doosberg-grosses-gewachs-2022-750ml\\\/#primaryimage\"},\"thumbnailUrl\":\"https:\\\/\\\/wein-werte.com\\\/wp-content\\\/uploads\\\/2026\\\/04\\\/Peter-Jakob-Kuhn-Riesling-Doosberg-Grosses-Gewachs-2022-750ml.png\",\"datePublished\":\"2026-05-05T16:18:51+00:00\",\"dateModified\":\"2026-05-05T16:18:52+00:00\",\"description\":\"Buy Peter Jakob K\u00fchn Riesling Doosberg Grosses Gew\u00e4chs 2022 - a dry Riesling from Rheingau, Germany - at Wein Werte, your sustainable online shop.\",\"breadcrumb\":{\"@id\":\"https:\\\/\\\/wein-werte.com\\\/en\\\/product\\\/peter-jakob-kuhn-riesling-doosberg-grosses-gewachs-2022-750ml\\\/#breadcrumb\"},\"inLanguage\":\"en-US\",\"potentialAction\":[{\"@type\":\"ReadAction\",\"target\":[\"https:\\\/\\\/wein-werte.com\\\/en\\\/product\\\/peter-jakob-kuhn-riesling-doosberg-grosses-gewachs-2022-750ml\\\/\"]}]},{\"@type\":\"ImageObject\",\"inLanguage\":\"en-US\",\"@id\":\"https:\\\/\\\/wein-werte.com\\\/en\\\/product\\\/peter-jakob-kuhn-riesling-doosberg-grosses-gewachs-2022-750ml\\\/#primaryimage\",\"url\":\"https:\\\/\\\/wein-werte.com\\\/wp-content\\\/uploads\\\/2026\\\/04\\\/Peter-Jakob-Kuhn-Riesling-Doosberg-Grosses-Gewachs-2022-750ml.png\",\"contentUrl\":\"https:\\\/\\\/wein-werte.com\\\/wp-content\\\/uploads\\\/2026\\\/04\\\/Peter-Jakob-Kuhn-Riesling-Doosberg-Grosses-Gewachs-2022-750ml.png\",\"width\":259,\"height\":1200,\"caption\":\"Peter Jakob K\u00fchn Riesling Doosberg Grosses Gew\u00e4chs 2022 750ml\"},{\"@type\":\"BreadcrumbList\",\"@id\":\"https:\\\/\\\/wein-werte.com\\\/en\\\/product\\\/peter-jakob-kuhn-riesling-doosberg-grosses-gewachs-2022-750ml\\\/#breadcrumb\",\"itemListElement\":[{\"@type\":\"ListItem\",\"position\":1,\"name\":\"Home\",\"item\":\"https:\\\/\\\/wein-werte.com\\\/en\\\/\"},{\"@type\":\"ListItem\",\"position\":2,\"name\":\"Shop Page\",\"item\":\"https:\\\/\\\/wein-werte.com\\\/en\\\/shop\\\/\"},{\"@type\":\"ListItem\",\"position\":3,\"name\":\"Peter Jakob K\u00fchn | Rheingau | Riesling Doosberg Grosses Gew\u00e4chs | 2022 | 750ml | bio\"}]},{\"@type\":\"WebSite\",\"@id\":\"https:\\\/\\\/wein-werte.com\\\/de\\\/#website\",\"url\":\"https:\\\/\\\/wein-werte.com\\\/de\\\/\",\"name\":\"Wein Werte\",\"description\":\"\",\"publisher\":{\"@id\":\"https:\\\/\\\/wein-werte.com\\\/de\\\/#organization\"},\"potentialAction\":[{\"@type\":\"SearchAction\",\"target\":{\"@type\":\"EntryPoint\",\"urlTemplate\":\"https:\\\/\\\/wein-werte.com\\\/de\\\/?s={search_term_string}\"},\"query-input\":{\"@type\":\"PropertyValueSpecification\",\"valueRequired\":true,\"valueName\":\"search_term_string\"}}],\"inLanguage\":\"en-US\"},{\"@type\":\"Organization\",\"@id\":\"https:\\\/\\\/wein-werte.com\\\/de\\\/#organization\",\"name\":\"Vins Fins Thorrold\",\"url\":\"https:\\\/\\\/wein-werte.com\\\/de\\\/\",\"logo\":{\"@type\":\"ImageObject\",\"inLanguage\":\"en-US\",\"@id\":\"https:\\\/\\\/wein-werte.com\\\/de\\\/#\\\/schema\\\/logo\\\/image\\\/\",\"url\":\"https:\\\/\\\/wein-werte.com\\\/wp-content\\\/uploads\\\/2023\\\/07\\\/Wein_werte_Logo700-1.png\",\"contentUrl\":\"https:\\\/\\\/wein-werte.com\\\/wp-content\\\/uploads\\\/2023\\\/07\\\/Wein_werte_Logo700-1.png\",\"width\":700,\"height\":272,\"caption\":\"Vins Fins Thorrold\"},\"image\":{\"@id\":\"https:\\\/\\\/wein-werte.com\\\/de\\\/#\\\/schema\\\/logo\\\/image\\\/\"}}]}<\/script>\n<!-- \/ Yoast SEO plugin. -->","yoast_head_json":{"title":"Peter Jakob Kuhn Riesling Doosberg Grosses Gewachs 2022","description":"Buy Peter Jakob K\u00fchn Riesling Doosberg Grosses Gew\u00e4chs 2022 - a dry Riesling from Rheingau, Germany - at Wein Werte, your sustainable online shop.","robots":{"index":"index","follow":"follow","max-snippet":"max-snippet:-1","max-image-preview":"max-image-preview:large","max-video-preview":"max-video-preview:-1"},"canonical":"https:\/\/wein-werte.com\/en\/product\/peter-jakob-kuhn-riesling-doosberg-grosses-gewachs-2022-750ml\/","og_locale":"en_US","og_type":"article","og_title":"Peter Jakob Kuhn Riesling Doosberg Grosses Gewachs 2022","og_description":"Buy Peter Jakob K\u00fchn Riesling Doosberg Grosses Gew\u00e4chs 2022 - a dry Riesling from Rheingau, Germany - at Wein Werte, your sustainable online shop.","og_url":"https:\/\/wein-werte.com\/en\/product\/peter-jakob-kuhn-riesling-doosberg-grosses-gewachs-2022-750ml\/","og_site_name":"Wein Werte","article_modified_time":"2026-05-05T16:18:52+00:00","og_image":[{"width":259,"height":1200,"url":"https:\/\/wein-werte.com\/wp-content\/uploads\/2026\/04\/Peter-Jakob-Kuhn-Riesling-Doosberg-Grosses-Gewachs-2022-750ml.png","type":"image\/png"}],"twitter_card":"summary_large_image","twitter_misc":{"Est. reading time":"2 minutes"},"schema":{"@context":"https:\/\/schema.org","@graph":[{"@type":"WebPage","@id":"https:\/\/wein-werte.com\/en\/product\/peter-jakob-kuhn-riesling-doosberg-grosses-gewachs-2022-750ml\/","url":"https:\/\/wein-werte.com\/en\/product\/peter-jakob-kuhn-riesling-doosberg-grosses-gewachs-2022-750ml\/","name":"Peter Jakob Kuhn Riesling Doosberg Grosses Gewachs 2022","isPartOf":{"@id":"https:\/\/wein-werte.com\/de\/#website"},"primaryImageOfPage":{"@id":"https:\/\/wein-werte.com\/en\/product\/peter-jakob-kuhn-riesling-doosberg-grosses-gewachs-2022-750ml\/#primaryimage"},"image":{"@id":"https:\/\/wein-werte.com\/en\/product\/peter-jakob-kuhn-riesling-doosberg-grosses-gewachs-2022-750ml\/#primaryimage"},"thumbnailUrl":"https:\/\/wein-werte.com\/wp-content\/uploads\/2026\/04\/Peter-Jakob-Kuhn-Riesling-Doosberg-Grosses-Gewachs-2022-750ml.png","datePublished":"2026-05-05T16:18:51+00:00","dateModified":"2026-05-05T16:18:52+00:00","description":"Buy Peter Jakob K\u00fchn Riesling Doosberg Grosses Gew\u00e4chs 2022 - a dry Riesling from Rheingau, Germany - at Wein Werte, your sustainable online shop.","breadcrumb":{"@id":"https:\/\/wein-werte.com\/en\/product\/peter-jakob-kuhn-riesling-doosberg-grosses-gewachs-2022-750ml\/#breadcrumb"},"inLanguage":"en-US","potentialAction":[{"@type":"ReadAction","target":["https:\/\/wein-werte.com\/en\/product\/peter-jakob-kuhn-riesling-doosberg-grosses-gewachs-2022-750ml\/"]}]},{"@type":"ImageObject","inLanguage":"en-US","@id":"https:\/\/wein-werte.com\/en\/product\/peter-jakob-kuhn-riesling-doosberg-grosses-gewachs-2022-750ml\/#primaryimage","url":"https:\/\/wein-werte.com\/wp-content\/uploads\/2026\/04\/Peter-Jakob-Kuhn-Riesling-Doosberg-Grosses-Gewachs-2022-750ml.png","contentUrl":"https:\/\/wein-werte.com\/wp-content\/uploads\/2026\/04\/Peter-Jakob-Kuhn-Riesling-Doosberg-Grosses-Gewachs-2022-750ml.png","width":259,"height":1200,"caption":"Peter Jakob K\u00fchn Riesling Doosberg Grosses Gew\u00e4chs 2022 750ml"},{"@type":"BreadcrumbList","@id":"https:\/\/wein-werte.com\/en\/product\/peter-jakob-kuhn-riesling-doosberg-grosses-gewachs-2022-750ml\/#breadcrumb","itemListElement":[{"@type":"ListItem","position":1,"name":"Home","item":"https:\/\/wein-werte.com\/en\/"},{"@type":"ListItem","position":2,"name":"Shop Page","item":"https:\/\/wein-werte.com\/en\/shop\/"},{"@type":"ListItem","position":3,"name":"Peter Jakob K\u00fchn | Rheingau | Riesling Doosberg Grosses Gew\u00e4chs | 2022 | 750ml | bio"}]},{"@type":"WebSite","@id":"https:\/\/wein-werte.com\/de\/#website","url":"https:\/\/wein-werte.com\/de\/","name":"Wein Werte","description":"","publisher":{"@id":"https:\/\/wein-werte.com\/de\/#organization"},"potentialAction":[{"@type":"SearchAction","target":{"@type":"EntryPoint","urlTemplate":"https:\/\/wein-werte.com\/de\/?s={search_term_string}"},"query-input":{"@type":"PropertyValueSpecification","valueRequired":true,"valueName":"search_term_string"}}],"inLanguage":"en-US"},{"@type":"Organization","@id":"https:\/\/wein-werte.com\/de\/#organization","name":"Vins Fins Thorrold","url":"https:\/\/wein-werte.com\/de\/","logo":{"@type":"ImageObject","inLanguage":"en-US","@id":"https:\/\/wein-werte.com\/de\/#\/schema\/logo\/image\/","url":"https:\/\/wein-werte.com\/wp-content\/uploads\/2023\/07\/Wein_werte_Logo700-1.png","contentUrl":"https:\/\/wein-werte.com\/wp-content\/uploads\/2023\/07\/Wein_werte_Logo700-1.png","width":700,"height":272,"caption":"Vins Fins Thorrold"},"image":{"@id":"https:\/\/wein-werte.com\/de\/#\/schema\/logo\/image\/"}}]}},"_links":{"self":[{"href":"https:\/\/wein-werte.com\/en\/wp-json\/wp\/v2\/product\/1123846","targetHints":{"allow":["GET"]}}],"collection":[{"href":"https:\/\/wein-werte.com\/en\/wp-json\/wp\/v2\/product"}],"about":[{"href":"https:\/\/wein-werte.com\/en\/wp-json\/wp\/v2\/types\/product"}],"wp:featuredmedia":[{"embeddable":true,"href":"https:\/\/wein-werte.com\/en\/wp-json\/wp\/v2\/media\/1141465"}],"wp:attachment":[{"href":"https:\/\/wein-werte.com\/en\/wp-json\/wp\/v2\/media?parent=1123846"}],"wp:term":[{"taxonomy":"product_brand","embeddable":true,"href":"https:\/\/wein-werte.com\/en\/wp-json\/wp\/v2\/product_brand?post=1123846"},{"taxonomy":"product_cat","embeddable":true,"href":"https:\/\/wein-werte.com\/en\/wp-json\/wp\/v2\/product_cat?post=1123846"},{"taxonomy":"product_tag","embeddable":true,"href":"https:\/\/wein-werte.com\/en\/wp-json\/wp\/v2\/product_tag?post=1123846"}],"curies":[{"name":"wp","href":"https:\/\/api.w.org\/{rel}","templated":true}]}}