{"id":1123789,"date":"2026-05-08T20:01:25","date_gmt":"2026-05-08T18:01:25","guid":{"rendered":"https:\/\/wein-werte.com\/product\/sottimano-fausoni-barbaresco-2019-750ml\/"},"modified":"2026-05-08T20:01:25","modified_gmt":"2026-05-08T18:01:25","slug":"sottimano-fausoni-barbaresco-2019-750ml","status":"publish","type":"product","link":"https:\/\/wein-werte.com\/en\/product\/sottimano-fausoni-barbaresco-2019-750ml\/","title":{"rendered":"Sottimano | Piemonte | Fausoni, Barbaresco DOCG | 2019 | 750ml"},"content":{"rendered":"<p>Product description for Sottimano Fausoni, Barbaresco DOCG 2019 <\/p>\n<h5>Info<\/h5>\n<p> Sebastian Bordth\u00e4user, May 6, 2021: The Azienda Agricola Sottimano was purchased by Rino Sottimano in the 1960s and is located in the heart of the Cott\u00e0 vineyard. In the following years, it was gradually expanded to include the Crus Curr\u00e1, Fausoni, Basarin, and Pajor\u00e9. Today, the business is run by son Andrea and his sisters Elena and Claudia. Located in the triangle formed by Barbaresco, Neive, and Treiso, Sottimano has been working according to biodynamic guidelines for years to capture the character of the five Crus as precisely as possible in the bottle. The Cru Fausoni is located just outside Neive and typically produces wines with a good balance of elegance, fragrant aromas, and profound concentration. The vineyard, with just 1.5 hectares, is Sottimano&#8217;s smallest Cru and has the youngest vineyards, with approximately 45-year-old vines facing southwest. Fermentation always takes place spontaneously with the wine&#8217;s own yeasts; maceration typically lasts 25 days, and malolactic fermentation also takes place spontaneously in French oak. The wines mature for 24 months in barrels (15% new wood, the remainder in second to fourth-fill barrels), including 12 months on the lees. The use of wood in winemaking was modernized with the 2014 vintage, making the wines more accessible, with immense vibration and depth, even in their youth. The wines are bottled unfined and unfiltered. <\/p>\n<h5>Colour<\/h5>\n<p> Sparkling brick red with violet reflections and a rusty-light rim. <\/p>\n<h5>Nose<\/h5>\n<p> At the beginning, the 2019 Barbaresco Fausoni captivates with its earthy, spicy character. There are ethereal notes that play brilliantly with its forest aromas. Undergrowth, forest floor, and pine bark stand alongside some tree resin, pine needles, and cones. A hint of pine also comes through. Juniper and black pepper lend it plenty of spice. The fruit initially struggles to counteract these dominant nuances, but with patience, it becomes increasingly noticeable. Plum, elderberry, and raspberry now slowly gain momentum. <\/p>\n<h5>Palate<\/h5>\n<p> The first sip demonstrates once again that Nebbiolo\u2014like Pinot Noir\u2014must be served correctly to unfold its full elegance. It flows ramrod straight. The tannin is only moderately active and very finely integrated. The Barbaresco Fausoni appears quite compact, but thrives on a generous minerality. No fruit sweetness or other distractions counteract this stony, cool impression. The fruit slowly transforms towards sweet and sour cherry. The spicy and ethereal nuances of the nose are currently only very subtly perceptible in the aftertaste.<\/p>\n<p>Copyright Vinaturel 2025<\/p>\n<p>Keywords: <a href=\"https:\/\/wein-werte.com\/shop\/?swoof=1&#038;pa_producer=Sottimano\">Sottimano<\/a> <a href=\"https:\/\/wein-werte.com\/shop\/?swoof=1&#038;woof_text=Fausoni, Barbaresco DOCG\">Fausoni, Barbaresco DOCG<\/a> 2019  <a href=\"https:\/\/wein-werte.com\/shop\/?swoof=1&#038;pa_region=Piemonte\">Piemonte<\/a> <a href=\"https:\/\/wein-werte.com\/shop\/?swoof=1&#038;pa_country=Italy\">Italy<\/a><\/p>\n<p>Producer website: <a href=\"http:\/\/www.sottimano.it\/\" target=\"_blank\">http:\/\/www.sottimano.it\/<\/a><\/p>\n","protected":false},"excerpt":{"rendered":"<p>Delivery time: 1 to 2 working days (DE), 2 to 5 working days (EU and CH)<\/p>\n","protected":false},"featured_media":1141281,"template":"","meta":[],"product_brand":[],"product_cat":[19],"product_tag":[],"class_list":{"0":"post-1123789","1":"product","2":"type-product","3":"status-publish","4":"has-post-thumbnail","6":"product_cat-unkategorisiert","7":"pa_alcohol-for-filter-12892","8":"pa_certified-biodynamic-no","9":"pa_certified-organic-no","10":"pa_colour-red","11":"pa_country-italy","12":"pa_grape-nebbiolo","13":"pa_price-for-filter-10647","14":"pa_producer-sottimano","15":"pa_region-piemonte","16":"pa_size-ml-6584","17":"pa_sweetness-dry","18":"pa_type-2-still","19":"pa_vintage-6583","20":"entry","21":"has-media","23":"first","24":"instock","25":"taxable","26":"shipping-taxable","27":"purchasable","28":"product-type-simple"},"yoast_head":"<!-- This site is optimized with the Yoast SEO plugin v27.5 - https:\/\/yoast.com\/product\/yoast-seo-wordpress\/ -->\n<title>Sottimano Fausoni Barbaresco 2019<\/title>\n<meta name=\"description\" content=\"Buy Sottimano Fausoni Barbaresco 2019 - a dry Nebbiolo from Piemonte, Italy - at Wein Werte, your sustainable online shop.\" \/>\n<meta name=\"robots\" content=\"index, follow, max-snippet:-1, max-image-preview:large, max-video-preview:-1\" \/>\n<link rel=\"canonical\" href=\"https:\/\/wein-werte.com\/en\/product\/sottimano-fausoni-barbaresco-2019-750ml\/\" \/>\n<meta property=\"og:locale\" content=\"en_US\" \/>\n<meta property=\"og:type\" content=\"article\" \/>\n<meta property=\"og:title\" content=\"Sottimano Fausoni Barbaresco 2019\" \/>\n<meta property=\"og:description\" content=\"Buy Sottimano Fausoni Barbaresco 2019 - a dry Nebbiolo from Piemonte, Italy - at Wein Werte, your sustainable online shop.\" \/>\n<meta property=\"og:url\" content=\"https:\/\/wein-werte.com\/en\/product\/sottimano-fausoni-barbaresco-2019-750ml\/\" \/>\n<meta property=\"og:site_name\" content=\"Wein Werte\" \/>\n<meta property=\"og:image\" content=\"https:\/\/wein-werte.com\/wp-content\/uploads\/2026\/04\/Sottimano-Fausoni-Barbaresco-2019-750ml.png\" \/>\n\t<meta property=\"og:image:width\" content=\"302\" \/>\n\t<meta property=\"og:image:height\" content=\"1134\" \/>\n\t<meta property=\"og:image:type\" content=\"image\/png\" \/>\n<meta name=\"twitter:card\" content=\"summary_large_image\" \/>\n<meta name=\"twitter:label1\" content=\"Est. reading time\" \/>\n\t<meta name=\"twitter:data1\" content=\"2 minutes\" \/>\n<script type=\"application\/ld+json\" class=\"yoast-schema-graph\">{\"@context\":\"https:\\\/\\\/schema.org\",\"@graph\":[{\"@type\":\"WebPage\",\"@id\":\"https:\\\/\\\/wein-werte.com\\\/en\\\/product\\\/sottimano-fausoni-barbaresco-2019-750ml\\\/\",\"url\":\"https:\\\/\\\/wein-werte.com\\\/en\\\/product\\\/sottimano-fausoni-barbaresco-2019-750ml\\\/\",\"name\":\"Sottimano Fausoni Barbaresco 2019\",\"isPartOf\":{\"@id\":\"https:\\\/\\\/wein-werte.com\\\/de\\\/#website\"},\"primaryImageOfPage\":{\"@id\":\"https:\\\/\\\/wein-werte.com\\\/en\\\/product\\\/sottimano-fausoni-barbaresco-2019-750ml\\\/#primaryimage\"},\"image\":{\"@id\":\"https:\\\/\\\/wein-werte.com\\\/en\\\/product\\\/sottimano-fausoni-barbaresco-2019-750ml\\\/#primaryimage\"},\"thumbnailUrl\":\"https:\\\/\\\/wein-werte.com\\\/wp-content\\\/uploads\\\/2026\\\/04\\\/Sottimano-Fausoni-Barbaresco-2019-750ml.png\",\"datePublished\":\"2026-05-08T18:01:25+00:00\",\"description\":\"Buy Sottimano Fausoni Barbaresco 2019 - a dry Nebbiolo from Piemonte, Italy - at Wein Werte, your sustainable online shop.\",\"breadcrumb\":{\"@id\":\"https:\\\/\\\/wein-werte.com\\\/en\\\/product\\\/sottimano-fausoni-barbaresco-2019-750ml\\\/#breadcrumb\"},\"inLanguage\":\"en-US\",\"potentialAction\":[{\"@type\":\"ReadAction\",\"target\":[\"https:\\\/\\\/wein-werte.com\\\/en\\\/product\\\/sottimano-fausoni-barbaresco-2019-750ml\\\/\"]}]},{\"@type\":\"ImageObject\",\"inLanguage\":\"en-US\",\"@id\":\"https:\\\/\\\/wein-werte.com\\\/en\\\/product\\\/sottimano-fausoni-barbaresco-2019-750ml\\\/#primaryimage\",\"url\":\"https:\\\/\\\/wein-werte.com\\\/wp-content\\\/uploads\\\/2026\\\/04\\\/Sottimano-Fausoni-Barbaresco-2019-750ml.png\",\"contentUrl\":\"https:\\\/\\\/wein-werte.com\\\/wp-content\\\/uploads\\\/2026\\\/04\\\/Sottimano-Fausoni-Barbaresco-2019-750ml.png\",\"width\":302,\"height\":1134,\"caption\":\"Sottimano Fausoni, Barbaresco DOCG 2019 750ml\"},{\"@type\":\"BreadcrumbList\",\"@id\":\"https:\\\/\\\/wein-werte.com\\\/en\\\/product\\\/sottimano-fausoni-barbaresco-2019-750ml\\\/#breadcrumb\",\"itemListElement\":[{\"@type\":\"ListItem\",\"position\":1,\"name\":\"Home\",\"item\":\"https:\\\/\\\/wein-werte.com\\\/en\\\/\"},{\"@type\":\"ListItem\",\"position\":2,\"name\":\"Shop Page\",\"item\":\"https:\\\/\\\/wein-werte.com\\\/en\\\/shop\\\/\"},{\"@type\":\"ListItem\",\"position\":3,\"name\":\"Sottimano | Piemonte | Fausoni, Barbaresco DOCG | 2019 | 750ml\"}]},{\"@type\":\"WebSite\",\"@id\":\"https:\\\/\\\/wein-werte.com\\\/de\\\/#website\",\"url\":\"https:\\\/\\\/wein-werte.com\\\/de\\\/\",\"name\":\"Wein Werte\",\"description\":\"\",\"publisher\":{\"@id\":\"https:\\\/\\\/wein-werte.com\\\/de\\\/#organization\"},\"potentialAction\":[{\"@type\":\"SearchAction\",\"target\":{\"@type\":\"EntryPoint\",\"urlTemplate\":\"https:\\\/\\\/wein-werte.com\\\/de\\\/?s={search_term_string}\"},\"query-input\":{\"@type\":\"PropertyValueSpecification\",\"valueRequired\":true,\"valueName\":\"search_term_string\"}}],\"inLanguage\":\"en-US\"},{\"@type\":\"Organization\",\"@id\":\"https:\\\/\\\/wein-werte.com\\\/de\\\/#organization\",\"name\":\"Vins Fins Thorrold\",\"url\":\"https:\\\/\\\/wein-werte.com\\\/de\\\/\",\"logo\":{\"@type\":\"ImageObject\",\"inLanguage\":\"en-US\",\"@id\":\"https:\\\/\\\/wein-werte.com\\\/de\\\/#\\\/schema\\\/logo\\\/image\\\/\",\"url\":\"https:\\\/\\\/wein-werte.com\\\/wp-content\\\/uploads\\\/2023\\\/07\\\/Wein_werte_Logo700-1.png\",\"contentUrl\":\"https:\\\/\\\/wein-werte.com\\\/wp-content\\\/uploads\\\/2023\\\/07\\\/Wein_werte_Logo700-1.png\",\"width\":700,\"height\":272,\"caption\":\"Vins Fins Thorrold\"},\"image\":{\"@id\":\"https:\\\/\\\/wein-werte.com\\\/de\\\/#\\\/schema\\\/logo\\\/image\\\/\"}}]}<\/script>\n<!-- \/ Yoast SEO plugin. -->","yoast_head_json":{"title":"Sottimano Fausoni Barbaresco 2019","description":"Buy Sottimano Fausoni Barbaresco 2019 - a dry Nebbiolo from Piemonte, Italy - at Wein Werte, your sustainable online shop.","robots":{"index":"index","follow":"follow","max-snippet":"max-snippet:-1","max-image-preview":"max-image-preview:large","max-video-preview":"max-video-preview:-1"},"canonical":"https:\/\/wein-werte.com\/en\/product\/sottimano-fausoni-barbaresco-2019-750ml\/","og_locale":"en_US","og_type":"article","og_title":"Sottimano Fausoni Barbaresco 2019","og_description":"Buy Sottimano Fausoni Barbaresco 2019 - a dry Nebbiolo from Piemonte, Italy - at Wein Werte, your sustainable online shop.","og_url":"https:\/\/wein-werte.com\/en\/product\/sottimano-fausoni-barbaresco-2019-750ml\/","og_site_name":"Wein Werte","og_image":[{"width":302,"height":1134,"url":"https:\/\/wein-werte.com\/wp-content\/uploads\/2026\/04\/Sottimano-Fausoni-Barbaresco-2019-750ml.png","type":"image\/png"}],"twitter_card":"summary_large_image","twitter_misc":{"Est. reading time":"2 minutes"},"schema":{"@context":"https:\/\/schema.org","@graph":[{"@type":"WebPage","@id":"https:\/\/wein-werte.com\/en\/product\/sottimano-fausoni-barbaresco-2019-750ml\/","url":"https:\/\/wein-werte.com\/en\/product\/sottimano-fausoni-barbaresco-2019-750ml\/","name":"Sottimano Fausoni Barbaresco 2019","isPartOf":{"@id":"https:\/\/wein-werte.com\/de\/#website"},"primaryImageOfPage":{"@id":"https:\/\/wein-werte.com\/en\/product\/sottimano-fausoni-barbaresco-2019-750ml\/#primaryimage"},"image":{"@id":"https:\/\/wein-werte.com\/en\/product\/sottimano-fausoni-barbaresco-2019-750ml\/#primaryimage"},"thumbnailUrl":"https:\/\/wein-werte.com\/wp-content\/uploads\/2026\/04\/Sottimano-Fausoni-Barbaresco-2019-750ml.png","datePublished":"2026-05-08T18:01:25+00:00","description":"Buy Sottimano Fausoni Barbaresco 2019 - a dry Nebbiolo from Piemonte, Italy - at Wein Werte, your sustainable online shop.","breadcrumb":{"@id":"https:\/\/wein-werte.com\/en\/product\/sottimano-fausoni-barbaresco-2019-750ml\/#breadcrumb"},"inLanguage":"en-US","potentialAction":[{"@type":"ReadAction","target":["https:\/\/wein-werte.com\/en\/product\/sottimano-fausoni-barbaresco-2019-750ml\/"]}]},{"@type":"ImageObject","inLanguage":"en-US","@id":"https:\/\/wein-werte.com\/en\/product\/sottimano-fausoni-barbaresco-2019-750ml\/#primaryimage","url":"https:\/\/wein-werte.com\/wp-content\/uploads\/2026\/04\/Sottimano-Fausoni-Barbaresco-2019-750ml.png","contentUrl":"https:\/\/wein-werte.com\/wp-content\/uploads\/2026\/04\/Sottimano-Fausoni-Barbaresco-2019-750ml.png","width":302,"height":1134,"caption":"Sottimano Fausoni, Barbaresco DOCG 2019 750ml"},{"@type":"BreadcrumbList","@id":"https:\/\/wein-werte.com\/en\/product\/sottimano-fausoni-barbaresco-2019-750ml\/#breadcrumb","itemListElement":[{"@type":"ListItem","position":1,"name":"Home","item":"https:\/\/wein-werte.com\/en\/"},{"@type":"ListItem","position":2,"name":"Shop Page","item":"https:\/\/wein-werte.com\/en\/shop\/"},{"@type":"ListItem","position":3,"name":"Sottimano | Piemonte | Fausoni, Barbaresco DOCG | 2019 | 750ml"}]},{"@type":"WebSite","@id":"https:\/\/wein-werte.com\/de\/#website","url":"https:\/\/wein-werte.com\/de\/","name":"Wein Werte","description":"","publisher":{"@id":"https:\/\/wein-werte.com\/de\/#organization"},"potentialAction":[{"@type":"SearchAction","target":{"@type":"EntryPoint","urlTemplate":"https:\/\/wein-werte.com\/de\/?s={search_term_string}"},"query-input":{"@type":"PropertyValueSpecification","valueRequired":true,"valueName":"search_term_string"}}],"inLanguage":"en-US"},{"@type":"Organization","@id":"https:\/\/wein-werte.com\/de\/#organization","name":"Vins Fins Thorrold","url":"https:\/\/wein-werte.com\/de\/","logo":{"@type":"ImageObject","inLanguage":"en-US","@id":"https:\/\/wein-werte.com\/de\/#\/schema\/logo\/image\/","url":"https:\/\/wein-werte.com\/wp-content\/uploads\/2023\/07\/Wein_werte_Logo700-1.png","contentUrl":"https:\/\/wein-werte.com\/wp-content\/uploads\/2023\/07\/Wein_werte_Logo700-1.png","width":700,"height":272,"caption":"Vins Fins Thorrold"},"image":{"@id":"https:\/\/wein-werte.com\/de\/#\/schema\/logo\/image\/"}}]}},"_links":{"self":[{"href":"https:\/\/wein-werte.com\/en\/wp-json\/wp\/v2\/product\/1123789","targetHints":{"allow":["GET"]}}],"collection":[{"href":"https:\/\/wein-werte.com\/en\/wp-json\/wp\/v2\/product"}],"about":[{"href":"https:\/\/wein-werte.com\/en\/wp-json\/wp\/v2\/types\/product"}],"wp:featuredmedia":[{"embeddable":true,"href":"https:\/\/wein-werte.com\/en\/wp-json\/wp\/v2\/media\/1141281"}],"wp:attachment":[{"href":"https:\/\/wein-werte.com\/en\/wp-json\/wp\/v2\/media?parent=1123789"}],"wp:term":[{"taxonomy":"product_brand","embeddable":true,"href":"https:\/\/wein-werte.com\/en\/wp-json\/wp\/v2\/product_brand?post=1123789"},{"taxonomy":"product_cat","embeddable":true,"href":"https:\/\/wein-werte.com\/en\/wp-json\/wp\/v2\/product_cat?post=1123789"},{"taxonomy":"product_tag","embeddable":true,"href":"https:\/\/wein-werte.com\/en\/wp-json\/wp\/v2\/product_tag?post=1123789"}],"curies":[{"name":"wp","href":"https:\/\/api.w.org\/{rel}","templated":true}]}}