{"id":1123786,"date":"2026-05-08T20:01:25","date_gmt":"2026-05-08T18:01:25","guid":{"rendered":"https:\/\/wein-werte.com\/product\/sottimano-barbaresco-riserva-2013-750ml\/"},"modified":"2026-05-08T20:01:25","modified_gmt":"2026-05-08T18:01:25","slug":"sottimano-barbaresco-riserva-2013-750ml","status":"publish","type":"product","link":"https:\/\/wein-werte.com\/en\/product\/sottimano-barbaresco-riserva-2013-750ml\/","title":{"rendered":"Sottimano | Piemonte | Barbaresco Riserva DOCG | 2013 | 750ml"},"content":{"rendered":"<p>Product description for Sottimano Barbaresco Riserva DOCG 2013 <\/p>\n<p>Sebastian Bordth\u00e4user: The fist in a velvet glove strikes from the very first sip. The full broadside of exquisite tannins of the finest calibration sets the bar high without letting up even a hint. Underpinned by rich, crystal-clear fruit, it fills the mouth, the tannins are fleshy and firm; you could chew on it for hours. The spicy fruit frame is reminiscent of raw porcini mushrooms, white pepper gives it depth with shimmering ethereality, and the formative, ripe acidity laces it in the finest thread of the best provenance. All of this pulsates across the palate with such nonchalance that it is a pure joy. A Riserva in the best James Bond style, or: the Sean Connery memorial Barbaresco. The 2013 Barbaresco Riserva is a cuv\u00e9e from the oldest southeast-facing plots in the Cott\u00e0 and Pajor\u00e8 vineyards. Budbreak on the vines, some up to 75 years old, was about two weeks behind average in 2013. A cold and wet April and May followed, before the vines caught up somewhat in time for flowering. However, the vines were unable to fully make up for the delay over the summer, so they were left to ripen fully until October. Green harvesting and conscientious daily work in the vineyard were essential for obtaining the best harvest material. From the second half of September, warm days with cool nights continued until the harvest in October, ensuring perfect grapes for a classic vintage with powerful, complexly structured wines of intense colour and lively acidity, offering the best prospects for further development in the bottle. The 2013 Barbaresco Riserva was left on the skins for 45 days and began spontaneous fermentation, followed by three months of daily pigeage. It underwent malolactic fermentation in large French oak barrels, then matured for 36 months in wooden vats of varying sizes containing only 25% new oak (75% up to four new oak barrels) before being bottled unfined and unfiltered. <\/p>\n<h5>Colour<\/h5>\n<p> Dark ruby red with garnet reflections. <\/p>\n<h5>Nose<\/h5>\n<p> The 2013 Barbaresco Riserva from Sottimano needs air, a suitable decanter, and patience. And then: Ramba Zamba! Ambrosial Nebbiolo nectar, first cabin. The nose is practically bursting with joie de vivre: plums, black cherries, mulberries, and dried figs take over the fruity aspects, while the ethereal department takes care of the spiritual aspects. Bergamot, vetiver, and sandalwood, as well as white pepper and floral accents, pack a punch and unmistakably call for those large, expensive glasses that you so hate to polish. That&#8217;s exactly what they&#8217;re for. <\/p>\n<h5>Palate<\/h5>\n<p>  The fist in a velvet glove strikes right from the start. The full broadside of exquisite tannins of the finest calibration sets the bar high without letting up even a tad. Underpinned by rich, crystal-clear fruit, it fills the mouth; the tannins are fleshy and firm to the bite; you could chew on it for hours. The spicy-framed fruit is reminiscent of raw porcini mushrooms, white pepper gives it depth with shimmering ethereality, and the formative, ripe acidity laces it in the finest thread of the best provenance. All of this pulsates across the palate with such nonchalance that it is a pure joy. A Riserva in the best James Bond style or: the Sean Connery memorial Barbaresco.<\/p>\n<p>Copyright Vinaturel 2025<\/p>\n<p>Keywords: <a href=\"https:\/\/wein-werte.com\/shop\/?swoof=1&#038;pa_producer=Sottimano\">Sottimano<\/a> <a href=\"https:\/\/wein-werte.com\/shop\/?swoof=1&#038;woof_text=Barbaresco Riserva DOCG\">Barbaresco Riserva DOCG<\/a> 2013  <a href=\"https:\/\/wein-werte.com\/shop\/?swoof=1&#038;pa_region=Piemonte\">Piemonte<\/a> <a href=\"https:\/\/wein-werte.com\/shop\/?swoof=1&#038;pa_country=Italy\">Italy<\/a><\/p>\n<p>Producer website: <a href=\"http:\/\/www.sottimano.it\/\" target=\"_blank\">http:\/\/www.sottimano.it\/<\/a><\/p>\n","protected":false},"excerpt":{"rendered":"<p>Delivery time: 1 to 2 working days (DE), 2 to 5 working days (EU and CH)<\/p>\n","protected":false},"featured_media":1141269,"template":"","meta":[],"product_brand":[],"product_cat":[19],"product_tag":[],"class_list":{"0":"post-1123786","1":"product","2":"type-product","3":"status-publish","4":"has-post-thumbnail","6":"product_cat-unkategorisiert","7":"pa_alcohol-for-filter-14-5","8":"pa_certified-biodynamic-no","9":"pa_certified-organic-no","10":"pa_colour-red","11":"pa_country-italy","12":"pa_grape-nebbiolo","13":"pa_price-for-filter-10596","14":"pa_producer-sottimano","15":"pa_region-piemonte","16":"pa_size-ml-6584","17":"pa_sweetness-dry","18":"pa_type-2-still","19":"pa_vintage-6684","20":"entry","21":"has-media","23":"first","24":"instock","25":"taxable","26":"shipping-taxable","27":"purchasable","28":"product-type-simple"},"yoast_head":"<!-- This site is optimized with the Yoast SEO plugin v27.5 - https:\/\/yoast.com\/product\/yoast-seo-wordpress\/ -->\n<title>Sottimano Barbaresco Riserva 2013<\/title>\n<meta name=\"description\" content=\"Buy Sottimano Barbaresco Riserva 2013 - a dry Nebbiolo from Piemonte, Italy - at Wein Werte, your sustainable online shop.\" \/>\n<meta name=\"robots\" content=\"index, follow, max-snippet:-1, max-image-preview:large, max-video-preview:-1\" \/>\n<link rel=\"canonical\" href=\"https:\/\/wein-werte.com\/en\/product\/sottimano-barbaresco-riserva-2013-750ml\/\" \/>\n<meta property=\"og:locale\" content=\"en_US\" \/>\n<meta property=\"og:type\" content=\"article\" \/>\n<meta property=\"og:title\" content=\"Sottimano Barbaresco Riserva 2013\" \/>\n<meta property=\"og:description\" content=\"Buy Sottimano Barbaresco Riserva 2013 - a dry Nebbiolo from Piemonte, Italy - at Wein Werte, your sustainable online shop.\" \/>\n<meta property=\"og:url\" content=\"https:\/\/wein-werte.com\/en\/product\/sottimano-barbaresco-riserva-2013-750ml\/\" \/>\n<meta property=\"og:site_name\" content=\"Wein Werte\" \/>\n<meta property=\"og:image\" content=\"https:\/\/wein-werte.com\/wp-content\/uploads\/2026\/04\/Sottimano-Barbaresco-Riserva-2013-750ml.png\" \/>\n\t<meta property=\"og:image:width\" content=\"317\" \/>\n\t<meta property=\"og:image:height\" content=\"1200\" \/>\n\t<meta property=\"og:image:type\" content=\"image\/png\" \/>\n<meta name=\"twitter:card\" content=\"summary_large_image\" \/>\n<meta name=\"twitter:label1\" content=\"Est. reading time\" \/>\n\t<meta name=\"twitter:data1\" content=\"3 minutes\" \/>\n<script type=\"application\/ld+json\" class=\"yoast-schema-graph\">{\"@context\":\"https:\\\/\\\/schema.org\",\"@graph\":[{\"@type\":\"WebPage\",\"@id\":\"https:\\\/\\\/wein-werte.com\\\/en\\\/product\\\/sottimano-barbaresco-riserva-2013-750ml\\\/\",\"url\":\"https:\\\/\\\/wein-werte.com\\\/en\\\/product\\\/sottimano-barbaresco-riserva-2013-750ml\\\/\",\"name\":\"Sottimano Barbaresco Riserva 2013\",\"isPartOf\":{\"@id\":\"https:\\\/\\\/wein-werte.com\\\/de\\\/#website\"},\"primaryImageOfPage\":{\"@id\":\"https:\\\/\\\/wein-werte.com\\\/en\\\/product\\\/sottimano-barbaresco-riserva-2013-750ml\\\/#primaryimage\"},\"image\":{\"@id\":\"https:\\\/\\\/wein-werte.com\\\/en\\\/product\\\/sottimano-barbaresco-riserva-2013-750ml\\\/#primaryimage\"},\"thumbnailUrl\":\"https:\\\/\\\/wein-werte.com\\\/wp-content\\\/uploads\\\/2026\\\/04\\\/Sottimano-Barbaresco-Riserva-2013-750ml.png\",\"datePublished\":\"2026-05-08T18:01:25+00:00\",\"description\":\"Buy Sottimano Barbaresco Riserva 2013 - a dry Nebbiolo from Piemonte, Italy - at Wein Werte, your sustainable online shop.\",\"breadcrumb\":{\"@id\":\"https:\\\/\\\/wein-werte.com\\\/en\\\/product\\\/sottimano-barbaresco-riserva-2013-750ml\\\/#breadcrumb\"},\"inLanguage\":\"en-US\",\"potentialAction\":[{\"@type\":\"ReadAction\",\"target\":[\"https:\\\/\\\/wein-werte.com\\\/en\\\/product\\\/sottimano-barbaresco-riserva-2013-750ml\\\/\"]}]},{\"@type\":\"ImageObject\",\"inLanguage\":\"en-US\",\"@id\":\"https:\\\/\\\/wein-werte.com\\\/en\\\/product\\\/sottimano-barbaresco-riserva-2013-750ml\\\/#primaryimage\",\"url\":\"https:\\\/\\\/wein-werte.com\\\/wp-content\\\/uploads\\\/2026\\\/04\\\/Sottimano-Barbaresco-Riserva-2013-750ml.png\",\"contentUrl\":\"https:\\\/\\\/wein-werte.com\\\/wp-content\\\/uploads\\\/2026\\\/04\\\/Sottimano-Barbaresco-Riserva-2013-750ml.png\",\"width\":317,\"height\":1200,\"caption\":\"Sottimano Barbaresco Riserva DOCG 2013 750ml\"},{\"@type\":\"BreadcrumbList\",\"@id\":\"https:\\\/\\\/wein-werte.com\\\/en\\\/product\\\/sottimano-barbaresco-riserva-2013-750ml\\\/#breadcrumb\",\"itemListElement\":[{\"@type\":\"ListItem\",\"position\":1,\"name\":\"Home\",\"item\":\"https:\\\/\\\/wein-werte.com\\\/en\\\/\"},{\"@type\":\"ListItem\",\"position\":2,\"name\":\"Shop Page\",\"item\":\"https:\\\/\\\/wein-werte.com\\\/en\\\/shop\\\/\"},{\"@type\":\"ListItem\",\"position\":3,\"name\":\"Sottimano | Piemonte | Barbaresco Riserva DOCG | 2013 | 750ml\"}]},{\"@type\":\"WebSite\",\"@id\":\"https:\\\/\\\/wein-werte.com\\\/de\\\/#website\",\"url\":\"https:\\\/\\\/wein-werte.com\\\/de\\\/\",\"name\":\"Wein Werte\",\"description\":\"\",\"publisher\":{\"@id\":\"https:\\\/\\\/wein-werte.com\\\/de\\\/#organization\"},\"potentialAction\":[{\"@type\":\"SearchAction\",\"target\":{\"@type\":\"EntryPoint\",\"urlTemplate\":\"https:\\\/\\\/wein-werte.com\\\/de\\\/?s={search_term_string}\"},\"query-input\":{\"@type\":\"PropertyValueSpecification\",\"valueRequired\":true,\"valueName\":\"search_term_string\"}}],\"inLanguage\":\"en-US\"},{\"@type\":\"Organization\",\"@id\":\"https:\\\/\\\/wein-werte.com\\\/de\\\/#organization\",\"name\":\"Vins Fins Thorrold\",\"url\":\"https:\\\/\\\/wein-werte.com\\\/de\\\/\",\"logo\":{\"@type\":\"ImageObject\",\"inLanguage\":\"en-US\",\"@id\":\"https:\\\/\\\/wein-werte.com\\\/de\\\/#\\\/schema\\\/logo\\\/image\\\/\",\"url\":\"https:\\\/\\\/wein-werte.com\\\/wp-content\\\/uploads\\\/2023\\\/07\\\/Wein_werte_Logo700-1.png\",\"contentUrl\":\"https:\\\/\\\/wein-werte.com\\\/wp-content\\\/uploads\\\/2023\\\/07\\\/Wein_werte_Logo700-1.png\",\"width\":700,\"height\":272,\"caption\":\"Vins Fins Thorrold\"},\"image\":{\"@id\":\"https:\\\/\\\/wein-werte.com\\\/de\\\/#\\\/schema\\\/logo\\\/image\\\/\"}}]}<\/script>\n<!-- \/ Yoast SEO plugin. -->","yoast_head_json":{"title":"Sottimano Barbaresco Riserva 2013","description":"Buy Sottimano Barbaresco Riserva 2013 - a dry Nebbiolo from Piemonte, Italy - at Wein Werte, your sustainable online shop.","robots":{"index":"index","follow":"follow","max-snippet":"max-snippet:-1","max-image-preview":"max-image-preview:large","max-video-preview":"max-video-preview:-1"},"canonical":"https:\/\/wein-werte.com\/en\/product\/sottimano-barbaresco-riserva-2013-750ml\/","og_locale":"en_US","og_type":"article","og_title":"Sottimano Barbaresco Riserva 2013","og_description":"Buy Sottimano Barbaresco Riserva 2013 - a dry Nebbiolo from Piemonte, Italy - at Wein Werte, your sustainable online shop.","og_url":"https:\/\/wein-werte.com\/en\/product\/sottimano-barbaresco-riserva-2013-750ml\/","og_site_name":"Wein Werte","og_image":[{"width":317,"height":1200,"url":"https:\/\/wein-werte.com\/wp-content\/uploads\/2026\/04\/Sottimano-Barbaresco-Riserva-2013-750ml.png","type":"image\/png"}],"twitter_card":"summary_large_image","twitter_misc":{"Est. reading time":"3 minutes"},"schema":{"@context":"https:\/\/schema.org","@graph":[{"@type":"WebPage","@id":"https:\/\/wein-werte.com\/en\/product\/sottimano-barbaresco-riserva-2013-750ml\/","url":"https:\/\/wein-werte.com\/en\/product\/sottimano-barbaresco-riserva-2013-750ml\/","name":"Sottimano Barbaresco Riserva 2013","isPartOf":{"@id":"https:\/\/wein-werte.com\/de\/#website"},"primaryImageOfPage":{"@id":"https:\/\/wein-werte.com\/en\/product\/sottimano-barbaresco-riserva-2013-750ml\/#primaryimage"},"image":{"@id":"https:\/\/wein-werte.com\/en\/product\/sottimano-barbaresco-riserva-2013-750ml\/#primaryimage"},"thumbnailUrl":"https:\/\/wein-werte.com\/wp-content\/uploads\/2026\/04\/Sottimano-Barbaresco-Riserva-2013-750ml.png","datePublished":"2026-05-08T18:01:25+00:00","description":"Buy Sottimano Barbaresco Riserva 2013 - a dry Nebbiolo from Piemonte, Italy - at Wein Werte, your sustainable online shop.","breadcrumb":{"@id":"https:\/\/wein-werte.com\/en\/product\/sottimano-barbaresco-riserva-2013-750ml\/#breadcrumb"},"inLanguage":"en-US","potentialAction":[{"@type":"ReadAction","target":["https:\/\/wein-werte.com\/en\/product\/sottimano-barbaresco-riserva-2013-750ml\/"]}]},{"@type":"ImageObject","inLanguage":"en-US","@id":"https:\/\/wein-werte.com\/en\/product\/sottimano-barbaresco-riserva-2013-750ml\/#primaryimage","url":"https:\/\/wein-werte.com\/wp-content\/uploads\/2026\/04\/Sottimano-Barbaresco-Riserva-2013-750ml.png","contentUrl":"https:\/\/wein-werte.com\/wp-content\/uploads\/2026\/04\/Sottimano-Barbaresco-Riserva-2013-750ml.png","width":317,"height":1200,"caption":"Sottimano Barbaresco Riserva DOCG 2013 750ml"},{"@type":"BreadcrumbList","@id":"https:\/\/wein-werte.com\/en\/product\/sottimano-barbaresco-riserva-2013-750ml\/#breadcrumb","itemListElement":[{"@type":"ListItem","position":1,"name":"Home","item":"https:\/\/wein-werte.com\/en\/"},{"@type":"ListItem","position":2,"name":"Shop Page","item":"https:\/\/wein-werte.com\/en\/shop\/"},{"@type":"ListItem","position":3,"name":"Sottimano | Piemonte | Barbaresco Riserva DOCG | 2013 | 750ml"}]},{"@type":"WebSite","@id":"https:\/\/wein-werte.com\/de\/#website","url":"https:\/\/wein-werte.com\/de\/","name":"Wein Werte","description":"","publisher":{"@id":"https:\/\/wein-werte.com\/de\/#organization"},"potentialAction":[{"@type":"SearchAction","target":{"@type":"EntryPoint","urlTemplate":"https:\/\/wein-werte.com\/de\/?s={search_term_string}"},"query-input":{"@type":"PropertyValueSpecification","valueRequired":true,"valueName":"search_term_string"}}],"inLanguage":"en-US"},{"@type":"Organization","@id":"https:\/\/wein-werte.com\/de\/#organization","name":"Vins Fins Thorrold","url":"https:\/\/wein-werte.com\/de\/","logo":{"@type":"ImageObject","inLanguage":"en-US","@id":"https:\/\/wein-werte.com\/de\/#\/schema\/logo\/image\/","url":"https:\/\/wein-werte.com\/wp-content\/uploads\/2023\/07\/Wein_werte_Logo700-1.png","contentUrl":"https:\/\/wein-werte.com\/wp-content\/uploads\/2023\/07\/Wein_werte_Logo700-1.png","width":700,"height":272,"caption":"Vins Fins Thorrold"},"image":{"@id":"https:\/\/wein-werte.com\/de\/#\/schema\/logo\/image\/"}}]}},"_links":{"self":[{"href":"https:\/\/wein-werte.com\/en\/wp-json\/wp\/v2\/product\/1123786","targetHints":{"allow":["GET"]}}],"collection":[{"href":"https:\/\/wein-werte.com\/en\/wp-json\/wp\/v2\/product"}],"about":[{"href":"https:\/\/wein-werte.com\/en\/wp-json\/wp\/v2\/types\/product"}],"wp:featuredmedia":[{"embeddable":true,"href":"https:\/\/wein-werte.com\/en\/wp-json\/wp\/v2\/media\/1141269"}],"wp:attachment":[{"href":"https:\/\/wein-werte.com\/en\/wp-json\/wp\/v2\/media?parent=1123786"}],"wp:term":[{"taxonomy":"product_brand","embeddable":true,"href":"https:\/\/wein-werte.com\/en\/wp-json\/wp\/v2\/product_brand?post=1123786"},{"taxonomy":"product_cat","embeddable":true,"href":"https:\/\/wein-werte.com\/en\/wp-json\/wp\/v2\/product_cat?post=1123786"},{"taxonomy":"product_tag","embeddable":true,"href":"https:\/\/wein-werte.com\/en\/wp-json\/wp\/v2\/product_tag?post=1123786"}],"curies":[{"name":"wp","href":"https:\/\/api.w.org\/{rel}","templated":true}]}}