{"id":1123578,"date":"2026-05-12T15:43:17","date_gmt":"2026-05-12T13:43:17","guid":{"rendered":"https:\/\/wein-werte.com\/product\/chateau-de-coulaine-chateau-de-coulaine-2023-750ml\/"},"modified":"2026-05-13T15:12:12","modified_gmt":"2026-05-13T13:12:12","slug":"chateau-de-coulaine-chateau-de-coulaine-2023-750ml","status":"publish","type":"product","link":"https:\/\/wein-werte.com\/en\/product\/chateau-de-coulaine-chateau-de-coulaine-2023-750ml\/","title":{"rendered":"Ch\u00e2teau de Coulaine | Loire | Ch\u00e2teau de Coulaine AOC | 2023 | 750ml | bio"},"content":{"rendered":"<p>Product description for Ch\u00e2teau de Coulaine Ch\u00e2teau de Coulaine AOC 2023 (bio)<\/p>\n<h5>Wine Information<\/h5>\n<p> The Chinon is a Cabernet Franc from a blend of different plots on the slopes and plateaus near the ch\u00e2teau. They share a soil of calcareous sand and silt, while the tuff parent rock remains deep below. The Cabernet is aged for ten months in 60-hectoliter concrete cuv\u00e9es. <\/p>\n<h5>Colour<\/h5>\n<p> Crimson red <\/p>\n<h5>Nose<\/h5>\n<p> The simple Chinon from Bonnaventures is full of dark, fresh, juicy fruit and slightly tart, spicy notes. This blend of cassis, sour cherry, blackberry, and barberry, combined with herbs, dry wood, and a hint of black stallion, is immediately tempting. <\/p>\n<h5>Palate<\/h5>\n<p> On the palate, the wine delivers on what you expected from the aroma. The wine is lively, pure, and delicately spicy, with an invigorating acidity and the unadulterated dark, ripe, and juicy fruit of Cabernet Franc. This is a fun drink with character for a relatively low price; the Ch\u00e2teau de Coulaine provides a fine grip and a pleasant crunch, while its tart notes create a tamed wildness.<\/p>\n<p>Copyright Vinaturel 2025<\/p>\n<p>Keywords: <a href=\"https:\/\/wein-werte.com\/shop\/?swoof=1&#038;pa_producer=Ch\u00e2teau-de-Coulaine\">Ch\u00e2teau de Coulaine<\/a> <a href=\"https:\/\/wein-werte.com\/shop\/?swoof=1&#038;woof_text=Ch\u00e2teau de Coulaine AOC\">Ch\u00e2teau de Coulaine AOC<\/a> 2023 bio <a href=\"https:\/\/wein-werte.com\/shop\/?swoof=1&#038;pa_region=Loire\">Loire<\/a> <a href=\"https:\/\/wein-werte.com\/shop\/?swoof=1&#038;pa_country=France\">France<\/a><\/p>\n<h3>Wine Advocate<\/h3>\n<p>Score: 89<\/p>\n<p>Due to be bottled in August, the 2023 Chinon offers up aromas of raspberries, violet, cherries and flowers, followed by a medium-bodied, juicy and round palate with velvety tannins and a long, mouthwatering finish. This is a straightforward Chinon.<br \/>Yohan Castaing<\/p>\n<p>Producer website: <a href=\"https:\/\/www.chateaudecoulaine.com\/en\/\" target=\"_blank\">https:\/\/www.chateaudecoulaine.com\/en\/<\/a><\/p>\n","protected":false},"excerpt":{"rendered":"<div style=\"font-size: 14px;\">\n<p>Delivery time: 1 to 2 working days (DE), 2 to 5 working days (EU and CH)<\/p>\n<p>Approximate energy content per 125ml glass: 105 kcal<\/p>\n<\/p><\/div>\n","protected":false},"featured_media":1140577,"template":"","meta":[],"product_brand":[],"product_cat":[19],"product_tag":[],"class_list":{"0":"post-1123578","1":"product","2":"type-product","3":"status-publish","4":"has-post-thumbnail","6":"product_cat-unkategorisiert","7":"pa_alcohol-for-filter-12-5","8":"pa_certified-biodynamic-no","9":"pa_certified-organic-yes","10":"pa_colour-red","11":"pa_country-france","12":"pa_grape-cabernet-franc","13":"pa_parker-points-for-filter-16137","14":"pa_price-for-filter-10581","15":"pa_producer-chateau-de-coulaine","16":"pa_region-loire","17":"pa_size-ml-6584","18":"pa_sweetness-dry","19":"pa_type-2-still","20":"pa_vintage-12619","21":"entry","22":"has-media","24":"first","25":"instock","26":"taxable","27":"shipping-taxable","28":"purchasable","29":"product-type-simple"},"yoast_head":"<!-- This site is optimized with the Yoast SEO plugin v27.6 - https:\/\/yoast.com\/product\/yoast-seo-wordpress\/ -->\n<title>Ch\u00e2teau de Coulaine Ch\u00e2teau de Coulaine 2023 750ml<\/title>\n<meta name=\"description\" content=\"Buy Ch\u00e2teau de Coulaine Ch\u00e2teau de Coulaine 2023 - a dry Cabernet Franc from Loire, France - at Wein Werte, your sustainable online shop.\" \/>\n<meta name=\"robots\" content=\"index, follow, max-snippet:-1, max-image-preview:large, max-video-preview:-1\" \/>\n<link rel=\"canonical\" href=\"https:\/\/wein-werte.com\/en\/product\/chateau-de-coulaine-chateau-de-coulaine-2023-750ml\/\" \/>\n<meta property=\"og:locale\" content=\"en_US\" \/>\n<meta property=\"og:type\" content=\"article\" \/>\n<meta property=\"og:title\" content=\"Ch\u00e2teau de Coulaine Ch\u00e2teau de Coulaine 2023 750ml\" \/>\n<meta property=\"og:description\" content=\"Buy Ch\u00e2teau de Coulaine Ch\u00e2teau de Coulaine 2023 - a dry Cabernet Franc from Loire, France - at Wein Werte, your sustainable online shop.\" \/>\n<meta property=\"og:url\" content=\"https:\/\/wein-werte.com\/en\/product\/chateau-de-coulaine-chateau-de-coulaine-2023-750ml\/\" \/>\n<meta property=\"og:site_name\" content=\"Wein Werte\" \/>\n<meta property=\"article:modified_time\" content=\"2026-05-13T13:12:12+00:00\" \/>\n<meta property=\"og:image\" content=\"https:\/\/wein-werte.com\/wp-content\/uploads\/2026\/04\/Chateau-de-Coulaine-Chateau-de-Coulaine-2023-750ml.png\" \/>\n\t<meta property=\"og:image:width\" content=\"320\" \/>\n\t<meta property=\"og:image:height\" content=\"1200\" \/>\n\t<meta property=\"og:image:type\" content=\"image\/png\" \/>\n<meta name=\"twitter:card\" content=\"summary_large_image\" \/>\n<meta name=\"twitter:label1\" content=\"Est. reading time\" \/>\n\t<meta name=\"twitter:data1\" content=\"1 minute\" \/>\n<script type=\"application\/ld+json\" class=\"yoast-schema-graph\">{\"@context\":\"https:\\\/\\\/schema.org\",\"@graph\":[{\"@type\":\"WebPage\",\"@id\":\"https:\\\/\\\/wein-werte.com\\\/en\\\/product\\\/chateau-de-coulaine-chateau-de-coulaine-2023-750ml\\\/\",\"url\":\"https:\\\/\\\/wein-werte.com\\\/en\\\/product\\\/chateau-de-coulaine-chateau-de-coulaine-2023-750ml\\\/\",\"name\":\"Ch\u00e2teau de Coulaine Ch\u00e2teau de Coulaine 2023 750ml\",\"isPartOf\":{\"@id\":\"https:\\\/\\\/wein-werte.com\\\/de\\\/#website\"},\"primaryImageOfPage\":{\"@id\":\"https:\\\/\\\/wein-werte.com\\\/en\\\/product\\\/chateau-de-coulaine-chateau-de-coulaine-2023-750ml\\\/#primaryimage\"},\"image\":{\"@id\":\"https:\\\/\\\/wein-werte.com\\\/en\\\/product\\\/chateau-de-coulaine-chateau-de-coulaine-2023-750ml\\\/#primaryimage\"},\"thumbnailUrl\":\"https:\\\/\\\/wein-werte.com\\\/wp-content\\\/uploads\\\/2026\\\/04\\\/Chateau-de-Coulaine-Chateau-de-Coulaine-2023-750ml.png\",\"datePublished\":\"2026-05-12T13:43:17+00:00\",\"dateModified\":\"2026-05-13T13:12:12+00:00\",\"description\":\"Buy Ch\u00e2teau de Coulaine Ch\u00e2teau de Coulaine 2023 - a dry Cabernet Franc from Loire, France - at Wein Werte, your sustainable online shop.\",\"breadcrumb\":{\"@id\":\"https:\\\/\\\/wein-werte.com\\\/en\\\/product\\\/chateau-de-coulaine-chateau-de-coulaine-2023-750ml\\\/#breadcrumb\"},\"inLanguage\":\"en-US\",\"potentialAction\":[{\"@type\":\"ReadAction\",\"target\":[\"https:\\\/\\\/wein-werte.com\\\/en\\\/product\\\/chateau-de-coulaine-chateau-de-coulaine-2023-750ml\\\/\"]}]},{\"@type\":\"ImageObject\",\"inLanguage\":\"en-US\",\"@id\":\"https:\\\/\\\/wein-werte.com\\\/en\\\/product\\\/chateau-de-coulaine-chateau-de-coulaine-2023-750ml\\\/#primaryimage\",\"url\":\"https:\\\/\\\/wein-werte.com\\\/wp-content\\\/uploads\\\/2026\\\/04\\\/Chateau-de-Coulaine-Chateau-de-Coulaine-2023-750ml.png\",\"contentUrl\":\"https:\\\/\\\/wein-werte.com\\\/wp-content\\\/uploads\\\/2026\\\/04\\\/Chateau-de-Coulaine-Chateau-de-Coulaine-2023-750ml.png\",\"width\":320,\"height\":1200,\"caption\":\"Ch\u00e2teau de Coulaine Ch\u00e2teau de Coulaine AOC 2023 750ml\"},{\"@type\":\"BreadcrumbList\",\"@id\":\"https:\\\/\\\/wein-werte.com\\\/en\\\/product\\\/chateau-de-coulaine-chateau-de-coulaine-2023-750ml\\\/#breadcrumb\",\"itemListElement\":[{\"@type\":\"ListItem\",\"position\":1,\"name\":\"Home\",\"item\":\"https:\\\/\\\/wein-werte.com\\\/en\\\/\"},{\"@type\":\"ListItem\",\"position\":2,\"name\":\"Shop Page\",\"item\":\"https:\\\/\\\/wein-werte.com\\\/en\\\/shop\\\/\"},{\"@type\":\"ListItem\",\"position\":3,\"name\":\"Ch\u00e2teau de Coulaine | Loire | Ch\u00e2teau de Coulaine AOC | 2023 | 750ml | bio\"}]},{\"@type\":\"WebSite\",\"@id\":\"https:\\\/\\\/wein-werte.com\\\/de\\\/#website\",\"url\":\"https:\\\/\\\/wein-werte.com\\\/de\\\/\",\"name\":\"Wein Werte\",\"description\":\"\",\"publisher\":{\"@id\":\"https:\\\/\\\/wein-werte.com\\\/de\\\/#organization\"},\"potentialAction\":[{\"@type\":\"SearchAction\",\"target\":{\"@type\":\"EntryPoint\",\"urlTemplate\":\"https:\\\/\\\/wein-werte.com\\\/de\\\/?s={search_term_string}\"},\"query-input\":{\"@type\":\"PropertyValueSpecification\",\"valueRequired\":true,\"valueName\":\"search_term_string\"}}],\"inLanguage\":\"en-US\"},{\"@type\":\"Organization\",\"@id\":\"https:\\\/\\\/wein-werte.com\\\/de\\\/#organization\",\"name\":\"Vins Fins Thorrold\",\"url\":\"https:\\\/\\\/wein-werte.com\\\/de\\\/\",\"logo\":{\"@type\":\"ImageObject\",\"inLanguage\":\"en-US\",\"@id\":\"https:\\\/\\\/wein-werte.com\\\/de\\\/#\\\/schema\\\/logo\\\/image\\\/\",\"url\":\"https:\\\/\\\/wein-werte.com\\\/wp-content\\\/uploads\\\/2023\\\/07\\\/Wein_werte_Logo700-1.png\",\"contentUrl\":\"https:\\\/\\\/wein-werte.com\\\/wp-content\\\/uploads\\\/2023\\\/07\\\/Wein_werte_Logo700-1.png\",\"width\":700,\"height\":272,\"caption\":\"Vins Fins Thorrold\"},\"image\":{\"@id\":\"https:\\\/\\\/wein-werte.com\\\/de\\\/#\\\/schema\\\/logo\\\/image\\\/\"}}]}<\/script>\n<!-- \/ Yoast SEO plugin. -->","yoast_head_json":{"title":"Ch\u00e2teau de Coulaine Ch\u00e2teau de Coulaine 2023 750ml","description":"Buy Ch\u00e2teau de Coulaine Ch\u00e2teau de Coulaine 2023 - a dry Cabernet Franc from Loire, France - at Wein Werte, your sustainable online shop.","robots":{"index":"index","follow":"follow","max-snippet":"max-snippet:-1","max-image-preview":"max-image-preview:large","max-video-preview":"max-video-preview:-1"},"canonical":"https:\/\/wein-werte.com\/en\/product\/chateau-de-coulaine-chateau-de-coulaine-2023-750ml\/","og_locale":"en_US","og_type":"article","og_title":"Ch\u00e2teau de Coulaine Ch\u00e2teau de Coulaine 2023 750ml","og_description":"Buy Ch\u00e2teau de Coulaine Ch\u00e2teau de Coulaine 2023 - a dry Cabernet Franc from Loire, France - at Wein Werte, your sustainable online shop.","og_url":"https:\/\/wein-werte.com\/en\/product\/chateau-de-coulaine-chateau-de-coulaine-2023-750ml\/","og_site_name":"Wein Werte","article_modified_time":"2026-05-13T13:12:12+00:00","og_image":[{"width":320,"height":1200,"url":"https:\/\/wein-werte.com\/wp-content\/uploads\/2026\/04\/Chateau-de-Coulaine-Chateau-de-Coulaine-2023-750ml.png","type":"image\/png"}],"twitter_card":"summary_large_image","twitter_misc":{"Est. reading time":"1 minute"},"schema":{"@context":"https:\/\/schema.org","@graph":[{"@type":"WebPage","@id":"https:\/\/wein-werte.com\/en\/product\/chateau-de-coulaine-chateau-de-coulaine-2023-750ml\/","url":"https:\/\/wein-werte.com\/en\/product\/chateau-de-coulaine-chateau-de-coulaine-2023-750ml\/","name":"Ch\u00e2teau de Coulaine Ch\u00e2teau de Coulaine 2023 750ml","isPartOf":{"@id":"https:\/\/wein-werte.com\/de\/#website"},"primaryImageOfPage":{"@id":"https:\/\/wein-werte.com\/en\/product\/chateau-de-coulaine-chateau-de-coulaine-2023-750ml\/#primaryimage"},"image":{"@id":"https:\/\/wein-werte.com\/en\/product\/chateau-de-coulaine-chateau-de-coulaine-2023-750ml\/#primaryimage"},"thumbnailUrl":"https:\/\/wein-werte.com\/wp-content\/uploads\/2026\/04\/Chateau-de-Coulaine-Chateau-de-Coulaine-2023-750ml.png","datePublished":"2026-05-12T13:43:17+00:00","dateModified":"2026-05-13T13:12:12+00:00","description":"Buy Ch\u00e2teau de Coulaine Ch\u00e2teau de Coulaine 2023 - a dry Cabernet Franc from Loire, France - at Wein Werte, your sustainable online shop.","breadcrumb":{"@id":"https:\/\/wein-werte.com\/en\/product\/chateau-de-coulaine-chateau-de-coulaine-2023-750ml\/#breadcrumb"},"inLanguage":"en-US","potentialAction":[{"@type":"ReadAction","target":["https:\/\/wein-werte.com\/en\/product\/chateau-de-coulaine-chateau-de-coulaine-2023-750ml\/"]}]},{"@type":"ImageObject","inLanguage":"en-US","@id":"https:\/\/wein-werte.com\/en\/product\/chateau-de-coulaine-chateau-de-coulaine-2023-750ml\/#primaryimage","url":"https:\/\/wein-werte.com\/wp-content\/uploads\/2026\/04\/Chateau-de-Coulaine-Chateau-de-Coulaine-2023-750ml.png","contentUrl":"https:\/\/wein-werte.com\/wp-content\/uploads\/2026\/04\/Chateau-de-Coulaine-Chateau-de-Coulaine-2023-750ml.png","width":320,"height":1200,"caption":"Ch\u00e2teau de Coulaine Ch\u00e2teau de Coulaine AOC 2023 750ml"},{"@type":"BreadcrumbList","@id":"https:\/\/wein-werte.com\/en\/product\/chateau-de-coulaine-chateau-de-coulaine-2023-750ml\/#breadcrumb","itemListElement":[{"@type":"ListItem","position":1,"name":"Home","item":"https:\/\/wein-werte.com\/en\/"},{"@type":"ListItem","position":2,"name":"Shop Page","item":"https:\/\/wein-werte.com\/en\/shop\/"},{"@type":"ListItem","position":3,"name":"Ch\u00e2teau de Coulaine | Loire | Ch\u00e2teau de Coulaine AOC | 2023 | 750ml | bio"}]},{"@type":"WebSite","@id":"https:\/\/wein-werte.com\/de\/#website","url":"https:\/\/wein-werte.com\/de\/","name":"Wein Werte","description":"","publisher":{"@id":"https:\/\/wein-werte.com\/de\/#organization"},"potentialAction":[{"@type":"SearchAction","target":{"@type":"EntryPoint","urlTemplate":"https:\/\/wein-werte.com\/de\/?s={search_term_string}"},"query-input":{"@type":"PropertyValueSpecification","valueRequired":true,"valueName":"search_term_string"}}],"inLanguage":"en-US"},{"@type":"Organization","@id":"https:\/\/wein-werte.com\/de\/#organization","name":"Vins Fins Thorrold","url":"https:\/\/wein-werte.com\/de\/","logo":{"@type":"ImageObject","inLanguage":"en-US","@id":"https:\/\/wein-werte.com\/de\/#\/schema\/logo\/image\/","url":"https:\/\/wein-werte.com\/wp-content\/uploads\/2023\/07\/Wein_werte_Logo700-1.png","contentUrl":"https:\/\/wein-werte.com\/wp-content\/uploads\/2023\/07\/Wein_werte_Logo700-1.png","width":700,"height":272,"caption":"Vins Fins Thorrold"},"image":{"@id":"https:\/\/wein-werte.com\/de\/#\/schema\/logo\/image\/"}}]}},"_links":{"self":[{"href":"https:\/\/wein-werte.com\/en\/wp-json\/wp\/v2\/product\/1123578","targetHints":{"allow":["GET"]}}],"collection":[{"href":"https:\/\/wein-werte.com\/en\/wp-json\/wp\/v2\/product"}],"about":[{"href":"https:\/\/wein-werte.com\/en\/wp-json\/wp\/v2\/types\/product"}],"wp:featuredmedia":[{"embeddable":true,"href":"https:\/\/wein-werte.com\/en\/wp-json\/wp\/v2\/media\/1140577"}],"wp:attachment":[{"href":"https:\/\/wein-werte.com\/en\/wp-json\/wp\/v2\/media?parent=1123578"}],"wp:term":[{"taxonomy":"product_brand","embeddable":true,"href":"https:\/\/wein-werte.com\/en\/wp-json\/wp\/v2\/product_brand?post=1123578"},{"taxonomy":"product_cat","embeddable":true,"href":"https:\/\/wein-werte.com\/en\/wp-json\/wp\/v2\/product_cat?post=1123578"},{"taxonomy":"product_tag","embeddable":true,"href":"https:\/\/wein-werte.com\/en\/wp-json\/wp\/v2\/product_tag?post=1123578"}],"curies":[{"name":"wp","href":"https:\/\/api.w.org\/{rel}","templated":true}]}}