{"id":1123514,"date":"2026-05-08T20:00:07","date_gmt":"2026-05-08T18:00:07","guid":{"rendered":"https:\/\/wein-werte.com\/product\/henri-et-gilles-buisson-bourgogne-aligote-pierre-percee-2022-750ml\/"},"modified":"2026-05-08T20:00:07","modified_gmt":"2026-05-08T18:00:07","slug":"henri-et-gilles-buisson-bourgogne-aligote-pierre-percee-2022-750ml","status":"publish","type":"product","link":"https:\/\/wein-werte.com\/en\/product\/henri-et-gilles-buisson-bourgogne-aligote-pierre-percee-2022-750ml\/","title":{"rendered":"Henri &#038; Gilles Buisson | Burgundy | Bourgogne Aligot\u00e9 &#8220;Pierre Perc\u00e9e&#8221; AOC | 2022 | 750ml | bio"},"content":{"rendered":"<p>Product description for Henri &#038; Gilles Buisson Bourgogne Aligot\u00e9 &#8220;Pierre Perc\u00e9e&#8221; AOC 2022 (bio)<\/p>\n<h5>Information<\/h5>\n<p> The vineyards of the Pierre Perc\u00e9e site are located on a limestone subsoil, complemented by marl and clay. Planted in 1978, the Aligot\u00e9 grows quite high on the slope. Aging took place on the full lees in used barrels with a small proportion of new wood. The wine was tasted daily, and the barrels were racked when Fr\u00e9d\u00e9ric Buisson deemed it appropriate. It was fined with bentonite and filtered very coarsely. Sulfur was added only at bottling, with a maximum total sulfite content of 40 to 50 mg\/l. 2022 is the first year this wine will be bottled. Previously, it was always sold in barrels. <\/p>\n<h5>Colour<\/h5>\n<p> light platinum <\/p>\n<h5>Nose<\/h5>\n<p> The Bourgone Aligot\u00e9 evokes notes of lemons, lemon peel, greengages, and apples, blending with tahini and some nuts. The wine appears fresh and firm with a light tannin. <\/p>\n<h5>Palate<\/h5>\n<p> On the palate, the wine is mineral and mouthwateringly salty, with a little but precise fruit, primarily from the aforementioned lemons, lemon peel, greengages, and apples. Here, too, the wine has a nutty flavour, but above all, a touch of iodine and flint, with a wonderful crunch on the palate: it fizzes, there&#8217;s a very slight yeasty sweetness, and then the wine runs down the throat, bone dry.<\/p>\n<p>Copyright Vinaturel 2025<\/p>\n<p>Keywords: <a href=\"https:\/\/wein-werte.com\/shop\/?swoof=1&#038;pa_producer=Henri-&#038;-Gilles-Buisson\">Henri &#038; Gilles Buisson<\/a> <a href=\"https:\/\/wein-werte.com\/shop\/?swoof=1&#038;woof_text=Bourgogne Aligot\u00e9 \"Pierre Perc\u00e9e\" AOC\">Bourgogne Aligot\u00e9 &#8220;Pierre Perc\u00e9e&#8221; AOC<\/a> 2022 bio <a href=\"https:\/\/wein-werte.com\/shop\/?swoof=1&#038;pa_region=Burgundy\">Burgundy<\/a> <a href=\"https:\/\/wein-werte.com\/shop\/?swoof=1&#038;pa_country=France\">France<\/a><\/p>\n<p>Producer website: <a href=\"https:\/\/www.domaine-buisson.com\/\" target=\"_blank\">https:\/\/www.domaine-buisson.com\/<\/a><\/p>\n","protected":false},"excerpt":{"rendered":"<p>Delivery time: 1 to 2 working days (DE), 2 to 5 working days (EU and CH)<\/p>\n","protected":false},"featured_media":1140329,"template":"","meta":[],"product_brand":[],"product_cat":[19],"product_tag":[],"class_list":{"0":"post-1123514","1":"product","2":"type-product","3":"status-publish","4":"has-post-thumbnail","6":"product_cat-unkategorisiert","7":"pa_alcohol-for-filter-12893","8":"pa_certified-biodynamic-yes","9":"pa_certified-organic-yes","10":"pa_colour-white","11":"pa_country-france","12":"pa_grape-aligote","13":"pa_price-for-filter-10584","14":"pa_producer-henri-gilles-buisson","15":"pa_region-burgundy","16":"pa_size-ml-6584","17":"pa_sweetness-dry","18":"pa_type-2-still","19":"pa_vintage-9698","20":"entry","21":"has-media","23":"first","24":"instock","25":"taxable","26":"shipping-taxable","27":"purchasable","28":"product-type-simple"},"yoast_head":"<!-- This site is optimized with the Yoast SEO plugin v27.5 - https:\/\/yoast.com\/product\/yoast-seo-wordpress\/ -->\n<title>Henri &amp; Gilles Buisson Bourgogne Aligot\u00e9 &quot;Pierre Perc\u00e9e&quot; 2022<\/title>\n<meta name=\"description\" content=\"Buy Henri &amp; Gilles Buisson Bourgogne Aligot\u00e9 &quot;Pierre Perc\u00e9e&quot; 2022 - a dry Aligot\u00e9 from Burgundy, France - at Wein Werte, your sustainable online shop.\" \/>\n<meta name=\"robots\" content=\"index, follow, max-snippet:-1, max-image-preview:large, max-video-preview:-1\" \/>\n<link rel=\"canonical\" href=\"https:\/\/wein-werte.com\/en\/product\/henri-et-gilles-buisson-bourgogne-aligote-pierre-percee-2022-750ml\/\" \/>\n<meta property=\"og:locale\" content=\"en_US\" \/>\n<meta property=\"og:type\" content=\"article\" \/>\n<meta property=\"og:title\" content=\"Henri &amp; Gilles Buisson Bourgogne Aligot\u00e9 &quot;Pierre Perc\u00e9e&quot; 2022\" \/>\n<meta property=\"og:description\" content=\"Buy Henri &amp; Gilles Buisson Bourgogne Aligot\u00e9 &quot;Pierre Perc\u00e9e&quot; 2022 - a dry Aligot\u00e9 from Burgundy, France - at Wein Werte, your sustainable online shop.\" \/>\n<meta property=\"og:url\" content=\"https:\/\/wein-werte.com\/en\/product\/henri-et-gilles-buisson-bourgogne-aligote-pierre-percee-2022-750ml\/\" \/>\n<meta property=\"og:site_name\" content=\"Wein Werte\" \/>\n<meta property=\"og:image\" content=\"https:\/\/wein-werte.com\/wp-content\/uploads\/2026\/04\/Henri-et-Gilles-Buisson-Bourgogne-Aligote-Pierre-Percee-2022-750ml.png\" \/>\n\t<meta property=\"og:image:width\" content=\"327\" \/>\n\t<meta property=\"og:image:height\" content=\"1200\" \/>\n\t<meta property=\"og:image:type\" content=\"image\/png\" \/>\n<meta name=\"twitter:card\" content=\"summary_large_image\" \/>\n<meta name=\"twitter:label1\" content=\"Est. reading time\" \/>\n\t<meta name=\"twitter:data1\" content=\"1 minute\" \/>\n<script type=\"application\/ld+json\" class=\"yoast-schema-graph\">{\"@context\":\"https:\\\/\\\/schema.org\",\"@graph\":[{\"@type\":\"WebPage\",\"@id\":\"https:\\\/\\\/wein-werte.com\\\/en\\\/product\\\/henri-et-gilles-buisson-bourgogne-aligote-pierre-percee-2022-750ml\\\/\",\"url\":\"https:\\\/\\\/wein-werte.com\\\/en\\\/product\\\/henri-et-gilles-buisson-bourgogne-aligote-pierre-percee-2022-750ml\\\/\",\"name\":\"Henri & Gilles Buisson Bourgogne Aligot\u00e9 \\\"Pierre Perc\u00e9e\\\" 2022\",\"isPartOf\":{\"@id\":\"https:\\\/\\\/wein-werte.com\\\/de\\\/#website\"},\"primaryImageOfPage\":{\"@id\":\"https:\\\/\\\/wein-werte.com\\\/en\\\/product\\\/henri-et-gilles-buisson-bourgogne-aligote-pierre-percee-2022-750ml\\\/#primaryimage\"},\"image\":{\"@id\":\"https:\\\/\\\/wein-werte.com\\\/en\\\/product\\\/henri-et-gilles-buisson-bourgogne-aligote-pierre-percee-2022-750ml\\\/#primaryimage\"},\"thumbnailUrl\":\"https:\\\/\\\/wein-werte.com\\\/wp-content\\\/uploads\\\/2026\\\/04\\\/Henri-et-Gilles-Buisson-Bourgogne-Aligote-Pierre-Percee-2022-750ml.png\",\"datePublished\":\"2026-05-08T18:00:07+00:00\",\"description\":\"Buy Henri & Gilles Buisson Bourgogne Aligot\u00e9 \\\"Pierre Perc\u00e9e\\\" 2022 - a dry Aligot\u00e9 from Burgundy, France - at Wein Werte, your sustainable online shop.\",\"breadcrumb\":{\"@id\":\"https:\\\/\\\/wein-werte.com\\\/en\\\/product\\\/henri-et-gilles-buisson-bourgogne-aligote-pierre-percee-2022-750ml\\\/#breadcrumb\"},\"inLanguage\":\"en-US\",\"potentialAction\":[{\"@type\":\"ReadAction\",\"target\":[\"https:\\\/\\\/wein-werte.com\\\/en\\\/product\\\/henri-et-gilles-buisson-bourgogne-aligote-pierre-percee-2022-750ml\\\/\"]}]},{\"@type\":\"ImageObject\",\"inLanguage\":\"en-US\",\"@id\":\"https:\\\/\\\/wein-werte.com\\\/en\\\/product\\\/henri-et-gilles-buisson-bourgogne-aligote-pierre-percee-2022-750ml\\\/#primaryimage\",\"url\":\"https:\\\/\\\/wein-werte.com\\\/wp-content\\\/uploads\\\/2026\\\/04\\\/Henri-et-Gilles-Buisson-Bourgogne-Aligote-Pierre-Percee-2022-750ml.png\",\"contentUrl\":\"https:\\\/\\\/wein-werte.com\\\/wp-content\\\/uploads\\\/2026\\\/04\\\/Henri-et-Gilles-Buisson-Bourgogne-Aligote-Pierre-Percee-2022-750ml.png\",\"width\":327,\"height\":1200,\"caption\":\"Henri & Gilles Buisson Bourgogne Aligot\u00e9 \\\"Pierre Perc\u00e9e\\\" AOC 2022 750ml\"},{\"@type\":\"BreadcrumbList\",\"@id\":\"https:\\\/\\\/wein-werte.com\\\/en\\\/product\\\/henri-et-gilles-buisson-bourgogne-aligote-pierre-percee-2022-750ml\\\/#breadcrumb\",\"itemListElement\":[{\"@type\":\"ListItem\",\"position\":1,\"name\":\"Home\",\"item\":\"https:\\\/\\\/wein-werte.com\\\/en\\\/\"},{\"@type\":\"ListItem\",\"position\":2,\"name\":\"Shop Page\",\"item\":\"https:\\\/\\\/wein-werte.com\\\/en\\\/shop\\\/\"},{\"@type\":\"ListItem\",\"position\":3,\"name\":\"Henri &#038; Gilles Buisson | Burgundy | Bourgogne Aligot\u00e9 &#8220;Pierre Perc\u00e9e&#8221; AOC | 2022 | 750ml | bio\"}]},{\"@type\":\"WebSite\",\"@id\":\"https:\\\/\\\/wein-werte.com\\\/de\\\/#website\",\"url\":\"https:\\\/\\\/wein-werte.com\\\/de\\\/\",\"name\":\"Wein Werte\",\"description\":\"\",\"publisher\":{\"@id\":\"https:\\\/\\\/wein-werte.com\\\/de\\\/#organization\"},\"potentialAction\":[{\"@type\":\"SearchAction\",\"target\":{\"@type\":\"EntryPoint\",\"urlTemplate\":\"https:\\\/\\\/wein-werte.com\\\/de\\\/?s={search_term_string}\"},\"query-input\":{\"@type\":\"PropertyValueSpecification\",\"valueRequired\":true,\"valueName\":\"search_term_string\"}}],\"inLanguage\":\"en-US\"},{\"@type\":\"Organization\",\"@id\":\"https:\\\/\\\/wein-werte.com\\\/de\\\/#organization\",\"name\":\"Vins Fins Thorrold\",\"url\":\"https:\\\/\\\/wein-werte.com\\\/de\\\/\",\"logo\":{\"@type\":\"ImageObject\",\"inLanguage\":\"en-US\",\"@id\":\"https:\\\/\\\/wein-werte.com\\\/de\\\/#\\\/schema\\\/logo\\\/image\\\/\",\"url\":\"https:\\\/\\\/wein-werte.com\\\/wp-content\\\/uploads\\\/2023\\\/07\\\/Wein_werte_Logo700-1.png\",\"contentUrl\":\"https:\\\/\\\/wein-werte.com\\\/wp-content\\\/uploads\\\/2023\\\/07\\\/Wein_werte_Logo700-1.png\",\"width\":700,\"height\":272,\"caption\":\"Vins Fins Thorrold\"},\"image\":{\"@id\":\"https:\\\/\\\/wein-werte.com\\\/de\\\/#\\\/schema\\\/logo\\\/image\\\/\"}}]}<\/script>\n<!-- \/ Yoast SEO plugin. -->","yoast_head_json":{"title":"Henri & Gilles Buisson Bourgogne Aligot\u00e9 \"Pierre Perc\u00e9e\" 2022","description":"Buy Henri & Gilles Buisson Bourgogne Aligot\u00e9 \"Pierre Perc\u00e9e\" 2022 - a dry Aligot\u00e9 from Burgundy, France - at Wein Werte, your sustainable online shop.","robots":{"index":"index","follow":"follow","max-snippet":"max-snippet:-1","max-image-preview":"max-image-preview:large","max-video-preview":"max-video-preview:-1"},"canonical":"https:\/\/wein-werte.com\/en\/product\/henri-et-gilles-buisson-bourgogne-aligote-pierre-percee-2022-750ml\/","og_locale":"en_US","og_type":"article","og_title":"Henri & Gilles Buisson Bourgogne Aligot\u00e9 \"Pierre Perc\u00e9e\" 2022","og_description":"Buy Henri & Gilles Buisson Bourgogne Aligot\u00e9 \"Pierre Perc\u00e9e\" 2022 - a dry Aligot\u00e9 from Burgundy, France - at Wein Werte, your sustainable online shop.","og_url":"https:\/\/wein-werte.com\/en\/product\/henri-et-gilles-buisson-bourgogne-aligote-pierre-percee-2022-750ml\/","og_site_name":"Wein Werte","og_image":[{"width":327,"height":1200,"url":"https:\/\/wein-werte.com\/wp-content\/uploads\/2026\/04\/Henri-et-Gilles-Buisson-Bourgogne-Aligote-Pierre-Percee-2022-750ml.png","type":"image\/png"}],"twitter_card":"summary_large_image","twitter_misc":{"Est. reading time":"1 minute"},"schema":{"@context":"https:\/\/schema.org","@graph":[{"@type":"WebPage","@id":"https:\/\/wein-werte.com\/en\/product\/henri-et-gilles-buisson-bourgogne-aligote-pierre-percee-2022-750ml\/","url":"https:\/\/wein-werte.com\/en\/product\/henri-et-gilles-buisson-bourgogne-aligote-pierre-percee-2022-750ml\/","name":"Henri & Gilles Buisson Bourgogne Aligot\u00e9 \"Pierre Perc\u00e9e\" 2022","isPartOf":{"@id":"https:\/\/wein-werte.com\/de\/#website"},"primaryImageOfPage":{"@id":"https:\/\/wein-werte.com\/en\/product\/henri-et-gilles-buisson-bourgogne-aligote-pierre-percee-2022-750ml\/#primaryimage"},"image":{"@id":"https:\/\/wein-werte.com\/en\/product\/henri-et-gilles-buisson-bourgogne-aligote-pierre-percee-2022-750ml\/#primaryimage"},"thumbnailUrl":"https:\/\/wein-werte.com\/wp-content\/uploads\/2026\/04\/Henri-et-Gilles-Buisson-Bourgogne-Aligote-Pierre-Percee-2022-750ml.png","datePublished":"2026-05-08T18:00:07+00:00","description":"Buy Henri & Gilles Buisson Bourgogne Aligot\u00e9 \"Pierre Perc\u00e9e\" 2022 - a dry Aligot\u00e9 from Burgundy, France - at Wein Werte, your sustainable online shop.","breadcrumb":{"@id":"https:\/\/wein-werte.com\/en\/product\/henri-et-gilles-buisson-bourgogne-aligote-pierre-percee-2022-750ml\/#breadcrumb"},"inLanguage":"en-US","potentialAction":[{"@type":"ReadAction","target":["https:\/\/wein-werte.com\/en\/product\/henri-et-gilles-buisson-bourgogne-aligote-pierre-percee-2022-750ml\/"]}]},{"@type":"ImageObject","inLanguage":"en-US","@id":"https:\/\/wein-werte.com\/en\/product\/henri-et-gilles-buisson-bourgogne-aligote-pierre-percee-2022-750ml\/#primaryimage","url":"https:\/\/wein-werte.com\/wp-content\/uploads\/2026\/04\/Henri-et-Gilles-Buisson-Bourgogne-Aligote-Pierre-Percee-2022-750ml.png","contentUrl":"https:\/\/wein-werte.com\/wp-content\/uploads\/2026\/04\/Henri-et-Gilles-Buisson-Bourgogne-Aligote-Pierre-Percee-2022-750ml.png","width":327,"height":1200,"caption":"Henri & Gilles Buisson Bourgogne Aligot\u00e9 \"Pierre Perc\u00e9e\" AOC 2022 750ml"},{"@type":"BreadcrumbList","@id":"https:\/\/wein-werte.com\/en\/product\/henri-et-gilles-buisson-bourgogne-aligote-pierre-percee-2022-750ml\/#breadcrumb","itemListElement":[{"@type":"ListItem","position":1,"name":"Home","item":"https:\/\/wein-werte.com\/en\/"},{"@type":"ListItem","position":2,"name":"Shop Page","item":"https:\/\/wein-werte.com\/en\/shop\/"},{"@type":"ListItem","position":3,"name":"Henri &#038; Gilles Buisson | Burgundy | Bourgogne Aligot\u00e9 &#8220;Pierre Perc\u00e9e&#8221; AOC | 2022 | 750ml | bio"}]},{"@type":"WebSite","@id":"https:\/\/wein-werte.com\/de\/#website","url":"https:\/\/wein-werte.com\/de\/","name":"Wein Werte","description":"","publisher":{"@id":"https:\/\/wein-werte.com\/de\/#organization"},"potentialAction":[{"@type":"SearchAction","target":{"@type":"EntryPoint","urlTemplate":"https:\/\/wein-werte.com\/de\/?s={search_term_string}"},"query-input":{"@type":"PropertyValueSpecification","valueRequired":true,"valueName":"search_term_string"}}],"inLanguage":"en-US"},{"@type":"Organization","@id":"https:\/\/wein-werte.com\/de\/#organization","name":"Vins Fins Thorrold","url":"https:\/\/wein-werte.com\/de\/","logo":{"@type":"ImageObject","inLanguage":"en-US","@id":"https:\/\/wein-werte.com\/de\/#\/schema\/logo\/image\/","url":"https:\/\/wein-werte.com\/wp-content\/uploads\/2023\/07\/Wein_werte_Logo700-1.png","contentUrl":"https:\/\/wein-werte.com\/wp-content\/uploads\/2023\/07\/Wein_werte_Logo700-1.png","width":700,"height":272,"caption":"Vins Fins Thorrold"},"image":{"@id":"https:\/\/wein-werte.com\/de\/#\/schema\/logo\/image\/"}}]}},"_links":{"self":[{"href":"https:\/\/wein-werte.com\/en\/wp-json\/wp\/v2\/product\/1123514","targetHints":{"allow":["GET"]}}],"collection":[{"href":"https:\/\/wein-werte.com\/en\/wp-json\/wp\/v2\/product"}],"about":[{"href":"https:\/\/wein-werte.com\/en\/wp-json\/wp\/v2\/types\/product"}],"wp:featuredmedia":[{"embeddable":true,"href":"https:\/\/wein-werte.com\/en\/wp-json\/wp\/v2\/media\/1140329"}],"wp:attachment":[{"href":"https:\/\/wein-werte.com\/en\/wp-json\/wp\/v2\/media?parent=1123514"}],"wp:term":[{"taxonomy":"product_brand","embeddable":true,"href":"https:\/\/wein-werte.com\/en\/wp-json\/wp\/v2\/product_brand?post=1123514"},{"taxonomy":"product_cat","embeddable":true,"href":"https:\/\/wein-werte.com\/en\/wp-json\/wp\/v2\/product_cat?post=1123514"},{"taxonomy":"product_tag","embeddable":true,"href":"https:\/\/wein-werte.com\/en\/wp-json\/wp\/v2\/product_tag?post=1123514"}],"curies":[{"name":"wp","href":"https:\/\/api.w.org\/{rel}","templated":true}]}}