{"id":1123488,"date":"2026-05-12T15:42:12","date_gmt":"2026-05-12T13:42:12","guid":{"rendered":"https:\/\/wein-werte.com\/product\/marcoux-chateauneuf-du-pape-vieilles-vignes-2020-750ml\/"},"modified":"2026-05-13T15:11:52","modified_gmt":"2026-05-13T13:11:52","slug":"marcoux-chateauneuf-du-pape-vieilles-vignes-2020-750ml","status":"publish","type":"product","link":"https:\/\/wein-werte.com\/en\/product\/marcoux-chateauneuf-du-pape-vieilles-vignes-2020-750ml\/","title":{"rendered":"Marcoux | Southern Rh\u00f4ne | Ch\u00e2teauneuf-du-Pape, Vieilles Vignes AOC | 2020 | 750ml | bio"},"content":{"rendered":"<p>Product description for Marcoux Ch\u00e2teauneuf-du-Pape, Vieilles Vignes AOC 2020 (bio)<\/p>\n<h5>About the Wine<\/h5>\n<p> In the Ch\u00e2teauneuf-du-Pape appellation, the Armenier family owns a total of 13 plots with different soil types, such as the famous rolled pebbles on clay-rich subsoil, which retains water well, but also reddish sandstone soils and colluvial sediments, as well as limestone soils from the Cretaceous period, which lend the wine great vibrancy. Grenache Noir dominates by far, complemented by some Mourv\u00e8dre, Syrah, and Cinsault. The grapes are harvested by hand at optimal ripeness, which varies from one plot to another and also according to the grape variety. The selected grapes are destemmed, crushed, and cooled. They are then allowed time in the tank until the natural yeasts take effect. The wine is aged for 18 months in concrete tanks, supplemented by a few foudres and older 350-liter barrels. <\/p>\n<h5>Colour<\/h5>\n<p> Muted garnet red with violet reflections. <\/p>\n<h5>Nose<\/h5>\n<p> The aromas of the 2020 Ch\u00e2teauneuf du Pape &#8220;Vielles Vignes&#8221; are profound and extremely concentrated. Sweet berries, figs, dates, chocolate, roasted hazelnuts, cocoa, and sweet mocha. You&#8217;ll want to sink into its charming depths. <\/p>\n<h5>Palate<\/h5>\n<p> Enormous density and concentration on the palate: a wine that seeks the accompaniment of intense cuisine and will develop wonderfully over the coming years. Its minerality and structure will last for decades. Patience is required, and for the impatient, a carafe and the right food accompaniment are recommended. Decant now and serve slightly chilled from large glasses.<\/p>\n<p>Copyright Vinaturel 2025<\/p>\n<p>Keywords: <a href=\"https:\/\/wein-werte.com\/shop\/?swoof=1&#038;pa_producer=Marcoux\">Marcoux<\/a> <a href=\"https:\/\/wein-werte.com\/shop\/?swoof=1&#038;woof_text=Ch\u00e2teauneuf-du-Pape, Vieilles Vignes AOC\">Ch\u00e2teauneuf-du-Pape, Vieilles Vignes AOC<\/a> 2020 bio <a href=\"https:\/\/wein-werte.com\/shop\/?swoof=1&#038;pa_region=Southern Rh\u00f4ne\">Southern-Rh\u00f4ne<\/a> <a href=\"https:\/\/wein-werte.com\/shop\/?swoof=1&#038;pa_country=France\">France<\/a><\/p>\n<h3>Wine Advocate<\/h3>\n<p>Score: (97-99)<\/p>\n<p>Still in foudre working through the last few grams of sugar when I tasted it in July 2022, the 2020 Chateauneuf du Pape Vieilles Vignes showcases bold black-cherry fruit that virtually knocked this taster&#8217;s head backwards. It&#8217;s full-bodied on the palate, building in intensity and complexity on the lengthy finish, where notes of raspberries, star anise and garrigue merge seamlessly into the wine&#8217;s supple, velvety texture.<br \/>Joe Czerwinski<\/p>\n<h3>Vinous<\/h3>\n<p>Score: 97<\/p>\n<p>A towering effort, the 2020 Ch\u00e2teauneuf-du-Pape Vieilles Vignes soars from the glass with pristine cr\u00e8me de cassis, raspberry jam, black plum, scorched earth, incense, mint, exotic spice and white pepper aromas. The precision of the individual perfumes has a laser-like quality rarely seen in Ch\u00e2teauneuf-du-Pape. Full-bodied and framed by ever-so-velvety tannins, it reaches a spherical dimension in the mouth. The recent adoption of 3,000-liter Austrian oak barrels beautifully contributed to the shape of this wine, giving it terrific poise and tension.<br \/>\n &#8212; Nicolas Greinacher<br \/>Drinking window: 2026 &#8211; 2042<br \/>Review date: Jun 2023<\/p>\n<p>Producer website: <a href=\"https:\/\/www.domainedemarcoux.fr\/en\/\" target=\"_blank\">https:\/\/www.domainedemarcoux.fr\/en\/<\/a><\/p>\n","protected":false},"excerpt":{"rendered":"<div style=\"font-size: 14px;\">\n<p>Delivery time: 1 to 2 working days (DE), 2 to 5 working days (EU and CH)<\/p>\n<p>Approximate energy content per 125ml glass: 125 kcal<\/p>\n<\/p><\/div>\n","protected":false},"featured_media":1140251,"template":"","meta":[],"product_brand":[],"product_cat":[19],"product_tag":[],"class_list":{"0":"post-1123488","1":"product","2":"type-product","3":"status-publish","4":"has-post-thumbnail","6":"product_cat-unkategorisiert","7":"pa_alcohol-for-filter-12916","8":"pa_certified-biodynamic-no","9":"pa_certified-organic-yes","10":"pa_colour-red","11":"pa_country-france","12":"pa_grape-grenache","13":"pa_parker-points-for-filter-16148","14":"pa_price-for-filter-10704","15":"pa_producer-marcoux","16":"pa_region-southern-rhone","17":"pa_size-ml-6584","18":"pa_sweetness-dry","19":"pa_type-2-still","20":"pa_vinous-points-for-filter-16149","21":"pa_vintage-6599","22":"entry","23":"has-media","25":"first","26":"instock","27":"taxable","28":"shipping-taxable","29":"purchasable","30":"product-type-simple"},"yoast_head":"<!-- This site is optimized with the Yoast SEO plugin v27.6 - https:\/\/yoast.com\/product\/yoast-seo-wordpress\/ -->\n<title>Marcoux Ch\u00e2teauneuf-du-Pape Vieilles Vignes 2020 750ml<\/title>\n<meta name=\"description\" content=\"Buy Marcoux Ch\u00e2teauneuf-du-Pape Vieilles Vignes 2020 - a dry Grenache from Southern Rh\u00f4ne, France - at Wein Werte, your sustainable online shop.\" \/>\n<meta name=\"robots\" content=\"index, follow, max-snippet:-1, max-image-preview:large, max-video-preview:-1\" \/>\n<link rel=\"canonical\" href=\"https:\/\/wein-werte.com\/en\/product\/marcoux-chateauneuf-du-pape-vieilles-vignes-2020-750ml\/\" \/>\n<meta property=\"og:locale\" content=\"en_US\" \/>\n<meta property=\"og:type\" content=\"article\" \/>\n<meta property=\"og:title\" content=\"Marcoux Ch\u00e2teauneuf-du-Pape Vieilles Vignes 2020 750ml\" \/>\n<meta property=\"og:description\" content=\"Buy Marcoux Ch\u00e2teauneuf-du-Pape Vieilles Vignes 2020 - a dry Grenache from Southern Rh\u00f4ne, France - at Wein Werte, your sustainable online shop.\" \/>\n<meta property=\"og:url\" content=\"https:\/\/wein-werte.com\/en\/product\/marcoux-chateauneuf-du-pape-vieilles-vignes-2020-750ml\/\" \/>\n<meta property=\"og:site_name\" content=\"Wein Werte\" \/>\n<meta property=\"article:modified_time\" content=\"2026-05-13T13:11:52+00:00\" \/>\n<meta property=\"og:image\" content=\"https:\/\/wein-werte.com\/wp-content\/uploads\/2026\/04\/Marcoux-Chateauneuf-du-Pape-Vieilles-Vignes-2020-750ml.png\" \/>\n\t<meta property=\"og:image:width\" content=\"324\" \/>\n\t<meta property=\"og:image:height\" content=\"1200\" \/>\n\t<meta property=\"og:image:type\" content=\"image\/png\" \/>\n<meta name=\"twitter:card\" content=\"summary_large_image\" \/>\n<meta name=\"twitter:label1\" content=\"Est. reading time\" \/>\n\t<meta name=\"twitter:data1\" content=\"2 minutes\" \/>\n<script type=\"application\/ld+json\" class=\"yoast-schema-graph\">{\"@context\":\"https:\\\/\\\/schema.org\",\"@graph\":[{\"@type\":\"WebPage\",\"@id\":\"https:\\\/\\\/wein-werte.com\\\/en\\\/product\\\/marcoux-chateauneuf-du-pape-vieilles-vignes-2020-750ml\\\/\",\"url\":\"https:\\\/\\\/wein-werte.com\\\/en\\\/product\\\/marcoux-chateauneuf-du-pape-vieilles-vignes-2020-750ml\\\/\",\"name\":\"Marcoux Ch\u00e2teauneuf-du-Pape Vieilles Vignes 2020 750ml\",\"isPartOf\":{\"@id\":\"https:\\\/\\\/wein-werte.com\\\/de\\\/#website\"},\"primaryImageOfPage\":{\"@id\":\"https:\\\/\\\/wein-werte.com\\\/en\\\/product\\\/marcoux-chateauneuf-du-pape-vieilles-vignes-2020-750ml\\\/#primaryimage\"},\"image\":{\"@id\":\"https:\\\/\\\/wein-werte.com\\\/en\\\/product\\\/marcoux-chateauneuf-du-pape-vieilles-vignes-2020-750ml\\\/#primaryimage\"},\"thumbnailUrl\":\"https:\\\/\\\/wein-werte.com\\\/wp-content\\\/uploads\\\/2026\\\/04\\\/Marcoux-Chateauneuf-du-Pape-Vieilles-Vignes-2020-750ml.png\",\"datePublished\":\"2026-05-12T13:42:12+00:00\",\"dateModified\":\"2026-05-13T13:11:52+00:00\",\"description\":\"Buy Marcoux Ch\u00e2teauneuf-du-Pape Vieilles Vignes 2020 - a dry Grenache from Southern Rh\u00f4ne, France - at Wein Werte, your sustainable online shop.\",\"breadcrumb\":{\"@id\":\"https:\\\/\\\/wein-werte.com\\\/en\\\/product\\\/marcoux-chateauneuf-du-pape-vieilles-vignes-2020-750ml\\\/#breadcrumb\"},\"inLanguage\":\"en-US\",\"potentialAction\":[{\"@type\":\"ReadAction\",\"target\":[\"https:\\\/\\\/wein-werte.com\\\/en\\\/product\\\/marcoux-chateauneuf-du-pape-vieilles-vignes-2020-750ml\\\/\"]}]},{\"@type\":\"ImageObject\",\"inLanguage\":\"en-US\",\"@id\":\"https:\\\/\\\/wein-werte.com\\\/en\\\/product\\\/marcoux-chateauneuf-du-pape-vieilles-vignes-2020-750ml\\\/#primaryimage\",\"url\":\"https:\\\/\\\/wein-werte.com\\\/wp-content\\\/uploads\\\/2026\\\/04\\\/Marcoux-Chateauneuf-du-Pape-Vieilles-Vignes-2020-750ml.png\",\"contentUrl\":\"https:\\\/\\\/wein-werte.com\\\/wp-content\\\/uploads\\\/2026\\\/04\\\/Marcoux-Chateauneuf-du-Pape-Vieilles-Vignes-2020-750ml.png\",\"width\":324,\"height\":1200,\"caption\":\"Marcoux Ch\u00e2teauneuf-du-Pape, Vieilles Vignes AOC 2020 750ml\"},{\"@type\":\"BreadcrumbList\",\"@id\":\"https:\\\/\\\/wein-werte.com\\\/en\\\/product\\\/marcoux-chateauneuf-du-pape-vieilles-vignes-2020-750ml\\\/#breadcrumb\",\"itemListElement\":[{\"@type\":\"ListItem\",\"position\":1,\"name\":\"Home\",\"item\":\"https:\\\/\\\/wein-werte.com\\\/en\\\/\"},{\"@type\":\"ListItem\",\"position\":2,\"name\":\"Shop Page\",\"item\":\"https:\\\/\\\/wein-werte.com\\\/en\\\/shop\\\/\"},{\"@type\":\"ListItem\",\"position\":3,\"name\":\"Marcoux | Southern Rh\u00f4ne | Ch\u00e2teauneuf-du-Pape, Vieilles Vignes AOC | 2020 | 750ml | bio\"}]},{\"@type\":\"WebSite\",\"@id\":\"https:\\\/\\\/wein-werte.com\\\/de\\\/#website\",\"url\":\"https:\\\/\\\/wein-werte.com\\\/de\\\/\",\"name\":\"Wein Werte\",\"description\":\"\",\"publisher\":{\"@id\":\"https:\\\/\\\/wein-werte.com\\\/de\\\/#organization\"},\"potentialAction\":[{\"@type\":\"SearchAction\",\"target\":{\"@type\":\"EntryPoint\",\"urlTemplate\":\"https:\\\/\\\/wein-werte.com\\\/de\\\/?s={search_term_string}\"},\"query-input\":{\"@type\":\"PropertyValueSpecification\",\"valueRequired\":true,\"valueName\":\"search_term_string\"}}],\"inLanguage\":\"en-US\"},{\"@type\":\"Organization\",\"@id\":\"https:\\\/\\\/wein-werte.com\\\/de\\\/#organization\",\"name\":\"Vins Fins Thorrold\",\"url\":\"https:\\\/\\\/wein-werte.com\\\/de\\\/\",\"logo\":{\"@type\":\"ImageObject\",\"inLanguage\":\"en-US\",\"@id\":\"https:\\\/\\\/wein-werte.com\\\/de\\\/#\\\/schema\\\/logo\\\/image\\\/\",\"url\":\"https:\\\/\\\/wein-werte.com\\\/wp-content\\\/uploads\\\/2023\\\/07\\\/Wein_werte_Logo700-1.png\",\"contentUrl\":\"https:\\\/\\\/wein-werte.com\\\/wp-content\\\/uploads\\\/2023\\\/07\\\/Wein_werte_Logo700-1.png\",\"width\":700,\"height\":272,\"caption\":\"Vins Fins Thorrold\"},\"image\":{\"@id\":\"https:\\\/\\\/wein-werte.com\\\/de\\\/#\\\/schema\\\/logo\\\/image\\\/\"}}]}<\/script>\n<!-- \/ Yoast SEO plugin. -->","yoast_head_json":{"title":"Marcoux Ch\u00e2teauneuf-du-Pape Vieilles Vignes 2020 750ml","description":"Buy Marcoux Ch\u00e2teauneuf-du-Pape Vieilles Vignes 2020 - a dry Grenache from Southern Rh\u00f4ne, France - at Wein Werte, your sustainable online shop.","robots":{"index":"index","follow":"follow","max-snippet":"max-snippet:-1","max-image-preview":"max-image-preview:large","max-video-preview":"max-video-preview:-1"},"canonical":"https:\/\/wein-werte.com\/en\/product\/marcoux-chateauneuf-du-pape-vieilles-vignes-2020-750ml\/","og_locale":"en_US","og_type":"article","og_title":"Marcoux Ch\u00e2teauneuf-du-Pape Vieilles Vignes 2020 750ml","og_description":"Buy Marcoux Ch\u00e2teauneuf-du-Pape Vieilles Vignes 2020 - a dry Grenache from Southern Rh\u00f4ne, France - at Wein Werte, your sustainable online shop.","og_url":"https:\/\/wein-werte.com\/en\/product\/marcoux-chateauneuf-du-pape-vieilles-vignes-2020-750ml\/","og_site_name":"Wein Werte","article_modified_time":"2026-05-13T13:11:52+00:00","og_image":[{"width":324,"height":1200,"url":"https:\/\/wein-werte.com\/wp-content\/uploads\/2026\/04\/Marcoux-Chateauneuf-du-Pape-Vieilles-Vignes-2020-750ml.png","type":"image\/png"}],"twitter_card":"summary_large_image","twitter_misc":{"Est. reading time":"2 minutes"},"schema":{"@context":"https:\/\/schema.org","@graph":[{"@type":"WebPage","@id":"https:\/\/wein-werte.com\/en\/product\/marcoux-chateauneuf-du-pape-vieilles-vignes-2020-750ml\/","url":"https:\/\/wein-werte.com\/en\/product\/marcoux-chateauneuf-du-pape-vieilles-vignes-2020-750ml\/","name":"Marcoux Ch\u00e2teauneuf-du-Pape Vieilles Vignes 2020 750ml","isPartOf":{"@id":"https:\/\/wein-werte.com\/de\/#website"},"primaryImageOfPage":{"@id":"https:\/\/wein-werte.com\/en\/product\/marcoux-chateauneuf-du-pape-vieilles-vignes-2020-750ml\/#primaryimage"},"image":{"@id":"https:\/\/wein-werte.com\/en\/product\/marcoux-chateauneuf-du-pape-vieilles-vignes-2020-750ml\/#primaryimage"},"thumbnailUrl":"https:\/\/wein-werte.com\/wp-content\/uploads\/2026\/04\/Marcoux-Chateauneuf-du-Pape-Vieilles-Vignes-2020-750ml.png","datePublished":"2026-05-12T13:42:12+00:00","dateModified":"2026-05-13T13:11:52+00:00","description":"Buy Marcoux Ch\u00e2teauneuf-du-Pape Vieilles Vignes 2020 - a dry Grenache from Southern Rh\u00f4ne, France - at Wein Werte, your sustainable online shop.","breadcrumb":{"@id":"https:\/\/wein-werte.com\/en\/product\/marcoux-chateauneuf-du-pape-vieilles-vignes-2020-750ml\/#breadcrumb"},"inLanguage":"en-US","potentialAction":[{"@type":"ReadAction","target":["https:\/\/wein-werte.com\/en\/product\/marcoux-chateauneuf-du-pape-vieilles-vignes-2020-750ml\/"]}]},{"@type":"ImageObject","inLanguage":"en-US","@id":"https:\/\/wein-werte.com\/en\/product\/marcoux-chateauneuf-du-pape-vieilles-vignes-2020-750ml\/#primaryimage","url":"https:\/\/wein-werte.com\/wp-content\/uploads\/2026\/04\/Marcoux-Chateauneuf-du-Pape-Vieilles-Vignes-2020-750ml.png","contentUrl":"https:\/\/wein-werte.com\/wp-content\/uploads\/2026\/04\/Marcoux-Chateauneuf-du-Pape-Vieilles-Vignes-2020-750ml.png","width":324,"height":1200,"caption":"Marcoux Ch\u00e2teauneuf-du-Pape, Vieilles Vignes AOC 2020 750ml"},{"@type":"BreadcrumbList","@id":"https:\/\/wein-werte.com\/en\/product\/marcoux-chateauneuf-du-pape-vieilles-vignes-2020-750ml\/#breadcrumb","itemListElement":[{"@type":"ListItem","position":1,"name":"Home","item":"https:\/\/wein-werte.com\/en\/"},{"@type":"ListItem","position":2,"name":"Shop Page","item":"https:\/\/wein-werte.com\/en\/shop\/"},{"@type":"ListItem","position":3,"name":"Marcoux | Southern Rh\u00f4ne | Ch\u00e2teauneuf-du-Pape, Vieilles Vignes AOC | 2020 | 750ml | bio"}]},{"@type":"WebSite","@id":"https:\/\/wein-werte.com\/de\/#website","url":"https:\/\/wein-werte.com\/de\/","name":"Wein Werte","description":"","publisher":{"@id":"https:\/\/wein-werte.com\/de\/#organization"},"potentialAction":[{"@type":"SearchAction","target":{"@type":"EntryPoint","urlTemplate":"https:\/\/wein-werte.com\/de\/?s={search_term_string}"},"query-input":{"@type":"PropertyValueSpecification","valueRequired":true,"valueName":"search_term_string"}}],"inLanguage":"en-US"},{"@type":"Organization","@id":"https:\/\/wein-werte.com\/de\/#organization","name":"Vins Fins Thorrold","url":"https:\/\/wein-werte.com\/de\/","logo":{"@type":"ImageObject","inLanguage":"en-US","@id":"https:\/\/wein-werte.com\/de\/#\/schema\/logo\/image\/","url":"https:\/\/wein-werte.com\/wp-content\/uploads\/2023\/07\/Wein_werte_Logo700-1.png","contentUrl":"https:\/\/wein-werte.com\/wp-content\/uploads\/2023\/07\/Wein_werte_Logo700-1.png","width":700,"height":272,"caption":"Vins Fins Thorrold"},"image":{"@id":"https:\/\/wein-werte.com\/de\/#\/schema\/logo\/image\/"}}]}},"_links":{"self":[{"href":"https:\/\/wein-werte.com\/en\/wp-json\/wp\/v2\/product\/1123488","targetHints":{"allow":["GET"]}}],"collection":[{"href":"https:\/\/wein-werte.com\/en\/wp-json\/wp\/v2\/product"}],"about":[{"href":"https:\/\/wein-werte.com\/en\/wp-json\/wp\/v2\/types\/product"}],"wp:featuredmedia":[{"embeddable":true,"href":"https:\/\/wein-werte.com\/en\/wp-json\/wp\/v2\/media\/1140251"}],"wp:attachment":[{"href":"https:\/\/wein-werte.com\/en\/wp-json\/wp\/v2\/media?parent=1123488"}],"wp:term":[{"taxonomy":"product_brand","embeddable":true,"href":"https:\/\/wein-werte.com\/en\/wp-json\/wp\/v2\/product_brand?post=1123488"},{"taxonomy":"product_cat","embeddable":true,"href":"https:\/\/wein-werte.com\/en\/wp-json\/wp\/v2\/product_cat?post=1123488"},{"taxonomy":"product_tag","embeddable":true,"href":"https:\/\/wein-werte.com\/en\/wp-json\/wp\/v2\/product_tag?post=1123488"}],"curies":[{"name":"wp","href":"https:\/\/api.w.org\/{rel}","templated":true}]}}