{"id":1123484,"date":"2026-05-08T20:00:00","date_gmt":"2026-05-08T18:00:00","guid":{"rendered":"https:\/\/wein-werte.com\/product\/marcoux-chateauneuf-du-pape-rouge-2019-1500ml\/"},"modified":"2026-05-08T20:00:00","modified_gmt":"2026-05-08T18:00:00","slug":"marcoux-chateauneuf-du-pape-rouge-2019-1500ml","status":"publish","type":"product","link":"https:\/\/wein-werte.com\/en\/product\/marcoux-chateauneuf-du-pape-rouge-2019-1500ml\/","title":{"rendered":"Marcoux | Southern Rh\u00f4ne | Ch\u00e2teauneuf-du-Pape rouge AOC | 2019 | 1500ml | bio"},"content":{"rendered":"<p>Product description for Marcoux Ch\u00e2teauneuf-du-Pape rouge AOC 2019 (bio)<\/p>\n<h5>Information about the wine<\/h5>\n<p> In the Ch\u00e2teauneuf-du-Pape appellation, the Armenier family owns a total of 13 plots with different soil types, such as the famous rolled pebbles on clayey subsoil, which retains water well, but also reddish sandstone soils and colluvial sediments, as well as limestone soils from the Cretaceous period, which give the wine a great deal of excitement. Grenache Noir dominates by far, complemented by some Mourv\u00e8dre, Syrah, and Cinsault. The grapes are harvested by hand at optimal ripeness, which varies from one plot to another and also according to the grape variety. The selected grapes are destemmed, crushed, and cooled. They are then left in the tank until the natural yeasts take effect. Sophie now ensures that temperatures do not rise too much. Initially, extraction takes place by daily pumping over. The maceration period lasts four to five weeks. The wine is aged for 18 months in concrete tanks, supplemented by a few foudres and older 350-liter barrels. <\/p>\n<h5>Colour<\/h5>\n<p> Deep, still young dark red with a ruby rim. <\/p>\n<h5>Nose<\/h5>\n<p> Enormous density: black figs, wild blackberries, sweet raspberries, blood oranges with notes of violets, Proven\u00e7al herbs, fresh leather, pepper, and berries in alcohol. It opens up increasingly with air in the glass, giving an impression of great depth and purity. <\/p>\n<h5>Palate<\/h5>\n<p> Immediately filling the mouth with a velvety texture, great body, and impressive concentration, yet without any aggressiveness or heaviness. Sweet, opulent red berry fruit carpets the palate. Ripe, noble, encased tannins with a hint of cocoa, fine-grained structure, and minerality with great dynamism and persistence. Excellent aging potential.<\/p>\n<p>Copyright Vinaturel 2025<\/p>\n<p>Keywords: <a href=\"https:\/\/wein-werte.com\/shop\/?swoof=1&#038;pa_producer=Marcoux\">Marcoux<\/a> <a href=\"https:\/\/wein-werte.com\/shop\/?swoof=1&#038;woof_text=Ch\u00e2teauneuf-du-Pape rouge AOC\">Ch\u00e2teauneuf-du-Pape rouge AOC<\/a> 2019 bio <a href=\"https:\/\/wein-werte.com\/shop\/?swoof=1&#038;pa_region=Southern Rh\u00f4ne\">Southern-Rh\u00f4ne<\/a> <a href=\"https:\/\/wein-werte.com\/shop\/?swoof=1&#038;pa_country=France\">France<\/a><\/p>\n<p>Producer website: <a href=\"https:\/\/www.domainedemarcoux.fr\/en\/\" target=\"_blank\">https:\/\/www.domainedemarcoux.fr\/en\/<\/a><\/p>\n","protected":false},"excerpt":{"rendered":"<p>Delivery time: 1 to 2 working days (DE), 2 to 5 working days (EU and CH)<\/p>\n","protected":false},"featured_media":1140245,"template":"","meta":[],"product_brand":[],"product_cat":[19],"product_tag":[],"class_list":{"0":"post-1123484","1":"product","2":"type-product","3":"status-publish","4":"has-post-thumbnail","6":"product_cat-unkategorisiert","7":"pa_alcohol-for-filter-12916","8":"pa_certified-biodynamic-no","9":"pa_certified-organic-yes","10":"pa_colour-red","11":"pa_country-france","12":"pa_grape-mourvedre-blend","13":"pa_price-for-filter-10576","14":"pa_producer-marcoux","15":"pa_region-southern-rhone","16":"pa_size-ml-6657","17":"pa_sweetness-dry","18":"pa_type-2-still","19":"pa_vintage-6583","20":"entry","21":"has-media","23":"first","24":"instock","25":"taxable","26":"shipping-taxable","27":"purchasable","28":"product-type-simple"},"yoast_head":"<!-- This site is optimized with the Yoast SEO plugin v27.5 - https:\/\/yoast.com\/product\/yoast-seo-wordpress\/ -->\n<title>Marcoux Ch\u00e2teauneuf-du-Pape rouge 2019, 1500ml<\/title>\n<meta name=\"description\" content=\"Buy Marcoux Ch\u00e2teauneuf-du-Pape rouge 2019 - a dry Mourv\u00e8dre blend from Southern Rh\u00f4ne, France - at Wein Werte, your sustainable online shop.\" \/>\n<meta name=\"robots\" content=\"index, follow, max-snippet:-1, max-image-preview:large, max-video-preview:-1\" \/>\n<link rel=\"canonical\" href=\"https:\/\/wein-werte.com\/en\/product\/marcoux-chateauneuf-du-pape-rouge-2019-1500ml\/\" \/>\n<meta property=\"og:locale\" content=\"en_US\" \/>\n<meta property=\"og:type\" content=\"article\" \/>\n<meta property=\"og:title\" content=\"Marcoux Ch\u00e2teauneuf-du-Pape rouge 2019, 1500ml\" \/>\n<meta property=\"og:description\" content=\"Buy Marcoux Ch\u00e2teauneuf-du-Pape rouge 2019 - a dry Mourv\u00e8dre blend from Southern Rh\u00f4ne, France - at Wein Werte, your sustainable online shop.\" \/>\n<meta property=\"og:url\" content=\"https:\/\/wein-werte.com\/en\/product\/marcoux-chateauneuf-du-pape-rouge-2019-1500ml\/\" \/>\n<meta property=\"og:site_name\" content=\"Wein Werte\" \/>\n<meta property=\"og:image\" content=\"https:\/\/wein-werte.com\/wp-content\/uploads\/2026\/04\/Marcoux-Chateauneuf-du-Pape-rouge-2019-1500ml.png\" \/>\n\t<meta property=\"og:image:width\" content=\"349\" \/>\n\t<meta property=\"og:image:height\" content=\"1200\" \/>\n\t<meta property=\"og:image:type\" content=\"image\/png\" \/>\n<meta name=\"twitter:card\" content=\"summary_large_image\" \/>\n<meta name=\"twitter:label1\" content=\"Est. reading time\" \/>\n\t<meta name=\"twitter:data1\" content=\"1 minute\" \/>\n<script type=\"application\/ld+json\" class=\"yoast-schema-graph\">{\"@context\":\"https:\\\/\\\/schema.org\",\"@graph\":[{\"@type\":\"WebPage\",\"@id\":\"https:\\\/\\\/wein-werte.com\\\/en\\\/product\\\/marcoux-chateauneuf-du-pape-rouge-2019-1500ml\\\/\",\"url\":\"https:\\\/\\\/wein-werte.com\\\/en\\\/product\\\/marcoux-chateauneuf-du-pape-rouge-2019-1500ml\\\/\",\"name\":\"Marcoux Ch\u00e2teauneuf-du-Pape rouge 2019, 1500ml\",\"isPartOf\":{\"@id\":\"https:\\\/\\\/wein-werte.com\\\/de\\\/#website\"},\"primaryImageOfPage\":{\"@id\":\"https:\\\/\\\/wein-werte.com\\\/en\\\/product\\\/marcoux-chateauneuf-du-pape-rouge-2019-1500ml\\\/#primaryimage\"},\"image\":{\"@id\":\"https:\\\/\\\/wein-werte.com\\\/en\\\/product\\\/marcoux-chateauneuf-du-pape-rouge-2019-1500ml\\\/#primaryimage\"},\"thumbnailUrl\":\"https:\\\/\\\/wein-werte.com\\\/wp-content\\\/uploads\\\/2026\\\/04\\\/Marcoux-Chateauneuf-du-Pape-rouge-2019-1500ml.png\",\"datePublished\":\"2026-05-08T18:00:00+00:00\",\"description\":\"Buy Marcoux Ch\u00e2teauneuf-du-Pape rouge 2019 - a dry Mourv\u00e8dre blend from Southern Rh\u00f4ne, France - at Wein Werte, your sustainable online shop.\",\"breadcrumb\":{\"@id\":\"https:\\\/\\\/wein-werte.com\\\/en\\\/product\\\/marcoux-chateauneuf-du-pape-rouge-2019-1500ml\\\/#breadcrumb\"},\"inLanguage\":\"en-US\",\"potentialAction\":[{\"@type\":\"ReadAction\",\"target\":[\"https:\\\/\\\/wein-werte.com\\\/en\\\/product\\\/marcoux-chateauneuf-du-pape-rouge-2019-1500ml\\\/\"]}]},{\"@type\":\"ImageObject\",\"inLanguage\":\"en-US\",\"@id\":\"https:\\\/\\\/wein-werte.com\\\/en\\\/product\\\/marcoux-chateauneuf-du-pape-rouge-2019-1500ml\\\/#primaryimage\",\"url\":\"https:\\\/\\\/wein-werte.com\\\/wp-content\\\/uploads\\\/2026\\\/04\\\/Marcoux-Chateauneuf-du-Pape-rouge-2019-1500ml.png\",\"contentUrl\":\"https:\\\/\\\/wein-werte.com\\\/wp-content\\\/uploads\\\/2026\\\/04\\\/Marcoux-Chateauneuf-du-Pape-rouge-2019-1500ml.png\",\"width\":349,\"height\":1200,\"caption\":\"Marcoux Ch\u00e2teauneuf-du-Pape rouge AOC 2019 1500ml\"},{\"@type\":\"BreadcrumbList\",\"@id\":\"https:\\\/\\\/wein-werte.com\\\/en\\\/product\\\/marcoux-chateauneuf-du-pape-rouge-2019-1500ml\\\/#breadcrumb\",\"itemListElement\":[{\"@type\":\"ListItem\",\"position\":1,\"name\":\"Home\",\"item\":\"https:\\\/\\\/wein-werte.com\\\/en\\\/\"},{\"@type\":\"ListItem\",\"position\":2,\"name\":\"Shop Page\",\"item\":\"https:\\\/\\\/wein-werte.com\\\/en\\\/shop\\\/\"},{\"@type\":\"ListItem\",\"position\":3,\"name\":\"Marcoux | Southern Rh\u00f4ne | Ch\u00e2teauneuf-du-Pape rouge AOC | 2019 | 1500ml | bio\"}]},{\"@type\":\"WebSite\",\"@id\":\"https:\\\/\\\/wein-werte.com\\\/de\\\/#website\",\"url\":\"https:\\\/\\\/wein-werte.com\\\/de\\\/\",\"name\":\"Wein Werte\",\"description\":\"\",\"publisher\":{\"@id\":\"https:\\\/\\\/wein-werte.com\\\/de\\\/#organization\"},\"potentialAction\":[{\"@type\":\"SearchAction\",\"target\":{\"@type\":\"EntryPoint\",\"urlTemplate\":\"https:\\\/\\\/wein-werte.com\\\/de\\\/?s={search_term_string}\"},\"query-input\":{\"@type\":\"PropertyValueSpecification\",\"valueRequired\":true,\"valueName\":\"search_term_string\"}}],\"inLanguage\":\"en-US\"},{\"@type\":\"Organization\",\"@id\":\"https:\\\/\\\/wein-werte.com\\\/de\\\/#organization\",\"name\":\"Vins Fins Thorrold\",\"url\":\"https:\\\/\\\/wein-werte.com\\\/de\\\/\",\"logo\":{\"@type\":\"ImageObject\",\"inLanguage\":\"en-US\",\"@id\":\"https:\\\/\\\/wein-werte.com\\\/de\\\/#\\\/schema\\\/logo\\\/image\\\/\",\"url\":\"https:\\\/\\\/wein-werte.com\\\/wp-content\\\/uploads\\\/2023\\\/07\\\/Wein_werte_Logo700-1.png\",\"contentUrl\":\"https:\\\/\\\/wein-werte.com\\\/wp-content\\\/uploads\\\/2023\\\/07\\\/Wein_werte_Logo700-1.png\",\"width\":700,\"height\":272,\"caption\":\"Vins Fins Thorrold\"},\"image\":{\"@id\":\"https:\\\/\\\/wein-werte.com\\\/de\\\/#\\\/schema\\\/logo\\\/image\\\/\"}}]}<\/script>\n<!-- \/ Yoast SEO plugin. -->","yoast_head_json":{"title":"Marcoux Ch\u00e2teauneuf-du-Pape rouge 2019, 1500ml","description":"Buy Marcoux Ch\u00e2teauneuf-du-Pape rouge 2019 - a dry Mourv\u00e8dre blend from Southern Rh\u00f4ne, France - at Wein Werte, your sustainable online shop.","robots":{"index":"index","follow":"follow","max-snippet":"max-snippet:-1","max-image-preview":"max-image-preview:large","max-video-preview":"max-video-preview:-1"},"canonical":"https:\/\/wein-werte.com\/en\/product\/marcoux-chateauneuf-du-pape-rouge-2019-1500ml\/","og_locale":"en_US","og_type":"article","og_title":"Marcoux Ch\u00e2teauneuf-du-Pape rouge 2019, 1500ml","og_description":"Buy Marcoux Ch\u00e2teauneuf-du-Pape rouge 2019 - a dry Mourv\u00e8dre blend from Southern Rh\u00f4ne, France - at Wein Werte, your sustainable online shop.","og_url":"https:\/\/wein-werte.com\/en\/product\/marcoux-chateauneuf-du-pape-rouge-2019-1500ml\/","og_site_name":"Wein Werte","og_image":[{"width":349,"height":1200,"url":"https:\/\/wein-werte.com\/wp-content\/uploads\/2026\/04\/Marcoux-Chateauneuf-du-Pape-rouge-2019-1500ml.png","type":"image\/png"}],"twitter_card":"summary_large_image","twitter_misc":{"Est. reading time":"1 minute"},"schema":{"@context":"https:\/\/schema.org","@graph":[{"@type":"WebPage","@id":"https:\/\/wein-werte.com\/en\/product\/marcoux-chateauneuf-du-pape-rouge-2019-1500ml\/","url":"https:\/\/wein-werte.com\/en\/product\/marcoux-chateauneuf-du-pape-rouge-2019-1500ml\/","name":"Marcoux Ch\u00e2teauneuf-du-Pape rouge 2019, 1500ml","isPartOf":{"@id":"https:\/\/wein-werte.com\/de\/#website"},"primaryImageOfPage":{"@id":"https:\/\/wein-werte.com\/en\/product\/marcoux-chateauneuf-du-pape-rouge-2019-1500ml\/#primaryimage"},"image":{"@id":"https:\/\/wein-werte.com\/en\/product\/marcoux-chateauneuf-du-pape-rouge-2019-1500ml\/#primaryimage"},"thumbnailUrl":"https:\/\/wein-werte.com\/wp-content\/uploads\/2026\/04\/Marcoux-Chateauneuf-du-Pape-rouge-2019-1500ml.png","datePublished":"2026-05-08T18:00:00+00:00","description":"Buy Marcoux Ch\u00e2teauneuf-du-Pape rouge 2019 - a dry Mourv\u00e8dre blend from Southern Rh\u00f4ne, France - at Wein Werte, your sustainable online shop.","breadcrumb":{"@id":"https:\/\/wein-werte.com\/en\/product\/marcoux-chateauneuf-du-pape-rouge-2019-1500ml\/#breadcrumb"},"inLanguage":"en-US","potentialAction":[{"@type":"ReadAction","target":["https:\/\/wein-werte.com\/en\/product\/marcoux-chateauneuf-du-pape-rouge-2019-1500ml\/"]}]},{"@type":"ImageObject","inLanguage":"en-US","@id":"https:\/\/wein-werte.com\/en\/product\/marcoux-chateauneuf-du-pape-rouge-2019-1500ml\/#primaryimage","url":"https:\/\/wein-werte.com\/wp-content\/uploads\/2026\/04\/Marcoux-Chateauneuf-du-Pape-rouge-2019-1500ml.png","contentUrl":"https:\/\/wein-werte.com\/wp-content\/uploads\/2026\/04\/Marcoux-Chateauneuf-du-Pape-rouge-2019-1500ml.png","width":349,"height":1200,"caption":"Marcoux Ch\u00e2teauneuf-du-Pape rouge AOC 2019 1500ml"},{"@type":"BreadcrumbList","@id":"https:\/\/wein-werte.com\/en\/product\/marcoux-chateauneuf-du-pape-rouge-2019-1500ml\/#breadcrumb","itemListElement":[{"@type":"ListItem","position":1,"name":"Home","item":"https:\/\/wein-werte.com\/en\/"},{"@type":"ListItem","position":2,"name":"Shop Page","item":"https:\/\/wein-werte.com\/en\/shop\/"},{"@type":"ListItem","position":3,"name":"Marcoux | Southern Rh\u00f4ne | Ch\u00e2teauneuf-du-Pape rouge AOC | 2019 | 1500ml | bio"}]},{"@type":"WebSite","@id":"https:\/\/wein-werte.com\/de\/#website","url":"https:\/\/wein-werte.com\/de\/","name":"Wein Werte","description":"","publisher":{"@id":"https:\/\/wein-werte.com\/de\/#organization"},"potentialAction":[{"@type":"SearchAction","target":{"@type":"EntryPoint","urlTemplate":"https:\/\/wein-werte.com\/de\/?s={search_term_string}"},"query-input":{"@type":"PropertyValueSpecification","valueRequired":true,"valueName":"search_term_string"}}],"inLanguage":"en-US"},{"@type":"Organization","@id":"https:\/\/wein-werte.com\/de\/#organization","name":"Vins Fins Thorrold","url":"https:\/\/wein-werte.com\/de\/","logo":{"@type":"ImageObject","inLanguage":"en-US","@id":"https:\/\/wein-werte.com\/de\/#\/schema\/logo\/image\/","url":"https:\/\/wein-werte.com\/wp-content\/uploads\/2023\/07\/Wein_werte_Logo700-1.png","contentUrl":"https:\/\/wein-werte.com\/wp-content\/uploads\/2023\/07\/Wein_werte_Logo700-1.png","width":700,"height":272,"caption":"Vins Fins Thorrold"},"image":{"@id":"https:\/\/wein-werte.com\/de\/#\/schema\/logo\/image\/"}}]}},"_links":{"self":[{"href":"https:\/\/wein-werte.com\/en\/wp-json\/wp\/v2\/product\/1123484","targetHints":{"allow":["GET"]}}],"collection":[{"href":"https:\/\/wein-werte.com\/en\/wp-json\/wp\/v2\/product"}],"about":[{"href":"https:\/\/wein-werte.com\/en\/wp-json\/wp\/v2\/types\/product"}],"wp:featuredmedia":[{"embeddable":true,"href":"https:\/\/wein-werte.com\/en\/wp-json\/wp\/v2\/media\/1140245"}],"wp:attachment":[{"href":"https:\/\/wein-werte.com\/en\/wp-json\/wp\/v2\/media?parent=1123484"}],"wp:term":[{"taxonomy":"product_brand","embeddable":true,"href":"https:\/\/wein-werte.com\/en\/wp-json\/wp\/v2\/product_brand?post=1123484"},{"taxonomy":"product_cat","embeddable":true,"href":"https:\/\/wein-werte.com\/en\/wp-json\/wp\/v2\/product_cat?post=1123484"},{"taxonomy":"product_tag","embeddable":true,"href":"https:\/\/wein-werte.com\/en\/wp-json\/wp\/v2\/product_tag?post=1123484"}],"curies":[{"name":"wp","href":"https:\/\/api.w.org\/{rel}","templated":true}]}}