{"id":1123479,"date":"2026-05-05T18:13:06","date_gmt":"2026-05-05T16:13:06","guid":{"rendered":"https:\/\/wein-werte.com\/product\/la-nerthe-chateauneuf-du-pape-cuvee-des-cadettes-rouge-2017-750ml\/"},"modified":"2026-05-05T18:13:06","modified_gmt":"2026-05-05T16:13:06","slug":"la-nerthe-chateauneuf-du-pape-cuvee-des-cadettes-rouge-2017-750ml","status":"publish","type":"product","link":"https:\/\/wein-werte.com\/en\/product\/la-nerthe-chateauneuf-du-pape-cuvee-des-cadettes-rouge-2017-750ml\/","title":{"rendered":"La Nerthe | Southern Rh\u00f4ne | Ch\u00e2teauneuf-du-Pape &#8220;Cuv\u00e9e des Cadettes&#8221; Rouge AOC | 2017 | 750ml | bio"},"content":{"rendered":"<p>Product description for La Nerthe Ch\u00e2teauneuf-du-Pape &#8220;Cuv\u00e9e des Cadettes&#8221; Rouge AOC 2017 (bio)<\/p>\n<h5>Information about the Wine<\/h5>\n<p> The oldest plots of the estate below the ch\u00e2teau, with their sandy-loamy soils, produce the top red cuv\u00e9e Les Cadettes. This is also where La Nerthe&#8217;s oldest vines, over 85 years old, grow: Grenache Noir, Syrah, and Mourv\u00e8dre. After manual harvesting and grape selection, the three varieties are spontaneously fermented together in a large wooden vat. In 2017, the cuv\u00e9e consisted of 59% Grenache Noir, 31% Syrah, and 10% Mourv\u00e8dre. The maceration lasted three weeks. After malolactic fermentation, part of the wine was aged in barrels, while the rest was aged in new barriques for twelve months. <\/p>\n<h5>Colour<\/h5>\n<p> Very deep, still youthful ruby red. <\/p>\n<h5>Nose<\/h5>\n<p> Intense, captivating bouquet with ripe berries and red cherries, candied wild strawberries, maraschino cherries, and raspberries macerated in spirit: aromas concentrated by the heat and dryness of the year, accompanied by notes of milk chocolate and caramel, cloves and cinnamon, smoke, and tobacco. <\/p>\n<h5>Palate<\/h5>\n<p> Velvety approach with expressive ripe red berry fruit and charming volume. Great intensity and persistence on the palate, plenty of structure and power, bay leaf and pipe tobacco, distinctive yet beautifully encased tannins, and complex spice. Due to the joint vinification of the three varieties and the aging in foudres, the wine already possesses great harmony and finesse despite its concentration, yet at the same time has all the components to age for decades.<\/p>\n<p>Copyright Vinaturel 2025<\/p>\n<p>Keywords: <a href=\"https:\/\/wein-werte.com\/shop\/?swoof=1&#038;pa_producer=La-Nerthe\">La Nerthe<\/a> <a href=\"https:\/\/wein-werte.com\/shop\/?swoof=1&#038;woof_text=Ch\u00e2teauneuf-du-Pape \"Cuv\u00e9e des Cadettes\" Rouge AOC\">Ch\u00e2teauneuf-du-Pape &#8220;Cuv\u00e9e des Cadettes&#8221; Rouge AOC<\/a> 2017 bio <a href=\"https:\/\/wein-werte.com\/shop\/?swoof=1&#038;pa_region=Southern Rh\u00f4ne\">Southern-Rh\u00f4ne<\/a> <a href=\"https:\/\/wein-werte.com\/shop\/?swoof=1&#038;pa_country=France\">France<\/a><\/p>\n<p>Producer website: <a href=\"https:\/\/www.domainesrichard.fr\/chateau-la-nerthe\/en\/\" target=\"_blank\">https:\/\/www.domainesrichard.fr\/chateau-la-nerthe\/en\/<\/a><\/p>\n","protected":false},"excerpt":{"rendered":"<p>Delivery time: 1 to 2 working days (DE), 2 to 5 working days (EU and CH)<\/p>\n","protected":false},"featured_media":1140229,"template":"","meta":[],"product_brand":[],"product_cat":[19],"product_tag":[],"class_list":{"0":"post-1123479","1":"product","2":"type-product","3":"status-publish","4":"has-post-thumbnail","6":"product_cat-unkategorisiert","7":"pa_alcohol-for-filter-12894","8":"pa_certified-biodynamic-no","9":"pa_certified-organic-yes","10":"pa_colour-red","11":"pa_country-france","12":"pa_grape-mourvedre-blend","13":"pa_price-for-filter-10691","14":"pa_producer-la-nerthe","15":"pa_region-southern-rhone","16":"pa_size-ml-6584","17":"pa_sweetness-dry","18":"pa_type-2-still","19":"pa_vintage-6612","20":"entry","21":"has-media","23":"first","24":"instock","25":"taxable","26":"shipping-taxable","27":"purchasable","28":"product-type-simple"},"yoast_head":"<!-- This site is optimized with the Yoast SEO plugin v27.5 - https:\/\/yoast.com\/product\/yoast-seo-wordpress\/ -->\n<title>La Nerthe Ch\u00e2teauneuf-du-Pape &quot;Cuv\u00e9e des Cadettes&quot; rouge 2017<\/title>\n<meta name=\"description\" content=\"Buy La Nerthe Ch\u00e2teauneuf-du-Pape &quot;Cuv\u00e9e des Cadettes&quot; rouge 2017 - a dry Mourv\u00e8dre blend from Southern Rh\u00f4ne, France - at Wein Werte, your sustainable online shop.\" \/>\n<meta name=\"robots\" content=\"index, follow, max-snippet:-1, max-image-preview:large, max-video-preview:-1\" \/>\n<link rel=\"canonical\" href=\"https:\/\/wein-werte.com\/en\/product\/la-nerthe-chateauneuf-du-pape-cuvee-des-cadettes-rouge-2017-750ml\/\" \/>\n<meta property=\"og:locale\" content=\"en_US\" \/>\n<meta property=\"og:type\" content=\"article\" \/>\n<meta property=\"og:title\" content=\"La Nerthe Ch\u00e2teauneuf-du-Pape &quot;Cuv\u00e9e des Cadettes&quot; rouge 2017\" \/>\n<meta property=\"og:description\" content=\"Buy La Nerthe Ch\u00e2teauneuf-du-Pape &quot;Cuv\u00e9e des Cadettes&quot; rouge 2017 - a dry Mourv\u00e8dre blend from Southern Rh\u00f4ne, France - at Wein Werte, your sustainable online shop.\" \/>\n<meta property=\"og:url\" content=\"https:\/\/wein-werte.com\/en\/product\/la-nerthe-chateauneuf-du-pape-cuvee-des-cadettes-rouge-2017-750ml\/\" \/>\n<meta property=\"og:site_name\" content=\"Wein Werte\" \/>\n<meta property=\"og:image\" content=\"https:\/\/wein-werte.com\/wp-content\/uploads\/2026\/04\/La-Nerthe-Chateauneuf-du-Pape-Cuvee-des-Cadettes-rouge-2017-750ml.png\" \/>\n\t<meta property=\"og:image:width\" content=\"323\" \/>\n\t<meta property=\"og:image:height\" content=\"1200\" \/>\n\t<meta property=\"og:image:type\" content=\"image\/png\" \/>\n<meta name=\"twitter:card\" content=\"summary_large_image\" \/>\n<meta name=\"twitter:label1\" content=\"Est. reading time\" \/>\n\t<meta name=\"twitter:data1\" content=\"1 minute\" \/>\n<script type=\"application\/ld+json\" class=\"yoast-schema-graph\">{\"@context\":\"https:\\\/\\\/schema.org\",\"@graph\":[{\"@type\":\"WebPage\",\"@id\":\"https:\\\/\\\/wein-werte.com\\\/en\\\/product\\\/la-nerthe-chateauneuf-du-pape-cuvee-des-cadettes-rouge-2017-750ml\\\/\",\"url\":\"https:\\\/\\\/wein-werte.com\\\/en\\\/product\\\/la-nerthe-chateauneuf-du-pape-cuvee-des-cadettes-rouge-2017-750ml\\\/\",\"name\":\"La Nerthe Ch\u00e2teauneuf-du-Pape \\\"Cuv\u00e9e des Cadettes\\\" rouge 2017\",\"isPartOf\":{\"@id\":\"https:\\\/\\\/wein-werte.com\\\/de\\\/#website\"},\"primaryImageOfPage\":{\"@id\":\"https:\\\/\\\/wein-werte.com\\\/en\\\/product\\\/la-nerthe-chateauneuf-du-pape-cuvee-des-cadettes-rouge-2017-750ml\\\/#primaryimage\"},\"image\":{\"@id\":\"https:\\\/\\\/wein-werte.com\\\/en\\\/product\\\/la-nerthe-chateauneuf-du-pape-cuvee-des-cadettes-rouge-2017-750ml\\\/#primaryimage\"},\"thumbnailUrl\":\"https:\\\/\\\/wein-werte.com\\\/wp-content\\\/uploads\\\/2026\\\/04\\\/La-Nerthe-Chateauneuf-du-Pape-Cuvee-des-Cadettes-rouge-2017-750ml.png\",\"datePublished\":\"2026-05-05T16:13:06+00:00\",\"description\":\"Buy La Nerthe Ch\u00e2teauneuf-du-Pape \\\"Cuv\u00e9e des Cadettes\\\" rouge 2017 - a dry Mourv\u00e8dre blend from Southern Rh\u00f4ne, France - at Wein Werte, your sustainable online shop.\",\"breadcrumb\":{\"@id\":\"https:\\\/\\\/wein-werte.com\\\/en\\\/product\\\/la-nerthe-chateauneuf-du-pape-cuvee-des-cadettes-rouge-2017-750ml\\\/#breadcrumb\"},\"inLanguage\":\"en-US\",\"potentialAction\":[{\"@type\":\"ReadAction\",\"target\":[\"https:\\\/\\\/wein-werte.com\\\/en\\\/product\\\/la-nerthe-chateauneuf-du-pape-cuvee-des-cadettes-rouge-2017-750ml\\\/\"]}]},{\"@type\":\"ImageObject\",\"inLanguage\":\"en-US\",\"@id\":\"https:\\\/\\\/wein-werte.com\\\/en\\\/product\\\/la-nerthe-chateauneuf-du-pape-cuvee-des-cadettes-rouge-2017-750ml\\\/#primaryimage\",\"url\":\"https:\\\/\\\/wein-werte.com\\\/wp-content\\\/uploads\\\/2026\\\/04\\\/La-Nerthe-Chateauneuf-du-Pape-Cuvee-des-Cadettes-rouge-2017-750ml.png\",\"contentUrl\":\"https:\\\/\\\/wein-werte.com\\\/wp-content\\\/uploads\\\/2026\\\/04\\\/La-Nerthe-Chateauneuf-du-Pape-Cuvee-des-Cadettes-rouge-2017-750ml.png\",\"width\":323,\"height\":1200,\"caption\":\"La Nerthe Ch\u00e2teauneuf-du-Pape \\\"Cuv\u00e9e des Cadettes\\\" Rouge AOC 2017 750ml\"},{\"@type\":\"BreadcrumbList\",\"@id\":\"https:\\\/\\\/wein-werte.com\\\/en\\\/product\\\/la-nerthe-chateauneuf-du-pape-cuvee-des-cadettes-rouge-2017-750ml\\\/#breadcrumb\",\"itemListElement\":[{\"@type\":\"ListItem\",\"position\":1,\"name\":\"Home\",\"item\":\"https:\\\/\\\/wein-werte.com\\\/en\\\/\"},{\"@type\":\"ListItem\",\"position\":2,\"name\":\"Shop Page\",\"item\":\"https:\\\/\\\/wein-werte.com\\\/en\\\/shop\\\/\"},{\"@type\":\"ListItem\",\"position\":3,\"name\":\"La Nerthe | Southern Rh\u00f4ne | Ch\u00e2teauneuf-du-Pape &#8220;Cuv\u00e9e des Cadettes&#8221; Rouge AOC | 2017 | 750ml | bio\"}]},{\"@type\":\"WebSite\",\"@id\":\"https:\\\/\\\/wein-werte.com\\\/de\\\/#website\",\"url\":\"https:\\\/\\\/wein-werte.com\\\/de\\\/\",\"name\":\"Wein Werte\",\"description\":\"\",\"publisher\":{\"@id\":\"https:\\\/\\\/wein-werte.com\\\/de\\\/#organization\"},\"potentialAction\":[{\"@type\":\"SearchAction\",\"target\":{\"@type\":\"EntryPoint\",\"urlTemplate\":\"https:\\\/\\\/wein-werte.com\\\/de\\\/?s={search_term_string}\"},\"query-input\":{\"@type\":\"PropertyValueSpecification\",\"valueRequired\":true,\"valueName\":\"search_term_string\"}}],\"inLanguage\":\"en-US\"},{\"@type\":\"Organization\",\"@id\":\"https:\\\/\\\/wein-werte.com\\\/de\\\/#organization\",\"name\":\"Vins Fins Thorrold\",\"url\":\"https:\\\/\\\/wein-werte.com\\\/de\\\/\",\"logo\":{\"@type\":\"ImageObject\",\"inLanguage\":\"en-US\",\"@id\":\"https:\\\/\\\/wein-werte.com\\\/de\\\/#\\\/schema\\\/logo\\\/image\\\/\",\"url\":\"https:\\\/\\\/wein-werte.com\\\/wp-content\\\/uploads\\\/2023\\\/07\\\/Wein_werte_Logo700-1.png\",\"contentUrl\":\"https:\\\/\\\/wein-werte.com\\\/wp-content\\\/uploads\\\/2023\\\/07\\\/Wein_werte_Logo700-1.png\",\"width\":700,\"height\":272,\"caption\":\"Vins Fins Thorrold\"},\"image\":{\"@id\":\"https:\\\/\\\/wein-werte.com\\\/de\\\/#\\\/schema\\\/logo\\\/image\\\/\"}}]}<\/script>\n<!-- \/ Yoast SEO plugin. -->","yoast_head_json":{"title":"La Nerthe Ch\u00e2teauneuf-du-Pape \"Cuv\u00e9e des Cadettes\" rouge 2017","description":"Buy La Nerthe Ch\u00e2teauneuf-du-Pape \"Cuv\u00e9e des Cadettes\" rouge 2017 - a dry Mourv\u00e8dre blend from Southern Rh\u00f4ne, France - at Wein Werte, your sustainable online shop.","robots":{"index":"index","follow":"follow","max-snippet":"max-snippet:-1","max-image-preview":"max-image-preview:large","max-video-preview":"max-video-preview:-1"},"canonical":"https:\/\/wein-werte.com\/en\/product\/la-nerthe-chateauneuf-du-pape-cuvee-des-cadettes-rouge-2017-750ml\/","og_locale":"en_US","og_type":"article","og_title":"La Nerthe Ch\u00e2teauneuf-du-Pape \"Cuv\u00e9e des Cadettes\" rouge 2017","og_description":"Buy La Nerthe Ch\u00e2teauneuf-du-Pape \"Cuv\u00e9e des Cadettes\" rouge 2017 - a dry Mourv\u00e8dre blend from Southern Rh\u00f4ne, France - at Wein Werte, your sustainable online shop.","og_url":"https:\/\/wein-werte.com\/en\/product\/la-nerthe-chateauneuf-du-pape-cuvee-des-cadettes-rouge-2017-750ml\/","og_site_name":"Wein Werte","og_image":[{"width":323,"height":1200,"url":"https:\/\/wein-werte.com\/wp-content\/uploads\/2026\/04\/La-Nerthe-Chateauneuf-du-Pape-Cuvee-des-Cadettes-rouge-2017-750ml.png","type":"image\/png"}],"twitter_card":"summary_large_image","twitter_misc":{"Est. reading time":"1 minute"},"schema":{"@context":"https:\/\/schema.org","@graph":[{"@type":"WebPage","@id":"https:\/\/wein-werte.com\/en\/product\/la-nerthe-chateauneuf-du-pape-cuvee-des-cadettes-rouge-2017-750ml\/","url":"https:\/\/wein-werte.com\/en\/product\/la-nerthe-chateauneuf-du-pape-cuvee-des-cadettes-rouge-2017-750ml\/","name":"La Nerthe Ch\u00e2teauneuf-du-Pape \"Cuv\u00e9e des Cadettes\" rouge 2017","isPartOf":{"@id":"https:\/\/wein-werte.com\/de\/#website"},"primaryImageOfPage":{"@id":"https:\/\/wein-werte.com\/en\/product\/la-nerthe-chateauneuf-du-pape-cuvee-des-cadettes-rouge-2017-750ml\/#primaryimage"},"image":{"@id":"https:\/\/wein-werte.com\/en\/product\/la-nerthe-chateauneuf-du-pape-cuvee-des-cadettes-rouge-2017-750ml\/#primaryimage"},"thumbnailUrl":"https:\/\/wein-werte.com\/wp-content\/uploads\/2026\/04\/La-Nerthe-Chateauneuf-du-Pape-Cuvee-des-Cadettes-rouge-2017-750ml.png","datePublished":"2026-05-05T16:13:06+00:00","description":"Buy La Nerthe Ch\u00e2teauneuf-du-Pape \"Cuv\u00e9e des Cadettes\" rouge 2017 - a dry Mourv\u00e8dre blend from Southern Rh\u00f4ne, France - at Wein Werte, your sustainable online shop.","breadcrumb":{"@id":"https:\/\/wein-werte.com\/en\/product\/la-nerthe-chateauneuf-du-pape-cuvee-des-cadettes-rouge-2017-750ml\/#breadcrumb"},"inLanguage":"en-US","potentialAction":[{"@type":"ReadAction","target":["https:\/\/wein-werte.com\/en\/product\/la-nerthe-chateauneuf-du-pape-cuvee-des-cadettes-rouge-2017-750ml\/"]}]},{"@type":"ImageObject","inLanguage":"en-US","@id":"https:\/\/wein-werte.com\/en\/product\/la-nerthe-chateauneuf-du-pape-cuvee-des-cadettes-rouge-2017-750ml\/#primaryimage","url":"https:\/\/wein-werte.com\/wp-content\/uploads\/2026\/04\/La-Nerthe-Chateauneuf-du-Pape-Cuvee-des-Cadettes-rouge-2017-750ml.png","contentUrl":"https:\/\/wein-werte.com\/wp-content\/uploads\/2026\/04\/La-Nerthe-Chateauneuf-du-Pape-Cuvee-des-Cadettes-rouge-2017-750ml.png","width":323,"height":1200,"caption":"La Nerthe Ch\u00e2teauneuf-du-Pape \"Cuv\u00e9e des Cadettes\" Rouge AOC 2017 750ml"},{"@type":"BreadcrumbList","@id":"https:\/\/wein-werte.com\/en\/product\/la-nerthe-chateauneuf-du-pape-cuvee-des-cadettes-rouge-2017-750ml\/#breadcrumb","itemListElement":[{"@type":"ListItem","position":1,"name":"Home","item":"https:\/\/wein-werte.com\/en\/"},{"@type":"ListItem","position":2,"name":"Shop Page","item":"https:\/\/wein-werte.com\/en\/shop\/"},{"@type":"ListItem","position":3,"name":"La Nerthe | Southern Rh\u00f4ne | Ch\u00e2teauneuf-du-Pape &#8220;Cuv\u00e9e des Cadettes&#8221; Rouge AOC | 2017 | 750ml | bio"}]},{"@type":"WebSite","@id":"https:\/\/wein-werte.com\/de\/#website","url":"https:\/\/wein-werte.com\/de\/","name":"Wein Werte","description":"","publisher":{"@id":"https:\/\/wein-werte.com\/de\/#organization"},"potentialAction":[{"@type":"SearchAction","target":{"@type":"EntryPoint","urlTemplate":"https:\/\/wein-werte.com\/de\/?s={search_term_string}"},"query-input":{"@type":"PropertyValueSpecification","valueRequired":true,"valueName":"search_term_string"}}],"inLanguage":"en-US"},{"@type":"Organization","@id":"https:\/\/wein-werte.com\/de\/#organization","name":"Vins Fins Thorrold","url":"https:\/\/wein-werte.com\/de\/","logo":{"@type":"ImageObject","inLanguage":"en-US","@id":"https:\/\/wein-werte.com\/de\/#\/schema\/logo\/image\/","url":"https:\/\/wein-werte.com\/wp-content\/uploads\/2023\/07\/Wein_werte_Logo700-1.png","contentUrl":"https:\/\/wein-werte.com\/wp-content\/uploads\/2023\/07\/Wein_werte_Logo700-1.png","width":700,"height":272,"caption":"Vins Fins Thorrold"},"image":{"@id":"https:\/\/wein-werte.com\/de\/#\/schema\/logo\/image\/"}}]}},"_links":{"self":[{"href":"https:\/\/wein-werte.com\/en\/wp-json\/wp\/v2\/product\/1123479","targetHints":{"allow":["GET"]}}],"collection":[{"href":"https:\/\/wein-werte.com\/en\/wp-json\/wp\/v2\/product"}],"about":[{"href":"https:\/\/wein-werte.com\/en\/wp-json\/wp\/v2\/types\/product"}],"wp:featuredmedia":[{"embeddable":true,"href":"https:\/\/wein-werte.com\/en\/wp-json\/wp\/v2\/media\/1140229"}],"wp:attachment":[{"href":"https:\/\/wein-werte.com\/en\/wp-json\/wp\/v2\/media?parent=1123479"}],"wp:term":[{"taxonomy":"product_brand","embeddable":true,"href":"https:\/\/wein-werte.com\/en\/wp-json\/wp\/v2\/product_brand?post=1123479"},{"taxonomy":"product_cat","embeddable":true,"href":"https:\/\/wein-werte.com\/en\/wp-json\/wp\/v2\/product_cat?post=1123479"},{"taxonomy":"product_tag","embeddable":true,"href":"https:\/\/wein-werte.com\/en\/wp-json\/wp\/v2\/product_tag?post=1123479"}],"curies":[{"name":"wp","href":"https:\/\/api.w.org\/{rel}","templated":true}]}}