{"id":1123418,"date":"2026-05-12T15:41:30","date_gmt":"2026-05-12T13:41:30","guid":{"rendered":"https:\/\/wein-werte.com\/product\/abbatucci-general-de-la-revolution-blanc-2017-750ml\/"},"modified":"2026-05-13T15:11:33","modified_gmt":"2026-05-13T13:11:33","slug":"abbatucci-general-de-la-revolution-blanc-2017-750ml","status":"publish","type":"product","link":"https:\/\/wein-werte.com\/en\/product\/abbatucci-general-de-la-revolution-blanc-2017-750ml\/","title":{"rendered":"Abbatucci | Corsica | G\u00e9n\u00e9ral de la R\u00e9volution, Blanc VdF | 2017 | 750ml | bio"},"content":{"rendered":"<p>Product description for Abbatucci G\u00e9n\u00e9ral de la R\u00e9volution, Blanc VdF 2017 (bio)<\/p>\n<p>The Abbatuccis are a long-established Corsican family. Their most famous members were General of the Revolution, Diplomate of the Empire, and Ministre Imp\u00e9rial. Today, three of Corsica&#8217;s most impressive wines pay tribute to their illustrious ancestors. The move toward the future began in 2000, when Jean-Charles embraced biodynamic farming and focused on the heritage of ancient grape varieties. The domaine&#8217;s terroir consists of granite covered with sand and silt, facing north and northeast with slight variations. This exposure naturally ensures freshness and excitement in the wines. The grapes are harvested by hand, and transported to the cellar in crates, where the harvest is systematically selected. Fermentation is carried out by spontaneous yeasts, while the white wines are aged on their lees without stirring, filtering only when necessary. The second top-quality white cuv\u00e9e is also based on Vermentinu, but this time combined with Rossola Brandica, Riminese, Carcaghjolu Biancu, Biancone, and Paga Debbiti. Production: 4,000 bottles. Vinified in the same way as Diplomate, it presents itself completely differently. &#8220;The character of the G\u00e9n\u00e9ral is truly full of tension and minerality, with great length on the palate,&#8221; explains Jean-Charles. &#8220;If you drink the G\u00e9n\u00e9ral young, it is somewhat discreet; like a general, it won&#8217;t reveal itself immediately. However, with age, it gains in dimension while preserving its tension and minerality.&#8221; It then displays a variety of aromas, dominated by the herbs of the maquis and citrus fruits. It is extraordinarily stimulating and has a very long finish with a mouthwatering salinity. <\/p>\n<h5>Colour<\/h5>\n<p> Brilliant pale gold with greenish reflections <\/p>\n<h5>Nose<\/h5>\n<p> For the second white cuv\u00e9e in the collection, Jean-Charles Abbatucci blended five native varieties with Vermentinu: Rossola Brandinca, Riminese, Carcaghjolo Bianco, Biancone, and Paga Debbiti. A diverse aroma of herbs and wildflowers such as chamomile, lemon verbena, thyme, and peppermint leads to citrus fruits such as lemon, grapefruit, and clementine, followed by green apples, pear skins, and white peaches: all in all, a surprisingly open, very fresh, and wonderfully stimulating aroma for a G\u00e9n\u00e9ral. <\/p>\n<h5>Taste<\/h5>\n<p> The G\u00e9n\u00e9ral, from the very sunny 2017 vintage, also surprises in the mouth with immense freshness and power, along with its expressive minerality, which lends it outstanding tension and almost overshadows its silky, creamy texture. Its freshness pairs with very intense, slightly candied citrus aromas, especially citron, and the salty, stony minerality. The result is taut, agile, lean, subliminally vibrant with sublime bitter tones and a stimulating, mouthwatering finish. Sensational!<\/p>\n<p>Copyright Vinaturel 2025<\/p>\n<p>Keywords: <a href=\"https:\/\/wein-werte.com\/shop\/?swoof=1&#038;pa_producer=Abbatucci\">Abbatucci<\/a> <a href=\"https:\/\/wein-werte.com\/shop\/?swoof=1&#038;woof_text=G\u00e9n\u00e9ral de la R\u00e9volution, Blanc VdF\">G\u00e9n\u00e9ral de la R\u00e9volution, Blanc VdF<\/a> 2017 bio <a href=\"https:\/\/wein-werte.com\/shop\/?swoof=1&#038;pa_region=Corsica\">Corsica<\/a> <a href=\"https:\/\/wein-werte.com\/shop\/?swoof=1&#038;pa_country=France\">France<\/a><\/p>\n<p>Producer website: <a href=\"https:\/\/domaine-abbatucci.com\/\" target=\"_blank\">https:\/\/domaine-abbatucci.com\/<\/a><\/p>\n","protected":false},"excerpt":{"rendered":"<div style=\"font-size: 14px;\">\n<p>Delivery time: 1 to 2 working days (DE), 2 to 5 working days (EU and CH)<\/p>\n<p>Approximate energy content per 125ml glass: 110 kcal<\/p>\n<\/p><\/div>\n","protected":false},"featured_media":1139993,"template":"","meta":[],"product_brand":[],"product_cat":[19],"product_tag":[],"class_list":{"0":"post-1123418","1":"product","2":"type-product","3":"status-publish","4":"has-post-thumbnail","6":"product_cat-unkategorisiert","7":"pa_alcohol-for-filter-12892","8":"pa_certified-biodynamic-yes","9":"pa_certified-organic-yes","10":"pa_colour-white","11":"pa_country-france","12":"pa_grape-vermentino-blend","13":"pa_price-for-filter-10639","14":"pa_producer-abbatucci","15":"pa_region-corsica","16":"pa_size-ml-6584","17":"pa_sweetness-dry","18":"pa_type-2-still","19":"pa_vintage-6612","20":"entry","21":"has-media","23":"first","24":"instock","25":"taxable","26":"shipping-taxable","27":"purchasable","28":"product-type-simple"},"yoast_head":"<!-- This site is optimized with the Yoast SEO plugin v27.6 - https:\/\/yoast.com\/product\/yoast-seo-wordpress\/ -->\n<title>Abbatucci G\u00e9n\u00e9ral de la R\u00e9volution blanc 2017 750ml<\/title>\n<meta name=\"description\" content=\"Buy Abbatucci G\u00e9n\u00e9ral de la R\u00e9volution blanc 2017 - a dry Vermentino blend from Corsica, France - at Wein Werte, your sustainable online shop.\" \/>\n<meta name=\"robots\" content=\"index, follow, max-snippet:-1, max-image-preview:large, max-video-preview:-1\" \/>\n<link rel=\"canonical\" href=\"https:\/\/wein-werte.com\/en\/product\/abbatucci-general-de-la-revolution-blanc-2017-750ml\/\" \/>\n<meta property=\"og:locale\" content=\"en_US\" \/>\n<meta property=\"og:type\" content=\"article\" \/>\n<meta property=\"og:title\" content=\"Abbatucci G\u00e9n\u00e9ral de la R\u00e9volution blanc 2017 750ml\" \/>\n<meta property=\"og:description\" content=\"Buy Abbatucci G\u00e9n\u00e9ral de la R\u00e9volution blanc 2017 - a dry Vermentino blend from Corsica, France - at Wein Werte, your sustainable online shop.\" \/>\n<meta property=\"og:url\" content=\"https:\/\/wein-werte.com\/en\/product\/abbatucci-general-de-la-revolution-blanc-2017-750ml\/\" \/>\n<meta property=\"og:site_name\" content=\"Wein Werte\" \/>\n<meta property=\"article:modified_time\" content=\"2026-05-13T13:11:33+00:00\" \/>\n<meta property=\"og:image\" content=\"https:\/\/wein-werte.com\/wp-content\/uploads\/2026\/04\/Abbatucci-General-de-la-Revolution-blanc-2017-750ml.png\" \/>\n\t<meta property=\"og:image:width\" content=\"306\" \/>\n\t<meta property=\"og:image:height\" content=\"1200\" \/>\n\t<meta property=\"og:image:type\" content=\"image\/png\" \/>\n<meta name=\"twitter:card\" content=\"summary_large_image\" \/>\n<meta name=\"twitter:label1\" content=\"Est. reading time\" \/>\n\t<meta name=\"twitter:data1\" content=\"2 minutes\" \/>\n<script type=\"application\/ld+json\" class=\"yoast-schema-graph\">{\"@context\":\"https:\\\/\\\/schema.org\",\"@graph\":[{\"@type\":\"WebPage\",\"@id\":\"https:\\\/\\\/wein-werte.com\\\/en\\\/product\\\/abbatucci-general-de-la-revolution-blanc-2017-750ml\\\/\",\"url\":\"https:\\\/\\\/wein-werte.com\\\/en\\\/product\\\/abbatucci-general-de-la-revolution-blanc-2017-750ml\\\/\",\"name\":\"Abbatucci G\u00e9n\u00e9ral de la R\u00e9volution blanc 2017 750ml\",\"isPartOf\":{\"@id\":\"https:\\\/\\\/wein-werte.com\\\/de\\\/#website\"},\"primaryImageOfPage\":{\"@id\":\"https:\\\/\\\/wein-werte.com\\\/en\\\/product\\\/abbatucci-general-de-la-revolution-blanc-2017-750ml\\\/#primaryimage\"},\"image\":{\"@id\":\"https:\\\/\\\/wein-werte.com\\\/en\\\/product\\\/abbatucci-general-de-la-revolution-blanc-2017-750ml\\\/#primaryimage\"},\"thumbnailUrl\":\"https:\\\/\\\/wein-werte.com\\\/wp-content\\\/uploads\\\/2026\\\/04\\\/Abbatucci-General-de-la-Revolution-blanc-2017-750ml.png\",\"datePublished\":\"2026-05-12T13:41:30+00:00\",\"dateModified\":\"2026-05-13T13:11:33+00:00\",\"description\":\"Buy Abbatucci G\u00e9n\u00e9ral de la R\u00e9volution blanc 2017 - a dry Vermentino blend from Corsica, France - at Wein Werte, your sustainable online shop.\",\"breadcrumb\":{\"@id\":\"https:\\\/\\\/wein-werte.com\\\/en\\\/product\\\/abbatucci-general-de-la-revolution-blanc-2017-750ml\\\/#breadcrumb\"},\"inLanguage\":\"en-US\",\"potentialAction\":[{\"@type\":\"ReadAction\",\"target\":[\"https:\\\/\\\/wein-werte.com\\\/en\\\/product\\\/abbatucci-general-de-la-revolution-blanc-2017-750ml\\\/\"]}]},{\"@type\":\"ImageObject\",\"inLanguage\":\"en-US\",\"@id\":\"https:\\\/\\\/wein-werte.com\\\/en\\\/product\\\/abbatucci-general-de-la-revolution-blanc-2017-750ml\\\/#primaryimage\",\"url\":\"https:\\\/\\\/wein-werte.com\\\/wp-content\\\/uploads\\\/2026\\\/04\\\/Abbatucci-General-de-la-Revolution-blanc-2017-750ml.png\",\"contentUrl\":\"https:\\\/\\\/wein-werte.com\\\/wp-content\\\/uploads\\\/2026\\\/04\\\/Abbatucci-General-de-la-Revolution-blanc-2017-750ml.png\",\"width\":306,\"height\":1200,\"caption\":\"Abbatucci G\u00e9n\u00e9ral de la R\u00e9volution, Blanc VdF 2017 750ml\"},{\"@type\":\"BreadcrumbList\",\"@id\":\"https:\\\/\\\/wein-werte.com\\\/en\\\/product\\\/abbatucci-general-de-la-revolution-blanc-2017-750ml\\\/#breadcrumb\",\"itemListElement\":[{\"@type\":\"ListItem\",\"position\":1,\"name\":\"Home\",\"item\":\"https:\\\/\\\/wein-werte.com\\\/en\\\/\"},{\"@type\":\"ListItem\",\"position\":2,\"name\":\"Shop Page\",\"item\":\"https:\\\/\\\/wein-werte.com\\\/en\\\/shop\\\/\"},{\"@type\":\"ListItem\",\"position\":3,\"name\":\"Abbatucci | Corsica | G\u00e9n\u00e9ral de la R\u00e9volution, Blanc VdF | 2017 | 750ml | bio\"}]},{\"@type\":\"WebSite\",\"@id\":\"https:\\\/\\\/wein-werte.com\\\/de\\\/#website\",\"url\":\"https:\\\/\\\/wein-werte.com\\\/de\\\/\",\"name\":\"Wein Werte\",\"description\":\"\",\"publisher\":{\"@id\":\"https:\\\/\\\/wein-werte.com\\\/de\\\/#organization\"},\"potentialAction\":[{\"@type\":\"SearchAction\",\"target\":{\"@type\":\"EntryPoint\",\"urlTemplate\":\"https:\\\/\\\/wein-werte.com\\\/de\\\/?s={search_term_string}\"},\"query-input\":{\"@type\":\"PropertyValueSpecification\",\"valueRequired\":true,\"valueName\":\"search_term_string\"}}],\"inLanguage\":\"en-US\"},{\"@type\":\"Organization\",\"@id\":\"https:\\\/\\\/wein-werte.com\\\/de\\\/#organization\",\"name\":\"Vins Fins Thorrold\",\"url\":\"https:\\\/\\\/wein-werte.com\\\/de\\\/\",\"logo\":{\"@type\":\"ImageObject\",\"inLanguage\":\"en-US\",\"@id\":\"https:\\\/\\\/wein-werte.com\\\/de\\\/#\\\/schema\\\/logo\\\/image\\\/\",\"url\":\"https:\\\/\\\/wein-werte.com\\\/wp-content\\\/uploads\\\/2023\\\/07\\\/Wein_werte_Logo700-1.png\",\"contentUrl\":\"https:\\\/\\\/wein-werte.com\\\/wp-content\\\/uploads\\\/2023\\\/07\\\/Wein_werte_Logo700-1.png\",\"width\":700,\"height\":272,\"caption\":\"Vins Fins Thorrold\"},\"image\":{\"@id\":\"https:\\\/\\\/wein-werte.com\\\/de\\\/#\\\/schema\\\/logo\\\/image\\\/\"}}]}<\/script>\n<!-- \/ Yoast SEO plugin. -->","yoast_head_json":{"title":"Abbatucci G\u00e9n\u00e9ral de la R\u00e9volution blanc 2017 750ml","description":"Buy Abbatucci G\u00e9n\u00e9ral de la R\u00e9volution blanc 2017 - a dry Vermentino blend from Corsica, France - at Wein Werte, your sustainable online shop.","robots":{"index":"index","follow":"follow","max-snippet":"max-snippet:-1","max-image-preview":"max-image-preview:large","max-video-preview":"max-video-preview:-1"},"canonical":"https:\/\/wein-werte.com\/en\/product\/abbatucci-general-de-la-revolution-blanc-2017-750ml\/","og_locale":"en_US","og_type":"article","og_title":"Abbatucci G\u00e9n\u00e9ral de la R\u00e9volution blanc 2017 750ml","og_description":"Buy Abbatucci G\u00e9n\u00e9ral de la R\u00e9volution blanc 2017 - a dry Vermentino blend from Corsica, France - at Wein Werte, your sustainable online shop.","og_url":"https:\/\/wein-werte.com\/en\/product\/abbatucci-general-de-la-revolution-blanc-2017-750ml\/","og_site_name":"Wein Werte","article_modified_time":"2026-05-13T13:11:33+00:00","og_image":[{"width":306,"height":1200,"url":"https:\/\/wein-werte.com\/wp-content\/uploads\/2026\/04\/Abbatucci-General-de-la-Revolution-blanc-2017-750ml.png","type":"image\/png"}],"twitter_card":"summary_large_image","twitter_misc":{"Est. reading time":"2 minutes"},"schema":{"@context":"https:\/\/schema.org","@graph":[{"@type":"WebPage","@id":"https:\/\/wein-werte.com\/en\/product\/abbatucci-general-de-la-revolution-blanc-2017-750ml\/","url":"https:\/\/wein-werte.com\/en\/product\/abbatucci-general-de-la-revolution-blanc-2017-750ml\/","name":"Abbatucci G\u00e9n\u00e9ral de la R\u00e9volution blanc 2017 750ml","isPartOf":{"@id":"https:\/\/wein-werte.com\/de\/#website"},"primaryImageOfPage":{"@id":"https:\/\/wein-werte.com\/en\/product\/abbatucci-general-de-la-revolution-blanc-2017-750ml\/#primaryimage"},"image":{"@id":"https:\/\/wein-werte.com\/en\/product\/abbatucci-general-de-la-revolution-blanc-2017-750ml\/#primaryimage"},"thumbnailUrl":"https:\/\/wein-werte.com\/wp-content\/uploads\/2026\/04\/Abbatucci-General-de-la-Revolution-blanc-2017-750ml.png","datePublished":"2026-05-12T13:41:30+00:00","dateModified":"2026-05-13T13:11:33+00:00","description":"Buy Abbatucci G\u00e9n\u00e9ral de la R\u00e9volution blanc 2017 - a dry Vermentino blend from Corsica, France - at Wein Werte, your sustainable online shop.","breadcrumb":{"@id":"https:\/\/wein-werte.com\/en\/product\/abbatucci-general-de-la-revolution-blanc-2017-750ml\/#breadcrumb"},"inLanguage":"en-US","potentialAction":[{"@type":"ReadAction","target":["https:\/\/wein-werte.com\/en\/product\/abbatucci-general-de-la-revolution-blanc-2017-750ml\/"]}]},{"@type":"ImageObject","inLanguage":"en-US","@id":"https:\/\/wein-werte.com\/en\/product\/abbatucci-general-de-la-revolution-blanc-2017-750ml\/#primaryimage","url":"https:\/\/wein-werte.com\/wp-content\/uploads\/2026\/04\/Abbatucci-General-de-la-Revolution-blanc-2017-750ml.png","contentUrl":"https:\/\/wein-werte.com\/wp-content\/uploads\/2026\/04\/Abbatucci-General-de-la-Revolution-blanc-2017-750ml.png","width":306,"height":1200,"caption":"Abbatucci G\u00e9n\u00e9ral de la R\u00e9volution, Blanc VdF 2017 750ml"},{"@type":"BreadcrumbList","@id":"https:\/\/wein-werte.com\/en\/product\/abbatucci-general-de-la-revolution-blanc-2017-750ml\/#breadcrumb","itemListElement":[{"@type":"ListItem","position":1,"name":"Home","item":"https:\/\/wein-werte.com\/en\/"},{"@type":"ListItem","position":2,"name":"Shop Page","item":"https:\/\/wein-werte.com\/en\/shop\/"},{"@type":"ListItem","position":3,"name":"Abbatucci | Corsica | G\u00e9n\u00e9ral de la R\u00e9volution, Blanc VdF | 2017 | 750ml | bio"}]},{"@type":"WebSite","@id":"https:\/\/wein-werte.com\/de\/#website","url":"https:\/\/wein-werte.com\/de\/","name":"Wein Werte","description":"","publisher":{"@id":"https:\/\/wein-werte.com\/de\/#organization"},"potentialAction":[{"@type":"SearchAction","target":{"@type":"EntryPoint","urlTemplate":"https:\/\/wein-werte.com\/de\/?s={search_term_string}"},"query-input":{"@type":"PropertyValueSpecification","valueRequired":true,"valueName":"search_term_string"}}],"inLanguage":"en-US"},{"@type":"Organization","@id":"https:\/\/wein-werte.com\/de\/#organization","name":"Vins Fins Thorrold","url":"https:\/\/wein-werte.com\/de\/","logo":{"@type":"ImageObject","inLanguage":"en-US","@id":"https:\/\/wein-werte.com\/de\/#\/schema\/logo\/image\/","url":"https:\/\/wein-werte.com\/wp-content\/uploads\/2023\/07\/Wein_werte_Logo700-1.png","contentUrl":"https:\/\/wein-werte.com\/wp-content\/uploads\/2023\/07\/Wein_werte_Logo700-1.png","width":700,"height":272,"caption":"Vins Fins Thorrold"},"image":{"@id":"https:\/\/wein-werte.com\/de\/#\/schema\/logo\/image\/"}}]}},"_links":{"self":[{"href":"https:\/\/wein-werte.com\/en\/wp-json\/wp\/v2\/product\/1123418","targetHints":{"allow":["GET"]}}],"collection":[{"href":"https:\/\/wein-werte.com\/en\/wp-json\/wp\/v2\/product"}],"about":[{"href":"https:\/\/wein-werte.com\/en\/wp-json\/wp\/v2\/types\/product"}],"wp:featuredmedia":[{"embeddable":true,"href":"https:\/\/wein-werte.com\/en\/wp-json\/wp\/v2\/media\/1139993"}],"wp:attachment":[{"href":"https:\/\/wein-werte.com\/en\/wp-json\/wp\/v2\/media?parent=1123418"}],"wp:term":[{"taxonomy":"product_brand","embeddable":true,"href":"https:\/\/wein-werte.com\/en\/wp-json\/wp\/v2\/product_brand?post=1123418"},{"taxonomy":"product_cat","embeddable":true,"href":"https:\/\/wein-werte.com\/en\/wp-json\/wp\/v2\/product_cat?post=1123418"},{"taxonomy":"product_tag","embeddable":true,"href":"https:\/\/wein-werte.com\/en\/wp-json\/wp\/v2\/product_tag?post=1123418"}],"curies":[{"name":"wp","href":"https:\/\/api.w.org\/{rel}","templated":true}]}}