{"id":1123414,"date":"2026-05-08T19:58:43","date_gmt":"2026-05-08T17:58:43","guid":{"rendered":"https:\/\/wein-werte.com\/product\/clos-des-papes-chateauneuf-du-pape-blanc-2023-750ml\/"},"modified":"2026-05-08T19:58:43","modified_gmt":"2026-05-08T17:58:43","slug":"clos-des-papes-chateauneuf-du-pape-blanc-2023-750ml","status":"publish","type":"product","link":"https:\/\/wein-werte.com\/en\/product\/clos-des-papes-chateauneuf-du-pape-blanc-2023-750ml\/","title":{"rendered":"Clos des Papes | Southern Rh\u00f4ne | Ch\u00e2teauneuf-du-Pape Blanc AOC | 2023 | 750ml"},"content":{"rendered":"<p>Product description for Clos des Papes Ch\u00e2teauneuf-du-Pape Blanc AOC 2023 <\/p>\n<p>The 2023 Ch\u00e2teauneuf-du-Pape Blanc is a blend of Grenache Blanc, Clairette, Roussanne, Bourboulenc, Picpoul, and Picardan. For Paul-Vincent Avril, 2023 was the 37th vintage at the estate. Avril works with average yields of 20 hl\/ha, which is significantly lower than the AOC limit of 35 hl\/ha\u2014which is already low. Add to that the weather: &#8220;In six vintages, I&#8217;ve lost the equivalent of two. In &#8217;17, rot, -40%. In &#8217;18, mildew, -70%. &#8217;19 and &#8217;20 were good. In &#8217;21, almost 40% loss due to frost. In &#8217;22, hail, -40%.&#8221; The grapes were pressed directly as whole clusters, and all grape varieties were fermented together (gradually depending on ripeness) in a cement cuv\u00e9e at 18 to 21\u00b0C for four weeks. There is no malolactic fermentation here to preserve the acidity. The wine is then fermented and aged in large foudres. <\/p>\n<h5>Colour<\/h5>\n<p> light golden yellow <\/p>\n<h5>Nose<\/h5>\n<p> It is astonishing how open and inviting the Ch\u00e2teauneuf-du-Pape Blanc 2023, while still so young, already appears today. Decanting is recommended nonetheless. The cuv\u00e9e has a delicious, pure aroma of grapefruit and lemon peel, honeysuckle and clover, pears, and white peaches. This is overshadowed by a hint of reduction and crushed stone, fennel, and aniseed. It&#8217;s hard to classify this wine blindly as a Ch\u00e2teauneuf-du-Pape, as it appears so fresh and clear. <\/p>\n<h5>Palate<\/h5>\n<p> On the palate, however, this wine presents exactly what it should be: a Grand Cru among the white Ch\u00e2teauneuf-du-Pape, with a precisely calculated fullness and opulence, paired with freshness and minerality. It is a powerful yet elegant and complex wine with a silky consistency and ripe fruit of pears, quinces, and stone fruit, ripe citrus notes with tart zest, herbs, anise, and fennel seed, as well as a mouthwatering salinity on the finish.<\/p>\n<p>Copyright Vinaturel 2025<\/p>\n<p>Keywords: <a href=\"https:\/\/wein-werte.com\/shop\/?swoof=1&#038;pa_producer=Clos-des-Papes\">Clos des Papes<\/a> <a href=\"https:\/\/wein-werte.com\/shop\/?swoof=1&#038;woof_text=Ch\u00e2teauneuf-du-Pape Blanc AOC\">Ch\u00e2teauneuf-du-Pape Blanc AOC<\/a> 2023  <a href=\"https:\/\/wein-werte.com\/shop\/?swoof=1&#038;pa_region=Southern Rh\u00f4ne\">Southern-Rh\u00f4ne<\/a> <a href=\"https:\/\/wein-werte.com\/shop\/?swoof=1&#038;pa_country=France\">France<\/a><\/p>\n<h3>Wine Advocate<\/h3>\n<p>Score: 95<\/p>\n<p>Crafted from six permitted varieties in equal proportions, co-fermented and cold-settled for one night, the 2023 Chateauneuf du Pape Blanc from Clos des Papes exhales a delicate, complex bouquet of fennel, verbena, pear, iodine, herbs and acacia blossoms. Medium to full-bodied, pure and seamless, it&#8217;s built around bright acids, a layered, lovely structured texture and a long, ethereal, saline finish. The phenolic aftertaste adds a racy profile that I find particularly appealing.<br \/>Yohan Castaing<\/p>\n<h3>Vinous<\/h3>\n<p>Score: 94<\/p>\n<p>Vivid honeysuckle, lemon peel, ripe pear and spring blossom introduce the 2023 Ch\u00e2teauneuf-du-Pape Blanc. Fennel and grapefruit add more layers to what is yet another captivating white Clos des Papes from Paul-Vincent Avril. Medium-bodied and nicely balanced by mild acidity, the 2023 closes with delicate salinity on the persistent finale.<br \/>\n &#8212; Nicolas Greinacher<br \/>Drinking window: 2025 &#8211; 2040<br \/>Review date: Jun 2024<\/p>\n<p>Producer website: <a href=\"https:\/\/www.clos-des-papes.fr\/\" target=\"_blank\">https:\/\/www.clos-des-papes.fr\/<\/a><\/p>\n","protected":false},"excerpt":{"rendered":"<p>Delivery time: 1 to 2 working days (DE), 2 to 5 working days (EU and CH)<\/p>\n","protected":false},"featured_media":1139985,"template":"","meta":[],"product_brand":[],"product_cat":[19],"product_tag":[],"class_list":{"0":"post-1123414","1":"product","2":"type-product","3":"status-publish","4":"has-post-thumbnail","6":"product_cat-unkategorisiert","7":"pa_alcohol-for-filter-12892","8":"pa_certified-biodynamic-no","9":"pa_certified-organic-no","10":"pa_colour-white","11":"pa_country-france","12":"pa_grape-grenache-blanc-blend","13":"pa_parker-points-for-filter-16136","14":"pa_price-for-filter-10643","15":"pa_producer-clos-des-papes","16":"pa_region-southern-rhone","17":"pa_size-ml-6584","18":"pa_sweetness-dry","19":"pa_type-2-still","20":"pa_vinous-points-for-filter-16151","21":"pa_vintage-12619","22":"entry","23":"has-media","25":"first","26":"instock","27":"taxable","28":"shipping-taxable","29":"purchasable","30":"product-type-simple"},"yoast_head":"<!-- This site is optimized with the Yoast SEO plugin v27.5 - https:\/\/yoast.com\/product\/yoast-seo-wordpress\/ -->\n<title>Clos des Papes Ch\u00e2teauneuf-du-Pape blanc 2023<\/title>\n<meta name=\"description\" content=\"Buy Clos des Papes Ch\u00e2teauneuf-du-Pape blanc 2023 - a dry Grenache blanc blend from Southern Rh\u00f4ne, France - at Wein Werte, your sustainable online shop.\" \/>\n<meta name=\"robots\" content=\"index, follow, max-snippet:-1, max-image-preview:large, max-video-preview:-1\" \/>\n<link rel=\"canonical\" href=\"https:\/\/wein-werte.com\/en\/product\/clos-des-papes-chateauneuf-du-pape-blanc-2023-750ml\/\" \/>\n<meta property=\"og:locale\" content=\"en_US\" \/>\n<meta property=\"og:type\" content=\"article\" \/>\n<meta property=\"og:title\" content=\"Clos des Papes Ch\u00e2teauneuf-du-Pape blanc 2023\" \/>\n<meta property=\"og:description\" content=\"Buy Clos des Papes Ch\u00e2teauneuf-du-Pape blanc 2023 - a dry Grenache blanc blend from Southern Rh\u00f4ne, France - at Wein Werte, your sustainable online shop.\" \/>\n<meta property=\"og:url\" content=\"https:\/\/wein-werte.com\/en\/product\/clos-des-papes-chateauneuf-du-pape-blanc-2023-750ml\/\" \/>\n<meta property=\"og:site_name\" content=\"Wein Werte\" \/>\n<meta property=\"og:image\" content=\"https:\/\/wein-werte.com\/wp-content\/uploads\/2026\/04\/Clos-des-Papes-Chateauneuf-du-Pape-blanc-2023-750ml.png\" \/>\n\t<meta property=\"og:image:width\" content=\"319\" \/>\n\t<meta property=\"og:image:height\" content=\"1200\" \/>\n\t<meta property=\"og:image:type\" content=\"image\/png\" \/>\n<meta name=\"twitter:card\" content=\"summary_large_image\" \/>\n<meta name=\"twitter:label1\" content=\"Est. reading time\" \/>\n\t<meta name=\"twitter:data1\" content=\"2 minutes\" \/>\n<script type=\"application\/ld+json\" class=\"yoast-schema-graph\">{\"@context\":\"https:\\\/\\\/schema.org\",\"@graph\":[{\"@type\":\"WebPage\",\"@id\":\"https:\\\/\\\/wein-werte.com\\\/en\\\/product\\\/clos-des-papes-chateauneuf-du-pape-blanc-2023-750ml\\\/\",\"url\":\"https:\\\/\\\/wein-werte.com\\\/en\\\/product\\\/clos-des-papes-chateauneuf-du-pape-blanc-2023-750ml\\\/\",\"name\":\"Clos des Papes Ch\u00e2teauneuf-du-Pape blanc 2023\",\"isPartOf\":{\"@id\":\"https:\\\/\\\/wein-werte.com\\\/de\\\/#website\"},\"primaryImageOfPage\":{\"@id\":\"https:\\\/\\\/wein-werte.com\\\/en\\\/product\\\/clos-des-papes-chateauneuf-du-pape-blanc-2023-750ml\\\/#primaryimage\"},\"image\":{\"@id\":\"https:\\\/\\\/wein-werte.com\\\/en\\\/product\\\/clos-des-papes-chateauneuf-du-pape-blanc-2023-750ml\\\/#primaryimage\"},\"thumbnailUrl\":\"https:\\\/\\\/wein-werte.com\\\/wp-content\\\/uploads\\\/2026\\\/04\\\/Clos-des-Papes-Chateauneuf-du-Pape-blanc-2023-750ml.png\",\"datePublished\":\"2026-05-08T17:58:43+00:00\",\"description\":\"Buy Clos des Papes Ch\u00e2teauneuf-du-Pape blanc 2023 - a dry Grenache blanc blend from Southern Rh\u00f4ne, France - at Wein Werte, your sustainable online shop.\",\"breadcrumb\":{\"@id\":\"https:\\\/\\\/wein-werte.com\\\/en\\\/product\\\/clos-des-papes-chateauneuf-du-pape-blanc-2023-750ml\\\/#breadcrumb\"},\"inLanguage\":\"en-US\",\"potentialAction\":[{\"@type\":\"ReadAction\",\"target\":[\"https:\\\/\\\/wein-werte.com\\\/en\\\/product\\\/clos-des-papes-chateauneuf-du-pape-blanc-2023-750ml\\\/\"]}]},{\"@type\":\"ImageObject\",\"inLanguage\":\"en-US\",\"@id\":\"https:\\\/\\\/wein-werte.com\\\/en\\\/product\\\/clos-des-papes-chateauneuf-du-pape-blanc-2023-750ml\\\/#primaryimage\",\"url\":\"https:\\\/\\\/wein-werte.com\\\/wp-content\\\/uploads\\\/2026\\\/04\\\/Clos-des-Papes-Chateauneuf-du-Pape-blanc-2023-750ml.png\",\"contentUrl\":\"https:\\\/\\\/wein-werte.com\\\/wp-content\\\/uploads\\\/2026\\\/04\\\/Clos-des-Papes-Chateauneuf-du-Pape-blanc-2023-750ml.png\",\"width\":319,\"height\":1200,\"caption\":\"Clos des Papes Ch\u00e2teauneuf-du-Pape Blanc AOC 2023 750ml\"},{\"@type\":\"BreadcrumbList\",\"@id\":\"https:\\\/\\\/wein-werte.com\\\/en\\\/product\\\/clos-des-papes-chateauneuf-du-pape-blanc-2023-750ml\\\/#breadcrumb\",\"itemListElement\":[{\"@type\":\"ListItem\",\"position\":1,\"name\":\"Home\",\"item\":\"https:\\\/\\\/wein-werte.com\\\/en\\\/\"},{\"@type\":\"ListItem\",\"position\":2,\"name\":\"Shop Page\",\"item\":\"https:\\\/\\\/wein-werte.com\\\/en\\\/shop\\\/\"},{\"@type\":\"ListItem\",\"position\":3,\"name\":\"Clos des Papes | Southern Rh\u00f4ne | Ch\u00e2teauneuf-du-Pape Blanc AOC | 2023 | 750ml\"}]},{\"@type\":\"WebSite\",\"@id\":\"https:\\\/\\\/wein-werte.com\\\/de\\\/#website\",\"url\":\"https:\\\/\\\/wein-werte.com\\\/de\\\/\",\"name\":\"Wein Werte\",\"description\":\"\",\"publisher\":{\"@id\":\"https:\\\/\\\/wein-werte.com\\\/de\\\/#organization\"},\"potentialAction\":[{\"@type\":\"SearchAction\",\"target\":{\"@type\":\"EntryPoint\",\"urlTemplate\":\"https:\\\/\\\/wein-werte.com\\\/de\\\/?s={search_term_string}\"},\"query-input\":{\"@type\":\"PropertyValueSpecification\",\"valueRequired\":true,\"valueName\":\"search_term_string\"}}],\"inLanguage\":\"en-US\"},{\"@type\":\"Organization\",\"@id\":\"https:\\\/\\\/wein-werte.com\\\/de\\\/#organization\",\"name\":\"Vins Fins Thorrold\",\"url\":\"https:\\\/\\\/wein-werte.com\\\/de\\\/\",\"logo\":{\"@type\":\"ImageObject\",\"inLanguage\":\"en-US\",\"@id\":\"https:\\\/\\\/wein-werte.com\\\/de\\\/#\\\/schema\\\/logo\\\/image\\\/\",\"url\":\"https:\\\/\\\/wein-werte.com\\\/wp-content\\\/uploads\\\/2023\\\/07\\\/Wein_werte_Logo700-1.png\",\"contentUrl\":\"https:\\\/\\\/wein-werte.com\\\/wp-content\\\/uploads\\\/2023\\\/07\\\/Wein_werte_Logo700-1.png\",\"width\":700,\"height\":272,\"caption\":\"Vins Fins Thorrold\"},\"image\":{\"@id\":\"https:\\\/\\\/wein-werte.com\\\/de\\\/#\\\/schema\\\/logo\\\/image\\\/\"}}]}<\/script>\n<!-- \/ Yoast SEO plugin. -->","yoast_head_json":{"title":"Clos des Papes Ch\u00e2teauneuf-du-Pape blanc 2023","description":"Buy Clos des Papes Ch\u00e2teauneuf-du-Pape blanc 2023 - a dry Grenache blanc blend from Southern Rh\u00f4ne, France - at Wein Werte, your sustainable online shop.","robots":{"index":"index","follow":"follow","max-snippet":"max-snippet:-1","max-image-preview":"max-image-preview:large","max-video-preview":"max-video-preview:-1"},"canonical":"https:\/\/wein-werte.com\/en\/product\/clos-des-papes-chateauneuf-du-pape-blanc-2023-750ml\/","og_locale":"en_US","og_type":"article","og_title":"Clos des Papes Ch\u00e2teauneuf-du-Pape blanc 2023","og_description":"Buy Clos des Papes Ch\u00e2teauneuf-du-Pape blanc 2023 - a dry Grenache blanc blend from Southern Rh\u00f4ne, France - at Wein Werte, your sustainable online shop.","og_url":"https:\/\/wein-werte.com\/en\/product\/clos-des-papes-chateauneuf-du-pape-blanc-2023-750ml\/","og_site_name":"Wein Werte","og_image":[{"width":319,"height":1200,"url":"https:\/\/wein-werte.com\/wp-content\/uploads\/2026\/04\/Clos-des-Papes-Chateauneuf-du-Pape-blanc-2023-750ml.png","type":"image\/png"}],"twitter_card":"summary_large_image","twitter_misc":{"Est. reading time":"2 minutes"},"schema":{"@context":"https:\/\/schema.org","@graph":[{"@type":"WebPage","@id":"https:\/\/wein-werte.com\/en\/product\/clos-des-papes-chateauneuf-du-pape-blanc-2023-750ml\/","url":"https:\/\/wein-werte.com\/en\/product\/clos-des-papes-chateauneuf-du-pape-blanc-2023-750ml\/","name":"Clos des Papes Ch\u00e2teauneuf-du-Pape blanc 2023","isPartOf":{"@id":"https:\/\/wein-werte.com\/de\/#website"},"primaryImageOfPage":{"@id":"https:\/\/wein-werte.com\/en\/product\/clos-des-papes-chateauneuf-du-pape-blanc-2023-750ml\/#primaryimage"},"image":{"@id":"https:\/\/wein-werte.com\/en\/product\/clos-des-papes-chateauneuf-du-pape-blanc-2023-750ml\/#primaryimage"},"thumbnailUrl":"https:\/\/wein-werte.com\/wp-content\/uploads\/2026\/04\/Clos-des-Papes-Chateauneuf-du-Pape-blanc-2023-750ml.png","datePublished":"2026-05-08T17:58:43+00:00","description":"Buy Clos des Papes Ch\u00e2teauneuf-du-Pape blanc 2023 - a dry Grenache blanc blend from Southern Rh\u00f4ne, France - at Wein Werte, your sustainable online shop.","breadcrumb":{"@id":"https:\/\/wein-werte.com\/en\/product\/clos-des-papes-chateauneuf-du-pape-blanc-2023-750ml\/#breadcrumb"},"inLanguage":"en-US","potentialAction":[{"@type":"ReadAction","target":["https:\/\/wein-werte.com\/en\/product\/clos-des-papes-chateauneuf-du-pape-blanc-2023-750ml\/"]}]},{"@type":"ImageObject","inLanguage":"en-US","@id":"https:\/\/wein-werte.com\/en\/product\/clos-des-papes-chateauneuf-du-pape-blanc-2023-750ml\/#primaryimage","url":"https:\/\/wein-werte.com\/wp-content\/uploads\/2026\/04\/Clos-des-Papes-Chateauneuf-du-Pape-blanc-2023-750ml.png","contentUrl":"https:\/\/wein-werte.com\/wp-content\/uploads\/2026\/04\/Clos-des-Papes-Chateauneuf-du-Pape-blanc-2023-750ml.png","width":319,"height":1200,"caption":"Clos des Papes Ch\u00e2teauneuf-du-Pape Blanc AOC 2023 750ml"},{"@type":"BreadcrumbList","@id":"https:\/\/wein-werte.com\/en\/product\/clos-des-papes-chateauneuf-du-pape-blanc-2023-750ml\/#breadcrumb","itemListElement":[{"@type":"ListItem","position":1,"name":"Home","item":"https:\/\/wein-werte.com\/en\/"},{"@type":"ListItem","position":2,"name":"Shop Page","item":"https:\/\/wein-werte.com\/en\/shop\/"},{"@type":"ListItem","position":3,"name":"Clos des Papes | Southern Rh\u00f4ne | Ch\u00e2teauneuf-du-Pape Blanc AOC | 2023 | 750ml"}]},{"@type":"WebSite","@id":"https:\/\/wein-werte.com\/de\/#website","url":"https:\/\/wein-werte.com\/de\/","name":"Wein Werte","description":"","publisher":{"@id":"https:\/\/wein-werte.com\/de\/#organization"},"potentialAction":[{"@type":"SearchAction","target":{"@type":"EntryPoint","urlTemplate":"https:\/\/wein-werte.com\/de\/?s={search_term_string}"},"query-input":{"@type":"PropertyValueSpecification","valueRequired":true,"valueName":"search_term_string"}}],"inLanguage":"en-US"},{"@type":"Organization","@id":"https:\/\/wein-werte.com\/de\/#organization","name":"Vins Fins Thorrold","url":"https:\/\/wein-werte.com\/de\/","logo":{"@type":"ImageObject","inLanguage":"en-US","@id":"https:\/\/wein-werte.com\/de\/#\/schema\/logo\/image\/","url":"https:\/\/wein-werte.com\/wp-content\/uploads\/2023\/07\/Wein_werte_Logo700-1.png","contentUrl":"https:\/\/wein-werte.com\/wp-content\/uploads\/2023\/07\/Wein_werte_Logo700-1.png","width":700,"height":272,"caption":"Vins Fins Thorrold"},"image":{"@id":"https:\/\/wein-werte.com\/de\/#\/schema\/logo\/image\/"}}]}},"_links":{"self":[{"href":"https:\/\/wein-werte.com\/en\/wp-json\/wp\/v2\/product\/1123414","targetHints":{"allow":["GET"]}}],"collection":[{"href":"https:\/\/wein-werte.com\/en\/wp-json\/wp\/v2\/product"}],"about":[{"href":"https:\/\/wein-werte.com\/en\/wp-json\/wp\/v2\/types\/product"}],"wp:featuredmedia":[{"embeddable":true,"href":"https:\/\/wein-werte.com\/en\/wp-json\/wp\/v2\/media\/1139985"}],"wp:attachment":[{"href":"https:\/\/wein-werte.com\/en\/wp-json\/wp\/v2\/media?parent=1123414"}],"wp:term":[{"taxonomy":"product_brand","embeddable":true,"href":"https:\/\/wein-werte.com\/en\/wp-json\/wp\/v2\/product_brand?post=1123414"},{"taxonomy":"product_cat","embeddable":true,"href":"https:\/\/wein-werte.com\/en\/wp-json\/wp\/v2\/product_cat?post=1123414"},{"taxonomy":"product_tag","embeddable":true,"href":"https:\/\/wein-werte.com\/en\/wp-json\/wp\/v2\/product_tag?post=1123414"}],"curies":[{"name":"wp","href":"https:\/\/api.w.org\/{rel}","templated":true}]}}