{"id":1123411,"date":"2026-05-08T19:58:42","date_gmt":"2026-05-08T17:58:42","guid":{"rendered":"https:\/\/wein-werte.com\/product\/clos-des-papes-chateauneuf-du-pape-rouge-2020-1500ml\/"},"modified":"2026-05-08T19:58:42","modified_gmt":"2026-05-08T17:58:42","slug":"clos-des-papes-chateauneuf-du-pape-rouge-2020-1500ml","status":"publish","type":"product","link":"https:\/\/wein-werte.com\/en\/product\/clos-des-papes-chateauneuf-du-pape-rouge-2020-1500ml\/","title":{"rendered":"Clos des Papes | Southern Rh\u00f4ne | Ch\u00e2teauneuf-du-Pape Rouge AOC | 2020 | 1500ml"},"content":{"rendered":"<p>Product description for Clos des Papes Ch\u00e2teauneuf-du-Pape Rouge AOC 2020 <\/p>\n<h5>Colour<\/h5>\n<p> Muted garnet red with distinct violet reflections, almost colour-tight to the rim. <\/p>\n<h5>Nose<\/h5>\n<p> This 2020 Ch\u00e2teuneuf du Pape Rouge Clos des Papes is a revelation in its aroma: prune, raspberry, blackberry, and cassis accompanied by violet, mint, and sandalwood. With some oxygen contact, cocoa, black olives, and licorice join in. A beguiling, opulent red beauty in liquid form. <\/p>\n<h5>Palate<\/h5>\n<p> On the tongue, it is silky, juicy, and animated with fantastic fruit sweetness. It practically runs over the tongue, tannins and acidity beautifully polished and harmonious. The perfect wine to accompany dishes with sweet accents and spice. If possible, decant before drinking and enjoy from a bulbous glass.<\/p>\n<p>Copyright Vinaturel 2025<\/p>\n<p>Keywords: <a href=\"https:\/\/wein-werte.com\/shop\/?swoof=1&#038;pa_producer=Clos-des-Papes\">Clos des Papes<\/a> <a href=\"https:\/\/wein-werte.com\/shop\/?swoof=1&#038;woof_text=Ch\u00e2teauneuf-du-Pape Rouge AOC\">Ch\u00e2teauneuf-du-Pape Rouge AOC<\/a> 2020  <a href=\"https:\/\/wein-werte.com\/shop\/?swoof=1&#038;pa_region=Southern Rh\u00f4ne\">Southern-Rh\u00f4ne<\/a> <a href=\"https:\/\/wein-werte.com\/shop\/?swoof=1&#038;pa_country=France\">France<\/a><\/p>\n<p>Producer website: <a href=\"https:\/\/www.clos-des-papes.fr\/\" target=\"_blank\">https:\/\/www.clos-des-papes.fr\/<\/a><\/p>\n","protected":false},"excerpt":{"rendered":"<p>Delivery time: 1 to 2 working days (DE), 2 to 5 working days (EU and CH)<\/p>\n","protected":false},"featured_media":1139979,"template":"","meta":[],"product_brand":[],"product_cat":[19],"product_tag":[],"class_list":{"0":"post-1123411","1":"product","2":"type-product","3":"status-publish","4":"has-post-thumbnail","6":"product_cat-unkategorisiert","7":"pa_alcohol-for-filter-12894","8":"pa_certified-biodynamic-no","9":"pa_certified-organic-no","10":"pa_colour-red","11":"pa_country-france","12":"pa_grape-mourvedre-blend","13":"pa_price-for-filter-10644","14":"pa_producer-clos-des-papes","15":"pa_region-southern-rhone","16":"pa_size-ml-6657","17":"pa_sweetness-dry","18":"pa_type-2-still","19":"pa_vintage-6599","20":"entry","21":"has-media","23":"first","24":"instock","25":"taxable","26":"shipping-taxable","27":"purchasable","28":"product-type-simple"},"yoast_head":"<!-- This site is optimized with the Yoast SEO plugin v27.5 - https:\/\/yoast.com\/product\/yoast-seo-wordpress\/ -->\n<title>Clos des Papes Ch\u00e2teauneuf-du-Pape rouge 2020, 1500ml<\/title>\n<meta name=\"description\" content=\"Buy Clos des Papes Ch\u00e2teauneuf-du-Pape rouge 2020 - a dry Mourv\u00e8dre blend from Southern Rh\u00f4ne, France - at Wein Werte, your sustainable online shop.\" \/>\n<meta name=\"robots\" content=\"index, follow, max-snippet:-1, max-image-preview:large, max-video-preview:-1\" \/>\n<link rel=\"canonical\" href=\"https:\/\/wein-werte.com\/en\/product\/clos-des-papes-chateauneuf-du-pape-rouge-2020-1500ml\/\" \/>\n<meta property=\"og:locale\" content=\"en_US\" \/>\n<meta property=\"og:type\" content=\"article\" \/>\n<meta property=\"og:title\" content=\"Clos des Papes Ch\u00e2teauneuf-du-Pape rouge 2020, 1500ml\" \/>\n<meta property=\"og:description\" content=\"Buy Clos des Papes Ch\u00e2teauneuf-du-Pape rouge 2020 - a dry Mourv\u00e8dre blend from Southern Rh\u00f4ne, France - at Wein Werte, your sustainable online shop.\" \/>\n<meta property=\"og:url\" content=\"https:\/\/wein-werte.com\/en\/product\/clos-des-papes-chateauneuf-du-pape-rouge-2020-1500ml\/\" \/>\n<meta property=\"og:site_name\" content=\"Wein Werte\" \/>\n<meta property=\"og:image\" content=\"https:\/\/wein-werte.com\/wp-content\/uploads\/2026\/04\/Clos-des-Papes-Chateauneuf-du-Pape-rouge-2020-1500ml.png\" \/>\n\t<meta property=\"og:image:width\" content=\"361\" \/>\n\t<meta property=\"og:image:height\" content=\"1200\" \/>\n\t<meta property=\"og:image:type\" content=\"image\/png\" \/>\n<meta name=\"twitter:card\" content=\"summary_large_image\" \/>\n<meta name=\"twitter:label1\" content=\"Est. reading time\" \/>\n\t<meta name=\"twitter:data1\" content=\"1 minute\" \/>\n<script type=\"application\/ld+json\" class=\"yoast-schema-graph\">{\"@context\":\"https:\\\/\\\/schema.org\",\"@graph\":[{\"@type\":\"WebPage\",\"@id\":\"https:\\\/\\\/wein-werte.com\\\/en\\\/product\\\/clos-des-papes-chateauneuf-du-pape-rouge-2020-1500ml\\\/\",\"url\":\"https:\\\/\\\/wein-werte.com\\\/en\\\/product\\\/clos-des-papes-chateauneuf-du-pape-rouge-2020-1500ml\\\/\",\"name\":\"Clos des Papes Ch\u00e2teauneuf-du-Pape rouge 2020, 1500ml\",\"isPartOf\":{\"@id\":\"https:\\\/\\\/wein-werte.com\\\/de\\\/#website\"},\"primaryImageOfPage\":{\"@id\":\"https:\\\/\\\/wein-werte.com\\\/en\\\/product\\\/clos-des-papes-chateauneuf-du-pape-rouge-2020-1500ml\\\/#primaryimage\"},\"image\":{\"@id\":\"https:\\\/\\\/wein-werte.com\\\/en\\\/product\\\/clos-des-papes-chateauneuf-du-pape-rouge-2020-1500ml\\\/#primaryimage\"},\"thumbnailUrl\":\"https:\\\/\\\/wein-werte.com\\\/wp-content\\\/uploads\\\/2026\\\/04\\\/Clos-des-Papes-Chateauneuf-du-Pape-rouge-2020-1500ml.png\",\"datePublished\":\"2026-05-08T17:58:42+00:00\",\"description\":\"Buy Clos des Papes Ch\u00e2teauneuf-du-Pape rouge 2020 - a dry Mourv\u00e8dre blend from Southern Rh\u00f4ne, France - at Wein Werte, your sustainable online shop.\",\"breadcrumb\":{\"@id\":\"https:\\\/\\\/wein-werte.com\\\/en\\\/product\\\/clos-des-papes-chateauneuf-du-pape-rouge-2020-1500ml\\\/#breadcrumb\"},\"inLanguage\":\"en-US\",\"potentialAction\":[{\"@type\":\"ReadAction\",\"target\":[\"https:\\\/\\\/wein-werte.com\\\/en\\\/product\\\/clos-des-papes-chateauneuf-du-pape-rouge-2020-1500ml\\\/\"]}]},{\"@type\":\"ImageObject\",\"inLanguage\":\"en-US\",\"@id\":\"https:\\\/\\\/wein-werte.com\\\/en\\\/product\\\/clos-des-papes-chateauneuf-du-pape-rouge-2020-1500ml\\\/#primaryimage\",\"url\":\"https:\\\/\\\/wein-werte.com\\\/wp-content\\\/uploads\\\/2026\\\/04\\\/Clos-des-Papes-Chateauneuf-du-Pape-rouge-2020-1500ml.png\",\"contentUrl\":\"https:\\\/\\\/wein-werte.com\\\/wp-content\\\/uploads\\\/2026\\\/04\\\/Clos-des-Papes-Chateauneuf-du-Pape-rouge-2020-1500ml.png\",\"width\":361,\"height\":1200,\"caption\":\"Clos des Papes Ch\u00e2teauneuf-du-Pape Rouge AOC 2020 1500ml\"},{\"@type\":\"BreadcrumbList\",\"@id\":\"https:\\\/\\\/wein-werte.com\\\/en\\\/product\\\/clos-des-papes-chateauneuf-du-pape-rouge-2020-1500ml\\\/#breadcrumb\",\"itemListElement\":[{\"@type\":\"ListItem\",\"position\":1,\"name\":\"Home\",\"item\":\"https:\\\/\\\/wein-werte.com\\\/en\\\/\"},{\"@type\":\"ListItem\",\"position\":2,\"name\":\"Shop Page\",\"item\":\"https:\\\/\\\/wein-werte.com\\\/en\\\/shop\\\/\"},{\"@type\":\"ListItem\",\"position\":3,\"name\":\"Clos des Papes | Southern Rh\u00f4ne | Ch\u00e2teauneuf-du-Pape Rouge AOC | 2020 | 1500ml\"}]},{\"@type\":\"WebSite\",\"@id\":\"https:\\\/\\\/wein-werte.com\\\/de\\\/#website\",\"url\":\"https:\\\/\\\/wein-werte.com\\\/de\\\/\",\"name\":\"Wein Werte\",\"description\":\"\",\"publisher\":{\"@id\":\"https:\\\/\\\/wein-werte.com\\\/de\\\/#organization\"},\"potentialAction\":[{\"@type\":\"SearchAction\",\"target\":{\"@type\":\"EntryPoint\",\"urlTemplate\":\"https:\\\/\\\/wein-werte.com\\\/de\\\/?s={search_term_string}\"},\"query-input\":{\"@type\":\"PropertyValueSpecification\",\"valueRequired\":true,\"valueName\":\"search_term_string\"}}],\"inLanguage\":\"en-US\"},{\"@type\":\"Organization\",\"@id\":\"https:\\\/\\\/wein-werte.com\\\/de\\\/#organization\",\"name\":\"Vins Fins Thorrold\",\"url\":\"https:\\\/\\\/wein-werte.com\\\/de\\\/\",\"logo\":{\"@type\":\"ImageObject\",\"inLanguage\":\"en-US\",\"@id\":\"https:\\\/\\\/wein-werte.com\\\/de\\\/#\\\/schema\\\/logo\\\/image\\\/\",\"url\":\"https:\\\/\\\/wein-werte.com\\\/wp-content\\\/uploads\\\/2023\\\/07\\\/Wein_werte_Logo700-1.png\",\"contentUrl\":\"https:\\\/\\\/wein-werte.com\\\/wp-content\\\/uploads\\\/2023\\\/07\\\/Wein_werte_Logo700-1.png\",\"width\":700,\"height\":272,\"caption\":\"Vins Fins Thorrold\"},\"image\":{\"@id\":\"https:\\\/\\\/wein-werte.com\\\/de\\\/#\\\/schema\\\/logo\\\/image\\\/\"}}]}<\/script>\n<!-- \/ Yoast SEO plugin. -->","yoast_head_json":{"title":"Clos des Papes Ch\u00e2teauneuf-du-Pape rouge 2020, 1500ml","description":"Buy Clos des Papes Ch\u00e2teauneuf-du-Pape rouge 2020 - a dry Mourv\u00e8dre blend from Southern Rh\u00f4ne, France - at Wein Werte, your sustainable online shop.","robots":{"index":"index","follow":"follow","max-snippet":"max-snippet:-1","max-image-preview":"max-image-preview:large","max-video-preview":"max-video-preview:-1"},"canonical":"https:\/\/wein-werte.com\/en\/product\/clos-des-papes-chateauneuf-du-pape-rouge-2020-1500ml\/","og_locale":"en_US","og_type":"article","og_title":"Clos des Papes Ch\u00e2teauneuf-du-Pape rouge 2020, 1500ml","og_description":"Buy Clos des Papes Ch\u00e2teauneuf-du-Pape rouge 2020 - a dry Mourv\u00e8dre blend from Southern Rh\u00f4ne, France - at Wein Werte, your sustainable online shop.","og_url":"https:\/\/wein-werte.com\/en\/product\/clos-des-papes-chateauneuf-du-pape-rouge-2020-1500ml\/","og_site_name":"Wein Werte","og_image":[{"width":361,"height":1200,"url":"https:\/\/wein-werte.com\/wp-content\/uploads\/2026\/04\/Clos-des-Papes-Chateauneuf-du-Pape-rouge-2020-1500ml.png","type":"image\/png"}],"twitter_card":"summary_large_image","twitter_misc":{"Est. reading time":"1 minute"},"schema":{"@context":"https:\/\/schema.org","@graph":[{"@type":"WebPage","@id":"https:\/\/wein-werte.com\/en\/product\/clos-des-papes-chateauneuf-du-pape-rouge-2020-1500ml\/","url":"https:\/\/wein-werte.com\/en\/product\/clos-des-papes-chateauneuf-du-pape-rouge-2020-1500ml\/","name":"Clos des Papes Ch\u00e2teauneuf-du-Pape rouge 2020, 1500ml","isPartOf":{"@id":"https:\/\/wein-werte.com\/de\/#website"},"primaryImageOfPage":{"@id":"https:\/\/wein-werte.com\/en\/product\/clos-des-papes-chateauneuf-du-pape-rouge-2020-1500ml\/#primaryimage"},"image":{"@id":"https:\/\/wein-werte.com\/en\/product\/clos-des-papes-chateauneuf-du-pape-rouge-2020-1500ml\/#primaryimage"},"thumbnailUrl":"https:\/\/wein-werte.com\/wp-content\/uploads\/2026\/04\/Clos-des-Papes-Chateauneuf-du-Pape-rouge-2020-1500ml.png","datePublished":"2026-05-08T17:58:42+00:00","description":"Buy Clos des Papes Ch\u00e2teauneuf-du-Pape rouge 2020 - a dry Mourv\u00e8dre blend from Southern Rh\u00f4ne, France - at Wein Werte, your sustainable online shop.","breadcrumb":{"@id":"https:\/\/wein-werte.com\/en\/product\/clos-des-papes-chateauneuf-du-pape-rouge-2020-1500ml\/#breadcrumb"},"inLanguage":"en-US","potentialAction":[{"@type":"ReadAction","target":["https:\/\/wein-werte.com\/en\/product\/clos-des-papes-chateauneuf-du-pape-rouge-2020-1500ml\/"]}]},{"@type":"ImageObject","inLanguage":"en-US","@id":"https:\/\/wein-werte.com\/en\/product\/clos-des-papes-chateauneuf-du-pape-rouge-2020-1500ml\/#primaryimage","url":"https:\/\/wein-werte.com\/wp-content\/uploads\/2026\/04\/Clos-des-Papes-Chateauneuf-du-Pape-rouge-2020-1500ml.png","contentUrl":"https:\/\/wein-werte.com\/wp-content\/uploads\/2026\/04\/Clos-des-Papes-Chateauneuf-du-Pape-rouge-2020-1500ml.png","width":361,"height":1200,"caption":"Clos des Papes Ch\u00e2teauneuf-du-Pape Rouge AOC 2020 1500ml"},{"@type":"BreadcrumbList","@id":"https:\/\/wein-werte.com\/en\/product\/clos-des-papes-chateauneuf-du-pape-rouge-2020-1500ml\/#breadcrumb","itemListElement":[{"@type":"ListItem","position":1,"name":"Home","item":"https:\/\/wein-werte.com\/en\/"},{"@type":"ListItem","position":2,"name":"Shop Page","item":"https:\/\/wein-werte.com\/en\/shop\/"},{"@type":"ListItem","position":3,"name":"Clos des Papes | Southern Rh\u00f4ne | Ch\u00e2teauneuf-du-Pape Rouge AOC | 2020 | 1500ml"}]},{"@type":"WebSite","@id":"https:\/\/wein-werte.com\/de\/#website","url":"https:\/\/wein-werte.com\/de\/","name":"Wein Werte","description":"","publisher":{"@id":"https:\/\/wein-werte.com\/de\/#organization"},"potentialAction":[{"@type":"SearchAction","target":{"@type":"EntryPoint","urlTemplate":"https:\/\/wein-werte.com\/de\/?s={search_term_string}"},"query-input":{"@type":"PropertyValueSpecification","valueRequired":true,"valueName":"search_term_string"}}],"inLanguage":"en-US"},{"@type":"Organization","@id":"https:\/\/wein-werte.com\/de\/#organization","name":"Vins Fins Thorrold","url":"https:\/\/wein-werte.com\/de\/","logo":{"@type":"ImageObject","inLanguage":"en-US","@id":"https:\/\/wein-werte.com\/de\/#\/schema\/logo\/image\/","url":"https:\/\/wein-werte.com\/wp-content\/uploads\/2023\/07\/Wein_werte_Logo700-1.png","contentUrl":"https:\/\/wein-werte.com\/wp-content\/uploads\/2023\/07\/Wein_werte_Logo700-1.png","width":700,"height":272,"caption":"Vins Fins Thorrold"},"image":{"@id":"https:\/\/wein-werte.com\/de\/#\/schema\/logo\/image\/"}}]}},"_links":{"self":[{"href":"https:\/\/wein-werte.com\/en\/wp-json\/wp\/v2\/product\/1123411","targetHints":{"allow":["GET"]}}],"collection":[{"href":"https:\/\/wein-werte.com\/en\/wp-json\/wp\/v2\/product"}],"about":[{"href":"https:\/\/wein-werte.com\/en\/wp-json\/wp\/v2\/types\/product"}],"wp:featuredmedia":[{"embeddable":true,"href":"https:\/\/wein-werte.com\/en\/wp-json\/wp\/v2\/media\/1139979"}],"wp:attachment":[{"href":"https:\/\/wein-werte.com\/en\/wp-json\/wp\/v2\/media?parent=1123411"}],"wp:term":[{"taxonomy":"product_brand","embeddable":true,"href":"https:\/\/wein-werte.com\/en\/wp-json\/wp\/v2\/product_brand?post=1123411"},{"taxonomy":"product_cat","embeddable":true,"href":"https:\/\/wein-werte.com\/en\/wp-json\/wp\/v2\/product_cat?post=1123411"},{"taxonomy":"product_tag","embeddable":true,"href":"https:\/\/wein-werte.com\/en\/wp-json\/wp\/v2\/product_tag?post=1123411"}],"curies":[{"name":"wp","href":"https:\/\/api.w.org\/{rel}","templated":true}]}}