{"id":1123285,"date":"2026-05-08T19:57:59","date_gmt":"2026-05-08T17:57:59","guid":{"rendered":"https:\/\/wein-werte.com\/product\/jean-marc-et-thomas-bouley-bourgogne-aligote-2021-750ml\/"},"modified":"2026-05-08T19:58:00","modified_gmt":"2026-05-08T17:58:00","slug":"jean-marc-et-thomas-bouley-bourgogne-aligote-2021-750ml","status":"publish","type":"product","link":"https:\/\/wein-werte.com\/en\/product\/jean-marc-et-thomas-bouley-bourgogne-aligote-2021-750ml\/","title":{"rendered":"Jean-Marc &#038; Thomas Bouley | Burgundy | Bourgogne Aligot\u00e9 AOC | 2021 | 750ml"},"content":{"rendered":"<p>Product description for Jean-Marc &#038; Thomas Bouley Bourgogne Aligot\u00e9 AOC 2021 <\/p>\n<h5>Wine Information<\/h5>\n<p> The Bourgogne Aligot\u00e9 comes from a 0.25-hectare plot in Meursault at the foot of the hill. The average age of the vines is 14 years. They grow on deep, clayey soils on a limestone base. Fermentation took place in fermenters, and aging in barriques lasted eight to ten months. <\/p>\n<h5>Colour<\/h5>\n<p>: Light straw yellow. <\/p>\n<h5>Nose<\/h5>\n<p> The 2021 Aligot\u00e9 reflects the vintage with its freshness and its lemony and slightly grassy notes. The wine is reminiscent of Granny Smith, limequat, and grass with crushed lime and fresh herbs. <\/p>\n<h5>Palate<\/h5>\n<p> On the palate, the Aligot\u00e9 is powerful and fresh, with a blend of steely, firm acidity and a creamy texture, fine minerality, light extract, and substance. The finish offers a piquant note reminiscent of lime peel and some fennel greens and seeds.<\/p>\n<p>Copyright Vinaturel 2025<\/p>\n<p>Keywords: <a href=\"https:\/\/wein-werte.com\/shop\/?swoof=1&#038;pa_producer=Jean-Marc-&#038;-Thomas-Bouley\">Jean-Marc &#038; Thomas Bouley<\/a> <a href=\"https:\/\/wein-werte.com\/shop\/?swoof=1&#038;woof_text=Bourgogne Aligot\u00e9 AOC\">Bourgogne Aligot\u00e9 AOC<\/a> 2021  <a href=\"https:\/\/wein-werte.com\/shop\/?swoof=1&#038;pa_region=Burgundy\">Burgundy<\/a> <a href=\"https:\/\/wein-werte.com\/shop\/?swoof=1&#038;pa_country=France\">France<\/a><\/p>\n<h3>Wine Advocate<\/h3>\n<p>Score: 89<\/p>\n<p>The 2022 Bourgogne Aligot\u00e9 offers up aromas of apple, white flowers and pastry cream, framed by a subtle touch of reduction. Medium to full-bodied, ample and fleshy, it&#8217;s produced from fully ripe grapes grown below the village of Volnay.<br \/>William Kelley<\/p>\n<p>Producer website: <a href=\"https:\/\/www.jean-marc-bouley.com\/\" target=\"_blank\">https:\/\/www.jean-marc-bouley.com\/<\/a><\/p>\n","protected":false},"excerpt":{"rendered":"<p>Delivery time: 1 to 2 working days (DE), 2 to 5 working days (EU and CH)<\/p>\n","protected":false},"featured_media":1139607,"template":"","meta":[],"product_brand":[],"product_cat":[19],"product_tag":[],"class_list":{"0":"post-1123285","1":"product","2":"type-product","3":"status-publish","4":"has-post-thumbnail","6":"product_cat-unkategorisiert","7":"pa_alcohol-for-filter-12893","8":"pa_certified-biodynamic-no","9":"pa_certified-organic-no","10":"pa_colour-white","11":"pa_country-france","12":"pa_grape-aligote","13":"pa_parker-points-for-filter-16137","14":"pa_price-for-filter-10568","15":"pa_producer-jean-marc-thomas-bouley","16":"pa_region-burgundy","17":"pa_size-ml-6584","18":"pa_sweetness-dry","19":"pa_type-2-still","20":"pa_vintage-6634","21":"entry","22":"has-media","24":"first","25":"instock","26":"taxable","27":"shipping-taxable","28":"purchasable","29":"product-type-simple"},"yoast_head":"<!-- This site is optimized with the Yoast SEO plugin v27.5 - https:\/\/yoast.com\/product\/yoast-seo-wordpress\/ -->\n<title>Jean-Marc &amp; Thomas Bouley Bourgogne Aligot\u00e9 2021<\/title>\n<meta name=\"description\" content=\"Buy Jean-Marc &amp; Thomas Bouley Bourgogne Aligot\u00e9 2021 - a dry Aligot\u00e9 from Burgundy, France - at Wein Werte, your sustainable online shop.\" \/>\n<meta name=\"robots\" content=\"index, follow, max-snippet:-1, max-image-preview:large, max-video-preview:-1\" \/>\n<link rel=\"canonical\" href=\"https:\/\/wein-werte.com\/en\/product\/jean-marc-et-thomas-bouley-bourgogne-aligote-2021-750ml\/\" \/>\n<meta property=\"og:locale\" content=\"en_US\" \/>\n<meta property=\"og:type\" content=\"article\" \/>\n<meta property=\"og:title\" content=\"Jean-Marc &amp; Thomas Bouley Bourgogne Aligot\u00e9 2021\" \/>\n<meta property=\"og:description\" content=\"Buy Jean-Marc &amp; Thomas Bouley Bourgogne Aligot\u00e9 2021 - a dry Aligot\u00e9 from Burgundy, France - at Wein Werte, your sustainable online shop.\" \/>\n<meta property=\"og:url\" content=\"https:\/\/wein-werte.com\/en\/product\/jean-marc-et-thomas-bouley-bourgogne-aligote-2021-750ml\/\" \/>\n<meta property=\"og:site_name\" content=\"Wein Werte\" \/>\n<meta property=\"article:modified_time\" content=\"2026-05-08T17:58:00+00:00\" \/>\n<meta property=\"og:image\" content=\"https:\/\/wein-werte.com\/wp-content\/uploads\/2026\/04\/Jean-Marc-et-Thomas-Bouley-Bourgogne-Aligote-2021-750ml.png\" \/>\n\t<meta property=\"og:image:width\" content=\"331\" \/>\n\t<meta property=\"og:image:height\" content=\"1200\" \/>\n\t<meta property=\"og:image:type\" content=\"image\/png\" \/>\n<meta name=\"twitter:card\" content=\"summary_large_image\" \/>\n<meta name=\"twitter:label1\" content=\"Est. reading time\" \/>\n\t<meta name=\"twitter:data1\" content=\"1 minute\" \/>\n<script type=\"application\/ld+json\" class=\"yoast-schema-graph\">{\"@context\":\"https:\\\/\\\/schema.org\",\"@graph\":[{\"@type\":\"WebPage\",\"@id\":\"https:\\\/\\\/wein-werte.com\\\/en\\\/product\\\/jean-marc-et-thomas-bouley-bourgogne-aligote-2021-750ml\\\/\",\"url\":\"https:\\\/\\\/wein-werte.com\\\/en\\\/product\\\/jean-marc-et-thomas-bouley-bourgogne-aligote-2021-750ml\\\/\",\"name\":\"Jean-Marc & Thomas Bouley Bourgogne Aligot\u00e9 2021\",\"isPartOf\":{\"@id\":\"https:\\\/\\\/wein-werte.com\\\/de\\\/#website\"},\"primaryImageOfPage\":{\"@id\":\"https:\\\/\\\/wein-werte.com\\\/en\\\/product\\\/jean-marc-et-thomas-bouley-bourgogne-aligote-2021-750ml\\\/#primaryimage\"},\"image\":{\"@id\":\"https:\\\/\\\/wein-werte.com\\\/en\\\/product\\\/jean-marc-et-thomas-bouley-bourgogne-aligote-2021-750ml\\\/#primaryimage\"},\"thumbnailUrl\":\"https:\\\/\\\/wein-werte.com\\\/wp-content\\\/uploads\\\/2026\\\/04\\\/Jean-Marc-et-Thomas-Bouley-Bourgogne-Aligote-2021-750ml.png\",\"datePublished\":\"2026-05-08T17:57:59+00:00\",\"dateModified\":\"2026-05-08T17:58:00+00:00\",\"description\":\"Buy Jean-Marc & Thomas Bouley Bourgogne Aligot\u00e9 2021 - a dry Aligot\u00e9 from Burgundy, France - at Wein Werte, your sustainable online shop.\",\"breadcrumb\":{\"@id\":\"https:\\\/\\\/wein-werte.com\\\/en\\\/product\\\/jean-marc-et-thomas-bouley-bourgogne-aligote-2021-750ml\\\/#breadcrumb\"},\"inLanguage\":\"en-US\",\"potentialAction\":[{\"@type\":\"ReadAction\",\"target\":[\"https:\\\/\\\/wein-werte.com\\\/en\\\/product\\\/jean-marc-et-thomas-bouley-bourgogne-aligote-2021-750ml\\\/\"]}]},{\"@type\":\"ImageObject\",\"inLanguage\":\"en-US\",\"@id\":\"https:\\\/\\\/wein-werte.com\\\/en\\\/product\\\/jean-marc-et-thomas-bouley-bourgogne-aligote-2021-750ml\\\/#primaryimage\",\"url\":\"https:\\\/\\\/wein-werte.com\\\/wp-content\\\/uploads\\\/2026\\\/04\\\/Jean-Marc-et-Thomas-Bouley-Bourgogne-Aligote-2021-750ml.png\",\"contentUrl\":\"https:\\\/\\\/wein-werte.com\\\/wp-content\\\/uploads\\\/2026\\\/04\\\/Jean-Marc-et-Thomas-Bouley-Bourgogne-Aligote-2021-750ml.png\",\"width\":331,\"height\":1200,\"caption\":\"Jean-Marc & Thomas Bouley Bourgogne Aligot\u00e9 AOC 2021 750ml\"},{\"@type\":\"BreadcrumbList\",\"@id\":\"https:\\\/\\\/wein-werte.com\\\/en\\\/product\\\/jean-marc-et-thomas-bouley-bourgogne-aligote-2021-750ml\\\/#breadcrumb\",\"itemListElement\":[{\"@type\":\"ListItem\",\"position\":1,\"name\":\"Home\",\"item\":\"https:\\\/\\\/wein-werte.com\\\/en\\\/\"},{\"@type\":\"ListItem\",\"position\":2,\"name\":\"Shop Page\",\"item\":\"https:\\\/\\\/wein-werte.com\\\/en\\\/shop\\\/\"},{\"@type\":\"ListItem\",\"position\":3,\"name\":\"Jean-Marc &#038; Thomas Bouley | Burgundy | Bourgogne Aligot\u00e9 AOC | 2021 | 750ml\"}]},{\"@type\":\"WebSite\",\"@id\":\"https:\\\/\\\/wein-werte.com\\\/de\\\/#website\",\"url\":\"https:\\\/\\\/wein-werte.com\\\/de\\\/\",\"name\":\"Wein Werte\",\"description\":\"\",\"publisher\":{\"@id\":\"https:\\\/\\\/wein-werte.com\\\/de\\\/#organization\"},\"potentialAction\":[{\"@type\":\"SearchAction\",\"target\":{\"@type\":\"EntryPoint\",\"urlTemplate\":\"https:\\\/\\\/wein-werte.com\\\/de\\\/?s={search_term_string}\"},\"query-input\":{\"@type\":\"PropertyValueSpecification\",\"valueRequired\":true,\"valueName\":\"search_term_string\"}}],\"inLanguage\":\"en-US\"},{\"@type\":\"Organization\",\"@id\":\"https:\\\/\\\/wein-werte.com\\\/de\\\/#organization\",\"name\":\"Vins Fins Thorrold\",\"url\":\"https:\\\/\\\/wein-werte.com\\\/de\\\/\",\"logo\":{\"@type\":\"ImageObject\",\"inLanguage\":\"en-US\",\"@id\":\"https:\\\/\\\/wein-werte.com\\\/de\\\/#\\\/schema\\\/logo\\\/image\\\/\",\"url\":\"https:\\\/\\\/wein-werte.com\\\/wp-content\\\/uploads\\\/2023\\\/07\\\/Wein_werte_Logo700-1.png\",\"contentUrl\":\"https:\\\/\\\/wein-werte.com\\\/wp-content\\\/uploads\\\/2023\\\/07\\\/Wein_werte_Logo700-1.png\",\"width\":700,\"height\":272,\"caption\":\"Vins Fins Thorrold\"},\"image\":{\"@id\":\"https:\\\/\\\/wein-werte.com\\\/de\\\/#\\\/schema\\\/logo\\\/image\\\/\"}}]}<\/script>\n<!-- \/ Yoast SEO plugin. -->","yoast_head_json":{"title":"Jean-Marc & Thomas Bouley Bourgogne Aligot\u00e9 2021","description":"Buy Jean-Marc & Thomas Bouley Bourgogne Aligot\u00e9 2021 - a dry Aligot\u00e9 from Burgundy, France - at Wein Werte, your sustainable online shop.","robots":{"index":"index","follow":"follow","max-snippet":"max-snippet:-1","max-image-preview":"max-image-preview:large","max-video-preview":"max-video-preview:-1"},"canonical":"https:\/\/wein-werte.com\/en\/product\/jean-marc-et-thomas-bouley-bourgogne-aligote-2021-750ml\/","og_locale":"en_US","og_type":"article","og_title":"Jean-Marc & Thomas Bouley Bourgogne Aligot\u00e9 2021","og_description":"Buy Jean-Marc & Thomas Bouley Bourgogne Aligot\u00e9 2021 - a dry Aligot\u00e9 from Burgundy, France - at Wein Werte, your sustainable online shop.","og_url":"https:\/\/wein-werte.com\/en\/product\/jean-marc-et-thomas-bouley-bourgogne-aligote-2021-750ml\/","og_site_name":"Wein Werte","article_modified_time":"2026-05-08T17:58:00+00:00","og_image":[{"width":331,"height":1200,"url":"https:\/\/wein-werte.com\/wp-content\/uploads\/2026\/04\/Jean-Marc-et-Thomas-Bouley-Bourgogne-Aligote-2021-750ml.png","type":"image\/png"}],"twitter_card":"summary_large_image","twitter_misc":{"Est. reading time":"1 minute"},"schema":{"@context":"https:\/\/schema.org","@graph":[{"@type":"WebPage","@id":"https:\/\/wein-werte.com\/en\/product\/jean-marc-et-thomas-bouley-bourgogne-aligote-2021-750ml\/","url":"https:\/\/wein-werte.com\/en\/product\/jean-marc-et-thomas-bouley-bourgogne-aligote-2021-750ml\/","name":"Jean-Marc & Thomas Bouley Bourgogne Aligot\u00e9 2021","isPartOf":{"@id":"https:\/\/wein-werte.com\/de\/#website"},"primaryImageOfPage":{"@id":"https:\/\/wein-werte.com\/en\/product\/jean-marc-et-thomas-bouley-bourgogne-aligote-2021-750ml\/#primaryimage"},"image":{"@id":"https:\/\/wein-werte.com\/en\/product\/jean-marc-et-thomas-bouley-bourgogne-aligote-2021-750ml\/#primaryimage"},"thumbnailUrl":"https:\/\/wein-werte.com\/wp-content\/uploads\/2026\/04\/Jean-Marc-et-Thomas-Bouley-Bourgogne-Aligote-2021-750ml.png","datePublished":"2026-05-08T17:57:59+00:00","dateModified":"2026-05-08T17:58:00+00:00","description":"Buy Jean-Marc & Thomas Bouley Bourgogne Aligot\u00e9 2021 - a dry Aligot\u00e9 from Burgundy, France - at Wein Werte, your sustainable online shop.","breadcrumb":{"@id":"https:\/\/wein-werte.com\/en\/product\/jean-marc-et-thomas-bouley-bourgogne-aligote-2021-750ml\/#breadcrumb"},"inLanguage":"en-US","potentialAction":[{"@type":"ReadAction","target":["https:\/\/wein-werte.com\/en\/product\/jean-marc-et-thomas-bouley-bourgogne-aligote-2021-750ml\/"]}]},{"@type":"ImageObject","inLanguage":"en-US","@id":"https:\/\/wein-werte.com\/en\/product\/jean-marc-et-thomas-bouley-bourgogne-aligote-2021-750ml\/#primaryimage","url":"https:\/\/wein-werte.com\/wp-content\/uploads\/2026\/04\/Jean-Marc-et-Thomas-Bouley-Bourgogne-Aligote-2021-750ml.png","contentUrl":"https:\/\/wein-werte.com\/wp-content\/uploads\/2026\/04\/Jean-Marc-et-Thomas-Bouley-Bourgogne-Aligote-2021-750ml.png","width":331,"height":1200,"caption":"Jean-Marc & Thomas Bouley Bourgogne Aligot\u00e9 AOC 2021 750ml"},{"@type":"BreadcrumbList","@id":"https:\/\/wein-werte.com\/en\/product\/jean-marc-et-thomas-bouley-bourgogne-aligote-2021-750ml\/#breadcrumb","itemListElement":[{"@type":"ListItem","position":1,"name":"Home","item":"https:\/\/wein-werte.com\/en\/"},{"@type":"ListItem","position":2,"name":"Shop Page","item":"https:\/\/wein-werte.com\/en\/shop\/"},{"@type":"ListItem","position":3,"name":"Jean-Marc &#038; Thomas Bouley | Burgundy | Bourgogne Aligot\u00e9 AOC | 2021 | 750ml"}]},{"@type":"WebSite","@id":"https:\/\/wein-werte.com\/de\/#website","url":"https:\/\/wein-werte.com\/de\/","name":"Wein Werte","description":"","publisher":{"@id":"https:\/\/wein-werte.com\/de\/#organization"},"potentialAction":[{"@type":"SearchAction","target":{"@type":"EntryPoint","urlTemplate":"https:\/\/wein-werte.com\/de\/?s={search_term_string}"},"query-input":{"@type":"PropertyValueSpecification","valueRequired":true,"valueName":"search_term_string"}}],"inLanguage":"en-US"},{"@type":"Organization","@id":"https:\/\/wein-werte.com\/de\/#organization","name":"Vins Fins Thorrold","url":"https:\/\/wein-werte.com\/de\/","logo":{"@type":"ImageObject","inLanguage":"en-US","@id":"https:\/\/wein-werte.com\/de\/#\/schema\/logo\/image\/","url":"https:\/\/wein-werte.com\/wp-content\/uploads\/2023\/07\/Wein_werte_Logo700-1.png","contentUrl":"https:\/\/wein-werte.com\/wp-content\/uploads\/2023\/07\/Wein_werte_Logo700-1.png","width":700,"height":272,"caption":"Vins Fins Thorrold"},"image":{"@id":"https:\/\/wein-werte.com\/de\/#\/schema\/logo\/image\/"}}]}},"_links":{"self":[{"href":"https:\/\/wein-werte.com\/en\/wp-json\/wp\/v2\/product\/1123285","targetHints":{"allow":["GET"]}}],"collection":[{"href":"https:\/\/wein-werte.com\/en\/wp-json\/wp\/v2\/product"}],"about":[{"href":"https:\/\/wein-werte.com\/en\/wp-json\/wp\/v2\/types\/product"}],"wp:featuredmedia":[{"embeddable":true,"href":"https:\/\/wein-werte.com\/en\/wp-json\/wp\/v2\/media\/1139607"}],"wp:attachment":[{"href":"https:\/\/wein-werte.com\/en\/wp-json\/wp\/v2\/media?parent=1123285"}],"wp:term":[{"taxonomy":"product_brand","embeddable":true,"href":"https:\/\/wein-werte.com\/en\/wp-json\/wp\/v2\/product_brand?post=1123285"},{"taxonomy":"product_cat","embeddable":true,"href":"https:\/\/wein-werte.com\/en\/wp-json\/wp\/v2\/product_cat?post=1123285"},{"taxonomy":"product_tag","embeddable":true,"href":"https:\/\/wein-werte.com\/en\/wp-json\/wp\/v2\/product_tag?post=1123285"}],"curies":[{"name":"wp","href":"https:\/\/api.w.org\/{rel}","templated":true}]}}