{"id":1123268,"date":"2026-05-08T19:57:54","date_gmt":"2026-05-08T17:57:54","guid":{"rendered":"https:\/\/wein-werte.com\/product\/boris-champy-bourgogne-aligote-dore-selection-massale-2023-1500ml\/"},"modified":"2026-05-08T19:57:55","modified_gmt":"2026-05-08T17:57:55","slug":"boris-champy-bourgogne-aligote-dore-selection-massale-2023-1500ml","status":"publish","type":"product","link":"https:\/\/wein-werte.com\/en\/product\/boris-champy-bourgogne-aligote-dore-selection-massale-2023-1500ml\/","title":{"rendered":"Boris Champy | Burgundy | Bourgogne Aligot\u00e9 Dor\u00e9, S\u00e9lection Massale AOP | 2023 | 1500ml | bio"},"content":{"rendered":"<p>Product description for Boris Champy Bourgogne Aligot\u00e9 Dor\u00e9, S\u00e9lection Massale AOP 2023 (bio)<\/p>\n<h5>Wine Information<\/h5>\n<p>This wine from Boris Champy comes from a vineyard with an old <i>s\u00e9lection massale<\/i> of Aligot\u00e9 Dor\u00e9, or Golden Aligot\u00e9. This attribute, of course, refers to the color of the berries. The plots are located in the Hautes-C\u00f4tes de Beaune at over 400 meters above sea level. The soils are mixed with limestone, marl, and clay. The vines were planted very densely, with 10,000 vines per hectare, and trained using Guyot and Lyra techniques. Their grapes were the last to be harvested on September 29th \u2013 ten days after the vineyards in the Hautes C\u00f4tes. The spontaneously fermented wine was aged for twelve months, 70% in used pi\u00e8ces on the lees and 30% in stainless steel.<\/p>\n<h5>Color<\/h5>\n<p>Medium lemon yellow.<\/p>\n<h5>Nose<\/h5>\n<p>Boris Champy&#8217;s <i>Bourgogne Aligot\u00e9 Dor\u00e9 2023<\/i> offers a classic, precise Aligot\u00e9 aroma with acacia blossoms and honeysuckle, peaches and yellow plums, a hint of reduction, a little more vanilla and wood. It gives the impression of a ripe, juicy wine.<\/p>\n<h5>Palate<\/h5>\n<p>And that&#8217;s exactly how it presents itself on the palate. It&#8217;s a wine with successful smoothness and silkiness. A wine whose body and concentration only build on the palate to the finish. The Aligot\u00e9 appears balanced, delicately spicy, and with a precise acidity that is ripe and gives this late-harvest Aligot\u00e9 just the right structure.<\/p>\n<p>Copyright Vinaturel 2025<\/p>\n<p>Keywords: <a href=\"https:\/\/wein-werte.com\/shop\/?swoof=1&#038;pa_producer=Boris-Champy\">Boris Champy<\/a> <a href=\"https:\/\/wein-werte.com\/shop\/?swoof=1&#038;woof_text=Bourgogne Aligot\u00e9 Dor\u00e9, S\u00e9lection Massale AOP\">Bourgogne Aligot\u00e9 Dor\u00e9, S\u00e9lection Massale AOP<\/a> 2023 bio <a href=\"https:\/\/wein-werte.com\/shop\/?swoof=1&#038;pa_region=Burgundy\">Burgundy<\/a> <a href=\"https:\/\/wein-werte.com\/shop\/?swoof=1&#038;pa_country=France\">France<\/a><\/p>\n<p>Producer website: <a href=\"https:\/\/www.domaineborischampy.com\/en\/home\/\" target=\"_blank\">https:\/\/www.domaineborischampy.com\/en\/home\/<\/a><\/p>\n","protected":false},"excerpt":{"rendered":"<p>Delivery time: 1 to 2 working days (DE), 2 to 5 working days (EU and CH)<\/p>\n","protected":false},"featured_media":1139547,"template":"","meta":[],"product_brand":[],"product_cat":[19],"product_tag":[],"class_list":{"0":"post-1123268","1":"product","2":"type-product","3":"status-publish","4":"has-post-thumbnail","6":"product_cat-unkategorisiert","7":"pa_alcohol-for-filter-12-5","8":"pa_certified-biodynamic-no","9":"pa_certified-organic-yes","10":"pa_colour-white","11":"pa_country-france","12":"pa_grape-aligote","13":"pa_price-for-filter-10566","14":"pa_producer-boris-champy","15":"pa_region-burgundy","16":"pa_size-ml-6657","17":"pa_sweetness-dry","18":"pa_type-2-still","19":"pa_vintage-12619","20":"entry","21":"has-media","23":"first","24":"instock","25":"taxable","26":"shipping-taxable","27":"purchasable","28":"product-type-simple"},"yoast_head":"<!-- This site is optimized with the Yoast SEO plugin v27.5 - https:\/\/yoast.com\/product\/yoast-seo-wordpress\/ -->\n<title>Boris Champy Bourgogne Aligot\u00e9 Dor\u00e9 S\u00e9lection Massale 2023, 1500ml<\/title>\n<meta name=\"description\" content=\"Buy Boris Champy Bourgogne Aligot\u00e9 Dor\u00e9 S\u00e9lection Massale 2023 - a dry Aligot\u00e9 from Burgundy, France - at Wein Werte, your sustainable online shop.\" \/>\n<meta name=\"robots\" content=\"index, follow, max-snippet:-1, max-image-preview:large, max-video-preview:-1\" \/>\n<link rel=\"canonical\" href=\"https:\/\/wein-werte.com\/en\/product\/boris-champy-bourgogne-aligote-dore-selection-massale-2023-1500ml\/\" \/>\n<meta property=\"og:locale\" content=\"en_US\" \/>\n<meta property=\"og:type\" content=\"article\" \/>\n<meta property=\"og:title\" content=\"Boris Champy Bourgogne Aligot\u00e9 Dor\u00e9 S\u00e9lection Massale 2023, 1500ml\" \/>\n<meta property=\"og:description\" content=\"Buy Boris Champy Bourgogne Aligot\u00e9 Dor\u00e9 S\u00e9lection Massale 2023 - a dry Aligot\u00e9 from Burgundy, France - at Wein Werte, your sustainable online shop.\" \/>\n<meta property=\"og:url\" content=\"https:\/\/wein-werte.com\/en\/product\/boris-champy-bourgogne-aligote-dore-selection-massale-2023-1500ml\/\" \/>\n<meta property=\"og:site_name\" content=\"Wein Werte\" \/>\n<meta property=\"article:modified_time\" content=\"2026-05-08T17:57:55+00:00\" \/>\n<meta property=\"og:image\" content=\"https:\/\/wein-werte.com\/wp-content\/uploads\/2026\/04\/Boris-Champy-Bourgogne-Aligote-Dore-Selection-Massale-2023-1500ml.png\" \/>\n\t<meta property=\"og:image:width\" content=\"348\" \/>\n\t<meta property=\"og:image:height\" content=\"1200\" \/>\n\t<meta property=\"og:image:type\" content=\"image\/png\" \/>\n<meta name=\"twitter:card\" content=\"summary_large_image\" \/>\n<meta name=\"twitter:label1\" content=\"Est. reading time\" \/>\n\t<meta name=\"twitter:data1\" content=\"1 minute\" \/>\n<script type=\"application\/ld+json\" class=\"yoast-schema-graph\">{\"@context\":\"https:\\\/\\\/schema.org\",\"@graph\":[{\"@type\":\"WebPage\",\"@id\":\"https:\\\/\\\/wein-werte.com\\\/en\\\/product\\\/boris-champy-bourgogne-aligote-dore-selection-massale-2023-1500ml\\\/\",\"url\":\"https:\\\/\\\/wein-werte.com\\\/en\\\/product\\\/boris-champy-bourgogne-aligote-dore-selection-massale-2023-1500ml\\\/\",\"name\":\"Boris Champy Bourgogne Aligot\u00e9 Dor\u00e9 S\u00e9lection Massale 2023, 1500ml\",\"isPartOf\":{\"@id\":\"https:\\\/\\\/wein-werte.com\\\/de\\\/#website\"},\"primaryImageOfPage\":{\"@id\":\"https:\\\/\\\/wein-werte.com\\\/en\\\/product\\\/boris-champy-bourgogne-aligote-dore-selection-massale-2023-1500ml\\\/#primaryimage\"},\"image\":{\"@id\":\"https:\\\/\\\/wein-werte.com\\\/en\\\/product\\\/boris-champy-bourgogne-aligote-dore-selection-massale-2023-1500ml\\\/#primaryimage\"},\"thumbnailUrl\":\"https:\\\/\\\/wein-werte.com\\\/wp-content\\\/uploads\\\/2026\\\/04\\\/Boris-Champy-Bourgogne-Aligote-Dore-Selection-Massale-2023-1500ml.png\",\"datePublished\":\"2026-05-08T17:57:54+00:00\",\"dateModified\":\"2026-05-08T17:57:55+00:00\",\"description\":\"Buy Boris Champy Bourgogne Aligot\u00e9 Dor\u00e9 S\u00e9lection Massale 2023 - a dry Aligot\u00e9 from Burgundy, France - at Wein Werte, your sustainable online shop.\",\"breadcrumb\":{\"@id\":\"https:\\\/\\\/wein-werte.com\\\/en\\\/product\\\/boris-champy-bourgogne-aligote-dore-selection-massale-2023-1500ml\\\/#breadcrumb\"},\"inLanguage\":\"en-US\",\"potentialAction\":[{\"@type\":\"ReadAction\",\"target\":[\"https:\\\/\\\/wein-werte.com\\\/en\\\/product\\\/boris-champy-bourgogne-aligote-dore-selection-massale-2023-1500ml\\\/\"]}]},{\"@type\":\"ImageObject\",\"inLanguage\":\"en-US\",\"@id\":\"https:\\\/\\\/wein-werte.com\\\/en\\\/product\\\/boris-champy-bourgogne-aligote-dore-selection-massale-2023-1500ml\\\/#primaryimage\",\"url\":\"https:\\\/\\\/wein-werte.com\\\/wp-content\\\/uploads\\\/2026\\\/04\\\/Boris-Champy-Bourgogne-Aligote-Dore-Selection-Massale-2023-1500ml.png\",\"contentUrl\":\"https:\\\/\\\/wein-werte.com\\\/wp-content\\\/uploads\\\/2026\\\/04\\\/Boris-Champy-Bourgogne-Aligote-Dore-Selection-Massale-2023-1500ml.png\",\"width\":348,\"height\":1200,\"caption\":\"Boris Champy Bourgogne Aligot\u00e9 Dor\u00e9, S\u00e9lection Massale AOP 2023 1500ml\"},{\"@type\":\"BreadcrumbList\",\"@id\":\"https:\\\/\\\/wein-werte.com\\\/en\\\/product\\\/boris-champy-bourgogne-aligote-dore-selection-massale-2023-1500ml\\\/#breadcrumb\",\"itemListElement\":[{\"@type\":\"ListItem\",\"position\":1,\"name\":\"Home\",\"item\":\"https:\\\/\\\/wein-werte.com\\\/en\\\/\"},{\"@type\":\"ListItem\",\"position\":2,\"name\":\"Shop Page\",\"item\":\"https:\\\/\\\/wein-werte.com\\\/en\\\/shop\\\/\"},{\"@type\":\"ListItem\",\"position\":3,\"name\":\"Boris Champy | Burgundy | Bourgogne Aligot\u00e9 Dor\u00e9, S\u00e9lection Massale AOP | 2023 | 1500ml | bio\"}]},{\"@type\":\"WebSite\",\"@id\":\"https:\\\/\\\/wein-werte.com\\\/de\\\/#website\",\"url\":\"https:\\\/\\\/wein-werte.com\\\/de\\\/\",\"name\":\"Wein Werte\",\"description\":\"\",\"publisher\":{\"@id\":\"https:\\\/\\\/wein-werte.com\\\/de\\\/#organization\"},\"potentialAction\":[{\"@type\":\"SearchAction\",\"target\":{\"@type\":\"EntryPoint\",\"urlTemplate\":\"https:\\\/\\\/wein-werte.com\\\/de\\\/?s={search_term_string}\"},\"query-input\":{\"@type\":\"PropertyValueSpecification\",\"valueRequired\":true,\"valueName\":\"search_term_string\"}}],\"inLanguage\":\"en-US\"},{\"@type\":\"Organization\",\"@id\":\"https:\\\/\\\/wein-werte.com\\\/de\\\/#organization\",\"name\":\"Vins Fins Thorrold\",\"url\":\"https:\\\/\\\/wein-werte.com\\\/de\\\/\",\"logo\":{\"@type\":\"ImageObject\",\"inLanguage\":\"en-US\",\"@id\":\"https:\\\/\\\/wein-werte.com\\\/de\\\/#\\\/schema\\\/logo\\\/image\\\/\",\"url\":\"https:\\\/\\\/wein-werte.com\\\/wp-content\\\/uploads\\\/2023\\\/07\\\/Wein_werte_Logo700-1.png\",\"contentUrl\":\"https:\\\/\\\/wein-werte.com\\\/wp-content\\\/uploads\\\/2023\\\/07\\\/Wein_werte_Logo700-1.png\",\"width\":700,\"height\":272,\"caption\":\"Vins Fins Thorrold\"},\"image\":{\"@id\":\"https:\\\/\\\/wein-werte.com\\\/de\\\/#\\\/schema\\\/logo\\\/image\\\/\"}}]}<\/script>\n<!-- \/ Yoast SEO plugin. -->","yoast_head_json":{"title":"Boris Champy Bourgogne Aligot\u00e9 Dor\u00e9 S\u00e9lection Massale 2023, 1500ml","description":"Buy Boris Champy Bourgogne Aligot\u00e9 Dor\u00e9 S\u00e9lection Massale 2023 - a dry Aligot\u00e9 from Burgundy, France - at Wein Werte, your sustainable online shop.","robots":{"index":"index","follow":"follow","max-snippet":"max-snippet:-1","max-image-preview":"max-image-preview:large","max-video-preview":"max-video-preview:-1"},"canonical":"https:\/\/wein-werte.com\/en\/product\/boris-champy-bourgogne-aligote-dore-selection-massale-2023-1500ml\/","og_locale":"en_US","og_type":"article","og_title":"Boris Champy Bourgogne Aligot\u00e9 Dor\u00e9 S\u00e9lection Massale 2023, 1500ml","og_description":"Buy Boris Champy Bourgogne Aligot\u00e9 Dor\u00e9 S\u00e9lection Massale 2023 - a dry Aligot\u00e9 from Burgundy, France - at Wein Werte, your sustainable online shop.","og_url":"https:\/\/wein-werte.com\/en\/product\/boris-champy-bourgogne-aligote-dore-selection-massale-2023-1500ml\/","og_site_name":"Wein Werte","article_modified_time":"2026-05-08T17:57:55+00:00","og_image":[{"width":348,"height":1200,"url":"https:\/\/wein-werte.com\/wp-content\/uploads\/2026\/04\/Boris-Champy-Bourgogne-Aligote-Dore-Selection-Massale-2023-1500ml.png","type":"image\/png"}],"twitter_card":"summary_large_image","twitter_misc":{"Est. reading time":"1 minute"},"schema":{"@context":"https:\/\/schema.org","@graph":[{"@type":"WebPage","@id":"https:\/\/wein-werte.com\/en\/product\/boris-champy-bourgogne-aligote-dore-selection-massale-2023-1500ml\/","url":"https:\/\/wein-werte.com\/en\/product\/boris-champy-bourgogne-aligote-dore-selection-massale-2023-1500ml\/","name":"Boris Champy Bourgogne Aligot\u00e9 Dor\u00e9 S\u00e9lection Massale 2023, 1500ml","isPartOf":{"@id":"https:\/\/wein-werte.com\/de\/#website"},"primaryImageOfPage":{"@id":"https:\/\/wein-werte.com\/en\/product\/boris-champy-bourgogne-aligote-dore-selection-massale-2023-1500ml\/#primaryimage"},"image":{"@id":"https:\/\/wein-werte.com\/en\/product\/boris-champy-bourgogne-aligote-dore-selection-massale-2023-1500ml\/#primaryimage"},"thumbnailUrl":"https:\/\/wein-werte.com\/wp-content\/uploads\/2026\/04\/Boris-Champy-Bourgogne-Aligote-Dore-Selection-Massale-2023-1500ml.png","datePublished":"2026-05-08T17:57:54+00:00","dateModified":"2026-05-08T17:57:55+00:00","description":"Buy Boris Champy Bourgogne Aligot\u00e9 Dor\u00e9 S\u00e9lection Massale 2023 - a dry Aligot\u00e9 from Burgundy, France - at Wein Werte, your sustainable online shop.","breadcrumb":{"@id":"https:\/\/wein-werte.com\/en\/product\/boris-champy-bourgogne-aligote-dore-selection-massale-2023-1500ml\/#breadcrumb"},"inLanguage":"en-US","potentialAction":[{"@type":"ReadAction","target":["https:\/\/wein-werte.com\/en\/product\/boris-champy-bourgogne-aligote-dore-selection-massale-2023-1500ml\/"]}]},{"@type":"ImageObject","inLanguage":"en-US","@id":"https:\/\/wein-werte.com\/en\/product\/boris-champy-bourgogne-aligote-dore-selection-massale-2023-1500ml\/#primaryimage","url":"https:\/\/wein-werte.com\/wp-content\/uploads\/2026\/04\/Boris-Champy-Bourgogne-Aligote-Dore-Selection-Massale-2023-1500ml.png","contentUrl":"https:\/\/wein-werte.com\/wp-content\/uploads\/2026\/04\/Boris-Champy-Bourgogne-Aligote-Dore-Selection-Massale-2023-1500ml.png","width":348,"height":1200,"caption":"Boris Champy Bourgogne Aligot\u00e9 Dor\u00e9, S\u00e9lection Massale AOP 2023 1500ml"},{"@type":"BreadcrumbList","@id":"https:\/\/wein-werte.com\/en\/product\/boris-champy-bourgogne-aligote-dore-selection-massale-2023-1500ml\/#breadcrumb","itemListElement":[{"@type":"ListItem","position":1,"name":"Home","item":"https:\/\/wein-werte.com\/en\/"},{"@type":"ListItem","position":2,"name":"Shop Page","item":"https:\/\/wein-werte.com\/en\/shop\/"},{"@type":"ListItem","position":3,"name":"Boris Champy | Burgundy | Bourgogne Aligot\u00e9 Dor\u00e9, S\u00e9lection Massale AOP | 2023 | 1500ml | bio"}]},{"@type":"WebSite","@id":"https:\/\/wein-werte.com\/de\/#website","url":"https:\/\/wein-werte.com\/de\/","name":"Wein Werte","description":"","publisher":{"@id":"https:\/\/wein-werte.com\/de\/#organization"},"potentialAction":[{"@type":"SearchAction","target":{"@type":"EntryPoint","urlTemplate":"https:\/\/wein-werte.com\/de\/?s={search_term_string}"},"query-input":{"@type":"PropertyValueSpecification","valueRequired":true,"valueName":"search_term_string"}}],"inLanguage":"en-US"},{"@type":"Organization","@id":"https:\/\/wein-werte.com\/de\/#organization","name":"Vins Fins Thorrold","url":"https:\/\/wein-werte.com\/de\/","logo":{"@type":"ImageObject","inLanguage":"en-US","@id":"https:\/\/wein-werte.com\/de\/#\/schema\/logo\/image\/","url":"https:\/\/wein-werte.com\/wp-content\/uploads\/2023\/07\/Wein_werte_Logo700-1.png","contentUrl":"https:\/\/wein-werte.com\/wp-content\/uploads\/2023\/07\/Wein_werte_Logo700-1.png","width":700,"height":272,"caption":"Vins Fins Thorrold"},"image":{"@id":"https:\/\/wein-werte.com\/de\/#\/schema\/logo\/image\/"}}]}},"_links":{"self":[{"href":"https:\/\/wein-werte.com\/en\/wp-json\/wp\/v2\/product\/1123268","targetHints":{"allow":["GET"]}}],"collection":[{"href":"https:\/\/wein-werte.com\/en\/wp-json\/wp\/v2\/product"}],"about":[{"href":"https:\/\/wein-werte.com\/en\/wp-json\/wp\/v2\/types\/product"}],"wp:featuredmedia":[{"embeddable":true,"href":"https:\/\/wein-werte.com\/en\/wp-json\/wp\/v2\/media\/1139547"}],"wp:attachment":[{"href":"https:\/\/wein-werte.com\/en\/wp-json\/wp\/v2\/media?parent=1123268"}],"wp:term":[{"taxonomy":"product_brand","embeddable":true,"href":"https:\/\/wein-werte.com\/en\/wp-json\/wp\/v2\/product_brand?post=1123268"},{"taxonomy":"product_cat","embeddable":true,"href":"https:\/\/wein-werte.com\/en\/wp-json\/wp\/v2\/product_cat?post=1123268"},{"taxonomy":"product_tag","embeddable":true,"href":"https:\/\/wein-werte.com\/en\/wp-json\/wp\/v2\/product_tag?post=1123268"}],"curies":[{"name":"wp","href":"https:\/\/api.w.org\/{rel}","templated":true}]}}