{"id":1123225,"date":"2026-05-05T18:11:17","date_gmt":"2026-05-05T16:11:17","guid":{"rendered":"https:\/\/wein-werte.com\/product\/trapet-pere-et-fils-gevrey-chambertin-cuvee-1859-2022-750ml\/"},"modified":"2026-05-05T18:11:18","modified_gmt":"2026-05-05T16:11:18","slug":"trapet-pere-et-fils-gevrey-chambertin-cuvee-1859-2022-750ml","status":"publish","type":"product","link":"https:\/\/wein-werte.com\/en\/product\/trapet-pere-et-fils-gevrey-chambertin-cuvee-1859-2022-750ml\/","title":{"rendered":"Trapet P\u00e8re &#038; Fils | Burgundy | Gevrey-Chambertin Cuv\u00e9e &#8220;1859&#8221; | 2022 | 750ml | bio"},"content":{"rendered":"<p>Product description for Trapet P\u00e8re &#038; Fils Gevrey-Chambertin Cuv\u00e9e &#8220;1859&#8221; 2022 (bio)<\/p>\n<h5>Colour<\/h5>\n<p> Intense, bright cherry red with a dark core. <\/p>\n<h5>Nose<\/h5>\n<p> It develops intensely and darkly. In its youth, the fruit still takes up a lot of space \u2013 but this will shift over the years. Morello cherry, sour cherry, and blackberry are worth mentioning. Violets provide delicate elegance. The Gevrey-Chambertin Cuv\u00e9e 1859 from 2022 rests absolutely within itself. It seems a bit like a sleeping giant, who doesn&#8217;t want to reveal much yet. Behind the fruit, fine roasted aromas emerge, as well as the spice of juniper berries and bay leaves. Deep and subtle \u2013 never overly pretentious. <\/p>\n<h5>Palate<\/h5>\n<p> The first sip confirms these impressions and the metaphor of the sleeping giant. The fruit glides gently across the palate. Its acidity vibrates patiently in the background, knowing that its strengths will only emerge years later. The fine-grained tannins linger at a stealthy pace with its delicate fruit and acid structure. This tranquility is also conveyed through its balance. It flows elegantly over the lips, allowing its greatness to shine through. The finish showcases fruit and spice in equal measure.<\/p>\n<p>Copyright Vinaturel 2025<\/p>\n<p>Keywords: <a href=\"https:\/\/wein-werte.com\/shop\/?swoof=1&#038;pa_producer=Trapet-P\u00e8re-&#038;-Fils\">Trapet P\u00e8re &#038; Fils<\/a> <a href=\"https:\/\/wein-werte.com\/shop\/?swoof=1&#038;woof_text=Gevrey-Chambertin Cuv\u00e9e \"1859\"\">Gevrey-Chambertin Cuv\u00e9e &#8220;1859&#8221;<\/a> 2022 bio <a href=\"https:\/\/wein-werte.com\/shop\/?swoof=1&#038;pa_region=Burgundy\">Burgundy<\/a> <a href=\"https:\/\/wein-werte.com\/shop\/?swoof=1&#038;pa_country=France\">France<\/a><\/p>\n<h3>Vinous<\/h3>\n<p>Score: (91-93)<\/p>\n<p>The 2022 Gevrey-Chambertin &#8220;Cuv\u00e9e 1859&#8221; was blended in the Ostrea until 2019 and is named after the first two parcels owned by the Trapet family. It is 60% echalas and 100% whole bunches. It has heart-warming purity on the nose: Morello cherries and blackcurrant, very precise and focused. The palate is medium-bodied with chalky tannins, fresh and very saline towards the finish. Quite Morey-like in terms of backbone &#8211; real length here. Excellent._x000D_<br \/>\n &#8212; Neal Martin<\/p>\n<p>Producer website: <a href=\"http:\/\/www.domaine-trapet.fr\/\" target=\"_blank\">http:\/\/www.domaine-trapet.fr\/<\/a><\/p>\n","protected":false},"excerpt":{"rendered":"<p>Delivery time: 1 to 2 working days (DE), 2 to 5 working days (EU and CH)<\/p>\n","protected":false},"featured_media":1139399,"template":"","meta":[],"product_brand":[],"product_cat":[19],"product_tag":[],"class_list":{"0":"post-1123225","1":"product","2":"type-product","3":"status-publish","4":"has-post-thumbnail","6":"product_cat-unkategorisiert","7":"pa_alcohol-for-filter-12-5","8":"pa_certified-biodynamic-yes","9":"pa_certified-organic-yes","10":"pa_colour-red","11":"pa_country-france","12":"pa_grape-pinot-noir-spatburgunder","13":"pa_price-for-filter-10690","14":"pa_producer-trapet-pere-fils","15":"pa_region-burgundy","16":"pa_size-ml-6584","17":"pa_sweetness-dry","18":"pa_type-2-still","19":"pa_vinous-points-for-filter-16141","20":"pa_vintage-9698","21":"entry","22":"has-media","24":"first","25":"instock","26":"taxable","27":"shipping-taxable","28":"purchasable","29":"product-type-simple"},"yoast_head":"<!-- This site is optimized with the Yoast SEO plugin v27.5 - https:\/\/yoast.com\/product\/yoast-seo-wordpress\/ -->\n<title>Trapet P\u00e8re &amp; Fils Gevrey-Chambertin Cuv\u00e9e &quot;1859&quot; 2022<\/title>\n<meta name=\"description\" content=\"Buy Trapet P\u00e8re &amp; Fils Gevrey-Chambertin Cuv\u00e9e &quot;1859&quot; 2022 - a dry Pinot Noir from Burgundy, France - at Wein Werte, your sustainable online shop.\" \/>\n<meta name=\"robots\" content=\"index, follow, max-snippet:-1, max-image-preview:large, max-video-preview:-1\" \/>\n<link rel=\"canonical\" href=\"https:\/\/wein-werte.com\/en\/product\/trapet-pere-et-fils-gevrey-chambertin-cuvee-1859-2022-750ml\/\" \/>\n<meta property=\"og:locale\" content=\"en_US\" \/>\n<meta property=\"og:type\" content=\"article\" \/>\n<meta property=\"og:title\" content=\"Trapet P\u00e8re &amp; Fils Gevrey-Chambertin Cuv\u00e9e &quot;1859&quot; 2022\" \/>\n<meta property=\"og:description\" content=\"Buy Trapet P\u00e8re &amp; Fils Gevrey-Chambertin Cuv\u00e9e &quot;1859&quot; 2022 - a dry Pinot Noir from Burgundy, France - at Wein Werte, your sustainable online shop.\" \/>\n<meta property=\"og:url\" content=\"https:\/\/wein-werte.com\/en\/product\/trapet-pere-et-fils-gevrey-chambertin-cuvee-1859-2022-750ml\/\" \/>\n<meta property=\"og:site_name\" content=\"Wein Werte\" \/>\n<meta property=\"article:modified_time\" content=\"2026-05-05T16:11:18+00:00\" \/>\n<meta property=\"og:image\" content=\"https:\/\/wein-werte.com\/wp-content\/uploads\/2026\/04\/Trapet-Pere-et-Fils-Gevrey-Chambertin-Cuvee-1859-2022-750ml.png\" \/>\n\t<meta property=\"og:image:width\" content=\"320\" \/>\n\t<meta property=\"og:image:height\" content=\"1200\" \/>\n\t<meta property=\"og:image:type\" content=\"image\/png\" \/>\n<meta name=\"twitter:card\" content=\"summary_large_image\" \/>\n<meta name=\"twitter:label1\" content=\"Est. reading time\" \/>\n\t<meta name=\"twitter:data1\" content=\"1 minute\" \/>\n<script type=\"application\/ld+json\" class=\"yoast-schema-graph\">{\"@context\":\"https:\\\/\\\/schema.org\",\"@graph\":[{\"@type\":\"WebPage\",\"@id\":\"https:\\\/\\\/wein-werte.com\\\/en\\\/product\\\/trapet-pere-et-fils-gevrey-chambertin-cuvee-1859-2022-750ml\\\/\",\"url\":\"https:\\\/\\\/wein-werte.com\\\/en\\\/product\\\/trapet-pere-et-fils-gevrey-chambertin-cuvee-1859-2022-750ml\\\/\",\"name\":\"Trapet P\u00e8re & Fils Gevrey-Chambertin Cuv\u00e9e \\\"1859\\\" 2022\",\"isPartOf\":{\"@id\":\"https:\\\/\\\/wein-werte.com\\\/de\\\/#website\"},\"primaryImageOfPage\":{\"@id\":\"https:\\\/\\\/wein-werte.com\\\/en\\\/product\\\/trapet-pere-et-fils-gevrey-chambertin-cuvee-1859-2022-750ml\\\/#primaryimage\"},\"image\":{\"@id\":\"https:\\\/\\\/wein-werte.com\\\/en\\\/product\\\/trapet-pere-et-fils-gevrey-chambertin-cuvee-1859-2022-750ml\\\/#primaryimage\"},\"thumbnailUrl\":\"https:\\\/\\\/wein-werte.com\\\/wp-content\\\/uploads\\\/2026\\\/04\\\/Trapet-Pere-et-Fils-Gevrey-Chambertin-Cuvee-1859-2022-750ml.png\",\"datePublished\":\"2026-05-05T16:11:17+00:00\",\"dateModified\":\"2026-05-05T16:11:18+00:00\",\"description\":\"Buy Trapet P\u00e8re & Fils Gevrey-Chambertin Cuv\u00e9e \\\"1859\\\" 2022 - a dry Pinot Noir from Burgundy, France - at Wein Werte, your sustainable online shop.\",\"breadcrumb\":{\"@id\":\"https:\\\/\\\/wein-werte.com\\\/en\\\/product\\\/trapet-pere-et-fils-gevrey-chambertin-cuvee-1859-2022-750ml\\\/#breadcrumb\"},\"inLanguage\":\"en-US\",\"potentialAction\":[{\"@type\":\"ReadAction\",\"target\":[\"https:\\\/\\\/wein-werte.com\\\/en\\\/product\\\/trapet-pere-et-fils-gevrey-chambertin-cuvee-1859-2022-750ml\\\/\"]}]},{\"@type\":\"ImageObject\",\"inLanguage\":\"en-US\",\"@id\":\"https:\\\/\\\/wein-werte.com\\\/en\\\/product\\\/trapet-pere-et-fils-gevrey-chambertin-cuvee-1859-2022-750ml\\\/#primaryimage\",\"url\":\"https:\\\/\\\/wein-werte.com\\\/wp-content\\\/uploads\\\/2026\\\/04\\\/Trapet-Pere-et-Fils-Gevrey-Chambertin-Cuvee-1859-2022-750ml.png\",\"contentUrl\":\"https:\\\/\\\/wein-werte.com\\\/wp-content\\\/uploads\\\/2026\\\/04\\\/Trapet-Pere-et-Fils-Gevrey-Chambertin-Cuvee-1859-2022-750ml.png\",\"width\":320,\"height\":1200,\"caption\":\"Trapet P\u00e8re & Fils Gevrey-Chambertin Cuv\u00e9e \\\"1859\\\" 2022 750ml\"},{\"@type\":\"BreadcrumbList\",\"@id\":\"https:\\\/\\\/wein-werte.com\\\/en\\\/product\\\/trapet-pere-et-fils-gevrey-chambertin-cuvee-1859-2022-750ml\\\/#breadcrumb\",\"itemListElement\":[{\"@type\":\"ListItem\",\"position\":1,\"name\":\"Home\",\"item\":\"https:\\\/\\\/wein-werte.com\\\/en\\\/\"},{\"@type\":\"ListItem\",\"position\":2,\"name\":\"Shop Page\",\"item\":\"https:\\\/\\\/wein-werte.com\\\/en\\\/shop\\\/\"},{\"@type\":\"ListItem\",\"position\":3,\"name\":\"Trapet P\u00e8re &#038; Fils | Burgundy | Gevrey-Chambertin Cuv\u00e9e &#8220;1859&#8221; | 2022 | 750ml | bio\"}]},{\"@type\":\"WebSite\",\"@id\":\"https:\\\/\\\/wein-werte.com\\\/de\\\/#website\",\"url\":\"https:\\\/\\\/wein-werte.com\\\/de\\\/\",\"name\":\"Wein Werte\",\"description\":\"\",\"publisher\":{\"@id\":\"https:\\\/\\\/wein-werte.com\\\/de\\\/#organization\"},\"potentialAction\":[{\"@type\":\"SearchAction\",\"target\":{\"@type\":\"EntryPoint\",\"urlTemplate\":\"https:\\\/\\\/wein-werte.com\\\/de\\\/?s={search_term_string}\"},\"query-input\":{\"@type\":\"PropertyValueSpecification\",\"valueRequired\":true,\"valueName\":\"search_term_string\"}}],\"inLanguage\":\"en-US\"},{\"@type\":\"Organization\",\"@id\":\"https:\\\/\\\/wein-werte.com\\\/de\\\/#organization\",\"name\":\"Vins Fins Thorrold\",\"url\":\"https:\\\/\\\/wein-werte.com\\\/de\\\/\",\"logo\":{\"@type\":\"ImageObject\",\"inLanguage\":\"en-US\",\"@id\":\"https:\\\/\\\/wein-werte.com\\\/de\\\/#\\\/schema\\\/logo\\\/image\\\/\",\"url\":\"https:\\\/\\\/wein-werte.com\\\/wp-content\\\/uploads\\\/2023\\\/07\\\/Wein_werte_Logo700-1.png\",\"contentUrl\":\"https:\\\/\\\/wein-werte.com\\\/wp-content\\\/uploads\\\/2023\\\/07\\\/Wein_werte_Logo700-1.png\",\"width\":700,\"height\":272,\"caption\":\"Vins Fins Thorrold\"},\"image\":{\"@id\":\"https:\\\/\\\/wein-werte.com\\\/de\\\/#\\\/schema\\\/logo\\\/image\\\/\"}}]}<\/script>\n<!-- \/ Yoast SEO plugin. -->","yoast_head_json":{"title":"Trapet P\u00e8re & Fils Gevrey-Chambertin Cuv\u00e9e \"1859\" 2022","description":"Buy Trapet P\u00e8re & Fils Gevrey-Chambertin Cuv\u00e9e \"1859\" 2022 - a dry Pinot Noir from Burgundy, France - at Wein Werte, your sustainable online shop.","robots":{"index":"index","follow":"follow","max-snippet":"max-snippet:-1","max-image-preview":"max-image-preview:large","max-video-preview":"max-video-preview:-1"},"canonical":"https:\/\/wein-werte.com\/en\/product\/trapet-pere-et-fils-gevrey-chambertin-cuvee-1859-2022-750ml\/","og_locale":"en_US","og_type":"article","og_title":"Trapet P\u00e8re & Fils Gevrey-Chambertin Cuv\u00e9e \"1859\" 2022","og_description":"Buy Trapet P\u00e8re & Fils Gevrey-Chambertin Cuv\u00e9e \"1859\" 2022 - a dry Pinot Noir from Burgundy, France - at Wein Werte, your sustainable online shop.","og_url":"https:\/\/wein-werte.com\/en\/product\/trapet-pere-et-fils-gevrey-chambertin-cuvee-1859-2022-750ml\/","og_site_name":"Wein Werte","article_modified_time":"2026-05-05T16:11:18+00:00","og_image":[{"width":320,"height":1200,"url":"https:\/\/wein-werte.com\/wp-content\/uploads\/2026\/04\/Trapet-Pere-et-Fils-Gevrey-Chambertin-Cuvee-1859-2022-750ml.png","type":"image\/png"}],"twitter_card":"summary_large_image","twitter_misc":{"Est. reading time":"1 minute"},"schema":{"@context":"https:\/\/schema.org","@graph":[{"@type":"WebPage","@id":"https:\/\/wein-werte.com\/en\/product\/trapet-pere-et-fils-gevrey-chambertin-cuvee-1859-2022-750ml\/","url":"https:\/\/wein-werte.com\/en\/product\/trapet-pere-et-fils-gevrey-chambertin-cuvee-1859-2022-750ml\/","name":"Trapet P\u00e8re & Fils Gevrey-Chambertin Cuv\u00e9e \"1859\" 2022","isPartOf":{"@id":"https:\/\/wein-werte.com\/de\/#website"},"primaryImageOfPage":{"@id":"https:\/\/wein-werte.com\/en\/product\/trapet-pere-et-fils-gevrey-chambertin-cuvee-1859-2022-750ml\/#primaryimage"},"image":{"@id":"https:\/\/wein-werte.com\/en\/product\/trapet-pere-et-fils-gevrey-chambertin-cuvee-1859-2022-750ml\/#primaryimage"},"thumbnailUrl":"https:\/\/wein-werte.com\/wp-content\/uploads\/2026\/04\/Trapet-Pere-et-Fils-Gevrey-Chambertin-Cuvee-1859-2022-750ml.png","datePublished":"2026-05-05T16:11:17+00:00","dateModified":"2026-05-05T16:11:18+00:00","description":"Buy Trapet P\u00e8re & Fils Gevrey-Chambertin Cuv\u00e9e \"1859\" 2022 - a dry Pinot Noir from Burgundy, France - at Wein Werte, your sustainable online shop.","breadcrumb":{"@id":"https:\/\/wein-werte.com\/en\/product\/trapet-pere-et-fils-gevrey-chambertin-cuvee-1859-2022-750ml\/#breadcrumb"},"inLanguage":"en-US","potentialAction":[{"@type":"ReadAction","target":["https:\/\/wein-werte.com\/en\/product\/trapet-pere-et-fils-gevrey-chambertin-cuvee-1859-2022-750ml\/"]}]},{"@type":"ImageObject","inLanguage":"en-US","@id":"https:\/\/wein-werte.com\/en\/product\/trapet-pere-et-fils-gevrey-chambertin-cuvee-1859-2022-750ml\/#primaryimage","url":"https:\/\/wein-werte.com\/wp-content\/uploads\/2026\/04\/Trapet-Pere-et-Fils-Gevrey-Chambertin-Cuvee-1859-2022-750ml.png","contentUrl":"https:\/\/wein-werte.com\/wp-content\/uploads\/2026\/04\/Trapet-Pere-et-Fils-Gevrey-Chambertin-Cuvee-1859-2022-750ml.png","width":320,"height":1200,"caption":"Trapet P\u00e8re & Fils Gevrey-Chambertin Cuv\u00e9e \"1859\" 2022 750ml"},{"@type":"BreadcrumbList","@id":"https:\/\/wein-werte.com\/en\/product\/trapet-pere-et-fils-gevrey-chambertin-cuvee-1859-2022-750ml\/#breadcrumb","itemListElement":[{"@type":"ListItem","position":1,"name":"Home","item":"https:\/\/wein-werte.com\/en\/"},{"@type":"ListItem","position":2,"name":"Shop Page","item":"https:\/\/wein-werte.com\/en\/shop\/"},{"@type":"ListItem","position":3,"name":"Trapet P\u00e8re &#038; Fils | Burgundy | Gevrey-Chambertin Cuv\u00e9e &#8220;1859&#8221; | 2022 | 750ml | bio"}]},{"@type":"WebSite","@id":"https:\/\/wein-werte.com\/de\/#website","url":"https:\/\/wein-werte.com\/de\/","name":"Wein Werte","description":"","publisher":{"@id":"https:\/\/wein-werte.com\/de\/#organization"},"potentialAction":[{"@type":"SearchAction","target":{"@type":"EntryPoint","urlTemplate":"https:\/\/wein-werte.com\/de\/?s={search_term_string}"},"query-input":{"@type":"PropertyValueSpecification","valueRequired":true,"valueName":"search_term_string"}}],"inLanguage":"en-US"},{"@type":"Organization","@id":"https:\/\/wein-werte.com\/de\/#organization","name":"Vins Fins Thorrold","url":"https:\/\/wein-werte.com\/de\/","logo":{"@type":"ImageObject","inLanguage":"en-US","@id":"https:\/\/wein-werte.com\/de\/#\/schema\/logo\/image\/","url":"https:\/\/wein-werte.com\/wp-content\/uploads\/2023\/07\/Wein_werte_Logo700-1.png","contentUrl":"https:\/\/wein-werte.com\/wp-content\/uploads\/2023\/07\/Wein_werte_Logo700-1.png","width":700,"height":272,"caption":"Vins Fins Thorrold"},"image":{"@id":"https:\/\/wein-werte.com\/de\/#\/schema\/logo\/image\/"}}]}},"_links":{"self":[{"href":"https:\/\/wein-werte.com\/en\/wp-json\/wp\/v2\/product\/1123225","targetHints":{"allow":["GET"]}}],"collection":[{"href":"https:\/\/wein-werte.com\/en\/wp-json\/wp\/v2\/product"}],"about":[{"href":"https:\/\/wein-werte.com\/en\/wp-json\/wp\/v2\/types\/product"}],"wp:featuredmedia":[{"embeddable":true,"href":"https:\/\/wein-werte.com\/en\/wp-json\/wp\/v2\/media\/1139399"}],"wp:attachment":[{"href":"https:\/\/wein-werte.com\/en\/wp-json\/wp\/v2\/media?parent=1123225"}],"wp:term":[{"taxonomy":"product_brand","embeddable":true,"href":"https:\/\/wein-werte.com\/en\/wp-json\/wp\/v2\/product_brand?post=1123225"},{"taxonomy":"product_cat","embeddable":true,"href":"https:\/\/wein-werte.com\/en\/wp-json\/wp\/v2\/product_cat?post=1123225"},{"taxonomy":"product_tag","embeddable":true,"href":"https:\/\/wein-werte.com\/en\/wp-json\/wp\/v2\/product_tag?post=1123225"}],"curies":[{"name":"wp","href":"https:\/\/api.w.org\/{rel}","templated":true}]}}