{"id":1123224,"date":"2026-05-05T18:11:17","date_gmt":"2026-05-05T16:11:17","guid":{"rendered":"https:\/\/wein-werte.com\/product\/trapet-pere-et-fils-gevrey-chambertin-cuvee-ostrea-2022-1500ml\/"},"modified":"2026-05-05T18:11:18","modified_gmt":"2026-05-05T16:11:18","slug":"trapet-pere-et-fils-gevrey-chambertin-cuvee-ostrea-2022-1500ml","status":"publish","type":"product","link":"https:\/\/wein-werte.com\/en\/product\/trapet-pere-et-fils-gevrey-chambertin-cuvee-ostrea-2022-1500ml\/","title":{"rendered":"Trapet P\u00e8re &#038; Fils | Burgundy | Gevrey-Chambertin Cuv\u00e9e Ostrea AOC | 2022 | 1500ml | bio"},"content":{"rendered":"<p>Product description for Trapet P\u00e8re &#038; Fils Gevrey-Chambertin Cuv\u00e9e Ostrea AOC 2022 (bio)<\/p>\n<p>Jean-Louis Trapet, the man who runs one of Burgundy&#8217;s most sought-after wineries, remains a true vigneron to this day. He is someone who puts his passion for Pinot Noir into the vineyard with all his energy. Founded in 1870, Domaine Trapet today owns twelve hectares, including several plots of partly ancient vines in the Grands Crus La Chapelle, Les Latrici\u00e8res, and \u2013 since 1919 \u2013 Le Chambertin. Le Chambertin is the house&#8217;s undisputed flagship and, in its prime, the perfect expression of the terroir, or better \u2013 as the British like to say \u2013 the sense of place. Jean-Louis Trapet and his wife Andr\u00e9e turned to biodynamic farming in the mid-1990s. The many, always carefully considered steps that went with this have transformed the domaine into one of the leading wineries in Burgundy, especially in Gevrey-Chambertin.<\/p>\n<p>Copyright Vinaturel 2025<\/p>\n<p>Keywords: <a href=\"https:\/\/wein-werte.com\/shop\/?swoof=1&#038;pa_producer=Trapet-P\u00e8re-&#038;-Fils\">Trapet P\u00e8re &#038; Fils<\/a> <a href=\"https:\/\/wein-werte.com\/shop\/?swoof=1&#038;woof_text=Gevrey-Chambertin Cuv\u00e9e Ostrea AOC\">Gevrey-Chambertin Cuv\u00e9e Ostrea AOC<\/a> 2022 bio <a href=\"https:\/\/wein-werte.com\/shop\/?swoof=1&#038;pa_region=Burgundy\">Burgundy<\/a> <a href=\"https:\/\/wein-werte.com\/shop\/?swoof=1&#038;pa_country=France\">France<\/a><\/p>\n<p>Producer website: <a href=\"http:\/\/www.domaine-trapet.fr\/\" target=\"_blank\">http:\/\/www.domaine-trapet.fr\/<\/a><\/p>\n","protected":false},"excerpt":{"rendered":"<p>Delivery time: 1 to 2 working days (DE), 2 to 5 working days (EU and CH)<\/p>\n","protected":false},"featured_media":1139395,"template":"","meta":[],"product_brand":[],"product_cat":[19],"product_tag":[],"class_list":{"0":"post-1123224","1":"product","2":"type-product","3":"status-publish","4":"has-post-thumbnail","6":"product_cat-unkategorisiert","7":"pa_alcohol-for-filter-12897","8":"pa_certified-biodynamic-yes","9":"pa_certified-organic-yes","10":"pa_colour-red","11":"pa_country-france","12":"pa_grape-pinot-noir-spatburgunder","13":"pa_price-for-filter-10676","14":"pa_producer-trapet-pere-fils","15":"pa_region-burgundy","16":"pa_size-ml-6657","17":"pa_sweetness-dry","18":"pa_type-2-still","19":"pa_vintage-9698","20":"entry","21":"has-media","23":"first","24":"instock","25":"taxable","26":"shipping-taxable","27":"purchasable","28":"product-type-simple"},"yoast_head":"<!-- This site is optimized with the Yoast SEO plugin v27.5 - https:\/\/yoast.com\/product\/yoast-seo-wordpress\/ -->\n<title>Trapet P\u00e8re &amp; Fils Gevrey-Chambertin Cuv\u00e9e Ostrea 2022, 1500ml<\/title>\n<meta name=\"description\" content=\"Buy Trapet P\u00e8re &amp; Fils Gevrey-Chambertin Cuv\u00e9e Ostrea 2022 - a dry Pinot Noir from Burgundy, France - at Wein Werte, your sustainable online shop.\" \/>\n<meta name=\"robots\" content=\"index, follow, max-snippet:-1, max-image-preview:large, max-video-preview:-1\" \/>\n<link rel=\"canonical\" href=\"https:\/\/wein-werte.com\/en\/product\/trapet-pere-et-fils-gevrey-chambertin-cuvee-ostrea-2022-1500ml\/\" \/>\n<meta property=\"og:locale\" content=\"en_US\" \/>\n<meta property=\"og:type\" content=\"article\" \/>\n<meta property=\"og:title\" content=\"Trapet P\u00e8re &amp; Fils Gevrey-Chambertin Cuv\u00e9e Ostrea 2022, 1500ml\" \/>\n<meta property=\"og:description\" content=\"Buy Trapet P\u00e8re &amp; Fils Gevrey-Chambertin Cuv\u00e9e Ostrea 2022 - a dry Pinot Noir from Burgundy, France - at Wein Werte, your sustainable online shop.\" \/>\n<meta property=\"og:url\" content=\"https:\/\/wein-werte.com\/en\/product\/trapet-pere-et-fils-gevrey-chambertin-cuvee-ostrea-2022-1500ml\/\" \/>\n<meta property=\"og:site_name\" content=\"Wein Werte\" \/>\n<meta property=\"article:modified_time\" content=\"2026-05-05T16:11:18+00:00\" \/>\n<meta property=\"og:image\" content=\"https:\/\/wein-werte.com\/wp-content\/uploads\/2026\/04\/Trapet-Pere-et-Fils-Gevrey-Chambertin-Cuvee-Ostrea-2022-1500ml.png\" \/>\n\t<meta property=\"og:image:width\" content=\"357\" \/>\n\t<meta property=\"og:image:height\" content=\"1200\" \/>\n\t<meta property=\"og:image:type\" content=\"image\/png\" \/>\n<meta name=\"twitter:card\" content=\"summary_large_image\" \/>\n<meta name=\"twitter:label1\" content=\"Est. reading time\" \/>\n\t<meta name=\"twitter:data1\" content=\"1 minute\" \/>\n<script type=\"application\/ld+json\" class=\"yoast-schema-graph\">{\"@context\":\"https:\\\/\\\/schema.org\",\"@graph\":[{\"@type\":\"WebPage\",\"@id\":\"https:\\\/\\\/wein-werte.com\\\/en\\\/product\\\/trapet-pere-et-fils-gevrey-chambertin-cuvee-ostrea-2022-1500ml\\\/\",\"url\":\"https:\\\/\\\/wein-werte.com\\\/en\\\/product\\\/trapet-pere-et-fils-gevrey-chambertin-cuvee-ostrea-2022-1500ml\\\/\",\"name\":\"Trapet P\u00e8re & Fils Gevrey-Chambertin Cuv\u00e9e Ostrea 2022, 1500ml\",\"isPartOf\":{\"@id\":\"https:\\\/\\\/wein-werte.com\\\/de\\\/#website\"},\"primaryImageOfPage\":{\"@id\":\"https:\\\/\\\/wein-werte.com\\\/en\\\/product\\\/trapet-pere-et-fils-gevrey-chambertin-cuvee-ostrea-2022-1500ml\\\/#primaryimage\"},\"image\":{\"@id\":\"https:\\\/\\\/wein-werte.com\\\/en\\\/product\\\/trapet-pere-et-fils-gevrey-chambertin-cuvee-ostrea-2022-1500ml\\\/#primaryimage\"},\"thumbnailUrl\":\"https:\\\/\\\/wein-werte.com\\\/wp-content\\\/uploads\\\/2026\\\/04\\\/Trapet-Pere-et-Fils-Gevrey-Chambertin-Cuvee-Ostrea-2022-1500ml.png\",\"datePublished\":\"2026-05-05T16:11:17+00:00\",\"dateModified\":\"2026-05-05T16:11:18+00:00\",\"description\":\"Buy Trapet P\u00e8re & Fils Gevrey-Chambertin Cuv\u00e9e Ostrea 2022 - a dry Pinot Noir from Burgundy, France - at Wein Werte, your sustainable online shop.\",\"breadcrumb\":{\"@id\":\"https:\\\/\\\/wein-werte.com\\\/en\\\/product\\\/trapet-pere-et-fils-gevrey-chambertin-cuvee-ostrea-2022-1500ml\\\/#breadcrumb\"},\"inLanguage\":\"en-US\",\"potentialAction\":[{\"@type\":\"ReadAction\",\"target\":[\"https:\\\/\\\/wein-werte.com\\\/en\\\/product\\\/trapet-pere-et-fils-gevrey-chambertin-cuvee-ostrea-2022-1500ml\\\/\"]}]},{\"@type\":\"ImageObject\",\"inLanguage\":\"en-US\",\"@id\":\"https:\\\/\\\/wein-werte.com\\\/en\\\/product\\\/trapet-pere-et-fils-gevrey-chambertin-cuvee-ostrea-2022-1500ml\\\/#primaryimage\",\"url\":\"https:\\\/\\\/wein-werte.com\\\/wp-content\\\/uploads\\\/2026\\\/04\\\/Trapet-Pere-et-Fils-Gevrey-Chambertin-Cuvee-Ostrea-2022-1500ml.png\",\"contentUrl\":\"https:\\\/\\\/wein-werte.com\\\/wp-content\\\/uploads\\\/2026\\\/04\\\/Trapet-Pere-et-Fils-Gevrey-Chambertin-Cuvee-Ostrea-2022-1500ml.png\",\"width\":357,\"height\":1200,\"caption\":\"Trapet P\u00e8re & Fils Gevrey-Chambertin Cuv\u00e9e Ostrea AOC 2022 1500ml\"},{\"@type\":\"BreadcrumbList\",\"@id\":\"https:\\\/\\\/wein-werte.com\\\/en\\\/product\\\/trapet-pere-et-fils-gevrey-chambertin-cuvee-ostrea-2022-1500ml\\\/#breadcrumb\",\"itemListElement\":[{\"@type\":\"ListItem\",\"position\":1,\"name\":\"Home\",\"item\":\"https:\\\/\\\/wein-werte.com\\\/en\\\/\"},{\"@type\":\"ListItem\",\"position\":2,\"name\":\"Shop Page\",\"item\":\"https:\\\/\\\/wein-werte.com\\\/en\\\/shop\\\/\"},{\"@type\":\"ListItem\",\"position\":3,\"name\":\"Trapet P\u00e8re &#038; Fils | Burgundy | Gevrey-Chambertin Cuv\u00e9e Ostrea AOC | 2022 | 1500ml | bio\"}]},{\"@type\":\"WebSite\",\"@id\":\"https:\\\/\\\/wein-werte.com\\\/de\\\/#website\",\"url\":\"https:\\\/\\\/wein-werte.com\\\/de\\\/\",\"name\":\"Wein Werte\",\"description\":\"\",\"publisher\":{\"@id\":\"https:\\\/\\\/wein-werte.com\\\/de\\\/#organization\"},\"potentialAction\":[{\"@type\":\"SearchAction\",\"target\":{\"@type\":\"EntryPoint\",\"urlTemplate\":\"https:\\\/\\\/wein-werte.com\\\/de\\\/?s={search_term_string}\"},\"query-input\":{\"@type\":\"PropertyValueSpecification\",\"valueRequired\":true,\"valueName\":\"search_term_string\"}}],\"inLanguage\":\"en-US\"},{\"@type\":\"Organization\",\"@id\":\"https:\\\/\\\/wein-werte.com\\\/de\\\/#organization\",\"name\":\"Vins Fins Thorrold\",\"url\":\"https:\\\/\\\/wein-werte.com\\\/de\\\/\",\"logo\":{\"@type\":\"ImageObject\",\"inLanguage\":\"en-US\",\"@id\":\"https:\\\/\\\/wein-werte.com\\\/de\\\/#\\\/schema\\\/logo\\\/image\\\/\",\"url\":\"https:\\\/\\\/wein-werte.com\\\/wp-content\\\/uploads\\\/2023\\\/07\\\/Wein_werte_Logo700-1.png\",\"contentUrl\":\"https:\\\/\\\/wein-werte.com\\\/wp-content\\\/uploads\\\/2023\\\/07\\\/Wein_werte_Logo700-1.png\",\"width\":700,\"height\":272,\"caption\":\"Vins Fins Thorrold\"},\"image\":{\"@id\":\"https:\\\/\\\/wein-werte.com\\\/de\\\/#\\\/schema\\\/logo\\\/image\\\/\"}}]}<\/script>\n<!-- \/ Yoast SEO plugin. -->","yoast_head_json":{"title":"Trapet P\u00e8re & Fils Gevrey-Chambertin Cuv\u00e9e Ostrea 2022, 1500ml","description":"Buy Trapet P\u00e8re & Fils Gevrey-Chambertin Cuv\u00e9e Ostrea 2022 - a dry Pinot Noir from Burgundy, France - at Wein Werte, your sustainable online shop.","robots":{"index":"index","follow":"follow","max-snippet":"max-snippet:-1","max-image-preview":"max-image-preview:large","max-video-preview":"max-video-preview:-1"},"canonical":"https:\/\/wein-werte.com\/en\/product\/trapet-pere-et-fils-gevrey-chambertin-cuvee-ostrea-2022-1500ml\/","og_locale":"en_US","og_type":"article","og_title":"Trapet P\u00e8re & Fils Gevrey-Chambertin Cuv\u00e9e Ostrea 2022, 1500ml","og_description":"Buy Trapet P\u00e8re & Fils Gevrey-Chambertin Cuv\u00e9e Ostrea 2022 - a dry Pinot Noir from Burgundy, France - at Wein Werte, your sustainable online shop.","og_url":"https:\/\/wein-werte.com\/en\/product\/trapet-pere-et-fils-gevrey-chambertin-cuvee-ostrea-2022-1500ml\/","og_site_name":"Wein Werte","article_modified_time":"2026-05-05T16:11:18+00:00","og_image":[{"width":357,"height":1200,"url":"https:\/\/wein-werte.com\/wp-content\/uploads\/2026\/04\/Trapet-Pere-et-Fils-Gevrey-Chambertin-Cuvee-Ostrea-2022-1500ml.png","type":"image\/png"}],"twitter_card":"summary_large_image","twitter_misc":{"Est. reading time":"1 minute"},"schema":{"@context":"https:\/\/schema.org","@graph":[{"@type":"WebPage","@id":"https:\/\/wein-werte.com\/en\/product\/trapet-pere-et-fils-gevrey-chambertin-cuvee-ostrea-2022-1500ml\/","url":"https:\/\/wein-werte.com\/en\/product\/trapet-pere-et-fils-gevrey-chambertin-cuvee-ostrea-2022-1500ml\/","name":"Trapet P\u00e8re & Fils Gevrey-Chambertin Cuv\u00e9e Ostrea 2022, 1500ml","isPartOf":{"@id":"https:\/\/wein-werte.com\/de\/#website"},"primaryImageOfPage":{"@id":"https:\/\/wein-werte.com\/en\/product\/trapet-pere-et-fils-gevrey-chambertin-cuvee-ostrea-2022-1500ml\/#primaryimage"},"image":{"@id":"https:\/\/wein-werte.com\/en\/product\/trapet-pere-et-fils-gevrey-chambertin-cuvee-ostrea-2022-1500ml\/#primaryimage"},"thumbnailUrl":"https:\/\/wein-werte.com\/wp-content\/uploads\/2026\/04\/Trapet-Pere-et-Fils-Gevrey-Chambertin-Cuvee-Ostrea-2022-1500ml.png","datePublished":"2026-05-05T16:11:17+00:00","dateModified":"2026-05-05T16:11:18+00:00","description":"Buy Trapet P\u00e8re & Fils Gevrey-Chambertin Cuv\u00e9e Ostrea 2022 - a dry Pinot Noir from Burgundy, France - at Wein Werte, your sustainable online shop.","breadcrumb":{"@id":"https:\/\/wein-werte.com\/en\/product\/trapet-pere-et-fils-gevrey-chambertin-cuvee-ostrea-2022-1500ml\/#breadcrumb"},"inLanguage":"en-US","potentialAction":[{"@type":"ReadAction","target":["https:\/\/wein-werte.com\/en\/product\/trapet-pere-et-fils-gevrey-chambertin-cuvee-ostrea-2022-1500ml\/"]}]},{"@type":"ImageObject","inLanguage":"en-US","@id":"https:\/\/wein-werte.com\/en\/product\/trapet-pere-et-fils-gevrey-chambertin-cuvee-ostrea-2022-1500ml\/#primaryimage","url":"https:\/\/wein-werte.com\/wp-content\/uploads\/2026\/04\/Trapet-Pere-et-Fils-Gevrey-Chambertin-Cuvee-Ostrea-2022-1500ml.png","contentUrl":"https:\/\/wein-werte.com\/wp-content\/uploads\/2026\/04\/Trapet-Pere-et-Fils-Gevrey-Chambertin-Cuvee-Ostrea-2022-1500ml.png","width":357,"height":1200,"caption":"Trapet P\u00e8re & Fils Gevrey-Chambertin Cuv\u00e9e Ostrea AOC 2022 1500ml"},{"@type":"BreadcrumbList","@id":"https:\/\/wein-werte.com\/en\/product\/trapet-pere-et-fils-gevrey-chambertin-cuvee-ostrea-2022-1500ml\/#breadcrumb","itemListElement":[{"@type":"ListItem","position":1,"name":"Home","item":"https:\/\/wein-werte.com\/en\/"},{"@type":"ListItem","position":2,"name":"Shop Page","item":"https:\/\/wein-werte.com\/en\/shop\/"},{"@type":"ListItem","position":3,"name":"Trapet P\u00e8re &#038; Fils | Burgundy | Gevrey-Chambertin Cuv\u00e9e Ostrea AOC | 2022 | 1500ml | bio"}]},{"@type":"WebSite","@id":"https:\/\/wein-werte.com\/de\/#website","url":"https:\/\/wein-werte.com\/de\/","name":"Wein Werte","description":"","publisher":{"@id":"https:\/\/wein-werte.com\/de\/#organization"},"potentialAction":[{"@type":"SearchAction","target":{"@type":"EntryPoint","urlTemplate":"https:\/\/wein-werte.com\/de\/?s={search_term_string}"},"query-input":{"@type":"PropertyValueSpecification","valueRequired":true,"valueName":"search_term_string"}}],"inLanguage":"en-US"},{"@type":"Organization","@id":"https:\/\/wein-werte.com\/de\/#organization","name":"Vins Fins Thorrold","url":"https:\/\/wein-werte.com\/de\/","logo":{"@type":"ImageObject","inLanguage":"en-US","@id":"https:\/\/wein-werte.com\/de\/#\/schema\/logo\/image\/","url":"https:\/\/wein-werte.com\/wp-content\/uploads\/2023\/07\/Wein_werte_Logo700-1.png","contentUrl":"https:\/\/wein-werte.com\/wp-content\/uploads\/2023\/07\/Wein_werte_Logo700-1.png","width":700,"height":272,"caption":"Vins Fins Thorrold"},"image":{"@id":"https:\/\/wein-werte.com\/de\/#\/schema\/logo\/image\/"}}]}},"_links":{"self":[{"href":"https:\/\/wein-werte.com\/en\/wp-json\/wp\/v2\/product\/1123224","targetHints":{"allow":["GET"]}}],"collection":[{"href":"https:\/\/wein-werte.com\/en\/wp-json\/wp\/v2\/product"}],"about":[{"href":"https:\/\/wein-werte.com\/en\/wp-json\/wp\/v2\/types\/product"}],"wp:featuredmedia":[{"embeddable":true,"href":"https:\/\/wein-werte.com\/en\/wp-json\/wp\/v2\/media\/1139395"}],"wp:attachment":[{"href":"https:\/\/wein-werte.com\/en\/wp-json\/wp\/v2\/media?parent=1123224"}],"wp:term":[{"taxonomy":"product_brand","embeddable":true,"href":"https:\/\/wein-werte.com\/en\/wp-json\/wp\/v2\/product_brand?post=1123224"},{"taxonomy":"product_cat","embeddable":true,"href":"https:\/\/wein-werte.com\/en\/wp-json\/wp\/v2\/product_cat?post=1123224"},{"taxonomy":"product_tag","embeddable":true,"href":"https:\/\/wein-werte.com\/en\/wp-json\/wp\/v2\/product_tag?post=1123224"}],"curies":[{"name":"wp","href":"https:\/\/api.w.org\/{rel}","templated":true}]}}