{"id":1123223,"date":"2026-05-08T19:56:47","date_gmt":"2026-05-08T17:56:47","guid":{"rendered":"https:\/\/wein-werte.com\/product\/trapet-pere-et-fils-gevrey-chambertin-cuvee-ostrea-2022-750ml\/"},"modified":"2026-05-08T19:56:48","modified_gmt":"2026-05-08T17:56:48","slug":"trapet-pere-et-fils-gevrey-chambertin-cuvee-ostrea-2022-750ml","status":"publish","type":"product","link":"https:\/\/wein-werte.com\/en\/product\/trapet-pere-et-fils-gevrey-chambertin-cuvee-ostrea-2022-750ml\/","title":{"rendered":"Trapet P\u00e8re &#038; Fils | Burgundy | Gevrey-Chambertin Cuv\u00e9e Ostrea AOC | 2022 | 750ml | bio"},"content":{"rendered":"<p>Product description for Trapet P\u00e8re &#038; Fils Gevrey-Chambertin Cuv\u00e9e Ostrea AOC 2022 (bio)<\/p>\n<h5>Color<\/h5>\n<p>Bright cherry red with delicate violet reflections. <\/p>\n<h5>Nose<\/h5>\n<p>The 2022 Gevrey-Chambertin Ostrea is a firm favorite at Trapet year after year. A prime example of contemporary Pinot Noir. It is generous and approachable. At the same time, it exhibits so much depth that you have to pause for a moment. Its fruit is subtle yet very present. Wild raspberries from the forest and sour cherries are racy and almost weightlessly stimulating. Abundant herbs contribute, which greatly contributes to the high fun factor of the nose. Parsley, rosemary, and chervil deliver one fresh attack after another. It experiences subtle spice in the form of black pepper and juniper. Behind this, still shy, lies its earthy side. Wet limestone and cold smoke are reserved only for the patient, searching tasters. Time or air can help with this. <\/p>\n<h5>Palate<\/h5>\n<p>It immediately grabs hold of the palate and captivates you. Its intense fruit competes with its structured acidity. These two facets attract each other magnetically for minutes. With its high elegance, it thrives on its silky, clear, and mineral appearance. Origin, style, and vintage are all very well presented here. Its spiciness also comes from the earthy facet of this wine, which radiates outward in the glass with depth and length. Perfectly balanced, all the elements come together to form a whole that knows how to inspire. Taut and lengthy, it takes its time on the finish and delights again and again \u2013 always in a different way. Full of complexity, it drinks enormously well even at its young age. Its potential is far from exhausted. With its generosity, it carves out its own monument.<\/p>\n<p>Copyright Vinaturel 2025<\/p>\n<p>Keywords: <a href=\"https:\/\/wein-werte.com\/shop\/?swoof=1&#038;pa_producer=Trapet-P\u00e8re-&#038;-Fils\">Trapet P\u00e8re &#038; Fils<\/a> <a href=\"https:\/\/wein-werte.com\/shop\/?swoof=1&#038;woof_text=Gevrey-Chambertin Cuv\u00e9e Ostrea AOC\">Gevrey-Chambertin Cuv\u00e9e Ostrea AOC<\/a> 2022 bio <a href=\"https:\/\/wein-werte.com\/shop\/?swoof=1&#038;pa_region=Burgundy\">Burgundy<\/a> <a href=\"https:\/\/wein-werte.com\/shop\/?swoof=1&#038;pa_country=France\">France<\/a><\/p>\n<h3>Vinous<\/h3>\n<p>Score: (90-92)<\/p>\n<p>The 2022 Gevrey-Chambertin &#8220;Ostrea&#8221; comes from a single plot from Au Combe du Bas and includes 30-40% whole bunches. It has fine clarity on the nose: brambly red fruit, briar and pressed violets unfolding in the glass. The palate is medium-bodied with gentle grip on the entry. It has fine structure, slightly chalky towards the finish, but it should flesh out during the remainder of its \u00e9levage._x000D_<br \/>\n &#8212; Neal Martin<\/p>\n<p>Producer website: <a href=\"http:\/\/www.domaine-trapet.fr\/\" target=\"_blank\">http:\/\/www.domaine-trapet.fr\/<\/a><\/p>\n","protected":false},"excerpt":{"rendered":"<p>Delivery time: 1 to 2 working days (DE), 2 to 5 working days (EU and CH)<\/p>\n","protected":false},"featured_media":1139391,"template":"","meta":[],"product_brand":[],"product_cat":[19],"product_tag":[],"class_list":{"0":"post-1123223","1":"product","2":"type-product","3":"status-publish","4":"has-post-thumbnail","6":"product_cat-unkategorisiert","7":"pa_alcohol-for-filter-12897","8":"pa_certified-biodynamic-yes","9":"pa_certified-organic-yes","10":"pa_colour-red","11":"pa_country-france","12":"pa_grape-pinot-noir-spatburgunder","13":"pa_price-for-filter-10714","14":"pa_producer-trapet-pere-fils","15":"pa_region-burgundy","16":"pa_size-ml-6584","17":"pa_sweetness-dry","18":"pa_type-2-still","19":"pa_vinous-points-for-filter-16139","20":"pa_vintage-9698","21":"entry","22":"has-media","24":"first","25":"instock","26":"taxable","27":"shipping-taxable","28":"purchasable","29":"product-type-simple"},"yoast_head":"<!-- This site is optimized with the Yoast SEO plugin v27.5 - https:\/\/yoast.com\/product\/yoast-seo-wordpress\/ -->\n<title>Trapet P\u00e8re &amp; Fils Gevrey-Chambertin Cuv\u00e9e Ostrea 2022<\/title>\n<meta name=\"description\" content=\"Buy Trapet P\u00e8re &amp; Fils Gevrey-Chambertin Cuv\u00e9e Ostrea 2022 - a dry Pinot Noir from Burgundy, France - at Wein Werte, your sustainable online shop.\" \/>\n<meta name=\"robots\" content=\"index, follow, max-snippet:-1, max-image-preview:large, max-video-preview:-1\" \/>\n<link rel=\"canonical\" href=\"https:\/\/wein-werte.com\/en\/product\/trapet-pere-et-fils-gevrey-chambertin-cuvee-ostrea-2022-750ml\/\" \/>\n<meta property=\"og:locale\" content=\"en_US\" \/>\n<meta property=\"og:type\" content=\"article\" \/>\n<meta property=\"og:title\" content=\"Trapet P\u00e8re &amp; Fils Gevrey-Chambertin Cuv\u00e9e Ostrea 2022\" \/>\n<meta property=\"og:description\" content=\"Buy Trapet P\u00e8re &amp; Fils Gevrey-Chambertin Cuv\u00e9e Ostrea 2022 - a dry Pinot Noir from Burgundy, France - at Wein Werte, your sustainable online shop.\" \/>\n<meta property=\"og:url\" content=\"https:\/\/wein-werte.com\/en\/product\/trapet-pere-et-fils-gevrey-chambertin-cuvee-ostrea-2022-750ml\/\" \/>\n<meta property=\"og:site_name\" content=\"Wein Werte\" \/>\n<meta property=\"article:modified_time\" content=\"2026-05-08T17:56:48+00:00\" \/>\n<meta property=\"og:image\" content=\"https:\/\/wein-werte.com\/wp-content\/uploads\/2026\/04\/Trapet-Pere-et-Fils-Gevrey-Chambertin-Cuvee-Ostrea-2022-750ml.png\" \/>\n\t<meta property=\"og:image:width\" content=\"336\" \/>\n\t<meta property=\"og:image:height\" content=\"1200\" \/>\n\t<meta property=\"og:image:type\" content=\"image\/png\" \/>\n<meta name=\"twitter:card\" content=\"summary_large_image\" \/>\n<meta name=\"twitter:label1\" content=\"Est. reading time\" \/>\n\t<meta name=\"twitter:data1\" content=\"2 minutes\" \/>\n<script type=\"application\/ld+json\" class=\"yoast-schema-graph\">{\"@context\":\"https:\\\/\\\/schema.org\",\"@graph\":[{\"@type\":\"WebPage\",\"@id\":\"https:\\\/\\\/wein-werte.com\\\/en\\\/product\\\/trapet-pere-et-fils-gevrey-chambertin-cuvee-ostrea-2022-750ml\\\/\",\"url\":\"https:\\\/\\\/wein-werte.com\\\/en\\\/product\\\/trapet-pere-et-fils-gevrey-chambertin-cuvee-ostrea-2022-750ml\\\/\",\"name\":\"Trapet P\u00e8re & Fils Gevrey-Chambertin Cuv\u00e9e Ostrea 2022\",\"isPartOf\":{\"@id\":\"https:\\\/\\\/wein-werte.com\\\/de\\\/#website\"},\"primaryImageOfPage\":{\"@id\":\"https:\\\/\\\/wein-werte.com\\\/en\\\/product\\\/trapet-pere-et-fils-gevrey-chambertin-cuvee-ostrea-2022-750ml\\\/#primaryimage\"},\"image\":{\"@id\":\"https:\\\/\\\/wein-werte.com\\\/en\\\/product\\\/trapet-pere-et-fils-gevrey-chambertin-cuvee-ostrea-2022-750ml\\\/#primaryimage\"},\"thumbnailUrl\":\"https:\\\/\\\/wein-werte.com\\\/wp-content\\\/uploads\\\/2026\\\/04\\\/Trapet-Pere-et-Fils-Gevrey-Chambertin-Cuvee-Ostrea-2022-750ml.png\",\"datePublished\":\"2026-05-08T17:56:47+00:00\",\"dateModified\":\"2026-05-08T17:56:48+00:00\",\"description\":\"Buy Trapet P\u00e8re & Fils Gevrey-Chambertin Cuv\u00e9e Ostrea 2022 - a dry Pinot Noir from Burgundy, France - at Wein Werte, your sustainable online shop.\",\"breadcrumb\":{\"@id\":\"https:\\\/\\\/wein-werte.com\\\/en\\\/product\\\/trapet-pere-et-fils-gevrey-chambertin-cuvee-ostrea-2022-750ml\\\/#breadcrumb\"},\"inLanguage\":\"en-US\",\"potentialAction\":[{\"@type\":\"ReadAction\",\"target\":[\"https:\\\/\\\/wein-werte.com\\\/en\\\/product\\\/trapet-pere-et-fils-gevrey-chambertin-cuvee-ostrea-2022-750ml\\\/\"]}]},{\"@type\":\"ImageObject\",\"inLanguage\":\"en-US\",\"@id\":\"https:\\\/\\\/wein-werte.com\\\/en\\\/product\\\/trapet-pere-et-fils-gevrey-chambertin-cuvee-ostrea-2022-750ml\\\/#primaryimage\",\"url\":\"https:\\\/\\\/wein-werte.com\\\/wp-content\\\/uploads\\\/2026\\\/04\\\/Trapet-Pere-et-Fils-Gevrey-Chambertin-Cuvee-Ostrea-2022-750ml.png\",\"contentUrl\":\"https:\\\/\\\/wein-werte.com\\\/wp-content\\\/uploads\\\/2026\\\/04\\\/Trapet-Pere-et-Fils-Gevrey-Chambertin-Cuvee-Ostrea-2022-750ml.png\",\"width\":336,\"height\":1200,\"caption\":\"Trapet P\u00e8re & Fils Gevrey-Chambertin Cuv\u00e9e Ostrea AOC 2022 750ml\"},{\"@type\":\"BreadcrumbList\",\"@id\":\"https:\\\/\\\/wein-werte.com\\\/en\\\/product\\\/trapet-pere-et-fils-gevrey-chambertin-cuvee-ostrea-2022-750ml\\\/#breadcrumb\",\"itemListElement\":[{\"@type\":\"ListItem\",\"position\":1,\"name\":\"Home\",\"item\":\"https:\\\/\\\/wein-werte.com\\\/en\\\/\"},{\"@type\":\"ListItem\",\"position\":2,\"name\":\"Shop Page\",\"item\":\"https:\\\/\\\/wein-werte.com\\\/en\\\/shop\\\/\"},{\"@type\":\"ListItem\",\"position\":3,\"name\":\"Trapet P\u00e8re &#038; Fils | Burgundy | Gevrey-Chambertin Cuv\u00e9e Ostrea AOC | 2022 | 750ml | bio\"}]},{\"@type\":\"WebSite\",\"@id\":\"https:\\\/\\\/wein-werte.com\\\/de\\\/#website\",\"url\":\"https:\\\/\\\/wein-werte.com\\\/de\\\/\",\"name\":\"Wein Werte\",\"description\":\"\",\"publisher\":{\"@id\":\"https:\\\/\\\/wein-werte.com\\\/de\\\/#organization\"},\"potentialAction\":[{\"@type\":\"SearchAction\",\"target\":{\"@type\":\"EntryPoint\",\"urlTemplate\":\"https:\\\/\\\/wein-werte.com\\\/de\\\/?s={search_term_string}\"},\"query-input\":{\"@type\":\"PropertyValueSpecification\",\"valueRequired\":true,\"valueName\":\"search_term_string\"}}],\"inLanguage\":\"en-US\"},{\"@type\":\"Organization\",\"@id\":\"https:\\\/\\\/wein-werte.com\\\/de\\\/#organization\",\"name\":\"Vins Fins Thorrold\",\"url\":\"https:\\\/\\\/wein-werte.com\\\/de\\\/\",\"logo\":{\"@type\":\"ImageObject\",\"inLanguage\":\"en-US\",\"@id\":\"https:\\\/\\\/wein-werte.com\\\/de\\\/#\\\/schema\\\/logo\\\/image\\\/\",\"url\":\"https:\\\/\\\/wein-werte.com\\\/wp-content\\\/uploads\\\/2023\\\/07\\\/Wein_werte_Logo700-1.png\",\"contentUrl\":\"https:\\\/\\\/wein-werte.com\\\/wp-content\\\/uploads\\\/2023\\\/07\\\/Wein_werte_Logo700-1.png\",\"width\":700,\"height\":272,\"caption\":\"Vins Fins Thorrold\"},\"image\":{\"@id\":\"https:\\\/\\\/wein-werte.com\\\/de\\\/#\\\/schema\\\/logo\\\/image\\\/\"}}]}<\/script>\n<!-- \/ Yoast SEO plugin. -->","yoast_head_json":{"title":"Trapet P\u00e8re & Fils Gevrey-Chambertin Cuv\u00e9e Ostrea 2022","description":"Buy Trapet P\u00e8re & Fils Gevrey-Chambertin Cuv\u00e9e Ostrea 2022 - a dry Pinot Noir from Burgundy, France - at Wein Werte, your sustainable online shop.","robots":{"index":"index","follow":"follow","max-snippet":"max-snippet:-1","max-image-preview":"max-image-preview:large","max-video-preview":"max-video-preview:-1"},"canonical":"https:\/\/wein-werte.com\/en\/product\/trapet-pere-et-fils-gevrey-chambertin-cuvee-ostrea-2022-750ml\/","og_locale":"en_US","og_type":"article","og_title":"Trapet P\u00e8re & Fils Gevrey-Chambertin Cuv\u00e9e Ostrea 2022","og_description":"Buy Trapet P\u00e8re & Fils Gevrey-Chambertin Cuv\u00e9e Ostrea 2022 - a dry Pinot Noir from Burgundy, France - at Wein Werte, your sustainable online shop.","og_url":"https:\/\/wein-werte.com\/en\/product\/trapet-pere-et-fils-gevrey-chambertin-cuvee-ostrea-2022-750ml\/","og_site_name":"Wein Werte","article_modified_time":"2026-05-08T17:56:48+00:00","og_image":[{"width":336,"height":1200,"url":"https:\/\/wein-werte.com\/wp-content\/uploads\/2026\/04\/Trapet-Pere-et-Fils-Gevrey-Chambertin-Cuvee-Ostrea-2022-750ml.png","type":"image\/png"}],"twitter_card":"summary_large_image","twitter_misc":{"Est. reading time":"2 minutes"},"schema":{"@context":"https:\/\/schema.org","@graph":[{"@type":"WebPage","@id":"https:\/\/wein-werte.com\/en\/product\/trapet-pere-et-fils-gevrey-chambertin-cuvee-ostrea-2022-750ml\/","url":"https:\/\/wein-werte.com\/en\/product\/trapet-pere-et-fils-gevrey-chambertin-cuvee-ostrea-2022-750ml\/","name":"Trapet P\u00e8re & Fils Gevrey-Chambertin Cuv\u00e9e Ostrea 2022","isPartOf":{"@id":"https:\/\/wein-werte.com\/de\/#website"},"primaryImageOfPage":{"@id":"https:\/\/wein-werte.com\/en\/product\/trapet-pere-et-fils-gevrey-chambertin-cuvee-ostrea-2022-750ml\/#primaryimage"},"image":{"@id":"https:\/\/wein-werte.com\/en\/product\/trapet-pere-et-fils-gevrey-chambertin-cuvee-ostrea-2022-750ml\/#primaryimage"},"thumbnailUrl":"https:\/\/wein-werte.com\/wp-content\/uploads\/2026\/04\/Trapet-Pere-et-Fils-Gevrey-Chambertin-Cuvee-Ostrea-2022-750ml.png","datePublished":"2026-05-08T17:56:47+00:00","dateModified":"2026-05-08T17:56:48+00:00","description":"Buy Trapet P\u00e8re & Fils Gevrey-Chambertin Cuv\u00e9e Ostrea 2022 - a dry Pinot Noir from Burgundy, France - at Wein Werte, your sustainable online shop.","breadcrumb":{"@id":"https:\/\/wein-werte.com\/en\/product\/trapet-pere-et-fils-gevrey-chambertin-cuvee-ostrea-2022-750ml\/#breadcrumb"},"inLanguage":"en-US","potentialAction":[{"@type":"ReadAction","target":["https:\/\/wein-werte.com\/en\/product\/trapet-pere-et-fils-gevrey-chambertin-cuvee-ostrea-2022-750ml\/"]}]},{"@type":"ImageObject","inLanguage":"en-US","@id":"https:\/\/wein-werte.com\/en\/product\/trapet-pere-et-fils-gevrey-chambertin-cuvee-ostrea-2022-750ml\/#primaryimage","url":"https:\/\/wein-werte.com\/wp-content\/uploads\/2026\/04\/Trapet-Pere-et-Fils-Gevrey-Chambertin-Cuvee-Ostrea-2022-750ml.png","contentUrl":"https:\/\/wein-werte.com\/wp-content\/uploads\/2026\/04\/Trapet-Pere-et-Fils-Gevrey-Chambertin-Cuvee-Ostrea-2022-750ml.png","width":336,"height":1200,"caption":"Trapet P\u00e8re & Fils Gevrey-Chambertin Cuv\u00e9e Ostrea AOC 2022 750ml"},{"@type":"BreadcrumbList","@id":"https:\/\/wein-werte.com\/en\/product\/trapet-pere-et-fils-gevrey-chambertin-cuvee-ostrea-2022-750ml\/#breadcrumb","itemListElement":[{"@type":"ListItem","position":1,"name":"Home","item":"https:\/\/wein-werte.com\/en\/"},{"@type":"ListItem","position":2,"name":"Shop Page","item":"https:\/\/wein-werte.com\/en\/shop\/"},{"@type":"ListItem","position":3,"name":"Trapet P\u00e8re &#038; Fils | Burgundy | Gevrey-Chambertin Cuv\u00e9e Ostrea AOC | 2022 | 750ml | bio"}]},{"@type":"WebSite","@id":"https:\/\/wein-werte.com\/de\/#website","url":"https:\/\/wein-werte.com\/de\/","name":"Wein Werte","description":"","publisher":{"@id":"https:\/\/wein-werte.com\/de\/#organization"},"potentialAction":[{"@type":"SearchAction","target":{"@type":"EntryPoint","urlTemplate":"https:\/\/wein-werte.com\/de\/?s={search_term_string}"},"query-input":{"@type":"PropertyValueSpecification","valueRequired":true,"valueName":"search_term_string"}}],"inLanguage":"en-US"},{"@type":"Organization","@id":"https:\/\/wein-werte.com\/de\/#organization","name":"Vins Fins Thorrold","url":"https:\/\/wein-werte.com\/de\/","logo":{"@type":"ImageObject","inLanguage":"en-US","@id":"https:\/\/wein-werte.com\/de\/#\/schema\/logo\/image\/","url":"https:\/\/wein-werte.com\/wp-content\/uploads\/2023\/07\/Wein_werte_Logo700-1.png","contentUrl":"https:\/\/wein-werte.com\/wp-content\/uploads\/2023\/07\/Wein_werte_Logo700-1.png","width":700,"height":272,"caption":"Vins Fins Thorrold"},"image":{"@id":"https:\/\/wein-werte.com\/de\/#\/schema\/logo\/image\/"}}]}},"_links":{"self":[{"href":"https:\/\/wein-werte.com\/en\/wp-json\/wp\/v2\/product\/1123223","targetHints":{"allow":["GET"]}}],"collection":[{"href":"https:\/\/wein-werte.com\/en\/wp-json\/wp\/v2\/product"}],"about":[{"href":"https:\/\/wein-werte.com\/en\/wp-json\/wp\/v2\/types\/product"}],"wp:featuredmedia":[{"embeddable":true,"href":"https:\/\/wein-werte.com\/en\/wp-json\/wp\/v2\/media\/1139391"}],"wp:attachment":[{"href":"https:\/\/wein-werte.com\/en\/wp-json\/wp\/v2\/media?parent=1123223"}],"wp:term":[{"taxonomy":"product_brand","embeddable":true,"href":"https:\/\/wein-werte.com\/en\/wp-json\/wp\/v2\/product_brand?post=1123223"},{"taxonomy":"product_cat","embeddable":true,"href":"https:\/\/wein-werte.com\/en\/wp-json\/wp\/v2\/product_cat?post=1123223"},{"taxonomy":"product_tag","embeddable":true,"href":"https:\/\/wein-werte.com\/en\/wp-json\/wp\/v2\/product_tag?post=1123223"}],"curies":[{"name":"wp","href":"https:\/\/api.w.org\/{rel}","templated":true}]}}