{"id":1123161,"date":"2026-05-08T19:56:31","date_gmt":"2026-05-08T17:56:31","guid":{"rendered":"https:\/\/wein-werte.com\/product\/remi-jobard-bourgogne-cote-dor-vieilles-vignes-2022-1500ml\/"},"modified":"2026-05-08T19:56:31","modified_gmt":"2026-05-08T17:56:31","slug":"remi-jobard-bourgogne-cote-dor-vieilles-vignes-2022-1500ml","status":"publish","type":"product","link":"https:\/\/wein-werte.com\/en\/product\/remi-jobard-bourgogne-cote-dor-vieilles-vignes-2022-1500ml\/","title":{"rendered":"R\u00e9mi Jobard | Burgundy | Bourgogne C\u00f4te d&#8217;Or Vieilles Vignes AOC | 2022 | 1500ml | bio"},"content":{"rendered":"<p>Product description for R\u00e9mi Jobard Bourgogne C\u00f4te d&#8217;Or Vieilles Vignes AOC 2022 (bio)<\/p>\n<p>R\u00e9mi Jobard is a recognized new schooler in Meursault. For around 30 years, he has used exclusively organic fertilization, and in 2008, he obtained organic certification. Jobard&#8217;s guiding principle is the calcareous soils of Meursault, which he seeks to bring out through careful aging. Instead of small 228-liter barriques, Jobard uses 600-liter Stockinger barrels. The wood is used not for its own sake, but for the slow oxygen exchange. This aging results in crystalline wines with profound minerality and a delicate texture. The Bourgogne C\u00f4te d&#8217;Or category is a recently introduced new appellation. It limits the production zone for these wines to the core of the C\u00f4te d&#8217;Or. The vineyards for this wine all come from sites bordering Meursault, two of which are located directly below the 1er Cru Charmes. <\/p>\n<h5>Colour<\/h5>\n<p> Medium-bodied straw yellow with green reflections. <\/p>\n<h5>Nose<\/h5>\n<p> The 2022 Bourgogne C\u00f4te d&#8217;Or blanc Vieilles Vignes from R\u00e9mi Jobard exhibits a green-yellow nose. Delicately citrusy, it is reminiscent of lemon oil, lemon blossoms, and lemon balm, along with Granny Smith fruit (more the peel than the flesh), and a hint of lime zest. The overall impression is one of crystalline clarity and transparency. <\/p>\n<h5>Palate<\/h5>\n<p> Bell-clear and polished on the palate, with vibrant acidity and almost powdery fine phenolics that lend it additional pace on the palate. Despite all its finesse and crystalline nature, the power of the 2022 vintage is evident. Powerful with high intensity and profound bass, it pulsates with maximum vibration into a salty, cool finish.<\/p>\n<p>Copyright Vinaturel 2025<\/p>\n<p>Keywords: <a href=\"https:\/\/wein-werte.com\/shop\/?swoof=1&#038;pa_producer=R\u00e9mi-Jobard\">R\u00e9mi Jobard<\/a> <a href=\"https:\/\/wein-werte.com\/shop\/?swoof=1&#038;woof_text=Bourgogne C\u00f4te d'Or Vieilles Vignes AOC\">Bourgogne C\u00f4te d&#8217;Or Vieilles Vignes AOC<\/a> 2022 bio <a href=\"https:\/\/wein-werte.com\/shop\/?swoof=1&#038;pa_region=Burgundy\">Burgundy<\/a> <a href=\"https:\/\/wein-werte.com\/shop\/?swoof=1&#038;pa_country=France\">France<\/a><\/p>\n","protected":false},"excerpt":{"rendered":"<p>Delivery time: 1 to 2 working days (DE), 2 to 5 working days (EU and CH)<\/p>\n","protected":false},"featured_media":1139217,"template":"","meta":[],"product_brand":[],"product_cat":[19],"product_tag":[],"class_list":{"0":"post-1123161","1":"product","2":"type-product","3":"status-publish","4":"has-post-thumbnail","6":"product_cat-unkategorisiert","7":"pa_alcohol-for-filter-12897","8":"pa_certified-biodynamic-no","9":"pa_certified-organic-yes","10":"pa_colour-white","11":"pa_country-france","12":"pa_grape-chardonnay","13":"pa_price-for-filter-10617","14":"pa_producer-remi-jobard","15":"pa_region-burgundy","16":"pa_size-ml-6657","17":"pa_sweetness-dry","18":"pa_type-2-still","19":"pa_vintage-9698","20":"entry","21":"has-media","23":"first","24":"instock","25":"taxable","26":"shipping-taxable","27":"purchasable","28":"product-type-simple"},"yoast_head":"<!-- This site is optimized with the Yoast SEO plugin v27.5 - https:\/\/yoast.com\/product\/yoast-seo-wordpress\/ -->\n<title>R\u00e9mi Jobard Bourgogne C\u00f4te d&#039;Or Vieilles Vignes 2022, 1500ml<\/title>\n<meta name=\"description\" content=\"Buy R\u00e9mi Jobard Bourgogne C\u00f4te d&#039;Or Vieilles Vignes 2022 - a dry Chardonnay from Burgundy, France - at Wein Werte, your sustainable online shop.\" \/>\n<meta name=\"robots\" content=\"index, follow, max-snippet:-1, max-image-preview:large, max-video-preview:-1\" \/>\n<link rel=\"canonical\" href=\"https:\/\/wein-werte.com\/en\/product\/remi-jobard-bourgogne-cote-dor-vieilles-vignes-2022-1500ml\/\" \/>\n<meta property=\"og:locale\" content=\"en_US\" \/>\n<meta property=\"og:type\" content=\"article\" \/>\n<meta property=\"og:title\" content=\"R\u00e9mi Jobard Bourgogne C\u00f4te d&#039;Or Vieilles Vignes 2022, 1500ml\" \/>\n<meta property=\"og:description\" content=\"Buy R\u00e9mi Jobard Bourgogne C\u00f4te d&#039;Or Vieilles Vignes 2022 - a dry Chardonnay from Burgundy, France - at Wein Werte, your sustainable online shop.\" \/>\n<meta property=\"og:url\" content=\"https:\/\/wein-werte.com\/en\/product\/remi-jobard-bourgogne-cote-dor-vieilles-vignes-2022-1500ml\/\" \/>\n<meta property=\"og:site_name\" content=\"Wein Werte\" \/>\n<meta property=\"og:image\" content=\"https:\/\/wein-werte.com\/wp-content\/uploads\/2026\/04\/Remi-Jobard-Bourgogne-Cote-dOr-Vieilles-Vignes-2022-1500ml.png\" \/>\n\t<meta property=\"og:image:width\" content=\"351\" \/>\n\t<meta property=\"og:image:height\" content=\"1200\" \/>\n\t<meta property=\"og:image:type\" content=\"image\/png\" \/>\n<meta name=\"twitter:card\" content=\"summary_large_image\" \/>\n<meta name=\"twitter:label1\" content=\"Est. reading time\" \/>\n\t<meta name=\"twitter:data1\" content=\"1 minute\" \/>\n<script type=\"application\/ld+json\" class=\"yoast-schema-graph\">{\"@context\":\"https:\\\/\\\/schema.org\",\"@graph\":[{\"@type\":\"WebPage\",\"@id\":\"https:\\\/\\\/wein-werte.com\\\/en\\\/product\\\/remi-jobard-bourgogne-cote-dor-vieilles-vignes-2022-1500ml\\\/\",\"url\":\"https:\\\/\\\/wein-werte.com\\\/en\\\/product\\\/remi-jobard-bourgogne-cote-dor-vieilles-vignes-2022-1500ml\\\/\",\"name\":\"R\u00e9mi Jobard Bourgogne C\u00f4te d'Or Vieilles Vignes 2022, 1500ml\",\"isPartOf\":{\"@id\":\"https:\\\/\\\/wein-werte.com\\\/de\\\/#website\"},\"primaryImageOfPage\":{\"@id\":\"https:\\\/\\\/wein-werte.com\\\/en\\\/product\\\/remi-jobard-bourgogne-cote-dor-vieilles-vignes-2022-1500ml\\\/#primaryimage\"},\"image\":{\"@id\":\"https:\\\/\\\/wein-werte.com\\\/en\\\/product\\\/remi-jobard-bourgogne-cote-dor-vieilles-vignes-2022-1500ml\\\/#primaryimage\"},\"thumbnailUrl\":\"https:\\\/\\\/wein-werte.com\\\/wp-content\\\/uploads\\\/2026\\\/04\\\/Remi-Jobard-Bourgogne-Cote-dOr-Vieilles-Vignes-2022-1500ml.png\",\"datePublished\":\"2026-05-08T17:56:31+00:00\",\"description\":\"Buy R\u00e9mi Jobard Bourgogne C\u00f4te d'Or Vieilles Vignes 2022 - a dry Chardonnay from Burgundy, France - at Wein Werte, your sustainable online shop.\",\"breadcrumb\":{\"@id\":\"https:\\\/\\\/wein-werte.com\\\/en\\\/product\\\/remi-jobard-bourgogne-cote-dor-vieilles-vignes-2022-1500ml\\\/#breadcrumb\"},\"inLanguage\":\"en-US\",\"potentialAction\":[{\"@type\":\"ReadAction\",\"target\":[\"https:\\\/\\\/wein-werte.com\\\/en\\\/product\\\/remi-jobard-bourgogne-cote-dor-vieilles-vignes-2022-1500ml\\\/\"]}]},{\"@type\":\"ImageObject\",\"inLanguage\":\"en-US\",\"@id\":\"https:\\\/\\\/wein-werte.com\\\/en\\\/product\\\/remi-jobard-bourgogne-cote-dor-vieilles-vignes-2022-1500ml\\\/#primaryimage\",\"url\":\"https:\\\/\\\/wein-werte.com\\\/wp-content\\\/uploads\\\/2026\\\/04\\\/Remi-Jobard-Bourgogne-Cote-dOr-Vieilles-Vignes-2022-1500ml.png\",\"contentUrl\":\"https:\\\/\\\/wein-werte.com\\\/wp-content\\\/uploads\\\/2026\\\/04\\\/Remi-Jobard-Bourgogne-Cote-dOr-Vieilles-Vignes-2022-1500ml.png\",\"width\":351,\"height\":1200,\"caption\":\"R\u00e9mi Jobard Bourgogne C\u00f4te d'Or Vieilles Vignes AOC 2022 1500ml\"},{\"@type\":\"BreadcrumbList\",\"@id\":\"https:\\\/\\\/wein-werte.com\\\/en\\\/product\\\/remi-jobard-bourgogne-cote-dor-vieilles-vignes-2022-1500ml\\\/#breadcrumb\",\"itemListElement\":[{\"@type\":\"ListItem\",\"position\":1,\"name\":\"Home\",\"item\":\"https:\\\/\\\/wein-werte.com\\\/en\\\/\"},{\"@type\":\"ListItem\",\"position\":2,\"name\":\"Shop Page\",\"item\":\"https:\\\/\\\/wein-werte.com\\\/en\\\/shop\\\/\"},{\"@type\":\"ListItem\",\"position\":3,\"name\":\"R\u00e9mi Jobard | Burgundy | Bourgogne C\u00f4te d&#8217;Or Vieilles Vignes AOC | 2022 | 1500ml | bio\"}]},{\"@type\":\"WebSite\",\"@id\":\"https:\\\/\\\/wein-werte.com\\\/de\\\/#website\",\"url\":\"https:\\\/\\\/wein-werte.com\\\/de\\\/\",\"name\":\"Wein Werte\",\"description\":\"\",\"publisher\":{\"@id\":\"https:\\\/\\\/wein-werte.com\\\/de\\\/#organization\"},\"potentialAction\":[{\"@type\":\"SearchAction\",\"target\":{\"@type\":\"EntryPoint\",\"urlTemplate\":\"https:\\\/\\\/wein-werte.com\\\/de\\\/?s={search_term_string}\"},\"query-input\":{\"@type\":\"PropertyValueSpecification\",\"valueRequired\":true,\"valueName\":\"search_term_string\"}}],\"inLanguage\":\"en-US\"},{\"@type\":\"Organization\",\"@id\":\"https:\\\/\\\/wein-werte.com\\\/de\\\/#organization\",\"name\":\"Vins Fins Thorrold\",\"url\":\"https:\\\/\\\/wein-werte.com\\\/de\\\/\",\"logo\":{\"@type\":\"ImageObject\",\"inLanguage\":\"en-US\",\"@id\":\"https:\\\/\\\/wein-werte.com\\\/de\\\/#\\\/schema\\\/logo\\\/image\\\/\",\"url\":\"https:\\\/\\\/wein-werte.com\\\/wp-content\\\/uploads\\\/2023\\\/07\\\/Wein_werte_Logo700-1.png\",\"contentUrl\":\"https:\\\/\\\/wein-werte.com\\\/wp-content\\\/uploads\\\/2023\\\/07\\\/Wein_werte_Logo700-1.png\",\"width\":700,\"height\":272,\"caption\":\"Vins Fins Thorrold\"},\"image\":{\"@id\":\"https:\\\/\\\/wein-werte.com\\\/de\\\/#\\\/schema\\\/logo\\\/image\\\/\"}}]}<\/script>\n<!-- \/ Yoast SEO plugin. -->","yoast_head_json":{"title":"R\u00e9mi Jobard Bourgogne C\u00f4te d'Or Vieilles Vignes 2022, 1500ml","description":"Buy R\u00e9mi Jobard Bourgogne C\u00f4te d'Or Vieilles Vignes 2022 - a dry Chardonnay from Burgundy, France - at Wein Werte, your sustainable online shop.","robots":{"index":"index","follow":"follow","max-snippet":"max-snippet:-1","max-image-preview":"max-image-preview:large","max-video-preview":"max-video-preview:-1"},"canonical":"https:\/\/wein-werte.com\/en\/product\/remi-jobard-bourgogne-cote-dor-vieilles-vignes-2022-1500ml\/","og_locale":"en_US","og_type":"article","og_title":"R\u00e9mi Jobard Bourgogne C\u00f4te d'Or Vieilles Vignes 2022, 1500ml","og_description":"Buy R\u00e9mi Jobard Bourgogne C\u00f4te d'Or Vieilles Vignes 2022 - a dry Chardonnay from Burgundy, France - at Wein Werte, your sustainable online shop.","og_url":"https:\/\/wein-werte.com\/en\/product\/remi-jobard-bourgogne-cote-dor-vieilles-vignes-2022-1500ml\/","og_site_name":"Wein Werte","og_image":[{"width":351,"height":1200,"url":"https:\/\/wein-werte.com\/wp-content\/uploads\/2026\/04\/Remi-Jobard-Bourgogne-Cote-dOr-Vieilles-Vignes-2022-1500ml.png","type":"image\/png"}],"twitter_card":"summary_large_image","twitter_misc":{"Est. reading time":"1 minute"},"schema":{"@context":"https:\/\/schema.org","@graph":[{"@type":"WebPage","@id":"https:\/\/wein-werte.com\/en\/product\/remi-jobard-bourgogne-cote-dor-vieilles-vignes-2022-1500ml\/","url":"https:\/\/wein-werte.com\/en\/product\/remi-jobard-bourgogne-cote-dor-vieilles-vignes-2022-1500ml\/","name":"R\u00e9mi Jobard Bourgogne C\u00f4te d'Or Vieilles Vignes 2022, 1500ml","isPartOf":{"@id":"https:\/\/wein-werte.com\/de\/#website"},"primaryImageOfPage":{"@id":"https:\/\/wein-werte.com\/en\/product\/remi-jobard-bourgogne-cote-dor-vieilles-vignes-2022-1500ml\/#primaryimage"},"image":{"@id":"https:\/\/wein-werte.com\/en\/product\/remi-jobard-bourgogne-cote-dor-vieilles-vignes-2022-1500ml\/#primaryimage"},"thumbnailUrl":"https:\/\/wein-werte.com\/wp-content\/uploads\/2026\/04\/Remi-Jobard-Bourgogne-Cote-dOr-Vieilles-Vignes-2022-1500ml.png","datePublished":"2026-05-08T17:56:31+00:00","description":"Buy R\u00e9mi Jobard Bourgogne C\u00f4te d'Or Vieilles Vignes 2022 - a dry Chardonnay from Burgundy, France - at Wein Werte, your sustainable online shop.","breadcrumb":{"@id":"https:\/\/wein-werte.com\/en\/product\/remi-jobard-bourgogne-cote-dor-vieilles-vignes-2022-1500ml\/#breadcrumb"},"inLanguage":"en-US","potentialAction":[{"@type":"ReadAction","target":["https:\/\/wein-werte.com\/en\/product\/remi-jobard-bourgogne-cote-dor-vieilles-vignes-2022-1500ml\/"]}]},{"@type":"ImageObject","inLanguage":"en-US","@id":"https:\/\/wein-werte.com\/en\/product\/remi-jobard-bourgogne-cote-dor-vieilles-vignes-2022-1500ml\/#primaryimage","url":"https:\/\/wein-werte.com\/wp-content\/uploads\/2026\/04\/Remi-Jobard-Bourgogne-Cote-dOr-Vieilles-Vignes-2022-1500ml.png","contentUrl":"https:\/\/wein-werte.com\/wp-content\/uploads\/2026\/04\/Remi-Jobard-Bourgogne-Cote-dOr-Vieilles-Vignes-2022-1500ml.png","width":351,"height":1200,"caption":"R\u00e9mi Jobard Bourgogne C\u00f4te d'Or Vieilles Vignes AOC 2022 1500ml"},{"@type":"BreadcrumbList","@id":"https:\/\/wein-werte.com\/en\/product\/remi-jobard-bourgogne-cote-dor-vieilles-vignes-2022-1500ml\/#breadcrumb","itemListElement":[{"@type":"ListItem","position":1,"name":"Home","item":"https:\/\/wein-werte.com\/en\/"},{"@type":"ListItem","position":2,"name":"Shop Page","item":"https:\/\/wein-werte.com\/en\/shop\/"},{"@type":"ListItem","position":3,"name":"R\u00e9mi Jobard | Burgundy | Bourgogne C\u00f4te d&#8217;Or Vieilles Vignes AOC | 2022 | 1500ml | bio"}]},{"@type":"WebSite","@id":"https:\/\/wein-werte.com\/de\/#website","url":"https:\/\/wein-werte.com\/de\/","name":"Wein Werte","description":"","publisher":{"@id":"https:\/\/wein-werte.com\/de\/#organization"},"potentialAction":[{"@type":"SearchAction","target":{"@type":"EntryPoint","urlTemplate":"https:\/\/wein-werte.com\/de\/?s={search_term_string}"},"query-input":{"@type":"PropertyValueSpecification","valueRequired":true,"valueName":"search_term_string"}}],"inLanguage":"en-US"},{"@type":"Organization","@id":"https:\/\/wein-werte.com\/de\/#organization","name":"Vins Fins Thorrold","url":"https:\/\/wein-werte.com\/de\/","logo":{"@type":"ImageObject","inLanguage":"en-US","@id":"https:\/\/wein-werte.com\/de\/#\/schema\/logo\/image\/","url":"https:\/\/wein-werte.com\/wp-content\/uploads\/2023\/07\/Wein_werte_Logo700-1.png","contentUrl":"https:\/\/wein-werte.com\/wp-content\/uploads\/2023\/07\/Wein_werte_Logo700-1.png","width":700,"height":272,"caption":"Vins Fins Thorrold"},"image":{"@id":"https:\/\/wein-werte.com\/de\/#\/schema\/logo\/image\/"}}]}},"_links":{"self":[{"href":"https:\/\/wein-werte.com\/en\/wp-json\/wp\/v2\/product\/1123161","targetHints":{"allow":["GET"]}}],"collection":[{"href":"https:\/\/wein-werte.com\/en\/wp-json\/wp\/v2\/product"}],"about":[{"href":"https:\/\/wein-werte.com\/en\/wp-json\/wp\/v2\/types\/product"}],"wp:featuredmedia":[{"embeddable":true,"href":"https:\/\/wein-werte.com\/en\/wp-json\/wp\/v2\/media\/1139217"}],"wp:attachment":[{"href":"https:\/\/wein-werte.com\/en\/wp-json\/wp\/v2\/media?parent=1123161"}],"wp:term":[{"taxonomy":"product_brand","embeddable":true,"href":"https:\/\/wein-werte.com\/en\/wp-json\/wp\/v2\/product_brand?post=1123161"},{"taxonomy":"product_cat","embeddable":true,"href":"https:\/\/wein-werte.com\/en\/wp-json\/wp\/v2\/product_cat?post=1123161"},{"taxonomy":"product_tag","embeddable":true,"href":"https:\/\/wein-werte.com\/en\/wp-json\/wp\/v2\/product_tag?post=1123161"}],"curies":[{"name":"wp","href":"https:\/\/api.w.org\/{rel}","templated":true}]}}