{"id":1123154,"date":"2026-05-08T19:56:28","date_gmt":"2026-05-08T17:56:28","guid":{"rendered":"https:\/\/wein-werte.com\/product\/francois-de-nicolay-rully-les-maizieres-blanc-2020-750ml\/"},"modified":"2026-05-08T19:56:29","modified_gmt":"2026-05-08T17:56:29","slug":"francois-de-nicolay-rully-les-maizieres-blanc-2020-750ml","status":"publish","type":"product","link":"https:\/\/wein-werte.com\/en\/product\/francois-de-nicolay-rully-les-maizieres-blanc-2020-750ml\/","title":{"rendered":"Fran\u00e7ois de Nicolay | Burgundy | Rully &#8220;Les Maizi\u00e8res&#8221; blanc, sans sulfites ajout\u00e9s AC | 2020 | 750ml | bio"},"content":{"rendered":"<p>Product description for Fran\u00e7ois de Nicolay Rully &#8220;Les Maizi\u00e8res&#8221; blanc, sans sulfites ajout\u00e9s AC 2020 (bio)<\/p>\n<p>Chandon de Briailles wines that do not come from their own vineyards are sold under the name &#8220;Fran\u00e7ois de Nicolay.&#8221; In 1998, a winegrower friend offered Fran\u00e7ois de Nicolay the opportunity to sell him his grapes from a top vineyard. Given the quality offered, he couldn&#8217;t resist, but he also didn&#8217;t want to mix the grapes with those from his own vineyard. So he founded his own line. From then on, he purchased organic grapes from winegrower friends, aged the wines in the Chandon de Briailles cellars, but marketed these wines under the name Fran\u00e7ois de Nicolay. He now produces wines from the best vineyards in Burgundy that are comparable in quality to the wines from his own domain. This allows him to round out and complement his own product range.<\/p>\n<p>Copyright Vinaturel 2025<\/p>\n<p>Keywords: <a href=\"https:\/\/wein-werte.com\/shop\/?swoof=1&#038;pa_producer=Fran\u00e7ois-de-Nicolay\">Fran\u00e7ois de Nicolay<\/a> <a href=\"https:\/\/wein-werte.com\/shop\/?swoof=1&#038;woof_text=Rully \"Les Maizi\u00e8res\" blanc, sans sulfites ajout\u00e9s AC\">Rully &#8220;Les Maizi\u00e8res&#8221; blanc, sans sulfites ajout\u00e9s AC<\/a> 2020 bio <a href=\"https:\/\/wein-werte.com\/shop\/?swoof=1&#038;pa_region=Burgundy\">Burgundy<\/a> <a href=\"https:\/\/wein-werte.com\/shop\/?swoof=1&#038;pa_country=France\">France<\/a><\/p>\n<p>Producer website: <a href=\"http:\/\/francoisdenicolay.com\/\" target=\"_blank\">http:\/\/francoisdenicolay.com\/<\/a><\/p>\n","protected":false},"excerpt":{"rendered":"<p>Delivery time: 1 to 2 working days (DE), 2 to 5 working days (EU and CH)<\/p>\n","protected":false},"featured_media":1139197,"template":"","meta":[],"product_brand":[],"product_cat":[19],"product_tag":[],"class_list":{"0":"post-1123154","1":"product","2":"type-product","3":"status-publish","4":"has-post-thumbnail","6":"product_cat-unkategorisiert","7":"pa_alcohol-for-filter-12893","8":"pa_certified-biodynamic-no","9":"pa_certified-organic-yes","10":"pa_colour-white","11":"pa_country-france","12":"pa_grape-chardonnay","13":"pa_price-for-filter-10605","14":"pa_producer-francois-de-nicolay","15":"pa_region-burgundy","16":"pa_size-ml-6584","17":"pa_sweetness-dry","18":"pa_type-2-still","19":"pa_vintage-6599","20":"entry","21":"has-media","23":"first","24":"instock","25":"taxable","26":"shipping-taxable","27":"purchasable","28":"product-type-simple"},"yoast_head":"<!-- This site is optimized with the Yoast SEO plugin v27.5 - https:\/\/yoast.com\/product\/yoast-seo-wordpress\/ -->\n<title>Fran\u00e7ois de Nicolay Rully &quot;Les Maizi\u00e8res&quot; blanc 2020<\/title>\n<meta name=\"description\" content=\"Buy Fran\u00e7ois de Nicolay Rully &quot;Les Maizi\u00e8res&quot; blanc 2020 - a dry Chardonnay from Burgundy, France - at Wein Werte, your sustainable online shop.\" \/>\n<meta name=\"robots\" content=\"index, follow, max-snippet:-1, max-image-preview:large, max-video-preview:-1\" \/>\n<link rel=\"canonical\" href=\"https:\/\/wein-werte.com\/en\/product\/francois-de-nicolay-rully-les-maizieres-blanc-2020-750ml\/\" \/>\n<meta property=\"og:locale\" content=\"en_US\" \/>\n<meta property=\"og:type\" content=\"article\" \/>\n<meta property=\"og:title\" content=\"Fran\u00e7ois de Nicolay Rully &quot;Les Maizi\u00e8res&quot; blanc 2020\" \/>\n<meta property=\"og:description\" content=\"Buy Fran\u00e7ois de Nicolay Rully &quot;Les Maizi\u00e8res&quot; blanc 2020 - a dry Chardonnay from Burgundy, France - at Wein Werte, your sustainable online shop.\" \/>\n<meta property=\"og:url\" content=\"https:\/\/wein-werte.com\/en\/product\/francois-de-nicolay-rully-les-maizieres-blanc-2020-750ml\/\" \/>\n<meta property=\"og:site_name\" content=\"Wein Werte\" \/>\n<meta property=\"article:modified_time\" content=\"2026-05-08T17:56:29+00:00\" \/>\n<meta property=\"og:image\" content=\"https:\/\/wein-werte.com\/wp-content\/uploads\/2026\/04\/Francois-de-Nicolay-Rully-Les-Maizieres-blanc-2020-750ml.png\" \/>\n\t<meta property=\"og:image:width\" content=\"331\" \/>\n\t<meta property=\"og:image:height\" content=\"1200\" \/>\n\t<meta property=\"og:image:type\" content=\"image\/png\" \/>\n<meta name=\"twitter:card\" content=\"summary_large_image\" \/>\n<meta name=\"twitter:label1\" content=\"Est. reading time\" \/>\n\t<meta name=\"twitter:data1\" content=\"1 minute\" \/>\n<script type=\"application\/ld+json\" class=\"yoast-schema-graph\">{\"@context\":\"https:\\\/\\\/schema.org\",\"@graph\":[{\"@type\":\"WebPage\",\"@id\":\"https:\\\/\\\/wein-werte.com\\\/en\\\/product\\\/francois-de-nicolay-rully-les-maizieres-blanc-2020-750ml\\\/\",\"url\":\"https:\\\/\\\/wein-werte.com\\\/en\\\/product\\\/francois-de-nicolay-rully-les-maizieres-blanc-2020-750ml\\\/\",\"name\":\"Fran\u00e7ois de Nicolay Rully \\\"Les Maizi\u00e8res\\\" blanc 2020\",\"isPartOf\":{\"@id\":\"https:\\\/\\\/wein-werte.com\\\/de\\\/#website\"},\"primaryImageOfPage\":{\"@id\":\"https:\\\/\\\/wein-werte.com\\\/en\\\/product\\\/francois-de-nicolay-rully-les-maizieres-blanc-2020-750ml\\\/#primaryimage\"},\"image\":{\"@id\":\"https:\\\/\\\/wein-werte.com\\\/en\\\/product\\\/francois-de-nicolay-rully-les-maizieres-blanc-2020-750ml\\\/#primaryimage\"},\"thumbnailUrl\":\"https:\\\/\\\/wein-werte.com\\\/wp-content\\\/uploads\\\/2026\\\/04\\\/Francois-de-Nicolay-Rully-Les-Maizieres-blanc-2020-750ml.png\",\"datePublished\":\"2026-05-08T17:56:28+00:00\",\"dateModified\":\"2026-05-08T17:56:29+00:00\",\"description\":\"Buy Fran\u00e7ois de Nicolay Rully \\\"Les Maizi\u00e8res\\\" blanc 2020 - a dry Chardonnay from Burgundy, France - at Wein Werte, your sustainable online shop.\",\"breadcrumb\":{\"@id\":\"https:\\\/\\\/wein-werte.com\\\/en\\\/product\\\/francois-de-nicolay-rully-les-maizieres-blanc-2020-750ml\\\/#breadcrumb\"},\"inLanguage\":\"en-US\",\"potentialAction\":[{\"@type\":\"ReadAction\",\"target\":[\"https:\\\/\\\/wein-werte.com\\\/en\\\/product\\\/francois-de-nicolay-rully-les-maizieres-blanc-2020-750ml\\\/\"]}]},{\"@type\":\"ImageObject\",\"inLanguage\":\"en-US\",\"@id\":\"https:\\\/\\\/wein-werte.com\\\/en\\\/product\\\/francois-de-nicolay-rully-les-maizieres-blanc-2020-750ml\\\/#primaryimage\",\"url\":\"https:\\\/\\\/wein-werte.com\\\/wp-content\\\/uploads\\\/2026\\\/04\\\/Francois-de-Nicolay-Rully-Les-Maizieres-blanc-2020-750ml.png\",\"contentUrl\":\"https:\\\/\\\/wein-werte.com\\\/wp-content\\\/uploads\\\/2026\\\/04\\\/Francois-de-Nicolay-Rully-Les-Maizieres-blanc-2020-750ml.png\",\"width\":331,\"height\":1200,\"caption\":\"Fran\u00e7ois de Nicolay Rully \\\"Les Maizi\u00e8res\\\" blanc, sans sulfites ajout\u00e9s AC 2020 750ml\"},{\"@type\":\"BreadcrumbList\",\"@id\":\"https:\\\/\\\/wein-werte.com\\\/en\\\/product\\\/francois-de-nicolay-rully-les-maizieres-blanc-2020-750ml\\\/#breadcrumb\",\"itemListElement\":[{\"@type\":\"ListItem\",\"position\":1,\"name\":\"Home\",\"item\":\"https:\\\/\\\/wein-werte.com\\\/en\\\/\"},{\"@type\":\"ListItem\",\"position\":2,\"name\":\"Shop Page\",\"item\":\"https:\\\/\\\/wein-werte.com\\\/en\\\/shop\\\/\"},{\"@type\":\"ListItem\",\"position\":3,\"name\":\"Fran\u00e7ois de Nicolay | Burgundy | Rully &#8220;Les Maizi\u00e8res&#8221; blanc, sans sulfites ajout\u00e9s AC | 2020 | 750ml | bio\"}]},{\"@type\":\"WebSite\",\"@id\":\"https:\\\/\\\/wein-werte.com\\\/de\\\/#website\",\"url\":\"https:\\\/\\\/wein-werte.com\\\/de\\\/\",\"name\":\"Wein Werte\",\"description\":\"\",\"publisher\":{\"@id\":\"https:\\\/\\\/wein-werte.com\\\/de\\\/#organization\"},\"potentialAction\":[{\"@type\":\"SearchAction\",\"target\":{\"@type\":\"EntryPoint\",\"urlTemplate\":\"https:\\\/\\\/wein-werte.com\\\/de\\\/?s={search_term_string}\"},\"query-input\":{\"@type\":\"PropertyValueSpecification\",\"valueRequired\":true,\"valueName\":\"search_term_string\"}}],\"inLanguage\":\"en-US\"},{\"@type\":\"Organization\",\"@id\":\"https:\\\/\\\/wein-werte.com\\\/de\\\/#organization\",\"name\":\"Vins Fins Thorrold\",\"url\":\"https:\\\/\\\/wein-werte.com\\\/de\\\/\",\"logo\":{\"@type\":\"ImageObject\",\"inLanguage\":\"en-US\",\"@id\":\"https:\\\/\\\/wein-werte.com\\\/de\\\/#\\\/schema\\\/logo\\\/image\\\/\",\"url\":\"https:\\\/\\\/wein-werte.com\\\/wp-content\\\/uploads\\\/2023\\\/07\\\/Wein_werte_Logo700-1.png\",\"contentUrl\":\"https:\\\/\\\/wein-werte.com\\\/wp-content\\\/uploads\\\/2023\\\/07\\\/Wein_werte_Logo700-1.png\",\"width\":700,\"height\":272,\"caption\":\"Vins Fins Thorrold\"},\"image\":{\"@id\":\"https:\\\/\\\/wein-werte.com\\\/de\\\/#\\\/schema\\\/logo\\\/image\\\/\"}}]}<\/script>\n<!-- \/ Yoast SEO plugin. -->","yoast_head_json":{"title":"Fran\u00e7ois de Nicolay Rully \"Les Maizi\u00e8res\" blanc 2020","description":"Buy Fran\u00e7ois de Nicolay Rully \"Les Maizi\u00e8res\" blanc 2020 - a dry Chardonnay from Burgundy, France - at Wein Werte, your sustainable online shop.","robots":{"index":"index","follow":"follow","max-snippet":"max-snippet:-1","max-image-preview":"max-image-preview:large","max-video-preview":"max-video-preview:-1"},"canonical":"https:\/\/wein-werte.com\/en\/product\/francois-de-nicolay-rully-les-maizieres-blanc-2020-750ml\/","og_locale":"en_US","og_type":"article","og_title":"Fran\u00e7ois de Nicolay Rully \"Les Maizi\u00e8res\" blanc 2020","og_description":"Buy Fran\u00e7ois de Nicolay Rully \"Les Maizi\u00e8res\" blanc 2020 - a dry Chardonnay from Burgundy, France - at Wein Werte, your sustainable online shop.","og_url":"https:\/\/wein-werte.com\/en\/product\/francois-de-nicolay-rully-les-maizieres-blanc-2020-750ml\/","og_site_name":"Wein Werte","article_modified_time":"2026-05-08T17:56:29+00:00","og_image":[{"width":331,"height":1200,"url":"https:\/\/wein-werte.com\/wp-content\/uploads\/2026\/04\/Francois-de-Nicolay-Rully-Les-Maizieres-blanc-2020-750ml.png","type":"image\/png"}],"twitter_card":"summary_large_image","twitter_misc":{"Est. reading time":"1 minute"},"schema":{"@context":"https:\/\/schema.org","@graph":[{"@type":"WebPage","@id":"https:\/\/wein-werte.com\/en\/product\/francois-de-nicolay-rully-les-maizieres-blanc-2020-750ml\/","url":"https:\/\/wein-werte.com\/en\/product\/francois-de-nicolay-rully-les-maizieres-blanc-2020-750ml\/","name":"Fran\u00e7ois de Nicolay Rully \"Les Maizi\u00e8res\" blanc 2020","isPartOf":{"@id":"https:\/\/wein-werte.com\/de\/#website"},"primaryImageOfPage":{"@id":"https:\/\/wein-werte.com\/en\/product\/francois-de-nicolay-rully-les-maizieres-blanc-2020-750ml\/#primaryimage"},"image":{"@id":"https:\/\/wein-werte.com\/en\/product\/francois-de-nicolay-rully-les-maizieres-blanc-2020-750ml\/#primaryimage"},"thumbnailUrl":"https:\/\/wein-werte.com\/wp-content\/uploads\/2026\/04\/Francois-de-Nicolay-Rully-Les-Maizieres-blanc-2020-750ml.png","datePublished":"2026-05-08T17:56:28+00:00","dateModified":"2026-05-08T17:56:29+00:00","description":"Buy Fran\u00e7ois de Nicolay Rully \"Les Maizi\u00e8res\" blanc 2020 - a dry Chardonnay from Burgundy, France - at Wein Werte, your sustainable online shop.","breadcrumb":{"@id":"https:\/\/wein-werte.com\/en\/product\/francois-de-nicolay-rully-les-maizieres-blanc-2020-750ml\/#breadcrumb"},"inLanguage":"en-US","potentialAction":[{"@type":"ReadAction","target":["https:\/\/wein-werte.com\/en\/product\/francois-de-nicolay-rully-les-maizieres-blanc-2020-750ml\/"]}]},{"@type":"ImageObject","inLanguage":"en-US","@id":"https:\/\/wein-werte.com\/en\/product\/francois-de-nicolay-rully-les-maizieres-blanc-2020-750ml\/#primaryimage","url":"https:\/\/wein-werte.com\/wp-content\/uploads\/2026\/04\/Francois-de-Nicolay-Rully-Les-Maizieres-blanc-2020-750ml.png","contentUrl":"https:\/\/wein-werte.com\/wp-content\/uploads\/2026\/04\/Francois-de-Nicolay-Rully-Les-Maizieres-blanc-2020-750ml.png","width":331,"height":1200,"caption":"Fran\u00e7ois de Nicolay Rully \"Les Maizi\u00e8res\" blanc, sans sulfites ajout\u00e9s AC 2020 750ml"},{"@type":"BreadcrumbList","@id":"https:\/\/wein-werte.com\/en\/product\/francois-de-nicolay-rully-les-maizieres-blanc-2020-750ml\/#breadcrumb","itemListElement":[{"@type":"ListItem","position":1,"name":"Home","item":"https:\/\/wein-werte.com\/en\/"},{"@type":"ListItem","position":2,"name":"Shop Page","item":"https:\/\/wein-werte.com\/en\/shop\/"},{"@type":"ListItem","position":3,"name":"Fran\u00e7ois de Nicolay | Burgundy | Rully &#8220;Les Maizi\u00e8res&#8221; blanc, sans sulfites ajout\u00e9s AC | 2020 | 750ml | bio"}]},{"@type":"WebSite","@id":"https:\/\/wein-werte.com\/de\/#website","url":"https:\/\/wein-werte.com\/de\/","name":"Wein Werte","description":"","publisher":{"@id":"https:\/\/wein-werte.com\/de\/#organization"},"potentialAction":[{"@type":"SearchAction","target":{"@type":"EntryPoint","urlTemplate":"https:\/\/wein-werte.com\/de\/?s={search_term_string}"},"query-input":{"@type":"PropertyValueSpecification","valueRequired":true,"valueName":"search_term_string"}}],"inLanguage":"en-US"},{"@type":"Organization","@id":"https:\/\/wein-werte.com\/de\/#organization","name":"Vins Fins Thorrold","url":"https:\/\/wein-werte.com\/de\/","logo":{"@type":"ImageObject","inLanguage":"en-US","@id":"https:\/\/wein-werte.com\/de\/#\/schema\/logo\/image\/","url":"https:\/\/wein-werte.com\/wp-content\/uploads\/2023\/07\/Wein_werte_Logo700-1.png","contentUrl":"https:\/\/wein-werte.com\/wp-content\/uploads\/2023\/07\/Wein_werte_Logo700-1.png","width":700,"height":272,"caption":"Vins Fins Thorrold"},"image":{"@id":"https:\/\/wein-werte.com\/de\/#\/schema\/logo\/image\/"}}]}},"_links":{"self":[{"href":"https:\/\/wein-werte.com\/en\/wp-json\/wp\/v2\/product\/1123154","targetHints":{"allow":["GET"]}}],"collection":[{"href":"https:\/\/wein-werte.com\/en\/wp-json\/wp\/v2\/product"}],"about":[{"href":"https:\/\/wein-werte.com\/en\/wp-json\/wp\/v2\/types\/product"}],"wp:featuredmedia":[{"embeddable":true,"href":"https:\/\/wein-werte.com\/en\/wp-json\/wp\/v2\/media\/1139197"}],"wp:attachment":[{"href":"https:\/\/wein-werte.com\/en\/wp-json\/wp\/v2\/media?parent=1123154"}],"wp:term":[{"taxonomy":"product_brand","embeddable":true,"href":"https:\/\/wein-werte.com\/en\/wp-json\/wp\/v2\/product_brand?post=1123154"},{"taxonomy":"product_cat","embeddable":true,"href":"https:\/\/wein-werte.com\/en\/wp-json\/wp\/v2\/product_cat?post=1123154"},{"taxonomy":"product_tag","embeddable":true,"href":"https:\/\/wein-werte.com\/en\/wp-json\/wp\/v2\/product_tag?post=1123154"}],"curies":[{"name":"wp","href":"https:\/\/api.w.org\/{rel}","templated":true}]}}