{"id":1123152,"date":"2026-05-08T19:56:28","date_gmt":"2026-05-08T17:56:28","guid":{"rendered":"https:\/\/wein-werte.com\/product\/francois-de-nicolay-mercurey-les-montelons-blanc-2021-750ml\/"},"modified":"2026-05-08T19:56:28","modified_gmt":"2026-05-08T17:56:28","slug":"francois-de-nicolay-mercurey-les-montelons-blanc-2021-750ml","status":"publish","type":"product","link":"https:\/\/wein-werte.com\/en\/product\/francois-de-nicolay-mercurey-les-montelons-blanc-2021-750ml\/","title":{"rendered":"Fran\u00e7ois de Nicolay | Burgundy | Mercurey &#8220;Les Montelons&#8221; blanc, sans sulfites ajout\u00e9s AC | 2021 | 750ml | bio"},"content":{"rendered":"<p>Product description for Fran\u00e7ois de Nicolay Mercurey &#8220;Les Montelons&#8221; blanc, sans sulfites ajout\u00e9s AC 2021 (bio)<\/p>\n<h5>Colour<\/h5>\n<p> Bright golden yellow with delicate green reflections <\/p>\n<h5>Nose<\/h5>\n<p> The 2021 Mercurey Les Montelons appears wild, oriental, and generous. Its spice based on turmeric, curry, white pepper, and saffron is very characteristic. Almonds, hazelnuts, and pine nuts join in. It exhibits an earthy, profound, and at times chalky character. Dried grass, savory, marjoram, and oregano offer a very exciting, varied herbal spice. With a little patience, the nutty aroma develops into nougat \u2013 wonderful. Its fruit is primarily characterized by dried fruit. Apricot, date, and fig stand out here. <\/p>\n<h5>Palate<\/h5>\n<p> Its fine, pronounced spice combines on the palate with drinkability, elegance, and minerality. It flows silky and smoothly across the palate. The acidity is both crisp and essential. Nutty nuances build around it, while the ethereal aromas seem to stretch it further. With zero grams of bacon, it appears lean and taut. In the aftertaste, all its spicy aromas come to the fore. Fruit plays no role here.<\/p>\n<p>Copyright Vinaturel 2025<\/p>\n<p>Keywords: <a href=\"https:\/\/wein-werte.com\/shop\/?swoof=1&#038;pa_producer=Fran\u00e7ois-de-Nicolay\">Fran\u00e7ois de Nicolay<\/a> <a href=\"https:\/\/wein-werte.com\/shop\/?swoof=1&#038;woof_text=Mercurey \"Les Montelons\" blanc, sans sulfites ajout\u00e9s AC\">Mercurey &#8220;Les Montelons&#8221; blanc, sans sulfites ajout\u00e9s AC<\/a> 2021 bio <a href=\"https:\/\/wein-werte.com\/shop\/?swoof=1&#038;pa_region=Burgundy\">Burgundy<\/a> <a href=\"https:\/\/wein-werte.com\/shop\/?swoof=1&#038;pa_country=France\">France<\/a><\/p>\n<p>Producer website: <a href=\"http:\/\/francoisdenicolay.com\/\" target=\"_blank\">http:\/\/francoisdenicolay.com\/<\/a><\/p>\n","protected":false},"excerpt":{"rendered":"<p>Delivery time: 1 to 2 working days (DE), 2 to 5 working days (EU and CH)<\/p>\n","protected":false},"featured_media":1139189,"template":"","meta":[],"product_brand":[],"product_cat":[19],"product_tag":[],"class_list":{"0":"post-1123152","1":"product","2":"type-product","3":"status-publish","4":"has-post-thumbnail","6":"product_cat-unkategorisiert","7":"pa_alcohol-for-filter-12895","8":"pa_certified-biodynamic-no","9":"pa_certified-organic-yes","10":"pa_colour-white","11":"pa_country-france","12":"pa_grape-chardonnay","13":"pa_price-for-filter-10615","14":"pa_producer-francois-de-nicolay","15":"pa_region-burgundy","16":"pa_size-ml-6584","17":"pa_sweetness-dry","18":"pa_type-2-still","19":"pa_vintage-6634","20":"entry","21":"has-media","23":"first","24":"instock","25":"taxable","26":"shipping-taxable","27":"purchasable","28":"product-type-simple"},"yoast_head":"<!-- This site is optimized with the Yoast SEO plugin v27.5 - https:\/\/yoast.com\/product\/yoast-seo-wordpress\/ -->\n<title>Fran\u00e7ois de Nicolay Mercurey &quot;Les Montelons&quot; blanc 2021<\/title>\n<meta name=\"description\" content=\"Buy Fran\u00e7ois de Nicolay Mercurey &quot;Les Montelons&quot; blanc 2021 - a dry Chardonnay from Burgundy, France - at Wein Werte, your sustainable online shop.\" \/>\n<meta name=\"robots\" content=\"index, follow, max-snippet:-1, max-image-preview:large, max-video-preview:-1\" \/>\n<link rel=\"canonical\" href=\"https:\/\/wein-werte.com\/en\/product\/francois-de-nicolay-mercurey-les-montelons-blanc-2021-750ml\/\" \/>\n<meta property=\"og:locale\" content=\"en_US\" \/>\n<meta property=\"og:type\" content=\"article\" \/>\n<meta property=\"og:title\" content=\"Fran\u00e7ois de Nicolay Mercurey &quot;Les Montelons&quot; blanc 2021\" \/>\n<meta property=\"og:description\" content=\"Buy Fran\u00e7ois de Nicolay Mercurey &quot;Les Montelons&quot; blanc 2021 - a dry Chardonnay from Burgundy, France - at Wein Werte, your sustainable online shop.\" \/>\n<meta property=\"og:url\" content=\"https:\/\/wein-werte.com\/en\/product\/francois-de-nicolay-mercurey-les-montelons-blanc-2021-750ml\/\" \/>\n<meta property=\"og:site_name\" content=\"Wein Werte\" \/>\n<meta property=\"og:image\" content=\"https:\/\/wein-werte.com\/wp-content\/uploads\/2026\/04\/Francois-de-Nicolay-Mercurey-Les-Montelons-blanc-2021-750ml.png\" \/>\n\t<meta property=\"og:image:width\" content=\"328\" \/>\n\t<meta property=\"og:image:height\" content=\"1200\" \/>\n\t<meta property=\"og:image:type\" content=\"image\/png\" \/>\n<meta name=\"twitter:card\" content=\"summary_large_image\" \/>\n<meta name=\"twitter:label1\" content=\"Est. reading time\" \/>\n\t<meta name=\"twitter:data1\" content=\"1 minute\" \/>\n<script type=\"application\/ld+json\" class=\"yoast-schema-graph\">{\"@context\":\"https:\\\/\\\/schema.org\",\"@graph\":[{\"@type\":\"WebPage\",\"@id\":\"https:\\\/\\\/wein-werte.com\\\/en\\\/product\\\/francois-de-nicolay-mercurey-les-montelons-blanc-2021-750ml\\\/\",\"url\":\"https:\\\/\\\/wein-werte.com\\\/en\\\/product\\\/francois-de-nicolay-mercurey-les-montelons-blanc-2021-750ml\\\/\",\"name\":\"Fran\u00e7ois de Nicolay Mercurey \\\"Les Montelons\\\" blanc 2021\",\"isPartOf\":{\"@id\":\"https:\\\/\\\/wein-werte.com\\\/de\\\/#website\"},\"primaryImageOfPage\":{\"@id\":\"https:\\\/\\\/wein-werte.com\\\/en\\\/product\\\/francois-de-nicolay-mercurey-les-montelons-blanc-2021-750ml\\\/#primaryimage\"},\"image\":{\"@id\":\"https:\\\/\\\/wein-werte.com\\\/en\\\/product\\\/francois-de-nicolay-mercurey-les-montelons-blanc-2021-750ml\\\/#primaryimage\"},\"thumbnailUrl\":\"https:\\\/\\\/wein-werte.com\\\/wp-content\\\/uploads\\\/2026\\\/04\\\/Francois-de-Nicolay-Mercurey-Les-Montelons-blanc-2021-750ml.png\",\"datePublished\":\"2026-05-08T17:56:28+00:00\",\"description\":\"Buy Fran\u00e7ois de Nicolay Mercurey \\\"Les Montelons\\\" blanc 2021 - a dry Chardonnay from Burgundy, France - at Wein Werte, your sustainable online shop.\",\"breadcrumb\":{\"@id\":\"https:\\\/\\\/wein-werte.com\\\/en\\\/product\\\/francois-de-nicolay-mercurey-les-montelons-blanc-2021-750ml\\\/#breadcrumb\"},\"inLanguage\":\"en-US\",\"potentialAction\":[{\"@type\":\"ReadAction\",\"target\":[\"https:\\\/\\\/wein-werte.com\\\/en\\\/product\\\/francois-de-nicolay-mercurey-les-montelons-blanc-2021-750ml\\\/\"]}]},{\"@type\":\"ImageObject\",\"inLanguage\":\"en-US\",\"@id\":\"https:\\\/\\\/wein-werte.com\\\/en\\\/product\\\/francois-de-nicolay-mercurey-les-montelons-blanc-2021-750ml\\\/#primaryimage\",\"url\":\"https:\\\/\\\/wein-werte.com\\\/wp-content\\\/uploads\\\/2026\\\/04\\\/Francois-de-Nicolay-Mercurey-Les-Montelons-blanc-2021-750ml.png\",\"contentUrl\":\"https:\\\/\\\/wein-werte.com\\\/wp-content\\\/uploads\\\/2026\\\/04\\\/Francois-de-Nicolay-Mercurey-Les-Montelons-blanc-2021-750ml.png\",\"width\":328,\"height\":1200,\"caption\":\"Fran\u00e7ois de Nicolay Mercurey \\\"Les Montelons\\\" blanc, sans sulfites ajout\u00e9s AC 2021 750ml\"},{\"@type\":\"BreadcrumbList\",\"@id\":\"https:\\\/\\\/wein-werte.com\\\/en\\\/product\\\/francois-de-nicolay-mercurey-les-montelons-blanc-2021-750ml\\\/#breadcrumb\",\"itemListElement\":[{\"@type\":\"ListItem\",\"position\":1,\"name\":\"Home\",\"item\":\"https:\\\/\\\/wein-werte.com\\\/en\\\/\"},{\"@type\":\"ListItem\",\"position\":2,\"name\":\"Shop Page\",\"item\":\"https:\\\/\\\/wein-werte.com\\\/en\\\/shop\\\/\"},{\"@type\":\"ListItem\",\"position\":3,\"name\":\"Fran\u00e7ois de Nicolay | Burgundy | Mercurey &#8220;Les Montelons&#8221; blanc, sans sulfites ajout\u00e9s AC | 2021 | 750ml | bio\"}]},{\"@type\":\"WebSite\",\"@id\":\"https:\\\/\\\/wein-werte.com\\\/de\\\/#website\",\"url\":\"https:\\\/\\\/wein-werte.com\\\/de\\\/\",\"name\":\"Wein Werte\",\"description\":\"\",\"publisher\":{\"@id\":\"https:\\\/\\\/wein-werte.com\\\/de\\\/#organization\"},\"potentialAction\":[{\"@type\":\"SearchAction\",\"target\":{\"@type\":\"EntryPoint\",\"urlTemplate\":\"https:\\\/\\\/wein-werte.com\\\/de\\\/?s={search_term_string}\"},\"query-input\":{\"@type\":\"PropertyValueSpecification\",\"valueRequired\":true,\"valueName\":\"search_term_string\"}}],\"inLanguage\":\"en-US\"},{\"@type\":\"Organization\",\"@id\":\"https:\\\/\\\/wein-werte.com\\\/de\\\/#organization\",\"name\":\"Vins Fins Thorrold\",\"url\":\"https:\\\/\\\/wein-werte.com\\\/de\\\/\",\"logo\":{\"@type\":\"ImageObject\",\"inLanguage\":\"en-US\",\"@id\":\"https:\\\/\\\/wein-werte.com\\\/de\\\/#\\\/schema\\\/logo\\\/image\\\/\",\"url\":\"https:\\\/\\\/wein-werte.com\\\/wp-content\\\/uploads\\\/2023\\\/07\\\/Wein_werte_Logo700-1.png\",\"contentUrl\":\"https:\\\/\\\/wein-werte.com\\\/wp-content\\\/uploads\\\/2023\\\/07\\\/Wein_werte_Logo700-1.png\",\"width\":700,\"height\":272,\"caption\":\"Vins Fins Thorrold\"},\"image\":{\"@id\":\"https:\\\/\\\/wein-werte.com\\\/de\\\/#\\\/schema\\\/logo\\\/image\\\/\"}}]}<\/script>\n<!-- \/ Yoast SEO plugin. -->","yoast_head_json":{"title":"Fran\u00e7ois de Nicolay Mercurey \"Les Montelons\" blanc 2021","description":"Buy Fran\u00e7ois de Nicolay Mercurey \"Les Montelons\" blanc 2021 - a dry Chardonnay from Burgundy, France - at Wein Werte, your sustainable online shop.","robots":{"index":"index","follow":"follow","max-snippet":"max-snippet:-1","max-image-preview":"max-image-preview:large","max-video-preview":"max-video-preview:-1"},"canonical":"https:\/\/wein-werte.com\/en\/product\/francois-de-nicolay-mercurey-les-montelons-blanc-2021-750ml\/","og_locale":"en_US","og_type":"article","og_title":"Fran\u00e7ois de Nicolay Mercurey \"Les Montelons\" blanc 2021","og_description":"Buy Fran\u00e7ois de Nicolay Mercurey \"Les Montelons\" blanc 2021 - a dry Chardonnay from Burgundy, France - at Wein Werte, your sustainable online shop.","og_url":"https:\/\/wein-werte.com\/en\/product\/francois-de-nicolay-mercurey-les-montelons-blanc-2021-750ml\/","og_site_name":"Wein Werte","og_image":[{"width":328,"height":1200,"url":"https:\/\/wein-werte.com\/wp-content\/uploads\/2026\/04\/Francois-de-Nicolay-Mercurey-Les-Montelons-blanc-2021-750ml.png","type":"image\/png"}],"twitter_card":"summary_large_image","twitter_misc":{"Est. reading time":"1 minute"},"schema":{"@context":"https:\/\/schema.org","@graph":[{"@type":"WebPage","@id":"https:\/\/wein-werte.com\/en\/product\/francois-de-nicolay-mercurey-les-montelons-blanc-2021-750ml\/","url":"https:\/\/wein-werte.com\/en\/product\/francois-de-nicolay-mercurey-les-montelons-blanc-2021-750ml\/","name":"Fran\u00e7ois de Nicolay Mercurey \"Les Montelons\" blanc 2021","isPartOf":{"@id":"https:\/\/wein-werte.com\/de\/#website"},"primaryImageOfPage":{"@id":"https:\/\/wein-werte.com\/en\/product\/francois-de-nicolay-mercurey-les-montelons-blanc-2021-750ml\/#primaryimage"},"image":{"@id":"https:\/\/wein-werte.com\/en\/product\/francois-de-nicolay-mercurey-les-montelons-blanc-2021-750ml\/#primaryimage"},"thumbnailUrl":"https:\/\/wein-werte.com\/wp-content\/uploads\/2026\/04\/Francois-de-Nicolay-Mercurey-Les-Montelons-blanc-2021-750ml.png","datePublished":"2026-05-08T17:56:28+00:00","description":"Buy Fran\u00e7ois de Nicolay Mercurey \"Les Montelons\" blanc 2021 - a dry Chardonnay from Burgundy, France - at Wein Werte, your sustainable online shop.","breadcrumb":{"@id":"https:\/\/wein-werte.com\/en\/product\/francois-de-nicolay-mercurey-les-montelons-blanc-2021-750ml\/#breadcrumb"},"inLanguage":"en-US","potentialAction":[{"@type":"ReadAction","target":["https:\/\/wein-werte.com\/en\/product\/francois-de-nicolay-mercurey-les-montelons-blanc-2021-750ml\/"]}]},{"@type":"ImageObject","inLanguage":"en-US","@id":"https:\/\/wein-werte.com\/en\/product\/francois-de-nicolay-mercurey-les-montelons-blanc-2021-750ml\/#primaryimage","url":"https:\/\/wein-werte.com\/wp-content\/uploads\/2026\/04\/Francois-de-Nicolay-Mercurey-Les-Montelons-blanc-2021-750ml.png","contentUrl":"https:\/\/wein-werte.com\/wp-content\/uploads\/2026\/04\/Francois-de-Nicolay-Mercurey-Les-Montelons-blanc-2021-750ml.png","width":328,"height":1200,"caption":"Fran\u00e7ois de Nicolay Mercurey \"Les Montelons\" blanc, sans sulfites ajout\u00e9s AC 2021 750ml"},{"@type":"BreadcrumbList","@id":"https:\/\/wein-werte.com\/en\/product\/francois-de-nicolay-mercurey-les-montelons-blanc-2021-750ml\/#breadcrumb","itemListElement":[{"@type":"ListItem","position":1,"name":"Home","item":"https:\/\/wein-werte.com\/en\/"},{"@type":"ListItem","position":2,"name":"Shop Page","item":"https:\/\/wein-werte.com\/en\/shop\/"},{"@type":"ListItem","position":3,"name":"Fran\u00e7ois de Nicolay | Burgundy | Mercurey &#8220;Les Montelons&#8221; blanc, sans sulfites ajout\u00e9s AC | 2021 | 750ml | bio"}]},{"@type":"WebSite","@id":"https:\/\/wein-werte.com\/de\/#website","url":"https:\/\/wein-werte.com\/de\/","name":"Wein Werte","description":"","publisher":{"@id":"https:\/\/wein-werte.com\/de\/#organization"},"potentialAction":[{"@type":"SearchAction","target":{"@type":"EntryPoint","urlTemplate":"https:\/\/wein-werte.com\/de\/?s={search_term_string}"},"query-input":{"@type":"PropertyValueSpecification","valueRequired":true,"valueName":"search_term_string"}}],"inLanguage":"en-US"},{"@type":"Organization","@id":"https:\/\/wein-werte.com\/de\/#organization","name":"Vins Fins Thorrold","url":"https:\/\/wein-werte.com\/de\/","logo":{"@type":"ImageObject","inLanguage":"en-US","@id":"https:\/\/wein-werte.com\/de\/#\/schema\/logo\/image\/","url":"https:\/\/wein-werte.com\/wp-content\/uploads\/2023\/07\/Wein_werte_Logo700-1.png","contentUrl":"https:\/\/wein-werte.com\/wp-content\/uploads\/2023\/07\/Wein_werte_Logo700-1.png","width":700,"height":272,"caption":"Vins Fins Thorrold"},"image":{"@id":"https:\/\/wein-werte.com\/de\/#\/schema\/logo\/image\/"}}]}},"_links":{"self":[{"href":"https:\/\/wein-werte.com\/en\/wp-json\/wp\/v2\/product\/1123152","targetHints":{"allow":["GET"]}}],"collection":[{"href":"https:\/\/wein-werte.com\/en\/wp-json\/wp\/v2\/product"}],"about":[{"href":"https:\/\/wein-werte.com\/en\/wp-json\/wp\/v2\/types\/product"}],"wp:featuredmedia":[{"embeddable":true,"href":"https:\/\/wein-werte.com\/en\/wp-json\/wp\/v2\/media\/1139189"}],"wp:attachment":[{"href":"https:\/\/wein-werte.com\/en\/wp-json\/wp\/v2\/media?parent=1123152"}],"wp:term":[{"taxonomy":"product_brand","embeddable":true,"href":"https:\/\/wein-werte.com\/en\/wp-json\/wp\/v2\/product_brand?post=1123152"},{"taxonomy":"product_cat","embeddable":true,"href":"https:\/\/wein-werte.com\/en\/wp-json\/wp\/v2\/product_cat?post=1123152"},{"taxonomy":"product_tag","embeddable":true,"href":"https:\/\/wein-werte.com\/en\/wp-json\/wp\/v2\/product_tag?post=1123152"}],"curies":[{"name":"wp","href":"https:\/\/api.w.org\/{rel}","templated":true}]}}