{"id":1123147,"date":"2026-05-05T18:10:56","date_gmt":"2026-05-05T16:10:56","guid":{"rendered":"https:\/\/wein-werte.com\/product\/chandon-de-briailles-savigny-les-beaune-1er-cru-les-lavieres-rouge-2021-750ml\/"},"modified":"2026-05-05T18:10:56","modified_gmt":"2026-05-05T16:10:56","slug":"chandon-de-briailles-savigny-les-beaune-1er-cru-les-lavieres-rouge-2021-750ml","status":"publish","type":"product","link":"https:\/\/wein-werte.com\/en\/product\/chandon-de-briailles-savigny-les-beaune-1er-cru-les-lavieres-rouge-2021-750ml\/","title":{"rendered":"Chandon de Briailles | Burgundy | Savigny-L\u00e8s-Beaune 1er Cru &#8220;Les Lavi\u00e8res&#8221; rouge, sans sulfites ajout\u00e9s AOC | 2021 | 750ml | bio"},"content":{"rendered":"<p>Product description for Chandon de Briailles Savigny-L\u00e8s-Beaune 1er Cru &#8220;Les Lavi\u00e8res&#8221; rouge, sans sulfites ajout\u00e9s AOC 2021 (bio)<\/p>\n<p>The Chandon de Briailles winery in Savigny les Beaune is run by siblings Claude and Fran\u00e7ois de Nicolay. Fran\u00e7ois oversees the vineyards and sales, while Claude reigns supreme in the cellar. The estate owns prime parcels of land in Premier and Grand Cru vineyards, such as Aloxe-Corton and Corton-Charlemagne. They are convinced that great terroir wines can only be produced through biodynamic farming, which they have practiced since 2005. Although the various vineyards are not far apart, they differ significantly in soil and climate. Their primary goal is to bring out these distinct characters and showcase them perfectly. They succeed in doing so impressively. All of their wines possess depth and complexity, and above all, a great deal of individuality.<\/p>\n<p>Copyright Vinaturel 2025<\/p>\n<p>Keywords: <a href=\"https:\/\/wein-werte.com\/shop\/?swoof=1&#038;pa_producer=Chandon-de-Briailles\">Chandon de Briailles<\/a> <a href=\"https:\/\/wein-werte.com\/shop\/?swoof=1&#038;woof_text=Savigny-L\u00e8s-Beaune 1er Cru \"Les Lavi\u00e8res\" rouge, sans sulfites ajout\u00e9s AOC\">Savigny-L\u00e8s-Beaune 1er Cru &#8220;Les Lavi\u00e8res&#8221; rouge, sans sulfites ajout\u00e9s AOC<\/a> 2021 bio <a href=\"https:\/\/wein-werte.com\/shop\/?swoof=1&#038;pa_region=Burgundy\">Burgundy<\/a> <a href=\"https:\/\/wein-werte.com\/shop\/?swoof=1&#038;pa_country=France\">France<\/a><\/p>\n<p>Producer website: <a href=\"http:\/\/www.chandondebriailles.com\/en\/\" target=\"_blank\">http:\/\/www.chandondebriailles.com\/en\/<\/a><\/p>\n","protected":false},"excerpt":{"rendered":"<p>Delivery time: 1 to 2 working days (DE), 2 to 5 working days (EU and CH)<\/p>\n","protected":false},"featured_media":1139169,"template":"","meta":[],"product_brand":[],"product_cat":[19],"product_tag":[],"class_list":{"0":"post-1123147","1":"product","2":"type-product","3":"status-publish","4":"has-post-thumbnail","6":"product_cat-unkategorisiert","7":"pa_alcohol-for-filter-12-5","8":"pa_certified-biodynamic-yes","9":"pa_certified-organic-yes","10":"pa_colour-red","11":"pa_country-france","12":"pa_grape-pinot-noir-spatburgunder","13":"pa_price-for-filter-10658","14":"pa_producer-chandon-de-briailles","15":"pa_region-burgundy","16":"pa_size-ml-6584","17":"pa_sweetness-dry","18":"pa_type-2-still","19":"pa_vintage-6634","20":"entry","21":"has-media","23":"first","24":"instock","25":"taxable","26":"shipping-taxable","27":"purchasable","28":"product-type-simple"},"yoast_head":"<!-- This site is optimized with the Yoast SEO plugin v27.5 - https:\/\/yoast.com\/product\/yoast-seo-wordpress\/ -->\n<title>Chandon de Briailles Savigny-L\u00e8s-Beaune 1er Cru &quot;Les Lavi\u00e8res&quot; rouge 2021<\/title>\n<meta name=\"description\" content=\"Buy Chandon de Briailles Savigny-L\u00e8s-Beaune 1er Cru &quot;Les Lavi\u00e8res&quot; rouge 2021 - a dry Pinot Noir from Burgundy, France - at Wein Werte, your sustainable online shop.\" \/>\n<meta name=\"robots\" content=\"index, follow, max-snippet:-1, max-image-preview:large, max-video-preview:-1\" \/>\n<link rel=\"canonical\" href=\"https:\/\/wein-werte.com\/en\/product\/chandon-de-briailles-savigny-les-beaune-1er-cru-les-lavieres-rouge-2021-750ml\/\" \/>\n<meta property=\"og:locale\" content=\"en_US\" \/>\n<meta property=\"og:type\" content=\"article\" \/>\n<meta property=\"og:title\" content=\"Chandon de Briailles Savigny-L\u00e8s-Beaune 1er Cru &quot;Les Lavi\u00e8res&quot; rouge 2021\" \/>\n<meta property=\"og:description\" content=\"Buy Chandon de Briailles Savigny-L\u00e8s-Beaune 1er Cru &quot;Les Lavi\u00e8res&quot; rouge 2021 - a dry Pinot Noir from Burgundy, France - at Wein Werte, your sustainable online shop.\" \/>\n<meta property=\"og:url\" content=\"https:\/\/wein-werte.com\/en\/product\/chandon-de-briailles-savigny-les-beaune-1er-cru-les-lavieres-rouge-2021-750ml\/\" \/>\n<meta property=\"og:site_name\" content=\"Wein Werte\" \/>\n<meta property=\"og:image\" content=\"https:\/\/wein-werte.com\/wp-content\/uploads\/2026\/04\/Chandon-de-Briailles-Savigny-Les-Beaune-1er-Cru-Les-Lavieres-rouge-2021-750ml.png\" \/>\n\t<meta property=\"og:image:width\" content=\"328\" \/>\n\t<meta property=\"og:image:height\" content=\"1200\" \/>\n\t<meta property=\"og:image:type\" content=\"image\/png\" \/>\n<meta name=\"twitter:card\" content=\"summary_large_image\" \/>\n<meta name=\"twitter:label1\" content=\"Est. reading time\" \/>\n\t<meta name=\"twitter:data1\" content=\"1 minute\" \/>\n<script type=\"application\/ld+json\" class=\"yoast-schema-graph\">{\"@context\":\"https:\\\/\\\/schema.org\",\"@graph\":[{\"@type\":\"WebPage\",\"@id\":\"https:\\\/\\\/wein-werte.com\\\/en\\\/product\\\/chandon-de-briailles-savigny-les-beaune-1er-cru-les-lavieres-rouge-2021-750ml\\\/\",\"url\":\"https:\\\/\\\/wein-werte.com\\\/en\\\/product\\\/chandon-de-briailles-savigny-les-beaune-1er-cru-les-lavieres-rouge-2021-750ml\\\/\",\"name\":\"Chandon de Briailles Savigny-L\u00e8s-Beaune 1er Cru \\\"Les Lavi\u00e8res\\\" rouge 2021\",\"isPartOf\":{\"@id\":\"https:\\\/\\\/wein-werte.com\\\/de\\\/#website\"},\"primaryImageOfPage\":{\"@id\":\"https:\\\/\\\/wein-werte.com\\\/en\\\/product\\\/chandon-de-briailles-savigny-les-beaune-1er-cru-les-lavieres-rouge-2021-750ml\\\/#primaryimage\"},\"image\":{\"@id\":\"https:\\\/\\\/wein-werte.com\\\/en\\\/product\\\/chandon-de-briailles-savigny-les-beaune-1er-cru-les-lavieres-rouge-2021-750ml\\\/#primaryimage\"},\"thumbnailUrl\":\"https:\\\/\\\/wein-werte.com\\\/wp-content\\\/uploads\\\/2026\\\/04\\\/Chandon-de-Briailles-Savigny-Les-Beaune-1er-Cru-Les-Lavieres-rouge-2021-750ml.png\",\"datePublished\":\"2026-05-05T16:10:56+00:00\",\"description\":\"Buy Chandon de Briailles Savigny-L\u00e8s-Beaune 1er Cru \\\"Les Lavi\u00e8res\\\" rouge 2021 - a dry Pinot Noir from Burgundy, France - at Wein Werte, your sustainable online shop.\",\"breadcrumb\":{\"@id\":\"https:\\\/\\\/wein-werte.com\\\/en\\\/product\\\/chandon-de-briailles-savigny-les-beaune-1er-cru-les-lavieres-rouge-2021-750ml\\\/#breadcrumb\"},\"inLanguage\":\"en-US\",\"potentialAction\":[{\"@type\":\"ReadAction\",\"target\":[\"https:\\\/\\\/wein-werte.com\\\/en\\\/product\\\/chandon-de-briailles-savigny-les-beaune-1er-cru-les-lavieres-rouge-2021-750ml\\\/\"]}]},{\"@type\":\"ImageObject\",\"inLanguage\":\"en-US\",\"@id\":\"https:\\\/\\\/wein-werte.com\\\/en\\\/product\\\/chandon-de-briailles-savigny-les-beaune-1er-cru-les-lavieres-rouge-2021-750ml\\\/#primaryimage\",\"url\":\"https:\\\/\\\/wein-werte.com\\\/wp-content\\\/uploads\\\/2026\\\/04\\\/Chandon-de-Briailles-Savigny-Les-Beaune-1er-Cru-Les-Lavieres-rouge-2021-750ml.png\",\"contentUrl\":\"https:\\\/\\\/wein-werte.com\\\/wp-content\\\/uploads\\\/2026\\\/04\\\/Chandon-de-Briailles-Savigny-Les-Beaune-1er-Cru-Les-Lavieres-rouge-2021-750ml.png\",\"width\":328,\"height\":1200,\"caption\":\"Chandon de Briailles Savigny-L\u00e8s-Beaune 1er Cru \\\"Les Lavi\u00e8res\\\" rouge, sans sulfites ajout\u00e9s AOC 2021 750ml\"},{\"@type\":\"BreadcrumbList\",\"@id\":\"https:\\\/\\\/wein-werte.com\\\/en\\\/product\\\/chandon-de-briailles-savigny-les-beaune-1er-cru-les-lavieres-rouge-2021-750ml\\\/#breadcrumb\",\"itemListElement\":[{\"@type\":\"ListItem\",\"position\":1,\"name\":\"Home\",\"item\":\"https:\\\/\\\/wein-werte.com\\\/en\\\/\"},{\"@type\":\"ListItem\",\"position\":2,\"name\":\"Shop Page\",\"item\":\"https:\\\/\\\/wein-werte.com\\\/en\\\/shop\\\/\"},{\"@type\":\"ListItem\",\"position\":3,\"name\":\"Chandon de Briailles | Burgundy | Savigny-L\u00e8s-Beaune 1er Cru &#8220;Les Lavi\u00e8res&#8221; rouge, sans sulfites ajout\u00e9s AOC | 2021 | 750ml | bio\"}]},{\"@type\":\"WebSite\",\"@id\":\"https:\\\/\\\/wein-werte.com\\\/de\\\/#website\",\"url\":\"https:\\\/\\\/wein-werte.com\\\/de\\\/\",\"name\":\"Wein Werte\",\"description\":\"\",\"publisher\":{\"@id\":\"https:\\\/\\\/wein-werte.com\\\/de\\\/#organization\"},\"potentialAction\":[{\"@type\":\"SearchAction\",\"target\":{\"@type\":\"EntryPoint\",\"urlTemplate\":\"https:\\\/\\\/wein-werte.com\\\/de\\\/?s={search_term_string}\"},\"query-input\":{\"@type\":\"PropertyValueSpecification\",\"valueRequired\":true,\"valueName\":\"search_term_string\"}}],\"inLanguage\":\"en-US\"},{\"@type\":\"Organization\",\"@id\":\"https:\\\/\\\/wein-werte.com\\\/de\\\/#organization\",\"name\":\"Vins Fins Thorrold\",\"url\":\"https:\\\/\\\/wein-werte.com\\\/de\\\/\",\"logo\":{\"@type\":\"ImageObject\",\"inLanguage\":\"en-US\",\"@id\":\"https:\\\/\\\/wein-werte.com\\\/de\\\/#\\\/schema\\\/logo\\\/image\\\/\",\"url\":\"https:\\\/\\\/wein-werte.com\\\/wp-content\\\/uploads\\\/2023\\\/07\\\/Wein_werte_Logo700-1.png\",\"contentUrl\":\"https:\\\/\\\/wein-werte.com\\\/wp-content\\\/uploads\\\/2023\\\/07\\\/Wein_werte_Logo700-1.png\",\"width\":700,\"height\":272,\"caption\":\"Vins Fins Thorrold\"},\"image\":{\"@id\":\"https:\\\/\\\/wein-werte.com\\\/de\\\/#\\\/schema\\\/logo\\\/image\\\/\"}}]}<\/script>\n<!-- \/ Yoast SEO plugin. -->","yoast_head_json":{"title":"Chandon de Briailles Savigny-L\u00e8s-Beaune 1er Cru \"Les Lavi\u00e8res\" rouge 2021","description":"Buy Chandon de Briailles Savigny-L\u00e8s-Beaune 1er Cru \"Les Lavi\u00e8res\" rouge 2021 - a dry Pinot Noir from Burgundy, France - at Wein Werte, your sustainable online shop.","robots":{"index":"index","follow":"follow","max-snippet":"max-snippet:-1","max-image-preview":"max-image-preview:large","max-video-preview":"max-video-preview:-1"},"canonical":"https:\/\/wein-werte.com\/en\/product\/chandon-de-briailles-savigny-les-beaune-1er-cru-les-lavieres-rouge-2021-750ml\/","og_locale":"en_US","og_type":"article","og_title":"Chandon de Briailles Savigny-L\u00e8s-Beaune 1er Cru \"Les Lavi\u00e8res\" rouge 2021","og_description":"Buy Chandon de Briailles Savigny-L\u00e8s-Beaune 1er Cru \"Les Lavi\u00e8res\" rouge 2021 - a dry Pinot Noir from Burgundy, France - at Wein Werte, your sustainable online shop.","og_url":"https:\/\/wein-werte.com\/en\/product\/chandon-de-briailles-savigny-les-beaune-1er-cru-les-lavieres-rouge-2021-750ml\/","og_site_name":"Wein Werte","og_image":[{"width":328,"height":1200,"url":"https:\/\/wein-werte.com\/wp-content\/uploads\/2026\/04\/Chandon-de-Briailles-Savigny-Les-Beaune-1er-Cru-Les-Lavieres-rouge-2021-750ml.png","type":"image\/png"}],"twitter_card":"summary_large_image","twitter_misc":{"Est. reading time":"1 minute"},"schema":{"@context":"https:\/\/schema.org","@graph":[{"@type":"WebPage","@id":"https:\/\/wein-werte.com\/en\/product\/chandon-de-briailles-savigny-les-beaune-1er-cru-les-lavieres-rouge-2021-750ml\/","url":"https:\/\/wein-werte.com\/en\/product\/chandon-de-briailles-savigny-les-beaune-1er-cru-les-lavieres-rouge-2021-750ml\/","name":"Chandon de Briailles Savigny-L\u00e8s-Beaune 1er Cru \"Les Lavi\u00e8res\" rouge 2021","isPartOf":{"@id":"https:\/\/wein-werte.com\/de\/#website"},"primaryImageOfPage":{"@id":"https:\/\/wein-werte.com\/en\/product\/chandon-de-briailles-savigny-les-beaune-1er-cru-les-lavieres-rouge-2021-750ml\/#primaryimage"},"image":{"@id":"https:\/\/wein-werte.com\/en\/product\/chandon-de-briailles-savigny-les-beaune-1er-cru-les-lavieres-rouge-2021-750ml\/#primaryimage"},"thumbnailUrl":"https:\/\/wein-werte.com\/wp-content\/uploads\/2026\/04\/Chandon-de-Briailles-Savigny-Les-Beaune-1er-Cru-Les-Lavieres-rouge-2021-750ml.png","datePublished":"2026-05-05T16:10:56+00:00","description":"Buy Chandon de Briailles Savigny-L\u00e8s-Beaune 1er Cru \"Les Lavi\u00e8res\" rouge 2021 - a dry Pinot Noir from Burgundy, France - at Wein Werte, your sustainable online shop.","breadcrumb":{"@id":"https:\/\/wein-werte.com\/en\/product\/chandon-de-briailles-savigny-les-beaune-1er-cru-les-lavieres-rouge-2021-750ml\/#breadcrumb"},"inLanguage":"en-US","potentialAction":[{"@type":"ReadAction","target":["https:\/\/wein-werte.com\/en\/product\/chandon-de-briailles-savigny-les-beaune-1er-cru-les-lavieres-rouge-2021-750ml\/"]}]},{"@type":"ImageObject","inLanguage":"en-US","@id":"https:\/\/wein-werte.com\/en\/product\/chandon-de-briailles-savigny-les-beaune-1er-cru-les-lavieres-rouge-2021-750ml\/#primaryimage","url":"https:\/\/wein-werte.com\/wp-content\/uploads\/2026\/04\/Chandon-de-Briailles-Savigny-Les-Beaune-1er-Cru-Les-Lavieres-rouge-2021-750ml.png","contentUrl":"https:\/\/wein-werte.com\/wp-content\/uploads\/2026\/04\/Chandon-de-Briailles-Savigny-Les-Beaune-1er-Cru-Les-Lavieres-rouge-2021-750ml.png","width":328,"height":1200,"caption":"Chandon de Briailles Savigny-L\u00e8s-Beaune 1er Cru \"Les Lavi\u00e8res\" rouge, sans sulfites ajout\u00e9s AOC 2021 750ml"},{"@type":"BreadcrumbList","@id":"https:\/\/wein-werte.com\/en\/product\/chandon-de-briailles-savigny-les-beaune-1er-cru-les-lavieres-rouge-2021-750ml\/#breadcrumb","itemListElement":[{"@type":"ListItem","position":1,"name":"Home","item":"https:\/\/wein-werte.com\/en\/"},{"@type":"ListItem","position":2,"name":"Shop Page","item":"https:\/\/wein-werte.com\/en\/shop\/"},{"@type":"ListItem","position":3,"name":"Chandon de Briailles | Burgundy | Savigny-L\u00e8s-Beaune 1er Cru &#8220;Les Lavi\u00e8res&#8221; rouge, sans sulfites ajout\u00e9s AOC | 2021 | 750ml | bio"}]},{"@type":"WebSite","@id":"https:\/\/wein-werte.com\/de\/#website","url":"https:\/\/wein-werte.com\/de\/","name":"Wein Werte","description":"","publisher":{"@id":"https:\/\/wein-werte.com\/de\/#organization"},"potentialAction":[{"@type":"SearchAction","target":{"@type":"EntryPoint","urlTemplate":"https:\/\/wein-werte.com\/de\/?s={search_term_string}"},"query-input":{"@type":"PropertyValueSpecification","valueRequired":true,"valueName":"search_term_string"}}],"inLanguage":"en-US"},{"@type":"Organization","@id":"https:\/\/wein-werte.com\/de\/#organization","name":"Vins Fins Thorrold","url":"https:\/\/wein-werte.com\/de\/","logo":{"@type":"ImageObject","inLanguage":"en-US","@id":"https:\/\/wein-werte.com\/de\/#\/schema\/logo\/image\/","url":"https:\/\/wein-werte.com\/wp-content\/uploads\/2023\/07\/Wein_werte_Logo700-1.png","contentUrl":"https:\/\/wein-werte.com\/wp-content\/uploads\/2023\/07\/Wein_werte_Logo700-1.png","width":700,"height":272,"caption":"Vins Fins Thorrold"},"image":{"@id":"https:\/\/wein-werte.com\/de\/#\/schema\/logo\/image\/"}}]}},"_links":{"self":[{"href":"https:\/\/wein-werte.com\/en\/wp-json\/wp\/v2\/product\/1123147","targetHints":{"allow":["GET"]}}],"collection":[{"href":"https:\/\/wein-werte.com\/en\/wp-json\/wp\/v2\/product"}],"about":[{"href":"https:\/\/wein-werte.com\/en\/wp-json\/wp\/v2\/types\/product"}],"wp:featuredmedia":[{"embeddable":true,"href":"https:\/\/wein-werte.com\/en\/wp-json\/wp\/v2\/media\/1139169"}],"wp:attachment":[{"href":"https:\/\/wein-werte.com\/en\/wp-json\/wp\/v2\/media?parent=1123147"}],"wp:term":[{"taxonomy":"product_brand","embeddable":true,"href":"https:\/\/wein-werte.com\/en\/wp-json\/wp\/v2\/product_brand?post=1123147"},{"taxonomy":"product_cat","embeddable":true,"href":"https:\/\/wein-werte.com\/en\/wp-json\/wp\/v2\/product_cat?post=1123147"},{"taxonomy":"product_tag","embeddable":true,"href":"https:\/\/wein-werte.com\/en\/wp-json\/wp\/v2\/product_tag?post=1123147"}],"curies":[{"name":"wp","href":"https:\/\/api.w.org\/{rel}","templated":true}]}}