{"id":1123145,"date":"2026-05-05T18:10:55","date_gmt":"2026-05-05T16:10:55","guid":{"rendered":"https:\/\/wein-werte.com\/product\/chandon-de-briailles-savigny-les-beaune-blanc-les-saucours-2021-750ml\/"},"modified":"2026-05-05T18:10:56","modified_gmt":"2026-05-05T16:10:56","slug":"chandon-de-briailles-savigny-les-beaune-blanc-les-saucours-2021-750ml","status":"publish","type":"product","link":"https:\/\/wein-werte.com\/en\/product\/chandon-de-briailles-savigny-les-beaune-blanc-les-saucours-2021-750ml\/","title":{"rendered":"Chandon de Briailles | Burgundy | Savigny-L\u00e8s-Beaune blanc &#8220;Les Saucours&#8221; sans sulfites ajout\u00e9s AOC | 2021 | 750ml | bio"},"content":{"rendered":"<p>Product description for Chandon de Briailles Savigny-L\u00e8s-Beaune blanc &#8220;Les Saucours&#8221; sans sulfites ajout\u00e9s AOC 2021 (bio)<\/p>\n<p>The wine comes from the single vineyard Les Saucours. The parcel is located south of Savigny-l\u00e8s-Beaune on the road to Beaune at medium altitude, facing east. With its eight-year-old Chardonnay vines, it covers 0.6 hectares and was planted at a vine density of 10,000 vines per hectare. The yield is around 35 hl\/ha. The soil is characterized by clay and loam on limestone (Marnes blanches). The wine was fermented in foudres and tonneaux, and aged in used barriques and tonneaux for 15 to 18 months on the fine lees. The wine was bottled without the addition of sulfur. <\/p>\n<h5>Info<\/h5>\n<p> The Les Saucours parcel covers 0.5995 hectares and is located on a mixture of limestone and clay. The planting density of this relatively young vineyard (7 years old) is 10,000 vines per hectare. The vineyard currently yields 35 hl. Vinification takes place in barriques (228 l) and demi-muids (600 l). Aging on the lees takes place in the same barrels and lasts 15-18 months. <\/p>\n<h5>Colour<\/h5>\n<p> Sparkling golden yellow with pale green and light reflections. <\/p>\n<h5>Nose<\/h5>\n<p> What a spectacular appearance. Origin, grape variety, character in their purest form. No hint of wood and the corresponding aromatics stands in the way. It appears saline, maritime, and refreshing. Oyster shell, fresh algae, a breeze of sea spray, and wet chalk underscore this. This chalky note harmonizes wonderfully with its earthy, spicy character. Its fruit is still very timid. I would describe it as fresh pear, quince, and persimmon, along with some mango. White pepper and a variety of dried herbs from the spice cabinet stand out again. Oregano, tarragon, sage, and bay leaves clearly characterize it. <\/p>\n<h5>Palate<\/h5>\n<p> It carries precisely these aromas unerringly from the lips to the palate. It is absolutely precise and linear. This completely meets expectations after the first sensory impressions. Full of chalky minerality, it plays proudly and grandly. A fine phenolic structure is clearly reminiscent of Sencha tea, and this Chardonnay benefits greatly from a little more backbone. Its maritime aroma, full of coolness and complexity, dominates the mouth for minutes. It comes across as absolutely salty, leaving no room for the fruit to develop. The finish also thrives on the dried herbs of the nose.<\/p>\n<p>Copyright Vinaturel 2025<\/p>\n<p>Keywords: <a href=\"https:\/\/wein-werte.com\/shop\/?swoof=1&#038;pa_producer=Chandon-de-Briailles\">Chandon de Briailles<\/a> <a href=\"https:\/\/wein-werte.com\/shop\/?swoof=1&#038;woof_text=Savigny-L\u00e8s-Beaune blanc \"Les Saucours\" sans sulfites ajout\u00e9s AOC\">Savigny-L\u00e8s-Beaune blanc &#8220;Les Saucours&#8221; sans sulfites ajout\u00e9s AOC<\/a> 2021 bio <a href=\"https:\/\/wein-werte.com\/shop\/?swoof=1&#038;pa_region=Burgundy\">Burgundy<\/a> <a href=\"https:\/\/wein-werte.com\/shop\/?swoof=1&#038;pa_country=France\">France<\/a><\/p>\n<p>Producer website: <a href=\"http:\/\/www.chandondebriailles.com\/en\/\" target=\"_blank\">http:\/\/www.chandondebriailles.com\/en\/<\/a><\/p>\n","protected":false},"excerpt":{"rendered":"<p>Delivery time: 1 to 2 working days (DE), 2 to 5 working days (EU and CH)<\/p>\n","protected":false},"featured_media":1139161,"template":"","meta":[],"product_brand":[],"product_cat":[19],"product_tag":[],"class_list":{"0":"post-1123145","1":"product","2":"type-product","3":"status-publish","4":"has-post-thumbnail","6":"product_cat-unkategorisiert","7":"pa_alcohol-for-filter-12897","8":"pa_certified-biodynamic-yes","9":"pa_certified-organic-yes","10":"pa_colour-white","11":"pa_country-france","12":"pa_grape-chardonnay","13":"pa_price-for-filter-10622","14":"pa_producer-chandon-de-briailles","15":"pa_region-burgundy","16":"pa_size-ml-6584","17":"pa_sweetness-dry","18":"pa_type-2-still","19":"pa_vintage-6634","20":"entry","21":"has-media","23":"first","24":"instock","25":"taxable","26":"shipping-taxable","27":"purchasable","28":"product-type-simple"},"yoast_head":"<!-- This site is optimized with the Yoast SEO plugin v27.5 - https:\/\/yoast.com\/product\/yoast-seo-wordpress\/ -->\n<title>Chandon de Briailles Savigny-L\u00e8s-Beaune blanc &quot;Les Saucours&quot; 2021<\/title>\n<meta name=\"description\" content=\"Buy Chandon de Briailles Savigny-L\u00e8s-Beaune blanc &quot;Les Saucours&quot; 2021 - a dry Chardonnay from Burgundy, France - at Wein Werte, your sustainable online shop.\" \/>\n<meta name=\"robots\" content=\"index, follow, max-snippet:-1, max-image-preview:large, max-video-preview:-1\" \/>\n<link rel=\"canonical\" href=\"https:\/\/wein-werte.com\/en\/product\/chandon-de-briailles-savigny-les-beaune-blanc-les-saucours-2021-750ml\/\" \/>\n<meta property=\"og:locale\" content=\"en_US\" \/>\n<meta property=\"og:type\" content=\"article\" \/>\n<meta property=\"og:title\" content=\"Chandon de Briailles Savigny-L\u00e8s-Beaune blanc &quot;Les Saucours&quot; 2021\" \/>\n<meta property=\"og:description\" content=\"Buy Chandon de Briailles Savigny-L\u00e8s-Beaune blanc &quot;Les Saucours&quot; 2021 - a dry Chardonnay from Burgundy, France - at Wein Werte, your sustainable online shop.\" \/>\n<meta property=\"og:url\" content=\"https:\/\/wein-werte.com\/en\/product\/chandon-de-briailles-savigny-les-beaune-blanc-les-saucours-2021-750ml\/\" \/>\n<meta property=\"og:site_name\" content=\"Wein Werte\" \/>\n<meta property=\"article:modified_time\" content=\"2026-05-05T16:10:56+00:00\" \/>\n<meta property=\"og:image\" content=\"https:\/\/wein-werte.com\/wp-content\/uploads\/2026\/04\/Chandon-de-Briailles-Savigny-Les-Beaune-blanc-Les-Saucours-2021-750ml.png\" \/>\n\t<meta property=\"og:image:width\" content=\"328\" \/>\n\t<meta property=\"og:image:height\" content=\"1200\" \/>\n\t<meta property=\"og:image:type\" content=\"image\/png\" \/>\n<meta name=\"twitter:card\" content=\"summary_large_image\" \/>\n<meta name=\"twitter:label1\" content=\"Est. reading time\" \/>\n\t<meta name=\"twitter:data1\" content=\"2 minutes\" \/>\n<script type=\"application\/ld+json\" class=\"yoast-schema-graph\">{\"@context\":\"https:\\\/\\\/schema.org\",\"@graph\":[{\"@type\":\"WebPage\",\"@id\":\"https:\\\/\\\/wein-werte.com\\\/en\\\/product\\\/chandon-de-briailles-savigny-les-beaune-blanc-les-saucours-2021-750ml\\\/\",\"url\":\"https:\\\/\\\/wein-werte.com\\\/en\\\/product\\\/chandon-de-briailles-savigny-les-beaune-blanc-les-saucours-2021-750ml\\\/\",\"name\":\"Chandon de Briailles Savigny-L\u00e8s-Beaune blanc \\\"Les Saucours\\\" 2021\",\"isPartOf\":{\"@id\":\"https:\\\/\\\/wein-werte.com\\\/de\\\/#website\"},\"primaryImageOfPage\":{\"@id\":\"https:\\\/\\\/wein-werte.com\\\/en\\\/product\\\/chandon-de-briailles-savigny-les-beaune-blanc-les-saucours-2021-750ml\\\/#primaryimage\"},\"image\":{\"@id\":\"https:\\\/\\\/wein-werte.com\\\/en\\\/product\\\/chandon-de-briailles-savigny-les-beaune-blanc-les-saucours-2021-750ml\\\/#primaryimage\"},\"thumbnailUrl\":\"https:\\\/\\\/wein-werte.com\\\/wp-content\\\/uploads\\\/2026\\\/04\\\/Chandon-de-Briailles-Savigny-Les-Beaune-blanc-Les-Saucours-2021-750ml.png\",\"datePublished\":\"2026-05-05T16:10:55+00:00\",\"dateModified\":\"2026-05-05T16:10:56+00:00\",\"description\":\"Buy Chandon de Briailles Savigny-L\u00e8s-Beaune blanc \\\"Les Saucours\\\" 2021 - a dry Chardonnay from Burgundy, France - at Wein Werte, your sustainable online shop.\",\"breadcrumb\":{\"@id\":\"https:\\\/\\\/wein-werte.com\\\/en\\\/product\\\/chandon-de-briailles-savigny-les-beaune-blanc-les-saucours-2021-750ml\\\/#breadcrumb\"},\"inLanguage\":\"en-US\",\"potentialAction\":[{\"@type\":\"ReadAction\",\"target\":[\"https:\\\/\\\/wein-werte.com\\\/en\\\/product\\\/chandon-de-briailles-savigny-les-beaune-blanc-les-saucours-2021-750ml\\\/\"]}]},{\"@type\":\"ImageObject\",\"inLanguage\":\"en-US\",\"@id\":\"https:\\\/\\\/wein-werte.com\\\/en\\\/product\\\/chandon-de-briailles-savigny-les-beaune-blanc-les-saucours-2021-750ml\\\/#primaryimage\",\"url\":\"https:\\\/\\\/wein-werte.com\\\/wp-content\\\/uploads\\\/2026\\\/04\\\/Chandon-de-Briailles-Savigny-Les-Beaune-blanc-Les-Saucours-2021-750ml.png\",\"contentUrl\":\"https:\\\/\\\/wein-werte.com\\\/wp-content\\\/uploads\\\/2026\\\/04\\\/Chandon-de-Briailles-Savigny-Les-Beaune-blanc-Les-Saucours-2021-750ml.png\",\"width\":328,\"height\":1200,\"caption\":\"Chandon de Briailles Savigny-L\u00e8s-Beaune blanc \\\"Les Saucours\\\" sans sulfites ajout\u00e9s AOC 2021 750ml\"},{\"@type\":\"BreadcrumbList\",\"@id\":\"https:\\\/\\\/wein-werte.com\\\/en\\\/product\\\/chandon-de-briailles-savigny-les-beaune-blanc-les-saucours-2021-750ml\\\/#breadcrumb\",\"itemListElement\":[{\"@type\":\"ListItem\",\"position\":1,\"name\":\"Home\",\"item\":\"https:\\\/\\\/wein-werte.com\\\/en\\\/\"},{\"@type\":\"ListItem\",\"position\":2,\"name\":\"Shop Page\",\"item\":\"https:\\\/\\\/wein-werte.com\\\/en\\\/shop\\\/\"},{\"@type\":\"ListItem\",\"position\":3,\"name\":\"Chandon de Briailles | Burgundy | Savigny-L\u00e8s-Beaune blanc &#8220;Les Saucours&#8221; sans sulfites ajout\u00e9s AOC | 2021 | 750ml | bio\"}]},{\"@type\":\"WebSite\",\"@id\":\"https:\\\/\\\/wein-werte.com\\\/de\\\/#website\",\"url\":\"https:\\\/\\\/wein-werte.com\\\/de\\\/\",\"name\":\"Wein Werte\",\"description\":\"\",\"publisher\":{\"@id\":\"https:\\\/\\\/wein-werte.com\\\/de\\\/#organization\"},\"potentialAction\":[{\"@type\":\"SearchAction\",\"target\":{\"@type\":\"EntryPoint\",\"urlTemplate\":\"https:\\\/\\\/wein-werte.com\\\/de\\\/?s={search_term_string}\"},\"query-input\":{\"@type\":\"PropertyValueSpecification\",\"valueRequired\":true,\"valueName\":\"search_term_string\"}}],\"inLanguage\":\"en-US\"},{\"@type\":\"Organization\",\"@id\":\"https:\\\/\\\/wein-werte.com\\\/de\\\/#organization\",\"name\":\"Vins Fins Thorrold\",\"url\":\"https:\\\/\\\/wein-werte.com\\\/de\\\/\",\"logo\":{\"@type\":\"ImageObject\",\"inLanguage\":\"en-US\",\"@id\":\"https:\\\/\\\/wein-werte.com\\\/de\\\/#\\\/schema\\\/logo\\\/image\\\/\",\"url\":\"https:\\\/\\\/wein-werte.com\\\/wp-content\\\/uploads\\\/2023\\\/07\\\/Wein_werte_Logo700-1.png\",\"contentUrl\":\"https:\\\/\\\/wein-werte.com\\\/wp-content\\\/uploads\\\/2023\\\/07\\\/Wein_werte_Logo700-1.png\",\"width\":700,\"height\":272,\"caption\":\"Vins Fins Thorrold\"},\"image\":{\"@id\":\"https:\\\/\\\/wein-werte.com\\\/de\\\/#\\\/schema\\\/logo\\\/image\\\/\"}}]}<\/script>\n<!-- \/ Yoast SEO plugin. -->","yoast_head_json":{"title":"Chandon de Briailles Savigny-L\u00e8s-Beaune blanc \"Les Saucours\" 2021","description":"Buy Chandon de Briailles Savigny-L\u00e8s-Beaune blanc \"Les Saucours\" 2021 - a dry Chardonnay from Burgundy, France - at Wein Werte, your sustainable online shop.","robots":{"index":"index","follow":"follow","max-snippet":"max-snippet:-1","max-image-preview":"max-image-preview:large","max-video-preview":"max-video-preview:-1"},"canonical":"https:\/\/wein-werte.com\/en\/product\/chandon-de-briailles-savigny-les-beaune-blanc-les-saucours-2021-750ml\/","og_locale":"en_US","og_type":"article","og_title":"Chandon de Briailles Savigny-L\u00e8s-Beaune blanc \"Les Saucours\" 2021","og_description":"Buy Chandon de Briailles Savigny-L\u00e8s-Beaune blanc \"Les Saucours\" 2021 - a dry Chardonnay from Burgundy, France - at Wein Werte, your sustainable online shop.","og_url":"https:\/\/wein-werte.com\/en\/product\/chandon-de-briailles-savigny-les-beaune-blanc-les-saucours-2021-750ml\/","og_site_name":"Wein Werte","article_modified_time":"2026-05-05T16:10:56+00:00","og_image":[{"width":328,"height":1200,"url":"https:\/\/wein-werte.com\/wp-content\/uploads\/2026\/04\/Chandon-de-Briailles-Savigny-Les-Beaune-blanc-Les-Saucours-2021-750ml.png","type":"image\/png"}],"twitter_card":"summary_large_image","twitter_misc":{"Est. reading time":"2 minutes"},"schema":{"@context":"https:\/\/schema.org","@graph":[{"@type":"WebPage","@id":"https:\/\/wein-werte.com\/en\/product\/chandon-de-briailles-savigny-les-beaune-blanc-les-saucours-2021-750ml\/","url":"https:\/\/wein-werte.com\/en\/product\/chandon-de-briailles-savigny-les-beaune-blanc-les-saucours-2021-750ml\/","name":"Chandon de Briailles Savigny-L\u00e8s-Beaune blanc \"Les Saucours\" 2021","isPartOf":{"@id":"https:\/\/wein-werte.com\/de\/#website"},"primaryImageOfPage":{"@id":"https:\/\/wein-werte.com\/en\/product\/chandon-de-briailles-savigny-les-beaune-blanc-les-saucours-2021-750ml\/#primaryimage"},"image":{"@id":"https:\/\/wein-werte.com\/en\/product\/chandon-de-briailles-savigny-les-beaune-blanc-les-saucours-2021-750ml\/#primaryimage"},"thumbnailUrl":"https:\/\/wein-werte.com\/wp-content\/uploads\/2026\/04\/Chandon-de-Briailles-Savigny-Les-Beaune-blanc-Les-Saucours-2021-750ml.png","datePublished":"2026-05-05T16:10:55+00:00","dateModified":"2026-05-05T16:10:56+00:00","description":"Buy Chandon de Briailles Savigny-L\u00e8s-Beaune blanc \"Les Saucours\" 2021 - a dry Chardonnay from Burgundy, France - at Wein Werte, your sustainable online shop.","breadcrumb":{"@id":"https:\/\/wein-werte.com\/en\/product\/chandon-de-briailles-savigny-les-beaune-blanc-les-saucours-2021-750ml\/#breadcrumb"},"inLanguage":"en-US","potentialAction":[{"@type":"ReadAction","target":["https:\/\/wein-werte.com\/en\/product\/chandon-de-briailles-savigny-les-beaune-blanc-les-saucours-2021-750ml\/"]}]},{"@type":"ImageObject","inLanguage":"en-US","@id":"https:\/\/wein-werte.com\/en\/product\/chandon-de-briailles-savigny-les-beaune-blanc-les-saucours-2021-750ml\/#primaryimage","url":"https:\/\/wein-werte.com\/wp-content\/uploads\/2026\/04\/Chandon-de-Briailles-Savigny-Les-Beaune-blanc-Les-Saucours-2021-750ml.png","contentUrl":"https:\/\/wein-werte.com\/wp-content\/uploads\/2026\/04\/Chandon-de-Briailles-Savigny-Les-Beaune-blanc-Les-Saucours-2021-750ml.png","width":328,"height":1200,"caption":"Chandon de Briailles Savigny-L\u00e8s-Beaune blanc \"Les Saucours\" sans sulfites ajout\u00e9s AOC 2021 750ml"},{"@type":"BreadcrumbList","@id":"https:\/\/wein-werte.com\/en\/product\/chandon-de-briailles-savigny-les-beaune-blanc-les-saucours-2021-750ml\/#breadcrumb","itemListElement":[{"@type":"ListItem","position":1,"name":"Home","item":"https:\/\/wein-werte.com\/en\/"},{"@type":"ListItem","position":2,"name":"Shop Page","item":"https:\/\/wein-werte.com\/en\/shop\/"},{"@type":"ListItem","position":3,"name":"Chandon de Briailles | Burgundy | Savigny-L\u00e8s-Beaune blanc &#8220;Les Saucours&#8221; sans sulfites ajout\u00e9s AOC | 2021 | 750ml | bio"}]},{"@type":"WebSite","@id":"https:\/\/wein-werte.com\/de\/#website","url":"https:\/\/wein-werte.com\/de\/","name":"Wein Werte","description":"","publisher":{"@id":"https:\/\/wein-werte.com\/de\/#organization"},"potentialAction":[{"@type":"SearchAction","target":{"@type":"EntryPoint","urlTemplate":"https:\/\/wein-werte.com\/de\/?s={search_term_string}"},"query-input":{"@type":"PropertyValueSpecification","valueRequired":true,"valueName":"search_term_string"}}],"inLanguage":"en-US"},{"@type":"Organization","@id":"https:\/\/wein-werte.com\/de\/#organization","name":"Vins Fins Thorrold","url":"https:\/\/wein-werte.com\/de\/","logo":{"@type":"ImageObject","inLanguage":"en-US","@id":"https:\/\/wein-werte.com\/de\/#\/schema\/logo\/image\/","url":"https:\/\/wein-werte.com\/wp-content\/uploads\/2023\/07\/Wein_werte_Logo700-1.png","contentUrl":"https:\/\/wein-werte.com\/wp-content\/uploads\/2023\/07\/Wein_werte_Logo700-1.png","width":700,"height":272,"caption":"Vins Fins Thorrold"},"image":{"@id":"https:\/\/wein-werte.com\/de\/#\/schema\/logo\/image\/"}}]}},"_links":{"self":[{"href":"https:\/\/wein-werte.com\/en\/wp-json\/wp\/v2\/product\/1123145","targetHints":{"allow":["GET"]}}],"collection":[{"href":"https:\/\/wein-werte.com\/en\/wp-json\/wp\/v2\/product"}],"about":[{"href":"https:\/\/wein-werte.com\/en\/wp-json\/wp\/v2\/types\/product"}],"wp:featuredmedia":[{"embeddable":true,"href":"https:\/\/wein-werte.com\/en\/wp-json\/wp\/v2\/media\/1139161"}],"wp:attachment":[{"href":"https:\/\/wein-werte.com\/en\/wp-json\/wp\/v2\/media?parent=1123145"}],"wp:term":[{"taxonomy":"product_brand","embeddable":true,"href":"https:\/\/wein-werte.com\/en\/wp-json\/wp\/v2\/product_brand?post=1123145"},{"taxonomy":"product_cat","embeddable":true,"href":"https:\/\/wein-werte.com\/en\/wp-json\/wp\/v2\/product_cat?post=1123145"},{"taxonomy":"product_tag","embeddable":true,"href":"https:\/\/wein-werte.com\/en\/wp-json\/wp\/v2\/product_tag?post=1123145"}],"curies":[{"name":"wp","href":"https:\/\/api.w.org\/{rel}","templated":true}]}}