{"id":1123143,"date":"2026-05-12T15:37:47","date_gmt":"2026-05-12T13:37:47","guid":{"rendered":"https:\/\/wein-werte.com\/product\/chandon-de-briailles-pernand-1er-cru-ile-des-vergelesses-la-vie-est-belle-2020-750ml\/"},"modified":"2026-05-13T15:10:22","modified_gmt":"2026-05-13T13:10:22","slug":"chandon-de-briailles-pernand-1er-cru-ile-des-vergelesses-la-vie-est-belle-2020-750ml","status":"publish","type":"product","link":"https:\/\/wein-werte.com\/en\/product\/chandon-de-briailles-pernand-1er-cru-ile-des-vergelesses-la-vie-est-belle-2020-750ml\/","title":{"rendered":"Chandon de Briailles | Burgundy | Pernand 1er Cru &#8220;\u00cele des Vergelesses&#8221; La vie est Belle , Sans Sulfites Ajout\u00e9s AOC | 2020 | 750ml | bio"},"content":{"rendered":"<p>Product description for Chandon de Briailles Pernand 1er Cru &#8220;\u00cele des Vergelesses&#8221; La vie est Belle , Sans Sulfites Ajout\u00e9s AOC 2020 (bio)<\/p>\n<p>Family-owned since 1834, the Chandon de Briailles winery, located in Savigny-l\u00e8s-Beaune, is run by siblings Claude and Fran\u00e7ois de Nicolay. Fran\u00e7ois oversees the 14 hectares of vineyards and sales, while Claude vinifies the wines in the cellar. The estate owns prime parcels in Premier and Grand Cru vineyards such as Aloxe-Corton, Corton-Charlemagne, and \u00cele de Vergelesses. The siblings converted to biodynamic farming in 2005 and had their entire estate certified in 2011. Chardonnay and Pinot Noir are rarely destemmed. The Chardonnay is slowly pressed whole bunches into barriques and tonneaux, while the red grapes are fermented in wooden cuv\u00e9es. The proportion of new wood rarely exceeds 15%. The wines are bottled without filtration, with minimal sulfurization, and in some cases without any sulphur at all, often directly from the barrel.<\/p>\n<p>Copyright Vinaturel 2025<\/p>\n<p>Keywords: <a href=\"https:\/\/wein-werte.com\/shop\/?swoof=1&#038;pa_producer=Chandon-de-Briailles\">Chandon de Briailles<\/a> <a href=\"https:\/\/wein-werte.com\/shop\/?swoof=1&#038;woof_text=Pernand 1er Cru \"\u00cele des Vergelesses\" La vie est Belle , Sans Sulfites Ajout\u00e9s AOC\">Pernand 1er Cru &#8220;\u00cele des Vergelesses&#8221; La vie est Belle , Sans Sulfites Ajout\u00e9s AOC<\/a> 2020 bio <a href=\"https:\/\/wein-werte.com\/shop\/?swoof=1&#038;pa_region=Burgundy\">Burgundy<\/a> <a href=\"https:\/\/wein-werte.com\/shop\/?swoof=1&#038;pa_country=France\">France<\/a><\/p>\n<p>Producer website: <a href=\"http:\/\/www.chandondebriailles.com\/en\/\" target=\"_blank\">http:\/\/www.chandondebriailles.com\/en\/<\/a><\/p>\n","protected":false},"excerpt":{"rendered":"<div style=\"font-size: 14px;\">\n<p>Delivery time: 1 to 2 working days (DE), 2 to 5 working days (EU and CH)<\/p>\n<p>Approximate energy content per 125ml glass: 110 kcal<\/p>\n<\/p><\/div>\n","protected":false},"featured_media":1139153,"template":"","meta":[],"product_brand":[],"product_cat":[19],"product_tag":[],"class_list":{"0":"post-1123143","1":"product","2":"type-product","3":"status-publish","4":"has-post-thumbnail","6":"product_cat-unkategorisiert","7":"pa_alcohol-for-filter-12892","8":"pa_certified-biodynamic-yes","9":"pa_certified-organic-yes","10":"pa_colour-white","11":"pa_country-france","12":"pa_grape-weisburgunder-pinot-blanc","13":"pa_price-for-filter-10646","14":"pa_producer-chandon-de-briailles","15":"pa_region-burgundy","16":"pa_size-ml-6584","17":"pa_sweetness-dry","18":"pa_type-2-still","19":"pa_vintage-6599","20":"entry","21":"has-media","23":"first","24":"instock","25":"taxable","26":"shipping-taxable","27":"purchasable","28":"product-type-simple"},"yoast_head":"<!-- This site is optimized with the Yoast SEO plugin v27.6 - https:\/\/yoast.com\/product\/yoast-seo-wordpress\/ -->\n<title>Chandon de Briailles Pernand 1er Cru &quot;\u00cele des Vergelesses&quot; La vie est Belle 2020 750ml<\/title>\n<meta name=\"description\" content=\"Buy Chandon de Briailles Pernand 1er Cru &quot;\u00cele des Vergelesses&quot; La vie est Belle 2020 - a dry Wei\u00dfburgunder from Burgundy, France - at Wein Werte, your sustainable online shop.\" \/>\n<meta name=\"robots\" content=\"index, follow, max-snippet:-1, max-image-preview:large, max-video-preview:-1\" \/>\n<link rel=\"canonical\" href=\"https:\/\/wein-werte.com\/en\/product\/chandon-de-briailles-pernand-1er-cru-ile-des-vergelesses-la-vie-est-belle-2020-750ml\/\" \/>\n<meta property=\"og:locale\" content=\"en_US\" \/>\n<meta property=\"og:type\" content=\"article\" \/>\n<meta property=\"og:title\" content=\"Chandon de Briailles Pernand 1er Cru &quot;\u00cele des Vergelesses&quot; La vie est Belle 2020 750ml\" \/>\n<meta property=\"og:description\" content=\"Buy Chandon de Briailles Pernand 1er Cru &quot;\u00cele des Vergelesses&quot; La vie est Belle 2020 - a dry Wei\u00dfburgunder from Burgundy, France - at Wein Werte, your sustainable online shop.\" \/>\n<meta property=\"og:url\" content=\"https:\/\/wein-werte.com\/en\/product\/chandon-de-briailles-pernand-1er-cru-ile-des-vergelesses-la-vie-est-belle-2020-750ml\/\" \/>\n<meta property=\"og:site_name\" content=\"Wein Werte\" \/>\n<meta property=\"article:modified_time\" content=\"2026-05-13T13:10:22+00:00\" \/>\n<meta property=\"og:image\" content=\"https:\/\/wein-werte.com\/wp-content\/uploads\/2026\/04\/Chandon-de-Briailles-Pernand-1er-Cru-Ile-des-Vergelesses-La-vie-est-Belle-2020-750ml.png\" \/>\n\t<meta property=\"og:image:width\" content=\"331\" \/>\n\t<meta property=\"og:image:height\" content=\"1200\" \/>\n\t<meta property=\"og:image:type\" content=\"image\/png\" \/>\n<meta name=\"twitter:card\" content=\"summary_large_image\" \/>\n<meta name=\"twitter:label1\" content=\"Est. reading time\" \/>\n\t<meta name=\"twitter:data1\" content=\"1 minute\" \/>\n<script type=\"application\/ld+json\" class=\"yoast-schema-graph\">{\"@context\":\"https:\\\/\\\/schema.org\",\"@graph\":[{\"@type\":\"WebPage\",\"@id\":\"https:\\\/\\\/wein-werte.com\\\/en\\\/product\\\/chandon-de-briailles-pernand-1er-cru-ile-des-vergelesses-la-vie-est-belle-2020-750ml\\\/\",\"url\":\"https:\\\/\\\/wein-werte.com\\\/en\\\/product\\\/chandon-de-briailles-pernand-1er-cru-ile-des-vergelesses-la-vie-est-belle-2020-750ml\\\/\",\"name\":\"Chandon de Briailles Pernand 1er Cru \\\"\u00cele des Vergelesses\\\" La vie est Belle 2020 750ml\",\"isPartOf\":{\"@id\":\"https:\\\/\\\/wein-werte.com\\\/de\\\/#website\"},\"primaryImageOfPage\":{\"@id\":\"https:\\\/\\\/wein-werte.com\\\/en\\\/product\\\/chandon-de-briailles-pernand-1er-cru-ile-des-vergelesses-la-vie-est-belle-2020-750ml\\\/#primaryimage\"},\"image\":{\"@id\":\"https:\\\/\\\/wein-werte.com\\\/en\\\/product\\\/chandon-de-briailles-pernand-1er-cru-ile-des-vergelesses-la-vie-est-belle-2020-750ml\\\/#primaryimage\"},\"thumbnailUrl\":\"https:\\\/\\\/wein-werte.com\\\/wp-content\\\/uploads\\\/2026\\\/04\\\/Chandon-de-Briailles-Pernand-1er-Cru-Ile-des-Vergelesses-La-vie-est-Belle-2020-750ml.png\",\"datePublished\":\"2026-05-12T13:37:47+00:00\",\"dateModified\":\"2026-05-13T13:10:22+00:00\",\"description\":\"Buy Chandon de Briailles Pernand 1er Cru \\\"\u00cele des Vergelesses\\\" La vie est Belle 2020 - a dry Wei\u00dfburgunder from Burgundy, France - at Wein Werte, your sustainable online shop.\",\"breadcrumb\":{\"@id\":\"https:\\\/\\\/wein-werte.com\\\/en\\\/product\\\/chandon-de-briailles-pernand-1er-cru-ile-des-vergelesses-la-vie-est-belle-2020-750ml\\\/#breadcrumb\"},\"inLanguage\":\"en-US\",\"potentialAction\":[{\"@type\":\"ReadAction\",\"target\":[\"https:\\\/\\\/wein-werte.com\\\/en\\\/product\\\/chandon-de-briailles-pernand-1er-cru-ile-des-vergelesses-la-vie-est-belle-2020-750ml\\\/\"]}]},{\"@type\":\"ImageObject\",\"inLanguage\":\"en-US\",\"@id\":\"https:\\\/\\\/wein-werte.com\\\/en\\\/product\\\/chandon-de-briailles-pernand-1er-cru-ile-des-vergelesses-la-vie-est-belle-2020-750ml\\\/#primaryimage\",\"url\":\"https:\\\/\\\/wein-werte.com\\\/wp-content\\\/uploads\\\/2026\\\/04\\\/Chandon-de-Briailles-Pernand-1er-Cru-Ile-des-Vergelesses-La-vie-est-Belle-2020-750ml.png\",\"contentUrl\":\"https:\\\/\\\/wein-werte.com\\\/wp-content\\\/uploads\\\/2026\\\/04\\\/Chandon-de-Briailles-Pernand-1er-Cru-Ile-des-Vergelesses-La-vie-est-Belle-2020-750ml.png\",\"width\":331,\"height\":1200,\"caption\":\"Chandon de Briailles Pernand 1er Cru \\\"\u00cele des Vergelesses\\\" La vie est Belle, sans sulfites ajout\u00e9s AOC 2020 750ml\"},{\"@type\":\"BreadcrumbList\",\"@id\":\"https:\\\/\\\/wein-werte.com\\\/en\\\/product\\\/chandon-de-briailles-pernand-1er-cru-ile-des-vergelesses-la-vie-est-belle-2020-750ml\\\/#breadcrumb\",\"itemListElement\":[{\"@type\":\"ListItem\",\"position\":1,\"name\":\"Home\",\"item\":\"https:\\\/\\\/wein-werte.com\\\/en\\\/\"},{\"@type\":\"ListItem\",\"position\":2,\"name\":\"Shop Page\",\"item\":\"https:\\\/\\\/wein-werte.com\\\/en\\\/shop\\\/\"},{\"@type\":\"ListItem\",\"position\":3,\"name\":\"Chandon de Briailles | Burgundy | Pernand 1er Cru &#8220;\u00cele des Vergelesses&#8221; La vie est Belle , Sans Sulfites Ajout\u00e9s AOC | 2020 | 750ml | bio\"}]},{\"@type\":\"WebSite\",\"@id\":\"https:\\\/\\\/wein-werte.com\\\/de\\\/#website\",\"url\":\"https:\\\/\\\/wein-werte.com\\\/de\\\/\",\"name\":\"Wein Werte\",\"description\":\"\",\"publisher\":{\"@id\":\"https:\\\/\\\/wein-werte.com\\\/de\\\/#organization\"},\"potentialAction\":[{\"@type\":\"SearchAction\",\"target\":{\"@type\":\"EntryPoint\",\"urlTemplate\":\"https:\\\/\\\/wein-werte.com\\\/de\\\/?s={search_term_string}\"},\"query-input\":{\"@type\":\"PropertyValueSpecification\",\"valueRequired\":true,\"valueName\":\"search_term_string\"}}],\"inLanguage\":\"en-US\"},{\"@type\":\"Organization\",\"@id\":\"https:\\\/\\\/wein-werte.com\\\/de\\\/#organization\",\"name\":\"Vins Fins Thorrold\",\"url\":\"https:\\\/\\\/wein-werte.com\\\/de\\\/\",\"logo\":{\"@type\":\"ImageObject\",\"inLanguage\":\"en-US\",\"@id\":\"https:\\\/\\\/wein-werte.com\\\/de\\\/#\\\/schema\\\/logo\\\/image\\\/\",\"url\":\"https:\\\/\\\/wein-werte.com\\\/wp-content\\\/uploads\\\/2023\\\/07\\\/Wein_werte_Logo700-1.png\",\"contentUrl\":\"https:\\\/\\\/wein-werte.com\\\/wp-content\\\/uploads\\\/2023\\\/07\\\/Wein_werte_Logo700-1.png\",\"width\":700,\"height\":272,\"caption\":\"Vins Fins Thorrold\"},\"image\":{\"@id\":\"https:\\\/\\\/wein-werte.com\\\/de\\\/#\\\/schema\\\/logo\\\/image\\\/\"}}]}<\/script>\n<!-- \/ Yoast SEO plugin. -->","yoast_head_json":{"title":"Chandon de Briailles Pernand 1er Cru \"\u00cele des Vergelesses\" La vie est Belle 2020 750ml","description":"Buy Chandon de Briailles Pernand 1er Cru \"\u00cele des Vergelesses\" La vie est Belle 2020 - a dry Wei\u00dfburgunder from Burgundy, France - at Wein Werte, your sustainable online shop.","robots":{"index":"index","follow":"follow","max-snippet":"max-snippet:-1","max-image-preview":"max-image-preview:large","max-video-preview":"max-video-preview:-1"},"canonical":"https:\/\/wein-werte.com\/en\/product\/chandon-de-briailles-pernand-1er-cru-ile-des-vergelesses-la-vie-est-belle-2020-750ml\/","og_locale":"en_US","og_type":"article","og_title":"Chandon de Briailles Pernand 1er Cru \"\u00cele des Vergelesses\" La vie est Belle 2020 750ml","og_description":"Buy Chandon de Briailles Pernand 1er Cru \"\u00cele des Vergelesses\" La vie est Belle 2020 - a dry Wei\u00dfburgunder from Burgundy, France - at Wein Werte, your sustainable online shop.","og_url":"https:\/\/wein-werte.com\/en\/product\/chandon-de-briailles-pernand-1er-cru-ile-des-vergelesses-la-vie-est-belle-2020-750ml\/","og_site_name":"Wein Werte","article_modified_time":"2026-05-13T13:10:22+00:00","og_image":[{"width":331,"height":1200,"url":"https:\/\/wein-werte.com\/wp-content\/uploads\/2026\/04\/Chandon-de-Briailles-Pernand-1er-Cru-Ile-des-Vergelesses-La-vie-est-Belle-2020-750ml.png","type":"image\/png"}],"twitter_card":"summary_large_image","twitter_misc":{"Est. reading time":"1 minute"},"schema":{"@context":"https:\/\/schema.org","@graph":[{"@type":"WebPage","@id":"https:\/\/wein-werte.com\/en\/product\/chandon-de-briailles-pernand-1er-cru-ile-des-vergelesses-la-vie-est-belle-2020-750ml\/","url":"https:\/\/wein-werte.com\/en\/product\/chandon-de-briailles-pernand-1er-cru-ile-des-vergelesses-la-vie-est-belle-2020-750ml\/","name":"Chandon de Briailles Pernand 1er Cru \"\u00cele des Vergelesses\" La vie est Belle 2020 750ml","isPartOf":{"@id":"https:\/\/wein-werte.com\/de\/#website"},"primaryImageOfPage":{"@id":"https:\/\/wein-werte.com\/en\/product\/chandon-de-briailles-pernand-1er-cru-ile-des-vergelesses-la-vie-est-belle-2020-750ml\/#primaryimage"},"image":{"@id":"https:\/\/wein-werte.com\/en\/product\/chandon-de-briailles-pernand-1er-cru-ile-des-vergelesses-la-vie-est-belle-2020-750ml\/#primaryimage"},"thumbnailUrl":"https:\/\/wein-werte.com\/wp-content\/uploads\/2026\/04\/Chandon-de-Briailles-Pernand-1er-Cru-Ile-des-Vergelesses-La-vie-est-Belle-2020-750ml.png","datePublished":"2026-05-12T13:37:47+00:00","dateModified":"2026-05-13T13:10:22+00:00","description":"Buy Chandon de Briailles Pernand 1er Cru \"\u00cele des Vergelesses\" La vie est Belle 2020 - a dry Wei\u00dfburgunder from Burgundy, France - at Wein Werte, your sustainable online shop.","breadcrumb":{"@id":"https:\/\/wein-werte.com\/en\/product\/chandon-de-briailles-pernand-1er-cru-ile-des-vergelesses-la-vie-est-belle-2020-750ml\/#breadcrumb"},"inLanguage":"en-US","potentialAction":[{"@type":"ReadAction","target":["https:\/\/wein-werte.com\/en\/product\/chandon-de-briailles-pernand-1er-cru-ile-des-vergelesses-la-vie-est-belle-2020-750ml\/"]}]},{"@type":"ImageObject","inLanguage":"en-US","@id":"https:\/\/wein-werte.com\/en\/product\/chandon-de-briailles-pernand-1er-cru-ile-des-vergelesses-la-vie-est-belle-2020-750ml\/#primaryimage","url":"https:\/\/wein-werte.com\/wp-content\/uploads\/2026\/04\/Chandon-de-Briailles-Pernand-1er-Cru-Ile-des-Vergelesses-La-vie-est-Belle-2020-750ml.png","contentUrl":"https:\/\/wein-werte.com\/wp-content\/uploads\/2026\/04\/Chandon-de-Briailles-Pernand-1er-Cru-Ile-des-Vergelesses-La-vie-est-Belle-2020-750ml.png","width":331,"height":1200,"caption":"Chandon de Briailles Pernand 1er Cru \"\u00cele des Vergelesses\" La vie est Belle, sans sulfites ajout\u00e9s AOC 2020 750ml"},{"@type":"BreadcrumbList","@id":"https:\/\/wein-werte.com\/en\/product\/chandon-de-briailles-pernand-1er-cru-ile-des-vergelesses-la-vie-est-belle-2020-750ml\/#breadcrumb","itemListElement":[{"@type":"ListItem","position":1,"name":"Home","item":"https:\/\/wein-werte.com\/en\/"},{"@type":"ListItem","position":2,"name":"Shop Page","item":"https:\/\/wein-werte.com\/en\/shop\/"},{"@type":"ListItem","position":3,"name":"Chandon de Briailles | Burgundy | Pernand 1er Cru &#8220;\u00cele des Vergelesses&#8221; La vie est Belle , Sans Sulfites Ajout\u00e9s AOC | 2020 | 750ml | bio"}]},{"@type":"WebSite","@id":"https:\/\/wein-werte.com\/de\/#website","url":"https:\/\/wein-werte.com\/de\/","name":"Wein Werte","description":"","publisher":{"@id":"https:\/\/wein-werte.com\/de\/#organization"},"potentialAction":[{"@type":"SearchAction","target":{"@type":"EntryPoint","urlTemplate":"https:\/\/wein-werte.com\/de\/?s={search_term_string}"},"query-input":{"@type":"PropertyValueSpecification","valueRequired":true,"valueName":"search_term_string"}}],"inLanguage":"en-US"},{"@type":"Organization","@id":"https:\/\/wein-werte.com\/de\/#organization","name":"Vins Fins Thorrold","url":"https:\/\/wein-werte.com\/de\/","logo":{"@type":"ImageObject","inLanguage":"en-US","@id":"https:\/\/wein-werte.com\/de\/#\/schema\/logo\/image\/","url":"https:\/\/wein-werte.com\/wp-content\/uploads\/2023\/07\/Wein_werte_Logo700-1.png","contentUrl":"https:\/\/wein-werte.com\/wp-content\/uploads\/2023\/07\/Wein_werte_Logo700-1.png","width":700,"height":272,"caption":"Vins Fins Thorrold"},"image":{"@id":"https:\/\/wein-werte.com\/de\/#\/schema\/logo\/image\/"}}]}},"_links":{"self":[{"href":"https:\/\/wein-werte.com\/en\/wp-json\/wp\/v2\/product\/1123143","targetHints":{"allow":["GET"]}}],"collection":[{"href":"https:\/\/wein-werte.com\/en\/wp-json\/wp\/v2\/product"}],"about":[{"href":"https:\/\/wein-werte.com\/en\/wp-json\/wp\/v2\/types\/product"}],"wp:featuredmedia":[{"embeddable":true,"href":"https:\/\/wein-werte.com\/en\/wp-json\/wp\/v2\/media\/1139153"}],"wp:attachment":[{"href":"https:\/\/wein-werte.com\/en\/wp-json\/wp\/v2\/media?parent=1123143"}],"wp:term":[{"taxonomy":"product_brand","embeddable":true,"href":"https:\/\/wein-werte.com\/en\/wp-json\/wp\/v2\/product_brand?post=1123143"},{"taxonomy":"product_cat","embeddable":true,"href":"https:\/\/wein-werte.com\/en\/wp-json\/wp\/v2\/product_cat?post=1123143"},{"taxonomy":"product_tag","embeddable":true,"href":"https:\/\/wein-werte.com\/en\/wp-json\/wp\/v2\/product_tag?post=1123143"}],"curies":[{"name":"wp","href":"https:\/\/api.w.org\/{rel}","templated":true}]}}