{"id":1123140,"date":"2026-05-08T19:56:24","date_gmt":"2026-05-08T17:56:24","guid":{"rendered":"https:\/\/wein-werte.com\/product\/chandon-de-briailles-savigny-les-beaune-blanc-les-saucours-2020-750ml\/"},"modified":"2026-05-08T19:56:25","modified_gmt":"2026-05-08T17:56:25","slug":"chandon-de-briailles-savigny-les-beaune-blanc-les-saucours-2020-750ml","status":"publish","type":"product","link":"https:\/\/wein-werte.com\/en\/product\/chandon-de-briailles-savigny-les-beaune-blanc-les-saucours-2020-750ml\/","title":{"rendered":"Chandon de Briailles | Burgundy | Savigny-L\u00e8s-Beaune blanc &#8220;Les Saucours&#8221; sans sulfites ajout\u00e9s AOC | 2020 | 750ml | bio"},"content":{"rendered":"<p>Product description for Chandon de Briailles Savigny-L\u00e8s-Beaune blanc &#8220;Les Saucours&#8221; sans sulfites ajout\u00e9s AOC 2020 (bio)<\/p>\n<p>The wine comes from the single vineyard Les Saucours. The parcel is located south of Savigny-l\u00e8s-Beaune on the road to Beaune at medium altitude, facing east. With its eight-year-old Chardonnay vines, it covers 0.6 hectares and was planted with a vine density of 10,000 vines per hectare. The yield is around 35 hl\/ha. The soil is characterized by clay and loam on limestone (Marnes blanches). The wine was fermented in foudres and tonneaux, and aged in used barriques and tonneaux for 15 to 18 months on the fine lees. The wine was bottled without the addition of sulfur. <\/p>\n<h5>Information about the wine<\/h5>\n<p> The wine comes from the single vineyard Les Saucours. The parcel is located south of Savigny-l\u00e8s-Beaune on the road to Beaune at medium altitude, facing east. With its seven-year-old Chardonnay vines, it covers 0.6 hectares and was planted with a vine density of 10,000 vines per hectare. The yield is 35 hl\/ha. The soil is characterized by clay and loam on limestone (marnes blanches). The wine was fermented in foudres and tonneaux, and aged on the fine lees in used barriques and tonneaux for 15 to 18 months. The Chardonnay was pressed in whole bunches. <\/p>\n<h5>Colour<\/h5>\n<p> Medium straw yellow <\/p>\n<h5>Nose<\/h5>\n<p> The white Savigny from the Climat Les Saucours is a delicate yet intense wine that opens with a slight reduction. It then takes on a increasingly creamy and silky character with notes of yellow pome and stone fruit, clover and verbena, ripe lemons, and a hint of patisserie. <\/p>\n<h5>Palate<\/h5>\n<p> On the palate, Les Saucours is juicy, with delicate yellow fruit accompanied by an inviting yeasty sweetness. Its texture and acidity are pleasantly elegant, mouthwatering in its minerality and salinity, and at the same time pleasantly slender, almost delicate, despite its remarkable inner density.<\/p>\n<p>Copyright Vinaturel 2025<\/p>\n<p>Keywords: <a href=\"https:\/\/wein-werte.com\/shop\/?swoof=1&#038;pa_producer=Chandon-de-Briailles\">Chandon de Briailles<\/a> <a href=\"https:\/\/wein-werte.com\/shop\/?swoof=1&#038;woof_text=Savigny-L\u00e8s-Beaune blanc \"Les Saucours\" sans sulfites ajout\u00e9s AOC\">Savigny-L\u00e8s-Beaune blanc &#8220;Les Saucours&#8221; sans sulfites ajout\u00e9s AOC<\/a> 2020 bio <a href=\"https:\/\/wein-werte.com\/shop\/?swoof=1&#038;pa_region=Burgundy\">Burgundy<\/a> <a href=\"https:\/\/wein-werte.com\/shop\/?swoof=1&#038;pa_country=France\">France<\/a><\/p>\n<h3>Wine Advocate<\/h3>\n<p>Score: 90<\/p>\n<p>Exhibiting aromas of pear, ripe citrus fruits and freshly baked bread, the 2020 Savigny-l\u00e8s-Beaune Les Saucours Blanc is medium to full-bodied, ample and incisive, with a fleshy core of fruit and chalky backend grip.<br \/>William Kelley<\/p>\n<p>Producer website: <a href=\"http:\/\/www.chandondebriailles.com\/en\/\" target=\"_blank\">http:\/\/www.chandondebriailles.com\/en\/<\/a><\/p>\n","protected":false},"excerpt":{"rendered":"<p>Delivery time: 1 to 2 working days (DE), 2 to 5 working days (EU and CH)<\/p>\n","protected":false},"featured_media":1139143,"template":"","meta":[],"product_brand":[],"product_cat":[19],"product_tag":[],"class_list":{"0":"post-1123140","1":"product","2":"type-product","3":"status-publish","4":"has-post-thumbnail","6":"product_cat-unkategorisiert","7":"pa_alcohol-for-filter-12-5","8":"pa_certified-biodynamic-yes","9":"pa_certified-organic-yes","10":"pa_colour-white","11":"pa_country-france","12":"pa_grape-chardonnay","13":"pa_parker-points-for-filter-16156","14":"pa_price-for-filter-10594","15":"pa_producer-chandon-de-briailles","16":"pa_region-burgundy","17":"pa_size-ml-6584","18":"pa_sweetness-dry","19":"pa_type-2-still","20":"pa_vintage-6599","21":"entry","22":"has-media","24":"first","25":"instock","26":"taxable","27":"shipping-taxable","28":"purchasable","29":"product-type-simple"},"yoast_head":"<!-- This site is optimized with the Yoast SEO plugin v27.5 - https:\/\/yoast.com\/product\/yoast-seo-wordpress\/ -->\n<title>Chandon de Briailles Savigny-L\u00e8s-Beaune blanc &quot;Les Saucours&quot; 2020<\/title>\n<meta name=\"description\" content=\"Buy Chandon de Briailles Savigny-L\u00e8s-Beaune blanc &quot;Les Saucours&quot; 2020 - a dry Chardonnay from Burgundy, France - at Wein Werte, your sustainable online shop.\" \/>\n<meta name=\"robots\" content=\"index, follow, max-snippet:-1, max-image-preview:large, max-video-preview:-1\" \/>\n<link rel=\"canonical\" href=\"https:\/\/wein-werte.com\/en\/product\/chandon-de-briailles-savigny-les-beaune-blanc-les-saucours-2020-750ml\/\" \/>\n<meta property=\"og:locale\" content=\"en_US\" \/>\n<meta property=\"og:type\" content=\"article\" \/>\n<meta property=\"og:title\" content=\"Chandon de Briailles Savigny-L\u00e8s-Beaune blanc &quot;Les Saucours&quot; 2020\" \/>\n<meta property=\"og:description\" content=\"Buy Chandon de Briailles Savigny-L\u00e8s-Beaune blanc &quot;Les Saucours&quot; 2020 - a dry Chardonnay from Burgundy, France - at Wein Werte, your sustainable online shop.\" \/>\n<meta property=\"og:url\" content=\"https:\/\/wein-werte.com\/en\/product\/chandon-de-briailles-savigny-les-beaune-blanc-les-saucours-2020-750ml\/\" \/>\n<meta property=\"og:site_name\" content=\"Wein Werte\" \/>\n<meta property=\"article:modified_time\" content=\"2026-05-08T17:56:25+00:00\" \/>\n<meta property=\"og:image\" content=\"https:\/\/wein-werte.com\/wp-content\/uploads\/2026\/04\/Chandon-de-Briailles-Savigny-Les-Beaune-blanc-Les-Saucours-2020-750ml.png\" \/>\n\t<meta property=\"og:image:width\" content=\"338\" \/>\n\t<meta property=\"og:image:height\" content=\"1200\" \/>\n\t<meta property=\"og:image:type\" content=\"image\/png\" \/>\n<meta name=\"twitter:card\" content=\"summary_large_image\" \/>\n<meta name=\"twitter:label1\" content=\"Est. reading time\" \/>\n\t<meta name=\"twitter:data1\" content=\"2 minutes\" \/>\n<script type=\"application\/ld+json\" class=\"yoast-schema-graph\">{\"@context\":\"https:\\\/\\\/schema.org\",\"@graph\":[{\"@type\":\"WebPage\",\"@id\":\"https:\\\/\\\/wein-werte.com\\\/en\\\/product\\\/chandon-de-briailles-savigny-les-beaune-blanc-les-saucours-2020-750ml\\\/\",\"url\":\"https:\\\/\\\/wein-werte.com\\\/en\\\/product\\\/chandon-de-briailles-savigny-les-beaune-blanc-les-saucours-2020-750ml\\\/\",\"name\":\"Chandon de Briailles Savigny-L\u00e8s-Beaune blanc \\\"Les Saucours\\\" 2020\",\"isPartOf\":{\"@id\":\"https:\\\/\\\/wein-werte.com\\\/de\\\/#website\"},\"primaryImageOfPage\":{\"@id\":\"https:\\\/\\\/wein-werte.com\\\/en\\\/product\\\/chandon-de-briailles-savigny-les-beaune-blanc-les-saucours-2020-750ml\\\/#primaryimage\"},\"image\":{\"@id\":\"https:\\\/\\\/wein-werte.com\\\/en\\\/product\\\/chandon-de-briailles-savigny-les-beaune-blanc-les-saucours-2020-750ml\\\/#primaryimage\"},\"thumbnailUrl\":\"https:\\\/\\\/wein-werte.com\\\/wp-content\\\/uploads\\\/2026\\\/04\\\/Chandon-de-Briailles-Savigny-Les-Beaune-blanc-Les-Saucours-2020-750ml.png\",\"datePublished\":\"2026-05-08T17:56:24+00:00\",\"dateModified\":\"2026-05-08T17:56:25+00:00\",\"description\":\"Buy Chandon de Briailles Savigny-L\u00e8s-Beaune blanc \\\"Les Saucours\\\" 2020 - a dry Chardonnay from Burgundy, France - at Wein Werte, your sustainable online shop.\",\"breadcrumb\":{\"@id\":\"https:\\\/\\\/wein-werte.com\\\/en\\\/product\\\/chandon-de-briailles-savigny-les-beaune-blanc-les-saucours-2020-750ml\\\/#breadcrumb\"},\"inLanguage\":\"en-US\",\"potentialAction\":[{\"@type\":\"ReadAction\",\"target\":[\"https:\\\/\\\/wein-werte.com\\\/en\\\/product\\\/chandon-de-briailles-savigny-les-beaune-blanc-les-saucours-2020-750ml\\\/\"]}]},{\"@type\":\"ImageObject\",\"inLanguage\":\"en-US\",\"@id\":\"https:\\\/\\\/wein-werte.com\\\/en\\\/product\\\/chandon-de-briailles-savigny-les-beaune-blanc-les-saucours-2020-750ml\\\/#primaryimage\",\"url\":\"https:\\\/\\\/wein-werte.com\\\/wp-content\\\/uploads\\\/2026\\\/04\\\/Chandon-de-Briailles-Savigny-Les-Beaune-blanc-Les-Saucours-2020-750ml.png\",\"contentUrl\":\"https:\\\/\\\/wein-werte.com\\\/wp-content\\\/uploads\\\/2026\\\/04\\\/Chandon-de-Briailles-Savigny-Les-Beaune-blanc-Les-Saucours-2020-750ml.png\",\"width\":338,\"height\":1200,\"caption\":\"Chandon de Briailles Savigny-L\u00e8s-Beaune blanc \\\"Les Saucours\\\" sans sulfites ajout\u00e9s AOC 2020 750ml\"},{\"@type\":\"BreadcrumbList\",\"@id\":\"https:\\\/\\\/wein-werte.com\\\/en\\\/product\\\/chandon-de-briailles-savigny-les-beaune-blanc-les-saucours-2020-750ml\\\/#breadcrumb\",\"itemListElement\":[{\"@type\":\"ListItem\",\"position\":1,\"name\":\"Home\",\"item\":\"https:\\\/\\\/wein-werte.com\\\/en\\\/\"},{\"@type\":\"ListItem\",\"position\":2,\"name\":\"Shop Page\",\"item\":\"https:\\\/\\\/wein-werte.com\\\/en\\\/shop\\\/\"},{\"@type\":\"ListItem\",\"position\":3,\"name\":\"Chandon de Briailles | Burgundy | Savigny-L\u00e8s-Beaune blanc &#8220;Les Saucours&#8221; sans sulfites ajout\u00e9s AOC | 2020 | 750ml | bio\"}]},{\"@type\":\"WebSite\",\"@id\":\"https:\\\/\\\/wein-werte.com\\\/de\\\/#website\",\"url\":\"https:\\\/\\\/wein-werte.com\\\/de\\\/\",\"name\":\"Wein Werte\",\"description\":\"\",\"publisher\":{\"@id\":\"https:\\\/\\\/wein-werte.com\\\/de\\\/#organization\"},\"potentialAction\":[{\"@type\":\"SearchAction\",\"target\":{\"@type\":\"EntryPoint\",\"urlTemplate\":\"https:\\\/\\\/wein-werte.com\\\/de\\\/?s={search_term_string}\"},\"query-input\":{\"@type\":\"PropertyValueSpecification\",\"valueRequired\":true,\"valueName\":\"search_term_string\"}}],\"inLanguage\":\"en-US\"},{\"@type\":\"Organization\",\"@id\":\"https:\\\/\\\/wein-werte.com\\\/de\\\/#organization\",\"name\":\"Vins Fins Thorrold\",\"url\":\"https:\\\/\\\/wein-werte.com\\\/de\\\/\",\"logo\":{\"@type\":\"ImageObject\",\"inLanguage\":\"en-US\",\"@id\":\"https:\\\/\\\/wein-werte.com\\\/de\\\/#\\\/schema\\\/logo\\\/image\\\/\",\"url\":\"https:\\\/\\\/wein-werte.com\\\/wp-content\\\/uploads\\\/2023\\\/07\\\/Wein_werte_Logo700-1.png\",\"contentUrl\":\"https:\\\/\\\/wein-werte.com\\\/wp-content\\\/uploads\\\/2023\\\/07\\\/Wein_werte_Logo700-1.png\",\"width\":700,\"height\":272,\"caption\":\"Vins Fins Thorrold\"},\"image\":{\"@id\":\"https:\\\/\\\/wein-werte.com\\\/de\\\/#\\\/schema\\\/logo\\\/image\\\/\"}}]}<\/script>\n<!-- \/ Yoast SEO plugin. -->","yoast_head_json":{"title":"Chandon de Briailles Savigny-L\u00e8s-Beaune blanc \"Les Saucours\" 2020","description":"Buy Chandon de Briailles Savigny-L\u00e8s-Beaune blanc \"Les Saucours\" 2020 - a dry Chardonnay from Burgundy, France - at Wein Werte, your sustainable online shop.","robots":{"index":"index","follow":"follow","max-snippet":"max-snippet:-1","max-image-preview":"max-image-preview:large","max-video-preview":"max-video-preview:-1"},"canonical":"https:\/\/wein-werte.com\/en\/product\/chandon-de-briailles-savigny-les-beaune-blanc-les-saucours-2020-750ml\/","og_locale":"en_US","og_type":"article","og_title":"Chandon de Briailles Savigny-L\u00e8s-Beaune blanc \"Les Saucours\" 2020","og_description":"Buy Chandon de Briailles Savigny-L\u00e8s-Beaune blanc \"Les Saucours\" 2020 - a dry Chardonnay from Burgundy, France - at Wein Werte, your sustainable online shop.","og_url":"https:\/\/wein-werte.com\/en\/product\/chandon-de-briailles-savigny-les-beaune-blanc-les-saucours-2020-750ml\/","og_site_name":"Wein Werte","article_modified_time":"2026-05-08T17:56:25+00:00","og_image":[{"width":338,"height":1200,"url":"https:\/\/wein-werte.com\/wp-content\/uploads\/2026\/04\/Chandon-de-Briailles-Savigny-Les-Beaune-blanc-Les-Saucours-2020-750ml.png","type":"image\/png"}],"twitter_card":"summary_large_image","twitter_misc":{"Est. reading time":"2 minutes"},"schema":{"@context":"https:\/\/schema.org","@graph":[{"@type":"WebPage","@id":"https:\/\/wein-werte.com\/en\/product\/chandon-de-briailles-savigny-les-beaune-blanc-les-saucours-2020-750ml\/","url":"https:\/\/wein-werte.com\/en\/product\/chandon-de-briailles-savigny-les-beaune-blanc-les-saucours-2020-750ml\/","name":"Chandon de Briailles Savigny-L\u00e8s-Beaune blanc \"Les Saucours\" 2020","isPartOf":{"@id":"https:\/\/wein-werte.com\/de\/#website"},"primaryImageOfPage":{"@id":"https:\/\/wein-werte.com\/en\/product\/chandon-de-briailles-savigny-les-beaune-blanc-les-saucours-2020-750ml\/#primaryimage"},"image":{"@id":"https:\/\/wein-werte.com\/en\/product\/chandon-de-briailles-savigny-les-beaune-blanc-les-saucours-2020-750ml\/#primaryimage"},"thumbnailUrl":"https:\/\/wein-werte.com\/wp-content\/uploads\/2026\/04\/Chandon-de-Briailles-Savigny-Les-Beaune-blanc-Les-Saucours-2020-750ml.png","datePublished":"2026-05-08T17:56:24+00:00","dateModified":"2026-05-08T17:56:25+00:00","description":"Buy Chandon de Briailles Savigny-L\u00e8s-Beaune blanc \"Les Saucours\" 2020 - a dry Chardonnay from Burgundy, France - at Wein Werte, your sustainable online shop.","breadcrumb":{"@id":"https:\/\/wein-werte.com\/en\/product\/chandon-de-briailles-savigny-les-beaune-blanc-les-saucours-2020-750ml\/#breadcrumb"},"inLanguage":"en-US","potentialAction":[{"@type":"ReadAction","target":["https:\/\/wein-werte.com\/en\/product\/chandon-de-briailles-savigny-les-beaune-blanc-les-saucours-2020-750ml\/"]}]},{"@type":"ImageObject","inLanguage":"en-US","@id":"https:\/\/wein-werte.com\/en\/product\/chandon-de-briailles-savigny-les-beaune-blanc-les-saucours-2020-750ml\/#primaryimage","url":"https:\/\/wein-werte.com\/wp-content\/uploads\/2026\/04\/Chandon-de-Briailles-Savigny-Les-Beaune-blanc-Les-Saucours-2020-750ml.png","contentUrl":"https:\/\/wein-werte.com\/wp-content\/uploads\/2026\/04\/Chandon-de-Briailles-Savigny-Les-Beaune-blanc-Les-Saucours-2020-750ml.png","width":338,"height":1200,"caption":"Chandon de Briailles Savigny-L\u00e8s-Beaune blanc \"Les Saucours\" sans sulfites ajout\u00e9s AOC 2020 750ml"},{"@type":"BreadcrumbList","@id":"https:\/\/wein-werte.com\/en\/product\/chandon-de-briailles-savigny-les-beaune-blanc-les-saucours-2020-750ml\/#breadcrumb","itemListElement":[{"@type":"ListItem","position":1,"name":"Home","item":"https:\/\/wein-werte.com\/en\/"},{"@type":"ListItem","position":2,"name":"Shop Page","item":"https:\/\/wein-werte.com\/en\/shop\/"},{"@type":"ListItem","position":3,"name":"Chandon de Briailles | Burgundy | Savigny-L\u00e8s-Beaune blanc &#8220;Les Saucours&#8221; sans sulfites ajout\u00e9s AOC | 2020 | 750ml | bio"}]},{"@type":"WebSite","@id":"https:\/\/wein-werte.com\/de\/#website","url":"https:\/\/wein-werte.com\/de\/","name":"Wein Werte","description":"","publisher":{"@id":"https:\/\/wein-werte.com\/de\/#organization"},"potentialAction":[{"@type":"SearchAction","target":{"@type":"EntryPoint","urlTemplate":"https:\/\/wein-werte.com\/de\/?s={search_term_string}"},"query-input":{"@type":"PropertyValueSpecification","valueRequired":true,"valueName":"search_term_string"}}],"inLanguage":"en-US"},{"@type":"Organization","@id":"https:\/\/wein-werte.com\/de\/#organization","name":"Vins Fins Thorrold","url":"https:\/\/wein-werte.com\/de\/","logo":{"@type":"ImageObject","inLanguage":"en-US","@id":"https:\/\/wein-werte.com\/de\/#\/schema\/logo\/image\/","url":"https:\/\/wein-werte.com\/wp-content\/uploads\/2023\/07\/Wein_werte_Logo700-1.png","contentUrl":"https:\/\/wein-werte.com\/wp-content\/uploads\/2023\/07\/Wein_werte_Logo700-1.png","width":700,"height":272,"caption":"Vins Fins Thorrold"},"image":{"@id":"https:\/\/wein-werte.com\/de\/#\/schema\/logo\/image\/"}}]}},"_links":{"self":[{"href":"https:\/\/wein-werte.com\/en\/wp-json\/wp\/v2\/product\/1123140","targetHints":{"allow":["GET"]}}],"collection":[{"href":"https:\/\/wein-werte.com\/en\/wp-json\/wp\/v2\/product"}],"about":[{"href":"https:\/\/wein-werte.com\/en\/wp-json\/wp\/v2\/types\/product"}],"wp:featuredmedia":[{"embeddable":true,"href":"https:\/\/wein-werte.com\/en\/wp-json\/wp\/v2\/media\/1139143"}],"wp:attachment":[{"href":"https:\/\/wein-werte.com\/en\/wp-json\/wp\/v2\/media?parent=1123140"}],"wp:term":[{"taxonomy":"product_brand","embeddable":true,"href":"https:\/\/wein-werte.com\/en\/wp-json\/wp\/v2\/product_brand?post=1123140"},{"taxonomy":"product_cat","embeddable":true,"href":"https:\/\/wein-werte.com\/en\/wp-json\/wp\/v2\/product_cat?post=1123140"},{"taxonomy":"product_tag","embeddable":true,"href":"https:\/\/wein-werte.com\/en\/wp-json\/wp\/v2\/product_tag?post=1123140"}],"curies":[{"name":"wp","href":"https:\/\/api.w.org\/{rel}","templated":true}]}}