{"id":1123134,"date":"2026-05-08T19:56:23","date_gmt":"2026-05-08T17:56:23","guid":{"rendered":"https:\/\/wein-werte.com\/product\/chandon-de-briailles-savigny-les-beaune-1er-cru-les-lavieres-rouge-2019-750ml\/"},"modified":"2026-05-08T19:56:23","modified_gmt":"2026-05-08T17:56:23","slug":"chandon-de-briailles-savigny-les-beaune-1er-cru-les-lavieres-rouge-2019-750ml","status":"publish","type":"product","link":"https:\/\/wein-werte.com\/en\/product\/chandon-de-briailles-savigny-les-beaune-1er-cru-les-lavieres-rouge-2019-750ml\/","title":{"rendered":"Chandon de Briailles | Burgundy | Savigny-L\u00e8s-Beaune 1er Cru &#8220;Les Lavi\u00e8res&#8221; rouge | 2019 | 750ml | bio"},"content":{"rendered":"<p>Product description for Chandon de Briailles Savigny-L\u00e8s-Beaune 1er Cru &#8220;Les Lavi\u00e8res&#8221; rouge 2019 (bio)<\/p>\n<p>The Pinot Noir comes from the Premier Cru Les Lavi\u00e8res vineyard in Savigny-l\u00e8s-Beaune. The municipality is located about three and a half kilometers northwest of Beaune and, with 383 hectares, boasts one of the most extensive vineyards in the region. The Premier Cru Les Lavi\u00e8res vineyard is located towards Pernand-Vergelesses. Domaine Chandon de Briailles owns 2.61 hectares at the heart of the 17.66-hectare vineyard, which is named after the lav\u00e9s, flat limestone boulders that were formerly used as roof tiles in Burgundy. The vines are around 50 years old and planted in a south-southeast facing soil consisting of a mixture of sandstone, sand, and marl, with ferrous oolite in the upper part and reddish-brown, crumbly limestone in the lower part. Spontaneous fermentation took place in a wood-clad cuv\u00e9e with a fairly high proportion of whole-bunch grapes. The wine was then transferred by gravity into barriques and tonneaux with a small proportion of new wood. This was followed by around 14 months of aging without further movement or racking. Bottling took place with a minimal amount of sulfur, mostly directly from the barrel. <\/p>\n<h5>Information about the wine<\/h5>\n<p> The Pinot Noir comes from the Premier Cru Les Lavi\u00e8res vineyard below Talmettes in Savigny-l\u00e8s-Beaune. The municipality is located around three and a half kilometers northwest of Beaune and, with 383 hectares, has one of the most extensive vineyards in the region. The Premier Cru Les Lavi\u00e8res vineyard is located towards Pernand-Vergelesses. Domaine Chandon de Briailles owns 2.61 hectares at the heart of the 17.66 hectare vineyard, which is named after the laves, flat limestone boulders that were formerly used as roof tiles in Burgundy. The vines are around 50 years old and are planted in a south-southeast facing soil consisting of a mixture of sandstone, sand, and marl with iron-rich oolite in the upper region and reddish-brown, crumbly limestone in the lower region. Spontaneous fermentation took place in a wooden cuv\u00e9e using 100% whole-bunch grapes. The wine was then transferred by gravity to barriques and tonneaux with a small proportion of new wood. This was followed by around 14 months of aging without further movement or racking. Bottling took place with a minimal amount of sulfur, mostly directly from the barrel. <\/p>\n<h5>Colour<\/h5>\n<p> Medium cherry red <\/p>\n<h5>Nose<\/h5>\n<p> It is impressive how aromatically consistent this Pinot Noir from the single vineyard Les Lavi\u00e8res in Savigny-l\u00e8s-Beaune has become over the years. The 2019 vintage also clearly reveals aromas of plums, peonies, and violets, along with a hint of lavender. At this young stage, it&#8217;s even reminiscent of a young Brouilly, with its violet floral notes, fresh, juicy dark fruit, yeast, and hint of iron. In any case, it&#8217;s enjoyable from the very first moment, and smells very inviting and appetizing. <\/p>\n<h5>Palate<\/h5>\n<p> On the palate, Les Lavi\u00e8res is juicy, silky, and wonderfully spicy. The 2019 vintage seems almost like a blend of 2017 and 2018. It offers plenty of ripeness and a sweet fruity touch, but also tart herbal notes and spices like licorice. The tannin is fine and polished, a few centimetres provide grip, firmness, and freshness, and the acidity is lively, clear, and mineral. The wine&#8217;s spiciness is clearly noticeable again in the silky finish. It is reminiscent of licorice, foliage and a little bit of undergrowth and dark pepper.<\/p>\n<p>Copyright Vinaturel 2025<\/p>\n<p>Keywords: <a href=\"https:\/\/wein-werte.com\/shop\/?swoof=1&#038;pa_producer=Chandon-de-Briailles\">Chandon de Briailles<\/a> <a href=\"https:\/\/wein-werte.com\/shop\/?swoof=1&#038;woof_text=Savigny-L\u00e8s-Beaune 1er Cru \"Les Lavi\u00e8res\" rouge\">Savigny-L\u00e8s-Beaune 1er Cru &#8220;Les Lavi\u00e8res&#8221; rouge<\/a> 2019 bio <a href=\"https:\/\/wein-werte.com\/shop\/?swoof=1&#038;pa_region=Burgundy\">Burgundy<\/a> <a href=\"https:\/\/wein-werte.com\/shop\/?swoof=1&#038;pa_country=France\">France<\/a><\/p>\n<h3>Wine Advocate<\/h3>\n<p>Score: (90-92)<\/p>\n<p>Aromas of sweet berries, peonies, spices and sassafras introduce the 2019 Savigny-l\u00e8s-Beaune 1er Cru Les Lavi\u00e8res, a medium to full-bodied, supple and enveloping wine that&#8217;s broad and velvety, with melting tannins and an ample core of succulent fruit.<br \/>William Kelley<\/p>\n<p>Producer website: <a href=\"http:\/\/www.chandondebriailles.com\/en\/\" target=\"_blank\">http:\/\/www.chandondebriailles.com\/en\/<\/a><\/p>\n","protected":false},"excerpt":{"rendered":"<p>Delivery time: 1 to 2 working days (DE), 2 to 5 working days (EU and CH)<\/p>\n","protected":false},"featured_media":1139125,"template":"","meta":[],"product_brand":[],"product_cat":[19],"product_tag":[],"class_list":{"0":"post-1123134","1":"product","2":"type-product","3":"status-publish","4":"has-post-thumbnail","6":"product_cat-unkategorisiert","7":"pa_alcohol-for-filter-12897","8":"pa_certified-biodynamic-yes","9":"pa_certified-organic-yes","10":"pa_colour-red","11":"pa_country-france","12":"pa_grape-pinot-noir-spatburgunder","13":"pa_parker-points-for-filter-16156","14":"pa_price-for-filter-10617","15":"pa_producer-chandon-de-briailles","16":"pa_region-burgundy","17":"pa_size-ml-6584","18":"pa_sweetness-dry","19":"pa_type-2-still","20":"pa_vintage-6583","21":"entry","22":"has-media","24":"first","25":"outofstock","26":"taxable","27":"shipping-taxable","28":"purchasable","29":"product-type-simple"},"yoast_head":"<!-- This site is optimized with the Yoast SEO plugin v27.5 - https:\/\/yoast.com\/product\/yoast-seo-wordpress\/ -->\n<title>Chandon de Briailles Savigny-L\u00e8s-Beaune 1er Cru &quot;Les Lavi\u00e8res&quot; rouge 2019<\/title>\n<meta name=\"description\" content=\"Buy Chandon de Briailles Savigny-L\u00e8s-Beaune 1er Cru &quot;Les Lavi\u00e8res&quot; rouge 2019 - a dry Pinot Noir from Burgundy, France - at Wein Werte, your sustainable online shop.\" \/>\n<meta name=\"robots\" content=\"index, follow, max-snippet:-1, max-image-preview:large, max-video-preview:-1\" \/>\n<link rel=\"canonical\" href=\"https:\/\/wein-werte.com\/en\/product\/chandon-de-briailles-savigny-les-beaune-1er-cru-les-lavieres-rouge-2019-750ml\/\" \/>\n<meta property=\"og:locale\" content=\"en_US\" \/>\n<meta property=\"og:type\" content=\"article\" \/>\n<meta property=\"og:title\" content=\"Chandon de Briailles Savigny-L\u00e8s-Beaune 1er Cru &quot;Les Lavi\u00e8res&quot; rouge 2019\" \/>\n<meta property=\"og:description\" content=\"Buy Chandon de Briailles Savigny-L\u00e8s-Beaune 1er Cru &quot;Les Lavi\u00e8res&quot; rouge 2019 - a dry Pinot Noir from Burgundy, France - at Wein Werte, your sustainable online shop.\" \/>\n<meta property=\"og:url\" content=\"https:\/\/wein-werte.com\/en\/product\/chandon-de-briailles-savigny-les-beaune-1er-cru-les-lavieres-rouge-2019-750ml\/\" \/>\n<meta property=\"og:site_name\" content=\"Wein Werte\" \/>\n<meta property=\"og:image\" content=\"https:\/\/wein-werte.com\/wp-content\/uploads\/2026\/04\/Chandon-de-Briailles-Savigny-Les-Beaune-1er-Cru-Les-Lavieres-rouge-2019-750ml.png\" \/>\n\t<meta property=\"og:image:width\" content=\"332\" \/>\n\t<meta property=\"og:image:height\" content=\"1200\" \/>\n\t<meta property=\"og:image:type\" content=\"image\/png\" \/>\n<meta name=\"twitter:card\" content=\"summary_large_image\" \/>\n<meta name=\"twitter:label1\" content=\"Est. reading time\" \/>\n\t<meta name=\"twitter:data1\" content=\"3 minutes\" \/>\n<script type=\"application\/ld+json\" class=\"yoast-schema-graph\">{\"@context\":\"https:\\\/\\\/schema.org\",\"@graph\":[{\"@type\":\"WebPage\",\"@id\":\"https:\\\/\\\/wein-werte.com\\\/en\\\/product\\\/chandon-de-briailles-savigny-les-beaune-1er-cru-les-lavieres-rouge-2019-750ml\\\/\",\"url\":\"https:\\\/\\\/wein-werte.com\\\/en\\\/product\\\/chandon-de-briailles-savigny-les-beaune-1er-cru-les-lavieres-rouge-2019-750ml\\\/\",\"name\":\"Chandon de Briailles Savigny-L\u00e8s-Beaune 1er Cru \\\"Les Lavi\u00e8res\\\" rouge 2019\",\"isPartOf\":{\"@id\":\"https:\\\/\\\/wein-werte.com\\\/de\\\/#website\"},\"primaryImageOfPage\":{\"@id\":\"https:\\\/\\\/wein-werte.com\\\/en\\\/product\\\/chandon-de-briailles-savigny-les-beaune-1er-cru-les-lavieres-rouge-2019-750ml\\\/#primaryimage\"},\"image\":{\"@id\":\"https:\\\/\\\/wein-werte.com\\\/en\\\/product\\\/chandon-de-briailles-savigny-les-beaune-1er-cru-les-lavieres-rouge-2019-750ml\\\/#primaryimage\"},\"thumbnailUrl\":\"https:\\\/\\\/wein-werte.com\\\/wp-content\\\/uploads\\\/2026\\\/04\\\/Chandon-de-Briailles-Savigny-Les-Beaune-1er-Cru-Les-Lavieres-rouge-2019-750ml.png\",\"datePublished\":\"2026-05-08T17:56:23+00:00\",\"description\":\"Buy Chandon de Briailles Savigny-L\u00e8s-Beaune 1er Cru \\\"Les Lavi\u00e8res\\\" rouge 2019 - a dry Pinot Noir from Burgundy, France - at Wein Werte, your sustainable online shop.\",\"breadcrumb\":{\"@id\":\"https:\\\/\\\/wein-werte.com\\\/en\\\/product\\\/chandon-de-briailles-savigny-les-beaune-1er-cru-les-lavieres-rouge-2019-750ml\\\/#breadcrumb\"},\"inLanguage\":\"en-US\",\"potentialAction\":[{\"@type\":\"ReadAction\",\"target\":[\"https:\\\/\\\/wein-werte.com\\\/en\\\/product\\\/chandon-de-briailles-savigny-les-beaune-1er-cru-les-lavieres-rouge-2019-750ml\\\/\"]}]},{\"@type\":\"ImageObject\",\"inLanguage\":\"en-US\",\"@id\":\"https:\\\/\\\/wein-werte.com\\\/en\\\/product\\\/chandon-de-briailles-savigny-les-beaune-1er-cru-les-lavieres-rouge-2019-750ml\\\/#primaryimage\",\"url\":\"https:\\\/\\\/wein-werte.com\\\/wp-content\\\/uploads\\\/2026\\\/04\\\/Chandon-de-Briailles-Savigny-Les-Beaune-1er-Cru-Les-Lavieres-rouge-2019-750ml.png\",\"contentUrl\":\"https:\\\/\\\/wein-werte.com\\\/wp-content\\\/uploads\\\/2026\\\/04\\\/Chandon-de-Briailles-Savigny-Les-Beaune-1er-Cru-Les-Lavieres-rouge-2019-750ml.png\",\"width\":332,\"height\":1200,\"caption\":\"Chandon de Briailles Savigny-L\u00e8s-Beaune 1er Cru \\\"Les Lavi\u00e8res\\\" rouge 2019 750ml\"},{\"@type\":\"BreadcrumbList\",\"@id\":\"https:\\\/\\\/wein-werte.com\\\/en\\\/product\\\/chandon-de-briailles-savigny-les-beaune-1er-cru-les-lavieres-rouge-2019-750ml\\\/#breadcrumb\",\"itemListElement\":[{\"@type\":\"ListItem\",\"position\":1,\"name\":\"Home\",\"item\":\"https:\\\/\\\/wein-werte.com\\\/en\\\/\"},{\"@type\":\"ListItem\",\"position\":2,\"name\":\"Shop Page\",\"item\":\"https:\\\/\\\/wein-werte.com\\\/en\\\/shop\\\/\"},{\"@type\":\"ListItem\",\"position\":3,\"name\":\"Chandon de Briailles | Burgundy | Savigny-L\u00e8s-Beaune 1er Cru &#8220;Les Lavi\u00e8res&#8221; rouge | 2019 | 750ml | bio\"}]},{\"@type\":\"WebSite\",\"@id\":\"https:\\\/\\\/wein-werte.com\\\/de\\\/#website\",\"url\":\"https:\\\/\\\/wein-werte.com\\\/de\\\/\",\"name\":\"Wein Werte\",\"description\":\"\",\"publisher\":{\"@id\":\"https:\\\/\\\/wein-werte.com\\\/de\\\/#organization\"},\"potentialAction\":[{\"@type\":\"SearchAction\",\"target\":{\"@type\":\"EntryPoint\",\"urlTemplate\":\"https:\\\/\\\/wein-werte.com\\\/de\\\/?s={search_term_string}\"},\"query-input\":{\"@type\":\"PropertyValueSpecification\",\"valueRequired\":true,\"valueName\":\"search_term_string\"}}],\"inLanguage\":\"en-US\"},{\"@type\":\"Organization\",\"@id\":\"https:\\\/\\\/wein-werte.com\\\/de\\\/#organization\",\"name\":\"Vins Fins Thorrold\",\"url\":\"https:\\\/\\\/wein-werte.com\\\/de\\\/\",\"logo\":{\"@type\":\"ImageObject\",\"inLanguage\":\"en-US\",\"@id\":\"https:\\\/\\\/wein-werte.com\\\/de\\\/#\\\/schema\\\/logo\\\/image\\\/\",\"url\":\"https:\\\/\\\/wein-werte.com\\\/wp-content\\\/uploads\\\/2023\\\/07\\\/Wein_werte_Logo700-1.png\",\"contentUrl\":\"https:\\\/\\\/wein-werte.com\\\/wp-content\\\/uploads\\\/2023\\\/07\\\/Wein_werte_Logo700-1.png\",\"width\":700,\"height\":272,\"caption\":\"Vins Fins Thorrold\"},\"image\":{\"@id\":\"https:\\\/\\\/wein-werte.com\\\/de\\\/#\\\/schema\\\/logo\\\/image\\\/\"}}]}<\/script>\n<!-- \/ Yoast SEO plugin. -->","yoast_head_json":{"title":"Chandon de Briailles Savigny-L\u00e8s-Beaune 1er Cru \"Les Lavi\u00e8res\" rouge 2019","description":"Buy Chandon de Briailles Savigny-L\u00e8s-Beaune 1er Cru \"Les Lavi\u00e8res\" rouge 2019 - a dry Pinot Noir from Burgundy, France - at Wein Werte, your sustainable online shop.","robots":{"index":"index","follow":"follow","max-snippet":"max-snippet:-1","max-image-preview":"max-image-preview:large","max-video-preview":"max-video-preview:-1"},"canonical":"https:\/\/wein-werte.com\/en\/product\/chandon-de-briailles-savigny-les-beaune-1er-cru-les-lavieres-rouge-2019-750ml\/","og_locale":"en_US","og_type":"article","og_title":"Chandon de Briailles Savigny-L\u00e8s-Beaune 1er Cru \"Les Lavi\u00e8res\" rouge 2019","og_description":"Buy Chandon de Briailles Savigny-L\u00e8s-Beaune 1er Cru \"Les Lavi\u00e8res\" rouge 2019 - a dry Pinot Noir from Burgundy, France - at Wein Werte, your sustainable online shop.","og_url":"https:\/\/wein-werte.com\/en\/product\/chandon-de-briailles-savigny-les-beaune-1er-cru-les-lavieres-rouge-2019-750ml\/","og_site_name":"Wein Werte","og_image":[{"width":332,"height":1200,"url":"https:\/\/wein-werte.com\/wp-content\/uploads\/2026\/04\/Chandon-de-Briailles-Savigny-Les-Beaune-1er-Cru-Les-Lavieres-rouge-2019-750ml.png","type":"image\/png"}],"twitter_card":"summary_large_image","twitter_misc":{"Est. reading time":"3 minutes"},"schema":{"@context":"https:\/\/schema.org","@graph":[{"@type":"WebPage","@id":"https:\/\/wein-werte.com\/en\/product\/chandon-de-briailles-savigny-les-beaune-1er-cru-les-lavieres-rouge-2019-750ml\/","url":"https:\/\/wein-werte.com\/en\/product\/chandon-de-briailles-savigny-les-beaune-1er-cru-les-lavieres-rouge-2019-750ml\/","name":"Chandon de Briailles Savigny-L\u00e8s-Beaune 1er Cru \"Les Lavi\u00e8res\" rouge 2019","isPartOf":{"@id":"https:\/\/wein-werte.com\/de\/#website"},"primaryImageOfPage":{"@id":"https:\/\/wein-werte.com\/en\/product\/chandon-de-briailles-savigny-les-beaune-1er-cru-les-lavieres-rouge-2019-750ml\/#primaryimage"},"image":{"@id":"https:\/\/wein-werte.com\/en\/product\/chandon-de-briailles-savigny-les-beaune-1er-cru-les-lavieres-rouge-2019-750ml\/#primaryimage"},"thumbnailUrl":"https:\/\/wein-werte.com\/wp-content\/uploads\/2026\/04\/Chandon-de-Briailles-Savigny-Les-Beaune-1er-Cru-Les-Lavieres-rouge-2019-750ml.png","datePublished":"2026-05-08T17:56:23+00:00","description":"Buy Chandon de Briailles Savigny-L\u00e8s-Beaune 1er Cru \"Les Lavi\u00e8res\" rouge 2019 - a dry Pinot Noir from Burgundy, France - at Wein Werte, your sustainable online shop.","breadcrumb":{"@id":"https:\/\/wein-werte.com\/en\/product\/chandon-de-briailles-savigny-les-beaune-1er-cru-les-lavieres-rouge-2019-750ml\/#breadcrumb"},"inLanguage":"en-US","potentialAction":[{"@type":"ReadAction","target":["https:\/\/wein-werte.com\/en\/product\/chandon-de-briailles-savigny-les-beaune-1er-cru-les-lavieres-rouge-2019-750ml\/"]}]},{"@type":"ImageObject","inLanguage":"en-US","@id":"https:\/\/wein-werte.com\/en\/product\/chandon-de-briailles-savigny-les-beaune-1er-cru-les-lavieres-rouge-2019-750ml\/#primaryimage","url":"https:\/\/wein-werte.com\/wp-content\/uploads\/2026\/04\/Chandon-de-Briailles-Savigny-Les-Beaune-1er-Cru-Les-Lavieres-rouge-2019-750ml.png","contentUrl":"https:\/\/wein-werte.com\/wp-content\/uploads\/2026\/04\/Chandon-de-Briailles-Savigny-Les-Beaune-1er-Cru-Les-Lavieres-rouge-2019-750ml.png","width":332,"height":1200,"caption":"Chandon de Briailles Savigny-L\u00e8s-Beaune 1er Cru \"Les Lavi\u00e8res\" rouge 2019 750ml"},{"@type":"BreadcrumbList","@id":"https:\/\/wein-werte.com\/en\/product\/chandon-de-briailles-savigny-les-beaune-1er-cru-les-lavieres-rouge-2019-750ml\/#breadcrumb","itemListElement":[{"@type":"ListItem","position":1,"name":"Home","item":"https:\/\/wein-werte.com\/en\/"},{"@type":"ListItem","position":2,"name":"Shop Page","item":"https:\/\/wein-werte.com\/en\/shop\/"},{"@type":"ListItem","position":3,"name":"Chandon de Briailles | Burgundy | Savigny-L\u00e8s-Beaune 1er Cru &#8220;Les Lavi\u00e8res&#8221; rouge | 2019 | 750ml | bio"}]},{"@type":"WebSite","@id":"https:\/\/wein-werte.com\/de\/#website","url":"https:\/\/wein-werte.com\/de\/","name":"Wein Werte","description":"","publisher":{"@id":"https:\/\/wein-werte.com\/de\/#organization"},"potentialAction":[{"@type":"SearchAction","target":{"@type":"EntryPoint","urlTemplate":"https:\/\/wein-werte.com\/de\/?s={search_term_string}"},"query-input":{"@type":"PropertyValueSpecification","valueRequired":true,"valueName":"search_term_string"}}],"inLanguage":"en-US"},{"@type":"Organization","@id":"https:\/\/wein-werte.com\/de\/#organization","name":"Vins Fins Thorrold","url":"https:\/\/wein-werte.com\/de\/","logo":{"@type":"ImageObject","inLanguage":"en-US","@id":"https:\/\/wein-werte.com\/de\/#\/schema\/logo\/image\/","url":"https:\/\/wein-werte.com\/wp-content\/uploads\/2023\/07\/Wein_werte_Logo700-1.png","contentUrl":"https:\/\/wein-werte.com\/wp-content\/uploads\/2023\/07\/Wein_werte_Logo700-1.png","width":700,"height":272,"caption":"Vins Fins Thorrold"},"image":{"@id":"https:\/\/wein-werte.com\/de\/#\/schema\/logo\/image\/"}}]}},"_links":{"self":[{"href":"https:\/\/wein-werte.com\/en\/wp-json\/wp\/v2\/product\/1123134","targetHints":{"allow":["GET"]}}],"collection":[{"href":"https:\/\/wein-werte.com\/en\/wp-json\/wp\/v2\/product"}],"about":[{"href":"https:\/\/wein-werte.com\/en\/wp-json\/wp\/v2\/types\/product"}],"wp:featuredmedia":[{"embeddable":true,"href":"https:\/\/wein-werte.com\/en\/wp-json\/wp\/v2\/media\/1139125"}],"wp:attachment":[{"href":"https:\/\/wein-werte.com\/en\/wp-json\/wp\/v2\/media?parent=1123134"}],"wp:term":[{"taxonomy":"product_brand","embeddable":true,"href":"https:\/\/wein-werte.com\/en\/wp-json\/wp\/v2\/product_brand?post=1123134"},{"taxonomy":"product_cat","embeddable":true,"href":"https:\/\/wein-werte.com\/en\/wp-json\/wp\/v2\/product_cat?post=1123134"},{"taxonomy":"product_tag","embeddable":true,"href":"https:\/\/wein-werte.com\/en\/wp-json\/wp\/v2\/product_tag?post=1123134"}],"curies":[{"name":"wp","href":"https:\/\/api.w.org\/{rel}","templated":true}]}}