{"id":1123133,"date":"2026-05-05T18:10:49","date_gmt":"2026-05-05T16:10:49","guid":{"rendered":"https:\/\/wein-werte.com\/product\/chandon-de-briailles-pernand-1er-cru-ile-des-vergelesses-la-vie-est-belle-2018-750ml\/"},"modified":"2026-05-05T18:10:51","modified_gmt":"2026-05-05T16:10:51","slug":"chandon-de-briailles-pernand-1er-cru-ile-des-vergelesses-la-vie-est-belle-sans-soufre-ajoute-2018-750ml","status":"publish","type":"product","link":"https:\/\/wein-werte.com\/en\/product\/chandon-de-briailles-pernand-1er-cru-ile-des-vergelesses-la-vie-est-belle-sans-soufre-ajoute-2018-750ml\/","title":{"rendered":"Chandon de Briailles | Burgundy | Pernand 1er Cru &#8220;\u00cele des Vergelesses&#8221; La vie est Belle, sans soufre ajout\u00e9 | 2018 | 750ml | bio"},"content":{"rendered":"<p>Product description for Chandon de Briailles Pernand 1er Cru &#8220;\u00cele des Vergelesses&#8221; La vie est Belle, sans soufre ajout\u00e9 2018 (bio)<\/p>\n<p>Sebastian Bordth\u00e4user: The initial impression is dominated by delicate and persistent tannins, as stimulating as a hot cup of Darjeeling. Silky with an invigorating astringency, they define the palate, completely coating it and also taking the lead aromatically. Delicate roasted notes are reminiscent of salted, buttered dark toast, the orange marmalade standing ready to hand in a small bowl. Soft electronic music pulses in the background, the first rays of sunlight filter through the blinds. Life is beautiful. Domaine Chandon de Briailles was founded in 1834 in Savigny les Beaune and has been managed by Fran\u00e7ois de Nicolay and his sister Claude since 2001. Since 1998, the vineyards have been exclusively organically cultivated, until 2005, when the next step was taken: conversion to biodynamics. After a conversion phase, Chandon de Briailles has been fully certified biodynamic since 2011. The winery cultivates 14 hectares of its own land and is planted exclusively with Pinot Noir and Chardonnay &#8211; with one exception. The Weissburgunder vines for La vie est Belle were planted by Fran\u00e7ois de Nicolai&#8217;s grandfather. Since Chardonnay is the sole measure of all white wine for him, he quickly developed the Weissburgunder as an orange wine in the style of a natural wine. Spontaneous fermentation after a long maceration period and subsequent maturation on the lees before it was bottled unfined and unsulfured. <\/p>\n<h5>Colour<\/h5>\n<p> Light orange with a satiny opacity. <\/p>\n<h5>Nose<\/h5>\n<p> The &#8220;La vie est Belle&#8221; also lives up to its name in the nose, reminiscent of the morning walk home after a blissful night, past the bakery. Fresh, fragrant braided bread with a light sugar glaze, croissants with orange marmalade, roasted hazelnut slivers, and generously salted butter. The fluffy baked goods are complemented by herbal and spicy notes of sage, lemon balm, and bitter orange zest. <\/p>\n<h5>Palate<\/h5>\n<p> The initial sip is dominated by delicate and persistent tannins, stimulating like a hot cup of Darjeeling. Silky with an invigorating astringency, they define the palate, completely coating it and also taking the lead aromatically. Delicate roasted notes are reminiscent of salt-buttered dark toast, the orange marmalade standing ready to hand in a small bowl. Soft electronic music pulsates in the background, the first rays of sunlight filter through the blinds. Life is beautiful.<\/p>\n<p>Copyright Vinaturel 2025<\/p>\n<p>Keywords: <a href=\"https:\/\/wein-werte.com\/shop\/?swoof=1&#038;pa_producer=Chandon-de-Briailles\">Chandon de Briailles<\/a> <a href=\"https:\/\/wein-werte.com\/shop\/?swoof=1&#038;woof_text=Pernand 1er Cru \"\u00cele des Vergelesses\" La vie est Belle, sans soufre ajout\u00e9\">Pernand 1er Cru &#8220;\u00cele des Vergelesses&#8221; La vie est Belle, sans soufre ajout\u00e9<\/a> 2018 bio <a href=\"https:\/\/wein-werte.com\/shop\/?swoof=1&#038;pa_region=Burgundy\">Burgundy<\/a> <a href=\"https:\/\/wein-werte.com\/shop\/?swoof=1&#038;pa_country=France\">France<\/a><\/p>\n<p>Producer website: <a href=\"http:\/\/www.chandondebriailles.com\/en\/\" target=\"_blank\">http:\/\/www.chandondebriailles.com\/en\/<\/a><\/p>\n","protected":false},"excerpt":{"rendered":"<p>Delivery time: 1 to 2 working days (DE), 2 to 5 working days (EU and CH)<\/p>\n","protected":false},"featured_media":1139121,"template":"","meta":[],"product_brand":[],"product_cat":[19],"product_tag":[],"class_list":{"0":"post-1123133","1":"product","2":"type-product","3":"status-publish","4":"has-post-thumbnail","6":"product_cat-unkategorisiert","7":"pa_alcohol-for-filter-13-5","8":"pa_certified-biodynamic-yes","9":"pa_certified-organic-yes","10":"pa_colour-white","11":"pa_country-france","12":"pa_grape-weisburgunder-pinot-blanc","13":"pa_price-for-filter-10638","14":"pa_producer-chandon-de-briailles","15":"pa_region-burgundy","16":"pa_size-ml-6584","17":"pa_sweetness-dry","18":"pa_type-2-still","19":"pa_vintage-6616","20":"entry","21":"has-media","23":"first","24":"instock","25":"taxable","26":"shipping-taxable","27":"purchasable","28":"product-type-simple"},"yoast_head":"<!-- This site is optimized with the Yoast SEO plugin v27.5 - https:\/\/yoast.com\/product\/yoast-seo-wordpress\/ -->\n<title>Chandon de Briailles Pernand 1er Cru &quot;\u00cele des Vergelesses&quot; La vie est Belle sans soufre ajout\u00e9 2018<\/title>\n<meta name=\"description\" content=\"Buy Chandon de Briailles Pernand 1er Cru &quot;\u00cele des Vergelesses&quot; La vie est Belle sans soufre ajout\u00e9 2018 - a dry Wei\u00dfburgunder from Burgundy, France - at Wein Werte, your sustainable online shop.\" \/>\n<meta name=\"robots\" content=\"index, follow, max-snippet:-1, max-image-preview:large, max-video-preview:-1\" \/>\n<link rel=\"canonical\" href=\"https:\/\/wein-werte.com\/en\/product\/chandon-de-briailles-pernand-1er-cru-ile-des-vergelesses-la-vie-est-belle-sans-soufre-ajoute-2018-750ml\/\" \/>\n<meta property=\"og:locale\" content=\"en_US\" \/>\n<meta property=\"og:type\" content=\"article\" \/>\n<meta property=\"og:title\" content=\"Chandon de Briailles Pernand 1er Cru &quot;\u00cele des Vergelesses&quot; La vie est Belle sans soufre ajout\u00e9 2018\" \/>\n<meta property=\"og:description\" content=\"Buy Chandon de Briailles Pernand 1er Cru &quot;\u00cele des Vergelesses&quot; La vie est Belle sans soufre ajout\u00e9 2018 - a dry Wei\u00dfburgunder from Burgundy, France - at Wein Werte, your sustainable online shop.\" \/>\n<meta property=\"og:url\" content=\"https:\/\/wein-werte.com\/en\/product\/chandon-de-briailles-pernand-1er-cru-ile-des-vergelesses-la-vie-est-belle-sans-soufre-ajoute-2018-750ml\/\" \/>\n<meta property=\"og:site_name\" content=\"Wein Werte\" \/>\n<meta property=\"article:modified_time\" content=\"2026-05-05T16:10:51+00:00\" \/>\n<meta property=\"og:image\" content=\"https:\/\/wein-werte.com\/wp-content\/uploads\/2026\/04\/Chandon-de-Briailles-Pernand-1er-Cru-Ile-des-Vergelesses-La-vie-est-Belle-sans-soufre-ajoute-2018-750ml.png\" \/>\n\t<meta property=\"og:image:width\" content=\"331\" \/>\n\t<meta property=\"og:image:height\" content=\"1200\" \/>\n\t<meta property=\"og:image:type\" content=\"image\/png\" \/>\n<meta name=\"twitter:card\" content=\"summary_large_image\" \/>\n<meta name=\"twitter:label1\" content=\"Est. reading time\" \/>\n\t<meta name=\"twitter:data1\" content=\"2 minutes\" \/>\n<script type=\"application\/ld+json\" class=\"yoast-schema-graph\">{\"@context\":\"https:\\\/\\\/schema.org\",\"@graph\":[{\"@type\":\"WebPage\",\"@id\":\"https:\\\/\\\/wein-werte.com\\\/en\\\/product\\\/chandon-de-briailles-pernand-1er-cru-ile-des-vergelesses-la-vie-est-belle-sans-soufre-ajoute-2018-750ml\\\/\",\"url\":\"https:\\\/\\\/wein-werte.com\\\/en\\\/product\\\/chandon-de-briailles-pernand-1er-cru-ile-des-vergelesses-la-vie-est-belle-sans-soufre-ajoute-2018-750ml\\\/\",\"name\":\"Chandon de Briailles Pernand 1er Cru \\\"\u00cele des Vergelesses\\\" La vie est Belle sans soufre ajout\u00e9 2018\",\"isPartOf\":{\"@id\":\"https:\\\/\\\/wein-werte.com\\\/de\\\/#website\"},\"primaryImageOfPage\":{\"@id\":\"https:\\\/\\\/wein-werte.com\\\/en\\\/product\\\/chandon-de-briailles-pernand-1er-cru-ile-des-vergelesses-la-vie-est-belle-sans-soufre-ajoute-2018-750ml\\\/#primaryimage\"},\"image\":{\"@id\":\"https:\\\/\\\/wein-werte.com\\\/en\\\/product\\\/chandon-de-briailles-pernand-1er-cru-ile-des-vergelesses-la-vie-est-belle-sans-soufre-ajoute-2018-750ml\\\/#primaryimage\"},\"thumbnailUrl\":\"https:\\\/\\\/wein-werte.com\\\/wp-content\\\/uploads\\\/2026\\\/04\\\/Chandon-de-Briailles-Pernand-1er-Cru-Ile-des-Vergelesses-La-vie-est-Belle-sans-soufre-ajoute-2018-750ml.png\",\"datePublished\":\"2026-05-05T16:10:49+00:00\",\"dateModified\":\"2026-05-05T16:10:51+00:00\",\"description\":\"Buy Chandon de Briailles Pernand 1er Cru \\\"\u00cele des Vergelesses\\\" La vie est Belle sans soufre ajout\u00e9 2018 - a dry Wei\u00dfburgunder from Burgundy, France - at Wein Werte, your sustainable online shop.\",\"breadcrumb\":{\"@id\":\"https:\\\/\\\/wein-werte.com\\\/en\\\/product\\\/chandon-de-briailles-pernand-1er-cru-ile-des-vergelesses-la-vie-est-belle-sans-soufre-ajoute-2018-750ml\\\/#breadcrumb\"},\"inLanguage\":\"en-US\",\"potentialAction\":[{\"@type\":\"ReadAction\",\"target\":[\"https:\\\/\\\/wein-werte.com\\\/en\\\/product\\\/chandon-de-briailles-pernand-1er-cru-ile-des-vergelesses-la-vie-est-belle-sans-soufre-ajoute-2018-750ml\\\/\"]}]},{\"@type\":\"ImageObject\",\"inLanguage\":\"en-US\",\"@id\":\"https:\\\/\\\/wein-werte.com\\\/en\\\/product\\\/chandon-de-briailles-pernand-1er-cru-ile-des-vergelesses-la-vie-est-belle-sans-soufre-ajoute-2018-750ml\\\/#primaryimage\",\"url\":\"https:\\\/\\\/wein-werte.com\\\/wp-content\\\/uploads\\\/2026\\\/04\\\/Chandon-de-Briailles-Pernand-1er-Cru-Ile-des-Vergelesses-La-vie-est-Belle-sans-soufre-ajoute-2018-750ml.png\",\"contentUrl\":\"https:\\\/\\\/wein-werte.com\\\/wp-content\\\/uploads\\\/2026\\\/04\\\/Chandon-de-Briailles-Pernand-1er-Cru-Ile-des-Vergelesses-La-vie-est-Belle-sans-soufre-ajoute-2018-750ml.png\",\"width\":331,\"height\":1200,\"caption\":\"Chandon de Briailles Pernand 1er Cru \\\"\u00cele des Vergelesses\\\" La vie est Belle, sans soufre ajout\u00e9 2018 750ml\"},{\"@type\":\"BreadcrumbList\",\"@id\":\"https:\\\/\\\/wein-werte.com\\\/en\\\/product\\\/chandon-de-briailles-pernand-1er-cru-ile-des-vergelesses-la-vie-est-belle-sans-soufre-ajoute-2018-750ml\\\/#breadcrumb\",\"itemListElement\":[{\"@type\":\"ListItem\",\"position\":1,\"name\":\"Home\",\"item\":\"https:\\\/\\\/wein-werte.com\\\/en\\\/\"},{\"@type\":\"ListItem\",\"position\":2,\"name\":\"Shop Page\",\"item\":\"https:\\\/\\\/wein-werte.com\\\/en\\\/shop\\\/\"},{\"@type\":\"ListItem\",\"position\":3,\"name\":\"Chandon de Briailles | Burgundy | Pernand 1er Cru &#8220;\u00cele des Vergelesses&#8221; La vie est Belle, sans soufre ajout\u00e9 | 2018 | 750ml | bio\"}]},{\"@type\":\"WebSite\",\"@id\":\"https:\\\/\\\/wein-werte.com\\\/de\\\/#website\",\"url\":\"https:\\\/\\\/wein-werte.com\\\/de\\\/\",\"name\":\"Wein Werte\",\"description\":\"\",\"publisher\":{\"@id\":\"https:\\\/\\\/wein-werte.com\\\/de\\\/#organization\"},\"potentialAction\":[{\"@type\":\"SearchAction\",\"target\":{\"@type\":\"EntryPoint\",\"urlTemplate\":\"https:\\\/\\\/wein-werte.com\\\/de\\\/?s={search_term_string}\"},\"query-input\":{\"@type\":\"PropertyValueSpecification\",\"valueRequired\":true,\"valueName\":\"search_term_string\"}}],\"inLanguage\":\"en-US\"},{\"@type\":\"Organization\",\"@id\":\"https:\\\/\\\/wein-werte.com\\\/de\\\/#organization\",\"name\":\"Vins Fins Thorrold\",\"url\":\"https:\\\/\\\/wein-werte.com\\\/de\\\/\",\"logo\":{\"@type\":\"ImageObject\",\"inLanguage\":\"en-US\",\"@id\":\"https:\\\/\\\/wein-werte.com\\\/de\\\/#\\\/schema\\\/logo\\\/image\\\/\",\"url\":\"https:\\\/\\\/wein-werte.com\\\/wp-content\\\/uploads\\\/2023\\\/07\\\/Wein_werte_Logo700-1.png\",\"contentUrl\":\"https:\\\/\\\/wein-werte.com\\\/wp-content\\\/uploads\\\/2023\\\/07\\\/Wein_werte_Logo700-1.png\",\"width\":700,\"height\":272,\"caption\":\"Vins Fins Thorrold\"},\"image\":{\"@id\":\"https:\\\/\\\/wein-werte.com\\\/de\\\/#\\\/schema\\\/logo\\\/image\\\/\"}}]}<\/script>\n<!-- \/ Yoast SEO plugin. -->","yoast_head_json":{"title":"Chandon de Briailles Pernand 1er Cru \"\u00cele des Vergelesses\" La vie est Belle sans soufre ajout\u00e9 2018","description":"Buy Chandon de Briailles Pernand 1er Cru \"\u00cele des Vergelesses\" La vie est Belle sans soufre ajout\u00e9 2018 - a dry Wei\u00dfburgunder from Burgundy, France - at Wein Werte, your sustainable online shop.","robots":{"index":"index","follow":"follow","max-snippet":"max-snippet:-1","max-image-preview":"max-image-preview:large","max-video-preview":"max-video-preview:-1"},"canonical":"https:\/\/wein-werte.com\/en\/product\/chandon-de-briailles-pernand-1er-cru-ile-des-vergelesses-la-vie-est-belle-sans-soufre-ajoute-2018-750ml\/","og_locale":"en_US","og_type":"article","og_title":"Chandon de Briailles Pernand 1er Cru \"\u00cele des Vergelesses\" La vie est Belle sans soufre ajout\u00e9 2018","og_description":"Buy Chandon de Briailles Pernand 1er Cru \"\u00cele des Vergelesses\" La vie est Belle sans soufre ajout\u00e9 2018 - a dry Wei\u00dfburgunder from Burgundy, France - at Wein Werte, your sustainable online shop.","og_url":"https:\/\/wein-werte.com\/en\/product\/chandon-de-briailles-pernand-1er-cru-ile-des-vergelesses-la-vie-est-belle-sans-soufre-ajoute-2018-750ml\/","og_site_name":"Wein Werte","article_modified_time":"2026-05-05T16:10:51+00:00","og_image":[{"width":331,"height":1200,"url":"https:\/\/wein-werte.com\/wp-content\/uploads\/2026\/04\/Chandon-de-Briailles-Pernand-1er-Cru-Ile-des-Vergelesses-La-vie-est-Belle-sans-soufre-ajoute-2018-750ml.png","type":"image\/png"}],"twitter_card":"summary_large_image","twitter_misc":{"Est. reading time":"2 minutes"},"schema":{"@context":"https:\/\/schema.org","@graph":[{"@type":"WebPage","@id":"https:\/\/wein-werte.com\/en\/product\/chandon-de-briailles-pernand-1er-cru-ile-des-vergelesses-la-vie-est-belle-sans-soufre-ajoute-2018-750ml\/","url":"https:\/\/wein-werte.com\/en\/product\/chandon-de-briailles-pernand-1er-cru-ile-des-vergelesses-la-vie-est-belle-sans-soufre-ajoute-2018-750ml\/","name":"Chandon de Briailles Pernand 1er Cru \"\u00cele des Vergelesses\" La vie est Belle sans soufre ajout\u00e9 2018","isPartOf":{"@id":"https:\/\/wein-werte.com\/de\/#website"},"primaryImageOfPage":{"@id":"https:\/\/wein-werte.com\/en\/product\/chandon-de-briailles-pernand-1er-cru-ile-des-vergelesses-la-vie-est-belle-sans-soufre-ajoute-2018-750ml\/#primaryimage"},"image":{"@id":"https:\/\/wein-werte.com\/en\/product\/chandon-de-briailles-pernand-1er-cru-ile-des-vergelesses-la-vie-est-belle-sans-soufre-ajoute-2018-750ml\/#primaryimage"},"thumbnailUrl":"https:\/\/wein-werte.com\/wp-content\/uploads\/2026\/04\/Chandon-de-Briailles-Pernand-1er-Cru-Ile-des-Vergelesses-La-vie-est-Belle-sans-soufre-ajoute-2018-750ml.png","datePublished":"2026-05-05T16:10:49+00:00","dateModified":"2026-05-05T16:10:51+00:00","description":"Buy Chandon de Briailles Pernand 1er Cru \"\u00cele des Vergelesses\" La vie est Belle sans soufre ajout\u00e9 2018 - a dry Wei\u00dfburgunder from Burgundy, France - at Wein Werte, your sustainable online shop.","breadcrumb":{"@id":"https:\/\/wein-werte.com\/en\/product\/chandon-de-briailles-pernand-1er-cru-ile-des-vergelesses-la-vie-est-belle-sans-soufre-ajoute-2018-750ml\/#breadcrumb"},"inLanguage":"en-US","potentialAction":[{"@type":"ReadAction","target":["https:\/\/wein-werte.com\/en\/product\/chandon-de-briailles-pernand-1er-cru-ile-des-vergelesses-la-vie-est-belle-sans-soufre-ajoute-2018-750ml\/"]}]},{"@type":"ImageObject","inLanguage":"en-US","@id":"https:\/\/wein-werte.com\/en\/product\/chandon-de-briailles-pernand-1er-cru-ile-des-vergelesses-la-vie-est-belle-sans-soufre-ajoute-2018-750ml\/#primaryimage","url":"https:\/\/wein-werte.com\/wp-content\/uploads\/2026\/04\/Chandon-de-Briailles-Pernand-1er-Cru-Ile-des-Vergelesses-La-vie-est-Belle-sans-soufre-ajoute-2018-750ml.png","contentUrl":"https:\/\/wein-werte.com\/wp-content\/uploads\/2026\/04\/Chandon-de-Briailles-Pernand-1er-Cru-Ile-des-Vergelesses-La-vie-est-Belle-sans-soufre-ajoute-2018-750ml.png","width":331,"height":1200,"caption":"Chandon de Briailles Pernand 1er Cru \"\u00cele des Vergelesses\" La vie est Belle, sans soufre ajout\u00e9 2018 750ml"},{"@type":"BreadcrumbList","@id":"https:\/\/wein-werte.com\/en\/product\/chandon-de-briailles-pernand-1er-cru-ile-des-vergelesses-la-vie-est-belle-sans-soufre-ajoute-2018-750ml\/#breadcrumb","itemListElement":[{"@type":"ListItem","position":1,"name":"Home","item":"https:\/\/wein-werte.com\/en\/"},{"@type":"ListItem","position":2,"name":"Shop Page","item":"https:\/\/wein-werte.com\/en\/shop\/"},{"@type":"ListItem","position":3,"name":"Chandon de Briailles | Burgundy | Pernand 1er Cru &#8220;\u00cele des Vergelesses&#8221; La vie est Belle, sans soufre ajout\u00e9 | 2018 | 750ml | bio"}]},{"@type":"WebSite","@id":"https:\/\/wein-werte.com\/de\/#website","url":"https:\/\/wein-werte.com\/de\/","name":"Wein Werte","description":"","publisher":{"@id":"https:\/\/wein-werte.com\/de\/#organization"},"potentialAction":[{"@type":"SearchAction","target":{"@type":"EntryPoint","urlTemplate":"https:\/\/wein-werte.com\/de\/?s={search_term_string}"},"query-input":{"@type":"PropertyValueSpecification","valueRequired":true,"valueName":"search_term_string"}}],"inLanguage":"en-US"},{"@type":"Organization","@id":"https:\/\/wein-werte.com\/de\/#organization","name":"Vins Fins Thorrold","url":"https:\/\/wein-werte.com\/de\/","logo":{"@type":"ImageObject","inLanguage":"en-US","@id":"https:\/\/wein-werte.com\/de\/#\/schema\/logo\/image\/","url":"https:\/\/wein-werte.com\/wp-content\/uploads\/2023\/07\/Wein_werte_Logo700-1.png","contentUrl":"https:\/\/wein-werte.com\/wp-content\/uploads\/2023\/07\/Wein_werte_Logo700-1.png","width":700,"height":272,"caption":"Vins Fins Thorrold"},"image":{"@id":"https:\/\/wein-werte.com\/de\/#\/schema\/logo\/image\/"}}]}},"_links":{"self":[{"href":"https:\/\/wein-werte.com\/en\/wp-json\/wp\/v2\/product\/1123133","targetHints":{"allow":["GET"]}}],"collection":[{"href":"https:\/\/wein-werte.com\/en\/wp-json\/wp\/v2\/product"}],"about":[{"href":"https:\/\/wein-werte.com\/en\/wp-json\/wp\/v2\/types\/product"}],"wp:featuredmedia":[{"embeddable":true,"href":"https:\/\/wein-werte.com\/en\/wp-json\/wp\/v2\/media\/1139121"}],"wp:attachment":[{"href":"https:\/\/wein-werte.com\/en\/wp-json\/wp\/v2\/media?parent=1123133"}],"wp:term":[{"taxonomy":"product_brand","embeddable":true,"href":"https:\/\/wein-werte.com\/en\/wp-json\/wp\/v2\/product_brand?post=1123133"},{"taxonomy":"product_cat","embeddable":true,"href":"https:\/\/wein-werte.com\/en\/wp-json\/wp\/v2\/product_cat?post=1123133"},{"taxonomy":"product_tag","embeddable":true,"href":"https:\/\/wein-werte.com\/en\/wp-json\/wp\/v2\/product_tag?post=1123133"}],"curies":[{"name":"wp","href":"https:\/\/api.w.org\/{rel}","templated":true}]}}