{"id":1123126,"date":"2026-05-05T18:10:48","date_gmt":"2026-05-05T16:10:48","guid":{"rendered":"https:\/\/wein-werte.com\/product\/chandon-de-briailles-savigny-les-beaune-1er-cru-les-lavieres-rouge-2017-750ml\/"},"modified":"2026-05-05T18:10:48","modified_gmt":"2026-05-05T16:10:48","slug":"chandon-de-briailles-savigny-les-beaune-1er-cru-les-lavieres-rouge-2017-750ml","status":"publish","type":"product","link":"https:\/\/wein-werte.com\/en\/product\/chandon-de-briailles-savigny-les-beaune-1er-cru-les-lavieres-rouge-2017-750ml\/","title":{"rendered":"Chandon de Briailles | Burgundy | Savigny-L\u00e8s-Beaune 1er Cru &#8220;Les Lavi\u00e8res&#8221; rouge | 2017 | 750ml | bio"},"content":{"rendered":"<p>Product description for Chandon de Briailles Savigny-L\u00e8s-Beaune 1er Cru &#8220;Les Lavi\u00e8res&#8221; rouge 2017 (bio)<\/p>\n<p>The Pinot Noir comes from the Premier Cru Les Lavi\u00e8res vineyard in Savigny-l\u00e8s-Beaune. The municipality is located about three and a half kilometers northwest of Beaune and, with 383 hectares, boasts one of the most extensive vineyards in the region. The Premier Cru Les Lavi\u00e8res vineyard is located towards Pernand-Vergelesses. Domaine Chandon de Briailles owns 2.61 hectares at the heart of the 17.66-hectare vineyard, which is named after the lav\u00e9s, flat limestone boulders that were formerly used as roof tiles in Burgundy. The vines are around 50 years old and planted in a south-southeast facing soil consisting of a mixture of sandstone, sand, and marl, with ferrous oolite in the upper part and reddish-brown, crumbly limestone in the lower part. Spontaneous fermentation took place in a wood-clad cuv\u00e9e with a fairly high proportion of whole-bunch grapes. The wine was then transferred by gravity into barriques and tonneaux with a small proportion of new wood. This was followed by around 14 months of maturation without further movement or racking. Bottling took place with a minimal amount of sulfur, mostly directly from the barrel. <\/p>\n<h5>Information about the wine<\/h5>\n<p> The Pinot Noir comes from the Premier Cru Les Lavi\u00e8res vineyard in Savigny-l\u00e8s-Beaune. The commune is located around six kilometers northwest of Beaune and, at 383 hectares, has one of the largest vineyards in the region. The Premier Cru Les Lavi\u00e8res vineyard is located towards Pernand-Vergelesses. The domaine owns 2.61 hectares in the heart of the 17.66 hectare vineyard. The vines are around 50 years old and are planted in a south-southeast facing soil consisting of a mixture of sandstone, sand, and marl with iron-rich oolite in the upper regions and reddish-brown, crumbly limestone in the lower regions. <\/p>\n<h5>Colour<\/h5>\n<p> Medium cherry red <\/p>\n<h5>Nose<\/h5>\n<p> The 2017 Pinot Noir from the Les Lavi\u00e8res single vineyard in Savigny-l\u00e8s-Beaune is round and full-bodied with notes of ripe, bruised wild berries, particularly sugared raspberries. The wine also offers a slightly lactic component as well as notes of damp forest floor and undergrowth. This is underscored by a subtle hint of rose petals, violets, and limestone. <\/p>\n<h5>Palate<\/h5>\n<p> On the palate, Les Lavi\u00e8res is as juicy as it is soft, slightly lactic, and characterized by the sugary wild berries that were also present in the nose. Added to this is a rather restrained acidity. The more air and time the Pinot Noir is given, the more powerful, juicy, fresh, and tannic it becomes. Compared to Aux Fournaux, it is a somewhat darker and more masculine wine. It only takes an hour (at this point) for the wine to reach its full potential, collect itself, and find balance. And then it&#8217;s already a lot of fun.<\/p>\n<p>Copyright Vinaturel 2025<\/p>\n<p>Keywords: <a href=\"https:\/\/wein-werte.com\/shop\/?swoof=1&#038;pa_producer=Chandon-de-Briailles\">Chandon de Briailles<\/a> <a href=\"https:\/\/wein-werte.com\/shop\/?swoof=1&#038;woof_text=Savigny-L\u00e8s-Beaune 1er Cru \"Les Lavi\u00e8res\" rouge\">Savigny-L\u00e8s-Beaune 1er Cru &#8220;Les Lavi\u00e8res&#8221; rouge<\/a> 2017 bio <a href=\"https:\/\/wein-werte.com\/shop\/?swoof=1&#038;pa_region=Burgundy\">Burgundy<\/a> <a href=\"https:\/\/wein-werte.com\/shop\/?swoof=1&#038;pa_country=France\">France<\/a><\/p>\n<h3>Wine Advocate<\/h3>\n<p>Score: 90<\/p>\n<p>The 2017 Savigny-l\u00e8s-Beaune 1er Cru Les Lavi\u00e8res exhibits aromas of juicy cherries, rose petal, currant leaf, rich soil and warm spices, followed by a medium to full-bodied, satiny and succulent palate, with melting tannins, juicy fruit and a sapid finish. The domaine&#8217;s old vines in this superbly situated premier cru have put in a very strong showing this year, and like the Savigny AOC, this was already in bottle when I tasted it.<br \/>William Kelley<\/p>\n<h3>Vinous<\/h3>\n<p>Score: 92<\/p>\n<p>The 2017 Savigny-l\u00e8s-Beaune Les Lavi\u00e8res 1er Cru, already in bottle, has a vibrant, spicy, rose petal and violet bouquet that is even more intense than the Aux Fournaux. The chalk\/limestone terroir really shows through here. The palate is medium-bodied with supple tannin. It does not quite have the charm and crystalline quality of the Aux Fournaux, but is more masculine and structured, with a lovely marine element tincturing the dark berry fruit toward the chalky finish. Excellent.<br \/>\n &#8212; Neal Martin<br \/>Drinking window: 2021 &#8211; 2038<br \/>Review date: Jan 2019<\/p>\n<p>Producer website: <a href=\"http:\/\/www.chandondebriailles.com\/en\/\" target=\"_blank\">http:\/\/www.chandondebriailles.com\/en\/<\/a><\/p>\n","protected":false},"excerpt":{"rendered":"<p>Delivery time: 1 to 2 working days (DE), 2 to 5 working days (EU and CH)<\/p>\n","protected":false},"featured_media":1139103,"template":"","meta":[],"product_brand":[],"product_cat":[19],"product_tag":[],"class_list":{"0":"post-1123126","1":"product","2":"type-product","3":"status-publish","4":"has-post-thumbnail","6":"product_cat-unkategorisiert","7":"pa_alcohol-for-filter-12-5","8":"pa_certified-biodynamic-yes","9":"pa_certified-organic-yes","10":"pa_colour-red","11":"pa_country-france","12":"pa_grape-pinot-noir-spatburgunder","13":"pa_parker-points-for-filter-16156","14":"pa_price-for-filter-10617","15":"pa_producer-chandon-de-briailles","16":"pa_region-burgundy","17":"pa_size-ml-6584","18":"pa_sweetness-dry","19":"pa_type-2-still","20":"pa_vinous-points-for-filter-16138","21":"pa_vintage-6612","22":"entry","23":"has-media","25":"first","26":"instock","27":"taxable","28":"shipping-taxable","29":"purchasable","30":"product-type-simple"},"yoast_head":"<!-- This site is optimized with the Yoast SEO plugin v27.5 - https:\/\/yoast.com\/product\/yoast-seo-wordpress\/ -->\n<title>Chandon de Briailles Savigny-L\u00e8s-Beaune 1er Cru &quot;Les Lavi\u00e8res&quot; rouge 2017<\/title>\n<meta name=\"description\" content=\"Buy Chandon de Briailles Savigny-L\u00e8s-Beaune 1er Cru &quot;Les Lavi\u00e8res&quot; rouge 2017 - a dry Pinot Noir from Burgundy, France - at Wein Werte, your sustainable online shop.\" \/>\n<meta name=\"robots\" content=\"index, follow, max-snippet:-1, max-image-preview:large, max-video-preview:-1\" \/>\n<link rel=\"canonical\" href=\"https:\/\/wein-werte.com\/en\/product\/chandon-de-briailles-savigny-les-beaune-1er-cru-les-lavieres-rouge-2017-750ml\/\" \/>\n<meta property=\"og:locale\" content=\"en_US\" \/>\n<meta property=\"og:type\" content=\"article\" \/>\n<meta property=\"og:title\" content=\"Chandon de Briailles Savigny-L\u00e8s-Beaune 1er Cru &quot;Les Lavi\u00e8res&quot; rouge 2017\" \/>\n<meta property=\"og:description\" content=\"Buy Chandon de Briailles Savigny-L\u00e8s-Beaune 1er Cru &quot;Les Lavi\u00e8res&quot; rouge 2017 - a dry Pinot Noir from Burgundy, France - at Wein Werte, your sustainable online shop.\" \/>\n<meta property=\"og:url\" content=\"https:\/\/wein-werte.com\/en\/product\/chandon-de-briailles-savigny-les-beaune-1er-cru-les-lavieres-rouge-2017-750ml\/\" \/>\n<meta property=\"og:site_name\" content=\"Wein Werte\" \/>\n<meta property=\"og:image\" content=\"https:\/\/wein-werte.com\/wp-content\/uploads\/2026\/04\/Chandon-de-Briailles-Savigny-Les-Beaune-1er-Cru-Les-Lavieres-rouge-2017-750ml.png\" \/>\n\t<meta property=\"og:image:width\" content=\"332\" \/>\n\t<meta property=\"og:image:height\" content=\"1200\" \/>\n\t<meta property=\"og:image:type\" content=\"image\/png\" \/>\n<meta name=\"twitter:card\" content=\"summary_large_image\" \/>\n<meta name=\"twitter:label1\" content=\"Est. reading time\" \/>\n\t<meta name=\"twitter:data1\" content=\"3 minutes\" \/>\n<script type=\"application\/ld+json\" class=\"yoast-schema-graph\">{\"@context\":\"https:\\\/\\\/schema.org\",\"@graph\":[{\"@type\":\"WebPage\",\"@id\":\"https:\\\/\\\/wein-werte.com\\\/en\\\/product\\\/chandon-de-briailles-savigny-les-beaune-1er-cru-les-lavieres-rouge-2017-750ml\\\/\",\"url\":\"https:\\\/\\\/wein-werte.com\\\/en\\\/product\\\/chandon-de-briailles-savigny-les-beaune-1er-cru-les-lavieres-rouge-2017-750ml\\\/\",\"name\":\"Chandon de Briailles Savigny-L\u00e8s-Beaune 1er Cru \\\"Les Lavi\u00e8res\\\" rouge 2017\",\"isPartOf\":{\"@id\":\"https:\\\/\\\/wein-werte.com\\\/de\\\/#website\"},\"primaryImageOfPage\":{\"@id\":\"https:\\\/\\\/wein-werte.com\\\/en\\\/product\\\/chandon-de-briailles-savigny-les-beaune-1er-cru-les-lavieres-rouge-2017-750ml\\\/#primaryimage\"},\"image\":{\"@id\":\"https:\\\/\\\/wein-werte.com\\\/en\\\/product\\\/chandon-de-briailles-savigny-les-beaune-1er-cru-les-lavieres-rouge-2017-750ml\\\/#primaryimage\"},\"thumbnailUrl\":\"https:\\\/\\\/wein-werte.com\\\/wp-content\\\/uploads\\\/2026\\\/04\\\/Chandon-de-Briailles-Savigny-Les-Beaune-1er-Cru-Les-Lavieres-rouge-2017-750ml.png\",\"datePublished\":\"2026-05-05T16:10:48+00:00\",\"description\":\"Buy Chandon de Briailles Savigny-L\u00e8s-Beaune 1er Cru \\\"Les Lavi\u00e8res\\\" rouge 2017 - a dry Pinot Noir from Burgundy, France - at Wein Werte, your sustainable online shop.\",\"breadcrumb\":{\"@id\":\"https:\\\/\\\/wein-werte.com\\\/en\\\/product\\\/chandon-de-briailles-savigny-les-beaune-1er-cru-les-lavieres-rouge-2017-750ml\\\/#breadcrumb\"},\"inLanguage\":\"en-US\",\"potentialAction\":[{\"@type\":\"ReadAction\",\"target\":[\"https:\\\/\\\/wein-werte.com\\\/en\\\/product\\\/chandon-de-briailles-savigny-les-beaune-1er-cru-les-lavieres-rouge-2017-750ml\\\/\"]}]},{\"@type\":\"ImageObject\",\"inLanguage\":\"en-US\",\"@id\":\"https:\\\/\\\/wein-werte.com\\\/en\\\/product\\\/chandon-de-briailles-savigny-les-beaune-1er-cru-les-lavieres-rouge-2017-750ml\\\/#primaryimage\",\"url\":\"https:\\\/\\\/wein-werte.com\\\/wp-content\\\/uploads\\\/2026\\\/04\\\/Chandon-de-Briailles-Savigny-Les-Beaune-1er-Cru-Les-Lavieres-rouge-2017-750ml.png\",\"contentUrl\":\"https:\\\/\\\/wein-werte.com\\\/wp-content\\\/uploads\\\/2026\\\/04\\\/Chandon-de-Briailles-Savigny-Les-Beaune-1er-Cru-Les-Lavieres-rouge-2017-750ml.png\",\"width\":332,\"height\":1200,\"caption\":\"Chandon de Briailles Savigny-L\u00e8s-Beaune 1er Cru \\\"Les Lavi\u00e8res\\\" rouge 2017 750ml\"},{\"@type\":\"BreadcrumbList\",\"@id\":\"https:\\\/\\\/wein-werte.com\\\/en\\\/product\\\/chandon-de-briailles-savigny-les-beaune-1er-cru-les-lavieres-rouge-2017-750ml\\\/#breadcrumb\",\"itemListElement\":[{\"@type\":\"ListItem\",\"position\":1,\"name\":\"Home\",\"item\":\"https:\\\/\\\/wein-werte.com\\\/en\\\/\"},{\"@type\":\"ListItem\",\"position\":2,\"name\":\"Shop Page\",\"item\":\"https:\\\/\\\/wein-werte.com\\\/en\\\/shop\\\/\"},{\"@type\":\"ListItem\",\"position\":3,\"name\":\"Chandon de Briailles | Burgundy | Savigny-L\u00e8s-Beaune 1er Cru &#8220;Les Lavi\u00e8res&#8221; rouge | 2017 | 750ml | bio\"}]},{\"@type\":\"WebSite\",\"@id\":\"https:\\\/\\\/wein-werte.com\\\/de\\\/#website\",\"url\":\"https:\\\/\\\/wein-werte.com\\\/de\\\/\",\"name\":\"Wein Werte\",\"description\":\"\",\"publisher\":{\"@id\":\"https:\\\/\\\/wein-werte.com\\\/de\\\/#organization\"},\"potentialAction\":[{\"@type\":\"SearchAction\",\"target\":{\"@type\":\"EntryPoint\",\"urlTemplate\":\"https:\\\/\\\/wein-werte.com\\\/de\\\/?s={search_term_string}\"},\"query-input\":{\"@type\":\"PropertyValueSpecification\",\"valueRequired\":true,\"valueName\":\"search_term_string\"}}],\"inLanguage\":\"en-US\"},{\"@type\":\"Organization\",\"@id\":\"https:\\\/\\\/wein-werte.com\\\/de\\\/#organization\",\"name\":\"Vins Fins Thorrold\",\"url\":\"https:\\\/\\\/wein-werte.com\\\/de\\\/\",\"logo\":{\"@type\":\"ImageObject\",\"inLanguage\":\"en-US\",\"@id\":\"https:\\\/\\\/wein-werte.com\\\/de\\\/#\\\/schema\\\/logo\\\/image\\\/\",\"url\":\"https:\\\/\\\/wein-werte.com\\\/wp-content\\\/uploads\\\/2023\\\/07\\\/Wein_werte_Logo700-1.png\",\"contentUrl\":\"https:\\\/\\\/wein-werte.com\\\/wp-content\\\/uploads\\\/2023\\\/07\\\/Wein_werte_Logo700-1.png\",\"width\":700,\"height\":272,\"caption\":\"Vins Fins Thorrold\"},\"image\":{\"@id\":\"https:\\\/\\\/wein-werte.com\\\/de\\\/#\\\/schema\\\/logo\\\/image\\\/\"}}]}<\/script>\n<!-- \/ Yoast SEO plugin. -->","yoast_head_json":{"title":"Chandon de Briailles Savigny-L\u00e8s-Beaune 1er Cru \"Les Lavi\u00e8res\" rouge 2017","description":"Buy Chandon de Briailles Savigny-L\u00e8s-Beaune 1er Cru \"Les Lavi\u00e8res\" rouge 2017 - a dry Pinot Noir from Burgundy, France - at Wein Werte, your sustainable online shop.","robots":{"index":"index","follow":"follow","max-snippet":"max-snippet:-1","max-image-preview":"max-image-preview:large","max-video-preview":"max-video-preview:-1"},"canonical":"https:\/\/wein-werte.com\/en\/product\/chandon-de-briailles-savigny-les-beaune-1er-cru-les-lavieres-rouge-2017-750ml\/","og_locale":"en_US","og_type":"article","og_title":"Chandon de Briailles Savigny-L\u00e8s-Beaune 1er Cru \"Les Lavi\u00e8res\" rouge 2017","og_description":"Buy Chandon de Briailles Savigny-L\u00e8s-Beaune 1er Cru \"Les Lavi\u00e8res\" rouge 2017 - a dry Pinot Noir from Burgundy, France - at Wein Werte, your sustainable online shop.","og_url":"https:\/\/wein-werte.com\/en\/product\/chandon-de-briailles-savigny-les-beaune-1er-cru-les-lavieres-rouge-2017-750ml\/","og_site_name":"Wein Werte","og_image":[{"width":332,"height":1200,"url":"https:\/\/wein-werte.com\/wp-content\/uploads\/2026\/04\/Chandon-de-Briailles-Savigny-Les-Beaune-1er-Cru-Les-Lavieres-rouge-2017-750ml.png","type":"image\/png"}],"twitter_card":"summary_large_image","twitter_misc":{"Est. reading time":"3 minutes"},"schema":{"@context":"https:\/\/schema.org","@graph":[{"@type":"WebPage","@id":"https:\/\/wein-werte.com\/en\/product\/chandon-de-briailles-savigny-les-beaune-1er-cru-les-lavieres-rouge-2017-750ml\/","url":"https:\/\/wein-werte.com\/en\/product\/chandon-de-briailles-savigny-les-beaune-1er-cru-les-lavieres-rouge-2017-750ml\/","name":"Chandon de Briailles Savigny-L\u00e8s-Beaune 1er Cru \"Les Lavi\u00e8res\" rouge 2017","isPartOf":{"@id":"https:\/\/wein-werte.com\/de\/#website"},"primaryImageOfPage":{"@id":"https:\/\/wein-werte.com\/en\/product\/chandon-de-briailles-savigny-les-beaune-1er-cru-les-lavieres-rouge-2017-750ml\/#primaryimage"},"image":{"@id":"https:\/\/wein-werte.com\/en\/product\/chandon-de-briailles-savigny-les-beaune-1er-cru-les-lavieres-rouge-2017-750ml\/#primaryimage"},"thumbnailUrl":"https:\/\/wein-werte.com\/wp-content\/uploads\/2026\/04\/Chandon-de-Briailles-Savigny-Les-Beaune-1er-Cru-Les-Lavieres-rouge-2017-750ml.png","datePublished":"2026-05-05T16:10:48+00:00","description":"Buy Chandon de Briailles Savigny-L\u00e8s-Beaune 1er Cru \"Les Lavi\u00e8res\" rouge 2017 - a dry Pinot Noir from Burgundy, France - at Wein Werte, your sustainable online shop.","breadcrumb":{"@id":"https:\/\/wein-werte.com\/en\/product\/chandon-de-briailles-savigny-les-beaune-1er-cru-les-lavieres-rouge-2017-750ml\/#breadcrumb"},"inLanguage":"en-US","potentialAction":[{"@type":"ReadAction","target":["https:\/\/wein-werte.com\/en\/product\/chandon-de-briailles-savigny-les-beaune-1er-cru-les-lavieres-rouge-2017-750ml\/"]}]},{"@type":"ImageObject","inLanguage":"en-US","@id":"https:\/\/wein-werte.com\/en\/product\/chandon-de-briailles-savigny-les-beaune-1er-cru-les-lavieres-rouge-2017-750ml\/#primaryimage","url":"https:\/\/wein-werte.com\/wp-content\/uploads\/2026\/04\/Chandon-de-Briailles-Savigny-Les-Beaune-1er-Cru-Les-Lavieres-rouge-2017-750ml.png","contentUrl":"https:\/\/wein-werte.com\/wp-content\/uploads\/2026\/04\/Chandon-de-Briailles-Savigny-Les-Beaune-1er-Cru-Les-Lavieres-rouge-2017-750ml.png","width":332,"height":1200,"caption":"Chandon de Briailles Savigny-L\u00e8s-Beaune 1er Cru \"Les Lavi\u00e8res\" rouge 2017 750ml"},{"@type":"BreadcrumbList","@id":"https:\/\/wein-werte.com\/en\/product\/chandon-de-briailles-savigny-les-beaune-1er-cru-les-lavieres-rouge-2017-750ml\/#breadcrumb","itemListElement":[{"@type":"ListItem","position":1,"name":"Home","item":"https:\/\/wein-werte.com\/en\/"},{"@type":"ListItem","position":2,"name":"Shop Page","item":"https:\/\/wein-werte.com\/en\/shop\/"},{"@type":"ListItem","position":3,"name":"Chandon de Briailles | Burgundy | Savigny-L\u00e8s-Beaune 1er Cru &#8220;Les Lavi\u00e8res&#8221; rouge | 2017 | 750ml | bio"}]},{"@type":"WebSite","@id":"https:\/\/wein-werte.com\/de\/#website","url":"https:\/\/wein-werte.com\/de\/","name":"Wein Werte","description":"","publisher":{"@id":"https:\/\/wein-werte.com\/de\/#organization"},"potentialAction":[{"@type":"SearchAction","target":{"@type":"EntryPoint","urlTemplate":"https:\/\/wein-werte.com\/de\/?s={search_term_string}"},"query-input":{"@type":"PropertyValueSpecification","valueRequired":true,"valueName":"search_term_string"}}],"inLanguage":"en-US"},{"@type":"Organization","@id":"https:\/\/wein-werte.com\/de\/#organization","name":"Vins Fins Thorrold","url":"https:\/\/wein-werte.com\/de\/","logo":{"@type":"ImageObject","inLanguage":"en-US","@id":"https:\/\/wein-werte.com\/de\/#\/schema\/logo\/image\/","url":"https:\/\/wein-werte.com\/wp-content\/uploads\/2023\/07\/Wein_werte_Logo700-1.png","contentUrl":"https:\/\/wein-werte.com\/wp-content\/uploads\/2023\/07\/Wein_werte_Logo700-1.png","width":700,"height":272,"caption":"Vins Fins Thorrold"},"image":{"@id":"https:\/\/wein-werte.com\/de\/#\/schema\/logo\/image\/"}}]}},"_links":{"self":[{"href":"https:\/\/wein-werte.com\/en\/wp-json\/wp\/v2\/product\/1123126","targetHints":{"allow":["GET"]}}],"collection":[{"href":"https:\/\/wein-werte.com\/en\/wp-json\/wp\/v2\/product"}],"about":[{"href":"https:\/\/wein-werte.com\/en\/wp-json\/wp\/v2\/types\/product"}],"wp:featuredmedia":[{"embeddable":true,"href":"https:\/\/wein-werte.com\/en\/wp-json\/wp\/v2\/media\/1139103"}],"wp:attachment":[{"href":"https:\/\/wein-werte.com\/en\/wp-json\/wp\/v2\/media?parent=1123126"}],"wp:term":[{"taxonomy":"product_brand","embeddable":true,"href":"https:\/\/wein-werte.com\/en\/wp-json\/wp\/v2\/product_brand?post=1123126"},{"taxonomy":"product_cat","embeddable":true,"href":"https:\/\/wein-werte.com\/en\/wp-json\/wp\/v2\/product_cat?post=1123126"},{"taxonomy":"product_tag","embeddable":true,"href":"https:\/\/wein-werte.com\/en\/wp-json\/wp\/v2\/product_tag?post=1123126"}],"curies":[{"name":"wp","href":"https:\/\/api.w.org\/{rel}","templated":true}]}}