{"id":1123114,"date":"2026-05-08T19:56:18","date_gmt":"2026-05-08T17:56:18","guid":{"rendered":"https:\/\/wein-werte.com\/product\/chene-bleu-aliot-2018-750ml\/"},"modified":"2026-05-08T19:56:18","modified_gmt":"2026-05-08T17:56:18","slug":"chene-bleu-aliot-2018-750ml","status":"publish","type":"product","link":"https:\/\/wein-werte.com\/en\/product\/chene-bleu-aliot-2018-750ml\/","title":{"rendered":"Ch\u00eane Bleu | Southern Rh\u00f4ne | Aliot IGP | 2018 | 750ml | bio"},"content":{"rendered":"<p>Product description for Ch\u00eane Bleu Aliot IGP 2018 (bio)<\/p>\n<h5>Info<\/h5>\n<p> A cuv\u00e9e of Roussanne, Grenache Blanc, and Marsanne, as well as a touch of Viognier. The vineyard is located high up in the Ventoux. After manual harvesting, the berries are sorted twice. Lowest yields with the highest fruit quality. Fermentation takes place in small batches in the modern cellar, which is completely subordinated to gravity. A mixture of traditional and ultra-modern techniques is used in the cellar. Fermentation and aging take place for eight months in small wooden barrels. <\/p>\n<h5>Colour<\/h5>\n<p> Intense, bright lemon yellow with green reflections. <\/p>\n<h5>Nose<\/h5>\n<p> Abundant warm aromas flow from the glass. Kaffir lime leaves envelop the scent of grapefruit, blood orange, mango, and pineapple. A touch of khaki and ripe apricot complement this wonderfully. It has a nutty aroma of walnuts and almonds. This, too, is in wonderful harmony with the fruit. Oriental spice is reminiscent of turmeric and ras el hanout, as well as cinnamon sticks and cardamom. Rosemary, lavender, ethereally fragrant pine groves and pine cones, and the omnipresent garrigue add the finishing touches to the Mediterranean. However, the fruit and spice are always enlivened by cooling elements. <\/p>\n<h5>Palate<\/h5>\n<p> All of these impressions are combined on the palate. It flows oily and generously across the palate. The fruit reveals itself in all its facets. It is lush in its aroma, but concentrated in its mouthfeel, which I greatly appreciate. Thus, it also benefits from fine acidity and stony hints, which activate it very well. The spicy Mediterranean and oriental aromas offer a beautiful duel in the finish.<\/p>\n<p>Copyright Vinaturel 2025<\/p>\n<p>Keywords: <a href=\"https:\/\/wein-werte.com\/shop\/?swoof=1&#038;pa_producer=Ch\u00eane-Bleu\">Ch\u00eane Bleu<\/a> <a href=\"https:\/\/wein-werte.com\/shop\/?swoof=1&#038;woof_text=Aliot IGP\">Aliot IGP<\/a> 2018 bio <a href=\"https:\/\/wein-werte.com\/shop\/?swoof=1&#038;pa_region=Southern Rh\u00f4ne\">Southern-Rh\u00f4ne<\/a> <a href=\"https:\/\/wein-werte.com\/shop\/?swoof=1&#038;pa_country=France\">France<\/a><\/p>\n<p>Producer website: <a href=\"https:\/\/www.chenebleu.com\/\" target=\"_blank\">https:\/\/www.chenebleu.com\/<\/a><\/p>\n","protected":false},"excerpt":{"rendered":"<p>Delivery time: 1 to 2 working days (DE), 2 to 5 working days (EU and CH)<\/p>\n","protected":false},"featured_media":1139059,"template":"","meta":[],"product_brand":[],"product_cat":[19],"product_tag":[],"class_list":{"0":"post-1123114","1":"product","2":"type-product","3":"status-publish","4":"has-post-thumbnail","6":"product_cat-unkategorisiert","7":"pa_alcohol-for-filter-14-5","8":"pa_certified-biodynamic-no","9":"pa_certified-organic-yes","10":"pa_colour-white","11":"pa_country-france","12":"pa_grape-grenache-blanc-blend","13":"pa_price-for-filter-10614","14":"pa_producer-chene-bleu","15":"pa_region-southern-rhone","16":"pa_size-ml-6584","17":"pa_sweetness-dry","18":"pa_type-2-still","19":"pa_vintage-6616","20":"entry","21":"has-media","23":"first","24":"instock","25":"taxable","26":"shipping-taxable","27":"purchasable","28":"product-type-simple"},"yoast_head":"<!-- This site is optimized with the Yoast SEO plugin v27.5 - https:\/\/yoast.com\/product\/yoast-seo-wordpress\/ -->\n<title>Ch\u00eane Bleu Aliot 2018<\/title>\n<meta name=\"description\" content=\"Buy Ch\u00eane Bleu Aliot 2018 - a dry Grenache blanc blend from Southern Rh\u00f4ne, France - at Wein Werte, your sustainable online shop.\" \/>\n<meta name=\"robots\" content=\"index, follow, max-snippet:-1, max-image-preview:large, max-video-preview:-1\" \/>\n<link rel=\"canonical\" href=\"https:\/\/wein-werte.com\/en\/product\/chene-bleu-aliot-2018-750ml\/\" \/>\n<meta property=\"og:locale\" content=\"en_US\" \/>\n<meta property=\"og:type\" content=\"article\" \/>\n<meta property=\"og:title\" content=\"Ch\u00eane Bleu Aliot 2018\" \/>\n<meta property=\"og:description\" content=\"Buy Ch\u00eane Bleu Aliot 2018 - a dry Grenache blanc blend from Southern Rh\u00f4ne, France - at Wein Werte, your sustainable online shop.\" \/>\n<meta property=\"og:url\" content=\"https:\/\/wein-werte.com\/en\/product\/chene-bleu-aliot-2018-750ml\/\" \/>\n<meta property=\"og:site_name\" content=\"Wein Werte\" \/>\n<meta property=\"og:image\" content=\"https:\/\/wein-werte.com\/wp-content\/uploads\/2026\/04\/Chene-Bleu-Aliot-2018-750ml.png\" \/>\n\t<meta property=\"og:image:width\" content=\"271\" \/>\n\t<meta property=\"og:image:height\" content=\"1200\" \/>\n\t<meta property=\"og:image:type\" content=\"image\/png\" \/>\n<meta name=\"twitter:card\" content=\"summary_large_image\" \/>\n<meta name=\"twitter:label1\" content=\"Est. reading time\" \/>\n\t<meta name=\"twitter:data1\" content=\"1 minute\" \/>\n<script type=\"application\/ld+json\" class=\"yoast-schema-graph\">{\"@context\":\"https:\\\/\\\/schema.org\",\"@graph\":[{\"@type\":\"WebPage\",\"@id\":\"https:\\\/\\\/wein-werte.com\\\/en\\\/product\\\/chene-bleu-aliot-2018-750ml\\\/\",\"url\":\"https:\\\/\\\/wein-werte.com\\\/en\\\/product\\\/chene-bleu-aliot-2018-750ml\\\/\",\"name\":\"Ch\u00eane Bleu Aliot 2018\",\"isPartOf\":{\"@id\":\"https:\\\/\\\/wein-werte.com\\\/de\\\/#website\"},\"primaryImageOfPage\":{\"@id\":\"https:\\\/\\\/wein-werte.com\\\/en\\\/product\\\/chene-bleu-aliot-2018-750ml\\\/#primaryimage\"},\"image\":{\"@id\":\"https:\\\/\\\/wein-werte.com\\\/en\\\/product\\\/chene-bleu-aliot-2018-750ml\\\/#primaryimage\"},\"thumbnailUrl\":\"https:\\\/\\\/wein-werte.com\\\/wp-content\\\/uploads\\\/2026\\\/04\\\/Chene-Bleu-Aliot-2018-750ml.png\",\"datePublished\":\"2026-05-08T17:56:18+00:00\",\"description\":\"Buy Ch\u00eane Bleu Aliot 2018 - a dry Grenache blanc blend from Southern Rh\u00f4ne, France - at Wein Werte, your sustainable online shop.\",\"breadcrumb\":{\"@id\":\"https:\\\/\\\/wein-werte.com\\\/en\\\/product\\\/chene-bleu-aliot-2018-750ml\\\/#breadcrumb\"},\"inLanguage\":\"en-US\",\"potentialAction\":[{\"@type\":\"ReadAction\",\"target\":[\"https:\\\/\\\/wein-werte.com\\\/en\\\/product\\\/chene-bleu-aliot-2018-750ml\\\/\"]}]},{\"@type\":\"ImageObject\",\"inLanguage\":\"en-US\",\"@id\":\"https:\\\/\\\/wein-werte.com\\\/en\\\/product\\\/chene-bleu-aliot-2018-750ml\\\/#primaryimage\",\"url\":\"https:\\\/\\\/wein-werte.com\\\/wp-content\\\/uploads\\\/2026\\\/04\\\/Chene-Bleu-Aliot-2018-750ml.png\",\"contentUrl\":\"https:\\\/\\\/wein-werte.com\\\/wp-content\\\/uploads\\\/2026\\\/04\\\/Chene-Bleu-Aliot-2018-750ml.png\",\"width\":271,\"height\":1200,\"caption\":\"Ch\u00eane Bleu Aliot IGP 2018 750ml\"},{\"@type\":\"BreadcrumbList\",\"@id\":\"https:\\\/\\\/wein-werte.com\\\/en\\\/product\\\/chene-bleu-aliot-2018-750ml\\\/#breadcrumb\",\"itemListElement\":[{\"@type\":\"ListItem\",\"position\":1,\"name\":\"Home\",\"item\":\"https:\\\/\\\/wein-werte.com\\\/en\\\/\"},{\"@type\":\"ListItem\",\"position\":2,\"name\":\"Shop Page\",\"item\":\"https:\\\/\\\/wein-werte.com\\\/en\\\/shop\\\/\"},{\"@type\":\"ListItem\",\"position\":3,\"name\":\"Ch\u00eane Bleu | Southern Rh\u00f4ne | Aliot IGP | 2018 | 750ml | bio\"}]},{\"@type\":\"WebSite\",\"@id\":\"https:\\\/\\\/wein-werte.com\\\/de\\\/#website\",\"url\":\"https:\\\/\\\/wein-werte.com\\\/de\\\/\",\"name\":\"Wein Werte\",\"description\":\"\",\"publisher\":{\"@id\":\"https:\\\/\\\/wein-werte.com\\\/de\\\/#organization\"},\"potentialAction\":[{\"@type\":\"SearchAction\",\"target\":{\"@type\":\"EntryPoint\",\"urlTemplate\":\"https:\\\/\\\/wein-werte.com\\\/de\\\/?s={search_term_string}\"},\"query-input\":{\"@type\":\"PropertyValueSpecification\",\"valueRequired\":true,\"valueName\":\"search_term_string\"}}],\"inLanguage\":\"en-US\"},{\"@type\":\"Organization\",\"@id\":\"https:\\\/\\\/wein-werte.com\\\/de\\\/#organization\",\"name\":\"Vins Fins Thorrold\",\"url\":\"https:\\\/\\\/wein-werte.com\\\/de\\\/\",\"logo\":{\"@type\":\"ImageObject\",\"inLanguage\":\"en-US\",\"@id\":\"https:\\\/\\\/wein-werte.com\\\/de\\\/#\\\/schema\\\/logo\\\/image\\\/\",\"url\":\"https:\\\/\\\/wein-werte.com\\\/wp-content\\\/uploads\\\/2023\\\/07\\\/Wein_werte_Logo700-1.png\",\"contentUrl\":\"https:\\\/\\\/wein-werte.com\\\/wp-content\\\/uploads\\\/2023\\\/07\\\/Wein_werte_Logo700-1.png\",\"width\":700,\"height\":272,\"caption\":\"Vins Fins Thorrold\"},\"image\":{\"@id\":\"https:\\\/\\\/wein-werte.com\\\/de\\\/#\\\/schema\\\/logo\\\/image\\\/\"}}]}<\/script>\n<!-- \/ Yoast SEO plugin. -->","yoast_head_json":{"title":"Ch\u00eane Bleu Aliot 2018","description":"Buy Ch\u00eane Bleu Aliot 2018 - a dry Grenache blanc blend from Southern Rh\u00f4ne, France - at Wein Werte, your sustainable online shop.","robots":{"index":"index","follow":"follow","max-snippet":"max-snippet:-1","max-image-preview":"max-image-preview:large","max-video-preview":"max-video-preview:-1"},"canonical":"https:\/\/wein-werte.com\/en\/product\/chene-bleu-aliot-2018-750ml\/","og_locale":"en_US","og_type":"article","og_title":"Ch\u00eane Bleu Aliot 2018","og_description":"Buy Ch\u00eane Bleu Aliot 2018 - a dry Grenache blanc blend from Southern Rh\u00f4ne, France - at Wein Werte, your sustainable online shop.","og_url":"https:\/\/wein-werte.com\/en\/product\/chene-bleu-aliot-2018-750ml\/","og_site_name":"Wein Werte","og_image":[{"width":271,"height":1200,"url":"https:\/\/wein-werte.com\/wp-content\/uploads\/2026\/04\/Chene-Bleu-Aliot-2018-750ml.png","type":"image\/png"}],"twitter_card":"summary_large_image","twitter_misc":{"Est. reading time":"1 minute"},"schema":{"@context":"https:\/\/schema.org","@graph":[{"@type":"WebPage","@id":"https:\/\/wein-werte.com\/en\/product\/chene-bleu-aliot-2018-750ml\/","url":"https:\/\/wein-werte.com\/en\/product\/chene-bleu-aliot-2018-750ml\/","name":"Ch\u00eane Bleu Aliot 2018","isPartOf":{"@id":"https:\/\/wein-werte.com\/de\/#website"},"primaryImageOfPage":{"@id":"https:\/\/wein-werte.com\/en\/product\/chene-bleu-aliot-2018-750ml\/#primaryimage"},"image":{"@id":"https:\/\/wein-werte.com\/en\/product\/chene-bleu-aliot-2018-750ml\/#primaryimage"},"thumbnailUrl":"https:\/\/wein-werte.com\/wp-content\/uploads\/2026\/04\/Chene-Bleu-Aliot-2018-750ml.png","datePublished":"2026-05-08T17:56:18+00:00","description":"Buy Ch\u00eane Bleu Aliot 2018 - a dry Grenache blanc blend from Southern Rh\u00f4ne, France - at Wein Werte, your sustainable online shop.","breadcrumb":{"@id":"https:\/\/wein-werte.com\/en\/product\/chene-bleu-aliot-2018-750ml\/#breadcrumb"},"inLanguage":"en-US","potentialAction":[{"@type":"ReadAction","target":["https:\/\/wein-werte.com\/en\/product\/chene-bleu-aliot-2018-750ml\/"]}]},{"@type":"ImageObject","inLanguage":"en-US","@id":"https:\/\/wein-werte.com\/en\/product\/chene-bleu-aliot-2018-750ml\/#primaryimage","url":"https:\/\/wein-werte.com\/wp-content\/uploads\/2026\/04\/Chene-Bleu-Aliot-2018-750ml.png","contentUrl":"https:\/\/wein-werte.com\/wp-content\/uploads\/2026\/04\/Chene-Bleu-Aliot-2018-750ml.png","width":271,"height":1200,"caption":"Ch\u00eane Bleu Aliot IGP 2018 750ml"},{"@type":"BreadcrumbList","@id":"https:\/\/wein-werte.com\/en\/product\/chene-bleu-aliot-2018-750ml\/#breadcrumb","itemListElement":[{"@type":"ListItem","position":1,"name":"Home","item":"https:\/\/wein-werte.com\/en\/"},{"@type":"ListItem","position":2,"name":"Shop Page","item":"https:\/\/wein-werte.com\/en\/shop\/"},{"@type":"ListItem","position":3,"name":"Ch\u00eane Bleu | Southern Rh\u00f4ne | Aliot IGP | 2018 | 750ml | bio"}]},{"@type":"WebSite","@id":"https:\/\/wein-werte.com\/de\/#website","url":"https:\/\/wein-werte.com\/de\/","name":"Wein Werte","description":"","publisher":{"@id":"https:\/\/wein-werte.com\/de\/#organization"},"potentialAction":[{"@type":"SearchAction","target":{"@type":"EntryPoint","urlTemplate":"https:\/\/wein-werte.com\/de\/?s={search_term_string}"},"query-input":{"@type":"PropertyValueSpecification","valueRequired":true,"valueName":"search_term_string"}}],"inLanguage":"en-US"},{"@type":"Organization","@id":"https:\/\/wein-werte.com\/de\/#organization","name":"Vins Fins Thorrold","url":"https:\/\/wein-werte.com\/de\/","logo":{"@type":"ImageObject","inLanguage":"en-US","@id":"https:\/\/wein-werte.com\/de\/#\/schema\/logo\/image\/","url":"https:\/\/wein-werte.com\/wp-content\/uploads\/2023\/07\/Wein_werte_Logo700-1.png","contentUrl":"https:\/\/wein-werte.com\/wp-content\/uploads\/2023\/07\/Wein_werte_Logo700-1.png","width":700,"height":272,"caption":"Vins Fins Thorrold"},"image":{"@id":"https:\/\/wein-werte.com\/de\/#\/schema\/logo\/image\/"}}]}},"_links":{"self":[{"href":"https:\/\/wein-werte.com\/en\/wp-json\/wp\/v2\/product\/1123114","targetHints":{"allow":["GET"]}}],"collection":[{"href":"https:\/\/wein-werte.com\/en\/wp-json\/wp\/v2\/product"}],"about":[{"href":"https:\/\/wein-werte.com\/en\/wp-json\/wp\/v2\/types\/product"}],"wp:featuredmedia":[{"embeddable":true,"href":"https:\/\/wein-werte.com\/en\/wp-json\/wp\/v2\/media\/1139059"}],"wp:attachment":[{"href":"https:\/\/wein-werte.com\/en\/wp-json\/wp\/v2\/media?parent=1123114"}],"wp:term":[{"taxonomy":"product_brand","embeddable":true,"href":"https:\/\/wein-werte.com\/en\/wp-json\/wp\/v2\/product_brand?post=1123114"},{"taxonomy":"product_cat","embeddable":true,"href":"https:\/\/wein-werte.com\/en\/wp-json\/wp\/v2\/product_cat?post=1123114"},{"taxonomy":"product_tag","embeddable":true,"href":"https:\/\/wein-werte.com\/en\/wp-json\/wp\/v2\/product_tag?post=1123114"}],"curies":[{"name":"wp","href":"https:\/\/api.w.org\/{rel}","templated":true}]}}