{"id":1123101,"date":"2026-05-05T18:10:43","date_gmt":"2026-05-05T16:10:43","guid":{"rendered":"https:\/\/wein-werte.com\/product\/alone-rose-atmo-750ml\/"},"modified":"2026-05-05T18:10:44","modified_gmt":"2026-05-05T16:10:44","slug":"alone-rose-atmo-750ml","status":"publish","type":"product","link":"https:\/\/wein-werte.com\/en\/product\/alone-rose-atmo-750ml\/","title":{"rendered":"Al\u00f4ne | Provence | Ros\u00e9 &#8220;ATMO&#8221; | NV | 750ml"},"content":{"rendered":"<p>Product description for Al\u00f4ne Ros\u00e9 &#8220;ATMO&#8221; NV <\/p>\n<h5>Information on the history of the wine<\/h5>\n<p> Every time Pascale Jourdan and Christian Ott passed the solitary oak tree at the entrance to the winery, they were captivated by this magnificent oak tree. The presence of this centuries-old tree on such sandy soil promised the unique quality of a terroir. Twenty years later, they acquired this fascinating site to establish their winery. Pascale and Christian wanted to break free from conventions. Passionate winemakers to the extreme, for 25 years they have been creating unique and distinctive wines that thrive on an exceptional terroir. At Domaine Al\u00f4ne, they are now writing their own story. There, in complete freedom, they produce wines derived from natural viticulture. A small river, the L\u00f4ne, flows alongside the winery. When you were looking for a name for the wine, we immediately thought of a play on words, adding an &#8220;a&#8221; to the river&#8217;s name: Al\u00f4ne\u2014the English word for &#8220;alone&#8221;\u2014perfectly illustrated your approach. Al\u00f4ne is also a reference to the great-grandfather, who planted his vineyard in the South of France alone and completely unknown in 1896. <\/p>\n<h5>Vineyard Details<\/h5>\n<p> Each vineyard is treated individually, with pruning that respects sap flow, foliar treatments based on trace elements, and fertilizers developed after precise soil analyses. Atmo is a non-vintage blend; the Grenache, Cinsault, and Syrah grape varieties grow at altitudes of 420 and 470 meters, with temperature fluctuations of 18\u00b0C at night and 35\u00b0C during the day during the summer. <\/p>\n<h5>Color<\/h5>\n<p> Delicate apricot with lightening toward the edges. <\/p>\n<h5>Nose<\/h5>\n<p> The aroma is seductive and charming, with notes of peach, ripe raspberries and blackberries, wild herbs, and white pepper. It immediately captivates you, and you begin to dream of the warmth and aromatic diversity of this beautiful region. <\/p>\n<h5>Palate<\/h5>\n<p> On the tongue, an interplay of spice, delicate fruit, and fruity sweetness takes place. This is beautifully accompanied by a lively acidity and a subtle salty note. A symbol of a ros\u00e9 from Provence, which practically calls for the accompaniment of culinary delicacies from this region.<\/p>\n<p>Copyright Vinaturel 2025<\/p>\n<p>Keywords: <a href=\"https:\/\/wein-werte.com\/shop\/?swoof=1&#038;pa_producer=Al\u00f4ne\">Al\u00f4ne<\/a> <a href=\"https:\/\/wein-werte.com\/shop\/?swoof=1&#038;woof_text=Ros\u00e9 \"ATMO\"\">Ros\u00e9 &#8220;ATMO&#8221;<\/a> NV  <a href=\"https:\/\/wein-werte.com\/shop\/?swoof=1&#038;pa_region=Provence\">Provence<\/a> <a href=\"https:\/\/wein-werte.com\/shop\/?swoof=1&#038;pa_country=France\">France<\/a><\/p>\n<p>Producer website: <a href=\"https:\/\/domaine-alone.com\/\" target=\"_blank\">https:\/\/domaine-alone.com\/<\/a><\/p>\n","protected":false},"excerpt":{"rendered":"<p>Delivery time: 1 to 2 working days (DE), 2 to 5 working days (EU and CH)<\/p>\n","protected":false},"featured_media":1139017,"template":"","meta":[],"product_brand":[],"product_cat":[19],"product_tag":[],"class_list":{"0":"post-1123101","1":"product","2":"type-product","3":"status-publish","4":"has-post-thumbnail","6":"product_cat-unkategorisiert","7":"pa_alcohol-for-filter-13-5","8":"pa_certified-biodynamic-no","9":"pa_certified-organic-no","10":"pa_colour-rose","11":"pa_country-france","12":"pa_grape-grenache-blend","13":"pa_price-for-filter-10589","14":"pa_producer-alone","15":"pa_region-provence","16":"pa_size-ml-6584","17":"pa_sweetness-dry","18":"pa_type-2-still","19":"pa_vintage-nv","20":"entry","21":"has-media","23":"first","24":"instock","25":"taxable","26":"shipping-taxable","27":"purchasable","28":"product-type-simple"},"yoast_head":"<!-- This site is optimized with the Yoast SEO plugin v27.5 - https:\/\/yoast.com\/product\/yoast-seo-wordpress\/ -->\n<title>Al\u00f4ne Ros\u00e9 &quot;ATMO&quot;<\/title>\n<meta name=\"description\" content=\"Buy Al\u00f4ne Ros\u00e9 &quot;ATMO&quot; - a dry Grenache blend from Provence, France - at Wein Werte, your sustainable online shop.\" \/>\n<meta name=\"robots\" content=\"index, follow, max-snippet:-1, max-image-preview:large, max-video-preview:-1\" \/>\n<link rel=\"canonical\" href=\"https:\/\/wein-werte.com\/en\/product\/alone-rose-atmo-750ml\/\" \/>\n<meta property=\"og:locale\" content=\"en_US\" \/>\n<meta property=\"og:type\" content=\"article\" \/>\n<meta property=\"og:title\" content=\"Al\u00f4ne Ros\u00e9 &quot;ATMO&quot;\" \/>\n<meta property=\"og:description\" content=\"Buy Al\u00f4ne Ros\u00e9 &quot;ATMO&quot; - a dry Grenache blend from Provence, France - at Wein Werte, your sustainable online shop.\" \/>\n<meta property=\"og:url\" content=\"https:\/\/wein-werte.com\/en\/product\/alone-rose-atmo-750ml\/\" \/>\n<meta property=\"og:site_name\" content=\"Wein Werte\" \/>\n<meta property=\"article:modified_time\" content=\"2026-05-05T16:10:44+00:00\" \/>\n<meta property=\"og:image\" content=\"https:\/\/wein-werte.com\/wp-content\/uploads\/2026\/04\/Alone-Rose-ATMO-750ml.png\" \/>\n\t<meta property=\"og:image:width\" content=\"297\" \/>\n\t<meta property=\"og:image:height\" content=\"1200\" \/>\n\t<meta property=\"og:image:type\" content=\"image\/png\" \/>\n<meta name=\"twitter:card\" content=\"summary_large_image\" \/>\n<meta name=\"twitter:label1\" content=\"Est. reading time\" \/>\n\t<meta name=\"twitter:data1\" content=\"2 minutes\" \/>\n<script type=\"application\/ld+json\" class=\"yoast-schema-graph\">{\"@context\":\"https:\\\/\\\/schema.org\",\"@graph\":[{\"@type\":\"WebPage\",\"@id\":\"https:\\\/\\\/wein-werte.com\\\/en\\\/product\\\/alone-rose-atmo-750ml\\\/\",\"url\":\"https:\\\/\\\/wein-werte.com\\\/en\\\/product\\\/alone-rose-atmo-750ml\\\/\",\"name\":\"Al\u00f4ne Ros\u00e9 \\\"ATMO\\\"\",\"isPartOf\":{\"@id\":\"https:\\\/\\\/wein-werte.com\\\/de\\\/#website\"},\"primaryImageOfPage\":{\"@id\":\"https:\\\/\\\/wein-werte.com\\\/en\\\/product\\\/alone-rose-atmo-750ml\\\/#primaryimage\"},\"image\":{\"@id\":\"https:\\\/\\\/wein-werte.com\\\/en\\\/product\\\/alone-rose-atmo-750ml\\\/#primaryimage\"},\"thumbnailUrl\":\"https:\\\/\\\/wein-werte.com\\\/wp-content\\\/uploads\\\/2026\\\/04\\\/Alone-Rose-ATMO-750ml.png\",\"datePublished\":\"2026-05-05T16:10:43+00:00\",\"dateModified\":\"2026-05-05T16:10:44+00:00\",\"description\":\"Buy Al\u00f4ne Ros\u00e9 \\\"ATMO\\\" - a dry Grenache blend from Provence, France - at Wein Werte, your sustainable online shop.\",\"breadcrumb\":{\"@id\":\"https:\\\/\\\/wein-werte.com\\\/en\\\/product\\\/alone-rose-atmo-750ml\\\/#breadcrumb\"},\"inLanguage\":\"en-US\",\"potentialAction\":[{\"@type\":\"ReadAction\",\"target\":[\"https:\\\/\\\/wein-werte.com\\\/en\\\/product\\\/alone-rose-atmo-750ml\\\/\"]}]},{\"@type\":\"ImageObject\",\"inLanguage\":\"en-US\",\"@id\":\"https:\\\/\\\/wein-werte.com\\\/en\\\/product\\\/alone-rose-atmo-750ml\\\/#primaryimage\",\"url\":\"https:\\\/\\\/wein-werte.com\\\/wp-content\\\/uploads\\\/2026\\\/04\\\/Alone-Rose-ATMO-750ml.png\",\"contentUrl\":\"https:\\\/\\\/wein-werte.com\\\/wp-content\\\/uploads\\\/2026\\\/04\\\/Alone-Rose-ATMO-750ml.png\",\"width\":297,\"height\":1200,\"caption\":\"Al\u00f4ne Ros\u00e9 \\\"ATMO\\\" NV 750ml\"},{\"@type\":\"BreadcrumbList\",\"@id\":\"https:\\\/\\\/wein-werte.com\\\/en\\\/product\\\/alone-rose-atmo-750ml\\\/#breadcrumb\",\"itemListElement\":[{\"@type\":\"ListItem\",\"position\":1,\"name\":\"Home\",\"item\":\"https:\\\/\\\/wein-werte.com\\\/en\\\/\"},{\"@type\":\"ListItem\",\"position\":2,\"name\":\"Shop Page\",\"item\":\"https:\\\/\\\/wein-werte.com\\\/en\\\/shop\\\/\"},{\"@type\":\"ListItem\",\"position\":3,\"name\":\"Al\u00f4ne | Provence | Ros\u00e9 &#8220;ATMO&#8221; | NV | 750ml\"}]},{\"@type\":\"WebSite\",\"@id\":\"https:\\\/\\\/wein-werte.com\\\/de\\\/#website\",\"url\":\"https:\\\/\\\/wein-werte.com\\\/de\\\/\",\"name\":\"Wein Werte\",\"description\":\"\",\"publisher\":{\"@id\":\"https:\\\/\\\/wein-werte.com\\\/de\\\/#organization\"},\"potentialAction\":[{\"@type\":\"SearchAction\",\"target\":{\"@type\":\"EntryPoint\",\"urlTemplate\":\"https:\\\/\\\/wein-werte.com\\\/de\\\/?s={search_term_string}\"},\"query-input\":{\"@type\":\"PropertyValueSpecification\",\"valueRequired\":true,\"valueName\":\"search_term_string\"}}],\"inLanguage\":\"en-US\"},{\"@type\":\"Organization\",\"@id\":\"https:\\\/\\\/wein-werte.com\\\/de\\\/#organization\",\"name\":\"Vins Fins Thorrold\",\"url\":\"https:\\\/\\\/wein-werte.com\\\/de\\\/\",\"logo\":{\"@type\":\"ImageObject\",\"inLanguage\":\"en-US\",\"@id\":\"https:\\\/\\\/wein-werte.com\\\/de\\\/#\\\/schema\\\/logo\\\/image\\\/\",\"url\":\"https:\\\/\\\/wein-werte.com\\\/wp-content\\\/uploads\\\/2023\\\/07\\\/Wein_werte_Logo700-1.png\",\"contentUrl\":\"https:\\\/\\\/wein-werte.com\\\/wp-content\\\/uploads\\\/2023\\\/07\\\/Wein_werte_Logo700-1.png\",\"width\":700,\"height\":272,\"caption\":\"Vins Fins Thorrold\"},\"image\":{\"@id\":\"https:\\\/\\\/wein-werte.com\\\/de\\\/#\\\/schema\\\/logo\\\/image\\\/\"}}]}<\/script>\n<!-- \/ Yoast SEO plugin. -->","yoast_head_json":{"title":"Al\u00f4ne Ros\u00e9 \"ATMO\"","description":"Buy Al\u00f4ne Ros\u00e9 \"ATMO\" - a dry Grenache blend from Provence, France - at Wein Werte, your sustainable online shop.","robots":{"index":"index","follow":"follow","max-snippet":"max-snippet:-1","max-image-preview":"max-image-preview:large","max-video-preview":"max-video-preview:-1"},"canonical":"https:\/\/wein-werte.com\/en\/product\/alone-rose-atmo-750ml\/","og_locale":"en_US","og_type":"article","og_title":"Al\u00f4ne Ros\u00e9 \"ATMO\"","og_description":"Buy Al\u00f4ne Ros\u00e9 \"ATMO\" - a dry Grenache blend from Provence, France - at Wein Werte, your sustainable online shop.","og_url":"https:\/\/wein-werte.com\/en\/product\/alone-rose-atmo-750ml\/","og_site_name":"Wein Werte","article_modified_time":"2026-05-05T16:10:44+00:00","og_image":[{"width":297,"height":1200,"url":"https:\/\/wein-werte.com\/wp-content\/uploads\/2026\/04\/Alone-Rose-ATMO-750ml.png","type":"image\/png"}],"twitter_card":"summary_large_image","twitter_misc":{"Est. reading time":"2 minutes"},"schema":{"@context":"https:\/\/schema.org","@graph":[{"@type":"WebPage","@id":"https:\/\/wein-werte.com\/en\/product\/alone-rose-atmo-750ml\/","url":"https:\/\/wein-werte.com\/en\/product\/alone-rose-atmo-750ml\/","name":"Al\u00f4ne Ros\u00e9 \"ATMO\"","isPartOf":{"@id":"https:\/\/wein-werte.com\/de\/#website"},"primaryImageOfPage":{"@id":"https:\/\/wein-werte.com\/en\/product\/alone-rose-atmo-750ml\/#primaryimage"},"image":{"@id":"https:\/\/wein-werte.com\/en\/product\/alone-rose-atmo-750ml\/#primaryimage"},"thumbnailUrl":"https:\/\/wein-werte.com\/wp-content\/uploads\/2026\/04\/Alone-Rose-ATMO-750ml.png","datePublished":"2026-05-05T16:10:43+00:00","dateModified":"2026-05-05T16:10:44+00:00","description":"Buy Al\u00f4ne Ros\u00e9 \"ATMO\" - a dry Grenache blend from Provence, France - at Wein Werte, your sustainable online shop.","breadcrumb":{"@id":"https:\/\/wein-werte.com\/en\/product\/alone-rose-atmo-750ml\/#breadcrumb"},"inLanguage":"en-US","potentialAction":[{"@type":"ReadAction","target":["https:\/\/wein-werte.com\/en\/product\/alone-rose-atmo-750ml\/"]}]},{"@type":"ImageObject","inLanguage":"en-US","@id":"https:\/\/wein-werte.com\/en\/product\/alone-rose-atmo-750ml\/#primaryimage","url":"https:\/\/wein-werte.com\/wp-content\/uploads\/2026\/04\/Alone-Rose-ATMO-750ml.png","contentUrl":"https:\/\/wein-werte.com\/wp-content\/uploads\/2026\/04\/Alone-Rose-ATMO-750ml.png","width":297,"height":1200,"caption":"Al\u00f4ne Ros\u00e9 \"ATMO\" NV 750ml"},{"@type":"BreadcrumbList","@id":"https:\/\/wein-werte.com\/en\/product\/alone-rose-atmo-750ml\/#breadcrumb","itemListElement":[{"@type":"ListItem","position":1,"name":"Home","item":"https:\/\/wein-werte.com\/en\/"},{"@type":"ListItem","position":2,"name":"Shop Page","item":"https:\/\/wein-werte.com\/en\/shop\/"},{"@type":"ListItem","position":3,"name":"Al\u00f4ne | Provence | Ros\u00e9 &#8220;ATMO&#8221; | NV | 750ml"}]},{"@type":"WebSite","@id":"https:\/\/wein-werte.com\/de\/#website","url":"https:\/\/wein-werte.com\/de\/","name":"Wein Werte","description":"","publisher":{"@id":"https:\/\/wein-werte.com\/de\/#organization"},"potentialAction":[{"@type":"SearchAction","target":{"@type":"EntryPoint","urlTemplate":"https:\/\/wein-werte.com\/de\/?s={search_term_string}"},"query-input":{"@type":"PropertyValueSpecification","valueRequired":true,"valueName":"search_term_string"}}],"inLanguage":"en-US"},{"@type":"Organization","@id":"https:\/\/wein-werte.com\/de\/#organization","name":"Vins Fins Thorrold","url":"https:\/\/wein-werte.com\/de\/","logo":{"@type":"ImageObject","inLanguage":"en-US","@id":"https:\/\/wein-werte.com\/de\/#\/schema\/logo\/image\/","url":"https:\/\/wein-werte.com\/wp-content\/uploads\/2023\/07\/Wein_werte_Logo700-1.png","contentUrl":"https:\/\/wein-werte.com\/wp-content\/uploads\/2023\/07\/Wein_werte_Logo700-1.png","width":700,"height":272,"caption":"Vins Fins Thorrold"},"image":{"@id":"https:\/\/wein-werte.com\/de\/#\/schema\/logo\/image\/"}}]}},"_links":{"self":[{"href":"https:\/\/wein-werte.com\/en\/wp-json\/wp\/v2\/product\/1123101","targetHints":{"allow":["GET"]}}],"collection":[{"href":"https:\/\/wein-werte.com\/en\/wp-json\/wp\/v2\/product"}],"about":[{"href":"https:\/\/wein-werte.com\/en\/wp-json\/wp\/v2\/types\/product"}],"wp:featuredmedia":[{"embeddable":true,"href":"https:\/\/wein-werte.com\/en\/wp-json\/wp\/v2\/media\/1139017"}],"wp:attachment":[{"href":"https:\/\/wein-werte.com\/en\/wp-json\/wp\/v2\/media?parent=1123101"}],"wp:term":[{"taxonomy":"product_brand","embeddable":true,"href":"https:\/\/wein-werte.com\/en\/wp-json\/wp\/v2\/product_brand?post=1123101"},{"taxonomy":"product_cat","embeddable":true,"href":"https:\/\/wein-werte.com\/en\/wp-json\/wp\/v2\/product_cat?post=1123101"},{"taxonomy":"product_tag","embeddable":true,"href":"https:\/\/wein-werte.com\/en\/wp-json\/wp\/v2\/product_tag?post=1123101"}],"curies":[{"name":"wp","href":"https:\/\/api.w.org\/{rel}","templated":true}]}}