{"id":1123096,"date":"2026-05-12T15:37:32","date_gmt":"2026-05-12T13:37:32","guid":{"rendered":"https:\/\/wein-werte.com\/product\/chateau-de-pibarnon-chateau-de-pibarnon-rose-2023-1500ml\/"},"modified":"2026-05-13T15:10:13","modified_gmt":"2026-05-13T13:10:13","slug":"chateau-de-pibarnon-chateau-de-pibarnon-rose-2023-1500ml","status":"publish","type":"product","link":"https:\/\/wein-werte.com\/en\/product\/chateau-de-pibarnon-chateau-de-pibarnon-rose-2023-1500ml\/","title":{"rendered":"Ch\u00e2teau de Pibarnon | Provence | Ch\u00e2teau de Pibarnon Ros\u00e9 AOC | 2023 | 1500ml | bio"},"content":{"rendered":"<p>Product description for Ch\u00e2teau de Pibarnon Ch\u00e2teau de Pibarnon Ros\u00e9 AOC 2023 (bio)<\/p>\n<p>Ch\u00e2teau de Pibarnon Ch\u00e2teau de Pibarnon Ros\u00e9 2023 1500ml is a dry ros\u00e9 wine made from a Mourv\u00e8dre blend in the Provence region of France.<\/p>\n<p>Keywords: <a href=\"https:\/\/wein-werte.com\/shop\/?swoof=1&#038;pa_producer=Ch\u00e2teau-de-Pibarnon\">Ch\u00e2teau de Pibarnon<\/a> <a href=\"https:\/\/wein-werte.com\/shop\/?swoof=1&#038;woof_text=Ch\u00e2teau de Pibarnon Ros\u00e9 AOC\">Ch\u00e2teau de Pibarnon Ros\u00e9 AOC<\/a> 2023 bio <a href=\"https:\/\/wein-werte.com\/shop\/?swoof=1&#038;pa_region=Provence\">Provence<\/a> <a href=\"https:\/\/wein-werte.com\/shop\/?swoof=1&#038;pa_country=France\">France<\/a><\/p>\n<h3>Wine Advocate<\/h3>\n<p>Score: 92+<\/p>\n<p>A blend of 65% Mourv\u00e8dre and 35% Cinsault, the 2023 Bandol Ros\u00e9 from Ch\u00e2teau de Pibarnon offers up a delicate, complex bouquet of spices, licorice, red berries, lemon, spring flowers and herbs. Medium-bodied, enveloping and beautifully structured, it\u2019s round and juicy with a delicate, lively core of fruit and a mineral, calcareous finish. This is a classical ros\u00e9 wine from Bandol.<br \/>Yohan Castaing<\/p>\n<h3>Vinous<\/h3>\n<p>Score: 93<\/p>\n<p>The 2023 Bandol Ros\u00e9 is a powerful, classy Ros\u00e9 that delivers the proverbial \u201ciron fist in a velvet glove.\u201d Deep and rich, the 2023 takes its time in the glass, gradually unfurling layers of waxy cherry fruit, Mediterranean herbs, raspberry liqueur, sous bois, crushed oyster shell and dried apricot. There\u2019s an impressive phenolic core and a wealth of complexity here, not to mention a long, long finish. This is a very serious wine with the stuffing to improve in the cellar.<br \/>\n &#8212; Billy Norris<br \/>Drinking window: 2025 &#8211; 2029<br \/>Review date: May 2025<\/p>\n<p>Producer website: <a href=\"https:\/\/www.pibarnon.com\/en\/\" target=\"_blank\">https:\/\/www.pibarnon.com\/en\/<\/a><\/p>\n","protected":false},"excerpt":{"rendered":"<div style=\"font-size: 14px;\">\n<p>Delivery time: 1 to 2 working days (DE), 2 to 5 working days (EU and CH)<\/p>\n<p>Approximate energy content per 125ml glass: 110 kcal<\/p>\n<\/p><\/div>\n","protected":false},"featured_media":1139003,"template":"","meta":[],"product_brand":[],"product_cat":[19],"product_tag":[],"class_list":{"0":"post-1123096","1":"product","2":"type-product","3":"status-publish","4":"has-post-thumbnail","6":"product_cat-unkategorisiert","7":"pa_alcohol-for-filter-13-5","8":"pa_certified-biodynamic-no","9":"pa_certified-organic-yes","10":"pa_colour-rose","11":"pa_country-france","12":"pa_grape-mourvedre-blend","13":"pa_parker-points-for-filter-16144","14":"pa_price-for-filter-10611","15":"pa_producer-chateau-de-pibarnon","16":"pa_region-provence","17":"pa_size-ml-6657","18":"pa_sweetness-dry","19":"pa_type-2-still","20":"pa_vinous-points-for-filter-16140","21":"pa_vintage-12619","22":"entry","23":"has-media","25":"first","26":"instock","27":"taxable","28":"shipping-taxable","29":"purchasable","30":"product-type-simple"},"yoast_head":"<!-- This site is optimized with the Yoast SEO plugin v27.6 - https:\/\/yoast.com\/product\/yoast-seo-wordpress\/ -->\n<title>Ch\u00e2teau de Pibarnon Ch\u00e2teau de Pibarnon Ros\u00e9 2023 1500ml<\/title>\n<meta name=\"description\" content=\"Buy Ch\u00e2teau de Pibarnon Ch\u00e2teau de Pibarnon Ros\u00e9 2023 - a dry Mourv\u00e8dre blend from Provence, France - at Wein Werte, your sustainable online shop.\" \/>\n<meta name=\"robots\" content=\"index, follow, max-snippet:-1, max-image-preview:large, max-video-preview:-1\" \/>\n<link rel=\"canonical\" href=\"https:\/\/wein-werte.com\/en\/product\/chateau-de-pibarnon-chateau-de-pibarnon-rose-2023-1500ml\/\" \/>\n<meta property=\"og:locale\" content=\"en_US\" \/>\n<meta property=\"og:type\" content=\"article\" \/>\n<meta property=\"og:title\" content=\"Ch\u00e2teau de Pibarnon Ch\u00e2teau de Pibarnon Ros\u00e9 2023 1500ml\" \/>\n<meta property=\"og:description\" content=\"Buy Ch\u00e2teau de Pibarnon Ch\u00e2teau de Pibarnon Ros\u00e9 2023 - a dry Mourv\u00e8dre blend from Provence, France - at Wein Werte, your sustainable online shop.\" \/>\n<meta property=\"og:url\" content=\"https:\/\/wein-werte.com\/en\/product\/chateau-de-pibarnon-chateau-de-pibarnon-rose-2023-1500ml\/\" \/>\n<meta property=\"og:site_name\" content=\"Wein Werte\" \/>\n<meta property=\"article:modified_time\" content=\"2026-05-13T13:10:13+00:00\" \/>\n<meta property=\"og:image\" content=\"https:\/\/wein-werte.com\/wp-content\/uploads\/2026\/04\/Chateau-de-Pibarnon-Chateau-de-Pibarnon-Rose-2023-1500ml.png\" \/>\n\t<meta property=\"og:image:width\" content=\"316\" \/>\n\t<meta property=\"og:image:height\" content=\"1200\" \/>\n\t<meta property=\"og:image:type\" content=\"image\/png\" \/>\n<meta name=\"twitter:card\" content=\"summary_large_image\" \/>\n<meta name=\"twitter:label1\" content=\"Est. reading time\" \/>\n\t<meta name=\"twitter:data1\" content=\"1 minute\" \/>\n<script type=\"application\/ld+json\" class=\"yoast-schema-graph\">{\"@context\":\"https:\\\/\\\/schema.org\",\"@graph\":[{\"@type\":\"WebPage\",\"@id\":\"https:\\\/\\\/wein-werte.com\\\/en\\\/product\\\/chateau-de-pibarnon-chateau-de-pibarnon-rose-2023-1500ml\\\/\",\"url\":\"https:\\\/\\\/wein-werte.com\\\/en\\\/product\\\/chateau-de-pibarnon-chateau-de-pibarnon-rose-2023-1500ml\\\/\",\"name\":\"Ch\u00e2teau de Pibarnon Ch\u00e2teau de Pibarnon Ros\u00e9 2023 1500ml\",\"isPartOf\":{\"@id\":\"https:\\\/\\\/wein-werte.com\\\/de\\\/#website\"},\"primaryImageOfPage\":{\"@id\":\"https:\\\/\\\/wein-werte.com\\\/en\\\/product\\\/chateau-de-pibarnon-chateau-de-pibarnon-rose-2023-1500ml\\\/#primaryimage\"},\"image\":{\"@id\":\"https:\\\/\\\/wein-werte.com\\\/en\\\/product\\\/chateau-de-pibarnon-chateau-de-pibarnon-rose-2023-1500ml\\\/#primaryimage\"},\"thumbnailUrl\":\"https:\\\/\\\/wein-werte.com\\\/wp-content\\\/uploads\\\/2026\\\/04\\\/Chateau-de-Pibarnon-Chateau-de-Pibarnon-Rose-2023-1500ml.png\",\"datePublished\":\"2026-05-12T13:37:32+00:00\",\"dateModified\":\"2026-05-13T13:10:13+00:00\",\"description\":\"Buy Ch\u00e2teau de Pibarnon Ch\u00e2teau de Pibarnon Ros\u00e9 2023 - a dry Mourv\u00e8dre blend from Provence, France - at Wein Werte, your sustainable online shop.\",\"breadcrumb\":{\"@id\":\"https:\\\/\\\/wein-werte.com\\\/en\\\/product\\\/chateau-de-pibarnon-chateau-de-pibarnon-rose-2023-1500ml\\\/#breadcrumb\"},\"inLanguage\":\"en-US\",\"potentialAction\":[{\"@type\":\"ReadAction\",\"target\":[\"https:\\\/\\\/wein-werte.com\\\/en\\\/product\\\/chateau-de-pibarnon-chateau-de-pibarnon-rose-2023-1500ml\\\/\"]}]},{\"@type\":\"ImageObject\",\"inLanguage\":\"en-US\",\"@id\":\"https:\\\/\\\/wein-werte.com\\\/en\\\/product\\\/chateau-de-pibarnon-chateau-de-pibarnon-rose-2023-1500ml\\\/#primaryimage\",\"url\":\"https:\\\/\\\/wein-werte.com\\\/wp-content\\\/uploads\\\/2026\\\/04\\\/Chateau-de-Pibarnon-Chateau-de-Pibarnon-Rose-2023-1500ml.png\",\"contentUrl\":\"https:\\\/\\\/wein-werte.com\\\/wp-content\\\/uploads\\\/2026\\\/04\\\/Chateau-de-Pibarnon-Chateau-de-Pibarnon-Rose-2023-1500ml.png\",\"width\":316,\"height\":1200,\"caption\":\"Ch\u00e2teau de Pibarnon Ch\u00e2teau de Pibarnon Ros\u00e9 AOC 2023 1500ml\"},{\"@type\":\"BreadcrumbList\",\"@id\":\"https:\\\/\\\/wein-werte.com\\\/en\\\/product\\\/chateau-de-pibarnon-chateau-de-pibarnon-rose-2023-1500ml\\\/#breadcrumb\",\"itemListElement\":[{\"@type\":\"ListItem\",\"position\":1,\"name\":\"Home\",\"item\":\"https:\\\/\\\/wein-werte.com\\\/en\\\/\"},{\"@type\":\"ListItem\",\"position\":2,\"name\":\"Shop Page\",\"item\":\"https:\\\/\\\/wein-werte.com\\\/en\\\/shop\\\/\"},{\"@type\":\"ListItem\",\"position\":3,\"name\":\"Ch\u00e2teau de Pibarnon | Provence | Ch\u00e2teau de Pibarnon Ros\u00e9 AOC | 2023 | 1500ml | bio\"}]},{\"@type\":\"WebSite\",\"@id\":\"https:\\\/\\\/wein-werte.com\\\/de\\\/#website\",\"url\":\"https:\\\/\\\/wein-werte.com\\\/de\\\/\",\"name\":\"Wein Werte\",\"description\":\"\",\"publisher\":{\"@id\":\"https:\\\/\\\/wein-werte.com\\\/de\\\/#organization\"},\"potentialAction\":[{\"@type\":\"SearchAction\",\"target\":{\"@type\":\"EntryPoint\",\"urlTemplate\":\"https:\\\/\\\/wein-werte.com\\\/de\\\/?s={search_term_string}\"},\"query-input\":{\"@type\":\"PropertyValueSpecification\",\"valueRequired\":true,\"valueName\":\"search_term_string\"}}],\"inLanguage\":\"en-US\"},{\"@type\":\"Organization\",\"@id\":\"https:\\\/\\\/wein-werte.com\\\/de\\\/#organization\",\"name\":\"Vins Fins Thorrold\",\"url\":\"https:\\\/\\\/wein-werte.com\\\/de\\\/\",\"logo\":{\"@type\":\"ImageObject\",\"inLanguage\":\"en-US\",\"@id\":\"https:\\\/\\\/wein-werte.com\\\/de\\\/#\\\/schema\\\/logo\\\/image\\\/\",\"url\":\"https:\\\/\\\/wein-werte.com\\\/wp-content\\\/uploads\\\/2023\\\/07\\\/Wein_werte_Logo700-1.png\",\"contentUrl\":\"https:\\\/\\\/wein-werte.com\\\/wp-content\\\/uploads\\\/2023\\\/07\\\/Wein_werte_Logo700-1.png\",\"width\":700,\"height\":272,\"caption\":\"Vins Fins Thorrold\"},\"image\":{\"@id\":\"https:\\\/\\\/wein-werte.com\\\/de\\\/#\\\/schema\\\/logo\\\/image\\\/\"}}]}<\/script>\n<!-- \/ Yoast SEO plugin. -->","yoast_head_json":{"title":"Ch\u00e2teau de Pibarnon Ch\u00e2teau de Pibarnon Ros\u00e9 2023 1500ml","description":"Buy Ch\u00e2teau de Pibarnon Ch\u00e2teau de Pibarnon Ros\u00e9 2023 - a dry Mourv\u00e8dre blend from Provence, France - at Wein Werte, your sustainable online shop.","robots":{"index":"index","follow":"follow","max-snippet":"max-snippet:-1","max-image-preview":"max-image-preview:large","max-video-preview":"max-video-preview:-1"},"canonical":"https:\/\/wein-werte.com\/en\/product\/chateau-de-pibarnon-chateau-de-pibarnon-rose-2023-1500ml\/","og_locale":"en_US","og_type":"article","og_title":"Ch\u00e2teau de Pibarnon Ch\u00e2teau de Pibarnon Ros\u00e9 2023 1500ml","og_description":"Buy Ch\u00e2teau de Pibarnon Ch\u00e2teau de Pibarnon Ros\u00e9 2023 - a dry Mourv\u00e8dre blend from Provence, France - at Wein Werte, your sustainable online shop.","og_url":"https:\/\/wein-werte.com\/en\/product\/chateau-de-pibarnon-chateau-de-pibarnon-rose-2023-1500ml\/","og_site_name":"Wein Werte","article_modified_time":"2026-05-13T13:10:13+00:00","og_image":[{"width":316,"height":1200,"url":"https:\/\/wein-werte.com\/wp-content\/uploads\/2026\/04\/Chateau-de-Pibarnon-Chateau-de-Pibarnon-Rose-2023-1500ml.png","type":"image\/png"}],"twitter_card":"summary_large_image","twitter_misc":{"Est. reading time":"1 minute"},"schema":{"@context":"https:\/\/schema.org","@graph":[{"@type":"WebPage","@id":"https:\/\/wein-werte.com\/en\/product\/chateau-de-pibarnon-chateau-de-pibarnon-rose-2023-1500ml\/","url":"https:\/\/wein-werte.com\/en\/product\/chateau-de-pibarnon-chateau-de-pibarnon-rose-2023-1500ml\/","name":"Ch\u00e2teau de Pibarnon Ch\u00e2teau de Pibarnon Ros\u00e9 2023 1500ml","isPartOf":{"@id":"https:\/\/wein-werte.com\/de\/#website"},"primaryImageOfPage":{"@id":"https:\/\/wein-werte.com\/en\/product\/chateau-de-pibarnon-chateau-de-pibarnon-rose-2023-1500ml\/#primaryimage"},"image":{"@id":"https:\/\/wein-werte.com\/en\/product\/chateau-de-pibarnon-chateau-de-pibarnon-rose-2023-1500ml\/#primaryimage"},"thumbnailUrl":"https:\/\/wein-werte.com\/wp-content\/uploads\/2026\/04\/Chateau-de-Pibarnon-Chateau-de-Pibarnon-Rose-2023-1500ml.png","datePublished":"2026-05-12T13:37:32+00:00","dateModified":"2026-05-13T13:10:13+00:00","description":"Buy Ch\u00e2teau de Pibarnon Ch\u00e2teau de Pibarnon Ros\u00e9 2023 - a dry Mourv\u00e8dre blend from Provence, France - at Wein Werte, your sustainable online shop.","breadcrumb":{"@id":"https:\/\/wein-werte.com\/en\/product\/chateau-de-pibarnon-chateau-de-pibarnon-rose-2023-1500ml\/#breadcrumb"},"inLanguage":"en-US","potentialAction":[{"@type":"ReadAction","target":["https:\/\/wein-werte.com\/en\/product\/chateau-de-pibarnon-chateau-de-pibarnon-rose-2023-1500ml\/"]}]},{"@type":"ImageObject","inLanguage":"en-US","@id":"https:\/\/wein-werte.com\/en\/product\/chateau-de-pibarnon-chateau-de-pibarnon-rose-2023-1500ml\/#primaryimage","url":"https:\/\/wein-werte.com\/wp-content\/uploads\/2026\/04\/Chateau-de-Pibarnon-Chateau-de-Pibarnon-Rose-2023-1500ml.png","contentUrl":"https:\/\/wein-werte.com\/wp-content\/uploads\/2026\/04\/Chateau-de-Pibarnon-Chateau-de-Pibarnon-Rose-2023-1500ml.png","width":316,"height":1200,"caption":"Ch\u00e2teau de Pibarnon Ch\u00e2teau de Pibarnon Ros\u00e9 AOC 2023 1500ml"},{"@type":"BreadcrumbList","@id":"https:\/\/wein-werte.com\/en\/product\/chateau-de-pibarnon-chateau-de-pibarnon-rose-2023-1500ml\/#breadcrumb","itemListElement":[{"@type":"ListItem","position":1,"name":"Home","item":"https:\/\/wein-werte.com\/en\/"},{"@type":"ListItem","position":2,"name":"Shop Page","item":"https:\/\/wein-werte.com\/en\/shop\/"},{"@type":"ListItem","position":3,"name":"Ch\u00e2teau de Pibarnon | Provence | Ch\u00e2teau de Pibarnon Ros\u00e9 AOC | 2023 | 1500ml | bio"}]},{"@type":"WebSite","@id":"https:\/\/wein-werte.com\/de\/#website","url":"https:\/\/wein-werte.com\/de\/","name":"Wein Werte","description":"","publisher":{"@id":"https:\/\/wein-werte.com\/de\/#organization"},"potentialAction":[{"@type":"SearchAction","target":{"@type":"EntryPoint","urlTemplate":"https:\/\/wein-werte.com\/de\/?s={search_term_string}"},"query-input":{"@type":"PropertyValueSpecification","valueRequired":true,"valueName":"search_term_string"}}],"inLanguage":"en-US"},{"@type":"Organization","@id":"https:\/\/wein-werte.com\/de\/#organization","name":"Vins Fins Thorrold","url":"https:\/\/wein-werte.com\/de\/","logo":{"@type":"ImageObject","inLanguage":"en-US","@id":"https:\/\/wein-werte.com\/de\/#\/schema\/logo\/image\/","url":"https:\/\/wein-werte.com\/wp-content\/uploads\/2023\/07\/Wein_werte_Logo700-1.png","contentUrl":"https:\/\/wein-werte.com\/wp-content\/uploads\/2023\/07\/Wein_werte_Logo700-1.png","width":700,"height":272,"caption":"Vins Fins Thorrold"},"image":{"@id":"https:\/\/wein-werte.com\/de\/#\/schema\/logo\/image\/"}}]}},"_links":{"self":[{"href":"https:\/\/wein-werte.com\/en\/wp-json\/wp\/v2\/product\/1123096","targetHints":{"allow":["GET"]}}],"collection":[{"href":"https:\/\/wein-werte.com\/en\/wp-json\/wp\/v2\/product"}],"about":[{"href":"https:\/\/wein-werte.com\/en\/wp-json\/wp\/v2\/types\/product"}],"wp:featuredmedia":[{"embeddable":true,"href":"https:\/\/wein-werte.com\/en\/wp-json\/wp\/v2\/media\/1139003"}],"wp:attachment":[{"href":"https:\/\/wein-werte.com\/en\/wp-json\/wp\/v2\/media?parent=1123096"}],"wp:term":[{"taxonomy":"product_brand","embeddable":true,"href":"https:\/\/wein-werte.com\/en\/wp-json\/wp\/v2\/product_brand?post=1123096"},{"taxonomy":"product_cat","embeddable":true,"href":"https:\/\/wein-werte.com\/en\/wp-json\/wp\/v2\/product_cat?post=1123096"},{"taxonomy":"product_tag","embeddable":true,"href":"https:\/\/wein-werte.com\/en\/wp-json\/wp\/v2\/product_tag?post=1123096"}],"curies":[{"name":"wp","href":"https:\/\/api.w.org\/{rel}","templated":true}]}}