{"id":1123056,"date":"2026-05-08T19:55:52","date_gmt":"2026-05-08T17:55:52","guid":{"rendered":"https:\/\/wein-werte.com\/product\/roche-audran-cotes-du-rhone-rouge-cuvee-cesar-2020-750ml\/"},"modified":"2026-05-08T19:55:52","modified_gmt":"2026-05-08T17:55:52","slug":"roche-audran-cotes-du-rhone-rouge-cuvee-cesar-2020-750ml","status":"publish","type":"product","link":"https:\/\/wein-werte.com\/en\/product\/roche-audran-cotes-du-rhone-rouge-cuvee-cesar-2020-750ml\/","title":{"rendered":"Roche-Audran | Southern Rh\u00f4ne | C\u00f4tes du Rh\u00f4ne Rouge &#8220;Cuv\u00e9e C\u00e9sar&#8221; AOC | 2020 | 750ml | bio"},"content":{"rendered":"<p>Product description for Roche-Audran C\u00f4tes du Rh\u00f4ne Rouge &#8220;Cuv\u00e9e C\u00e9sar&#8221; AOC 2020 (bio)<\/p>\n<p>Vincent Rochette&#8217;s red C\u00e9sar is made from 100% Grenache. The 80- to 100-year-old vines are located in the Coteaux Versant Nord in a three-hectare vineyard characterized by clay and limestone in the subsoil and alluvial alluvium and gravel in the topsoil. The yield is approximately 35 hl per hectare. The wine is spontaneously fermented and aged for twelve months in 50-hectoliter foudres made of Tron\u00e7ais oak. <\/p>\n<h5>Colour<\/h5>\n<p> Slightly transparent ruby red <\/p>\n<h5>Nose<\/h5>\n<p> The C\u00e9sar cuv\u00e9e is a fragrant wine that creates a wonderful blend of ripe, sweet fruit and spices. It is reminiscent of dark raspberries and wild strawberries, some blackberry and cherries, and a hint of clove, cinnamon, and juniper combined with thyme, rosemary, and cedar. <\/p>\n<h5>Palate<\/h5>\n<p> On the palate, C\u00e9sar is juicy and sensual, with plenty of ripe, dark fruit, a polished tannin reminiscent of the surface of fired clay, and a present, ripe acidity. The wine possesses power and depth, warmth and opulence, yet finds its center, appearing both fresh and clear. A finely spicy, exciting Grenache Noir.<\/p>\n<p>Copyright Vinaturel 2025<\/p>\n<p>Keywords: <a href=\"https:\/\/wein-werte.com\/shop\/?swoof=1&#038;pa_producer=Roche-Audran\">Roche-Audran<\/a> <a href=\"https:\/\/wein-werte.com\/shop\/?swoof=1&#038;woof_text=C\u00f4tes du Rh\u00f4ne Rouge \"Cuv\u00e9e C\u00e9sar\" AOC\">C\u00f4tes du Rh\u00f4ne Rouge &#8220;Cuv\u00e9e C\u00e9sar&#8221; AOC<\/a> 2020 bio <a href=\"https:\/\/wein-werte.com\/shop\/?swoof=1&#038;pa_region=Southern Rh\u00f4ne\">Southern-Rh\u00f4ne<\/a> <a href=\"https:\/\/wein-werte.com\/shop\/?swoof=1&#038;pa_country=France\">France<\/a><\/p>\n<p>Producer website: <a href=\"https:\/\/roche-audran.fr\/\" target=\"_blank\">https:\/\/roche-audran.fr\/<\/a><\/p>\n","protected":false},"excerpt":{"rendered":"<p>Delivery time: 1 to 2 working days (DE), 2 to 5 working days (EU and CH)<\/p>\n","protected":false},"featured_media":1138865,"template":"","meta":[],"product_brand":[],"product_cat":[19],"product_tag":[],"class_list":{"0":"post-1123056","1":"product","2":"type-product","3":"status-publish","4":"has-post-thumbnail","6":"product_cat-unkategorisiert","7":"pa_alcohol-for-filter-12892","8":"pa_certified-biodynamic-yes","9":"pa_certified-organic-yes","10":"pa_colour-red","11":"pa_country-france","12":"pa_grape-grenache","13":"pa_price-for-filter-10627","14":"pa_producer-roche-audran","15":"pa_region-southern-rhone","16":"pa_size-ml-6584","17":"pa_sweetness-dry","18":"pa_type-2-still","19":"pa_vintage-6599","20":"entry","21":"has-media","23":"first","24":"instock","25":"taxable","26":"shipping-taxable","27":"purchasable","28":"product-type-simple"},"yoast_head":"<!-- This site is optimized with the Yoast SEO plugin v27.5 - https:\/\/yoast.com\/product\/yoast-seo-wordpress\/ -->\n<title>Roche-Audran C\u00f4tes du Rh\u00f4ne rouge &quot;Cuv\u00e9e C\u00e9sar&quot; 2020<\/title>\n<meta name=\"description\" content=\"Buy Roche-Audran C\u00f4tes du Rh\u00f4ne rouge &quot;Cuv\u00e9e C\u00e9sar&quot; 2020 - a dry Grenache from Southern Rh\u00f4ne, France - at Wein Werte, your sustainable online shop.\" \/>\n<meta name=\"robots\" content=\"index, follow, max-snippet:-1, max-image-preview:large, max-video-preview:-1\" \/>\n<link rel=\"canonical\" href=\"https:\/\/wein-werte.com\/en\/product\/roche-audran-cotes-du-rhone-rouge-cuvee-cesar-2020-750ml\/\" \/>\n<meta property=\"og:locale\" content=\"en_US\" \/>\n<meta property=\"og:type\" content=\"article\" \/>\n<meta property=\"og:title\" content=\"Roche-Audran C\u00f4tes du Rh\u00f4ne rouge &quot;Cuv\u00e9e C\u00e9sar&quot; 2020\" \/>\n<meta property=\"og:description\" content=\"Buy Roche-Audran C\u00f4tes du Rh\u00f4ne rouge &quot;Cuv\u00e9e C\u00e9sar&quot; 2020 - a dry Grenache from Southern Rh\u00f4ne, France - at Wein Werte, your sustainable online shop.\" \/>\n<meta property=\"og:url\" content=\"https:\/\/wein-werte.com\/en\/product\/roche-audran-cotes-du-rhone-rouge-cuvee-cesar-2020-750ml\/\" \/>\n<meta property=\"og:site_name\" content=\"Wein Werte\" \/>\n<meta property=\"og:image\" content=\"https:\/\/wein-werte.com\/wp-content\/uploads\/2026\/04\/Roche-Audran-Cotes-du-Rhone-rouge-Cuvee-Cesar-2020-750ml.png\" \/>\n\t<meta property=\"og:image:width\" content=\"328\" \/>\n\t<meta property=\"og:image:height\" content=\"1200\" \/>\n\t<meta property=\"og:image:type\" content=\"image\/png\" \/>\n<meta name=\"twitter:card\" content=\"summary_large_image\" \/>\n<meta name=\"twitter:label1\" content=\"Est. reading time\" \/>\n\t<meta name=\"twitter:data1\" content=\"1 minute\" \/>\n<script type=\"application\/ld+json\" class=\"yoast-schema-graph\">{\"@context\":\"https:\\\/\\\/schema.org\",\"@graph\":[{\"@type\":\"WebPage\",\"@id\":\"https:\\\/\\\/wein-werte.com\\\/en\\\/product\\\/roche-audran-cotes-du-rhone-rouge-cuvee-cesar-2020-750ml\\\/\",\"url\":\"https:\\\/\\\/wein-werte.com\\\/en\\\/product\\\/roche-audran-cotes-du-rhone-rouge-cuvee-cesar-2020-750ml\\\/\",\"name\":\"Roche-Audran C\u00f4tes du Rh\u00f4ne rouge \\\"Cuv\u00e9e C\u00e9sar\\\" 2020\",\"isPartOf\":{\"@id\":\"https:\\\/\\\/wein-werte.com\\\/de\\\/#website\"},\"primaryImageOfPage\":{\"@id\":\"https:\\\/\\\/wein-werte.com\\\/en\\\/product\\\/roche-audran-cotes-du-rhone-rouge-cuvee-cesar-2020-750ml\\\/#primaryimage\"},\"image\":{\"@id\":\"https:\\\/\\\/wein-werte.com\\\/en\\\/product\\\/roche-audran-cotes-du-rhone-rouge-cuvee-cesar-2020-750ml\\\/#primaryimage\"},\"thumbnailUrl\":\"https:\\\/\\\/wein-werte.com\\\/wp-content\\\/uploads\\\/2026\\\/04\\\/Roche-Audran-Cotes-du-Rhone-rouge-Cuvee-Cesar-2020-750ml.png\",\"datePublished\":\"2026-05-08T17:55:52+00:00\",\"description\":\"Buy Roche-Audran C\u00f4tes du Rh\u00f4ne rouge \\\"Cuv\u00e9e C\u00e9sar\\\" 2020 - a dry Grenache from Southern Rh\u00f4ne, France - at Wein Werte, your sustainable online shop.\",\"breadcrumb\":{\"@id\":\"https:\\\/\\\/wein-werte.com\\\/en\\\/product\\\/roche-audran-cotes-du-rhone-rouge-cuvee-cesar-2020-750ml\\\/#breadcrumb\"},\"inLanguage\":\"en-US\",\"potentialAction\":[{\"@type\":\"ReadAction\",\"target\":[\"https:\\\/\\\/wein-werte.com\\\/en\\\/product\\\/roche-audran-cotes-du-rhone-rouge-cuvee-cesar-2020-750ml\\\/\"]}]},{\"@type\":\"ImageObject\",\"inLanguage\":\"en-US\",\"@id\":\"https:\\\/\\\/wein-werte.com\\\/en\\\/product\\\/roche-audran-cotes-du-rhone-rouge-cuvee-cesar-2020-750ml\\\/#primaryimage\",\"url\":\"https:\\\/\\\/wein-werte.com\\\/wp-content\\\/uploads\\\/2026\\\/04\\\/Roche-Audran-Cotes-du-Rhone-rouge-Cuvee-Cesar-2020-750ml.png\",\"contentUrl\":\"https:\\\/\\\/wein-werte.com\\\/wp-content\\\/uploads\\\/2026\\\/04\\\/Roche-Audran-Cotes-du-Rhone-rouge-Cuvee-Cesar-2020-750ml.png\",\"width\":328,\"height\":1200,\"caption\":\"Roche-Audran C\u00f4tes du Rh\u00f4ne Rouge \\\"Cuv\u00e9e C\u00e9sar\\\" AOC 2020 750ml\"},{\"@type\":\"BreadcrumbList\",\"@id\":\"https:\\\/\\\/wein-werte.com\\\/en\\\/product\\\/roche-audran-cotes-du-rhone-rouge-cuvee-cesar-2020-750ml\\\/#breadcrumb\",\"itemListElement\":[{\"@type\":\"ListItem\",\"position\":1,\"name\":\"Home\",\"item\":\"https:\\\/\\\/wein-werte.com\\\/en\\\/\"},{\"@type\":\"ListItem\",\"position\":2,\"name\":\"Shop Page\",\"item\":\"https:\\\/\\\/wein-werte.com\\\/en\\\/shop\\\/\"},{\"@type\":\"ListItem\",\"position\":3,\"name\":\"Roche-Audran | Southern Rh\u00f4ne | C\u00f4tes du Rh\u00f4ne Rouge &#8220;Cuv\u00e9e C\u00e9sar&#8221; AOC | 2020 | 750ml | bio\"}]},{\"@type\":\"WebSite\",\"@id\":\"https:\\\/\\\/wein-werte.com\\\/de\\\/#website\",\"url\":\"https:\\\/\\\/wein-werte.com\\\/de\\\/\",\"name\":\"Wein Werte\",\"description\":\"\",\"publisher\":{\"@id\":\"https:\\\/\\\/wein-werte.com\\\/de\\\/#organization\"},\"potentialAction\":[{\"@type\":\"SearchAction\",\"target\":{\"@type\":\"EntryPoint\",\"urlTemplate\":\"https:\\\/\\\/wein-werte.com\\\/de\\\/?s={search_term_string}\"},\"query-input\":{\"@type\":\"PropertyValueSpecification\",\"valueRequired\":true,\"valueName\":\"search_term_string\"}}],\"inLanguage\":\"en-US\"},{\"@type\":\"Organization\",\"@id\":\"https:\\\/\\\/wein-werte.com\\\/de\\\/#organization\",\"name\":\"Vins Fins Thorrold\",\"url\":\"https:\\\/\\\/wein-werte.com\\\/de\\\/\",\"logo\":{\"@type\":\"ImageObject\",\"inLanguage\":\"en-US\",\"@id\":\"https:\\\/\\\/wein-werte.com\\\/de\\\/#\\\/schema\\\/logo\\\/image\\\/\",\"url\":\"https:\\\/\\\/wein-werte.com\\\/wp-content\\\/uploads\\\/2023\\\/07\\\/Wein_werte_Logo700-1.png\",\"contentUrl\":\"https:\\\/\\\/wein-werte.com\\\/wp-content\\\/uploads\\\/2023\\\/07\\\/Wein_werte_Logo700-1.png\",\"width\":700,\"height\":272,\"caption\":\"Vins Fins Thorrold\"},\"image\":{\"@id\":\"https:\\\/\\\/wein-werte.com\\\/de\\\/#\\\/schema\\\/logo\\\/image\\\/\"}}]}<\/script>\n<!-- \/ Yoast SEO plugin. -->","yoast_head_json":{"title":"Roche-Audran C\u00f4tes du Rh\u00f4ne rouge \"Cuv\u00e9e C\u00e9sar\" 2020","description":"Buy Roche-Audran C\u00f4tes du Rh\u00f4ne rouge \"Cuv\u00e9e C\u00e9sar\" 2020 - a dry Grenache from Southern Rh\u00f4ne, France - at Wein Werte, your sustainable online shop.","robots":{"index":"index","follow":"follow","max-snippet":"max-snippet:-1","max-image-preview":"max-image-preview:large","max-video-preview":"max-video-preview:-1"},"canonical":"https:\/\/wein-werte.com\/en\/product\/roche-audran-cotes-du-rhone-rouge-cuvee-cesar-2020-750ml\/","og_locale":"en_US","og_type":"article","og_title":"Roche-Audran C\u00f4tes du Rh\u00f4ne rouge \"Cuv\u00e9e C\u00e9sar\" 2020","og_description":"Buy Roche-Audran C\u00f4tes du Rh\u00f4ne rouge \"Cuv\u00e9e C\u00e9sar\" 2020 - a dry Grenache from Southern Rh\u00f4ne, France - at Wein Werte, your sustainable online shop.","og_url":"https:\/\/wein-werte.com\/en\/product\/roche-audran-cotes-du-rhone-rouge-cuvee-cesar-2020-750ml\/","og_site_name":"Wein Werte","og_image":[{"width":328,"height":1200,"url":"https:\/\/wein-werte.com\/wp-content\/uploads\/2026\/04\/Roche-Audran-Cotes-du-Rhone-rouge-Cuvee-Cesar-2020-750ml.png","type":"image\/png"}],"twitter_card":"summary_large_image","twitter_misc":{"Est. reading time":"1 minute"},"schema":{"@context":"https:\/\/schema.org","@graph":[{"@type":"WebPage","@id":"https:\/\/wein-werte.com\/en\/product\/roche-audran-cotes-du-rhone-rouge-cuvee-cesar-2020-750ml\/","url":"https:\/\/wein-werte.com\/en\/product\/roche-audran-cotes-du-rhone-rouge-cuvee-cesar-2020-750ml\/","name":"Roche-Audran C\u00f4tes du Rh\u00f4ne rouge \"Cuv\u00e9e C\u00e9sar\" 2020","isPartOf":{"@id":"https:\/\/wein-werte.com\/de\/#website"},"primaryImageOfPage":{"@id":"https:\/\/wein-werte.com\/en\/product\/roche-audran-cotes-du-rhone-rouge-cuvee-cesar-2020-750ml\/#primaryimage"},"image":{"@id":"https:\/\/wein-werte.com\/en\/product\/roche-audran-cotes-du-rhone-rouge-cuvee-cesar-2020-750ml\/#primaryimage"},"thumbnailUrl":"https:\/\/wein-werte.com\/wp-content\/uploads\/2026\/04\/Roche-Audran-Cotes-du-Rhone-rouge-Cuvee-Cesar-2020-750ml.png","datePublished":"2026-05-08T17:55:52+00:00","description":"Buy Roche-Audran C\u00f4tes du Rh\u00f4ne rouge \"Cuv\u00e9e C\u00e9sar\" 2020 - a dry Grenache from Southern Rh\u00f4ne, France - at Wein Werte, your sustainable online shop.","breadcrumb":{"@id":"https:\/\/wein-werte.com\/en\/product\/roche-audran-cotes-du-rhone-rouge-cuvee-cesar-2020-750ml\/#breadcrumb"},"inLanguage":"en-US","potentialAction":[{"@type":"ReadAction","target":["https:\/\/wein-werte.com\/en\/product\/roche-audran-cotes-du-rhone-rouge-cuvee-cesar-2020-750ml\/"]}]},{"@type":"ImageObject","inLanguage":"en-US","@id":"https:\/\/wein-werte.com\/en\/product\/roche-audran-cotes-du-rhone-rouge-cuvee-cesar-2020-750ml\/#primaryimage","url":"https:\/\/wein-werte.com\/wp-content\/uploads\/2026\/04\/Roche-Audran-Cotes-du-Rhone-rouge-Cuvee-Cesar-2020-750ml.png","contentUrl":"https:\/\/wein-werte.com\/wp-content\/uploads\/2026\/04\/Roche-Audran-Cotes-du-Rhone-rouge-Cuvee-Cesar-2020-750ml.png","width":328,"height":1200,"caption":"Roche-Audran C\u00f4tes du Rh\u00f4ne Rouge \"Cuv\u00e9e C\u00e9sar\" AOC 2020 750ml"},{"@type":"BreadcrumbList","@id":"https:\/\/wein-werte.com\/en\/product\/roche-audran-cotes-du-rhone-rouge-cuvee-cesar-2020-750ml\/#breadcrumb","itemListElement":[{"@type":"ListItem","position":1,"name":"Home","item":"https:\/\/wein-werte.com\/en\/"},{"@type":"ListItem","position":2,"name":"Shop Page","item":"https:\/\/wein-werte.com\/en\/shop\/"},{"@type":"ListItem","position":3,"name":"Roche-Audran | Southern Rh\u00f4ne | C\u00f4tes du Rh\u00f4ne Rouge &#8220;Cuv\u00e9e C\u00e9sar&#8221; AOC | 2020 | 750ml | bio"}]},{"@type":"WebSite","@id":"https:\/\/wein-werte.com\/de\/#website","url":"https:\/\/wein-werte.com\/de\/","name":"Wein Werte","description":"","publisher":{"@id":"https:\/\/wein-werte.com\/de\/#organization"},"potentialAction":[{"@type":"SearchAction","target":{"@type":"EntryPoint","urlTemplate":"https:\/\/wein-werte.com\/de\/?s={search_term_string}"},"query-input":{"@type":"PropertyValueSpecification","valueRequired":true,"valueName":"search_term_string"}}],"inLanguage":"en-US"},{"@type":"Organization","@id":"https:\/\/wein-werte.com\/de\/#organization","name":"Vins Fins Thorrold","url":"https:\/\/wein-werte.com\/de\/","logo":{"@type":"ImageObject","inLanguage":"en-US","@id":"https:\/\/wein-werte.com\/de\/#\/schema\/logo\/image\/","url":"https:\/\/wein-werte.com\/wp-content\/uploads\/2023\/07\/Wein_werte_Logo700-1.png","contentUrl":"https:\/\/wein-werte.com\/wp-content\/uploads\/2023\/07\/Wein_werte_Logo700-1.png","width":700,"height":272,"caption":"Vins Fins Thorrold"},"image":{"@id":"https:\/\/wein-werte.com\/de\/#\/schema\/logo\/image\/"}}]}},"_links":{"self":[{"href":"https:\/\/wein-werte.com\/en\/wp-json\/wp\/v2\/product\/1123056","targetHints":{"allow":["GET"]}}],"collection":[{"href":"https:\/\/wein-werte.com\/en\/wp-json\/wp\/v2\/product"}],"about":[{"href":"https:\/\/wein-werte.com\/en\/wp-json\/wp\/v2\/types\/product"}],"wp:featuredmedia":[{"embeddable":true,"href":"https:\/\/wein-werte.com\/en\/wp-json\/wp\/v2\/media\/1138865"}],"wp:attachment":[{"href":"https:\/\/wein-werte.com\/en\/wp-json\/wp\/v2\/media?parent=1123056"}],"wp:term":[{"taxonomy":"product_brand","embeddable":true,"href":"https:\/\/wein-werte.com\/en\/wp-json\/wp\/v2\/product_brand?post=1123056"},{"taxonomy":"product_cat","embeddable":true,"href":"https:\/\/wein-werte.com\/en\/wp-json\/wp\/v2\/product_cat?post=1123056"},{"taxonomy":"product_tag","embeddable":true,"href":"https:\/\/wein-werte.com\/en\/wp-json\/wp\/v2\/product_tag?post=1123056"}],"curies":[{"name":"wp","href":"https:\/\/api.w.org\/{rel}","templated":true}]}}