{"id":1123055,"date":"2026-05-08T19:55:52","date_gmt":"2026-05-08T17:55:52","guid":{"rendered":"https:\/\/wein-werte.com\/product\/roche-audran-cotes-du-rhone-villages-visan-rouge-2022-750ml\/"},"modified":"2026-05-08T19:55:52","modified_gmt":"2026-05-08T17:55:52","slug":"roche-audran-cotes-du-rhone-villages-visan-rouge-2022-750ml","status":"publish","type":"product","link":"https:\/\/wein-werte.com\/en\/product\/roche-audran-cotes-du-rhone-villages-visan-rouge-2022-750ml\/","title":{"rendered":"Roche-Audran | Southern Rh\u00f4ne | C\u00f4tes du Rh\u00f4ne Villages Visan Rouge AOC | 2022 | 750ml | bio"},"content":{"rendered":"<p>Product description for Roche-Audran C\u00f4tes du Rh\u00f4ne Villages Visan Rouge AOC 2022 (bio)<\/p>\n<h5>Wine Information<\/h5>\n<p> The vineyard belonged to Vincent Rochette&#8217;s grandmother. It is located west of the village of Visan, at an altitude of 140 meters, in the heart of the garrigue. The alluvial terraces are over 80,000 years old; the soil is very dry and consists of more than 60% rock. The vines are surrounded by natural vegetation with countless herbs and plants. <\/p>\n<h5>Vineyard Information<\/h5>\n<p> The Syrah and Grenache grapes are pressed separately and vinified according to biodynamic principles, without the use of chemical aids and with minimal use of sulfur. After 6 months of aging in concrete vats, the wine is bottled very young in the spring to optimally preserve freshness and fruit. <\/p>\n<h5>Colour<\/h5>\n<p> Deep violet red, black at the core, distinct purple reflections towards the rim. <\/p>\n<h5>Nose<\/h5>\n<p> The 2022 C\u00f4tes du Rh\u00f4ne Village Visan presents itself with a very intense nose. Dark cherries, plenty of berries, cassis, elderberry pulp, and blueberries open the wine. Invigorating floral notes of lilac, ivy, lavender, and wild roses are complemented by licorice, tar, charcoal, and graphite. Even on the nose, this is an intense and extremely stimulating wine that practically invites tasting. <\/p>\n<h5>Palate<\/h5>\n<p> It presents itself with a smooth, rounded palate with plenty of charming fruit. Its tannin structure is fine-grained, the acidity pleasantly refreshing and invigorating, and a fine minerality and elegant coolness enhance the drinkability. The Mediterranean, southern French character makes it the perfect accompaniment to aromatic cuisine characterized by herbs and spices.<\/p>\n<p>Copyright Vinaturel 2025<\/p>\n<p>Keywords: <a href=\"https:\/\/wein-werte.com\/shop\/?swoof=1&#038;pa_producer=Roche-Audran\">Roche-Audran<\/a> <a href=\"https:\/\/wein-werte.com\/shop\/?swoof=1&#038;woof_text=C\u00f4tes du Rh\u00f4ne Villages Visan Rouge AOC\">C\u00f4tes du Rh\u00f4ne Villages Visan Rouge AOC<\/a> 2022 bio <a href=\"https:\/\/wein-werte.com\/shop\/?swoof=1&#038;pa_region=Southern Rh\u00f4ne\">Southern-Rh\u00f4ne<\/a> <a href=\"https:\/\/wein-werte.com\/shop\/?swoof=1&#038;pa_country=France\">France<\/a><\/p>\n<p>Producer website: <a href=\"https:\/\/roche-audran.fr\/\" target=\"_blank\">https:\/\/roche-audran.fr\/<\/a><\/p>\n","protected":false},"excerpt":{"rendered":"<p>Delivery time: 1 to 2 working days (DE), 2 to 5 working days (EU and CH)<\/p>\n","protected":false},"featured_media":1138861,"template":"","meta":[],"product_brand":[],"product_cat":[19],"product_tag":[],"class_list":{"0":"post-1123055","1":"product","2":"type-product","3":"status-publish","4":"has-post-thumbnail","6":"product_cat-unkategorisiert","7":"pa_alcohol-for-filter-12-5","8":"pa_certified-biodynamic-yes","9":"pa_certified-organic-yes","10":"pa_colour-red","11":"pa_country-france","12":"pa_grape-mourvedre-blend","13":"pa_price-for-filter-10608","14":"pa_producer-roche-audran","15":"pa_region-southern-rhone","16":"pa_size-ml-6584","17":"pa_sweetness-dry","18":"pa_type-2-still","19":"pa_vintage-9698","20":"entry","21":"has-media","23":"first","24":"instock","25":"taxable","26":"shipping-taxable","27":"purchasable","28":"product-type-simple"},"yoast_head":"<!-- This site is optimized with the Yoast SEO plugin v27.5 - https:\/\/yoast.com\/product\/yoast-seo-wordpress\/ -->\n<title>Roche-Audran C\u00f4tes du Rh\u00f4ne Villages Visan rouge 2022<\/title>\n<meta name=\"description\" content=\"Buy Roche-Audran C\u00f4tes du Rh\u00f4ne Villages Visan rouge 2022 - a dry Mourv\u00e8dre blend from Southern Rh\u00f4ne, France - at Wein Werte, your sustainable online shop.\" \/>\n<meta name=\"robots\" content=\"index, follow, max-snippet:-1, max-image-preview:large, max-video-preview:-1\" \/>\n<link rel=\"canonical\" href=\"https:\/\/wein-werte.com\/en\/product\/roche-audran-cotes-du-rhone-villages-visan-rouge-2022-750ml\/\" \/>\n<meta property=\"og:locale\" content=\"en_US\" \/>\n<meta property=\"og:type\" content=\"article\" \/>\n<meta property=\"og:title\" content=\"Roche-Audran C\u00f4tes du Rh\u00f4ne Villages Visan rouge 2022\" \/>\n<meta property=\"og:description\" content=\"Buy Roche-Audran C\u00f4tes du Rh\u00f4ne Villages Visan rouge 2022 - a dry Mourv\u00e8dre blend from Southern Rh\u00f4ne, France - at Wein Werte, your sustainable online shop.\" \/>\n<meta property=\"og:url\" content=\"https:\/\/wein-werte.com\/en\/product\/roche-audran-cotes-du-rhone-villages-visan-rouge-2022-750ml\/\" \/>\n<meta property=\"og:site_name\" content=\"Wein Werte\" \/>\n<meta property=\"og:image\" content=\"https:\/\/wein-werte.com\/wp-content\/uploads\/2026\/04\/Roche-Audran-Cotes-du-Rhone-Villages-Visan-rouge-2022-750ml.png\" \/>\n\t<meta property=\"og:image:width\" content=\"325\" \/>\n\t<meta property=\"og:image:height\" content=\"1200\" \/>\n\t<meta property=\"og:image:type\" content=\"image\/png\" \/>\n<meta name=\"twitter:card\" content=\"summary_large_image\" \/>\n<meta name=\"twitter:label1\" content=\"Est. reading time\" \/>\n\t<meta name=\"twitter:data1\" content=\"1 minute\" \/>\n<script type=\"application\/ld+json\" class=\"yoast-schema-graph\">{\"@context\":\"https:\\\/\\\/schema.org\",\"@graph\":[{\"@type\":\"WebPage\",\"@id\":\"https:\\\/\\\/wein-werte.com\\\/en\\\/product\\\/roche-audran-cotes-du-rhone-villages-visan-rouge-2022-750ml\\\/\",\"url\":\"https:\\\/\\\/wein-werte.com\\\/en\\\/product\\\/roche-audran-cotes-du-rhone-villages-visan-rouge-2022-750ml\\\/\",\"name\":\"Roche-Audran C\u00f4tes du Rh\u00f4ne Villages Visan rouge 2022\",\"isPartOf\":{\"@id\":\"https:\\\/\\\/wein-werte.com\\\/de\\\/#website\"},\"primaryImageOfPage\":{\"@id\":\"https:\\\/\\\/wein-werte.com\\\/en\\\/product\\\/roche-audran-cotes-du-rhone-villages-visan-rouge-2022-750ml\\\/#primaryimage\"},\"image\":{\"@id\":\"https:\\\/\\\/wein-werte.com\\\/en\\\/product\\\/roche-audran-cotes-du-rhone-villages-visan-rouge-2022-750ml\\\/#primaryimage\"},\"thumbnailUrl\":\"https:\\\/\\\/wein-werte.com\\\/wp-content\\\/uploads\\\/2026\\\/04\\\/Roche-Audran-Cotes-du-Rhone-Villages-Visan-rouge-2022-750ml.png\",\"datePublished\":\"2026-05-08T17:55:52+00:00\",\"description\":\"Buy Roche-Audran C\u00f4tes du Rh\u00f4ne Villages Visan rouge 2022 - a dry Mourv\u00e8dre blend from Southern Rh\u00f4ne, France - at Wein Werte, your sustainable online shop.\",\"breadcrumb\":{\"@id\":\"https:\\\/\\\/wein-werte.com\\\/en\\\/product\\\/roche-audran-cotes-du-rhone-villages-visan-rouge-2022-750ml\\\/#breadcrumb\"},\"inLanguage\":\"en-US\",\"potentialAction\":[{\"@type\":\"ReadAction\",\"target\":[\"https:\\\/\\\/wein-werte.com\\\/en\\\/product\\\/roche-audran-cotes-du-rhone-villages-visan-rouge-2022-750ml\\\/\"]}]},{\"@type\":\"ImageObject\",\"inLanguage\":\"en-US\",\"@id\":\"https:\\\/\\\/wein-werte.com\\\/en\\\/product\\\/roche-audran-cotes-du-rhone-villages-visan-rouge-2022-750ml\\\/#primaryimage\",\"url\":\"https:\\\/\\\/wein-werte.com\\\/wp-content\\\/uploads\\\/2026\\\/04\\\/Roche-Audran-Cotes-du-Rhone-Villages-Visan-rouge-2022-750ml.png\",\"contentUrl\":\"https:\\\/\\\/wein-werte.com\\\/wp-content\\\/uploads\\\/2026\\\/04\\\/Roche-Audran-Cotes-du-Rhone-Villages-Visan-rouge-2022-750ml.png\",\"width\":325,\"height\":1200,\"caption\":\"Roche-Audran C\u00f4tes du Rh\u00f4ne Villages Visan Rouge AOC 2022 750ml\"},{\"@type\":\"BreadcrumbList\",\"@id\":\"https:\\\/\\\/wein-werte.com\\\/en\\\/product\\\/roche-audran-cotes-du-rhone-villages-visan-rouge-2022-750ml\\\/#breadcrumb\",\"itemListElement\":[{\"@type\":\"ListItem\",\"position\":1,\"name\":\"Home\",\"item\":\"https:\\\/\\\/wein-werte.com\\\/en\\\/\"},{\"@type\":\"ListItem\",\"position\":2,\"name\":\"Shop Page\",\"item\":\"https:\\\/\\\/wein-werte.com\\\/en\\\/shop\\\/\"},{\"@type\":\"ListItem\",\"position\":3,\"name\":\"Roche-Audran | Southern Rh\u00f4ne | C\u00f4tes du Rh\u00f4ne Villages Visan Rouge AOC | 2022 | 750ml | bio\"}]},{\"@type\":\"WebSite\",\"@id\":\"https:\\\/\\\/wein-werte.com\\\/de\\\/#website\",\"url\":\"https:\\\/\\\/wein-werte.com\\\/de\\\/\",\"name\":\"Wein Werte\",\"description\":\"\",\"publisher\":{\"@id\":\"https:\\\/\\\/wein-werte.com\\\/de\\\/#organization\"},\"potentialAction\":[{\"@type\":\"SearchAction\",\"target\":{\"@type\":\"EntryPoint\",\"urlTemplate\":\"https:\\\/\\\/wein-werte.com\\\/de\\\/?s={search_term_string}\"},\"query-input\":{\"@type\":\"PropertyValueSpecification\",\"valueRequired\":true,\"valueName\":\"search_term_string\"}}],\"inLanguage\":\"en-US\"},{\"@type\":\"Organization\",\"@id\":\"https:\\\/\\\/wein-werte.com\\\/de\\\/#organization\",\"name\":\"Vins Fins Thorrold\",\"url\":\"https:\\\/\\\/wein-werte.com\\\/de\\\/\",\"logo\":{\"@type\":\"ImageObject\",\"inLanguage\":\"en-US\",\"@id\":\"https:\\\/\\\/wein-werte.com\\\/de\\\/#\\\/schema\\\/logo\\\/image\\\/\",\"url\":\"https:\\\/\\\/wein-werte.com\\\/wp-content\\\/uploads\\\/2023\\\/07\\\/Wein_werte_Logo700-1.png\",\"contentUrl\":\"https:\\\/\\\/wein-werte.com\\\/wp-content\\\/uploads\\\/2023\\\/07\\\/Wein_werte_Logo700-1.png\",\"width\":700,\"height\":272,\"caption\":\"Vins Fins Thorrold\"},\"image\":{\"@id\":\"https:\\\/\\\/wein-werte.com\\\/de\\\/#\\\/schema\\\/logo\\\/image\\\/\"}}]}<\/script>\n<!-- \/ Yoast SEO plugin. -->","yoast_head_json":{"title":"Roche-Audran C\u00f4tes du Rh\u00f4ne Villages Visan rouge 2022","description":"Buy Roche-Audran C\u00f4tes du Rh\u00f4ne Villages Visan rouge 2022 - a dry Mourv\u00e8dre blend from Southern Rh\u00f4ne, France - at Wein Werte, your sustainable online shop.","robots":{"index":"index","follow":"follow","max-snippet":"max-snippet:-1","max-image-preview":"max-image-preview:large","max-video-preview":"max-video-preview:-1"},"canonical":"https:\/\/wein-werte.com\/en\/product\/roche-audran-cotes-du-rhone-villages-visan-rouge-2022-750ml\/","og_locale":"en_US","og_type":"article","og_title":"Roche-Audran C\u00f4tes du Rh\u00f4ne Villages Visan rouge 2022","og_description":"Buy Roche-Audran C\u00f4tes du Rh\u00f4ne Villages Visan rouge 2022 - a dry Mourv\u00e8dre blend from Southern Rh\u00f4ne, France - at Wein Werte, your sustainable online shop.","og_url":"https:\/\/wein-werte.com\/en\/product\/roche-audran-cotes-du-rhone-villages-visan-rouge-2022-750ml\/","og_site_name":"Wein Werte","og_image":[{"width":325,"height":1200,"url":"https:\/\/wein-werte.com\/wp-content\/uploads\/2026\/04\/Roche-Audran-Cotes-du-Rhone-Villages-Visan-rouge-2022-750ml.png","type":"image\/png"}],"twitter_card":"summary_large_image","twitter_misc":{"Est. reading time":"1 minute"},"schema":{"@context":"https:\/\/schema.org","@graph":[{"@type":"WebPage","@id":"https:\/\/wein-werte.com\/en\/product\/roche-audran-cotes-du-rhone-villages-visan-rouge-2022-750ml\/","url":"https:\/\/wein-werte.com\/en\/product\/roche-audran-cotes-du-rhone-villages-visan-rouge-2022-750ml\/","name":"Roche-Audran C\u00f4tes du Rh\u00f4ne Villages Visan rouge 2022","isPartOf":{"@id":"https:\/\/wein-werte.com\/de\/#website"},"primaryImageOfPage":{"@id":"https:\/\/wein-werte.com\/en\/product\/roche-audran-cotes-du-rhone-villages-visan-rouge-2022-750ml\/#primaryimage"},"image":{"@id":"https:\/\/wein-werte.com\/en\/product\/roche-audran-cotes-du-rhone-villages-visan-rouge-2022-750ml\/#primaryimage"},"thumbnailUrl":"https:\/\/wein-werte.com\/wp-content\/uploads\/2026\/04\/Roche-Audran-Cotes-du-Rhone-Villages-Visan-rouge-2022-750ml.png","datePublished":"2026-05-08T17:55:52+00:00","description":"Buy Roche-Audran C\u00f4tes du Rh\u00f4ne Villages Visan rouge 2022 - a dry Mourv\u00e8dre blend from Southern Rh\u00f4ne, France - at Wein Werte, your sustainable online shop.","breadcrumb":{"@id":"https:\/\/wein-werte.com\/en\/product\/roche-audran-cotes-du-rhone-villages-visan-rouge-2022-750ml\/#breadcrumb"},"inLanguage":"en-US","potentialAction":[{"@type":"ReadAction","target":["https:\/\/wein-werte.com\/en\/product\/roche-audran-cotes-du-rhone-villages-visan-rouge-2022-750ml\/"]}]},{"@type":"ImageObject","inLanguage":"en-US","@id":"https:\/\/wein-werte.com\/en\/product\/roche-audran-cotes-du-rhone-villages-visan-rouge-2022-750ml\/#primaryimage","url":"https:\/\/wein-werte.com\/wp-content\/uploads\/2026\/04\/Roche-Audran-Cotes-du-Rhone-Villages-Visan-rouge-2022-750ml.png","contentUrl":"https:\/\/wein-werte.com\/wp-content\/uploads\/2026\/04\/Roche-Audran-Cotes-du-Rhone-Villages-Visan-rouge-2022-750ml.png","width":325,"height":1200,"caption":"Roche-Audran C\u00f4tes du Rh\u00f4ne Villages Visan Rouge AOC 2022 750ml"},{"@type":"BreadcrumbList","@id":"https:\/\/wein-werte.com\/en\/product\/roche-audran-cotes-du-rhone-villages-visan-rouge-2022-750ml\/#breadcrumb","itemListElement":[{"@type":"ListItem","position":1,"name":"Home","item":"https:\/\/wein-werte.com\/en\/"},{"@type":"ListItem","position":2,"name":"Shop Page","item":"https:\/\/wein-werte.com\/en\/shop\/"},{"@type":"ListItem","position":3,"name":"Roche-Audran | Southern Rh\u00f4ne | C\u00f4tes du Rh\u00f4ne Villages Visan Rouge AOC | 2022 | 750ml | bio"}]},{"@type":"WebSite","@id":"https:\/\/wein-werte.com\/de\/#website","url":"https:\/\/wein-werte.com\/de\/","name":"Wein Werte","description":"","publisher":{"@id":"https:\/\/wein-werte.com\/de\/#organization"},"potentialAction":[{"@type":"SearchAction","target":{"@type":"EntryPoint","urlTemplate":"https:\/\/wein-werte.com\/de\/?s={search_term_string}"},"query-input":{"@type":"PropertyValueSpecification","valueRequired":true,"valueName":"search_term_string"}}],"inLanguage":"en-US"},{"@type":"Organization","@id":"https:\/\/wein-werte.com\/de\/#organization","name":"Vins Fins Thorrold","url":"https:\/\/wein-werte.com\/de\/","logo":{"@type":"ImageObject","inLanguage":"en-US","@id":"https:\/\/wein-werte.com\/de\/#\/schema\/logo\/image\/","url":"https:\/\/wein-werte.com\/wp-content\/uploads\/2023\/07\/Wein_werte_Logo700-1.png","contentUrl":"https:\/\/wein-werte.com\/wp-content\/uploads\/2023\/07\/Wein_werte_Logo700-1.png","width":700,"height":272,"caption":"Vins Fins Thorrold"},"image":{"@id":"https:\/\/wein-werte.com\/de\/#\/schema\/logo\/image\/"}}]}},"_links":{"self":[{"href":"https:\/\/wein-werte.com\/en\/wp-json\/wp\/v2\/product\/1123055","targetHints":{"allow":["GET"]}}],"collection":[{"href":"https:\/\/wein-werte.com\/en\/wp-json\/wp\/v2\/product"}],"about":[{"href":"https:\/\/wein-werte.com\/en\/wp-json\/wp\/v2\/types\/product"}],"wp:featuredmedia":[{"embeddable":true,"href":"https:\/\/wein-werte.com\/en\/wp-json\/wp\/v2\/media\/1138861"}],"wp:attachment":[{"href":"https:\/\/wein-werte.com\/en\/wp-json\/wp\/v2\/media?parent=1123055"}],"wp:term":[{"taxonomy":"product_brand","embeddable":true,"href":"https:\/\/wein-werte.com\/en\/wp-json\/wp\/v2\/product_brand?post=1123055"},{"taxonomy":"product_cat","embeddable":true,"href":"https:\/\/wein-werte.com\/en\/wp-json\/wp\/v2\/product_cat?post=1123055"},{"taxonomy":"product_tag","embeddable":true,"href":"https:\/\/wein-werte.com\/en\/wp-json\/wp\/v2\/product_tag?post=1123055"}],"curies":[{"name":"wp","href":"https:\/\/api.w.org\/{rel}","templated":true}]}}