{"id":1123051,"date":"2026-05-05T18:10:32","date_gmt":"2026-05-05T16:10:32","guid":{"rendered":"https:\/\/wein-werte.com\/product\/kiralyudvar-tokaji-cuvee-ilona-2016-500ml\/"},"modified":"2026-05-05T18:10:33","modified_gmt":"2026-05-05T16:10:33","slug":"kiralyudvar-tokaji-cuvee-ilona-2016-500ml","status":"publish","type":"product","link":"https:\/\/wein-werte.com\/en\/product\/kiralyudvar-tokaji-cuvee-ilona-2016-500ml\/","title":{"rendered":"Kir\u00e1lyudvar | Tokaj | Tokaji Cuv\u00e9e Ilona | 2016 | 500ml"},"content":{"rendered":"<p>Product description for Kir\u00e1lyudvar Tokaji Cuv\u00e9e Ilona 2016 <\/p>\n<h5>Wine Information<\/h5>\n<p> The Tokaji Cuv\u00e9e &#8220;Ilona&#8221; is a late-harvested blend of 60% Furmint, 25% H\u00e1rslevel\u0171, and 15% S\u00e1rga Muskot\u00e1ly grapes from the Betsek, Suba, Danczka, and Lapis vineyards. The harvest took place from October 26 to 28, 2016. The wine was aged for five months in a 2.5-hectoliter Slavonian oak barrel and bottled at 10% alcohol, 158 g\/l residual sugar, and 9.1 g acidity at a pH of 3.26. <\/p>\n<h5>Colour<\/h5>\n<p> Bright amber <\/p>\n<h5>Nose <\/h5>\n<p> The Tokaji &#8220;Ilona&#8221; has an almost reserved, subtle, yet very elegant and delicate aroma of candied orange peel, kumquats, and ripe stone fruit. Added to this are notes of black tea, a touch of Turkish mocha with cardamom, beeswax, and Cointreau. <\/p>\n<h5>Palate <\/h5>\n<p> On the palate, this is a viscous, concentrated, expansive dessert wine that is nevertheless bursting with energy. More than 9 grams of acidity mercilessly pushes the large amount of residual sugar across the palate, ensuring freshness and vitality. Both the residual sweetness and the acidity, together with the ripe, juicy, partly fresh, partly raisined fruit, and the slightly spicy spiciness, work seamlessly together, flowing into a never-ending flow. In the finish, all this is paired with a subtle saltiness and a hint of black tea. The acidity of this vintage will once again ensure that Tokaji &#8220;Ilona&#8221; can be aged for decades.<\/p>\n<p>Copyright Vinaturel 2025<\/p>\n<p>Keywords: <a href=\"https:\/\/wein-werte.com\/shop\/?swoof=1&#038;pa_producer=Kir\u00e1lyudvar\">Kir\u00e1lyudvar<\/a> <a href=\"https:\/\/wein-werte.com\/shop\/?swoof=1&#038;woof_text=Tokaji Cuv\u00e9e Ilona\">Tokaji Cuv\u00e9e Ilona<\/a> 2016  <a href=\"https:\/\/wein-werte.com\/shop\/?swoof=1&#038;pa_region=Tokaj\">Tokaj<\/a> <a href=\"https:\/\/wein-werte.com\/shop\/?swoof=1&#038;pa_country=Hungary\">Hungary<\/a><\/p>\n<p>Producer website: <a href=\"https:\/\/www.kiralyudvar.com\/\" target=\"_blank\">https:\/\/www.kiralyudvar.com\/<\/a><\/p>\n","protected":false},"excerpt":{"rendered":"<p>Delivery time: 1 to 2 working days (DE), 2 to 5 working days (EU and CH)<\/p>\n","protected":false},"featured_media":1138847,"template":"","meta":[],"product_brand":[],"product_cat":[19],"product_tag":[],"class_list":{"0":"post-1123051","1":"product","2":"type-product","3":"status-publish","4":"has-post-thumbnail","6":"product_cat-unkategorisiert","7":"pa_alcohol-for-filter-12902","8":"pa_certified-biodynamic-no","9":"pa_certified-organic-no","10":"pa_colour-white","11":"pa_country-hungary","12":"pa_grape-muskateller-blend","13":"pa_price-for-filter-10646","14":"pa_producer-kiralyudvar","15":"pa_region-tokaj","16":"pa_size-ml-7001","17":"pa_sweetness-sweet","18":"pa_type-2-still","19":"pa_vintage-6650","20":"entry","21":"has-media","23":"first","24":"instock","25":"taxable","26":"shipping-taxable","27":"purchasable","28":"product-type-simple"},"yoast_head":"<!-- This site is optimized with the Yoast SEO plugin v27.5 - https:\/\/yoast.com\/product\/yoast-seo-wordpress\/ -->\n<title>Kir\u00e1lyudvar Tokaji Cuv\u00e9e Ilona 2016, 500ml<\/title>\n<meta name=\"description\" content=\"Buy Kir\u00e1lyudvar Tokaji Cuv\u00e9e Ilona 2016 - a sweet Muskateller blend from Tokaj, Hungary - at Wein Werte, your sustainable online shop.\" \/>\n<meta name=\"robots\" content=\"index, follow, max-snippet:-1, max-image-preview:large, max-video-preview:-1\" \/>\n<link rel=\"canonical\" href=\"https:\/\/wein-werte.com\/en\/product\/kiralyudvar-tokaji-cuvee-ilona-2016-500ml\/\" \/>\n<meta property=\"og:locale\" content=\"en_US\" \/>\n<meta property=\"og:type\" content=\"article\" \/>\n<meta property=\"og:title\" content=\"Kir\u00e1lyudvar Tokaji Cuv\u00e9e Ilona 2016, 500ml\" \/>\n<meta property=\"og:description\" content=\"Buy Kir\u00e1lyudvar Tokaji Cuv\u00e9e Ilona 2016 - a sweet Muskateller blend from Tokaj, Hungary - at Wein Werte, your sustainable online shop.\" \/>\n<meta property=\"og:url\" content=\"https:\/\/wein-werte.com\/en\/product\/kiralyudvar-tokaji-cuvee-ilona-2016-500ml\/\" \/>\n<meta property=\"og:site_name\" content=\"Wein Werte\" \/>\n<meta property=\"article:modified_time\" content=\"2026-05-05T16:10:33+00:00\" \/>\n<meta property=\"og:image\" content=\"https:\/\/wein-werte.com\/wp-content\/uploads\/2026\/04\/Kiralyudvar-Tokaji-Cuvee-Ilona-2016-500ml.png\" \/>\n\t<meta property=\"og:image:width\" content=\"263\" \/>\n\t<meta property=\"og:image:height\" content=\"1200\" \/>\n\t<meta property=\"og:image:type\" content=\"image\/png\" \/>\n<meta name=\"twitter:card\" content=\"summary_large_image\" \/>\n<meta name=\"twitter:label1\" content=\"Est. reading time\" \/>\n\t<meta name=\"twitter:data1\" content=\"1 minute\" \/>\n<script type=\"application\/ld+json\" class=\"yoast-schema-graph\">{\"@context\":\"https:\\\/\\\/schema.org\",\"@graph\":[{\"@type\":\"WebPage\",\"@id\":\"https:\\\/\\\/wein-werte.com\\\/en\\\/product\\\/kiralyudvar-tokaji-cuvee-ilona-2016-500ml\\\/\",\"url\":\"https:\\\/\\\/wein-werte.com\\\/en\\\/product\\\/kiralyudvar-tokaji-cuvee-ilona-2016-500ml\\\/\",\"name\":\"Kir\u00e1lyudvar Tokaji Cuv\u00e9e Ilona 2016, 500ml\",\"isPartOf\":{\"@id\":\"https:\\\/\\\/wein-werte.com\\\/de\\\/#website\"},\"primaryImageOfPage\":{\"@id\":\"https:\\\/\\\/wein-werte.com\\\/en\\\/product\\\/kiralyudvar-tokaji-cuvee-ilona-2016-500ml\\\/#primaryimage\"},\"image\":{\"@id\":\"https:\\\/\\\/wein-werte.com\\\/en\\\/product\\\/kiralyudvar-tokaji-cuvee-ilona-2016-500ml\\\/#primaryimage\"},\"thumbnailUrl\":\"https:\\\/\\\/wein-werte.com\\\/wp-content\\\/uploads\\\/2026\\\/04\\\/Kiralyudvar-Tokaji-Cuvee-Ilona-2016-500ml.png\",\"datePublished\":\"2026-05-05T16:10:32+00:00\",\"dateModified\":\"2026-05-05T16:10:33+00:00\",\"description\":\"Buy Kir\u00e1lyudvar Tokaji Cuv\u00e9e Ilona 2016 - a sweet Muskateller blend from Tokaj, Hungary - at Wein Werte, your sustainable online shop.\",\"breadcrumb\":{\"@id\":\"https:\\\/\\\/wein-werte.com\\\/en\\\/product\\\/kiralyudvar-tokaji-cuvee-ilona-2016-500ml\\\/#breadcrumb\"},\"inLanguage\":\"en-US\",\"potentialAction\":[{\"@type\":\"ReadAction\",\"target\":[\"https:\\\/\\\/wein-werte.com\\\/en\\\/product\\\/kiralyudvar-tokaji-cuvee-ilona-2016-500ml\\\/\"]}]},{\"@type\":\"ImageObject\",\"inLanguage\":\"en-US\",\"@id\":\"https:\\\/\\\/wein-werte.com\\\/en\\\/product\\\/kiralyudvar-tokaji-cuvee-ilona-2016-500ml\\\/#primaryimage\",\"url\":\"https:\\\/\\\/wein-werte.com\\\/wp-content\\\/uploads\\\/2026\\\/04\\\/Kiralyudvar-Tokaji-Cuvee-Ilona-2016-500ml.png\",\"contentUrl\":\"https:\\\/\\\/wein-werte.com\\\/wp-content\\\/uploads\\\/2026\\\/04\\\/Kiralyudvar-Tokaji-Cuvee-Ilona-2016-500ml.png\",\"width\":263,\"height\":1200,\"caption\":\"Kir\u00e1lyudvar Tokaji Cuv\u00e9e Ilona 2016 500ml\"},{\"@type\":\"BreadcrumbList\",\"@id\":\"https:\\\/\\\/wein-werte.com\\\/en\\\/product\\\/kiralyudvar-tokaji-cuvee-ilona-2016-500ml\\\/#breadcrumb\",\"itemListElement\":[{\"@type\":\"ListItem\",\"position\":1,\"name\":\"Home\",\"item\":\"https:\\\/\\\/wein-werte.com\\\/en\\\/\"},{\"@type\":\"ListItem\",\"position\":2,\"name\":\"Shop Page\",\"item\":\"https:\\\/\\\/wein-werte.com\\\/en\\\/shop\\\/\"},{\"@type\":\"ListItem\",\"position\":3,\"name\":\"Kir\u00e1lyudvar | Tokaj | Tokaji Cuv\u00e9e Ilona | 2016 | 500ml\"}]},{\"@type\":\"WebSite\",\"@id\":\"https:\\\/\\\/wein-werte.com\\\/de\\\/#website\",\"url\":\"https:\\\/\\\/wein-werte.com\\\/de\\\/\",\"name\":\"Wein Werte\",\"description\":\"\",\"publisher\":{\"@id\":\"https:\\\/\\\/wein-werte.com\\\/de\\\/#organization\"},\"potentialAction\":[{\"@type\":\"SearchAction\",\"target\":{\"@type\":\"EntryPoint\",\"urlTemplate\":\"https:\\\/\\\/wein-werte.com\\\/de\\\/?s={search_term_string}\"},\"query-input\":{\"@type\":\"PropertyValueSpecification\",\"valueRequired\":true,\"valueName\":\"search_term_string\"}}],\"inLanguage\":\"en-US\"},{\"@type\":\"Organization\",\"@id\":\"https:\\\/\\\/wein-werte.com\\\/de\\\/#organization\",\"name\":\"Vins Fins Thorrold\",\"url\":\"https:\\\/\\\/wein-werte.com\\\/de\\\/\",\"logo\":{\"@type\":\"ImageObject\",\"inLanguage\":\"en-US\",\"@id\":\"https:\\\/\\\/wein-werte.com\\\/de\\\/#\\\/schema\\\/logo\\\/image\\\/\",\"url\":\"https:\\\/\\\/wein-werte.com\\\/wp-content\\\/uploads\\\/2023\\\/07\\\/Wein_werte_Logo700-1.png\",\"contentUrl\":\"https:\\\/\\\/wein-werte.com\\\/wp-content\\\/uploads\\\/2023\\\/07\\\/Wein_werte_Logo700-1.png\",\"width\":700,\"height\":272,\"caption\":\"Vins Fins Thorrold\"},\"image\":{\"@id\":\"https:\\\/\\\/wein-werte.com\\\/de\\\/#\\\/schema\\\/logo\\\/image\\\/\"}}]}<\/script>\n<!-- \/ Yoast SEO plugin. -->","yoast_head_json":{"title":"Kir\u00e1lyudvar Tokaji Cuv\u00e9e Ilona 2016, 500ml","description":"Buy Kir\u00e1lyudvar Tokaji Cuv\u00e9e Ilona 2016 - a sweet Muskateller blend from Tokaj, Hungary - at Wein Werte, your sustainable online shop.","robots":{"index":"index","follow":"follow","max-snippet":"max-snippet:-1","max-image-preview":"max-image-preview:large","max-video-preview":"max-video-preview:-1"},"canonical":"https:\/\/wein-werte.com\/en\/product\/kiralyudvar-tokaji-cuvee-ilona-2016-500ml\/","og_locale":"en_US","og_type":"article","og_title":"Kir\u00e1lyudvar Tokaji Cuv\u00e9e Ilona 2016, 500ml","og_description":"Buy Kir\u00e1lyudvar Tokaji Cuv\u00e9e Ilona 2016 - a sweet Muskateller blend from Tokaj, Hungary - at Wein Werte, your sustainable online shop.","og_url":"https:\/\/wein-werte.com\/en\/product\/kiralyudvar-tokaji-cuvee-ilona-2016-500ml\/","og_site_name":"Wein Werte","article_modified_time":"2026-05-05T16:10:33+00:00","og_image":[{"width":263,"height":1200,"url":"https:\/\/wein-werte.com\/wp-content\/uploads\/2026\/04\/Kiralyudvar-Tokaji-Cuvee-Ilona-2016-500ml.png","type":"image\/png"}],"twitter_card":"summary_large_image","twitter_misc":{"Est. reading time":"1 minute"},"schema":{"@context":"https:\/\/schema.org","@graph":[{"@type":"WebPage","@id":"https:\/\/wein-werte.com\/en\/product\/kiralyudvar-tokaji-cuvee-ilona-2016-500ml\/","url":"https:\/\/wein-werte.com\/en\/product\/kiralyudvar-tokaji-cuvee-ilona-2016-500ml\/","name":"Kir\u00e1lyudvar Tokaji Cuv\u00e9e Ilona 2016, 500ml","isPartOf":{"@id":"https:\/\/wein-werte.com\/de\/#website"},"primaryImageOfPage":{"@id":"https:\/\/wein-werte.com\/en\/product\/kiralyudvar-tokaji-cuvee-ilona-2016-500ml\/#primaryimage"},"image":{"@id":"https:\/\/wein-werte.com\/en\/product\/kiralyudvar-tokaji-cuvee-ilona-2016-500ml\/#primaryimage"},"thumbnailUrl":"https:\/\/wein-werte.com\/wp-content\/uploads\/2026\/04\/Kiralyudvar-Tokaji-Cuvee-Ilona-2016-500ml.png","datePublished":"2026-05-05T16:10:32+00:00","dateModified":"2026-05-05T16:10:33+00:00","description":"Buy Kir\u00e1lyudvar Tokaji Cuv\u00e9e Ilona 2016 - a sweet Muskateller blend from Tokaj, Hungary - at Wein Werte, your sustainable online shop.","breadcrumb":{"@id":"https:\/\/wein-werte.com\/en\/product\/kiralyudvar-tokaji-cuvee-ilona-2016-500ml\/#breadcrumb"},"inLanguage":"en-US","potentialAction":[{"@type":"ReadAction","target":["https:\/\/wein-werte.com\/en\/product\/kiralyudvar-tokaji-cuvee-ilona-2016-500ml\/"]}]},{"@type":"ImageObject","inLanguage":"en-US","@id":"https:\/\/wein-werte.com\/en\/product\/kiralyudvar-tokaji-cuvee-ilona-2016-500ml\/#primaryimage","url":"https:\/\/wein-werte.com\/wp-content\/uploads\/2026\/04\/Kiralyudvar-Tokaji-Cuvee-Ilona-2016-500ml.png","contentUrl":"https:\/\/wein-werte.com\/wp-content\/uploads\/2026\/04\/Kiralyudvar-Tokaji-Cuvee-Ilona-2016-500ml.png","width":263,"height":1200,"caption":"Kir\u00e1lyudvar Tokaji Cuv\u00e9e Ilona 2016 500ml"},{"@type":"BreadcrumbList","@id":"https:\/\/wein-werte.com\/en\/product\/kiralyudvar-tokaji-cuvee-ilona-2016-500ml\/#breadcrumb","itemListElement":[{"@type":"ListItem","position":1,"name":"Home","item":"https:\/\/wein-werte.com\/en\/"},{"@type":"ListItem","position":2,"name":"Shop Page","item":"https:\/\/wein-werte.com\/en\/shop\/"},{"@type":"ListItem","position":3,"name":"Kir\u00e1lyudvar | Tokaj | Tokaji Cuv\u00e9e Ilona | 2016 | 500ml"}]},{"@type":"WebSite","@id":"https:\/\/wein-werte.com\/de\/#website","url":"https:\/\/wein-werte.com\/de\/","name":"Wein Werte","description":"","publisher":{"@id":"https:\/\/wein-werte.com\/de\/#organization"},"potentialAction":[{"@type":"SearchAction","target":{"@type":"EntryPoint","urlTemplate":"https:\/\/wein-werte.com\/de\/?s={search_term_string}"},"query-input":{"@type":"PropertyValueSpecification","valueRequired":true,"valueName":"search_term_string"}}],"inLanguage":"en-US"},{"@type":"Organization","@id":"https:\/\/wein-werte.com\/de\/#organization","name":"Vins Fins Thorrold","url":"https:\/\/wein-werte.com\/de\/","logo":{"@type":"ImageObject","inLanguage":"en-US","@id":"https:\/\/wein-werte.com\/de\/#\/schema\/logo\/image\/","url":"https:\/\/wein-werte.com\/wp-content\/uploads\/2023\/07\/Wein_werte_Logo700-1.png","contentUrl":"https:\/\/wein-werte.com\/wp-content\/uploads\/2023\/07\/Wein_werte_Logo700-1.png","width":700,"height":272,"caption":"Vins Fins Thorrold"},"image":{"@id":"https:\/\/wein-werte.com\/de\/#\/schema\/logo\/image\/"}}]}},"_links":{"self":[{"href":"https:\/\/wein-werte.com\/en\/wp-json\/wp\/v2\/product\/1123051","targetHints":{"allow":["GET"]}}],"collection":[{"href":"https:\/\/wein-werte.com\/en\/wp-json\/wp\/v2\/product"}],"about":[{"href":"https:\/\/wein-werte.com\/en\/wp-json\/wp\/v2\/types\/product"}],"wp:featuredmedia":[{"embeddable":true,"href":"https:\/\/wein-werte.com\/en\/wp-json\/wp\/v2\/media\/1138847"}],"wp:attachment":[{"href":"https:\/\/wein-werte.com\/en\/wp-json\/wp\/v2\/media?parent=1123051"}],"wp:term":[{"taxonomy":"product_brand","embeddable":true,"href":"https:\/\/wein-werte.com\/en\/wp-json\/wp\/v2\/product_brand?post=1123051"},{"taxonomy":"product_cat","embeddable":true,"href":"https:\/\/wein-werte.com\/en\/wp-json\/wp\/v2\/product_cat?post=1123051"},{"taxonomy":"product_tag","embeddable":true,"href":"https:\/\/wein-werte.com\/en\/wp-json\/wp\/v2\/product_tag?post=1123051"}],"curies":[{"name":"wp","href":"https:\/\/api.w.org\/{rel}","templated":true}]}}