{"id":1123048,"date":"2026-05-05T18:10:31","date_gmt":"2026-05-05T16:10:31","guid":{"rendered":"https:\/\/wein-werte.com\/product\/kiralyudvar-tokaji-6-puttonyos-aszu-2012-500ml\/"},"modified":"2026-05-05T18:10:32","modified_gmt":"2026-05-05T16:10:32","slug":"kiralyudvar-tokaji-6-puttonyos-aszu-2012-500ml","status":"publish","type":"product","link":"https:\/\/wein-werte.com\/en\/product\/kiralyudvar-tokaji-6-puttonyos-aszu-2012-500ml\/","title":{"rendered":"Kir\u00e1lyudvar | Tokaj | Tokaji 6 Puttonyos Asz\u00fa | 2012 | 500ml"},"content":{"rendered":"<p>Product description for Kir\u00e1lyudvar Tokaji 6 Puttonyos Asz\u00fa 2012 <\/p>\n<h5>Wine Information<\/h5>\n<p> 80% Furmint and 20% H\u00e1rslevel\u0171 from the Danczka, Lapis, Becsek, and Percze vineyards with volcanic soils such as white rhyolite tuff. Harvested in September 2012. A 6 Puttonyos is made from six 22-kilo barrels of noble-rot grapes that are added to 136.5 liters of base wine. After 28 months of aging in 5-hectoliter Slavonian oak barrels, a 6 Puttonyos matures for at least another six years before being released. It was filled with 10% alcohol, 207 grams of residual sugar, and 9.3 grams of acidity. <\/p>\n<h5>Colour<\/h5>\n<p> orange to amber <\/p>\n<h5>Nose <\/h5>\n<p> The Tokaji Asz\u00fa 6 Puttonyos not only appears young and intense in colour, but also in its aroma. Linden blossoms and orange blossoms are the most intense markers here, underscored by mint, smoke, and saffron. Added to this are candied ginger, orange peel, a little pineapple, soft apricots, pears, and quince, as well as a touch of honey, oak, and rock candy. It is wonderfully dense and captivating. <\/p>\n<h5>Palate<\/h5>\n<p> On the palate, the Tokaji Asz\u00fa 6 Puttonyos has the perfect balance of density, creaminess, and acidity. It is highly elegant, complex, and lively, with plenty of stone fruit in fresh and dried form, ginger and saffron, black tea, and caramel. The juicy bitter orange stands out, reminiscent of Old English marmalade with dark sugar. Everything is just right in the finish: the length, the glistening acidity, the elegant sweetness, the tartness and bitterness. All of this combined will ensure that this Tokaji will last for decades, continuing to grow in complexity.<\/p>\n<p>Copyright Vinaturel 2025<\/p>\n<p>Keywords: <a href=\"https:\/\/wein-werte.com\/shop\/?swoof=1&#038;pa_producer=Kir\u00e1lyudvar\">Kir\u00e1lyudvar<\/a> <a href=\"https:\/\/wein-werte.com\/shop\/?swoof=1&#038;woof_text=Tokaji 6 Puttonyos Asz\u00fa\">Tokaji 6 Puttonyos Asz\u00fa<\/a> 2012  <a href=\"https:\/\/wein-werte.com\/shop\/?swoof=1&#038;pa_region=Tokaj\">Tokaj<\/a> <a href=\"https:\/\/wein-werte.com\/shop\/?swoof=1&#038;pa_country=Hungary\">Hungary<\/a><\/p>\n<p>Producer website: <a href=\"https:\/\/www.kiralyudvar.com\/\" target=\"_blank\">https:\/\/www.kiralyudvar.com\/<\/a><\/p>\n","protected":false},"excerpt":{"rendered":"<p>Delivery time: 1 to 2 working days (DE), 2 to 5 working days (EU and CH)<\/p>\n","protected":false},"featured_media":1138837,"template":"","meta":[],"product_brand":[],"product_cat":[19],"product_tag":[],"class_list":{"0":"post-1123048","1":"product","2":"type-product","3":"status-publish","4":"has-post-thumbnail","6":"product_cat-unkategorisiert","7":"pa_alcohol-for-filter-12902","8":"pa_certified-biodynamic-no","9":"pa_certified-organic-no","10":"pa_colour-white","11":"pa_country-hungary","12":"pa_grape-furmint-blend","13":"pa_price-for-filter-10702","14":"pa_producer-kiralyudvar","15":"pa_region-tokaj","16":"pa_size-ml-7001","17":"pa_sweetness-sweet","18":"pa_type-2-still","19":"pa_vintage-6850","20":"entry","21":"has-media","23":"first","24":"instock","25":"taxable","26":"shipping-taxable","27":"purchasable","28":"product-type-simple"},"yoast_head":"<!-- This site is optimized with the Yoast SEO plugin v27.5 - https:\/\/yoast.com\/product\/yoast-seo-wordpress\/ -->\n<title>Kir\u00e1lyudvar Tokaji 6 Puttonyos Asz\u00fa 2012, 500ml<\/title>\n<meta name=\"description\" content=\"Buy Kir\u00e1lyudvar Tokaji 6 Puttonyos Asz\u00fa 2012 - a sweet Furmint blend from Tokaj, Hungary - at Wein Werte, your sustainable online shop.\" \/>\n<meta name=\"robots\" content=\"index, follow, max-snippet:-1, max-image-preview:large, max-video-preview:-1\" \/>\n<link rel=\"canonical\" href=\"https:\/\/wein-werte.com\/en\/product\/kiralyudvar-tokaji-6-puttonyos-aszu-2012-500ml\/\" \/>\n<meta property=\"og:locale\" content=\"en_US\" \/>\n<meta property=\"og:type\" content=\"article\" \/>\n<meta property=\"og:title\" content=\"Kir\u00e1lyudvar Tokaji 6 Puttonyos Asz\u00fa 2012, 500ml\" \/>\n<meta property=\"og:description\" content=\"Buy Kir\u00e1lyudvar Tokaji 6 Puttonyos Asz\u00fa 2012 - a sweet Furmint blend from Tokaj, Hungary - at Wein Werte, your sustainable online shop.\" \/>\n<meta property=\"og:url\" content=\"https:\/\/wein-werte.com\/en\/product\/kiralyudvar-tokaji-6-puttonyos-aszu-2012-500ml\/\" \/>\n<meta property=\"og:site_name\" content=\"Wein Werte\" \/>\n<meta property=\"article:modified_time\" content=\"2026-05-05T16:10:32+00:00\" \/>\n<meta property=\"og:image\" content=\"https:\/\/wein-werte.com\/wp-content\/uploads\/2026\/04\/Kiralyudvar-Tokaji-6-Puttonyos-Aszu-2012-500ml.png\" \/>\n\t<meta property=\"og:image:width\" content=\"322\" \/>\n\t<meta property=\"og:image:height\" content=\"1200\" \/>\n\t<meta property=\"og:image:type\" content=\"image\/png\" \/>\n<meta name=\"twitter:card\" content=\"summary_large_image\" \/>\n<meta name=\"twitter:label1\" content=\"Est. reading time\" \/>\n\t<meta name=\"twitter:data1\" content=\"1 minute\" \/>\n<script type=\"application\/ld+json\" class=\"yoast-schema-graph\">{\"@context\":\"https:\\\/\\\/schema.org\",\"@graph\":[{\"@type\":\"WebPage\",\"@id\":\"https:\\\/\\\/wein-werte.com\\\/en\\\/product\\\/kiralyudvar-tokaji-6-puttonyos-aszu-2012-500ml\\\/\",\"url\":\"https:\\\/\\\/wein-werte.com\\\/en\\\/product\\\/kiralyudvar-tokaji-6-puttonyos-aszu-2012-500ml\\\/\",\"name\":\"Kir\u00e1lyudvar Tokaji 6 Puttonyos Asz\u00fa 2012, 500ml\",\"isPartOf\":{\"@id\":\"https:\\\/\\\/wein-werte.com\\\/de\\\/#website\"},\"primaryImageOfPage\":{\"@id\":\"https:\\\/\\\/wein-werte.com\\\/en\\\/product\\\/kiralyudvar-tokaji-6-puttonyos-aszu-2012-500ml\\\/#primaryimage\"},\"image\":{\"@id\":\"https:\\\/\\\/wein-werte.com\\\/en\\\/product\\\/kiralyudvar-tokaji-6-puttonyos-aszu-2012-500ml\\\/#primaryimage\"},\"thumbnailUrl\":\"https:\\\/\\\/wein-werte.com\\\/wp-content\\\/uploads\\\/2026\\\/04\\\/Kiralyudvar-Tokaji-6-Puttonyos-Aszu-2012-500ml.png\",\"datePublished\":\"2026-05-05T16:10:31+00:00\",\"dateModified\":\"2026-05-05T16:10:32+00:00\",\"description\":\"Buy Kir\u00e1lyudvar Tokaji 6 Puttonyos Asz\u00fa 2012 - a sweet Furmint blend from Tokaj, Hungary - at Wein Werte, your sustainable online shop.\",\"breadcrumb\":{\"@id\":\"https:\\\/\\\/wein-werte.com\\\/en\\\/product\\\/kiralyudvar-tokaji-6-puttonyos-aszu-2012-500ml\\\/#breadcrumb\"},\"inLanguage\":\"en-US\",\"potentialAction\":[{\"@type\":\"ReadAction\",\"target\":[\"https:\\\/\\\/wein-werte.com\\\/en\\\/product\\\/kiralyudvar-tokaji-6-puttonyos-aszu-2012-500ml\\\/\"]}]},{\"@type\":\"ImageObject\",\"inLanguage\":\"en-US\",\"@id\":\"https:\\\/\\\/wein-werte.com\\\/en\\\/product\\\/kiralyudvar-tokaji-6-puttonyos-aszu-2012-500ml\\\/#primaryimage\",\"url\":\"https:\\\/\\\/wein-werte.com\\\/wp-content\\\/uploads\\\/2026\\\/04\\\/Kiralyudvar-Tokaji-6-Puttonyos-Aszu-2012-500ml.png\",\"contentUrl\":\"https:\\\/\\\/wein-werte.com\\\/wp-content\\\/uploads\\\/2026\\\/04\\\/Kiralyudvar-Tokaji-6-Puttonyos-Aszu-2012-500ml.png\",\"width\":322,\"height\":1200,\"caption\":\"Kir\u00e1lyudvar Tokaji 6 Puttonyos Asz\u00fa 2012 500ml\"},{\"@type\":\"BreadcrumbList\",\"@id\":\"https:\\\/\\\/wein-werte.com\\\/en\\\/product\\\/kiralyudvar-tokaji-6-puttonyos-aszu-2012-500ml\\\/#breadcrumb\",\"itemListElement\":[{\"@type\":\"ListItem\",\"position\":1,\"name\":\"Home\",\"item\":\"https:\\\/\\\/wein-werte.com\\\/en\\\/\"},{\"@type\":\"ListItem\",\"position\":2,\"name\":\"Shop Page\",\"item\":\"https:\\\/\\\/wein-werte.com\\\/en\\\/shop\\\/\"},{\"@type\":\"ListItem\",\"position\":3,\"name\":\"Kir\u00e1lyudvar | Tokaj | Tokaji 6 Puttonyos Asz\u00fa | 2012 | 500ml\"}]},{\"@type\":\"WebSite\",\"@id\":\"https:\\\/\\\/wein-werte.com\\\/de\\\/#website\",\"url\":\"https:\\\/\\\/wein-werte.com\\\/de\\\/\",\"name\":\"Wein Werte\",\"description\":\"\",\"publisher\":{\"@id\":\"https:\\\/\\\/wein-werte.com\\\/de\\\/#organization\"},\"potentialAction\":[{\"@type\":\"SearchAction\",\"target\":{\"@type\":\"EntryPoint\",\"urlTemplate\":\"https:\\\/\\\/wein-werte.com\\\/de\\\/?s={search_term_string}\"},\"query-input\":{\"@type\":\"PropertyValueSpecification\",\"valueRequired\":true,\"valueName\":\"search_term_string\"}}],\"inLanguage\":\"en-US\"},{\"@type\":\"Organization\",\"@id\":\"https:\\\/\\\/wein-werte.com\\\/de\\\/#organization\",\"name\":\"Vins Fins Thorrold\",\"url\":\"https:\\\/\\\/wein-werte.com\\\/de\\\/\",\"logo\":{\"@type\":\"ImageObject\",\"inLanguage\":\"en-US\",\"@id\":\"https:\\\/\\\/wein-werte.com\\\/de\\\/#\\\/schema\\\/logo\\\/image\\\/\",\"url\":\"https:\\\/\\\/wein-werte.com\\\/wp-content\\\/uploads\\\/2023\\\/07\\\/Wein_werte_Logo700-1.png\",\"contentUrl\":\"https:\\\/\\\/wein-werte.com\\\/wp-content\\\/uploads\\\/2023\\\/07\\\/Wein_werte_Logo700-1.png\",\"width\":700,\"height\":272,\"caption\":\"Vins Fins Thorrold\"},\"image\":{\"@id\":\"https:\\\/\\\/wein-werte.com\\\/de\\\/#\\\/schema\\\/logo\\\/image\\\/\"}}]}<\/script>\n<!-- \/ Yoast SEO plugin. -->","yoast_head_json":{"title":"Kir\u00e1lyudvar Tokaji 6 Puttonyos Asz\u00fa 2012, 500ml","description":"Buy Kir\u00e1lyudvar Tokaji 6 Puttonyos Asz\u00fa 2012 - a sweet Furmint blend from Tokaj, Hungary - at Wein Werte, your sustainable online shop.","robots":{"index":"index","follow":"follow","max-snippet":"max-snippet:-1","max-image-preview":"max-image-preview:large","max-video-preview":"max-video-preview:-1"},"canonical":"https:\/\/wein-werte.com\/en\/product\/kiralyudvar-tokaji-6-puttonyos-aszu-2012-500ml\/","og_locale":"en_US","og_type":"article","og_title":"Kir\u00e1lyudvar Tokaji 6 Puttonyos Asz\u00fa 2012, 500ml","og_description":"Buy Kir\u00e1lyudvar Tokaji 6 Puttonyos Asz\u00fa 2012 - a sweet Furmint blend from Tokaj, Hungary - at Wein Werte, your sustainable online shop.","og_url":"https:\/\/wein-werte.com\/en\/product\/kiralyudvar-tokaji-6-puttonyos-aszu-2012-500ml\/","og_site_name":"Wein Werte","article_modified_time":"2026-05-05T16:10:32+00:00","og_image":[{"width":322,"height":1200,"url":"https:\/\/wein-werte.com\/wp-content\/uploads\/2026\/04\/Kiralyudvar-Tokaji-6-Puttonyos-Aszu-2012-500ml.png","type":"image\/png"}],"twitter_card":"summary_large_image","twitter_misc":{"Est. reading time":"1 minute"},"schema":{"@context":"https:\/\/schema.org","@graph":[{"@type":"WebPage","@id":"https:\/\/wein-werte.com\/en\/product\/kiralyudvar-tokaji-6-puttonyos-aszu-2012-500ml\/","url":"https:\/\/wein-werte.com\/en\/product\/kiralyudvar-tokaji-6-puttonyos-aszu-2012-500ml\/","name":"Kir\u00e1lyudvar Tokaji 6 Puttonyos Asz\u00fa 2012, 500ml","isPartOf":{"@id":"https:\/\/wein-werte.com\/de\/#website"},"primaryImageOfPage":{"@id":"https:\/\/wein-werte.com\/en\/product\/kiralyudvar-tokaji-6-puttonyos-aszu-2012-500ml\/#primaryimage"},"image":{"@id":"https:\/\/wein-werte.com\/en\/product\/kiralyudvar-tokaji-6-puttonyos-aszu-2012-500ml\/#primaryimage"},"thumbnailUrl":"https:\/\/wein-werte.com\/wp-content\/uploads\/2026\/04\/Kiralyudvar-Tokaji-6-Puttonyos-Aszu-2012-500ml.png","datePublished":"2026-05-05T16:10:31+00:00","dateModified":"2026-05-05T16:10:32+00:00","description":"Buy Kir\u00e1lyudvar Tokaji 6 Puttonyos Asz\u00fa 2012 - a sweet Furmint blend from Tokaj, Hungary - at Wein Werte, your sustainable online shop.","breadcrumb":{"@id":"https:\/\/wein-werte.com\/en\/product\/kiralyudvar-tokaji-6-puttonyos-aszu-2012-500ml\/#breadcrumb"},"inLanguage":"en-US","potentialAction":[{"@type":"ReadAction","target":["https:\/\/wein-werte.com\/en\/product\/kiralyudvar-tokaji-6-puttonyos-aszu-2012-500ml\/"]}]},{"@type":"ImageObject","inLanguage":"en-US","@id":"https:\/\/wein-werte.com\/en\/product\/kiralyudvar-tokaji-6-puttonyos-aszu-2012-500ml\/#primaryimage","url":"https:\/\/wein-werte.com\/wp-content\/uploads\/2026\/04\/Kiralyudvar-Tokaji-6-Puttonyos-Aszu-2012-500ml.png","contentUrl":"https:\/\/wein-werte.com\/wp-content\/uploads\/2026\/04\/Kiralyudvar-Tokaji-6-Puttonyos-Aszu-2012-500ml.png","width":322,"height":1200,"caption":"Kir\u00e1lyudvar Tokaji 6 Puttonyos Asz\u00fa 2012 500ml"},{"@type":"BreadcrumbList","@id":"https:\/\/wein-werte.com\/en\/product\/kiralyudvar-tokaji-6-puttonyos-aszu-2012-500ml\/#breadcrumb","itemListElement":[{"@type":"ListItem","position":1,"name":"Home","item":"https:\/\/wein-werte.com\/en\/"},{"@type":"ListItem","position":2,"name":"Shop Page","item":"https:\/\/wein-werte.com\/en\/shop\/"},{"@type":"ListItem","position":3,"name":"Kir\u00e1lyudvar | Tokaj | Tokaji 6 Puttonyos Asz\u00fa | 2012 | 500ml"}]},{"@type":"WebSite","@id":"https:\/\/wein-werte.com\/de\/#website","url":"https:\/\/wein-werte.com\/de\/","name":"Wein Werte","description":"","publisher":{"@id":"https:\/\/wein-werte.com\/de\/#organization"},"potentialAction":[{"@type":"SearchAction","target":{"@type":"EntryPoint","urlTemplate":"https:\/\/wein-werte.com\/de\/?s={search_term_string}"},"query-input":{"@type":"PropertyValueSpecification","valueRequired":true,"valueName":"search_term_string"}}],"inLanguage":"en-US"},{"@type":"Organization","@id":"https:\/\/wein-werte.com\/de\/#organization","name":"Vins Fins Thorrold","url":"https:\/\/wein-werte.com\/de\/","logo":{"@type":"ImageObject","inLanguage":"en-US","@id":"https:\/\/wein-werte.com\/de\/#\/schema\/logo\/image\/","url":"https:\/\/wein-werte.com\/wp-content\/uploads\/2023\/07\/Wein_werte_Logo700-1.png","contentUrl":"https:\/\/wein-werte.com\/wp-content\/uploads\/2023\/07\/Wein_werte_Logo700-1.png","width":700,"height":272,"caption":"Vins Fins Thorrold"},"image":{"@id":"https:\/\/wein-werte.com\/de\/#\/schema\/logo\/image\/"}}]}},"_links":{"self":[{"href":"https:\/\/wein-werte.com\/en\/wp-json\/wp\/v2\/product\/1123048","targetHints":{"allow":["GET"]}}],"collection":[{"href":"https:\/\/wein-werte.com\/en\/wp-json\/wp\/v2\/product"}],"about":[{"href":"https:\/\/wein-werte.com\/en\/wp-json\/wp\/v2\/types\/product"}],"wp:featuredmedia":[{"embeddable":true,"href":"https:\/\/wein-werte.com\/en\/wp-json\/wp\/v2\/media\/1138837"}],"wp:attachment":[{"href":"https:\/\/wein-werte.com\/en\/wp-json\/wp\/v2\/media?parent=1123048"}],"wp:term":[{"taxonomy":"product_brand","embeddable":true,"href":"https:\/\/wein-werte.com\/en\/wp-json\/wp\/v2\/product_brand?post=1123048"},{"taxonomy":"product_cat","embeddable":true,"href":"https:\/\/wein-werte.com\/en\/wp-json\/wp\/v2\/product_cat?post=1123048"},{"taxonomy":"product_tag","embeddable":true,"href":"https:\/\/wein-werte.com\/en\/wp-json\/wp\/v2\/product_tag?post=1123048"}],"curies":[{"name":"wp","href":"https:\/\/api.w.org\/{rel}","templated":true}]}}