{"id":1122991,"date":"2026-05-12T16:19:23","date_gmt":"2026-05-12T14:19:23","guid":{"rendered":"https:\/\/wein-werte.com\/product\/moric-lutzmannsburg-ried-kirchberg-2021-750ml\/"},"modified":"2026-05-13T15:09:51","modified_gmt":"2026-05-13T13:09:51","slug":"moric-lutzmannsburg-ried-kirchberg-2021-750ml","status":"publish","type":"product","link":"https:\/\/wein-werte.com\/en\/product\/moric-lutzmannsburg-ried-kirchberg-2021-750ml\/","title":{"rendered":"Moric | Burgenland | Lutzmannsburg, Ried Kirchberg | 2021 | 750ml"},"content":{"rendered":"<p>Product description for Moric Lutzmannsburg, Ried Kirchberg 2021 <\/p>\n<p>Roland Velich and his Moric winery have made winemaking history. It began in 2001 with the first vintage of the Lutzmannsburg Alte Reben Blaufr\u00e4nkisch. Since then, thanks in no small part to this wine, a Blaufr\u00e4nkisch style has been established, which is evident in the bottle shape. The name Moric stands for Blaufr\u00e4nkisch wines that stylistically lie somewhere between great Burgundies, Piedmontese, and Syrah from the Northern Rh\u00f4ne, yet are completely unique and possess equally great potential. The greatness of Velich&#8217;s wines, however, begins with the simple Blaufr\u00e4nkisch and with both the white and red house brands. These wines exemplify Velich&#8217;s claim that wines should be open-minded, inviting, fresh and juicy, complex and easy to drink. In addition to his own ideas, he also supports talented winemakers from neighboring Hungary with his Hidden Treasure Project.<\/p>\n<p>Copyright Vinaturel 2025<\/p>\n<p>Keywords: <a href=\"https:\/\/wein-werte.com\/shop\/?swoof=1&#038;pa_producer=Moric\">Moric<\/a> <a href=\"https:\/\/wein-werte.com\/shop\/?swoof=1&#038;woof_text=Lutzmannsburg, Ried Kirchberg\">Lutzmannsburg, Ried Kirchberg<\/a> 2021  <a href=\"https:\/\/wein-werte.com\/shop\/?swoof=1&#038;pa_region=Burgenland\">Burgenland<\/a> <a href=\"https:\/\/wein-werte.com\/shop\/?swoof=1&#038;pa_country=Austria\">Austria<\/a><\/p>\n<h3>Vinous<\/h3>\n<p>Score: 97<\/p>\n<p>The 2021 Blaufr\u00e4nkisch Ried Kirchberg is from four parcels in this single west-facing site on limestone. The youngest parcel was planted in the 1980s, and the oldest was planted in 1921. Smoky peony petals, cold ash, blood and crushed wild blueberry on the nose have almost an ethereal quality. It has a firm, contoured, medium body that crunches with fine tannins of starched silk, offering density without weight and drawing the senses to an intrinsic core of bright, luminous freshness. Depth, brightness and aromatic layers unite and shine. The 2021 is serene, understated and immensely elegant. (Bone-dry)<br \/>\n &#8212; Anne Krebiehl MW<br \/>Drinking window: 2025 &#8211; 2050<br \/>Review date: Feb 2024<\/p>\n<p>Producer website: <a href=\"http:\/\/www.moric.at\/\" target=\"_blank\">http:\/\/www.moric.at\/<\/a><\/p>\n","protected":false},"excerpt":{"rendered":"<div style=\"font-size: 14px;\">\n<p>Delivery time: 1 to 2 working days (DE), 2 to 5 working days (EU and CH)<\/p>\n<p>Approximate energy content per 125ml glass: 110 kcal<\/p>\n<\/p><\/div>\n","protected":false},"featured_media":1138655,"template":"","meta":[],"product_brand":[],"product_cat":[19],"product_tag":[],"class_list":{"0":"post-1122991","1":"product","2":"type-product","3":"status-publish","4":"has-post-thumbnail","6":"product_cat-unkategorisiert","7":"pa_alcohol-for-filter-13-5","8":"pa_certified-biodynamic-no","9":"pa_certified-organic-no","10":"pa_colour-red","11":"pa_country-austria","12":"pa_grape-blaufrankisch-lemberger","13":"pa_price-for-filter-10638","14":"pa_producer-moric","15":"pa_region-burgenland","16":"pa_size-ml-6584","17":"pa_sweetness-dry","18":"pa_type-2-still","19":"pa_vinous-points-for-filter-16149","20":"pa_vintage-6634","21":"entry","22":"has-media","24":"first","25":"instock","26":"taxable","27":"shipping-taxable","28":"purchasable","29":"product-type-simple"},"yoast_head":"<!-- This site is optimized with the Yoast SEO plugin v27.6 - https:\/\/yoast.com\/product\/yoast-seo-wordpress\/ -->\n<title>Moric Lutzmannsburg Ried Kirchberg 2021 750ml<\/title>\n<meta name=\"description\" content=\"Buy Moric Lutzmannsburg Ried Kirchberg 2021 - a dry Blaufr\u00e4nkisch from Burgenland, Austria - at Wein Werte, your sustainable online shop.\" \/>\n<meta name=\"robots\" content=\"index, follow, max-snippet:-1, max-image-preview:large, max-video-preview:-1\" \/>\n<link rel=\"canonical\" href=\"https:\/\/wein-werte.com\/en\/product\/moric-lutzmannsburg-ried-kirchberg-2021-750ml\/\" \/>\n<meta property=\"og:locale\" content=\"en_US\" \/>\n<meta property=\"og:type\" content=\"article\" \/>\n<meta property=\"og:title\" content=\"Moric Lutzmannsburg Ried Kirchberg 2021 750ml\" \/>\n<meta property=\"og:description\" content=\"Buy Moric Lutzmannsburg Ried Kirchberg 2021 - a dry Blaufr\u00e4nkisch from Burgenland, Austria - at Wein Werte, your sustainable online shop.\" \/>\n<meta property=\"og:url\" content=\"https:\/\/wein-werte.com\/en\/product\/moric-lutzmannsburg-ried-kirchberg-2021-750ml\/\" \/>\n<meta property=\"og:site_name\" content=\"Wein Werte\" \/>\n<meta property=\"article:modified_time\" content=\"2026-05-13T13:09:51+00:00\" \/>\n<meta property=\"og:image\" content=\"https:\/\/wein-werte.com\/wp-content\/uploads\/2026\/04\/Moric-Lutzmannsburg-Ried-Kirchberg-2021-750ml.png\" \/>\n\t<meta property=\"og:image:width\" content=\"320\" \/>\n\t<meta property=\"og:image:height\" content=\"1200\" \/>\n\t<meta property=\"og:image:type\" content=\"image\/png\" \/>\n<meta name=\"twitter:card\" content=\"summary_large_image\" \/>\n<meta name=\"twitter:label1\" content=\"Est. reading time\" \/>\n\t<meta name=\"twitter:data1\" content=\"1 minute\" \/>\n<script type=\"application\/ld+json\" class=\"yoast-schema-graph\">{\"@context\":\"https:\\\/\\\/schema.org\",\"@graph\":[{\"@type\":\"WebPage\",\"@id\":\"https:\\\/\\\/wein-werte.com\\\/en\\\/product\\\/moric-lutzmannsburg-ried-kirchberg-2021-750ml\\\/\",\"url\":\"https:\\\/\\\/wein-werte.com\\\/en\\\/product\\\/moric-lutzmannsburg-ried-kirchberg-2021-750ml\\\/\",\"name\":\"Moric Lutzmannsburg Ried Kirchberg 2021 750ml\",\"isPartOf\":{\"@id\":\"https:\\\/\\\/wein-werte.com\\\/de\\\/#website\"},\"primaryImageOfPage\":{\"@id\":\"https:\\\/\\\/wein-werte.com\\\/en\\\/product\\\/moric-lutzmannsburg-ried-kirchberg-2021-750ml\\\/#primaryimage\"},\"image\":{\"@id\":\"https:\\\/\\\/wein-werte.com\\\/en\\\/product\\\/moric-lutzmannsburg-ried-kirchberg-2021-750ml\\\/#primaryimage\"},\"thumbnailUrl\":\"https:\\\/\\\/wein-werte.com\\\/wp-content\\\/uploads\\\/2026\\\/04\\\/Moric-Lutzmannsburg-Ried-Kirchberg-2021-750ml.png\",\"datePublished\":\"2026-05-12T14:19:23+00:00\",\"dateModified\":\"2026-05-13T13:09:51+00:00\",\"description\":\"Buy Moric Lutzmannsburg Ried Kirchberg 2021 - a dry Blaufr\u00e4nkisch from Burgenland, Austria - at Wein Werte, your sustainable online shop.\",\"breadcrumb\":{\"@id\":\"https:\\\/\\\/wein-werte.com\\\/en\\\/product\\\/moric-lutzmannsburg-ried-kirchberg-2021-750ml\\\/#breadcrumb\"},\"inLanguage\":\"en-US\",\"potentialAction\":[{\"@type\":\"ReadAction\",\"target\":[\"https:\\\/\\\/wein-werte.com\\\/en\\\/product\\\/moric-lutzmannsburg-ried-kirchberg-2021-750ml\\\/\"]}]},{\"@type\":\"ImageObject\",\"inLanguage\":\"en-US\",\"@id\":\"https:\\\/\\\/wein-werte.com\\\/en\\\/product\\\/moric-lutzmannsburg-ried-kirchberg-2021-750ml\\\/#primaryimage\",\"url\":\"https:\\\/\\\/wein-werte.com\\\/wp-content\\\/uploads\\\/2026\\\/04\\\/Moric-Lutzmannsburg-Ried-Kirchberg-2021-750ml.png\",\"contentUrl\":\"https:\\\/\\\/wein-werte.com\\\/wp-content\\\/uploads\\\/2026\\\/04\\\/Moric-Lutzmannsburg-Ried-Kirchberg-2021-750ml.png\",\"width\":320,\"height\":1200,\"caption\":\"Moric Lutzmannsburg, Ried Kirchberg 2021 750ml\"},{\"@type\":\"BreadcrumbList\",\"@id\":\"https:\\\/\\\/wein-werte.com\\\/en\\\/product\\\/moric-lutzmannsburg-ried-kirchberg-2021-750ml\\\/#breadcrumb\",\"itemListElement\":[{\"@type\":\"ListItem\",\"position\":1,\"name\":\"Home\",\"item\":\"https:\\\/\\\/wein-werte.com\\\/en\\\/\"},{\"@type\":\"ListItem\",\"position\":2,\"name\":\"Shop Page\",\"item\":\"https:\\\/\\\/wein-werte.com\\\/en\\\/shop\\\/\"},{\"@type\":\"ListItem\",\"position\":3,\"name\":\"Moric | Burgenland | Lutzmannsburg, Ried Kirchberg | 2021 | 750ml\"}]},{\"@type\":\"WebSite\",\"@id\":\"https:\\\/\\\/wein-werte.com\\\/de\\\/#website\",\"url\":\"https:\\\/\\\/wein-werte.com\\\/de\\\/\",\"name\":\"Wein Werte\",\"description\":\"\",\"publisher\":{\"@id\":\"https:\\\/\\\/wein-werte.com\\\/de\\\/#organization\"},\"potentialAction\":[{\"@type\":\"SearchAction\",\"target\":{\"@type\":\"EntryPoint\",\"urlTemplate\":\"https:\\\/\\\/wein-werte.com\\\/de\\\/?s={search_term_string}\"},\"query-input\":{\"@type\":\"PropertyValueSpecification\",\"valueRequired\":true,\"valueName\":\"search_term_string\"}}],\"inLanguage\":\"en-US\"},{\"@type\":\"Organization\",\"@id\":\"https:\\\/\\\/wein-werte.com\\\/de\\\/#organization\",\"name\":\"Vins Fins Thorrold\",\"url\":\"https:\\\/\\\/wein-werte.com\\\/de\\\/\",\"logo\":{\"@type\":\"ImageObject\",\"inLanguage\":\"en-US\",\"@id\":\"https:\\\/\\\/wein-werte.com\\\/de\\\/#\\\/schema\\\/logo\\\/image\\\/\",\"url\":\"https:\\\/\\\/wein-werte.com\\\/wp-content\\\/uploads\\\/2023\\\/07\\\/Wein_werte_Logo700-1.png\",\"contentUrl\":\"https:\\\/\\\/wein-werte.com\\\/wp-content\\\/uploads\\\/2023\\\/07\\\/Wein_werte_Logo700-1.png\",\"width\":700,\"height\":272,\"caption\":\"Vins Fins Thorrold\"},\"image\":{\"@id\":\"https:\\\/\\\/wein-werte.com\\\/de\\\/#\\\/schema\\\/logo\\\/image\\\/\"}}]}<\/script>\n<!-- \/ Yoast SEO plugin. -->","yoast_head_json":{"title":"Moric Lutzmannsburg Ried Kirchberg 2021 750ml","description":"Buy Moric Lutzmannsburg Ried Kirchberg 2021 - a dry Blaufr\u00e4nkisch from Burgenland, Austria - at Wein Werte, your sustainable online shop.","robots":{"index":"index","follow":"follow","max-snippet":"max-snippet:-1","max-image-preview":"max-image-preview:large","max-video-preview":"max-video-preview:-1"},"canonical":"https:\/\/wein-werte.com\/en\/product\/moric-lutzmannsburg-ried-kirchberg-2021-750ml\/","og_locale":"en_US","og_type":"article","og_title":"Moric Lutzmannsburg Ried Kirchberg 2021 750ml","og_description":"Buy Moric Lutzmannsburg Ried Kirchberg 2021 - a dry Blaufr\u00e4nkisch from Burgenland, Austria - at Wein Werte, your sustainable online shop.","og_url":"https:\/\/wein-werte.com\/en\/product\/moric-lutzmannsburg-ried-kirchberg-2021-750ml\/","og_site_name":"Wein Werte","article_modified_time":"2026-05-13T13:09:51+00:00","og_image":[{"width":320,"height":1200,"url":"https:\/\/wein-werte.com\/wp-content\/uploads\/2026\/04\/Moric-Lutzmannsburg-Ried-Kirchberg-2021-750ml.png","type":"image\/png"}],"twitter_card":"summary_large_image","twitter_misc":{"Est. reading time":"1 minute"},"schema":{"@context":"https:\/\/schema.org","@graph":[{"@type":"WebPage","@id":"https:\/\/wein-werte.com\/en\/product\/moric-lutzmannsburg-ried-kirchberg-2021-750ml\/","url":"https:\/\/wein-werte.com\/en\/product\/moric-lutzmannsburg-ried-kirchberg-2021-750ml\/","name":"Moric Lutzmannsburg Ried Kirchberg 2021 750ml","isPartOf":{"@id":"https:\/\/wein-werte.com\/de\/#website"},"primaryImageOfPage":{"@id":"https:\/\/wein-werte.com\/en\/product\/moric-lutzmannsburg-ried-kirchberg-2021-750ml\/#primaryimage"},"image":{"@id":"https:\/\/wein-werte.com\/en\/product\/moric-lutzmannsburg-ried-kirchberg-2021-750ml\/#primaryimage"},"thumbnailUrl":"https:\/\/wein-werte.com\/wp-content\/uploads\/2026\/04\/Moric-Lutzmannsburg-Ried-Kirchberg-2021-750ml.png","datePublished":"2026-05-12T14:19:23+00:00","dateModified":"2026-05-13T13:09:51+00:00","description":"Buy Moric Lutzmannsburg Ried Kirchberg 2021 - a dry Blaufr\u00e4nkisch from Burgenland, Austria - at Wein Werte, your sustainable online shop.","breadcrumb":{"@id":"https:\/\/wein-werte.com\/en\/product\/moric-lutzmannsburg-ried-kirchberg-2021-750ml\/#breadcrumb"},"inLanguage":"en-US","potentialAction":[{"@type":"ReadAction","target":["https:\/\/wein-werte.com\/en\/product\/moric-lutzmannsburg-ried-kirchberg-2021-750ml\/"]}]},{"@type":"ImageObject","inLanguage":"en-US","@id":"https:\/\/wein-werte.com\/en\/product\/moric-lutzmannsburg-ried-kirchberg-2021-750ml\/#primaryimage","url":"https:\/\/wein-werte.com\/wp-content\/uploads\/2026\/04\/Moric-Lutzmannsburg-Ried-Kirchberg-2021-750ml.png","contentUrl":"https:\/\/wein-werte.com\/wp-content\/uploads\/2026\/04\/Moric-Lutzmannsburg-Ried-Kirchberg-2021-750ml.png","width":320,"height":1200,"caption":"Moric Lutzmannsburg, Ried Kirchberg 2021 750ml"},{"@type":"BreadcrumbList","@id":"https:\/\/wein-werte.com\/en\/product\/moric-lutzmannsburg-ried-kirchberg-2021-750ml\/#breadcrumb","itemListElement":[{"@type":"ListItem","position":1,"name":"Home","item":"https:\/\/wein-werte.com\/en\/"},{"@type":"ListItem","position":2,"name":"Shop Page","item":"https:\/\/wein-werte.com\/en\/shop\/"},{"@type":"ListItem","position":3,"name":"Moric | Burgenland | Lutzmannsburg, Ried Kirchberg | 2021 | 750ml"}]},{"@type":"WebSite","@id":"https:\/\/wein-werte.com\/de\/#website","url":"https:\/\/wein-werte.com\/de\/","name":"Wein Werte","description":"","publisher":{"@id":"https:\/\/wein-werte.com\/de\/#organization"},"potentialAction":[{"@type":"SearchAction","target":{"@type":"EntryPoint","urlTemplate":"https:\/\/wein-werte.com\/de\/?s={search_term_string}"},"query-input":{"@type":"PropertyValueSpecification","valueRequired":true,"valueName":"search_term_string"}}],"inLanguage":"en-US"},{"@type":"Organization","@id":"https:\/\/wein-werte.com\/de\/#organization","name":"Vins Fins Thorrold","url":"https:\/\/wein-werte.com\/de\/","logo":{"@type":"ImageObject","inLanguage":"en-US","@id":"https:\/\/wein-werte.com\/de\/#\/schema\/logo\/image\/","url":"https:\/\/wein-werte.com\/wp-content\/uploads\/2023\/07\/Wein_werte_Logo700-1.png","contentUrl":"https:\/\/wein-werte.com\/wp-content\/uploads\/2023\/07\/Wein_werte_Logo700-1.png","width":700,"height":272,"caption":"Vins Fins Thorrold"},"image":{"@id":"https:\/\/wein-werte.com\/de\/#\/schema\/logo\/image\/"}}]}},"_links":{"self":[{"href":"https:\/\/wein-werte.com\/en\/wp-json\/wp\/v2\/product\/1122991","targetHints":{"allow":["GET"]}}],"collection":[{"href":"https:\/\/wein-werte.com\/en\/wp-json\/wp\/v2\/product"}],"about":[{"href":"https:\/\/wein-werte.com\/en\/wp-json\/wp\/v2\/types\/product"}],"wp:featuredmedia":[{"embeddable":true,"href":"https:\/\/wein-werte.com\/en\/wp-json\/wp\/v2\/media\/1138655"}],"wp:attachment":[{"href":"https:\/\/wein-werte.com\/en\/wp-json\/wp\/v2\/media?parent=1122991"}],"wp:term":[{"taxonomy":"product_brand","embeddable":true,"href":"https:\/\/wein-werte.com\/en\/wp-json\/wp\/v2\/product_brand?post=1122991"},{"taxonomy":"product_cat","embeddable":true,"href":"https:\/\/wein-werte.com\/en\/wp-json\/wp\/v2\/product_cat?post=1122991"},{"taxonomy":"product_tag","embeddable":true,"href":"https:\/\/wein-werte.com\/en\/wp-json\/wp\/v2\/product_tag?post=1122991"}],"curies":[{"name":"wp","href":"https:\/\/api.w.org\/{rel}","templated":true}]}}