{"id":1122987,"date":"2026-05-05T18:18:06","date_gmt":"2026-05-05T16:18:06","guid":{"rendered":"https:\/\/wein-werte.com\/product\/moric-hausmarke-s21-solera-22-20-19-18-17-16-14-12-750ml\/"},"modified":"2026-05-05T18:18:07","modified_gmt":"2026-05-05T16:18:07","slug":"moric-hausmarke-s21-solera-22-20-19-18-17-16-14-12-750ml","status":"publish","type":"product","link":"https:\/\/wein-werte.com\/en\/product\/moric-hausmarke-s21-solera-22-20-19-18-17-16-14-12-750ml\/","title":{"rendered":"Moric | Burgenland | Hausmarke S21 Solera 22 20 19 18 17 16 14 12 | NV | 750ml"},"content":{"rendered":"<p>Product description for Moric Hausmarke S21 Solera 22 20 19 18 17 16 14 12 NV <\/p>\n<p>Roland Velich and his Moric winery have made winemaking history. It began in 2001 with the first vintage of the Lutzmannsburg Alte Reben Blaufr\u00e4nkisch. Since then, thanks in no small part to this wine, a Blaufr\u00e4nkisch style has been established, which is evident in the bottle shape. The name Moric stands for Blaufr\u00e4nkisch wines that stylistically lie somewhere between great Burgundies, Piedmontese, and Syrah from the Northern Rh\u00f4ne, yet are completely unique and possess equally great potential. The greatness of Velich&#8217;s wines, however, begins with the simple Blaufr\u00e4nkisch and with both the white and red house brands. These wines exemplify Velich&#8217;s claim that wines should be open-minded, inviting, fresh and juicy, complex and easy to drink. In addition to his own ideas, he also supports talented winemakers from neighboring Hungary with his Hidden Treasure Project.<\/p>\n<p>Copyright Vinaturel 2025<\/p>\n<p>Keywords: <a href=\"https:\/\/wein-werte.com\/shop\/?swoof=1&#038;pa_producer=Moric\">Moric<\/a> <a href=\"https:\/\/wein-werte.com\/shop\/?swoof=1&#038;woof_text=Hausmarke S21 Solera 22 20 19 18 17 16 14 12\">Hausmarke S21 Solera 22 20 19 18 17 16 14 12<\/a> NV  <a href=\"https:\/\/wein-werte.com\/shop\/?swoof=1&#038;pa_region=Burgenland\">Burgenland<\/a> <a href=\"https:\/\/wein-werte.com\/shop\/?swoof=1&#038;pa_country=Austria\">Austria<\/a><\/p>\n<p>Producer website: <a href=\"http:\/\/www.moric.at\/\" target=\"_blank\">http:\/\/www.moric.at\/<\/a><\/p>\n","protected":false},"excerpt":{"rendered":"<p>Delivery time: 1 to 2 working days (DE), 2 to 5 working days (EU and CH)<\/p>\n","protected":false},"featured_media":1138645,"template":"","meta":[],"product_brand":[],"product_cat":[19],"product_tag":[],"class_list":{"0":"post-1122987","1":"product","2":"type-product","3":"status-publish","4":"has-post-thumbnail","6":"product_cat-unkategorisiert","7":"pa_alcohol-for-filter-12897","8":"pa_certified-biodynamic-no","9":"pa_certified-organic-no","10":"pa_colour-red","11":"pa_country-austria","12":"pa_price-for-filter-10627","13":"pa_producer-moric","14":"pa_region-burgenland","15":"pa_size-ml-6584","16":"pa_sweetness-dry","17":"pa_type-2-still","18":"pa_vintage-nv","19":"entry","20":"has-media","22":"first","23":"instock","24":"taxable","25":"shipping-taxable","26":"purchasable","27":"product-type-simple"},"yoast_head":"<!-- This site is optimized with the Yoast SEO plugin v27.5 - https:\/\/yoast.com\/product\/yoast-seo-wordpress\/ -->\n<title>Moric Hausmarke S21 Solera 22 20 19 18 17 16 14 12<\/title>\n<meta name=\"description\" content=\"Buy Moric Hausmarke S21 Solera 22 20 19 18 17 16 14 12 - a dry from Burgenland, Austria - at Wein Werte, your sustainable online shop.\" \/>\n<meta name=\"robots\" content=\"index, follow, max-snippet:-1, max-image-preview:large, max-video-preview:-1\" \/>\n<link rel=\"canonical\" href=\"https:\/\/wein-werte.com\/en\/product\/moric-hausmarke-s21-solera-22-20-19-18-17-16-14-12-750ml\/\" \/>\n<meta property=\"og:locale\" content=\"en_US\" \/>\n<meta property=\"og:type\" content=\"article\" \/>\n<meta property=\"og:title\" content=\"Moric Hausmarke S21 Solera 22 20 19 18 17 16 14 12\" \/>\n<meta property=\"og:description\" content=\"Buy Moric Hausmarke S21 Solera 22 20 19 18 17 16 14 12 - a dry from Burgenland, Austria - at Wein Werte, your sustainable online shop.\" \/>\n<meta property=\"og:url\" content=\"https:\/\/wein-werte.com\/en\/product\/moric-hausmarke-s21-solera-22-20-19-18-17-16-14-12-750ml\/\" \/>\n<meta property=\"og:site_name\" content=\"Wein Werte\" \/>\n<meta property=\"article:modified_time\" content=\"2026-05-05T16:18:07+00:00\" \/>\n<meta property=\"og:image\" content=\"https:\/\/wein-werte.com\/wp-content\/uploads\/2026\/04\/Moric-Hausmarke-S21-Solera-22-20-19-18-17-16-14-12-750ml.png\" \/>\n\t<meta property=\"og:image:width\" content=\"321\" \/>\n\t<meta property=\"og:image:height\" content=\"1200\" \/>\n\t<meta property=\"og:image:type\" content=\"image\/png\" \/>\n<meta name=\"twitter:card\" content=\"summary_large_image\" \/>\n<meta name=\"twitter:label1\" content=\"Est. reading time\" \/>\n\t<meta name=\"twitter:data1\" content=\"1 minute\" \/>\n<script type=\"application\/ld+json\" class=\"yoast-schema-graph\">{\"@context\":\"https:\\\/\\\/schema.org\",\"@graph\":[{\"@type\":\"WebPage\",\"@id\":\"https:\\\/\\\/wein-werte.com\\\/en\\\/product\\\/moric-hausmarke-s21-solera-22-20-19-18-17-16-14-12-750ml\\\/\",\"url\":\"https:\\\/\\\/wein-werte.com\\\/en\\\/product\\\/moric-hausmarke-s21-solera-22-20-19-18-17-16-14-12-750ml\\\/\",\"name\":\"Moric Hausmarke S21 Solera 22 20 19 18 17 16 14 12\",\"isPartOf\":{\"@id\":\"https:\\\/\\\/wein-werte.com\\\/de\\\/#website\"},\"primaryImageOfPage\":{\"@id\":\"https:\\\/\\\/wein-werte.com\\\/en\\\/product\\\/moric-hausmarke-s21-solera-22-20-19-18-17-16-14-12-750ml\\\/#primaryimage\"},\"image\":{\"@id\":\"https:\\\/\\\/wein-werte.com\\\/en\\\/product\\\/moric-hausmarke-s21-solera-22-20-19-18-17-16-14-12-750ml\\\/#primaryimage\"},\"thumbnailUrl\":\"https:\\\/\\\/wein-werte.com\\\/wp-content\\\/uploads\\\/2026\\\/04\\\/Moric-Hausmarke-S21-Solera-22-20-19-18-17-16-14-12-750ml.png\",\"datePublished\":\"2026-05-05T16:18:06+00:00\",\"dateModified\":\"2026-05-05T16:18:07+00:00\",\"description\":\"Buy Moric Hausmarke S21 Solera 22 20 19 18 17 16 14 12 - a dry from Burgenland, Austria - at Wein Werte, your sustainable online shop.\",\"breadcrumb\":{\"@id\":\"https:\\\/\\\/wein-werte.com\\\/en\\\/product\\\/moric-hausmarke-s21-solera-22-20-19-18-17-16-14-12-750ml\\\/#breadcrumb\"},\"inLanguage\":\"en-US\",\"potentialAction\":[{\"@type\":\"ReadAction\",\"target\":[\"https:\\\/\\\/wein-werte.com\\\/en\\\/product\\\/moric-hausmarke-s21-solera-22-20-19-18-17-16-14-12-750ml\\\/\"]}]},{\"@type\":\"ImageObject\",\"inLanguage\":\"en-US\",\"@id\":\"https:\\\/\\\/wein-werte.com\\\/en\\\/product\\\/moric-hausmarke-s21-solera-22-20-19-18-17-16-14-12-750ml\\\/#primaryimage\",\"url\":\"https:\\\/\\\/wein-werte.com\\\/wp-content\\\/uploads\\\/2026\\\/04\\\/Moric-Hausmarke-S21-Solera-22-20-19-18-17-16-14-12-750ml.png\",\"contentUrl\":\"https:\\\/\\\/wein-werte.com\\\/wp-content\\\/uploads\\\/2026\\\/04\\\/Moric-Hausmarke-S21-Solera-22-20-19-18-17-16-14-12-750ml.png\",\"width\":321,\"height\":1200,\"caption\":\"Moric Hausmarke S21 Solera 22 20 19 18 17 16 14 12 NV 750ml\"},{\"@type\":\"BreadcrumbList\",\"@id\":\"https:\\\/\\\/wein-werte.com\\\/en\\\/product\\\/moric-hausmarke-s21-solera-22-20-19-18-17-16-14-12-750ml\\\/#breadcrumb\",\"itemListElement\":[{\"@type\":\"ListItem\",\"position\":1,\"name\":\"Home\",\"item\":\"https:\\\/\\\/wein-werte.com\\\/en\\\/\"},{\"@type\":\"ListItem\",\"position\":2,\"name\":\"Shop Page\",\"item\":\"https:\\\/\\\/wein-werte.com\\\/en\\\/shop\\\/\"},{\"@type\":\"ListItem\",\"position\":3,\"name\":\"Moric | Burgenland | Hausmarke S21 Solera 22 20 19 18 17 16 14 12 | NV | 750ml\"}]},{\"@type\":\"WebSite\",\"@id\":\"https:\\\/\\\/wein-werte.com\\\/de\\\/#website\",\"url\":\"https:\\\/\\\/wein-werte.com\\\/de\\\/\",\"name\":\"Wein Werte\",\"description\":\"\",\"publisher\":{\"@id\":\"https:\\\/\\\/wein-werte.com\\\/de\\\/#organization\"},\"potentialAction\":[{\"@type\":\"SearchAction\",\"target\":{\"@type\":\"EntryPoint\",\"urlTemplate\":\"https:\\\/\\\/wein-werte.com\\\/de\\\/?s={search_term_string}\"},\"query-input\":{\"@type\":\"PropertyValueSpecification\",\"valueRequired\":true,\"valueName\":\"search_term_string\"}}],\"inLanguage\":\"en-US\"},{\"@type\":\"Organization\",\"@id\":\"https:\\\/\\\/wein-werte.com\\\/de\\\/#organization\",\"name\":\"Vins Fins Thorrold\",\"url\":\"https:\\\/\\\/wein-werte.com\\\/de\\\/\",\"logo\":{\"@type\":\"ImageObject\",\"inLanguage\":\"en-US\",\"@id\":\"https:\\\/\\\/wein-werte.com\\\/de\\\/#\\\/schema\\\/logo\\\/image\\\/\",\"url\":\"https:\\\/\\\/wein-werte.com\\\/wp-content\\\/uploads\\\/2023\\\/07\\\/Wein_werte_Logo700-1.png\",\"contentUrl\":\"https:\\\/\\\/wein-werte.com\\\/wp-content\\\/uploads\\\/2023\\\/07\\\/Wein_werte_Logo700-1.png\",\"width\":700,\"height\":272,\"caption\":\"Vins Fins Thorrold\"},\"image\":{\"@id\":\"https:\\\/\\\/wein-werte.com\\\/de\\\/#\\\/schema\\\/logo\\\/image\\\/\"}}]}<\/script>\n<!-- \/ Yoast SEO plugin. -->","yoast_head_json":{"title":"Moric Hausmarke S21 Solera 22 20 19 18 17 16 14 12","description":"Buy Moric Hausmarke S21 Solera 22 20 19 18 17 16 14 12 - a dry from Burgenland, Austria - at Wein Werte, your sustainable online shop.","robots":{"index":"index","follow":"follow","max-snippet":"max-snippet:-1","max-image-preview":"max-image-preview:large","max-video-preview":"max-video-preview:-1"},"canonical":"https:\/\/wein-werte.com\/en\/product\/moric-hausmarke-s21-solera-22-20-19-18-17-16-14-12-750ml\/","og_locale":"en_US","og_type":"article","og_title":"Moric Hausmarke S21 Solera 22 20 19 18 17 16 14 12","og_description":"Buy Moric Hausmarke S21 Solera 22 20 19 18 17 16 14 12 - a dry from Burgenland, Austria - at Wein Werte, your sustainable online shop.","og_url":"https:\/\/wein-werte.com\/en\/product\/moric-hausmarke-s21-solera-22-20-19-18-17-16-14-12-750ml\/","og_site_name":"Wein Werte","article_modified_time":"2026-05-05T16:18:07+00:00","og_image":[{"width":321,"height":1200,"url":"https:\/\/wein-werte.com\/wp-content\/uploads\/2026\/04\/Moric-Hausmarke-S21-Solera-22-20-19-18-17-16-14-12-750ml.png","type":"image\/png"}],"twitter_card":"summary_large_image","twitter_misc":{"Est. reading time":"1 minute"},"schema":{"@context":"https:\/\/schema.org","@graph":[{"@type":"WebPage","@id":"https:\/\/wein-werte.com\/en\/product\/moric-hausmarke-s21-solera-22-20-19-18-17-16-14-12-750ml\/","url":"https:\/\/wein-werte.com\/en\/product\/moric-hausmarke-s21-solera-22-20-19-18-17-16-14-12-750ml\/","name":"Moric Hausmarke S21 Solera 22 20 19 18 17 16 14 12","isPartOf":{"@id":"https:\/\/wein-werte.com\/de\/#website"},"primaryImageOfPage":{"@id":"https:\/\/wein-werte.com\/en\/product\/moric-hausmarke-s21-solera-22-20-19-18-17-16-14-12-750ml\/#primaryimage"},"image":{"@id":"https:\/\/wein-werte.com\/en\/product\/moric-hausmarke-s21-solera-22-20-19-18-17-16-14-12-750ml\/#primaryimage"},"thumbnailUrl":"https:\/\/wein-werte.com\/wp-content\/uploads\/2026\/04\/Moric-Hausmarke-S21-Solera-22-20-19-18-17-16-14-12-750ml.png","datePublished":"2026-05-05T16:18:06+00:00","dateModified":"2026-05-05T16:18:07+00:00","description":"Buy Moric Hausmarke S21 Solera 22 20 19 18 17 16 14 12 - a dry from Burgenland, Austria - at Wein Werte, your sustainable online shop.","breadcrumb":{"@id":"https:\/\/wein-werte.com\/en\/product\/moric-hausmarke-s21-solera-22-20-19-18-17-16-14-12-750ml\/#breadcrumb"},"inLanguage":"en-US","potentialAction":[{"@type":"ReadAction","target":["https:\/\/wein-werte.com\/en\/product\/moric-hausmarke-s21-solera-22-20-19-18-17-16-14-12-750ml\/"]}]},{"@type":"ImageObject","inLanguage":"en-US","@id":"https:\/\/wein-werte.com\/en\/product\/moric-hausmarke-s21-solera-22-20-19-18-17-16-14-12-750ml\/#primaryimage","url":"https:\/\/wein-werte.com\/wp-content\/uploads\/2026\/04\/Moric-Hausmarke-S21-Solera-22-20-19-18-17-16-14-12-750ml.png","contentUrl":"https:\/\/wein-werte.com\/wp-content\/uploads\/2026\/04\/Moric-Hausmarke-S21-Solera-22-20-19-18-17-16-14-12-750ml.png","width":321,"height":1200,"caption":"Moric Hausmarke S21 Solera 22 20 19 18 17 16 14 12 NV 750ml"},{"@type":"BreadcrumbList","@id":"https:\/\/wein-werte.com\/en\/product\/moric-hausmarke-s21-solera-22-20-19-18-17-16-14-12-750ml\/#breadcrumb","itemListElement":[{"@type":"ListItem","position":1,"name":"Home","item":"https:\/\/wein-werte.com\/en\/"},{"@type":"ListItem","position":2,"name":"Shop Page","item":"https:\/\/wein-werte.com\/en\/shop\/"},{"@type":"ListItem","position":3,"name":"Moric | Burgenland | Hausmarke S21 Solera 22 20 19 18 17 16 14 12 | NV | 750ml"}]},{"@type":"WebSite","@id":"https:\/\/wein-werte.com\/de\/#website","url":"https:\/\/wein-werte.com\/de\/","name":"Wein Werte","description":"","publisher":{"@id":"https:\/\/wein-werte.com\/de\/#organization"},"potentialAction":[{"@type":"SearchAction","target":{"@type":"EntryPoint","urlTemplate":"https:\/\/wein-werte.com\/de\/?s={search_term_string}"},"query-input":{"@type":"PropertyValueSpecification","valueRequired":true,"valueName":"search_term_string"}}],"inLanguage":"en-US"},{"@type":"Organization","@id":"https:\/\/wein-werte.com\/de\/#organization","name":"Vins Fins Thorrold","url":"https:\/\/wein-werte.com\/de\/","logo":{"@type":"ImageObject","inLanguage":"en-US","@id":"https:\/\/wein-werte.com\/de\/#\/schema\/logo\/image\/","url":"https:\/\/wein-werte.com\/wp-content\/uploads\/2023\/07\/Wein_werte_Logo700-1.png","contentUrl":"https:\/\/wein-werte.com\/wp-content\/uploads\/2023\/07\/Wein_werte_Logo700-1.png","width":700,"height":272,"caption":"Vins Fins Thorrold"},"image":{"@id":"https:\/\/wein-werte.com\/de\/#\/schema\/logo\/image\/"}}]}},"_links":{"self":[{"href":"https:\/\/wein-werte.com\/en\/wp-json\/wp\/v2\/product\/1122987","targetHints":{"allow":["GET"]}}],"collection":[{"href":"https:\/\/wein-werte.com\/en\/wp-json\/wp\/v2\/product"}],"about":[{"href":"https:\/\/wein-werte.com\/en\/wp-json\/wp\/v2\/types\/product"}],"wp:featuredmedia":[{"embeddable":true,"href":"https:\/\/wein-werte.com\/en\/wp-json\/wp\/v2\/media\/1138645"}],"wp:attachment":[{"href":"https:\/\/wein-werte.com\/en\/wp-json\/wp\/v2\/media?parent=1122987"}],"wp:term":[{"taxonomy":"product_brand","embeddable":true,"href":"https:\/\/wein-werte.com\/en\/wp-json\/wp\/v2\/product_brand?post=1122987"},{"taxonomy":"product_cat","embeddable":true,"href":"https:\/\/wein-werte.com\/en\/wp-json\/wp\/v2\/product_cat?post=1122987"},{"taxonomy":"product_tag","embeddable":true,"href":"https:\/\/wein-werte.com\/en\/wp-json\/wp\/v2\/product_tag?post=1122987"}],"curies":[{"name":"wp","href":"https:\/\/api.w.org\/{rel}","templated":true}]}}