{"id":1122981,"date":"2026-05-05T18:18:05","date_gmt":"2026-05-05T16:18:05","guid":{"rendered":"https:\/\/wein-werte.com\/product\/moric-hidden-treasures-nr-2-somlo-kis-tamas-2021-750ml\/"},"modified":"2026-05-05T18:18:05","modified_gmt":"2026-05-05T16:18:05","slug":"moric-hidden-treasures-nr-2-somlo-kis-tamas-2021-750ml","status":"publish","type":"product","link":"https:\/\/wein-werte.com\/en\/product\/moric-hidden-treasures-nr-2-somlo-kis-tamas-2021-750ml\/","title":{"rendered":"Moric | Soml\u00f3 | Hidden Treasures Nr.2 Somlo, Kis Tamas | 2021 | 750ml"},"content":{"rendered":"<p>Product description for Moric Hidden Treasures Nr.2 Somlo, Kis Tamas 2021 <\/p>\n<p>Hidden Treasures is a project by Roland Velich, Moric. Together with partner winemakers from Hungary, he aims to bring Hungary&#8217;s treasures back to the world of wine. Velich realized project number 2 north of Lake Balaton together with Kis Tam\u00e1s from Nagy-Soml\u00f3. The wine is a cuv\u00e9e of linden-leaved (H\u00e1rslevel\u00fc), Furmint, and Welschriesling and was aged in large oak barrels. <\/p>\n<h5>Colour<\/h5>\n<p> Straw yellow with a silvery rim. <\/p>\n<h5>Nose<\/h5>\n<p> The nose is almost programmatically reminiscent of linden blossom tea, stone fruits such as apples, pears, and fluffy quinces. Flanked by fresh culinary herbs such as chervil and borage, it has a distinctively saline side reminiscent of wet blackboard chalk and, thanks to its delicate reduction, of flint. Precise, clear, and unpretentious, the nose calls for an upright sip. <\/p>\n<h5>Palate<\/h5>\n<p> On the palate, the 2021 Hidden Treasures No. 2 Somlo, featuring Kis Tamas and Moric, is taut with a firm bite and a vertical character. With a silky smoothness and piquant spice, the aromatic arc stretches from the first sip to the long finish. The tart phenolic notes nestle against the lively acidity, and the wine&#8217;s salty character fuels its austere understatement. Focused, clear, and straightforward, it flows toward its cool finish.<\/p>\n<p>Copyright Vinaturel 2025<\/p>\n<p>Keywords: <a href=\"https:\/\/wein-werte.com\/shop\/?swoof=1&#038;pa_producer=Moric\">Moric<\/a> <a href=\"https:\/\/wein-werte.com\/shop\/?swoof=1&#038;woof_text=Hidden Treasures Nr.2 Somlo, Kis Tamas\">Hidden Treasures Nr.2 Somlo, Kis Tamas<\/a> 2021  <a href=\"https:\/\/wein-werte.com\/shop\/?swoof=1&#038;pa_region=Soml\u00f3\">Soml\u00f3<\/a> <a href=\"https:\/\/wein-werte.com\/shop\/?swoof=1&#038;pa_country=Hungary\">Hungary<\/a><\/p>\n<p>Producer website: <a href=\"http:\/\/www.moric.at\/\" target=\"_blank\">http:\/\/www.moric.at\/<\/a><\/p>\n","protected":false},"excerpt":{"rendered":"<p>Delivery time: 1 to 2 working days (DE), 2 to 5 working days (EU and CH)<\/p>\n","protected":false},"featured_media":1138629,"template":"","meta":[],"product_brand":[],"product_cat":[19],"product_tag":[],"class_list":{"0":"post-1122981","1":"product","2":"type-product","3":"status-publish","4":"has-post-thumbnail","6":"product_cat-unkategorisiert","7":"pa_alcohol-for-filter-12897","8":"pa_certified-biodynamic-no","9":"pa_certified-organic-no","10":"pa_colour-white","11":"pa_country-hungary","12":"pa_grape-furmint-blend","13":"pa_price-for-filter-10582","14":"pa_producer-moric","15":"pa_region-somlo","16":"pa_size-ml-6584","17":"pa_sweetness-dry","18":"pa_type-2-still","19":"pa_vintage-6634","20":"entry","21":"has-media","23":"first","24":"instock","25":"taxable","26":"shipping-taxable","27":"purchasable","28":"product-type-simple"},"yoast_head":"<!-- This site is optimized with the Yoast SEO plugin v27.5 - https:\/\/yoast.com\/product\/yoast-seo-wordpress\/ -->\n<title>Moric Hidden Treasures Nr.2 Somlo Kis Tamas 2021<\/title>\n<meta name=\"description\" content=\"Buy Moric Hidden Treasures Nr.2 Somlo Kis Tamas 2021 - a dry Furmint blend from Soml\u00f3, Hungary - at Wein Werte, your sustainable online shop.\" \/>\n<meta name=\"robots\" content=\"index, follow, max-snippet:-1, max-image-preview:large, max-video-preview:-1\" \/>\n<link rel=\"canonical\" href=\"https:\/\/wein-werte.com\/en\/product\/moric-hidden-treasures-nr-2-somlo-kis-tamas-2021-750ml\/\" \/>\n<meta property=\"og:locale\" content=\"en_US\" \/>\n<meta property=\"og:type\" content=\"article\" \/>\n<meta property=\"og:title\" content=\"Moric Hidden Treasures Nr.2 Somlo Kis Tamas 2021\" \/>\n<meta property=\"og:description\" content=\"Buy Moric Hidden Treasures Nr.2 Somlo Kis Tamas 2021 - a dry Furmint blend from Soml\u00f3, Hungary - at Wein Werte, your sustainable online shop.\" \/>\n<meta property=\"og:url\" content=\"https:\/\/wein-werte.com\/en\/product\/moric-hidden-treasures-nr-2-somlo-kis-tamas-2021-750ml\/\" \/>\n<meta property=\"og:site_name\" content=\"Wein Werte\" \/>\n<meta property=\"og:image\" content=\"https:\/\/wein-werte.com\/wp-content\/uploads\/2026\/04\/Moric-Hidden-Treasures-Nr.2-Somlo-Kis-Tamas-2021-750ml.png\" \/>\n\t<meta property=\"og:image:width\" content=\"318\" \/>\n\t<meta property=\"og:image:height\" content=\"1200\" \/>\n\t<meta property=\"og:image:type\" content=\"image\/png\" \/>\n<meta name=\"twitter:card\" content=\"summary_large_image\" \/>\n<meta name=\"twitter:label1\" content=\"Est. reading time\" \/>\n\t<meta name=\"twitter:data1\" content=\"1 minute\" \/>\n<script type=\"application\/ld+json\" class=\"yoast-schema-graph\">{\"@context\":\"https:\\\/\\\/schema.org\",\"@graph\":[{\"@type\":\"WebPage\",\"@id\":\"https:\\\/\\\/wein-werte.com\\\/en\\\/product\\\/moric-hidden-treasures-nr-2-somlo-kis-tamas-2021-750ml\\\/\",\"url\":\"https:\\\/\\\/wein-werte.com\\\/en\\\/product\\\/moric-hidden-treasures-nr-2-somlo-kis-tamas-2021-750ml\\\/\",\"name\":\"Moric Hidden Treasures Nr.2 Somlo Kis Tamas 2021\",\"isPartOf\":{\"@id\":\"https:\\\/\\\/wein-werte.com\\\/de\\\/#website\"},\"primaryImageOfPage\":{\"@id\":\"https:\\\/\\\/wein-werte.com\\\/en\\\/product\\\/moric-hidden-treasures-nr-2-somlo-kis-tamas-2021-750ml\\\/#primaryimage\"},\"image\":{\"@id\":\"https:\\\/\\\/wein-werte.com\\\/en\\\/product\\\/moric-hidden-treasures-nr-2-somlo-kis-tamas-2021-750ml\\\/#primaryimage\"},\"thumbnailUrl\":\"https:\\\/\\\/wein-werte.com\\\/wp-content\\\/uploads\\\/2026\\\/04\\\/Moric-Hidden-Treasures-Nr.2-Somlo-Kis-Tamas-2021-750ml.png\",\"datePublished\":\"2026-05-05T16:18:05+00:00\",\"description\":\"Buy Moric Hidden Treasures Nr.2 Somlo Kis Tamas 2021 - a dry Furmint blend from Soml\u00f3, Hungary - at Wein Werte, your sustainable online shop.\",\"breadcrumb\":{\"@id\":\"https:\\\/\\\/wein-werte.com\\\/en\\\/product\\\/moric-hidden-treasures-nr-2-somlo-kis-tamas-2021-750ml\\\/#breadcrumb\"},\"inLanguage\":\"en-US\",\"potentialAction\":[{\"@type\":\"ReadAction\",\"target\":[\"https:\\\/\\\/wein-werte.com\\\/en\\\/product\\\/moric-hidden-treasures-nr-2-somlo-kis-tamas-2021-750ml\\\/\"]}]},{\"@type\":\"ImageObject\",\"inLanguage\":\"en-US\",\"@id\":\"https:\\\/\\\/wein-werte.com\\\/en\\\/product\\\/moric-hidden-treasures-nr-2-somlo-kis-tamas-2021-750ml\\\/#primaryimage\",\"url\":\"https:\\\/\\\/wein-werte.com\\\/wp-content\\\/uploads\\\/2026\\\/04\\\/Moric-Hidden-Treasures-Nr.2-Somlo-Kis-Tamas-2021-750ml.png\",\"contentUrl\":\"https:\\\/\\\/wein-werte.com\\\/wp-content\\\/uploads\\\/2026\\\/04\\\/Moric-Hidden-Treasures-Nr.2-Somlo-Kis-Tamas-2021-750ml.png\",\"width\":318,\"height\":1200,\"caption\":\"Moric Hidden Treasures Nr.2 Somlo, Kis Tamas 2021 750ml\"},{\"@type\":\"BreadcrumbList\",\"@id\":\"https:\\\/\\\/wein-werte.com\\\/en\\\/product\\\/moric-hidden-treasures-nr-2-somlo-kis-tamas-2021-750ml\\\/#breadcrumb\",\"itemListElement\":[{\"@type\":\"ListItem\",\"position\":1,\"name\":\"Home\",\"item\":\"https:\\\/\\\/wein-werte.com\\\/en\\\/\"},{\"@type\":\"ListItem\",\"position\":2,\"name\":\"Shop Page\",\"item\":\"https:\\\/\\\/wein-werte.com\\\/en\\\/shop\\\/\"},{\"@type\":\"ListItem\",\"position\":3,\"name\":\"Moric | Soml\u00f3 | Hidden Treasures Nr.2 Somlo, Kis Tamas | 2021 | 750ml\"}]},{\"@type\":\"WebSite\",\"@id\":\"https:\\\/\\\/wein-werte.com\\\/de\\\/#website\",\"url\":\"https:\\\/\\\/wein-werte.com\\\/de\\\/\",\"name\":\"Wein Werte\",\"description\":\"\",\"publisher\":{\"@id\":\"https:\\\/\\\/wein-werte.com\\\/de\\\/#organization\"},\"potentialAction\":[{\"@type\":\"SearchAction\",\"target\":{\"@type\":\"EntryPoint\",\"urlTemplate\":\"https:\\\/\\\/wein-werte.com\\\/de\\\/?s={search_term_string}\"},\"query-input\":{\"@type\":\"PropertyValueSpecification\",\"valueRequired\":true,\"valueName\":\"search_term_string\"}}],\"inLanguage\":\"en-US\"},{\"@type\":\"Organization\",\"@id\":\"https:\\\/\\\/wein-werte.com\\\/de\\\/#organization\",\"name\":\"Vins Fins Thorrold\",\"url\":\"https:\\\/\\\/wein-werte.com\\\/de\\\/\",\"logo\":{\"@type\":\"ImageObject\",\"inLanguage\":\"en-US\",\"@id\":\"https:\\\/\\\/wein-werte.com\\\/de\\\/#\\\/schema\\\/logo\\\/image\\\/\",\"url\":\"https:\\\/\\\/wein-werte.com\\\/wp-content\\\/uploads\\\/2023\\\/07\\\/Wein_werte_Logo700-1.png\",\"contentUrl\":\"https:\\\/\\\/wein-werte.com\\\/wp-content\\\/uploads\\\/2023\\\/07\\\/Wein_werte_Logo700-1.png\",\"width\":700,\"height\":272,\"caption\":\"Vins Fins Thorrold\"},\"image\":{\"@id\":\"https:\\\/\\\/wein-werte.com\\\/de\\\/#\\\/schema\\\/logo\\\/image\\\/\"}}]}<\/script>\n<!-- \/ Yoast SEO plugin. -->","yoast_head_json":{"title":"Moric Hidden Treasures Nr.2 Somlo Kis Tamas 2021","description":"Buy Moric Hidden Treasures Nr.2 Somlo Kis Tamas 2021 - a dry Furmint blend from Soml\u00f3, Hungary - at Wein Werte, your sustainable online shop.","robots":{"index":"index","follow":"follow","max-snippet":"max-snippet:-1","max-image-preview":"max-image-preview:large","max-video-preview":"max-video-preview:-1"},"canonical":"https:\/\/wein-werte.com\/en\/product\/moric-hidden-treasures-nr-2-somlo-kis-tamas-2021-750ml\/","og_locale":"en_US","og_type":"article","og_title":"Moric Hidden Treasures Nr.2 Somlo Kis Tamas 2021","og_description":"Buy Moric Hidden Treasures Nr.2 Somlo Kis Tamas 2021 - a dry Furmint blend from Soml\u00f3, Hungary - at Wein Werte, your sustainable online shop.","og_url":"https:\/\/wein-werte.com\/en\/product\/moric-hidden-treasures-nr-2-somlo-kis-tamas-2021-750ml\/","og_site_name":"Wein Werte","og_image":[{"width":318,"height":1200,"url":"https:\/\/wein-werte.com\/wp-content\/uploads\/2026\/04\/Moric-Hidden-Treasures-Nr.2-Somlo-Kis-Tamas-2021-750ml.png","type":"image\/png"}],"twitter_card":"summary_large_image","twitter_misc":{"Est. reading time":"1 minute"},"schema":{"@context":"https:\/\/schema.org","@graph":[{"@type":"WebPage","@id":"https:\/\/wein-werte.com\/en\/product\/moric-hidden-treasures-nr-2-somlo-kis-tamas-2021-750ml\/","url":"https:\/\/wein-werte.com\/en\/product\/moric-hidden-treasures-nr-2-somlo-kis-tamas-2021-750ml\/","name":"Moric Hidden Treasures Nr.2 Somlo Kis Tamas 2021","isPartOf":{"@id":"https:\/\/wein-werte.com\/de\/#website"},"primaryImageOfPage":{"@id":"https:\/\/wein-werte.com\/en\/product\/moric-hidden-treasures-nr-2-somlo-kis-tamas-2021-750ml\/#primaryimage"},"image":{"@id":"https:\/\/wein-werte.com\/en\/product\/moric-hidden-treasures-nr-2-somlo-kis-tamas-2021-750ml\/#primaryimage"},"thumbnailUrl":"https:\/\/wein-werte.com\/wp-content\/uploads\/2026\/04\/Moric-Hidden-Treasures-Nr.2-Somlo-Kis-Tamas-2021-750ml.png","datePublished":"2026-05-05T16:18:05+00:00","description":"Buy Moric Hidden Treasures Nr.2 Somlo Kis Tamas 2021 - a dry Furmint blend from Soml\u00f3, Hungary - at Wein Werte, your sustainable online shop.","breadcrumb":{"@id":"https:\/\/wein-werte.com\/en\/product\/moric-hidden-treasures-nr-2-somlo-kis-tamas-2021-750ml\/#breadcrumb"},"inLanguage":"en-US","potentialAction":[{"@type":"ReadAction","target":["https:\/\/wein-werte.com\/en\/product\/moric-hidden-treasures-nr-2-somlo-kis-tamas-2021-750ml\/"]}]},{"@type":"ImageObject","inLanguage":"en-US","@id":"https:\/\/wein-werte.com\/en\/product\/moric-hidden-treasures-nr-2-somlo-kis-tamas-2021-750ml\/#primaryimage","url":"https:\/\/wein-werte.com\/wp-content\/uploads\/2026\/04\/Moric-Hidden-Treasures-Nr.2-Somlo-Kis-Tamas-2021-750ml.png","contentUrl":"https:\/\/wein-werte.com\/wp-content\/uploads\/2026\/04\/Moric-Hidden-Treasures-Nr.2-Somlo-Kis-Tamas-2021-750ml.png","width":318,"height":1200,"caption":"Moric Hidden Treasures Nr.2 Somlo, Kis Tamas 2021 750ml"},{"@type":"BreadcrumbList","@id":"https:\/\/wein-werte.com\/en\/product\/moric-hidden-treasures-nr-2-somlo-kis-tamas-2021-750ml\/#breadcrumb","itemListElement":[{"@type":"ListItem","position":1,"name":"Home","item":"https:\/\/wein-werte.com\/en\/"},{"@type":"ListItem","position":2,"name":"Shop Page","item":"https:\/\/wein-werte.com\/en\/shop\/"},{"@type":"ListItem","position":3,"name":"Moric | Soml\u00f3 | Hidden Treasures Nr.2 Somlo, Kis Tamas | 2021 | 750ml"}]},{"@type":"WebSite","@id":"https:\/\/wein-werte.com\/de\/#website","url":"https:\/\/wein-werte.com\/de\/","name":"Wein Werte","description":"","publisher":{"@id":"https:\/\/wein-werte.com\/de\/#organization"},"potentialAction":[{"@type":"SearchAction","target":{"@type":"EntryPoint","urlTemplate":"https:\/\/wein-werte.com\/de\/?s={search_term_string}"},"query-input":{"@type":"PropertyValueSpecification","valueRequired":true,"valueName":"search_term_string"}}],"inLanguage":"en-US"},{"@type":"Organization","@id":"https:\/\/wein-werte.com\/de\/#organization","name":"Vins Fins Thorrold","url":"https:\/\/wein-werte.com\/de\/","logo":{"@type":"ImageObject","inLanguage":"en-US","@id":"https:\/\/wein-werte.com\/de\/#\/schema\/logo\/image\/","url":"https:\/\/wein-werte.com\/wp-content\/uploads\/2023\/07\/Wein_werte_Logo700-1.png","contentUrl":"https:\/\/wein-werte.com\/wp-content\/uploads\/2023\/07\/Wein_werte_Logo700-1.png","width":700,"height":272,"caption":"Vins Fins Thorrold"},"image":{"@id":"https:\/\/wein-werte.com\/de\/#\/schema\/logo\/image\/"}}]}},"_links":{"self":[{"href":"https:\/\/wein-werte.com\/en\/wp-json\/wp\/v2\/product\/1122981","targetHints":{"allow":["GET"]}}],"collection":[{"href":"https:\/\/wein-werte.com\/en\/wp-json\/wp\/v2\/product"}],"about":[{"href":"https:\/\/wein-werte.com\/en\/wp-json\/wp\/v2\/types\/product"}],"wp:featuredmedia":[{"embeddable":true,"href":"https:\/\/wein-werte.com\/en\/wp-json\/wp\/v2\/media\/1138629"}],"wp:attachment":[{"href":"https:\/\/wein-werte.com\/en\/wp-json\/wp\/v2\/media?parent=1122981"}],"wp:term":[{"taxonomy":"product_brand","embeddable":true,"href":"https:\/\/wein-werte.com\/en\/wp-json\/wp\/v2\/product_brand?post=1122981"},{"taxonomy":"product_cat","embeddable":true,"href":"https:\/\/wein-werte.com\/en\/wp-json\/wp\/v2\/product_cat?post=1122981"},{"taxonomy":"product_tag","embeddable":true,"href":"https:\/\/wein-werte.com\/en\/wp-json\/wp\/v2\/product_tag?post=1122981"}],"curies":[{"name":"wp","href":"https:\/\/api.w.org\/{rel}","templated":true}]}}