{"id":1122964,"date":"2026-05-12T16:19:09","date_gmt":"2026-05-12T14:19:09","guid":{"rendered":"https:\/\/wein-werte.com\/product\/tement-ried-sernau-konig-sauvignon-blanc-grosse-stk-lage-2021-750ml\/"},"modified":"2026-05-13T15:09:44","modified_gmt":"2026-05-13T13:09:44","slug":"tement-ried-sernau-konig-sauvignon-blanc-grosse-stk-lage-2021-750ml","status":"publish","type":"product","link":"https:\/\/wein-werte.com\/en\/product\/tement-ried-sernau-konig-sauvignon-blanc-grosse-stk-lage-2021-750ml\/","title":{"rendered":"Tement | S\u00fcdsteiermark | Ried Sernau K\u00f6nig Sauvignon Blanc, Gro\u00dfe STK Lage | 2021 | 750ml | bio"},"content":{"rendered":"<p>Product description for Tement Ried Sernau K\u00f6nig Sauvignon Blanc, Gro\u00dfe STK Lage 2021 (bio)<\/p>\n<p>This Sauvignon Blanc comes from the Grande STK\u00ae vineyard Ried Sernau K\u00f6nig, with deep, lime-free gravel soils \u2013 unusual for the region and defining the wine&#8217;s aromatic clarity and structure. The 26-year-old vines are farmed organically (AT-BIO-402) and yield select grapes for a Sauvignon of exceptional maturity and longevity. After spontaneous fermentation, the wine matured for 28 months on the fine lees in large oak barrels and was bottled with glass corks without filtration. An expressive, deep-bodied vineyard wine with great ageing potential. <\/p>\n<h5>Color<\/h5>\n<p>Intense straw yellow, with a silvery rim. <\/p>\n<h5>Nose<\/h5>\n<p>The 2021 Ried Sernau K\u00f6nig Sauvignon Blanc from Tement opens on the nose with profound reduction. After a brutal decanting, it reveals itself more openly after some time of reflection: the citrus fruit is pleasantly warm and leans more towards orange, zest like blossom, and a generally yellow-fruity nature. Passion fruit leaves, tomato leaves, and yellow kiwi are present, as are red gooseberries and pink grapefruit. Those who like their guests should choose the large, hand-blown glasses. <\/p>\n<h5>Mouth<\/h5>\n<p>The wine flows with almost painful precision onto the tongue and electrifies the entire palate. With enormous vibration, the piquant acidity stretches from the first sip to the long finish, combining with the wine&#8217;s grippy, tart phenolics. This lends it contour, backbone, and posture\u2014all well-parted and manicured, dressed in the finest thread. Cedar-spicy with a citrus-tart grip and an incredibly vital appearance, it confidently shows its taillights. Drinks well for days with increasing quality.<\/p>\n<p>Copyright Vinaturel 2025<\/p>\n<p>Keywords: <a href=\"https:\/\/wein-werte.com\/shop\/?swoof=1&#038;pa_producer=Tement\">Tement<\/a> <a href=\"https:\/\/wein-werte.com\/shop\/?swoof=1&#038;woof_text=Ried Sernau K\u00f6nig Sauvignon Blanc, Gro\u00dfe STK Lage\">Ried Sernau K\u00f6nig Sauvignon Blanc, Gro\u00dfe STK Lage<\/a> 2021 bio <a href=\"https:\/\/wein-werte.com\/shop\/?swoof=1&#038;pa_region=S\u00fcdsteiermark\">S\u00fcdsteiermark<\/a> <a href=\"https:\/\/wein-werte.com\/shop\/?swoof=1&#038;pa_country=Austria\">Austria<\/a><\/p>\n<p>Producer website: <a href=\"https:\/\/www.tement.at\/\" target=\"_blank\">https:\/\/www.tement.at\/<\/a><\/p>\n","protected":false},"excerpt":{"rendered":"<div style=\"font-size: 14px;\">\n<p>Delivery time: 1 to 2 working days (DE), 2 to 5 working days (EU and CH)<\/p>\n<p>Approximate energy content per 125ml glass: 110 kcal (<a href=\"https:\/\/www.tement.at\/wp-content\/uploads\/2024\/02\/DB-Ried-Sernau-Koenig_SB_2021_D.pdf\"target=\"_blank\">full nutritional information<\/a>)<\/p>\n<\/p><\/div>\n","protected":false},"featured_media":1138565,"template":"","meta":[],"product_brand":[],"product_cat":[19],"product_tag":[],"class_list":{"0":"post-1122964","1":"product","2":"type-product","3":"status-publish","4":"has-post-thumbnail","6":"product_cat-unkategorisiert","7":"pa_alcohol-for-filter-12892","8":"pa_certified-biodynamic-no","9":"pa_certified-organic-yes","10":"pa_colour-white","11":"pa_country-austria","12":"pa_grape-sauvignon-blanc","13":"pa_price-for-filter-10583","14":"pa_producer-tement","15":"pa_region-sudsteiermark","16":"pa_size-ml-6584","17":"pa_sweetness-dry","18":"pa_type-2-still","19":"pa_vintage-6634","20":"entry","21":"has-media","23":"first","24":"instock","25":"taxable","26":"shipping-taxable","27":"purchasable","28":"product-type-simple"},"yoast_head":"<!-- This site is optimized with the Yoast SEO plugin v27.6 - https:\/\/yoast.com\/product\/yoast-seo-wordpress\/ -->\n<title>Tement Ried Sernau K\u00f6nig Sauvignon blanc Gro\u00dfe STK Lage 2021 750ml<\/title>\n<meta name=\"description\" content=\"Buy Tement Ried Sernau K\u00f6nig Sauvignon blanc Gro\u00dfe STK Lage 2021 - a dry Sauvignon Blanc from S\u00fcdsteiermark, Austria - at Wein Werte, your sustainable online shop.\" \/>\n<meta name=\"robots\" content=\"index, follow, max-snippet:-1, max-image-preview:large, max-video-preview:-1\" \/>\n<link rel=\"canonical\" href=\"https:\/\/wein-werte.com\/en\/product\/tement-ried-sernau-konig-sauvignon-blanc-grosse-stk-lage-2021-750ml\/\" \/>\n<meta property=\"og:locale\" content=\"en_US\" \/>\n<meta property=\"og:type\" content=\"article\" \/>\n<meta property=\"og:title\" content=\"Tement Ried Sernau K\u00f6nig Sauvignon blanc Gro\u00dfe STK Lage 2021 750ml\" \/>\n<meta property=\"og:description\" content=\"Buy Tement Ried Sernau K\u00f6nig Sauvignon blanc Gro\u00dfe STK Lage 2021 - a dry Sauvignon Blanc from S\u00fcdsteiermark, Austria - at Wein Werte, your sustainable online shop.\" \/>\n<meta property=\"og:url\" content=\"https:\/\/wein-werte.com\/en\/product\/tement-ried-sernau-konig-sauvignon-blanc-grosse-stk-lage-2021-750ml\/\" \/>\n<meta property=\"og:site_name\" content=\"Wein Werte\" \/>\n<meta property=\"article:modified_time\" content=\"2026-05-13T13:09:44+00:00\" \/>\n<meta property=\"og:image\" content=\"https:\/\/wein-werte.com\/wp-content\/uploads\/2026\/04\/Tement-Ried-Sernau-Konig-Sauvignon-blanc-Grosse-STK-Lage-2021-750ml.png\" \/>\n\t<meta property=\"og:image:width\" content=\"308\" \/>\n\t<meta property=\"og:image:height\" content=\"1200\" \/>\n\t<meta property=\"og:image:type\" content=\"image\/png\" \/>\n<meta name=\"twitter:card\" content=\"summary_large_image\" \/>\n<meta name=\"twitter:label1\" content=\"Est. reading time\" \/>\n\t<meta name=\"twitter:data1\" content=\"1 minute\" \/>\n<script type=\"application\/ld+json\" class=\"yoast-schema-graph\">{\"@context\":\"https:\\\/\\\/schema.org\",\"@graph\":[{\"@type\":\"WebPage\",\"@id\":\"https:\\\/\\\/wein-werte.com\\\/en\\\/product\\\/tement-ried-sernau-konig-sauvignon-blanc-grosse-stk-lage-2021-750ml\\\/\",\"url\":\"https:\\\/\\\/wein-werte.com\\\/en\\\/product\\\/tement-ried-sernau-konig-sauvignon-blanc-grosse-stk-lage-2021-750ml\\\/\",\"name\":\"Tement Ried Sernau K\u00f6nig Sauvignon blanc Gro\u00dfe STK Lage 2021 750ml\",\"isPartOf\":{\"@id\":\"https:\\\/\\\/wein-werte.com\\\/de\\\/#website\"},\"primaryImageOfPage\":{\"@id\":\"https:\\\/\\\/wein-werte.com\\\/en\\\/product\\\/tement-ried-sernau-konig-sauvignon-blanc-grosse-stk-lage-2021-750ml\\\/#primaryimage\"},\"image\":{\"@id\":\"https:\\\/\\\/wein-werte.com\\\/en\\\/product\\\/tement-ried-sernau-konig-sauvignon-blanc-grosse-stk-lage-2021-750ml\\\/#primaryimage\"},\"thumbnailUrl\":\"https:\\\/\\\/wein-werte.com\\\/wp-content\\\/uploads\\\/2026\\\/04\\\/Tement-Ried-Sernau-Konig-Sauvignon-blanc-Grosse-STK-Lage-2021-750ml.png\",\"datePublished\":\"2026-05-12T14:19:09+00:00\",\"dateModified\":\"2026-05-13T13:09:44+00:00\",\"description\":\"Buy Tement Ried Sernau K\u00f6nig Sauvignon blanc Gro\u00dfe STK Lage 2021 - a dry Sauvignon Blanc from S\u00fcdsteiermark, Austria - at Wein Werte, your sustainable online shop.\",\"breadcrumb\":{\"@id\":\"https:\\\/\\\/wein-werte.com\\\/en\\\/product\\\/tement-ried-sernau-konig-sauvignon-blanc-grosse-stk-lage-2021-750ml\\\/#breadcrumb\"},\"inLanguage\":\"en-US\",\"potentialAction\":[{\"@type\":\"ReadAction\",\"target\":[\"https:\\\/\\\/wein-werte.com\\\/en\\\/product\\\/tement-ried-sernau-konig-sauvignon-blanc-grosse-stk-lage-2021-750ml\\\/\"]}]},{\"@type\":\"ImageObject\",\"inLanguage\":\"en-US\",\"@id\":\"https:\\\/\\\/wein-werte.com\\\/en\\\/product\\\/tement-ried-sernau-konig-sauvignon-blanc-grosse-stk-lage-2021-750ml\\\/#primaryimage\",\"url\":\"https:\\\/\\\/wein-werte.com\\\/wp-content\\\/uploads\\\/2026\\\/04\\\/Tement-Ried-Sernau-Konig-Sauvignon-blanc-Grosse-STK-Lage-2021-750ml.png\",\"contentUrl\":\"https:\\\/\\\/wein-werte.com\\\/wp-content\\\/uploads\\\/2026\\\/04\\\/Tement-Ried-Sernau-Konig-Sauvignon-blanc-Grosse-STK-Lage-2021-750ml.png\",\"width\":308,\"height\":1200,\"caption\":\"Tement Ried Sernau K\u00f6nig Sauvignon Blanc, Gro\u00dfe STK Lage 2021 750ml\"},{\"@type\":\"BreadcrumbList\",\"@id\":\"https:\\\/\\\/wein-werte.com\\\/en\\\/product\\\/tement-ried-sernau-konig-sauvignon-blanc-grosse-stk-lage-2021-750ml\\\/#breadcrumb\",\"itemListElement\":[{\"@type\":\"ListItem\",\"position\":1,\"name\":\"Home\",\"item\":\"https:\\\/\\\/wein-werte.com\\\/en\\\/\"},{\"@type\":\"ListItem\",\"position\":2,\"name\":\"Shop Page\",\"item\":\"https:\\\/\\\/wein-werte.com\\\/en\\\/shop\\\/\"},{\"@type\":\"ListItem\",\"position\":3,\"name\":\"Tement | S\u00fcdsteiermark | Ried Sernau K\u00f6nig Sauvignon Blanc, Gro\u00dfe STK Lage | 2021 | 750ml | bio\"}]},{\"@type\":\"WebSite\",\"@id\":\"https:\\\/\\\/wein-werte.com\\\/de\\\/#website\",\"url\":\"https:\\\/\\\/wein-werte.com\\\/de\\\/\",\"name\":\"Wein Werte\",\"description\":\"\",\"publisher\":{\"@id\":\"https:\\\/\\\/wein-werte.com\\\/de\\\/#organization\"},\"potentialAction\":[{\"@type\":\"SearchAction\",\"target\":{\"@type\":\"EntryPoint\",\"urlTemplate\":\"https:\\\/\\\/wein-werte.com\\\/de\\\/?s={search_term_string}\"},\"query-input\":{\"@type\":\"PropertyValueSpecification\",\"valueRequired\":true,\"valueName\":\"search_term_string\"}}],\"inLanguage\":\"en-US\"},{\"@type\":\"Organization\",\"@id\":\"https:\\\/\\\/wein-werte.com\\\/de\\\/#organization\",\"name\":\"Vins Fins Thorrold\",\"url\":\"https:\\\/\\\/wein-werte.com\\\/de\\\/\",\"logo\":{\"@type\":\"ImageObject\",\"inLanguage\":\"en-US\",\"@id\":\"https:\\\/\\\/wein-werte.com\\\/de\\\/#\\\/schema\\\/logo\\\/image\\\/\",\"url\":\"https:\\\/\\\/wein-werte.com\\\/wp-content\\\/uploads\\\/2023\\\/07\\\/Wein_werte_Logo700-1.png\",\"contentUrl\":\"https:\\\/\\\/wein-werte.com\\\/wp-content\\\/uploads\\\/2023\\\/07\\\/Wein_werte_Logo700-1.png\",\"width\":700,\"height\":272,\"caption\":\"Vins Fins Thorrold\"},\"image\":{\"@id\":\"https:\\\/\\\/wein-werte.com\\\/de\\\/#\\\/schema\\\/logo\\\/image\\\/\"}}]}<\/script>\n<!-- \/ Yoast SEO plugin. -->","yoast_head_json":{"title":"Tement Ried Sernau K\u00f6nig Sauvignon blanc Gro\u00dfe STK Lage 2021 750ml","description":"Buy Tement Ried Sernau K\u00f6nig Sauvignon blanc Gro\u00dfe STK Lage 2021 - a dry Sauvignon Blanc from S\u00fcdsteiermark, Austria - at Wein Werte, your sustainable online shop.","robots":{"index":"index","follow":"follow","max-snippet":"max-snippet:-1","max-image-preview":"max-image-preview:large","max-video-preview":"max-video-preview:-1"},"canonical":"https:\/\/wein-werte.com\/en\/product\/tement-ried-sernau-konig-sauvignon-blanc-grosse-stk-lage-2021-750ml\/","og_locale":"en_US","og_type":"article","og_title":"Tement Ried Sernau K\u00f6nig Sauvignon blanc Gro\u00dfe STK Lage 2021 750ml","og_description":"Buy Tement Ried Sernau K\u00f6nig Sauvignon blanc Gro\u00dfe STK Lage 2021 - a dry Sauvignon Blanc from S\u00fcdsteiermark, Austria - at Wein Werte, your sustainable online shop.","og_url":"https:\/\/wein-werte.com\/en\/product\/tement-ried-sernau-konig-sauvignon-blanc-grosse-stk-lage-2021-750ml\/","og_site_name":"Wein Werte","article_modified_time":"2026-05-13T13:09:44+00:00","og_image":[{"width":308,"height":1200,"url":"https:\/\/wein-werte.com\/wp-content\/uploads\/2026\/04\/Tement-Ried-Sernau-Konig-Sauvignon-blanc-Grosse-STK-Lage-2021-750ml.png","type":"image\/png"}],"twitter_card":"summary_large_image","twitter_misc":{"Est. reading time":"1 minute"},"schema":{"@context":"https:\/\/schema.org","@graph":[{"@type":"WebPage","@id":"https:\/\/wein-werte.com\/en\/product\/tement-ried-sernau-konig-sauvignon-blanc-grosse-stk-lage-2021-750ml\/","url":"https:\/\/wein-werte.com\/en\/product\/tement-ried-sernau-konig-sauvignon-blanc-grosse-stk-lage-2021-750ml\/","name":"Tement Ried Sernau K\u00f6nig Sauvignon blanc Gro\u00dfe STK Lage 2021 750ml","isPartOf":{"@id":"https:\/\/wein-werte.com\/de\/#website"},"primaryImageOfPage":{"@id":"https:\/\/wein-werte.com\/en\/product\/tement-ried-sernau-konig-sauvignon-blanc-grosse-stk-lage-2021-750ml\/#primaryimage"},"image":{"@id":"https:\/\/wein-werte.com\/en\/product\/tement-ried-sernau-konig-sauvignon-blanc-grosse-stk-lage-2021-750ml\/#primaryimage"},"thumbnailUrl":"https:\/\/wein-werte.com\/wp-content\/uploads\/2026\/04\/Tement-Ried-Sernau-Konig-Sauvignon-blanc-Grosse-STK-Lage-2021-750ml.png","datePublished":"2026-05-12T14:19:09+00:00","dateModified":"2026-05-13T13:09:44+00:00","description":"Buy Tement Ried Sernau K\u00f6nig Sauvignon blanc Gro\u00dfe STK Lage 2021 - a dry Sauvignon Blanc from S\u00fcdsteiermark, Austria - at Wein Werte, your sustainable online shop.","breadcrumb":{"@id":"https:\/\/wein-werte.com\/en\/product\/tement-ried-sernau-konig-sauvignon-blanc-grosse-stk-lage-2021-750ml\/#breadcrumb"},"inLanguage":"en-US","potentialAction":[{"@type":"ReadAction","target":["https:\/\/wein-werte.com\/en\/product\/tement-ried-sernau-konig-sauvignon-blanc-grosse-stk-lage-2021-750ml\/"]}]},{"@type":"ImageObject","inLanguage":"en-US","@id":"https:\/\/wein-werte.com\/en\/product\/tement-ried-sernau-konig-sauvignon-blanc-grosse-stk-lage-2021-750ml\/#primaryimage","url":"https:\/\/wein-werte.com\/wp-content\/uploads\/2026\/04\/Tement-Ried-Sernau-Konig-Sauvignon-blanc-Grosse-STK-Lage-2021-750ml.png","contentUrl":"https:\/\/wein-werte.com\/wp-content\/uploads\/2026\/04\/Tement-Ried-Sernau-Konig-Sauvignon-blanc-Grosse-STK-Lage-2021-750ml.png","width":308,"height":1200,"caption":"Tement Ried Sernau K\u00f6nig Sauvignon Blanc, Gro\u00dfe STK Lage 2021 750ml"},{"@type":"BreadcrumbList","@id":"https:\/\/wein-werte.com\/en\/product\/tement-ried-sernau-konig-sauvignon-blanc-grosse-stk-lage-2021-750ml\/#breadcrumb","itemListElement":[{"@type":"ListItem","position":1,"name":"Home","item":"https:\/\/wein-werte.com\/en\/"},{"@type":"ListItem","position":2,"name":"Shop Page","item":"https:\/\/wein-werte.com\/en\/shop\/"},{"@type":"ListItem","position":3,"name":"Tement | S\u00fcdsteiermark | Ried Sernau K\u00f6nig Sauvignon Blanc, Gro\u00dfe STK Lage | 2021 | 750ml | bio"}]},{"@type":"WebSite","@id":"https:\/\/wein-werte.com\/de\/#website","url":"https:\/\/wein-werte.com\/de\/","name":"Wein Werte","description":"","publisher":{"@id":"https:\/\/wein-werte.com\/de\/#organization"},"potentialAction":[{"@type":"SearchAction","target":{"@type":"EntryPoint","urlTemplate":"https:\/\/wein-werte.com\/de\/?s={search_term_string}"},"query-input":{"@type":"PropertyValueSpecification","valueRequired":true,"valueName":"search_term_string"}}],"inLanguage":"en-US"},{"@type":"Organization","@id":"https:\/\/wein-werte.com\/de\/#organization","name":"Vins Fins Thorrold","url":"https:\/\/wein-werte.com\/de\/","logo":{"@type":"ImageObject","inLanguage":"en-US","@id":"https:\/\/wein-werte.com\/de\/#\/schema\/logo\/image\/","url":"https:\/\/wein-werte.com\/wp-content\/uploads\/2023\/07\/Wein_werte_Logo700-1.png","contentUrl":"https:\/\/wein-werte.com\/wp-content\/uploads\/2023\/07\/Wein_werte_Logo700-1.png","width":700,"height":272,"caption":"Vins Fins Thorrold"},"image":{"@id":"https:\/\/wein-werte.com\/de\/#\/schema\/logo\/image\/"}}]}},"_links":{"self":[{"href":"https:\/\/wein-werte.com\/en\/wp-json\/wp\/v2\/product\/1122964","targetHints":{"allow":["GET"]}}],"collection":[{"href":"https:\/\/wein-werte.com\/en\/wp-json\/wp\/v2\/product"}],"about":[{"href":"https:\/\/wein-werte.com\/en\/wp-json\/wp\/v2\/types\/product"}],"wp:featuredmedia":[{"embeddable":true,"href":"https:\/\/wein-werte.com\/en\/wp-json\/wp\/v2\/media\/1138565"}],"wp:attachment":[{"href":"https:\/\/wein-werte.com\/en\/wp-json\/wp\/v2\/media?parent=1122964"}],"wp:term":[{"taxonomy":"product_brand","embeddable":true,"href":"https:\/\/wein-werte.com\/en\/wp-json\/wp\/v2\/product_brand?post=1122964"},{"taxonomy":"product_cat","embeddable":true,"href":"https:\/\/wein-werte.com\/en\/wp-json\/wp\/v2\/product_cat?post=1122964"},{"taxonomy":"product_tag","embeddable":true,"href":"https:\/\/wein-werte.com\/en\/wp-json\/wp\/v2\/product_tag?post=1122964"}],"curies":[{"name":"wp","href":"https:\/\/api.w.org\/{rel}","templated":true}]}}