{"id":1122879,"date":"2026-05-12T16:18:33","date_gmt":"2026-05-12T14:18:33","guid":{"rendered":"https:\/\/wein-werte.com\/product\/nikolaihof-im-weingebirge-gruner-veltliner-federspiel-1988-750ml\/"},"modified":"2026-05-13T15:09:25","modified_gmt":"2026-05-13T13:09:25","slug":"nikolaihof-im-weingebirge-gruner-veltliner-federspiel-1988-750ml","status":"publish","type":"product","link":"https:\/\/wein-werte.com\/en\/product\/nikolaihof-im-weingebirge-gruner-veltliner-federspiel-1988-750ml\/","title":{"rendered":"Nikolaihof | Wachau | Im Weingebirge, Gr\u00fcner Veltliner Federspiel trocken  | 1988 | 750ml"},"content":{"rendered":"<p>Product description for Nikolaihof Im Weingebirge, Gr\u00fcner Veltliner Federspiel trocken  1988 <\/p>\n<p>Archive Release 2024. <\/p>\n<h5>Origin<\/h5>\n<p> The &#8220;Im Weingebirge&#8221; vineyard is a so-called &#8220;vineyard within a vineyard.&#8221; It belongs to the &#8220;Alte Point&#8221; vineyard and borders the &#8220;Strudel&#8221; and &#8220;S\u00fc\u00dfenberg&#8221; vineyards above Mautern. The site covers a full six hectares and extends northward from 206 to 225 meters up the slope. The subsoil is dominated by paragneiss, which here and there reaches the surface. The topsoil consists of clay and, above all, loess. Tasting note by Paula Bosch<\/p>\n<p>Copyright Vinaturel 2025<\/p>\n<p>Keywords: <a href=\"https:\/\/wein-werte.com\/shop\/?swoof=1&#038;pa_producer=Nikolaihof\">Nikolaihof<\/a> <a href=\"https:\/\/wein-werte.com\/shop\/?swoof=1&#038;woof_text=Im Weingebirge, Gr\u00fcner Veltliner Federspiel trocken \">Im Weingebirge, Gr\u00fcner Veltliner Federspiel trocken <\/a> 1988  <a href=\"https:\/\/wein-werte.com\/shop\/?swoof=1&#038;pa_region=Wachau\">Wachau<\/a> <a href=\"https:\/\/wein-werte.com\/shop\/?swoof=1&#038;pa_country=Austria\">Austria<\/a><\/p>\n<p>Producer website: <a href=\"https:\/\/www.nikolaihof.at\/en\/home\/\" target=\"_blank\">https:\/\/www.nikolaihof.at\/en\/home\/<\/a><\/p>\n","protected":false},"excerpt":{"rendered":"<div style=\"font-size: 14px;\">\n<p>Delivery time: 1 to 2 working days (DE), 2 to 5 working days (EU and CH)<\/p>\n<p>Approximate energy content per 125ml glass: 90 kcal<\/p>\n<\/p><\/div>\n","protected":false},"featured_media":1138277,"template":"","meta":[],"product_brand":[],"product_cat":[19],"product_tag":[],"class_list":{"0":"post-1122879","1":"product","2":"type-product","3":"status-publish","4":"has-post-thumbnail","6":"product_cat-unkategorisiert","7":"pa_alcohol-for-filter-12895","8":"pa_certified-biodynamic-no","9":"pa_certified-organic-no","10":"pa_colour-white","11":"pa_country-austria","12":"pa_grape-gruner-veltliner","13":"pa_price-for-filter-10675","14":"pa_producer-nikolaihof","15":"pa_region-wachau","16":"pa_size-ml-6584","17":"pa_sweetness-dry","18":"pa_type-2-still","19":"pa_vintage-8389","20":"entry","21":"has-media","23":"first","24":"instock","25":"taxable","26":"shipping-taxable","27":"purchasable","28":"product-type-simple"},"yoast_head":"<!-- This site is optimized with the Yoast SEO plugin v27.6 - https:\/\/yoast.com\/product\/yoast-seo-wordpress\/ -->\n<title>Nikolaihof Im Weingebirge Gr\u00fcner Veltliner Federspiel 1988 750ml<\/title>\n<meta name=\"description\" content=\"Buy Nikolaihof Im Weingebirge Gr\u00fcner Veltliner Federspiel 1988 - a dry Gr\u00fcner Veltliner from Wachau, Austria - at Wein Werte, your sustainable online shop.\" \/>\n<meta name=\"robots\" content=\"index, follow, max-snippet:-1, max-image-preview:large, max-video-preview:-1\" \/>\n<link rel=\"canonical\" href=\"https:\/\/wein-werte.com\/en\/product\/nikolaihof-im-weingebirge-gruner-veltliner-federspiel-1988-750ml\/\" \/>\n<meta property=\"og:locale\" content=\"en_US\" \/>\n<meta property=\"og:type\" content=\"article\" \/>\n<meta property=\"og:title\" content=\"Nikolaihof Im Weingebirge Gr\u00fcner Veltliner Federspiel 1988 750ml\" \/>\n<meta property=\"og:description\" content=\"Buy Nikolaihof Im Weingebirge Gr\u00fcner Veltliner Federspiel 1988 - a dry Gr\u00fcner Veltliner from Wachau, Austria - at Wein Werte, your sustainable online shop.\" \/>\n<meta property=\"og:url\" content=\"https:\/\/wein-werte.com\/en\/product\/nikolaihof-im-weingebirge-gruner-veltliner-federspiel-1988-750ml\/\" \/>\n<meta property=\"og:site_name\" content=\"Wein Werte\" \/>\n<meta property=\"article:modified_time\" content=\"2026-05-13T13:09:25+00:00\" \/>\n<meta property=\"og:image\" content=\"https:\/\/wein-werte.com\/wp-content\/uploads\/2026\/04\/Nikolaihof-Im-Weingebirge-Gruner-Veltliner-Federspiel-1988-750ml.png\" \/>\n\t<meta property=\"og:image:width\" content=\"259\" \/>\n\t<meta property=\"og:image:height\" content=\"1200\" \/>\n\t<meta property=\"og:image:type\" content=\"image\/png\" \/>\n<meta name=\"twitter:card\" content=\"summary_large_image\" \/>\n<meta name=\"twitter:label1\" content=\"Est. reading time\" \/>\n\t<meta name=\"twitter:data1\" content=\"1 minute\" \/>\n<script type=\"application\/ld+json\" class=\"yoast-schema-graph\">{\"@context\":\"https:\\\/\\\/schema.org\",\"@graph\":[{\"@type\":\"WebPage\",\"@id\":\"https:\\\/\\\/wein-werte.com\\\/en\\\/product\\\/nikolaihof-im-weingebirge-gruner-veltliner-federspiel-1988-750ml\\\/\",\"url\":\"https:\\\/\\\/wein-werte.com\\\/en\\\/product\\\/nikolaihof-im-weingebirge-gruner-veltliner-federspiel-1988-750ml\\\/\",\"name\":\"Nikolaihof Im Weingebirge Gr\u00fcner Veltliner Federspiel 1988 750ml\",\"isPartOf\":{\"@id\":\"https:\\\/\\\/wein-werte.com\\\/de\\\/#website\"},\"primaryImageOfPage\":{\"@id\":\"https:\\\/\\\/wein-werte.com\\\/en\\\/product\\\/nikolaihof-im-weingebirge-gruner-veltliner-federspiel-1988-750ml\\\/#primaryimage\"},\"image\":{\"@id\":\"https:\\\/\\\/wein-werte.com\\\/en\\\/product\\\/nikolaihof-im-weingebirge-gruner-veltliner-federspiel-1988-750ml\\\/#primaryimage\"},\"thumbnailUrl\":\"https:\\\/\\\/wein-werte.com\\\/wp-content\\\/uploads\\\/2026\\\/04\\\/Nikolaihof-Im-Weingebirge-Gruner-Veltliner-Federspiel-1988-750ml.png\",\"datePublished\":\"2026-05-12T14:18:33+00:00\",\"dateModified\":\"2026-05-13T13:09:25+00:00\",\"description\":\"Buy Nikolaihof Im Weingebirge Gr\u00fcner Veltliner Federspiel 1988 - a dry Gr\u00fcner Veltliner from Wachau, Austria - at Wein Werte, your sustainable online shop.\",\"breadcrumb\":{\"@id\":\"https:\\\/\\\/wein-werte.com\\\/en\\\/product\\\/nikolaihof-im-weingebirge-gruner-veltliner-federspiel-1988-750ml\\\/#breadcrumb\"},\"inLanguage\":\"en-US\",\"potentialAction\":[{\"@type\":\"ReadAction\",\"target\":[\"https:\\\/\\\/wein-werte.com\\\/en\\\/product\\\/nikolaihof-im-weingebirge-gruner-veltliner-federspiel-1988-750ml\\\/\"]}]},{\"@type\":\"ImageObject\",\"inLanguage\":\"en-US\",\"@id\":\"https:\\\/\\\/wein-werte.com\\\/en\\\/product\\\/nikolaihof-im-weingebirge-gruner-veltliner-federspiel-1988-750ml\\\/#primaryimage\",\"url\":\"https:\\\/\\\/wein-werte.com\\\/wp-content\\\/uploads\\\/2026\\\/04\\\/Nikolaihof-Im-Weingebirge-Gruner-Veltliner-Federspiel-1988-750ml.png\",\"contentUrl\":\"https:\\\/\\\/wein-werte.com\\\/wp-content\\\/uploads\\\/2026\\\/04\\\/Nikolaihof-Im-Weingebirge-Gruner-Veltliner-Federspiel-1988-750ml.png\",\"width\":259,\"height\":1200,\"caption\":\"Nikolaihof Im Weingebirge, Gr\u00fcner Veltliner Federspiel trocken 1988 750ml\"},{\"@type\":\"BreadcrumbList\",\"@id\":\"https:\\\/\\\/wein-werte.com\\\/en\\\/product\\\/nikolaihof-im-weingebirge-gruner-veltliner-federspiel-1988-750ml\\\/#breadcrumb\",\"itemListElement\":[{\"@type\":\"ListItem\",\"position\":1,\"name\":\"Home\",\"item\":\"https:\\\/\\\/wein-werte.com\\\/en\\\/\"},{\"@type\":\"ListItem\",\"position\":2,\"name\":\"Shop Page\",\"item\":\"https:\\\/\\\/wein-werte.com\\\/en\\\/shop\\\/\"},{\"@type\":\"ListItem\",\"position\":3,\"name\":\"Nikolaihof | Wachau | Im Weingebirge, Gr\u00fcner Veltliner Federspiel trocken | 1988 | 750ml\"}]},{\"@type\":\"WebSite\",\"@id\":\"https:\\\/\\\/wein-werte.com\\\/de\\\/#website\",\"url\":\"https:\\\/\\\/wein-werte.com\\\/de\\\/\",\"name\":\"Wein Werte\",\"description\":\"\",\"publisher\":{\"@id\":\"https:\\\/\\\/wein-werte.com\\\/de\\\/#organization\"},\"potentialAction\":[{\"@type\":\"SearchAction\",\"target\":{\"@type\":\"EntryPoint\",\"urlTemplate\":\"https:\\\/\\\/wein-werte.com\\\/de\\\/?s={search_term_string}\"},\"query-input\":{\"@type\":\"PropertyValueSpecification\",\"valueRequired\":true,\"valueName\":\"search_term_string\"}}],\"inLanguage\":\"en-US\"},{\"@type\":\"Organization\",\"@id\":\"https:\\\/\\\/wein-werte.com\\\/de\\\/#organization\",\"name\":\"Vins Fins Thorrold\",\"url\":\"https:\\\/\\\/wein-werte.com\\\/de\\\/\",\"logo\":{\"@type\":\"ImageObject\",\"inLanguage\":\"en-US\",\"@id\":\"https:\\\/\\\/wein-werte.com\\\/de\\\/#\\\/schema\\\/logo\\\/image\\\/\",\"url\":\"https:\\\/\\\/wein-werte.com\\\/wp-content\\\/uploads\\\/2023\\\/07\\\/Wein_werte_Logo700-1.png\",\"contentUrl\":\"https:\\\/\\\/wein-werte.com\\\/wp-content\\\/uploads\\\/2023\\\/07\\\/Wein_werte_Logo700-1.png\",\"width\":700,\"height\":272,\"caption\":\"Vins Fins Thorrold\"},\"image\":{\"@id\":\"https:\\\/\\\/wein-werte.com\\\/de\\\/#\\\/schema\\\/logo\\\/image\\\/\"}}]}<\/script>\n<!-- \/ Yoast SEO plugin. -->","yoast_head_json":{"title":"Nikolaihof Im Weingebirge Gr\u00fcner Veltliner Federspiel 1988 750ml","description":"Buy Nikolaihof Im Weingebirge Gr\u00fcner Veltliner Federspiel 1988 - a dry Gr\u00fcner Veltliner from Wachau, Austria - at Wein Werte, your sustainable online shop.","robots":{"index":"index","follow":"follow","max-snippet":"max-snippet:-1","max-image-preview":"max-image-preview:large","max-video-preview":"max-video-preview:-1"},"canonical":"https:\/\/wein-werte.com\/en\/product\/nikolaihof-im-weingebirge-gruner-veltliner-federspiel-1988-750ml\/","og_locale":"en_US","og_type":"article","og_title":"Nikolaihof Im Weingebirge Gr\u00fcner Veltliner Federspiel 1988 750ml","og_description":"Buy Nikolaihof Im Weingebirge Gr\u00fcner Veltliner Federspiel 1988 - a dry Gr\u00fcner Veltliner from Wachau, Austria - at Wein Werte, your sustainable online shop.","og_url":"https:\/\/wein-werte.com\/en\/product\/nikolaihof-im-weingebirge-gruner-veltliner-federspiel-1988-750ml\/","og_site_name":"Wein Werte","article_modified_time":"2026-05-13T13:09:25+00:00","og_image":[{"width":259,"height":1200,"url":"https:\/\/wein-werte.com\/wp-content\/uploads\/2026\/04\/Nikolaihof-Im-Weingebirge-Gruner-Veltliner-Federspiel-1988-750ml.png","type":"image\/png"}],"twitter_card":"summary_large_image","twitter_misc":{"Est. reading time":"1 minute"},"schema":{"@context":"https:\/\/schema.org","@graph":[{"@type":"WebPage","@id":"https:\/\/wein-werte.com\/en\/product\/nikolaihof-im-weingebirge-gruner-veltliner-federspiel-1988-750ml\/","url":"https:\/\/wein-werte.com\/en\/product\/nikolaihof-im-weingebirge-gruner-veltliner-federspiel-1988-750ml\/","name":"Nikolaihof Im Weingebirge Gr\u00fcner Veltliner Federspiel 1988 750ml","isPartOf":{"@id":"https:\/\/wein-werte.com\/de\/#website"},"primaryImageOfPage":{"@id":"https:\/\/wein-werte.com\/en\/product\/nikolaihof-im-weingebirge-gruner-veltliner-federspiel-1988-750ml\/#primaryimage"},"image":{"@id":"https:\/\/wein-werte.com\/en\/product\/nikolaihof-im-weingebirge-gruner-veltliner-federspiel-1988-750ml\/#primaryimage"},"thumbnailUrl":"https:\/\/wein-werte.com\/wp-content\/uploads\/2026\/04\/Nikolaihof-Im-Weingebirge-Gruner-Veltliner-Federspiel-1988-750ml.png","datePublished":"2026-05-12T14:18:33+00:00","dateModified":"2026-05-13T13:09:25+00:00","description":"Buy Nikolaihof Im Weingebirge Gr\u00fcner Veltliner Federspiel 1988 - a dry Gr\u00fcner Veltliner from Wachau, Austria - at Wein Werte, your sustainable online shop.","breadcrumb":{"@id":"https:\/\/wein-werte.com\/en\/product\/nikolaihof-im-weingebirge-gruner-veltliner-federspiel-1988-750ml\/#breadcrumb"},"inLanguage":"en-US","potentialAction":[{"@type":"ReadAction","target":["https:\/\/wein-werte.com\/en\/product\/nikolaihof-im-weingebirge-gruner-veltliner-federspiel-1988-750ml\/"]}]},{"@type":"ImageObject","inLanguage":"en-US","@id":"https:\/\/wein-werte.com\/en\/product\/nikolaihof-im-weingebirge-gruner-veltliner-federspiel-1988-750ml\/#primaryimage","url":"https:\/\/wein-werte.com\/wp-content\/uploads\/2026\/04\/Nikolaihof-Im-Weingebirge-Gruner-Veltliner-Federspiel-1988-750ml.png","contentUrl":"https:\/\/wein-werte.com\/wp-content\/uploads\/2026\/04\/Nikolaihof-Im-Weingebirge-Gruner-Veltliner-Federspiel-1988-750ml.png","width":259,"height":1200,"caption":"Nikolaihof Im Weingebirge, Gr\u00fcner Veltliner Federspiel trocken 1988 750ml"},{"@type":"BreadcrumbList","@id":"https:\/\/wein-werte.com\/en\/product\/nikolaihof-im-weingebirge-gruner-veltliner-federspiel-1988-750ml\/#breadcrumb","itemListElement":[{"@type":"ListItem","position":1,"name":"Home","item":"https:\/\/wein-werte.com\/en\/"},{"@type":"ListItem","position":2,"name":"Shop Page","item":"https:\/\/wein-werte.com\/en\/shop\/"},{"@type":"ListItem","position":3,"name":"Nikolaihof | Wachau | Im Weingebirge, Gr\u00fcner Veltliner Federspiel trocken | 1988 | 750ml"}]},{"@type":"WebSite","@id":"https:\/\/wein-werte.com\/de\/#website","url":"https:\/\/wein-werte.com\/de\/","name":"Wein Werte","description":"","publisher":{"@id":"https:\/\/wein-werte.com\/de\/#organization"},"potentialAction":[{"@type":"SearchAction","target":{"@type":"EntryPoint","urlTemplate":"https:\/\/wein-werte.com\/de\/?s={search_term_string}"},"query-input":{"@type":"PropertyValueSpecification","valueRequired":true,"valueName":"search_term_string"}}],"inLanguage":"en-US"},{"@type":"Organization","@id":"https:\/\/wein-werte.com\/de\/#organization","name":"Vins Fins Thorrold","url":"https:\/\/wein-werte.com\/de\/","logo":{"@type":"ImageObject","inLanguage":"en-US","@id":"https:\/\/wein-werte.com\/de\/#\/schema\/logo\/image\/","url":"https:\/\/wein-werte.com\/wp-content\/uploads\/2023\/07\/Wein_werte_Logo700-1.png","contentUrl":"https:\/\/wein-werte.com\/wp-content\/uploads\/2023\/07\/Wein_werte_Logo700-1.png","width":700,"height":272,"caption":"Vins Fins Thorrold"},"image":{"@id":"https:\/\/wein-werte.com\/de\/#\/schema\/logo\/image\/"}}]}},"_links":{"self":[{"href":"https:\/\/wein-werte.com\/en\/wp-json\/wp\/v2\/product\/1122879","targetHints":{"allow":["GET"]}}],"collection":[{"href":"https:\/\/wein-werte.com\/en\/wp-json\/wp\/v2\/product"}],"about":[{"href":"https:\/\/wein-werte.com\/en\/wp-json\/wp\/v2\/types\/product"}],"wp:featuredmedia":[{"embeddable":true,"href":"https:\/\/wein-werte.com\/en\/wp-json\/wp\/v2\/media\/1138277"}],"wp:attachment":[{"href":"https:\/\/wein-werte.com\/en\/wp-json\/wp\/v2\/media?parent=1122879"}],"wp:term":[{"taxonomy":"product_brand","embeddable":true,"href":"https:\/\/wein-werte.com\/en\/wp-json\/wp\/v2\/product_brand?post=1122879"},{"taxonomy":"product_cat","embeddable":true,"href":"https:\/\/wein-werte.com\/en\/wp-json\/wp\/v2\/product_cat?post=1122879"},{"taxonomy":"product_tag","embeddable":true,"href":"https:\/\/wein-werte.com\/en\/wp-json\/wp\/v2\/product_tag?post=1122879"}],"curies":[{"name":"wp","href":"https:\/\/api.w.org\/{rel}","templated":true}]}}