{"id":1122851,"date":"2026-05-08T19:53:12","date_gmt":"2026-05-08T17:53:12","guid":{"rendered":"https:\/\/wein-werte.com\/product\/nikolaihof-hefeabzug-gruner-veltliner-2016-750ml\/"},"modified":"2026-05-08T19:53:13","modified_gmt":"2026-05-08T17:53:13","slug":"nikolaihof-hefeabzug-gruner-veltliner-2016-750ml","status":"publish","type":"product","link":"https:\/\/wein-werte.com\/en\/product\/nikolaihof-hefeabzug-gruner-veltliner-2016-750ml\/","title":{"rendered":"Nikolaihof | Wachau | Hefeabzug, Gr\u00fcner Veltliner trocken | 2016 | 750ml | bio"},"content":{"rendered":"<p>Product description for Nikolaihof Hefeabzug, Gr\u00fcner Veltliner trocken 2016 (bio)<\/p>\n<p>Archive Release 2024. <\/p>\n<h5>Origin<\/h5>\n<p> A significant portion of the fruit comes from the Steiner Goldberg, a smaller portion from Mautern. The Steiner Goldberg vineyard was first mentioned in 1302. It lies at an altitude of 300 to 380 meters above sea level, overlooking Krems. The slopes face southeast, south, and east. The subsoil consists of crystalline rock such as paragneiss, mica schist, and quartzite. This creates a loamy-sandy, dry, and permeable, silty soil with a high stone content. The soil is lime-free and acidic, except in the south of the vineyard, where loess occurs. In Mautern, silty soils with loess and clay predominate. <\/p>\n<h5>Colour<\/h5>\n<p>Fresh, light lemon yellow <\/p>\n<h5>Nose<\/h5>\n<p> Inspiring Veltliner aromas of a vegetal mixture of fennel, celery, asparagus, and spring onion, complemented by fresh chervil and coriander leaves, bread crust, and freshly mown grain. A variety of aromas captivates me. I automatically think of spring, vegetables, herbs, and flowers. <\/p>\n<h5>Palate<\/h5>\n<p> Stimulating, watery, and easy to drink in the mouth. The stony undertones create a refined, mineral background that perfectly complements the astonishingly long finish. A serious wine whose freshness and simultaneous maturity, and its drinking pleasure, should not be underestimated.<\/p>\n<p>Copyright Vinaturel 2025<\/p>\n<p>Keywords: <a href=\"https:\/\/wein-werte.com\/shop\/?swoof=1&#038;pa_producer=Nikolaihof\">Nikolaihof<\/a> <a href=\"https:\/\/wein-werte.com\/shop\/?swoof=1&#038;woof_text=Hefeabzug, Gr\u00fcner Veltliner trocken\">Hefeabzug, Gr\u00fcner Veltliner trocken<\/a> 2016 bio <a href=\"https:\/\/wein-werte.com\/shop\/?swoof=1&#038;pa_region=Wachau\">Wachau<\/a> <a href=\"https:\/\/wein-werte.com\/shop\/?swoof=1&#038;pa_country=Austria\">Austria<\/a><\/p>\n<h3>Wine Advocate<\/h3>\n<p>Score: 88<\/p>\n<p>The 2016 Gr\u00fcner Veltliner Hefeabzug is Nikolaus Saahs&#8217;s Steinfeder category and so it is the lightest Gr\u00fcner Veltliner he has to offer. Bottled straight from the fine lees in April 2017, this is a clear and fresh Gr\u00fcner Veltliner with white fruit aromas and a nice spicy freshness of white fruits. Fresh and piquant on the palate, this is a light and very elegant Gr\u00fcner Veltliner with nice grip and charming fruit expression. It is dry, finessed and stimulatingly vital, a great pleasure to drink with lighter dishes. The finish is stunningly salty and well structured. An excellent light Gr\u00fcner Veltliner!<br \/>Stephan Reinhardt<\/p>\n<h3>Vinous<\/h3>\n<p>Score: 89<\/p>\n<p>While bottled off its lees, as its nickname implies, this wine was lightly filtered at bottling, whereas, in keeping with recent estate practice, a portion of the same cuv\u00e9e was bottled without filtration under the nickname \u201cZwickl\u201d (also reviewed in this report). Most oenophiles would be amazed at how greatly the two bottlings differ in taste. But think of it this way: at a critical point in each wine\u2019s evolution, it underwent a very different experience, and after that, the two took distinctively different developmental paths. The nose here, in what has become classic Hefeabzug fashion, delivers mineral and herbal nuances \u2013  suggestive of marine breeze, chalk dust and iodine \u2013 along with pleasantly pungent yeastiness. An appealing savor suggestive of oyster liquor and seaweed emerges on the palate, where the feel is surprisingly creamy. But the finish delivers tangy lemon peel and apple skin, cucumber juiciness and considerable mineral nuance consistent with the wine\u2019s aromas. While there is some midpalate sense of softness vis-\u00e0-vis more typical installments of this bottling, it will doubtless come as a surprise to most tasters to learn that this year\u2019s Hefeabzug underwent complete malolactic transformation. (It\u2019s entirely possible that the unfiltered, sediment-filled \u201cZwickl\u201d version of this cuv\u00e9e will have the longer bottle life. It has not yet been possible to compare the two versions in wines of several years\u2019 age. But the track record of Nikolaihof\u2019s Hefeabzug is formidable for an ostensibly \u201cintro-level\u201d bottling.)<br \/>\n &#8212; David Schildknecht<br \/>Drinking window: 2018 &#8211; 2023<br \/>Review date: Dec 2018<\/p>\n<p>Producer website: <a href=\"https:\/\/www.nikolaihof.at\/en\/home\/\" target=\"_blank\">https:\/\/www.nikolaihof.at\/en\/home\/<\/a><\/p>\n","protected":false},"excerpt":{"rendered":"<p>Delivery time: 1 to 2 working days (DE), 2 to 5 working days (EU and CH)<\/p>\n","protected":false},"featured_media":1138165,"template":"","meta":[],"product_brand":[],"product_cat":[19],"product_tag":[],"class_list":{"0":"post-1122851","1":"product","2":"type-product","3":"status-publish","4":"has-post-thumbnail","6":"product_cat-unkategorisiert","7":"pa_alcohol-for-filter-12893","8":"pa_certified-biodynamic-yes","9":"pa_certified-organic-yes","10":"pa_colour-white","11":"pa_country-austria","12":"pa_grape-gruner-veltliner","13":"pa_parker-points-for-filter-16145","14":"pa_price-for-filter-10611","15":"pa_producer-nikolaihof","16":"pa_region-wachau","17":"pa_size-ml-6584","18":"pa_sweetness-dry","19":"pa_type-2-still","20":"pa_vinous-points-for-filter-16147","21":"pa_vintage-6650","22":"entry","23":"has-media","25":"first","26":"instock","27":"taxable","28":"shipping-taxable","29":"purchasable","30":"product-type-simple"},"yoast_head":"<!-- This site is optimized with the Yoast SEO plugin v27.5 - https:\/\/yoast.com\/product\/yoast-seo-wordpress\/ -->\n<title>Nikolaihof Hefeabzug Gruner Veltliner 2016<\/title>\n<meta name=\"description\" content=\"Buy Nikolaihof Hefeabzug Gr\u00fcner Veltliner 2016 - a dry Gr\u00fcner Veltliner from Wachau, Austria - at Wein Werte, your sustainable online shop.\" \/>\n<meta name=\"robots\" content=\"index, follow, max-snippet:-1, max-image-preview:large, max-video-preview:-1\" \/>\n<link rel=\"canonical\" href=\"https:\/\/wein-werte.com\/en\/product\/nikolaihof-hefeabzug-gruner-veltliner-2016-750ml\/\" \/>\n<meta property=\"og:locale\" content=\"en_US\" \/>\n<meta property=\"og:type\" content=\"article\" \/>\n<meta property=\"og:title\" content=\"Nikolaihof Hefeabzug Gruner Veltliner 2016\" \/>\n<meta property=\"og:description\" content=\"Buy Nikolaihof Hefeabzug Gr\u00fcner Veltliner 2016 - a dry Gr\u00fcner Veltliner from Wachau, Austria - at Wein Werte, your sustainable online shop.\" \/>\n<meta property=\"og:url\" content=\"https:\/\/wein-werte.com\/en\/product\/nikolaihof-hefeabzug-gruner-veltliner-2016-750ml\/\" \/>\n<meta property=\"og:site_name\" content=\"Wein Werte\" \/>\n<meta property=\"article:modified_time\" content=\"2026-05-08T17:53:13+00:00\" \/>\n<meta property=\"og:image\" content=\"https:\/\/wein-werte.com\/wp-content\/uploads\/2026\/04\/Nikolaihof-Hefeabzug-Gruner-Veltliner-2016-750ml.png\" \/>\n\t<meta property=\"og:image:width\" content=\"259\" \/>\n\t<meta property=\"og:image:height\" content=\"1200\" \/>\n\t<meta property=\"og:image:type\" content=\"image\/png\" \/>\n<meta name=\"twitter:card\" content=\"summary_large_image\" \/>\n<meta name=\"twitter:label1\" content=\"Est. reading time\" \/>\n\t<meta name=\"twitter:data1\" content=\"3 minutes\" \/>\n<script type=\"application\/ld+json\" class=\"yoast-schema-graph\">{\"@context\":\"https:\\\/\\\/schema.org\",\"@graph\":[{\"@type\":\"WebPage\",\"@id\":\"https:\\\/\\\/wein-werte.com\\\/en\\\/product\\\/nikolaihof-hefeabzug-gruner-veltliner-2016-750ml\\\/\",\"url\":\"https:\\\/\\\/wein-werte.com\\\/en\\\/product\\\/nikolaihof-hefeabzug-gruner-veltliner-2016-750ml\\\/\",\"name\":\"Nikolaihof Hefeabzug Gruner Veltliner 2016\",\"isPartOf\":{\"@id\":\"https:\\\/\\\/wein-werte.com\\\/de\\\/#website\"},\"primaryImageOfPage\":{\"@id\":\"https:\\\/\\\/wein-werte.com\\\/en\\\/product\\\/nikolaihof-hefeabzug-gruner-veltliner-2016-750ml\\\/#primaryimage\"},\"image\":{\"@id\":\"https:\\\/\\\/wein-werte.com\\\/en\\\/product\\\/nikolaihof-hefeabzug-gruner-veltliner-2016-750ml\\\/#primaryimage\"},\"thumbnailUrl\":\"https:\\\/\\\/wein-werte.com\\\/wp-content\\\/uploads\\\/2026\\\/04\\\/Nikolaihof-Hefeabzug-Gruner-Veltliner-2016-750ml.png\",\"datePublished\":\"2026-05-08T17:53:12+00:00\",\"dateModified\":\"2026-05-08T17:53:13+00:00\",\"description\":\"Buy Nikolaihof Hefeabzug Gr\u00fcner Veltliner 2016 - a dry Gr\u00fcner Veltliner from Wachau, Austria - at Wein Werte, your sustainable online shop.\",\"breadcrumb\":{\"@id\":\"https:\\\/\\\/wein-werte.com\\\/en\\\/product\\\/nikolaihof-hefeabzug-gruner-veltliner-2016-750ml\\\/#breadcrumb\"},\"inLanguage\":\"en-US\",\"potentialAction\":[{\"@type\":\"ReadAction\",\"target\":[\"https:\\\/\\\/wein-werte.com\\\/en\\\/product\\\/nikolaihof-hefeabzug-gruner-veltliner-2016-750ml\\\/\"]}]},{\"@type\":\"ImageObject\",\"inLanguage\":\"en-US\",\"@id\":\"https:\\\/\\\/wein-werte.com\\\/en\\\/product\\\/nikolaihof-hefeabzug-gruner-veltliner-2016-750ml\\\/#primaryimage\",\"url\":\"https:\\\/\\\/wein-werte.com\\\/wp-content\\\/uploads\\\/2026\\\/04\\\/Nikolaihof-Hefeabzug-Gruner-Veltliner-2016-750ml.png\",\"contentUrl\":\"https:\\\/\\\/wein-werte.com\\\/wp-content\\\/uploads\\\/2026\\\/04\\\/Nikolaihof-Hefeabzug-Gruner-Veltliner-2016-750ml.png\",\"width\":259,\"height\":1200,\"caption\":\"Nikolaihof Hefeabzug, Gr\u00fcner Veltliner trocken 2016 750ml\"},{\"@type\":\"BreadcrumbList\",\"@id\":\"https:\\\/\\\/wein-werte.com\\\/en\\\/product\\\/nikolaihof-hefeabzug-gruner-veltliner-2016-750ml\\\/#breadcrumb\",\"itemListElement\":[{\"@type\":\"ListItem\",\"position\":1,\"name\":\"Home\",\"item\":\"https:\\\/\\\/wein-werte.com\\\/en\\\/\"},{\"@type\":\"ListItem\",\"position\":2,\"name\":\"Shop Page\",\"item\":\"https:\\\/\\\/wein-werte.com\\\/en\\\/shop\\\/\"},{\"@type\":\"ListItem\",\"position\":3,\"name\":\"Nikolaihof | Wachau | Hefeabzug, Gr\u00fcner Veltliner trocken | 2016 | 750ml | bio\"}]},{\"@type\":\"WebSite\",\"@id\":\"https:\\\/\\\/wein-werte.com\\\/de\\\/#website\",\"url\":\"https:\\\/\\\/wein-werte.com\\\/de\\\/\",\"name\":\"Wein Werte\",\"description\":\"\",\"publisher\":{\"@id\":\"https:\\\/\\\/wein-werte.com\\\/de\\\/#organization\"},\"potentialAction\":[{\"@type\":\"SearchAction\",\"target\":{\"@type\":\"EntryPoint\",\"urlTemplate\":\"https:\\\/\\\/wein-werte.com\\\/de\\\/?s={search_term_string}\"},\"query-input\":{\"@type\":\"PropertyValueSpecification\",\"valueRequired\":true,\"valueName\":\"search_term_string\"}}],\"inLanguage\":\"en-US\"},{\"@type\":\"Organization\",\"@id\":\"https:\\\/\\\/wein-werte.com\\\/de\\\/#organization\",\"name\":\"Vins Fins Thorrold\",\"url\":\"https:\\\/\\\/wein-werte.com\\\/de\\\/\",\"logo\":{\"@type\":\"ImageObject\",\"inLanguage\":\"en-US\",\"@id\":\"https:\\\/\\\/wein-werte.com\\\/de\\\/#\\\/schema\\\/logo\\\/image\\\/\",\"url\":\"https:\\\/\\\/wein-werte.com\\\/wp-content\\\/uploads\\\/2023\\\/07\\\/Wein_werte_Logo700-1.png\",\"contentUrl\":\"https:\\\/\\\/wein-werte.com\\\/wp-content\\\/uploads\\\/2023\\\/07\\\/Wein_werte_Logo700-1.png\",\"width\":700,\"height\":272,\"caption\":\"Vins Fins Thorrold\"},\"image\":{\"@id\":\"https:\\\/\\\/wein-werte.com\\\/de\\\/#\\\/schema\\\/logo\\\/image\\\/\"}}]}<\/script>\n<!-- \/ Yoast SEO plugin. -->","yoast_head_json":{"title":"Nikolaihof Hefeabzug Gruner Veltliner 2016","description":"Buy Nikolaihof Hefeabzug Gr\u00fcner Veltliner 2016 - a dry Gr\u00fcner Veltliner from Wachau, Austria - at Wein Werte, your sustainable online shop.","robots":{"index":"index","follow":"follow","max-snippet":"max-snippet:-1","max-image-preview":"max-image-preview:large","max-video-preview":"max-video-preview:-1"},"canonical":"https:\/\/wein-werte.com\/en\/product\/nikolaihof-hefeabzug-gruner-veltliner-2016-750ml\/","og_locale":"en_US","og_type":"article","og_title":"Nikolaihof Hefeabzug Gruner Veltliner 2016","og_description":"Buy Nikolaihof Hefeabzug Gr\u00fcner Veltliner 2016 - a dry Gr\u00fcner Veltliner from Wachau, Austria - at Wein Werte, your sustainable online shop.","og_url":"https:\/\/wein-werte.com\/en\/product\/nikolaihof-hefeabzug-gruner-veltliner-2016-750ml\/","og_site_name":"Wein Werte","article_modified_time":"2026-05-08T17:53:13+00:00","og_image":[{"width":259,"height":1200,"url":"https:\/\/wein-werte.com\/wp-content\/uploads\/2026\/04\/Nikolaihof-Hefeabzug-Gruner-Veltliner-2016-750ml.png","type":"image\/png"}],"twitter_card":"summary_large_image","twitter_misc":{"Est. reading time":"3 minutes"},"schema":{"@context":"https:\/\/schema.org","@graph":[{"@type":"WebPage","@id":"https:\/\/wein-werte.com\/en\/product\/nikolaihof-hefeabzug-gruner-veltliner-2016-750ml\/","url":"https:\/\/wein-werte.com\/en\/product\/nikolaihof-hefeabzug-gruner-veltliner-2016-750ml\/","name":"Nikolaihof Hefeabzug Gruner Veltliner 2016","isPartOf":{"@id":"https:\/\/wein-werte.com\/de\/#website"},"primaryImageOfPage":{"@id":"https:\/\/wein-werte.com\/en\/product\/nikolaihof-hefeabzug-gruner-veltliner-2016-750ml\/#primaryimage"},"image":{"@id":"https:\/\/wein-werte.com\/en\/product\/nikolaihof-hefeabzug-gruner-veltliner-2016-750ml\/#primaryimage"},"thumbnailUrl":"https:\/\/wein-werte.com\/wp-content\/uploads\/2026\/04\/Nikolaihof-Hefeabzug-Gruner-Veltliner-2016-750ml.png","datePublished":"2026-05-08T17:53:12+00:00","dateModified":"2026-05-08T17:53:13+00:00","description":"Buy Nikolaihof Hefeabzug Gr\u00fcner Veltliner 2016 - a dry Gr\u00fcner Veltliner from Wachau, Austria - at Wein Werte, your sustainable online shop.","breadcrumb":{"@id":"https:\/\/wein-werte.com\/en\/product\/nikolaihof-hefeabzug-gruner-veltliner-2016-750ml\/#breadcrumb"},"inLanguage":"en-US","potentialAction":[{"@type":"ReadAction","target":["https:\/\/wein-werte.com\/en\/product\/nikolaihof-hefeabzug-gruner-veltliner-2016-750ml\/"]}]},{"@type":"ImageObject","inLanguage":"en-US","@id":"https:\/\/wein-werte.com\/en\/product\/nikolaihof-hefeabzug-gruner-veltliner-2016-750ml\/#primaryimage","url":"https:\/\/wein-werte.com\/wp-content\/uploads\/2026\/04\/Nikolaihof-Hefeabzug-Gruner-Veltliner-2016-750ml.png","contentUrl":"https:\/\/wein-werte.com\/wp-content\/uploads\/2026\/04\/Nikolaihof-Hefeabzug-Gruner-Veltliner-2016-750ml.png","width":259,"height":1200,"caption":"Nikolaihof Hefeabzug, Gr\u00fcner Veltliner trocken 2016 750ml"},{"@type":"BreadcrumbList","@id":"https:\/\/wein-werte.com\/en\/product\/nikolaihof-hefeabzug-gruner-veltliner-2016-750ml\/#breadcrumb","itemListElement":[{"@type":"ListItem","position":1,"name":"Home","item":"https:\/\/wein-werte.com\/en\/"},{"@type":"ListItem","position":2,"name":"Shop Page","item":"https:\/\/wein-werte.com\/en\/shop\/"},{"@type":"ListItem","position":3,"name":"Nikolaihof | Wachau | Hefeabzug, Gr\u00fcner Veltliner trocken | 2016 | 750ml | bio"}]},{"@type":"WebSite","@id":"https:\/\/wein-werte.com\/de\/#website","url":"https:\/\/wein-werte.com\/de\/","name":"Wein Werte","description":"","publisher":{"@id":"https:\/\/wein-werte.com\/de\/#organization"},"potentialAction":[{"@type":"SearchAction","target":{"@type":"EntryPoint","urlTemplate":"https:\/\/wein-werte.com\/de\/?s={search_term_string}"},"query-input":{"@type":"PropertyValueSpecification","valueRequired":true,"valueName":"search_term_string"}}],"inLanguage":"en-US"},{"@type":"Organization","@id":"https:\/\/wein-werte.com\/de\/#organization","name":"Vins Fins Thorrold","url":"https:\/\/wein-werte.com\/de\/","logo":{"@type":"ImageObject","inLanguage":"en-US","@id":"https:\/\/wein-werte.com\/de\/#\/schema\/logo\/image\/","url":"https:\/\/wein-werte.com\/wp-content\/uploads\/2023\/07\/Wein_werte_Logo700-1.png","contentUrl":"https:\/\/wein-werte.com\/wp-content\/uploads\/2023\/07\/Wein_werte_Logo700-1.png","width":700,"height":272,"caption":"Vins Fins Thorrold"},"image":{"@id":"https:\/\/wein-werte.com\/de\/#\/schema\/logo\/image\/"}}]}},"_links":{"self":[{"href":"https:\/\/wein-werte.com\/en\/wp-json\/wp\/v2\/product\/1122851","targetHints":{"allow":["GET"]}}],"collection":[{"href":"https:\/\/wein-werte.com\/en\/wp-json\/wp\/v2\/product"}],"about":[{"href":"https:\/\/wein-werte.com\/en\/wp-json\/wp\/v2\/types\/product"}],"wp:featuredmedia":[{"embeddable":true,"href":"https:\/\/wein-werte.com\/en\/wp-json\/wp\/v2\/media\/1138165"}],"wp:attachment":[{"href":"https:\/\/wein-werte.com\/en\/wp-json\/wp\/v2\/media?parent=1122851"}],"wp:term":[{"taxonomy":"product_brand","embeddable":true,"href":"https:\/\/wein-werte.com\/en\/wp-json\/wp\/v2\/product_brand?post=1122851"},{"taxonomy":"product_cat","embeddable":true,"href":"https:\/\/wein-werte.com\/en\/wp-json\/wp\/v2\/product_cat?post=1122851"},{"taxonomy":"product_tag","embeddable":true,"href":"https:\/\/wein-werte.com\/en\/wp-json\/wp\/v2\/product_tag?post=1122851"}],"curies":[{"name":"wp","href":"https:\/\/api.w.org\/{rel}","templated":true}]}}