{"id":1122792,"date":"2026-05-05T18:17:27","date_gmt":"2026-05-05T16:17:27","guid":{"rendered":"https:\/\/wein-werte.com\/product\/fritsch-gruner-veltliner-schlossberg-2020-1500ml\/"},"modified":"2026-05-05T18:17:27","modified_gmt":"2026-05-05T16:17:27","slug":"fritsch-gruner-veltliner-schlossberg-2020-1500ml","status":"publish","type":"product","link":"https:\/\/wein-werte.com\/en\/product\/fritsch-gruner-veltliner-schlossberg-2020-1500ml\/","title":{"rendered":"Fritsch | Wagram | Gr\u00fcner Veltliner Schlossberg 1.\u00d6TW | 2020 | 1500ml | bio"},"content":{"rendered":"<p>Product description for Fritsch Gr\u00fcner Veltliner Schlossberg 1.\u00d6TW 2020 (bio)<\/p>\n<h5> Site Information<\/h5>\n<p>The vineyards surrounding the former Winkelberg Castle slope southward and are located on a plateau behind the Wagram River. Underneath the thick, fertile loess cover lie cold-period terrace gravel from the Danube, and beneath this, clayey-silty, Miocene marine sediments with sand deposits, indicating periodic storm events. <\/p>\n<h5> Maturation Information<\/h5>\n<p>The grapes were harvested by hand and fermented spontaneously for two months in used 2000-liter wooden barrels. <\/p>\n<h5> Colour<\/h5>\n<p> Sparkling, intense golden yellow. <\/p>\n<h5> Nose<\/h5>\n<p> The 2020 Gr\u00fcner Veltliner Ried Schlossberg 1.\u00d6TW presents powerful, juicy fruit and plenty of spice on the nose. The aromas of dried apricots, mango, and orange combine with a brilliant floral scent and exotic spices like cinnamon and cardamom. The whole is enveloped in an earthy and stony depth that hints at its incredible development potential. <\/p>\n<h5>Palate<\/h5>\n<p> On the palate, it appears taut and demanding. The sweet fruit is accompanied by a beautifully stimulating acidity and distinct salty notes. Carried by the spicy note on the nose and a piquant tannin structure, we are dealing with a wonderful long-distance runner that could improve even further with a little ageing. Be sure to decant at this point.<\/p>\n<p>Copyright Vinaturel 2025<\/p>\n<p>Keywords: <a href=\"https:\/\/wein-werte.com\/shop\/?swoof=1&#038;pa_producer=Fritsch\">Fritsch<\/a> <a href=\"https:\/\/wein-werte.com\/shop\/?swoof=1&#038;woof_text=Gr\u00fcner Veltliner Schlossberg 1.\u00d6TW\">Gr\u00fcner Veltliner Schlossberg 1.\u00d6TW<\/a> 2020 bio <a href=\"https:\/\/wein-werte.com\/shop\/?swoof=1&#038;pa_region=Wagram\">Wagram<\/a> <a href=\"https:\/\/wein-werte.com\/shop\/?swoof=1&#038;pa_country=Austria\">Austria<\/a><\/p>\n<h3>Wine Advocate<\/h3>\n<p>Score: 93<\/p>\n<p>The Oberstockstall 2020 Ried Schlossberg 1\u00d6TW Gr\u00fcner Veltliner offers a clear, deep, refined and very elegant, precise and stony nose with ripe but fine fruit aromas and delicate spiciness. Lush and highly elegant on the palate, this is a rich yet perfectly balanced and also gentle and vivacious Veltliner with an intense, finely tensioned and stimulatingly salty finish. Excellent\u2014and made for the long distance. Tasted in Grafenegg, September 2021.<br \/>Stephan Reinhardt<\/p>\n<p>Producer website: <a href=\"https:\/\/www.fritsch.cc\/?lang=en\" target=\"_blank\">https:\/\/www.fritsch.cc\/?lang=en<\/a><\/p>\n","protected":false},"excerpt":{"rendered":"<p>Delivery time: 1 to 2 working days (DE), 2 to 5 working days (EU and CH)<\/p>\n","protected":false},"featured_media":1137935,"template":"","meta":[],"product_brand":[],"product_cat":[19],"product_tag":[],"class_list":{"0":"post-1122792","1":"product","2":"type-product","3":"status-publish","4":"has-post-thumbnail","6":"product_cat-unkategorisiert","7":"pa_alcohol-for-filter-12-5","8":"pa_certified-biodynamic-yes","9":"pa_certified-organic-yes","10":"pa_colour-white","11":"pa_country-austria","12":"pa_grape-gruner-veltliner","13":"pa_parker-points-for-filter-16142","14":"pa_price-for-filter-10597","15":"pa_producer-fritsch","16":"pa_region-wagram","17":"pa_size-ml-6657","18":"pa_sweetness-dry","19":"pa_type-2-still","20":"pa_vintage-6599","21":"entry","22":"has-media","24":"first","25":"instock","26":"taxable","27":"shipping-taxable","28":"purchasable","29":"product-type-simple"},"yoast_head":"<!-- This site is optimized with the Yoast SEO plugin v27.5 - https:\/\/yoast.com\/product\/yoast-seo-wordpress\/ -->\n<title>Fritsch Gruner Veltliner Schlossberg 2020, 1500ml<\/title>\n<meta name=\"description\" content=\"Buy Fritsch Gr\u00fcner Veltliner Schlossberg 2020 - a dry Gr\u00fcner Veltliner from Wagram, Austria - at Wein Werte, your sustainable online shop.\" \/>\n<meta name=\"robots\" content=\"index, follow, max-snippet:-1, max-image-preview:large, max-video-preview:-1\" \/>\n<link rel=\"canonical\" href=\"https:\/\/wein-werte.com\/en\/product\/fritsch-gruner-veltliner-schlossberg-2020-1500ml\/\" \/>\n<meta property=\"og:locale\" content=\"en_US\" \/>\n<meta property=\"og:type\" content=\"article\" \/>\n<meta property=\"og:title\" content=\"Fritsch Gruner Veltliner Schlossberg 2020, 1500ml\" \/>\n<meta property=\"og:description\" content=\"Buy Fritsch Gr\u00fcner Veltliner Schlossberg 2020 - a dry Gr\u00fcner Veltliner from Wagram, Austria - at Wein Werte, your sustainable online shop.\" \/>\n<meta property=\"og:url\" content=\"https:\/\/wein-werte.com\/en\/product\/fritsch-gruner-veltliner-schlossberg-2020-1500ml\/\" \/>\n<meta property=\"og:site_name\" content=\"Wein Werte\" \/>\n<meta property=\"og:image\" content=\"https:\/\/wein-werte.com\/wp-content\/uploads\/2026\/04\/Fritsch-Gruner-Veltliner-Schlossberg-2020-1500ml.png\" \/>\n\t<meta property=\"og:image:width\" content=\"275\" \/>\n\t<meta property=\"og:image:height\" content=\"1200\" \/>\n\t<meta property=\"og:image:type\" content=\"image\/png\" \/>\n<meta name=\"twitter:card\" content=\"summary_large_image\" \/>\n<meta name=\"twitter:label1\" content=\"Est. reading time\" \/>\n\t<meta name=\"twitter:data1\" content=\"1 minute\" \/>\n<script type=\"application\/ld+json\" class=\"yoast-schema-graph\">{\"@context\":\"https:\\\/\\\/schema.org\",\"@graph\":[{\"@type\":\"WebPage\",\"@id\":\"https:\\\/\\\/wein-werte.com\\\/en\\\/product\\\/fritsch-gruner-veltliner-schlossberg-2020-1500ml\\\/\",\"url\":\"https:\\\/\\\/wein-werte.com\\\/en\\\/product\\\/fritsch-gruner-veltliner-schlossberg-2020-1500ml\\\/\",\"name\":\"Fritsch Gruner Veltliner Schlossberg 2020, 1500ml\",\"isPartOf\":{\"@id\":\"https:\\\/\\\/wein-werte.com\\\/de\\\/#website\"},\"primaryImageOfPage\":{\"@id\":\"https:\\\/\\\/wein-werte.com\\\/en\\\/product\\\/fritsch-gruner-veltliner-schlossberg-2020-1500ml\\\/#primaryimage\"},\"image\":{\"@id\":\"https:\\\/\\\/wein-werte.com\\\/en\\\/product\\\/fritsch-gruner-veltliner-schlossberg-2020-1500ml\\\/#primaryimage\"},\"thumbnailUrl\":\"https:\\\/\\\/wein-werte.com\\\/wp-content\\\/uploads\\\/2026\\\/04\\\/Fritsch-Gruner-Veltliner-Schlossberg-2020-1500ml.png\",\"datePublished\":\"2026-05-05T16:17:27+00:00\",\"description\":\"Buy Fritsch Gr\u00fcner Veltliner Schlossberg 2020 - a dry Gr\u00fcner Veltliner from Wagram, Austria - at Wein Werte, your sustainable online shop.\",\"breadcrumb\":{\"@id\":\"https:\\\/\\\/wein-werte.com\\\/en\\\/product\\\/fritsch-gruner-veltliner-schlossberg-2020-1500ml\\\/#breadcrumb\"},\"inLanguage\":\"en-US\",\"potentialAction\":[{\"@type\":\"ReadAction\",\"target\":[\"https:\\\/\\\/wein-werte.com\\\/en\\\/product\\\/fritsch-gruner-veltliner-schlossberg-2020-1500ml\\\/\"]}]},{\"@type\":\"ImageObject\",\"inLanguage\":\"en-US\",\"@id\":\"https:\\\/\\\/wein-werte.com\\\/en\\\/product\\\/fritsch-gruner-veltliner-schlossberg-2020-1500ml\\\/#primaryimage\",\"url\":\"https:\\\/\\\/wein-werte.com\\\/wp-content\\\/uploads\\\/2026\\\/04\\\/Fritsch-Gruner-Veltliner-Schlossberg-2020-1500ml.png\",\"contentUrl\":\"https:\\\/\\\/wein-werte.com\\\/wp-content\\\/uploads\\\/2026\\\/04\\\/Fritsch-Gruner-Veltliner-Schlossberg-2020-1500ml.png\",\"width\":275,\"height\":1200,\"caption\":\"Fritsch Gr\u00fcner Veltliner Schlossberg 1.\u00d6TW 2020 1500ml\"},{\"@type\":\"BreadcrumbList\",\"@id\":\"https:\\\/\\\/wein-werte.com\\\/en\\\/product\\\/fritsch-gruner-veltliner-schlossberg-2020-1500ml\\\/#breadcrumb\",\"itemListElement\":[{\"@type\":\"ListItem\",\"position\":1,\"name\":\"Home\",\"item\":\"https:\\\/\\\/wein-werte.com\\\/en\\\/\"},{\"@type\":\"ListItem\",\"position\":2,\"name\":\"Shop Page\",\"item\":\"https:\\\/\\\/wein-werte.com\\\/en\\\/shop\\\/\"},{\"@type\":\"ListItem\",\"position\":3,\"name\":\"Fritsch | Wagram | Gr\u00fcner Veltliner Schlossberg 1.\u00d6TW | 2020 | 1500ml | bio\"}]},{\"@type\":\"WebSite\",\"@id\":\"https:\\\/\\\/wein-werte.com\\\/de\\\/#website\",\"url\":\"https:\\\/\\\/wein-werte.com\\\/de\\\/\",\"name\":\"Wein Werte\",\"description\":\"\",\"publisher\":{\"@id\":\"https:\\\/\\\/wein-werte.com\\\/de\\\/#organization\"},\"potentialAction\":[{\"@type\":\"SearchAction\",\"target\":{\"@type\":\"EntryPoint\",\"urlTemplate\":\"https:\\\/\\\/wein-werte.com\\\/de\\\/?s={search_term_string}\"},\"query-input\":{\"@type\":\"PropertyValueSpecification\",\"valueRequired\":true,\"valueName\":\"search_term_string\"}}],\"inLanguage\":\"en-US\"},{\"@type\":\"Organization\",\"@id\":\"https:\\\/\\\/wein-werte.com\\\/de\\\/#organization\",\"name\":\"Vins Fins Thorrold\",\"url\":\"https:\\\/\\\/wein-werte.com\\\/de\\\/\",\"logo\":{\"@type\":\"ImageObject\",\"inLanguage\":\"en-US\",\"@id\":\"https:\\\/\\\/wein-werte.com\\\/de\\\/#\\\/schema\\\/logo\\\/image\\\/\",\"url\":\"https:\\\/\\\/wein-werte.com\\\/wp-content\\\/uploads\\\/2023\\\/07\\\/Wein_werte_Logo700-1.png\",\"contentUrl\":\"https:\\\/\\\/wein-werte.com\\\/wp-content\\\/uploads\\\/2023\\\/07\\\/Wein_werte_Logo700-1.png\",\"width\":700,\"height\":272,\"caption\":\"Vins Fins Thorrold\"},\"image\":{\"@id\":\"https:\\\/\\\/wein-werte.com\\\/de\\\/#\\\/schema\\\/logo\\\/image\\\/\"}}]}<\/script>\n<!-- \/ Yoast SEO plugin. -->","yoast_head_json":{"title":"Fritsch Gruner Veltliner Schlossberg 2020, 1500ml","description":"Buy Fritsch Gr\u00fcner Veltliner Schlossberg 2020 - a dry Gr\u00fcner Veltliner from Wagram, Austria - at Wein Werte, your sustainable online shop.","robots":{"index":"index","follow":"follow","max-snippet":"max-snippet:-1","max-image-preview":"max-image-preview:large","max-video-preview":"max-video-preview:-1"},"canonical":"https:\/\/wein-werte.com\/en\/product\/fritsch-gruner-veltliner-schlossberg-2020-1500ml\/","og_locale":"en_US","og_type":"article","og_title":"Fritsch Gruner Veltliner Schlossberg 2020, 1500ml","og_description":"Buy Fritsch Gr\u00fcner Veltliner Schlossberg 2020 - a dry Gr\u00fcner Veltliner from Wagram, Austria - at Wein Werte, your sustainable online shop.","og_url":"https:\/\/wein-werte.com\/en\/product\/fritsch-gruner-veltliner-schlossberg-2020-1500ml\/","og_site_name":"Wein Werte","og_image":[{"width":275,"height":1200,"url":"https:\/\/wein-werte.com\/wp-content\/uploads\/2026\/04\/Fritsch-Gruner-Veltliner-Schlossberg-2020-1500ml.png","type":"image\/png"}],"twitter_card":"summary_large_image","twitter_misc":{"Est. reading time":"1 minute"},"schema":{"@context":"https:\/\/schema.org","@graph":[{"@type":"WebPage","@id":"https:\/\/wein-werte.com\/en\/product\/fritsch-gruner-veltliner-schlossberg-2020-1500ml\/","url":"https:\/\/wein-werte.com\/en\/product\/fritsch-gruner-veltliner-schlossberg-2020-1500ml\/","name":"Fritsch Gruner Veltliner Schlossberg 2020, 1500ml","isPartOf":{"@id":"https:\/\/wein-werte.com\/de\/#website"},"primaryImageOfPage":{"@id":"https:\/\/wein-werte.com\/en\/product\/fritsch-gruner-veltliner-schlossberg-2020-1500ml\/#primaryimage"},"image":{"@id":"https:\/\/wein-werte.com\/en\/product\/fritsch-gruner-veltliner-schlossberg-2020-1500ml\/#primaryimage"},"thumbnailUrl":"https:\/\/wein-werte.com\/wp-content\/uploads\/2026\/04\/Fritsch-Gruner-Veltliner-Schlossberg-2020-1500ml.png","datePublished":"2026-05-05T16:17:27+00:00","description":"Buy Fritsch Gr\u00fcner Veltliner Schlossberg 2020 - a dry Gr\u00fcner Veltliner from Wagram, Austria - at Wein Werte, your sustainable online shop.","breadcrumb":{"@id":"https:\/\/wein-werte.com\/en\/product\/fritsch-gruner-veltliner-schlossberg-2020-1500ml\/#breadcrumb"},"inLanguage":"en-US","potentialAction":[{"@type":"ReadAction","target":["https:\/\/wein-werte.com\/en\/product\/fritsch-gruner-veltliner-schlossberg-2020-1500ml\/"]}]},{"@type":"ImageObject","inLanguage":"en-US","@id":"https:\/\/wein-werte.com\/en\/product\/fritsch-gruner-veltliner-schlossberg-2020-1500ml\/#primaryimage","url":"https:\/\/wein-werte.com\/wp-content\/uploads\/2026\/04\/Fritsch-Gruner-Veltliner-Schlossberg-2020-1500ml.png","contentUrl":"https:\/\/wein-werte.com\/wp-content\/uploads\/2026\/04\/Fritsch-Gruner-Veltliner-Schlossberg-2020-1500ml.png","width":275,"height":1200,"caption":"Fritsch Gr\u00fcner Veltliner Schlossberg 1.\u00d6TW 2020 1500ml"},{"@type":"BreadcrumbList","@id":"https:\/\/wein-werte.com\/en\/product\/fritsch-gruner-veltliner-schlossberg-2020-1500ml\/#breadcrumb","itemListElement":[{"@type":"ListItem","position":1,"name":"Home","item":"https:\/\/wein-werte.com\/en\/"},{"@type":"ListItem","position":2,"name":"Shop Page","item":"https:\/\/wein-werte.com\/en\/shop\/"},{"@type":"ListItem","position":3,"name":"Fritsch | Wagram | Gr\u00fcner Veltliner Schlossberg 1.\u00d6TW | 2020 | 1500ml | bio"}]},{"@type":"WebSite","@id":"https:\/\/wein-werte.com\/de\/#website","url":"https:\/\/wein-werte.com\/de\/","name":"Wein Werte","description":"","publisher":{"@id":"https:\/\/wein-werte.com\/de\/#organization"},"potentialAction":[{"@type":"SearchAction","target":{"@type":"EntryPoint","urlTemplate":"https:\/\/wein-werte.com\/de\/?s={search_term_string}"},"query-input":{"@type":"PropertyValueSpecification","valueRequired":true,"valueName":"search_term_string"}}],"inLanguage":"en-US"},{"@type":"Organization","@id":"https:\/\/wein-werte.com\/de\/#organization","name":"Vins Fins Thorrold","url":"https:\/\/wein-werte.com\/de\/","logo":{"@type":"ImageObject","inLanguage":"en-US","@id":"https:\/\/wein-werte.com\/de\/#\/schema\/logo\/image\/","url":"https:\/\/wein-werte.com\/wp-content\/uploads\/2023\/07\/Wein_werte_Logo700-1.png","contentUrl":"https:\/\/wein-werte.com\/wp-content\/uploads\/2023\/07\/Wein_werte_Logo700-1.png","width":700,"height":272,"caption":"Vins Fins Thorrold"},"image":{"@id":"https:\/\/wein-werte.com\/de\/#\/schema\/logo\/image\/"}}]}},"_links":{"self":[{"href":"https:\/\/wein-werte.com\/en\/wp-json\/wp\/v2\/product\/1122792","targetHints":{"allow":["GET"]}}],"collection":[{"href":"https:\/\/wein-werte.com\/en\/wp-json\/wp\/v2\/product"}],"about":[{"href":"https:\/\/wein-werte.com\/en\/wp-json\/wp\/v2\/types\/product"}],"wp:featuredmedia":[{"embeddable":true,"href":"https:\/\/wein-werte.com\/en\/wp-json\/wp\/v2\/media\/1137935"}],"wp:attachment":[{"href":"https:\/\/wein-werte.com\/en\/wp-json\/wp\/v2\/media?parent=1122792"}],"wp:term":[{"taxonomy":"product_brand","embeddable":true,"href":"https:\/\/wein-werte.com\/en\/wp-json\/wp\/v2\/product_brand?post=1122792"},{"taxonomy":"product_cat","embeddable":true,"href":"https:\/\/wein-werte.com\/en\/wp-json\/wp\/v2\/product_cat?post=1122792"},{"taxonomy":"product_tag","embeddable":true,"href":"https:\/\/wein-werte.com\/en\/wp-json\/wp\/v2\/product_tag?post=1122792"}],"curies":[{"name":"wp","href":"https:\/\/api.w.org\/{rel}","templated":true}]}}