{"id":1112849,"date":"2026-05-08T19:52:43","date_gmt":"2026-05-08T17:52:43","guid":{"rendered":"https:\/\/wein-werte.com\/product\/hajszan-neumann-gruner-veltliner-ried-steinberg-2022-750ml-2\/"},"modified":"2026-05-08T19:52:43","modified_gmt":"2026-05-08T17:52:43","slug":"hajszan-neumann-gruner-veltliner-ried-steinberg-2022-750ml","status":"publish","type":"product","link":"https:\/\/wein-werte.com\/en\/product\/hajszan-neumann-gruner-veltliner-ried-steinberg-2022-750ml\/","title":{"rendered":"Hajszan Neumann | Vienna | Gr\u00fcner Veltliner Ried Steinberg 1.\u00d6TW | 2022 | 750ml | bio"},"content":{"rendered":"<p>Product description for Hajszan Neumann Gr\u00fcner Veltliner Ried Steinberg 1.\u00d6TW 2022 (bio)<\/p>\n<h5> Info<\/h5>\n<p>The winter dragged on for a long time in 2022. However, spring began promptly and immediately with summery warmth. Bud break is therefore later, but all the faster than usual. Flowering was already reached in mid-June and was accompanied by great weather. A sunny and dry summer followed, taking its toll as early as the end of July. Numerous drought damages were detected in the young vineyards. August then brought the longed-for cooler temperatures at night and good rainfall. With stable acidity levels, the fruit was still able to develop. A mixed, rainy September presented many challenges during the harvest. The vines in the Steinberg vineyard are located in Grinzing, an extension of the Vienna Nussberg. Weathered limestone with a high lime content and medium clay content form this basis. The harvest is followed by a six-hour maceration period before gentle pressing. The pre-clarified must is then spontaneously fermented in stainless steel with natural yeasts. After fermentation, the wine matures on the fine lees. <\/p>\n<h5>Colour<\/h5>\n<p> Sparkling lemon yellow with green reflections <\/p>\n<h5>Nose<\/h5>\n<p> The Gr\u00fcner Veltliner from the Steinberg vineyard is characterized by a very subtle, profound character. I immediately notice kaffir lime leaves and bergamot zest. Meyer lemon and green tea provide it with deep, tart, and honest elements. The fruit is extremely subtly represented. Honeydew melon and nashi pear also stand out. Rather, coriander, lemongrass, mint, and lemon balm are fully evident. Fresh seeds and cress. There are hints of cold smoke and a fine earthy component. <\/p>\n<h5>Palate<\/h5>\n<p> The first sip immediately underlines its superior quality. It appears incredibly bright and chalky. This austere sensation lingers for a long time. Don&#8217;t worry, a little melt and punch will gradually develop on the palate. The acidity, while moderate, still packs a punch. Its fruit is unpretentious and mature. It strikes a balance between the herbal spice, which comes across with plenty of momentum, and subtle, spicy accents. White pepper, coriander seed, fennel pollen, and allspice lead the way. These aromas linger for minutes on the finish. They&#8217;re absolutely harmonious. The chalky note also comes through again at the end.<\/p>\n<p>Copyright Vinaturel 2025<\/p>\n<p>Keywords: <a href=\"https:\/\/wein-werte.com\/shop\/?swoof=1&#038;pa_producer=Hajszan-Neumann\">Hajszan Neumann<\/a> <a href=\"https:\/\/wein-werte.com\/shop\/?swoof=1&#038;woof_text=Gr\u00fcner Veltliner Ried Steinberg 1.\u00d6TW\">Gr\u00fcner Veltliner Ried Steinberg 1.\u00d6TW<\/a> 2022 bio <a href=\"https:\/\/wein-werte.com\/shop\/?swoof=1&#038;pa_region=Vienna\">Vienna<\/a> <a href=\"https:\/\/wein-werte.com\/shop\/?swoof=1&#038;pa_country=Austria\">Austria<\/a><\/p>\n<h3>Vinous<\/h3>\n<p>Score: 93<\/p>\n<p>The 2022 Gr\u00fcner Veltliner Ried Steinberg is from a slightly steeper, fully south-facing site on limestone and sandstone. Made in stainless steel, it stayed on fine lees for 10-12 months. A pure, serene note of juicy green and yellow apple on the nose attains riper aspects of russet pear. The palate has a roundness and is held by a structure that reminds of just barely cooled, still soft wax. The rounded wine is rich and smooth but is alive with this ripe yet bright and juicy apple freshness and lovely length. (Bone-dry)<br \/>\n &#8212; Anne Krebiehl MW<br \/>Drinking window: 2025 &#8211; 2045<br \/>Review date: Feb 2024<\/p>\n<p>Producer website: <a href=\"https:\/\/www.hajszanneumann.com\/?lang=en\" target=\"_blank\">https:\/\/www.hajszanneumann.com\/?lang=en<\/a><\/p>\n","protected":false},"excerpt":{"rendered":"<p>Delivery time: 1 to 2 working days (DE), 2 to 5 working days (EU and CH)<\/p>\n","protected":false},"featured_media":1137761,"template":"","meta":[],"product_brand":[],"product_cat":[19],"product_tag":[],"class_list":{"0":"post-1112849","1":"product","2":"type-product","3":"status-publish","4":"has-post-thumbnail","6":"product_cat-unkategorisiert","7":"pa_alcohol-for-filter-12897","8":"pa_certified-biodynamic-yes","9":"pa_certified-organic-yes","10":"pa_colour-white","11":"pa_country-austria","12":"pa_grape-gruner-veltliner","13":"pa_price-for-filter-10597","14":"pa_producer-hajszan-neumann","15":"pa_region-vienna","16":"pa_size-ml-6584","17":"pa_sweetness-dry","18":"pa_type-2-still","19":"pa_vinous-points-for-filter-16140","20":"pa_vintage-9698","21":"entry","22":"has-media","24":"first","25":"instock","26":"taxable","27":"shipping-taxable","28":"purchasable","29":"product-type-simple"},"yoast_head":"<!-- This site is optimized with the Yoast SEO plugin v27.5 - https:\/\/yoast.com\/product\/yoast-seo-wordpress\/ -->\n<title>Hajszan Neumann Gruner Veltliner Ried Steinberg 2022<\/title>\n<meta name=\"description\" content=\"Buy Hajszan Neumann Gr\u00fcner Veltliner Ried Steinberg 2022 - a dry Gr\u00fcner Veltliner from Vienna, Austria - at Wein Werte, your sustainable online shop.\" \/>\n<meta name=\"robots\" content=\"index, follow, max-snippet:-1, max-image-preview:large, max-video-preview:-1\" \/>\n<link rel=\"canonical\" href=\"https:\/\/wein-werte.com\/en\/product\/hajszan-neumann-gruner-veltliner-ried-steinberg-2022-750ml\/\" \/>\n<meta property=\"og:locale\" content=\"en_US\" \/>\n<meta property=\"og:type\" content=\"article\" \/>\n<meta property=\"og:title\" content=\"Hajszan Neumann Gruner Veltliner Ried Steinberg 2022\" \/>\n<meta property=\"og:description\" content=\"Buy Hajszan Neumann Gr\u00fcner Veltliner Ried Steinberg 2022 - a dry Gr\u00fcner Veltliner from Vienna, Austria - at Wein Werte, your sustainable online shop.\" \/>\n<meta property=\"og:url\" content=\"https:\/\/wein-werte.com\/en\/product\/hajszan-neumann-gruner-veltliner-ried-steinberg-2022-750ml\/\" \/>\n<meta property=\"og:site_name\" content=\"Wein Werte\" \/>\n<meta property=\"og:image\" content=\"https:\/\/wein-werte.com\/wp-content\/uploads\/2026\/04\/Hajszan-Neumann-Gruner-Veltliner-Ried-Steinberg-2022-750ml.png\" \/>\n\t<meta property=\"og:image:width\" content=\"263\" \/>\n\t<meta property=\"og:image:height\" content=\"1200\" \/>\n\t<meta property=\"og:image:type\" content=\"image\/png\" \/>\n<meta name=\"twitter:card\" content=\"summary_large_image\" \/>\n<meta name=\"twitter:label1\" content=\"Est. reading time\" \/>\n\t<meta name=\"twitter:data1\" content=\"2 minutes\" \/>\n<script type=\"application\/ld+json\" class=\"yoast-schema-graph\">{\"@context\":\"https:\\\/\\\/schema.org\",\"@graph\":[{\"@type\":\"WebPage\",\"@id\":\"https:\\\/\\\/wein-werte.com\\\/en\\\/product\\\/hajszan-neumann-gruner-veltliner-ried-steinberg-2022-750ml\\\/\",\"url\":\"https:\\\/\\\/wein-werte.com\\\/en\\\/product\\\/hajszan-neumann-gruner-veltliner-ried-steinberg-2022-750ml\\\/\",\"name\":\"Hajszan Neumann Gruner Veltliner Ried Steinberg 2022\",\"isPartOf\":{\"@id\":\"https:\\\/\\\/wein-werte.com\\\/de\\\/#website\"},\"primaryImageOfPage\":{\"@id\":\"https:\\\/\\\/wein-werte.com\\\/en\\\/product\\\/hajszan-neumann-gruner-veltliner-ried-steinberg-2022-750ml\\\/#primaryimage\"},\"image\":{\"@id\":\"https:\\\/\\\/wein-werte.com\\\/en\\\/product\\\/hajszan-neumann-gruner-veltliner-ried-steinberg-2022-750ml\\\/#primaryimage\"},\"thumbnailUrl\":\"https:\\\/\\\/wein-werte.com\\\/wp-content\\\/uploads\\\/2026\\\/04\\\/Hajszan-Neumann-Gruner-Veltliner-Ried-Steinberg-2022-750ml.png\",\"datePublished\":\"2026-05-08T17:52:43+00:00\",\"description\":\"Buy Hajszan Neumann Gr\u00fcner Veltliner Ried Steinberg 2022 - a dry Gr\u00fcner Veltliner from Vienna, Austria - at Wein Werte, your sustainable online shop.\",\"breadcrumb\":{\"@id\":\"https:\\\/\\\/wein-werte.com\\\/en\\\/product\\\/hajszan-neumann-gruner-veltliner-ried-steinberg-2022-750ml\\\/#breadcrumb\"},\"inLanguage\":\"en-US\",\"potentialAction\":[{\"@type\":\"ReadAction\",\"target\":[\"https:\\\/\\\/wein-werte.com\\\/en\\\/product\\\/hajszan-neumann-gruner-veltliner-ried-steinberg-2022-750ml\\\/\"]}]},{\"@type\":\"ImageObject\",\"inLanguage\":\"en-US\",\"@id\":\"https:\\\/\\\/wein-werte.com\\\/en\\\/product\\\/hajszan-neumann-gruner-veltliner-ried-steinberg-2022-750ml\\\/#primaryimage\",\"url\":\"https:\\\/\\\/wein-werte.com\\\/wp-content\\\/uploads\\\/2026\\\/04\\\/Hajszan-Neumann-Gruner-Veltliner-Ried-Steinberg-2022-750ml.png\",\"contentUrl\":\"https:\\\/\\\/wein-werte.com\\\/wp-content\\\/uploads\\\/2026\\\/04\\\/Hajszan-Neumann-Gruner-Veltliner-Ried-Steinberg-2022-750ml.png\",\"width\":263,\"height\":1200,\"caption\":\"Hajszan Neumann Gr\u00fcner Veltliner Ried Steinberg 1.\u00d6TW 2022 750ml\"},{\"@type\":\"BreadcrumbList\",\"@id\":\"https:\\\/\\\/wein-werte.com\\\/en\\\/product\\\/hajszan-neumann-gruner-veltliner-ried-steinberg-2022-750ml\\\/#breadcrumb\",\"itemListElement\":[{\"@type\":\"ListItem\",\"position\":1,\"name\":\"Home\",\"item\":\"https:\\\/\\\/wein-werte.com\\\/en\\\/\"},{\"@type\":\"ListItem\",\"position\":2,\"name\":\"Shop Page\",\"item\":\"https:\\\/\\\/wein-werte.com\\\/en\\\/shop\\\/\"},{\"@type\":\"ListItem\",\"position\":3,\"name\":\"Hajszan Neumann | Vienna | Gr\u00fcner Veltliner Ried Steinberg 1.\u00d6TW | 2022 | 750ml | bio\"}]},{\"@type\":\"WebSite\",\"@id\":\"https:\\\/\\\/wein-werte.com\\\/de\\\/#website\",\"url\":\"https:\\\/\\\/wein-werte.com\\\/de\\\/\",\"name\":\"Wein Werte\",\"description\":\"\",\"publisher\":{\"@id\":\"https:\\\/\\\/wein-werte.com\\\/de\\\/#organization\"},\"potentialAction\":[{\"@type\":\"SearchAction\",\"target\":{\"@type\":\"EntryPoint\",\"urlTemplate\":\"https:\\\/\\\/wein-werte.com\\\/de\\\/?s={search_term_string}\"},\"query-input\":{\"@type\":\"PropertyValueSpecification\",\"valueRequired\":true,\"valueName\":\"search_term_string\"}}],\"inLanguage\":\"en-US\"},{\"@type\":\"Organization\",\"@id\":\"https:\\\/\\\/wein-werte.com\\\/de\\\/#organization\",\"name\":\"Vins Fins Thorrold\",\"url\":\"https:\\\/\\\/wein-werte.com\\\/de\\\/\",\"logo\":{\"@type\":\"ImageObject\",\"inLanguage\":\"en-US\",\"@id\":\"https:\\\/\\\/wein-werte.com\\\/de\\\/#\\\/schema\\\/logo\\\/image\\\/\",\"url\":\"https:\\\/\\\/wein-werte.com\\\/wp-content\\\/uploads\\\/2023\\\/07\\\/Wein_werte_Logo700-1.png\",\"contentUrl\":\"https:\\\/\\\/wein-werte.com\\\/wp-content\\\/uploads\\\/2023\\\/07\\\/Wein_werte_Logo700-1.png\",\"width\":700,\"height\":272,\"caption\":\"Vins Fins Thorrold\"},\"image\":{\"@id\":\"https:\\\/\\\/wein-werte.com\\\/de\\\/#\\\/schema\\\/logo\\\/image\\\/\"}}]}<\/script>\n<!-- \/ Yoast SEO plugin. -->","yoast_head_json":{"title":"Hajszan Neumann Gruner Veltliner Ried Steinberg 2022","description":"Buy Hajszan Neumann Gr\u00fcner Veltliner Ried Steinberg 2022 - a dry Gr\u00fcner Veltliner from Vienna, Austria - at Wein Werte, your sustainable online shop.","robots":{"index":"index","follow":"follow","max-snippet":"max-snippet:-1","max-image-preview":"max-image-preview:large","max-video-preview":"max-video-preview:-1"},"canonical":"https:\/\/wein-werte.com\/en\/product\/hajszan-neumann-gruner-veltliner-ried-steinberg-2022-750ml\/","og_locale":"en_US","og_type":"article","og_title":"Hajszan Neumann Gruner Veltliner Ried Steinberg 2022","og_description":"Buy Hajszan Neumann Gr\u00fcner Veltliner Ried Steinberg 2022 - a dry Gr\u00fcner Veltliner from Vienna, Austria - at Wein Werte, your sustainable online shop.","og_url":"https:\/\/wein-werte.com\/en\/product\/hajszan-neumann-gruner-veltliner-ried-steinberg-2022-750ml\/","og_site_name":"Wein Werte","og_image":[{"width":263,"height":1200,"url":"https:\/\/wein-werte.com\/wp-content\/uploads\/2026\/04\/Hajszan-Neumann-Gruner-Veltliner-Ried-Steinberg-2022-750ml.png","type":"image\/png"}],"twitter_card":"summary_large_image","twitter_misc":{"Est. reading time":"2 minutes"},"schema":{"@context":"https:\/\/schema.org","@graph":[{"@type":"WebPage","@id":"https:\/\/wein-werte.com\/en\/product\/hajszan-neumann-gruner-veltliner-ried-steinberg-2022-750ml\/","url":"https:\/\/wein-werte.com\/en\/product\/hajszan-neumann-gruner-veltliner-ried-steinberg-2022-750ml\/","name":"Hajszan Neumann Gruner Veltliner Ried Steinberg 2022","isPartOf":{"@id":"https:\/\/wein-werte.com\/de\/#website"},"primaryImageOfPage":{"@id":"https:\/\/wein-werte.com\/en\/product\/hajszan-neumann-gruner-veltliner-ried-steinberg-2022-750ml\/#primaryimage"},"image":{"@id":"https:\/\/wein-werte.com\/en\/product\/hajszan-neumann-gruner-veltliner-ried-steinberg-2022-750ml\/#primaryimage"},"thumbnailUrl":"https:\/\/wein-werte.com\/wp-content\/uploads\/2026\/04\/Hajszan-Neumann-Gruner-Veltliner-Ried-Steinberg-2022-750ml.png","datePublished":"2026-05-08T17:52:43+00:00","description":"Buy Hajszan Neumann Gr\u00fcner Veltliner Ried Steinberg 2022 - a dry Gr\u00fcner Veltliner from Vienna, Austria - at Wein Werte, your sustainable online shop.","breadcrumb":{"@id":"https:\/\/wein-werte.com\/en\/product\/hajszan-neumann-gruner-veltliner-ried-steinberg-2022-750ml\/#breadcrumb"},"inLanguage":"en-US","potentialAction":[{"@type":"ReadAction","target":["https:\/\/wein-werte.com\/en\/product\/hajszan-neumann-gruner-veltliner-ried-steinberg-2022-750ml\/"]}]},{"@type":"ImageObject","inLanguage":"en-US","@id":"https:\/\/wein-werte.com\/en\/product\/hajszan-neumann-gruner-veltliner-ried-steinberg-2022-750ml\/#primaryimage","url":"https:\/\/wein-werte.com\/wp-content\/uploads\/2026\/04\/Hajszan-Neumann-Gruner-Veltliner-Ried-Steinberg-2022-750ml.png","contentUrl":"https:\/\/wein-werte.com\/wp-content\/uploads\/2026\/04\/Hajszan-Neumann-Gruner-Veltliner-Ried-Steinberg-2022-750ml.png","width":263,"height":1200,"caption":"Hajszan Neumann Gr\u00fcner Veltliner Ried Steinberg 1.\u00d6TW 2022 750ml"},{"@type":"BreadcrumbList","@id":"https:\/\/wein-werte.com\/en\/product\/hajszan-neumann-gruner-veltliner-ried-steinberg-2022-750ml\/#breadcrumb","itemListElement":[{"@type":"ListItem","position":1,"name":"Home","item":"https:\/\/wein-werte.com\/en\/"},{"@type":"ListItem","position":2,"name":"Shop Page","item":"https:\/\/wein-werte.com\/en\/shop\/"},{"@type":"ListItem","position":3,"name":"Hajszan Neumann | Vienna | Gr\u00fcner Veltliner Ried Steinberg 1.\u00d6TW | 2022 | 750ml | bio"}]},{"@type":"WebSite","@id":"https:\/\/wein-werte.com\/de\/#website","url":"https:\/\/wein-werte.com\/de\/","name":"Wein Werte","description":"","publisher":{"@id":"https:\/\/wein-werte.com\/de\/#organization"},"potentialAction":[{"@type":"SearchAction","target":{"@type":"EntryPoint","urlTemplate":"https:\/\/wein-werte.com\/de\/?s={search_term_string}"},"query-input":{"@type":"PropertyValueSpecification","valueRequired":true,"valueName":"search_term_string"}}],"inLanguage":"en-US"},{"@type":"Organization","@id":"https:\/\/wein-werte.com\/de\/#organization","name":"Vins Fins Thorrold","url":"https:\/\/wein-werte.com\/de\/","logo":{"@type":"ImageObject","inLanguage":"en-US","@id":"https:\/\/wein-werte.com\/de\/#\/schema\/logo\/image\/","url":"https:\/\/wein-werte.com\/wp-content\/uploads\/2023\/07\/Wein_werte_Logo700-1.png","contentUrl":"https:\/\/wein-werte.com\/wp-content\/uploads\/2023\/07\/Wein_werte_Logo700-1.png","width":700,"height":272,"caption":"Vins Fins Thorrold"},"image":{"@id":"https:\/\/wein-werte.com\/de\/#\/schema\/logo\/image\/"}}]}},"_links":{"self":[{"href":"https:\/\/wein-werte.com\/en\/wp-json\/wp\/v2\/product\/1112849","targetHints":{"allow":["GET"]}}],"collection":[{"href":"https:\/\/wein-werte.com\/en\/wp-json\/wp\/v2\/product"}],"about":[{"href":"https:\/\/wein-werte.com\/en\/wp-json\/wp\/v2\/types\/product"}],"wp:featuredmedia":[{"embeddable":true,"href":"https:\/\/wein-werte.com\/en\/wp-json\/wp\/v2\/media\/1137761"}],"wp:attachment":[{"href":"https:\/\/wein-werte.com\/en\/wp-json\/wp\/v2\/media?parent=1112849"}],"wp:term":[{"taxonomy":"product_brand","embeddable":true,"href":"https:\/\/wein-werte.com\/en\/wp-json\/wp\/v2\/product_brand?post=1112849"},{"taxonomy":"product_cat","embeddable":true,"href":"https:\/\/wein-werte.com\/en\/wp-json\/wp\/v2\/product_cat?post=1112849"},{"taxonomy":"product_tag","embeddable":true,"href":"https:\/\/wein-werte.com\/en\/wp-json\/wp\/v2\/product_tag?post=1112849"}],"curies":[{"name":"wp","href":"https:\/\/api.w.org\/{rel}","templated":true}]}}