{"id":1112835,"date":"2026-05-17T12:27:45","date_gmt":"2026-05-17T10:27:45","guid":{"rendered":"https:\/\/wein-werte.com\/product\/clemens-krutzler-blaufrankisch-2022-750ml-2\/"},"modified":"2026-05-17T12:27:45","modified_gmt":"2026-05-17T10:27:45","slug":"clemens-krutzler-blaufrankisch-2022-750ml","status":"publish","type":"product","link":"https:\/\/wein-werte.com\/en\/product\/clemens-krutzler-blaufrankisch-2022-750ml\/","title":{"rendered":"Clemens Krutzler | Burgenland | Blaufr\u00e4nkisch | 2022 | 750ml"},"content":{"rendered":"<p>Product description for Clemens Krutzler Blaufr\u00e4nkisch 2022 <\/p>\n<h5>Wine Information<\/h5>\n<p> 100% Blaufr\u00e4nkisch from the Ratschen and Weinberg vineyards. After hand-picking and destemming (90%), the wine is left to ferment for seven days on the skins in open fermentation stands. After pressing, the wine is fully fermented in steel tanks. Aging for 11 months in a used 500-liter barrel. 1,300 bottles are available. <\/p>\n<h5>Colour<\/h5>\n<p> Purple, slightly transparent <\/p>\n<h5>Nose<\/h5>\n<p> This Blaufr\u00e4nkisch has aromas of red and dark berries with a hint of overlying acidity. There are also subtle notes of pepper, rock, and herbs. The aroma suggests a very young, very fresh, and cool, juicy wine. <\/p>\n<h5>Palate<\/h5>\n<p> The CK Blaufr\u00e4nkisch also appears fresh on the palate, with a very subtle residual carbon dioxide from the fermentation, and is also juicy. It&#8217;s a taut, crisp wine with plenty of berry juice, cherry, and sour cherry. It all seems light and drinkable, very clear and acidic with fine tannins, and also very lively and slightly salty. A beautiful wine!<\/p>\n<p>Copyright Vinaturel 2025<\/p>\n<p>Keywords: <a href=\"https:\/\/wein-werte.com\/shop\/?swoof=1&#038;pa_producer=Clemens-Krutzler\">Clemens Krutzler<\/a> <a href=\"https:\/\/wein-werte.com\/shop\/?swoof=1&#038;woof_text=Blaufr\u00e4nkisch\">Blaufr\u00e4nkisch<\/a> 2022  <a href=\"https:\/\/wein-werte.com\/shop\/?swoof=1&#038;pa_region=Burgenland\">Burgenland<\/a> <a href=\"https:\/\/wein-werte.com\/shop\/?swoof=1&#038;pa_country=Austria\">Austria<\/a><\/p>\n<p>Producer website: <a href=\"https:\/\/krutzler.at\/\" target=\"_blank\">https:\/\/krutzler.at\/<\/a><\/p>\n","protected":false},"excerpt":{"rendered":"<div style=\"font-size: 14px;\">\n<p>Delivery time: 1 to 2 working days (DE), 2 to 5 working days (EU and CH)<\/p>\n<p>Approximate energy content per 125ml glass: 95 kcal<\/p>\n<\/p><\/div>\n","protected":false},"featured_media":1137745,"template":"","meta":[],"product_brand":[],"product_cat":[19],"product_tag":[],"class_list":{"0":"post-1112835","1":"product","2":"type-product","3":"status-publish","4":"has-post-thumbnail","6":"product_cat-unkategorisiert","7":"pa_certified-biodynamic-no","8":"pa_certified-organic-no","9":"pa_colour-red","10":"pa_country-austria","11":"pa_grape-blaufrankisch-lemberger","12":"pa_price-for-filter-10582","13":"pa_producer-clemens-krutzler","14":"pa_region-burgenland","15":"pa_size-ml-6584","16":"pa_sweetness-dry","17":"pa_type-2-still","18":"pa_vintage-9698","19":"entry","20":"has-media","22":"first","23":"instock","24":"taxable","25":"shipping-taxable","26":"purchasable","27":"product-type-simple"},"yoast_head":"<!-- This site is optimized with the Yoast SEO plugin v27.6 - https:\/\/yoast.com\/product\/yoast-seo-wordpress\/ -->\n<title>Clemens Krutzler Blaufr\u00e4nkisch 2022 750ml<\/title>\n<meta name=\"description\" content=\"Buy Clemens Krutzler Blaufr\u00e4nkisch 2022 - a dry Blaufr\u00e4nkisch from Burgenland, Austria - at Wein Werte, your sustainable online shop.\" \/>\n<meta name=\"robots\" content=\"index, follow, max-snippet:-1, max-image-preview:large, max-video-preview:-1\" \/>\n<link rel=\"canonical\" href=\"https:\/\/wein-werte.com\/en\/product\/clemens-krutzler-blaufrankisch-2022-750ml\/\" \/>\n<meta property=\"og:locale\" content=\"en_US\" \/>\n<meta property=\"og:type\" content=\"article\" \/>\n<meta property=\"og:title\" content=\"Clemens Krutzler Blaufr\u00e4nkisch 2022 750ml\" \/>\n<meta property=\"og:description\" content=\"Buy Clemens Krutzler Blaufr\u00e4nkisch 2022 - a dry Blaufr\u00e4nkisch from Burgenland, Austria - at Wein Werte, your sustainable online shop.\" \/>\n<meta property=\"og:url\" content=\"https:\/\/wein-werte.com\/en\/product\/clemens-krutzler-blaufrankisch-2022-750ml\/\" \/>\n<meta property=\"og:site_name\" content=\"Wein Werte\" \/>\n<meta property=\"og:image\" content=\"https:\/\/wein-werte.com\/wp-content\/uploads\/2026\/04\/Clemens-Krutzler-Blaufrankisch-2022-750ml-2.png\" \/>\n\t<meta property=\"og:image:width\" content=\"329\" \/>\n\t<meta property=\"og:image:height\" content=\"1200\" \/>\n\t<meta property=\"og:image:type\" content=\"image\/png\" \/>\n<meta name=\"twitter:card\" content=\"summary_large_image\" \/>\n<meta name=\"twitter:label1\" content=\"Est. reading time\" \/>\n\t<meta name=\"twitter:data1\" content=\"1 minute\" \/>\n<script type=\"application\/ld+json\" class=\"yoast-schema-graph\">{\"@context\":\"https:\\\/\\\/schema.org\",\"@graph\":[{\"@type\":\"WebPage\",\"@id\":\"https:\\\/\\\/wein-werte.com\\\/en\\\/product\\\/clemens-krutzler-blaufrankisch-2022-750ml\\\/\",\"url\":\"https:\\\/\\\/wein-werte.com\\\/en\\\/product\\\/clemens-krutzler-blaufrankisch-2022-750ml\\\/\",\"name\":\"Clemens Krutzler Blaufr\u00e4nkisch 2022 750ml\",\"isPartOf\":{\"@id\":\"https:\\\/\\\/wein-werte.com\\\/de\\\/#website\"},\"primaryImageOfPage\":{\"@id\":\"https:\\\/\\\/wein-werte.com\\\/en\\\/product\\\/clemens-krutzler-blaufrankisch-2022-750ml\\\/#primaryimage\"},\"image\":{\"@id\":\"https:\\\/\\\/wein-werte.com\\\/en\\\/product\\\/clemens-krutzler-blaufrankisch-2022-750ml\\\/#primaryimage\"},\"thumbnailUrl\":\"https:\\\/\\\/wein-werte.com\\\/wp-content\\\/uploads\\\/2026\\\/04\\\/Clemens-Krutzler-Blaufrankisch-2022-750ml-2.png\",\"datePublished\":\"2026-05-17T10:27:45+00:00\",\"description\":\"Buy Clemens Krutzler Blaufr\u00e4nkisch 2022 - a dry Blaufr\u00e4nkisch from Burgenland, Austria - at Wein Werte, your sustainable online shop.\",\"breadcrumb\":{\"@id\":\"https:\\\/\\\/wein-werte.com\\\/en\\\/product\\\/clemens-krutzler-blaufrankisch-2022-750ml\\\/#breadcrumb\"},\"inLanguage\":\"en-US\",\"potentialAction\":[{\"@type\":\"ReadAction\",\"target\":[\"https:\\\/\\\/wein-werte.com\\\/en\\\/product\\\/clemens-krutzler-blaufrankisch-2022-750ml\\\/\"]}]},{\"@type\":\"ImageObject\",\"inLanguage\":\"en-US\",\"@id\":\"https:\\\/\\\/wein-werte.com\\\/en\\\/product\\\/clemens-krutzler-blaufrankisch-2022-750ml\\\/#primaryimage\",\"url\":\"https:\\\/\\\/wein-werte.com\\\/wp-content\\\/uploads\\\/2026\\\/04\\\/Clemens-Krutzler-Blaufrankisch-2022-750ml-2.png\",\"contentUrl\":\"https:\\\/\\\/wein-werte.com\\\/wp-content\\\/uploads\\\/2026\\\/04\\\/Clemens-Krutzler-Blaufrankisch-2022-750ml-2.png\",\"width\":329,\"height\":1200,\"caption\":\"Clemens Krutzler Blaufr\u00e4nkisch 2022 750ml\"},{\"@type\":\"BreadcrumbList\",\"@id\":\"https:\\\/\\\/wein-werte.com\\\/en\\\/product\\\/clemens-krutzler-blaufrankisch-2022-750ml\\\/#breadcrumb\",\"itemListElement\":[{\"@type\":\"ListItem\",\"position\":1,\"name\":\"Home\",\"item\":\"https:\\\/\\\/wein-werte.com\\\/en\\\/\"},{\"@type\":\"ListItem\",\"position\":2,\"name\":\"Shop Page\",\"item\":\"https:\\\/\\\/wein-werte.com\\\/en\\\/shop\\\/\"},{\"@type\":\"ListItem\",\"position\":3,\"name\":\"Clemens Krutzler | Burgenland | Blaufr\u00e4nkisch | 2022 | 750ml\"}]},{\"@type\":\"WebSite\",\"@id\":\"https:\\\/\\\/wein-werte.com\\\/de\\\/#website\",\"url\":\"https:\\\/\\\/wein-werte.com\\\/de\\\/\",\"name\":\"Wein Werte\",\"description\":\"\",\"publisher\":{\"@id\":\"https:\\\/\\\/wein-werte.com\\\/de\\\/#organization\"},\"potentialAction\":[{\"@type\":\"SearchAction\",\"target\":{\"@type\":\"EntryPoint\",\"urlTemplate\":\"https:\\\/\\\/wein-werte.com\\\/de\\\/?s={search_term_string}\"},\"query-input\":{\"@type\":\"PropertyValueSpecification\",\"valueRequired\":true,\"valueName\":\"search_term_string\"}}],\"inLanguage\":\"en-US\"},{\"@type\":\"Organization\",\"@id\":\"https:\\\/\\\/wein-werte.com\\\/de\\\/#organization\",\"name\":\"Vins Fins Thorrold\",\"url\":\"https:\\\/\\\/wein-werte.com\\\/de\\\/\",\"logo\":{\"@type\":\"ImageObject\",\"inLanguage\":\"en-US\",\"@id\":\"https:\\\/\\\/wein-werte.com\\\/de\\\/#\\\/schema\\\/logo\\\/image\\\/\",\"url\":\"https:\\\/\\\/wein-werte.com\\\/wp-content\\\/uploads\\\/2023\\\/07\\\/Wein_werte_Logo700-1.png\",\"contentUrl\":\"https:\\\/\\\/wein-werte.com\\\/wp-content\\\/uploads\\\/2023\\\/07\\\/Wein_werte_Logo700-1.png\",\"width\":700,\"height\":272,\"caption\":\"Vins Fins Thorrold\"},\"image\":{\"@id\":\"https:\\\/\\\/wein-werte.com\\\/de\\\/#\\\/schema\\\/logo\\\/image\\\/\"}}]}<\/script>\n<!-- \/ Yoast SEO plugin. -->","yoast_head_json":{"title":"Clemens Krutzler Blaufr\u00e4nkisch 2022 750ml","description":"Buy Clemens Krutzler Blaufr\u00e4nkisch 2022 - a dry Blaufr\u00e4nkisch from Burgenland, Austria - at Wein Werte, your sustainable online shop.","robots":{"index":"index","follow":"follow","max-snippet":"max-snippet:-1","max-image-preview":"max-image-preview:large","max-video-preview":"max-video-preview:-1"},"canonical":"https:\/\/wein-werte.com\/en\/product\/clemens-krutzler-blaufrankisch-2022-750ml\/","og_locale":"en_US","og_type":"article","og_title":"Clemens Krutzler Blaufr\u00e4nkisch 2022 750ml","og_description":"Buy Clemens Krutzler Blaufr\u00e4nkisch 2022 - a dry Blaufr\u00e4nkisch from Burgenland, Austria - at Wein Werte, your sustainable online shop.","og_url":"https:\/\/wein-werte.com\/en\/product\/clemens-krutzler-blaufrankisch-2022-750ml\/","og_site_name":"Wein Werte","og_image":[{"width":329,"height":1200,"url":"https:\/\/wein-werte.com\/wp-content\/uploads\/2026\/04\/Clemens-Krutzler-Blaufrankisch-2022-750ml-2.png","type":"image\/png"}],"twitter_card":"summary_large_image","twitter_misc":{"Est. reading time":"1 minute"},"schema":{"@context":"https:\/\/schema.org","@graph":[{"@type":"WebPage","@id":"https:\/\/wein-werte.com\/en\/product\/clemens-krutzler-blaufrankisch-2022-750ml\/","url":"https:\/\/wein-werte.com\/en\/product\/clemens-krutzler-blaufrankisch-2022-750ml\/","name":"Clemens Krutzler Blaufr\u00e4nkisch 2022 750ml","isPartOf":{"@id":"https:\/\/wein-werte.com\/de\/#website"},"primaryImageOfPage":{"@id":"https:\/\/wein-werte.com\/en\/product\/clemens-krutzler-blaufrankisch-2022-750ml\/#primaryimage"},"image":{"@id":"https:\/\/wein-werte.com\/en\/product\/clemens-krutzler-blaufrankisch-2022-750ml\/#primaryimage"},"thumbnailUrl":"https:\/\/wein-werte.com\/wp-content\/uploads\/2026\/04\/Clemens-Krutzler-Blaufrankisch-2022-750ml-2.png","datePublished":"2026-05-17T10:27:45+00:00","description":"Buy Clemens Krutzler Blaufr\u00e4nkisch 2022 - a dry Blaufr\u00e4nkisch from Burgenland, Austria - at Wein Werte, your sustainable online shop.","breadcrumb":{"@id":"https:\/\/wein-werte.com\/en\/product\/clemens-krutzler-blaufrankisch-2022-750ml\/#breadcrumb"},"inLanguage":"en-US","potentialAction":[{"@type":"ReadAction","target":["https:\/\/wein-werte.com\/en\/product\/clemens-krutzler-blaufrankisch-2022-750ml\/"]}]},{"@type":"ImageObject","inLanguage":"en-US","@id":"https:\/\/wein-werte.com\/en\/product\/clemens-krutzler-blaufrankisch-2022-750ml\/#primaryimage","url":"https:\/\/wein-werte.com\/wp-content\/uploads\/2026\/04\/Clemens-Krutzler-Blaufrankisch-2022-750ml-2.png","contentUrl":"https:\/\/wein-werte.com\/wp-content\/uploads\/2026\/04\/Clemens-Krutzler-Blaufrankisch-2022-750ml-2.png","width":329,"height":1200,"caption":"Clemens Krutzler Blaufr\u00e4nkisch 2022 750ml"},{"@type":"BreadcrumbList","@id":"https:\/\/wein-werte.com\/en\/product\/clemens-krutzler-blaufrankisch-2022-750ml\/#breadcrumb","itemListElement":[{"@type":"ListItem","position":1,"name":"Home","item":"https:\/\/wein-werte.com\/en\/"},{"@type":"ListItem","position":2,"name":"Shop Page","item":"https:\/\/wein-werte.com\/en\/shop\/"},{"@type":"ListItem","position":3,"name":"Clemens Krutzler | Burgenland | Blaufr\u00e4nkisch | 2022 | 750ml"}]},{"@type":"WebSite","@id":"https:\/\/wein-werte.com\/de\/#website","url":"https:\/\/wein-werte.com\/de\/","name":"Wein Werte","description":"","publisher":{"@id":"https:\/\/wein-werte.com\/de\/#organization"},"potentialAction":[{"@type":"SearchAction","target":{"@type":"EntryPoint","urlTemplate":"https:\/\/wein-werte.com\/de\/?s={search_term_string}"},"query-input":{"@type":"PropertyValueSpecification","valueRequired":true,"valueName":"search_term_string"}}],"inLanguage":"en-US"},{"@type":"Organization","@id":"https:\/\/wein-werte.com\/de\/#organization","name":"Vins Fins Thorrold","url":"https:\/\/wein-werte.com\/de\/","logo":{"@type":"ImageObject","inLanguage":"en-US","@id":"https:\/\/wein-werte.com\/de\/#\/schema\/logo\/image\/","url":"https:\/\/wein-werte.com\/wp-content\/uploads\/2023\/07\/Wein_werte_Logo700-1.png","contentUrl":"https:\/\/wein-werte.com\/wp-content\/uploads\/2023\/07\/Wein_werte_Logo700-1.png","width":700,"height":272,"caption":"Vins Fins Thorrold"},"image":{"@id":"https:\/\/wein-werte.com\/de\/#\/schema\/logo\/image\/"}}]}},"_links":{"self":[{"href":"https:\/\/wein-werte.com\/en\/wp-json\/wp\/v2\/product\/1112835","targetHints":{"allow":["GET"]}}],"collection":[{"href":"https:\/\/wein-werte.com\/en\/wp-json\/wp\/v2\/product"}],"about":[{"href":"https:\/\/wein-werte.com\/en\/wp-json\/wp\/v2\/types\/product"}],"wp:featuredmedia":[{"embeddable":true,"href":"https:\/\/wein-werte.com\/en\/wp-json\/wp\/v2\/media\/1137745"}],"wp:attachment":[{"href":"https:\/\/wein-werte.com\/en\/wp-json\/wp\/v2\/media?parent=1112835"}],"wp:term":[{"taxonomy":"product_brand","embeddable":true,"href":"https:\/\/wein-werte.com\/en\/wp-json\/wp\/v2\/product_brand?post=1112835"},{"taxonomy":"product_cat","embeddable":true,"href":"https:\/\/wein-werte.com\/en\/wp-json\/wp\/v2\/product_cat?post=1112835"},{"taxonomy":"product_tag","embeddable":true,"href":"https:\/\/wein-werte.com\/en\/wp-json\/wp\/v2\/product_tag?post=1112835"}],"curies":[{"name":"wp","href":"https:\/\/api.w.org\/{rel}","templated":true}]}}