{"id":1136748,"date":"2026-04-27T13:36:32","date_gmt":"2026-04-27T11:36:32","guid":{"rendered":"https:\/\/wein-werte.com\/product\/closerie-saint-roc-closerie-saint-roc-2019-750ml\/"},"modified":"2026-04-27T12:07:32","modified_gmt":"2026-04-27T10:07:32","slug":"closerie-saint-roc-closerie-saint-roc-2019-750ml","status":"publish","type":"product","link":"https:\/\/wein-werte.com\/de\/produkt\/closerie-saint-roc-closerie-saint-roc-2019-750ml\/","title":{"rendered":"Closerie Saint Roc | Bordeaux | Closerie Saint Roc | 2019 | 750ml | bio"},"content":{"rendered":"<p>Produktbeschreibung f\u00fcr Closerie Saint Roc Closerie Saint Roc 2019 (bio) <\/p>\n<h5>Informationen zum Wein<\/h5>\n<p> Der Wein stammt von den 16 Hektar Rebfl\u00e4chen des Weinguts. Der Weinberg ist gepr\u00e4gt von Lehm, Schluff und Sand auf asterischem Kalkgestein und liegt auf einer H\u00f6he von 80 bis 106 Metern. Genutzt wurden f\u00fcr diesen Wein 70 % Merlot, 20 % Cabernet Franc und 10 % Cabernet Sauvignon. Der Weinberg wird biodynamisch bewirtschaftet. Auch sind Agroforstwirtschaft und Permakultur integriert. Nach der Handlese erfolgte eine spontane G\u00e4rung, danach die Reifung in gebrauchten Eichenf\u00e4ssern \u00fcber 24 Monate hinweg. Der Wein wurde ohne Zugabe von Schwefel, ohne Filtration und Sch\u00f6nung gef\u00fcllt. <\/p>\n<h5>Farbe<\/h5>\n<p> dunkles Granatrot <\/p>\n<h5>Nase<\/h5>\n<p> Der 2019er Closerie Saint Roc ist ein im positiven Sinne moderner Bordeaux, der nicht auf Extrakt und \u00fcberm\u00e4\u00dfige Konzentration, sondern auf die Reinheit der Frucht setzt. Der Wein ist ein absoluter Charmeur mit Noten von S\u00fc\u00dfkirschen, Heidebeeren und Brombeeren, etwas Cassislik\u00f6r, Stein und einem Hauch von Mokka. <\/p>\n<h5>\u00a0<\/h5>\n<h5>Geschmack<\/h5>\n<p> Am Gaumen nimmt die Charmeoffensive ihren Lauf mit rondeur und einer puren, saftig reifen dunklen Frucht, einem pudrigen Tannin und einer sinnlich reifen S\u00e4ure sowie einem feinen k\u00fchl mineralischen Strang, der wie eine Sehne in diesem saftigen Merlot angelegt ist und f\u00fcr eine klare Struktur sorgt. Eine Flasche Bordeaux auf hohem Niveau, die ohne Probleme innerhalb k\u00fcrzester Zeit geleert ist. <\/p>\n<p>Copyright Vinaturel 2025<\/p>\n<p>Keywords: <a href=\"https:\/\/wein-werte.com\/de\/shop\/?swoof=1&#038;pa_producer=Closerie-Saint-Roc\">Closerie Saint Roc<\/a> <a href=\"https:\/\/wein-werte.com\/de\/shop\/?swoof=1&#038;woof_text=Closerie Saint Roc\">Closerie Saint Roc<\/a> 2019 bio <a href=\"https:\/\/wein-werte.com\/de\/shop\/?swoof=1&#038;pa_region=Bordeaux\">Bordeaux<\/a> <a href=\"https:\/\/wein-werte.com\/de\/shop\/?swoof=1&#038;pa_country=Frankreich\">Frankreich<\/a><\/p>\n<p>Internetseite des Weinguts: <a href=\"http:\/\/closeriesaintroc.com\/en\/home\/\" target=\"_blank\">http:\/\/closeriesaintroc.com\/en\/home\/<\/a><\/p>\n","protected":false},"excerpt":{"rendered":"<p>Lieferzeit: 1 bis 2 Arbeitstage (DE), 2 bis 5 Arbeitstage (EU and CH)<\/p>\n","protected":false},"featured_media":1146404,"template":"","meta":[],"product_brand":[],"product_cat":[19],"product_tag":[],"class_list":{"0":"post-1136748","1":"product","2":"type-product","3":"status-publish","4":"has-post-thumbnail","6":"product_cat-unkategorisiert","7":"pa_alcohol-for-filter-12897","8":"pa_certified-biodynamic-ja-de","9":"pa_certified-organic-ja-de","10":"pa_colour-rot","11":"pa_country-frankreich","12":"pa_grape-cabernet-franc-cuvee","13":"pa_price-for-filter-10626","14":"pa_producer-closerie-saint-roc","15":"pa_region-bordeaux","16":"pa_size-ml-6584","17":"pa_sweetness-trocken-de","18":"pa_type-2-still-de","19":"pa_vintage-2019-de","20":"entry","21":"has-media","23":"first","24":"instock","25":"taxable","26":"shipping-taxable","27":"purchasable","28":"product-type-simple"},"yoast_head":"<!-- This site is optimized with the Yoast SEO plugin v27.5 - https:\/\/yoast.com\/product\/yoast-seo-wordpress\/ -->\n<title>Closerie Saint Roc Closerie Saint Roc 2019<\/title>\n<meta name=\"description\" content=\"Kaufe Closerie Saint Roc Closerie Saint Roc 2019 (Cabernet Franc Cuv\u00e9e, trocken aus Bordeaux, Frankreich) bei Wein Werte, Ihrem nachhaltigen Onlineshop.\" \/>\n<meta name=\"robots\" content=\"index, follow, max-snippet:-1, max-image-preview:large, max-video-preview:-1\" \/>\n<link rel=\"canonical\" href=\"https:\/\/wein-werte.com\/de\/produkt\/closerie-saint-roc-closerie-saint-roc-2019-750ml\/\" \/>\n<meta property=\"og:locale\" content=\"de_DE\" \/>\n<meta property=\"og:type\" content=\"article\" \/>\n<meta property=\"og:title\" content=\"Closerie Saint Roc Closerie Saint Roc 2019\" \/>\n<meta property=\"og:description\" content=\"Kaufe Closerie Saint Roc Closerie Saint Roc 2019 (Cabernet Franc Cuv\u00e9e, trocken aus Bordeaux, Frankreich) bei Wein Werte, Ihrem nachhaltigen Onlineshop.\" \/>\n<meta property=\"og:url\" content=\"https:\/\/wein-werte.com\/de\/produkt\/closerie-saint-roc-closerie-saint-roc-2019-750ml\/\" \/>\n<meta property=\"og:site_name\" content=\"Wein Werte\" \/>\n<meta property=\"og:image\" content=\"https:\/\/wein-werte.com\/wp-content\/uploads\/2026\/04\/Closerie-Saint-Roc-Closerie-Saint-Roc-2019-750ml.png\" \/>\n\t<meta property=\"og:image:width\" content=\"325\" \/>\n\t<meta property=\"og:image:height\" content=\"1200\" \/>\n\t<meta property=\"og:image:type\" content=\"image\/png\" \/>\n<meta name=\"twitter:card\" content=\"summary_large_image\" \/>\n<meta name=\"twitter:label1\" content=\"Gesch\u00e4tzte Lesezeit\" \/>\n\t<meta name=\"twitter:data1\" content=\"1\u00a0Minute\" \/>\n<script type=\"application\/ld+json\" class=\"yoast-schema-graph\">{\"@context\":\"https:\\\/\\\/schema.org\",\"@graph\":[{\"@type\":\"WebPage\",\"@id\":\"https:\\\/\\\/wein-werte.com\\\/de\\\/produkt\\\/closerie-saint-roc-closerie-saint-roc-2019-750ml\\\/\",\"url\":\"https:\\\/\\\/wein-werte.com\\\/de\\\/produkt\\\/closerie-saint-roc-closerie-saint-roc-2019-750ml\\\/\",\"name\":\"Closerie Saint Roc Closerie Saint Roc 2019\",\"isPartOf\":{\"@id\":\"https:\\\/\\\/wein-werte.com\\\/de\\\/#website\"},\"primaryImageOfPage\":{\"@id\":\"https:\\\/\\\/wein-werte.com\\\/de\\\/produkt\\\/closerie-saint-roc-closerie-saint-roc-2019-750ml\\\/#primaryimage\"},\"image\":{\"@id\":\"https:\\\/\\\/wein-werte.com\\\/de\\\/produkt\\\/closerie-saint-roc-closerie-saint-roc-2019-750ml\\\/#primaryimage\"},\"thumbnailUrl\":\"https:\\\/\\\/wein-werte.com\\\/wp-content\\\/uploads\\\/2026\\\/04\\\/Closerie-Saint-Roc-Closerie-Saint-Roc-2019-750ml.png\",\"datePublished\":\"2026-04-27T11:36:32+00:00\",\"description\":\"Kaufe Closerie Saint Roc Closerie Saint Roc 2019 (Cabernet Franc Cuv\u00e9e, trocken aus Bordeaux, Frankreich) bei Wein Werte, Ihrem nachhaltigen Onlineshop.\",\"breadcrumb\":{\"@id\":\"https:\\\/\\\/wein-werte.com\\\/de\\\/produkt\\\/closerie-saint-roc-closerie-saint-roc-2019-750ml\\\/#breadcrumb\"},\"inLanguage\":\"de\",\"potentialAction\":[{\"@type\":\"ReadAction\",\"target\":[\"https:\\\/\\\/wein-werte.com\\\/de\\\/produkt\\\/closerie-saint-roc-closerie-saint-roc-2019-750ml\\\/\"]}]},{\"@type\":\"ImageObject\",\"inLanguage\":\"de\",\"@id\":\"https:\\\/\\\/wein-werte.com\\\/de\\\/produkt\\\/closerie-saint-roc-closerie-saint-roc-2019-750ml\\\/#primaryimage\",\"url\":\"https:\\\/\\\/wein-werte.com\\\/wp-content\\\/uploads\\\/2026\\\/04\\\/Closerie-Saint-Roc-Closerie-Saint-Roc-2019-750ml.png\",\"contentUrl\":\"https:\\\/\\\/wein-werte.com\\\/wp-content\\\/uploads\\\/2026\\\/04\\\/Closerie-Saint-Roc-Closerie-Saint-Roc-2019-750ml.png\",\"width\":325,\"height\":1200,\"caption\":\"Closerie Saint Roc Closerie Saint Roc 2019 750ml\"},{\"@type\":\"BreadcrumbList\",\"@id\":\"https:\\\/\\\/wein-werte.com\\\/de\\\/produkt\\\/closerie-saint-roc-closerie-saint-roc-2019-750ml\\\/#breadcrumb\",\"itemListElement\":[{\"@type\":\"ListItem\",\"position\":1,\"name\":\"Home\",\"item\":\"https:\\\/\\\/wein-werte.com\\\/de\\\/\"},{\"@type\":\"ListItem\",\"position\":2,\"name\":\"Shop\",\"item\":\"https:\\\/\\\/wein-werte.com\\\/de\\\/shop\\\/\"},{\"@type\":\"ListItem\",\"position\":3,\"name\":\"Closerie Saint Roc | Bordeaux | Closerie Saint Roc | 2019 | 750ml | bio\"}]},{\"@type\":\"WebSite\",\"@id\":\"https:\\\/\\\/wein-werte.com\\\/de\\\/#website\",\"url\":\"https:\\\/\\\/wein-werte.com\\\/de\\\/\",\"name\":\"Wein Werte\",\"description\":\"\",\"publisher\":{\"@id\":\"https:\\\/\\\/wein-werte.com\\\/de\\\/#organization\"},\"potentialAction\":[{\"@type\":\"SearchAction\",\"target\":{\"@type\":\"EntryPoint\",\"urlTemplate\":\"https:\\\/\\\/wein-werte.com\\\/de\\\/?s={search_term_string}\"},\"query-input\":{\"@type\":\"PropertyValueSpecification\",\"valueRequired\":true,\"valueName\":\"search_term_string\"}}],\"inLanguage\":\"de\"},{\"@type\":\"Organization\",\"@id\":\"https:\\\/\\\/wein-werte.com\\\/de\\\/#organization\",\"name\":\"Vins Fins Thorrold\",\"url\":\"https:\\\/\\\/wein-werte.com\\\/de\\\/\",\"logo\":{\"@type\":\"ImageObject\",\"inLanguage\":\"de\",\"@id\":\"https:\\\/\\\/wein-werte.com\\\/de\\\/#\\\/schema\\\/logo\\\/image\\\/\",\"url\":\"https:\\\/\\\/wein-werte.com\\\/wp-content\\\/uploads\\\/2023\\\/07\\\/Wein_werte_Logo700-1.png\",\"contentUrl\":\"https:\\\/\\\/wein-werte.com\\\/wp-content\\\/uploads\\\/2023\\\/07\\\/Wein_werte_Logo700-1.png\",\"width\":700,\"height\":272,\"caption\":\"Vins Fins Thorrold\"},\"image\":{\"@id\":\"https:\\\/\\\/wein-werte.com\\\/de\\\/#\\\/schema\\\/logo\\\/image\\\/\"}}]}<\/script>\n<!-- \/ Yoast SEO plugin. -->","yoast_head_json":{"title":"Closerie Saint Roc Closerie Saint Roc 2019","description":"Kaufe Closerie Saint Roc Closerie Saint Roc 2019 (Cabernet Franc Cuv\u00e9e, trocken aus Bordeaux, Frankreich) bei Wein Werte, Ihrem nachhaltigen Onlineshop.","robots":{"index":"index","follow":"follow","max-snippet":"max-snippet:-1","max-image-preview":"max-image-preview:large","max-video-preview":"max-video-preview:-1"},"canonical":"https:\/\/wein-werte.com\/de\/produkt\/closerie-saint-roc-closerie-saint-roc-2019-750ml\/","og_locale":"de_DE","og_type":"article","og_title":"Closerie Saint Roc Closerie Saint Roc 2019","og_description":"Kaufe Closerie Saint Roc Closerie Saint Roc 2019 (Cabernet Franc Cuv\u00e9e, trocken aus Bordeaux, Frankreich) bei Wein Werte, Ihrem nachhaltigen Onlineshop.","og_url":"https:\/\/wein-werte.com\/de\/produkt\/closerie-saint-roc-closerie-saint-roc-2019-750ml\/","og_site_name":"Wein Werte","og_image":[{"width":325,"height":1200,"url":"https:\/\/wein-werte.com\/wp-content\/uploads\/2026\/04\/Closerie-Saint-Roc-Closerie-Saint-Roc-2019-750ml.png","type":"image\/png"}],"twitter_card":"summary_large_image","twitter_misc":{"Gesch\u00e4tzte Lesezeit":"1\u00a0Minute"},"schema":{"@context":"https:\/\/schema.org","@graph":[{"@type":"WebPage","@id":"https:\/\/wein-werte.com\/de\/produkt\/closerie-saint-roc-closerie-saint-roc-2019-750ml\/","url":"https:\/\/wein-werte.com\/de\/produkt\/closerie-saint-roc-closerie-saint-roc-2019-750ml\/","name":"Closerie Saint Roc Closerie Saint Roc 2019","isPartOf":{"@id":"https:\/\/wein-werte.com\/de\/#website"},"primaryImageOfPage":{"@id":"https:\/\/wein-werte.com\/de\/produkt\/closerie-saint-roc-closerie-saint-roc-2019-750ml\/#primaryimage"},"image":{"@id":"https:\/\/wein-werte.com\/de\/produkt\/closerie-saint-roc-closerie-saint-roc-2019-750ml\/#primaryimage"},"thumbnailUrl":"https:\/\/wein-werte.com\/wp-content\/uploads\/2026\/04\/Closerie-Saint-Roc-Closerie-Saint-Roc-2019-750ml.png","datePublished":"2026-04-27T11:36:32+00:00","description":"Kaufe Closerie Saint Roc Closerie Saint Roc 2019 (Cabernet Franc Cuv\u00e9e, trocken aus Bordeaux, Frankreich) bei Wein Werte, Ihrem nachhaltigen Onlineshop.","breadcrumb":{"@id":"https:\/\/wein-werte.com\/de\/produkt\/closerie-saint-roc-closerie-saint-roc-2019-750ml\/#breadcrumb"},"inLanguage":"de","potentialAction":[{"@type":"ReadAction","target":["https:\/\/wein-werte.com\/de\/produkt\/closerie-saint-roc-closerie-saint-roc-2019-750ml\/"]}]},{"@type":"ImageObject","inLanguage":"de","@id":"https:\/\/wein-werte.com\/de\/produkt\/closerie-saint-roc-closerie-saint-roc-2019-750ml\/#primaryimage","url":"https:\/\/wein-werte.com\/wp-content\/uploads\/2026\/04\/Closerie-Saint-Roc-Closerie-Saint-Roc-2019-750ml.png","contentUrl":"https:\/\/wein-werte.com\/wp-content\/uploads\/2026\/04\/Closerie-Saint-Roc-Closerie-Saint-Roc-2019-750ml.png","width":325,"height":1200,"caption":"Closerie Saint Roc Closerie Saint Roc 2019 750ml"},{"@type":"BreadcrumbList","@id":"https:\/\/wein-werte.com\/de\/produkt\/closerie-saint-roc-closerie-saint-roc-2019-750ml\/#breadcrumb","itemListElement":[{"@type":"ListItem","position":1,"name":"Home","item":"https:\/\/wein-werte.com\/de\/"},{"@type":"ListItem","position":2,"name":"Shop","item":"https:\/\/wein-werte.com\/de\/shop\/"},{"@type":"ListItem","position":3,"name":"Closerie Saint Roc | Bordeaux | Closerie Saint Roc | 2019 | 750ml | bio"}]},{"@type":"WebSite","@id":"https:\/\/wein-werte.com\/de\/#website","url":"https:\/\/wein-werte.com\/de\/","name":"Wein Werte","description":"","publisher":{"@id":"https:\/\/wein-werte.com\/de\/#organization"},"potentialAction":[{"@type":"SearchAction","target":{"@type":"EntryPoint","urlTemplate":"https:\/\/wein-werte.com\/de\/?s={search_term_string}"},"query-input":{"@type":"PropertyValueSpecification","valueRequired":true,"valueName":"search_term_string"}}],"inLanguage":"de"},{"@type":"Organization","@id":"https:\/\/wein-werte.com\/de\/#organization","name":"Vins Fins Thorrold","url":"https:\/\/wein-werte.com\/de\/","logo":{"@type":"ImageObject","inLanguage":"de","@id":"https:\/\/wein-werte.com\/de\/#\/schema\/logo\/image\/","url":"https:\/\/wein-werte.com\/wp-content\/uploads\/2023\/07\/Wein_werte_Logo700-1.png","contentUrl":"https:\/\/wein-werte.com\/wp-content\/uploads\/2023\/07\/Wein_werte_Logo700-1.png","width":700,"height":272,"caption":"Vins Fins Thorrold"},"image":{"@id":"https:\/\/wein-werte.com\/de\/#\/schema\/logo\/image\/"}}]}},"_links":{"self":[{"href":"https:\/\/wein-werte.com\/de\/wp-json\/wp\/v2\/product\/1136748","targetHints":{"allow":["GET"]}}],"collection":[{"href":"https:\/\/wein-werte.com\/de\/wp-json\/wp\/v2\/product"}],"about":[{"href":"https:\/\/wein-werte.com\/de\/wp-json\/wp\/v2\/types\/product"}],"wp:featuredmedia":[{"embeddable":true,"href":"https:\/\/wein-werte.com\/de\/wp-json\/wp\/v2\/media\/1146404"}],"wp:attachment":[{"href":"https:\/\/wein-werte.com\/de\/wp-json\/wp\/v2\/media?parent=1136748"}],"wp:term":[{"taxonomy":"product_brand","embeddable":true,"href":"https:\/\/wein-werte.com\/de\/wp-json\/wp\/v2\/product_brand?post=1136748"},{"taxonomy":"product_cat","embeddable":true,"href":"https:\/\/wein-werte.com\/de\/wp-json\/wp\/v2\/product_cat?post=1136748"},{"taxonomy":"product_tag","embeddable":true,"href":"https:\/\/wein-werte.com\/de\/wp-json\/wp\/v2\/product_tag?post=1136748"}],"curies":[{"name":"wp","href":"https:\/\/api.w.org\/{rel}","templated":true}]}}