{"id":1136729,"date":"2026-04-27T13:36:30","date_gmt":"2026-04-27T11:36:30","guid":{"rendered":"https:\/\/wein-werte.com\/product\/closerie-saint-roc-les-noyers-2020-750ml\/"},"modified":"2026-04-27T12:07:30","modified_gmt":"2026-04-27T10:07:30","slug":"closerie-saint-roc-les-noyers-2020-750ml","status":"publish","type":"product","link":"https:\/\/wein-werte.com\/de\/produkt\/closerie-saint-roc-les-noyers-2020-750ml\/","title":{"rendered":"Closerie Saint Roc | Bordeaux | Les Noyers | 2020 | 750ml | bio"},"content":{"rendered":"<p>Produktbeschreibung f\u00fcr Closerie Saint Roc Les Noyers 2020 (bio) <\/p>\n<h5>Informationen zum Wein<\/h5>\n<p> Der Wein stammt von dem 2,9 Hektar umfassenden Weinberg Les Noyers. Der Weinberg ist gepr\u00e4gt von Ton (30 %), Schluff (39 %) und Sand (31 %) auf einem Grundgestein von Asteria-Kalk. Er liegt auf einer H\u00f6he von 90 bis 102 Metern. Genutzt wurden f\u00fcr diesen Wein 80 % Cabernet Franc und 20 % Merlot. Der Weinberg wird biodynamisch bewirtschaftet. Auch ist Agroforstwirtschaft und Permakultur integriert. Nach der Handlese erfolgte eine spontane G\u00e4rung, danach die Reifung in gebrauchten Eichenf\u00e4ssern \u00fcber 18 Monate hinweg. Der Wein wurde ohne Filtration und Sch\u00f6nung gef\u00fcllt. <\/p>\n<h5>Farbe<\/h5>\n<p> dichtes Kirschrot <\/p>\n<h5>Nase<\/h5>\n<p> Der von Cabernet Franc gepr\u00e4gte Wein bietet ein dezentes Parfum von reifem Cassis, reifen dunklen Kirschen und etwas Blaubeerjoghurt, das sich mit Noten von Bl\u00e4ttern, Kr\u00e4utern und etwas Torf mischt. Es gibt zudem einige reife gr\u00fcne Noten, die auf den Cabernet Franc hindeuten. <\/p>\n<h5>Geschmack<\/h5>\n<p> Am Gaumen zeigt der Les Noyers eine recht k\u00fchle saftige Frucht. Der Wein besitzt mehr Spannung und auch mehr Tannin als die Weine der anderen beiden Einzellagen. Dadurch wirkt dieser Bordeaux vergleichsweise fest, verglichen mit den anderen Weinen des Weinguts. Auch ist er bereits sehr trinkfreudig und zeigt seine Anlagen. Die S\u00e4ure ist seidig, die Frucht saftig und der Wein lebendig, frisch und transparent.<\/p>\n<p>Copyright Vinaturel 2025<\/p>\n<p>Keywords: <a href=\"https:\/\/wein-werte.com\/de\/shop\/?swoof=1&#038;pa_producer=Closerie-Saint-Roc\">Closerie Saint Roc<\/a> <a href=\"https:\/\/wein-werte.com\/de\/shop\/?swoof=1&#038;woof_text=Les Noyers\">Les Noyers<\/a> 2020 bio <a href=\"https:\/\/wein-werte.com\/de\/shop\/?swoof=1&#038;pa_region=Bordeaux\">Bordeaux<\/a> <a href=\"https:\/\/wein-werte.com\/de\/shop\/?swoof=1&#038;pa_country=Frankreich\">Frankreich<\/a><\/p>\n<p>Internetseite des Weinguts: <a href=\"http:\/\/closeriesaintroc.com\/en\/home\/\" target=\"_blank\">http:\/\/closeriesaintroc.com\/en\/home\/<\/a><\/p>\n","protected":false},"excerpt":{"rendered":"<p>Lieferzeit: 1 bis 2 Arbeitstage (DE), 2 bis 5 Arbeitstage (EU and CH)<\/p>\n","protected":false},"featured_media":1146392,"template":"","meta":[],"product_brand":[],"product_cat":[19],"product_tag":[],"class_list":{"0":"post-1136729","1":"product","2":"type-product","3":"status-publish","4":"has-post-thumbnail","6":"product_cat-unkategorisiert","7":"pa_alcohol-for-filter-12-5","8":"pa_certified-biodynamic-ja-de","9":"pa_certified-organic-ja-de","10":"pa_colour-rot","11":"pa_country-frankreich","12":"pa_grape-cabernet-franc-cuvee","13":"pa_price-for-filter-10565","14":"pa_producer-closerie-saint-roc","15":"pa_region-bordeaux","16":"pa_size-ml-6584","17":"pa_sweetness-trocken-de","18":"pa_type-2-still-de","19":"pa_vintage-2020-de","20":"entry","21":"has-media","23":"first","24":"instock","25":"taxable","26":"shipping-taxable","27":"purchasable","28":"product-type-simple"},"yoast_head":"<!-- This site is optimized with the Yoast SEO plugin v27.5 - https:\/\/yoast.com\/product\/yoast-seo-wordpress\/ -->\n<title>Closerie Saint Roc Les Noyers 2020<\/title>\n<meta name=\"description\" content=\"Kaufe Closerie Saint Roc Les Noyers 2020 (Cabernet Franc Cuv\u00e9e, trocken aus Bordeaux, Frankreich) bei Wein Werte, Ihrem nachhaltigen Onlineshop.\" \/>\n<meta name=\"robots\" content=\"index, follow, max-snippet:-1, max-image-preview:large, max-video-preview:-1\" \/>\n<link rel=\"canonical\" href=\"https:\/\/wein-werte.com\/de\/produkt\/closerie-saint-roc-les-noyers-2020-750ml\/\" \/>\n<meta property=\"og:locale\" content=\"de_DE\" \/>\n<meta property=\"og:type\" content=\"article\" \/>\n<meta property=\"og:title\" content=\"Closerie Saint Roc Les Noyers 2020\" \/>\n<meta property=\"og:description\" content=\"Kaufe Closerie Saint Roc Les Noyers 2020 (Cabernet Franc Cuv\u00e9e, trocken aus Bordeaux, Frankreich) bei Wein Werte, Ihrem nachhaltigen Onlineshop.\" \/>\n<meta property=\"og:url\" content=\"https:\/\/wein-werte.com\/de\/produkt\/closerie-saint-roc-les-noyers-2020-750ml\/\" \/>\n<meta property=\"og:site_name\" content=\"Wein Werte\" \/>\n<meta property=\"og:image\" content=\"https:\/\/wein-werte.com\/wp-content\/uploads\/2026\/04\/Closerie-Saint-Roc-Les-Noyers-2020-750ml.png\" \/>\n\t<meta property=\"og:image:width\" content=\"326\" \/>\n\t<meta property=\"og:image:height\" content=\"1200\" \/>\n\t<meta property=\"og:image:type\" content=\"image\/png\" \/>\n<meta name=\"twitter:card\" content=\"summary_large_image\" \/>\n<meta name=\"twitter:label1\" content=\"Gesch\u00e4tzte Lesezeit\" \/>\n\t<meta name=\"twitter:data1\" content=\"1\u00a0Minute\" \/>\n<script type=\"application\/ld+json\" class=\"yoast-schema-graph\">{\"@context\":\"https:\\\/\\\/schema.org\",\"@graph\":[{\"@type\":\"WebPage\",\"@id\":\"https:\\\/\\\/wein-werte.com\\\/de\\\/produkt\\\/closerie-saint-roc-les-noyers-2020-750ml\\\/\",\"url\":\"https:\\\/\\\/wein-werte.com\\\/de\\\/produkt\\\/closerie-saint-roc-les-noyers-2020-750ml\\\/\",\"name\":\"Closerie Saint Roc Les Noyers 2020\",\"isPartOf\":{\"@id\":\"https:\\\/\\\/wein-werte.com\\\/de\\\/#website\"},\"primaryImageOfPage\":{\"@id\":\"https:\\\/\\\/wein-werte.com\\\/de\\\/produkt\\\/closerie-saint-roc-les-noyers-2020-750ml\\\/#primaryimage\"},\"image\":{\"@id\":\"https:\\\/\\\/wein-werte.com\\\/de\\\/produkt\\\/closerie-saint-roc-les-noyers-2020-750ml\\\/#primaryimage\"},\"thumbnailUrl\":\"https:\\\/\\\/wein-werte.com\\\/wp-content\\\/uploads\\\/2026\\\/04\\\/Closerie-Saint-Roc-Les-Noyers-2020-750ml.png\",\"datePublished\":\"2026-04-27T11:36:30+00:00\",\"description\":\"Kaufe Closerie Saint Roc Les Noyers 2020 (Cabernet Franc Cuv\u00e9e, trocken aus Bordeaux, Frankreich) bei Wein Werte, Ihrem nachhaltigen Onlineshop.\",\"breadcrumb\":{\"@id\":\"https:\\\/\\\/wein-werte.com\\\/de\\\/produkt\\\/closerie-saint-roc-les-noyers-2020-750ml\\\/#breadcrumb\"},\"inLanguage\":\"de\",\"potentialAction\":[{\"@type\":\"ReadAction\",\"target\":[\"https:\\\/\\\/wein-werte.com\\\/de\\\/produkt\\\/closerie-saint-roc-les-noyers-2020-750ml\\\/\"]}]},{\"@type\":\"ImageObject\",\"inLanguage\":\"de\",\"@id\":\"https:\\\/\\\/wein-werte.com\\\/de\\\/produkt\\\/closerie-saint-roc-les-noyers-2020-750ml\\\/#primaryimage\",\"url\":\"https:\\\/\\\/wein-werte.com\\\/wp-content\\\/uploads\\\/2026\\\/04\\\/Closerie-Saint-Roc-Les-Noyers-2020-750ml.png\",\"contentUrl\":\"https:\\\/\\\/wein-werte.com\\\/wp-content\\\/uploads\\\/2026\\\/04\\\/Closerie-Saint-Roc-Les-Noyers-2020-750ml.png\",\"width\":326,\"height\":1200,\"caption\":\"Closerie Saint Roc Les Noyers 2020 750ml\"},{\"@type\":\"BreadcrumbList\",\"@id\":\"https:\\\/\\\/wein-werte.com\\\/de\\\/produkt\\\/closerie-saint-roc-les-noyers-2020-750ml\\\/#breadcrumb\",\"itemListElement\":[{\"@type\":\"ListItem\",\"position\":1,\"name\":\"Home\",\"item\":\"https:\\\/\\\/wein-werte.com\\\/de\\\/\"},{\"@type\":\"ListItem\",\"position\":2,\"name\":\"Shop\",\"item\":\"https:\\\/\\\/wein-werte.com\\\/de\\\/shop\\\/\"},{\"@type\":\"ListItem\",\"position\":3,\"name\":\"Closerie Saint Roc | Bordeaux | Les Noyers | 2020 | 750ml | bio\"}]},{\"@type\":\"WebSite\",\"@id\":\"https:\\\/\\\/wein-werte.com\\\/de\\\/#website\",\"url\":\"https:\\\/\\\/wein-werte.com\\\/de\\\/\",\"name\":\"Wein Werte\",\"description\":\"\",\"publisher\":{\"@id\":\"https:\\\/\\\/wein-werte.com\\\/de\\\/#organization\"},\"potentialAction\":[{\"@type\":\"SearchAction\",\"target\":{\"@type\":\"EntryPoint\",\"urlTemplate\":\"https:\\\/\\\/wein-werte.com\\\/de\\\/?s={search_term_string}\"},\"query-input\":{\"@type\":\"PropertyValueSpecification\",\"valueRequired\":true,\"valueName\":\"search_term_string\"}}],\"inLanguage\":\"de\"},{\"@type\":\"Organization\",\"@id\":\"https:\\\/\\\/wein-werte.com\\\/de\\\/#organization\",\"name\":\"Vins Fins Thorrold\",\"url\":\"https:\\\/\\\/wein-werte.com\\\/de\\\/\",\"logo\":{\"@type\":\"ImageObject\",\"inLanguage\":\"de\",\"@id\":\"https:\\\/\\\/wein-werte.com\\\/de\\\/#\\\/schema\\\/logo\\\/image\\\/\",\"url\":\"https:\\\/\\\/wein-werte.com\\\/wp-content\\\/uploads\\\/2023\\\/07\\\/Wein_werte_Logo700-1.png\",\"contentUrl\":\"https:\\\/\\\/wein-werte.com\\\/wp-content\\\/uploads\\\/2023\\\/07\\\/Wein_werte_Logo700-1.png\",\"width\":700,\"height\":272,\"caption\":\"Vins Fins Thorrold\"},\"image\":{\"@id\":\"https:\\\/\\\/wein-werte.com\\\/de\\\/#\\\/schema\\\/logo\\\/image\\\/\"}}]}<\/script>\n<!-- \/ Yoast SEO plugin. -->","yoast_head_json":{"title":"Closerie Saint Roc Les Noyers 2020","description":"Kaufe Closerie Saint Roc Les Noyers 2020 (Cabernet Franc Cuv\u00e9e, trocken aus Bordeaux, Frankreich) bei Wein Werte, Ihrem nachhaltigen Onlineshop.","robots":{"index":"index","follow":"follow","max-snippet":"max-snippet:-1","max-image-preview":"max-image-preview:large","max-video-preview":"max-video-preview:-1"},"canonical":"https:\/\/wein-werte.com\/de\/produkt\/closerie-saint-roc-les-noyers-2020-750ml\/","og_locale":"de_DE","og_type":"article","og_title":"Closerie Saint Roc Les Noyers 2020","og_description":"Kaufe Closerie Saint Roc Les Noyers 2020 (Cabernet Franc Cuv\u00e9e, trocken aus Bordeaux, Frankreich) bei Wein Werte, Ihrem nachhaltigen Onlineshop.","og_url":"https:\/\/wein-werte.com\/de\/produkt\/closerie-saint-roc-les-noyers-2020-750ml\/","og_site_name":"Wein Werte","og_image":[{"width":326,"height":1200,"url":"https:\/\/wein-werte.com\/wp-content\/uploads\/2026\/04\/Closerie-Saint-Roc-Les-Noyers-2020-750ml.png","type":"image\/png"}],"twitter_card":"summary_large_image","twitter_misc":{"Gesch\u00e4tzte Lesezeit":"1\u00a0Minute"},"schema":{"@context":"https:\/\/schema.org","@graph":[{"@type":"WebPage","@id":"https:\/\/wein-werte.com\/de\/produkt\/closerie-saint-roc-les-noyers-2020-750ml\/","url":"https:\/\/wein-werte.com\/de\/produkt\/closerie-saint-roc-les-noyers-2020-750ml\/","name":"Closerie Saint Roc Les Noyers 2020","isPartOf":{"@id":"https:\/\/wein-werte.com\/de\/#website"},"primaryImageOfPage":{"@id":"https:\/\/wein-werte.com\/de\/produkt\/closerie-saint-roc-les-noyers-2020-750ml\/#primaryimage"},"image":{"@id":"https:\/\/wein-werte.com\/de\/produkt\/closerie-saint-roc-les-noyers-2020-750ml\/#primaryimage"},"thumbnailUrl":"https:\/\/wein-werte.com\/wp-content\/uploads\/2026\/04\/Closerie-Saint-Roc-Les-Noyers-2020-750ml.png","datePublished":"2026-04-27T11:36:30+00:00","description":"Kaufe Closerie Saint Roc Les Noyers 2020 (Cabernet Franc Cuv\u00e9e, trocken aus Bordeaux, Frankreich) bei Wein Werte, Ihrem nachhaltigen Onlineshop.","breadcrumb":{"@id":"https:\/\/wein-werte.com\/de\/produkt\/closerie-saint-roc-les-noyers-2020-750ml\/#breadcrumb"},"inLanguage":"de","potentialAction":[{"@type":"ReadAction","target":["https:\/\/wein-werte.com\/de\/produkt\/closerie-saint-roc-les-noyers-2020-750ml\/"]}]},{"@type":"ImageObject","inLanguage":"de","@id":"https:\/\/wein-werte.com\/de\/produkt\/closerie-saint-roc-les-noyers-2020-750ml\/#primaryimage","url":"https:\/\/wein-werte.com\/wp-content\/uploads\/2026\/04\/Closerie-Saint-Roc-Les-Noyers-2020-750ml.png","contentUrl":"https:\/\/wein-werte.com\/wp-content\/uploads\/2026\/04\/Closerie-Saint-Roc-Les-Noyers-2020-750ml.png","width":326,"height":1200,"caption":"Closerie Saint Roc Les Noyers 2020 750ml"},{"@type":"BreadcrumbList","@id":"https:\/\/wein-werte.com\/de\/produkt\/closerie-saint-roc-les-noyers-2020-750ml\/#breadcrumb","itemListElement":[{"@type":"ListItem","position":1,"name":"Home","item":"https:\/\/wein-werte.com\/de\/"},{"@type":"ListItem","position":2,"name":"Shop","item":"https:\/\/wein-werte.com\/de\/shop\/"},{"@type":"ListItem","position":3,"name":"Closerie Saint Roc | Bordeaux | Les Noyers | 2020 | 750ml | bio"}]},{"@type":"WebSite","@id":"https:\/\/wein-werte.com\/de\/#website","url":"https:\/\/wein-werte.com\/de\/","name":"Wein Werte","description":"","publisher":{"@id":"https:\/\/wein-werte.com\/de\/#organization"},"potentialAction":[{"@type":"SearchAction","target":{"@type":"EntryPoint","urlTemplate":"https:\/\/wein-werte.com\/de\/?s={search_term_string}"},"query-input":{"@type":"PropertyValueSpecification","valueRequired":true,"valueName":"search_term_string"}}],"inLanguage":"de"},{"@type":"Organization","@id":"https:\/\/wein-werte.com\/de\/#organization","name":"Vins Fins Thorrold","url":"https:\/\/wein-werte.com\/de\/","logo":{"@type":"ImageObject","inLanguage":"de","@id":"https:\/\/wein-werte.com\/de\/#\/schema\/logo\/image\/","url":"https:\/\/wein-werte.com\/wp-content\/uploads\/2023\/07\/Wein_werte_Logo700-1.png","contentUrl":"https:\/\/wein-werte.com\/wp-content\/uploads\/2023\/07\/Wein_werte_Logo700-1.png","width":700,"height":272,"caption":"Vins Fins Thorrold"},"image":{"@id":"https:\/\/wein-werte.com\/de\/#\/schema\/logo\/image\/"}}]}},"_links":{"self":[{"href":"https:\/\/wein-werte.com\/de\/wp-json\/wp\/v2\/product\/1136729","targetHints":{"allow":["GET"]}}],"collection":[{"href":"https:\/\/wein-werte.com\/de\/wp-json\/wp\/v2\/product"}],"about":[{"href":"https:\/\/wein-werte.com\/de\/wp-json\/wp\/v2\/types\/product"}],"wp:featuredmedia":[{"embeddable":true,"href":"https:\/\/wein-werte.com\/de\/wp-json\/wp\/v2\/media\/1146392"}],"wp:attachment":[{"href":"https:\/\/wein-werte.com\/de\/wp-json\/wp\/v2\/media?parent=1136729"}],"wp:term":[{"taxonomy":"product_brand","embeddable":true,"href":"https:\/\/wein-werte.com\/de\/wp-json\/wp\/v2\/product_brand?post=1136729"},{"taxonomy":"product_cat","embeddable":true,"href":"https:\/\/wein-werte.com\/de\/wp-json\/wp\/v2\/product_cat?post=1136729"},{"taxonomy":"product_tag","embeddable":true,"href":"https:\/\/wein-werte.com\/de\/wp-json\/wp\/v2\/product_tag?post=1136729"}],"curies":[{"name":"wp","href":"https:\/\/api.w.org\/{rel}","templated":true}]}}