{"id":1136714,"date":"2026-05-08T20:10:33","date_gmt":"2026-05-08T18:10:33","guid":{"rendered":"https:\/\/wein-werte.com\/product\/chateau-climens-lilium-grand-vin-blanc-sec-2022-750ml\/"},"modified":"2026-04-27T12:07:28","modified_gmt":"2026-04-27T10:07:28","slug":"chateau-climens-lilium-grand-vin-blanc-sec-2022-750ml","status":"publish","type":"product","link":"https:\/\/wein-werte.com\/de\/produkt\/chateau-climens-lilium-grand-vin-blanc-sec-2022-750ml\/","title":{"rendered":"Ch\u00e2teau Climens | Bordeaux | Lilium, Grand Vin Blanc Sec AOC | 2022 | 750ml | bio"},"content":{"rendered":"<p>Produktbeschreibung f\u00fcr Ch\u00e2teau Climens Lilium, Grand Vin Blanc Sec AOC 2022 (bio) <\/p>\n<h5>Informationen zum Wein<\/h5>\n<p> Lilium ist ein trockener Wei\u00dfwein von Ch\u00e2teau Climens. Der 2022er ist der erste Jahrgang. Es ist ein Wein aus 100 % S\u00e9millon vom roten tonhaltigen Sand und Kalkstein und damit von dem einzigartigen Terroir von Climens. Der Weinberg wird seit 2010 biodynamisch nach demeter-Zertifikation bearbeitet. Gelesen wurden etwa 45 hl\/ha. Die Reben sind rund 15 Jahre alt und wurden mit einer Pflanzdichte von 6.000 pro Hektar gesetzt. Genutzt wurde nur das Herz der Pressung. Ausgebaut wurde der Wein \u00fcber neun Monate hinweg in Wineglobes. <\/p>\n<h5>Farbe<\/h5>\n<p> helles Strohgelb <\/p>\n<h5>Nase<\/h5>\n<p> Der Lilium pr\u00e4sentiert sich in der Nase duftig und durchaus intensiv. Mit seiner Mischung aus gelber Pflaume, Quitte und gr\u00fcnem Apfel, etwas Wachs, Minze und wei\u00dfen Bl\u00fcten k\u00f6nnte man ihn blind verkostet durchaus f\u00fcr einen Chenin Blanc aus dem Anjou halten. Insgesamt ist das ein feines, nobel wirkendes Bouquet. <\/p>\n<h5>Geschmack<\/h5>\n<p> Am Gaumen pr\u00e4sentiert sich der Bordeaux Blanc Sec aus Barzac deutlich expressiver. Da ist viel Volumen, viel Energie und viel Substanz vorhanden. Der Lilium besitzt eine feine Textur, offeriert Noten von reifen Aprikosen und Pfirsichen, etwas Orange, Quitte und gelben Apfel. Da ist aber auch die typische w\u00e4chserne und auch an S\u00fc\u00dfholz erinnernde Note des S\u00e9millon. Hinzu kommt eine klare, pr\u00e4zise aber weiche S\u00e4urestruktur, die dem Volumen und der W\u00fcrze erfolgreich entgegenwirkt und den Wein in beeindruckender Weise ausbalanciert und in ein langes Finale f\u00fchrt.<\/p>\n<p>Copyright Vinaturel 2025<\/p>\n<p>Keywords: <a href=\"https:\/\/wein-werte.com\/de\/shop\/?swoof=1&#038;pa_producer=Ch\u00e2teau-Climens\">Ch\u00e2teau Climens<\/a> <a href=\"https:\/\/wein-werte.com\/de\/shop\/?swoof=1&#038;woof_text=Lilium, Grand Vin Blanc Sec AOC\">Lilium, Grand Vin Blanc Sec AOC<\/a> 2022 bio <a href=\"https:\/\/wein-werte.com\/de\/shop\/?swoof=1&#038;pa_region=Bordeaux\">Bordeaux<\/a> <a href=\"https:\/\/wein-werte.com\/de\/shop\/?swoof=1&#038;pa_country=Frankreich\">Frankreich<\/a><\/p>\n<p>Internetseite des Weinguts: <a href=\"https:\/\/chateau-climens.fr\/en\/\" target=\"_blank\">https:\/\/chateau-climens.fr\/en\/<\/a><\/p>\n","protected":false},"excerpt":{"rendered":"<p>Lieferzeit: 1 bis 2 Arbeitstage (DE), 2 bis 5 Arbeitstage (EU and CH)<\/p>\n","protected":false},"featured_media":1146380,"template":"","meta":[],"product_brand":[],"product_cat":[19],"product_tag":[],"class_list":{"0":"post-1136714","1":"product","2":"type-product","3":"status-publish","4":"has-post-thumbnail","6":"product_cat-unkategorisiert","7":"pa_alcohol-for-filter-12897","8":"pa_certified-biodynamic-ja-de","9":"pa_certified-organic-ja-de","10":"pa_colour-weiss","11":"pa_country-frankreich","12":"pa_grape-semillon","13":"pa_price-for-filter-10658","14":"pa_producer-chateau-climens","15":"pa_region-bordeaux","16":"pa_size-ml-6584","17":"pa_sweetness-trocken-de","18":"pa_type-2-still-de","19":"pa_vintage-2022-de","20":"entry","21":"has-media","23":"first","24":"instock","25":"taxable","26":"shipping-taxable","27":"purchasable","28":"product-type-simple"},"yoast_head":"<!-- This site is optimized with the Yoast SEO plugin v27.5 - https:\/\/yoast.com\/product\/yoast-seo-wordpress\/ -->\n<title>Ch\u00e2teau Climens Lilium Grand Vin blanc Sec 2022<\/title>\n<meta name=\"description\" content=\"Kaufe Ch\u00e2teau Climens Lilium Grand Vin blanc Sec 2022 (S\u00e9millon, trocken aus Bordeaux, Frankreich) bei Wein Werte, Ihrem nachhaltigen Onlineshop.\" \/>\n<meta name=\"robots\" content=\"index, follow, max-snippet:-1, max-image-preview:large, max-video-preview:-1\" \/>\n<link rel=\"canonical\" href=\"https:\/\/wein-werte.com\/de\/produkt\/chateau-climens-lilium-grand-vin-blanc-sec-2022-750ml\/\" \/>\n<meta property=\"og:locale\" content=\"de_DE\" \/>\n<meta property=\"og:type\" content=\"article\" \/>\n<meta property=\"og:title\" content=\"Ch\u00e2teau Climens Lilium Grand Vin blanc Sec 2022\" \/>\n<meta property=\"og:description\" content=\"Kaufe Ch\u00e2teau Climens Lilium Grand Vin blanc Sec 2022 (S\u00e9millon, trocken aus Bordeaux, Frankreich) bei Wein Werte, Ihrem nachhaltigen Onlineshop.\" \/>\n<meta property=\"og:url\" content=\"https:\/\/wein-werte.com\/de\/produkt\/chateau-climens-lilium-grand-vin-blanc-sec-2022-750ml\/\" \/>\n<meta property=\"og:site_name\" content=\"Wein Werte\" \/>\n<meta property=\"og:image\" content=\"https:\/\/wein-werte.com\/wp-content\/uploads\/2026\/04\/Chateau-Climens-Lilium-Grand-Vin-blanc-Sec-2022-750ml.png\" \/>\n\t<meta property=\"og:image:width\" content=\"326\" \/>\n\t<meta property=\"og:image:height\" content=\"1200\" \/>\n\t<meta property=\"og:image:type\" content=\"image\/png\" \/>\n<meta name=\"twitter:card\" content=\"summary_large_image\" \/>\n<meta name=\"twitter:label1\" content=\"Gesch\u00e4tzte Lesezeit\" \/>\n\t<meta name=\"twitter:data1\" content=\"1\u00a0Minute\" \/>\n<script type=\"application\/ld+json\" class=\"yoast-schema-graph\">{\"@context\":\"https:\\\/\\\/schema.org\",\"@graph\":[{\"@type\":\"WebPage\",\"@id\":\"https:\\\/\\\/wein-werte.com\\\/de\\\/produkt\\\/chateau-climens-lilium-grand-vin-blanc-sec-2022-750ml\\\/\",\"url\":\"https:\\\/\\\/wein-werte.com\\\/de\\\/produkt\\\/chateau-climens-lilium-grand-vin-blanc-sec-2022-750ml\\\/\",\"name\":\"Ch\u00e2teau Climens Lilium Grand Vin blanc Sec 2022\",\"isPartOf\":{\"@id\":\"https:\\\/\\\/wein-werte.com\\\/de\\\/#website\"},\"primaryImageOfPage\":{\"@id\":\"https:\\\/\\\/wein-werte.com\\\/de\\\/produkt\\\/chateau-climens-lilium-grand-vin-blanc-sec-2022-750ml\\\/#primaryimage\"},\"image\":{\"@id\":\"https:\\\/\\\/wein-werte.com\\\/de\\\/produkt\\\/chateau-climens-lilium-grand-vin-blanc-sec-2022-750ml\\\/#primaryimage\"},\"thumbnailUrl\":\"https:\\\/\\\/wein-werte.com\\\/wp-content\\\/uploads\\\/2026\\\/04\\\/Chateau-Climens-Lilium-Grand-Vin-blanc-Sec-2022-750ml.png\",\"datePublished\":\"2026-05-08T18:10:33+00:00\",\"description\":\"Kaufe Ch\u00e2teau Climens Lilium Grand Vin blanc Sec 2022 (S\u00e9millon, trocken aus Bordeaux, Frankreich) bei Wein Werte, Ihrem nachhaltigen Onlineshop.\",\"breadcrumb\":{\"@id\":\"https:\\\/\\\/wein-werte.com\\\/de\\\/produkt\\\/chateau-climens-lilium-grand-vin-blanc-sec-2022-750ml\\\/#breadcrumb\"},\"inLanguage\":\"de\",\"potentialAction\":[{\"@type\":\"ReadAction\",\"target\":[\"https:\\\/\\\/wein-werte.com\\\/de\\\/produkt\\\/chateau-climens-lilium-grand-vin-blanc-sec-2022-750ml\\\/\"]}]},{\"@type\":\"ImageObject\",\"inLanguage\":\"de\",\"@id\":\"https:\\\/\\\/wein-werte.com\\\/de\\\/produkt\\\/chateau-climens-lilium-grand-vin-blanc-sec-2022-750ml\\\/#primaryimage\",\"url\":\"https:\\\/\\\/wein-werte.com\\\/wp-content\\\/uploads\\\/2026\\\/04\\\/Chateau-Climens-Lilium-Grand-Vin-blanc-Sec-2022-750ml.png\",\"contentUrl\":\"https:\\\/\\\/wein-werte.com\\\/wp-content\\\/uploads\\\/2026\\\/04\\\/Chateau-Climens-Lilium-Grand-Vin-blanc-Sec-2022-750ml.png\",\"width\":326,\"height\":1200,\"caption\":\"Ch\u00e2teau Climens Lilium, Grand Vin Blanc Sec AOC 2022 750ml\"},{\"@type\":\"BreadcrumbList\",\"@id\":\"https:\\\/\\\/wein-werte.com\\\/de\\\/produkt\\\/chateau-climens-lilium-grand-vin-blanc-sec-2022-750ml\\\/#breadcrumb\",\"itemListElement\":[{\"@type\":\"ListItem\",\"position\":1,\"name\":\"Home\",\"item\":\"https:\\\/\\\/wein-werte.com\\\/de\\\/\"},{\"@type\":\"ListItem\",\"position\":2,\"name\":\"Shop\",\"item\":\"https:\\\/\\\/wein-werte.com\\\/de\\\/shop\\\/\"},{\"@type\":\"ListItem\",\"position\":3,\"name\":\"Ch\u00e2teau Climens | Bordeaux | Lilium, Grand Vin Blanc Sec AOC | 2022 | 750ml | bio\"}]},{\"@type\":\"WebSite\",\"@id\":\"https:\\\/\\\/wein-werte.com\\\/de\\\/#website\",\"url\":\"https:\\\/\\\/wein-werte.com\\\/de\\\/\",\"name\":\"Wein Werte\",\"description\":\"\",\"publisher\":{\"@id\":\"https:\\\/\\\/wein-werte.com\\\/de\\\/#organization\"},\"potentialAction\":[{\"@type\":\"SearchAction\",\"target\":{\"@type\":\"EntryPoint\",\"urlTemplate\":\"https:\\\/\\\/wein-werte.com\\\/de\\\/?s={search_term_string}\"},\"query-input\":{\"@type\":\"PropertyValueSpecification\",\"valueRequired\":true,\"valueName\":\"search_term_string\"}}],\"inLanguage\":\"de\"},{\"@type\":\"Organization\",\"@id\":\"https:\\\/\\\/wein-werte.com\\\/de\\\/#organization\",\"name\":\"Vins Fins Thorrold\",\"url\":\"https:\\\/\\\/wein-werte.com\\\/de\\\/\",\"logo\":{\"@type\":\"ImageObject\",\"inLanguage\":\"de\",\"@id\":\"https:\\\/\\\/wein-werte.com\\\/de\\\/#\\\/schema\\\/logo\\\/image\\\/\",\"url\":\"https:\\\/\\\/wein-werte.com\\\/wp-content\\\/uploads\\\/2023\\\/07\\\/Wein_werte_Logo700-1.png\",\"contentUrl\":\"https:\\\/\\\/wein-werte.com\\\/wp-content\\\/uploads\\\/2023\\\/07\\\/Wein_werte_Logo700-1.png\",\"width\":700,\"height\":272,\"caption\":\"Vins Fins Thorrold\"},\"image\":{\"@id\":\"https:\\\/\\\/wein-werte.com\\\/de\\\/#\\\/schema\\\/logo\\\/image\\\/\"}}]}<\/script>\n<!-- \/ Yoast SEO plugin. -->","yoast_head_json":{"title":"Ch\u00e2teau Climens Lilium Grand Vin blanc Sec 2022","description":"Kaufe Ch\u00e2teau Climens Lilium Grand Vin blanc Sec 2022 (S\u00e9millon, trocken aus Bordeaux, Frankreich) bei Wein Werte, Ihrem nachhaltigen Onlineshop.","robots":{"index":"index","follow":"follow","max-snippet":"max-snippet:-1","max-image-preview":"max-image-preview:large","max-video-preview":"max-video-preview:-1"},"canonical":"https:\/\/wein-werte.com\/de\/produkt\/chateau-climens-lilium-grand-vin-blanc-sec-2022-750ml\/","og_locale":"de_DE","og_type":"article","og_title":"Ch\u00e2teau Climens Lilium Grand Vin blanc Sec 2022","og_description":"Kaufe Ch\u00e2teau Climens Lilium Grand Vin blanc Sec 2022 (S\u00e9millon, trocken aus Bordeaux, Frankreich) bei Wein Werte, Ihrem nachhaltigen Onlineshop.","og_url":"https:\/\/wein-werte.com\/de\/produkt\/chateau-climens-lilium-grand-vin-blanc-sec-2022-750ml\/","og_site_name":"Wein Werte","og_image":[{"width":326,"height":1200,"url":"https:\/\/wein-werte.com\/wp-content\/uploads\/2026\/04\/Chateau-Climens-Lilium-Grand-Vin-blanc-Sec-2022-750ml.png","type":"image\/png"}],"twitter_card":"summary_large_image","twitter_misc":{"Gesch\u00e4tzte Lesezeit":"1\u00a0Minute"},"schema":{"@context":"https:\/\/schema.org","@graph":[{"@type":"WebPage","@id":"https:\/\/wein-werte.com\/de\/produkt\/chateau-climens-lilium-grand-vin-blanc-sec-2022-750ml\/","url":"https:\/\/wein-werte.com\/de\/produkt\/chateau-climens-lilium-grand-vin-blanc-sec-2022-750ml\/","name":"Ch\u00e2teau Climens Lilium Grand Vin blanc Sec 2022","isPartOf":{"@id":"https:\/\/wein-werte.com\/de\/#website"},"primaryImageOfPage":{"@id":"https:\/\/wein-werte.com\/de\/produkt\/chateau-climens-lilium-grand-vin-blanc-sec-2022-750ml\/#primaryimage"},"image":{"@id":"https:\/\/wein-werte.com\/de\/produkt\/chateau-climens-lilium-grand-vin-blanc-sec-2022-750ml\/#primaryimage"},"thumbnailUrl":"https:\/\/wein-werte.com\/wp-content\/uploads\/2026\/04\/Chateau-Climens-Lilium-Grand-Vin-blanc-Sec-2022-750ml.png","datePublished":"2026-05-08T18:10:33+00:00","description":"Kaufe Ch\u00e2teau Climens Lilium Grand Vin blanc Sec 2022 (S\u00e9millon, trocken aus Bordeaux, Frankreich) bei Wein Werte, Ihrem nachhaltigen Onlineshop.","breadcrumb":{"@id":"https:\/\/wein-werte.com\/de\/produkt\/chateau-climens-lilium-grand-vin-blanc-sec-2022-750ml\/#breadcrumb"},"inLanguage":"de","potentialAction":[{"@type":"ReadAction","target":["https:\/\/wein-werte.com\/de\/produkt\/chateau-climens-lilium-grand-vin-blanc-sec-2022-750ml\/"]}]},{"@type":"ImageObject","inLanguage":"de","@id":"https:\/\/wein-werte.com\/de\/produkt\/chateau-climens-lilium-grand-vin-blanc-sec-2022-750ml\/#primaryimage","url":"https:\/\/wein-werte.com\/wp-content\/uploads\/2026\/04\/Chateau-Climens-Lilium-Grand-Vin-blanc-Sec-2022-750ml.png","contentUrl":"https:\/\/wein-werte.com\/wp-content\/uploads\/2026\/04\/Chateau-Climens-Lilium-Grand-Vin-blanc-Sec-2022-750ml.png","width":326,"height":1200,"caption":"Ch\u00e2teau Climens Lilium, Grand Vin Blanc Sec AOC 2022 750ml"},{"@type":"BreadcrumbList","@id":"https:\/\/wein-werte.com\/de\/produkt\/chateau-climens-lilium-grand-vin-blanc-sec-2022-750ml\/#breadcrumb","itemListElement":[{"@type":"ListItem","position":1,"name":"Home","item":"https:\/\/wein-werte.com\/de\/"},{"@type":"ListItem","position":2,"name":"Shop","item":"https:\/\/wein-werte.com\/de\/shop\/"},{"@type":"ListItem","position":3,"name":"Ch\u00e2teau Climens | Bordeaux | Lilium, Grand Vin Blanc Sec AOC | 2022 | 750ml | bio"}]},{"@type":"WebSite","@id":"https:\/\/wein-werte.com\/de\/#website","url":"https:\/\/wein-werte.com\/de\/","name":"Wein Werte","description":"","publisher":{"@id":"https:\/\/wein-werte.com\/de\/#organization"},"potentialAction":[{"@type":"SearchAction","target":{"@type":"EntryPoint","urlTemplate":"https:\/\/wein-werte.com\/de\/?s={search_term_string}"},"query-input":{"@type":"PropertyValueSpecification","valueRequired":true,"valueName":"search_term_string"}}],"inLanguage":"de"},{"@type":"Organization","@id":"https:\/\/wein-werte.com\/de\/#organization","name":"Vins Fins Thorrold","url":"https:\/\/wein-werte.com\/de\/","logo":{"@type":"ImageObject","inLanguage":"de","@id":"https:\/\/wein-werte.com\/de\/#\/schema\/logo\/image\/","url":"https:\/\/wein-werte.com\/wp-content\/uploads\/2023\/07\/Wein_werte_Logo700-1.png","contentUrl":"https:\/\/wein-werte.com\/wp-content\/uploads\/2023\/07\/Wein_werte_Logo700-1.png","width":700,"height":272,"caption":"Vins Fins Thorrold"},"image":{"@id":"https:\/\/wein-werte.com\/de\/#\/schema\/logo\/image\/"}}]}},"_links":{"self":[{"href":"https:\/\/wein-werte.com\/de\/wp-json\/wp\/v2\/product\/1136714","targetHints":{"allow":["GET"]}}],"collection":[{"href":"https:\/\/wein-werte.com\/de\/wp-json\/wp\/v2\/product"}],"about":[{"href":"https:\/\/wein-werte.com\/de\/wp-json\/wp\/v2\/types\/product"}],"wp:featuredmedia":[{"embeddable":true,"href":"https:\/\/wein-werte.com\/de\/wp-json\/wp\/v2\/media\/1146380"}],"wp:attachment":[{"href":"https:\/\/wein-werte.com\/de\/wp-json\/wp\/v2\/media?parent=1136714"}],"wp:term":[{"taxonomy":"product_brand","embeddable":true,"href":"https:\/\/wein-werte.com\/de\/wp-json\/wp\/v2\/product_brand?post=1136714"},{"taxonomy":"product_cat","embeddable":true,"href":"https:\/\/wein-werte.com\/de\/wp-json\/wp\/v2\/product_cat?post=1136714"},{"taxonomy":"product_tag","embeddable":true,"href":"https:\/\/wein-werte.com\/de\/wp-json\/wp\/v2\/product_tag?post=1136714"}],"curies":[{"name":"wp","href":"https:\/\/api.w.org\/{rel}","templated":true}]}}