{"id":1136694,"date":"2026-05-08T20:10:32","date_gmt":"2026-05-08T18:10:32","guid":{"rendered":"https:\/\/wein-werte.com\/product\/chateau-falfas-chateau-falfas-2017-750ml\/"},"modified":"2026-04-27T12:07:26","modified_gmt":"2026-04-27T10:07:26","slug":"chateau-falfas-chateau-falfas-2017-750ml","status":"publish","type":"product","link":"https:\/\/wein-werte.com\/de\/produkt\/chateau-falfas-chateau-falfas-2017-750ml\/","title":{"rendered":"Ch\u00e2teau Falfas | Bordeaux | Ch\u00e2teau Falfas, C\u00f4tes de Bourg AOC | 2017 | 750ml | bio"},"content":{"rendered":"<p>Produktbeschreibung f\u00fcr Ch\u00e2teau Falfas Ch\u00e2teau Falfas, C\u00f4tes de Bourg AOC 2017 (bio)<\/p>\n<p>\u00a0 <\/p>\n<h5>Info<\/h5>\n<p>In Bayon in der C\u00f4tes de Bourg steht das Ch\u00e2teau Falfas. Die Rebeanlagen wurden in den 1980er Jahren gepflanzt und sind komplett biodynamsich bewirtschaftet.<\/p>\n<p>Die Cuv\u00e9e besteht aus 55% Merlot, 30% Cabernet Sauvignon und 10% Cabernet Franc sowie komplement\u00e4r Malbec. Der Ausbau der Weine findet typisch im kleinen Barrique statt. Ein gutes Drittel ist dabei Erstbelegung. Nach einem knappen Jahr im Fass wird gef\u00fcllt.<\/p>\n<p>\u00a0<\/p>\n<h5>Farbe<\/h5>\n<p>Sattes Kirschrot mit dunklem Kern und hellerem Rand<\/p>\n<p>\u00a0<\/p>\n<h5>Nase<\/h5>\n<p>Der 2017 Ch\u00e2teau Falfas lebt von einer ehrlichen, tiefgr\u00fcndigen Nase. Er wirkt erwachsen und ruht absolut in sich. Frucht, W\u00fcrze, Erdigkeit und Eleganz stehen in absolutem Einklang zueinander. S\u00fc\u00dfkirsche, Pflaume, Cassis und Holunderbeere pr\u00e4gen ihn dabei aromatisch. Er weist erdige Nuancen von feuchtem Waldboden und Unterholz auf. Auch helle Tabakbl\u00e4tter und Zigarrenkiste sind dabei zu entdecken. Man trifft auf reichlich w\u00fcrzige Aromen. Schwarzer Pfeffer, Piment, Wacholder und Majoran. Liebst\u00f6ckel und Rosmarin versorgen ihn mit intensiv duftenden Kr\u00e4utern. Gerade Liebst\u00f6ckel ist pr\u00e4gend und suggeriert direkt Umami-Assoziationen. Im Hintergrund schwirren Zimt und ger\u00f6stete Haseln\u00fcsse \u2013 herrlich. \u00a0<\/p>\n<p>\u00a0<\/p>\n<h5>Gaumen<\/h5>\n<p>Genau diese Umami-Gedanken werden komplett bedient. Er wirkt saftig, fleischig und w\u00fcrzig. Dies aber total harmonisch bei einem schmelzenden Tannin. Die Frucht ordnet sich unter und dient eher als strukturelle Basis. Seine erdige W\u00fcrze, wie in der Nase beschrieben, kommt sehr gut zur Geltung. Die w\u00fcrzigen Akzente aus Gew\u00fcrzen und Kr\u00e4utern zeichnen sein Geschmacksbild deutlich. Er wirkt geschliffen und steht auf einem steinigen Ger\u00fcst. Sein herzhafter Charakter ist sehr geklungen. Zug\u00e4nglich und doch zeitgleich mit viel Anspruch. Sehr guter Bordeaux f\u00fcr sehr moderates Geld. Das Tannin kleidet den Mundraum im Nachhall sehr angenehm aus. diese feinen Bitterstoffe binden auch die Frucht nochmals und lassen ihn noch lange nachwirken.<\/p>\n<p>Copyright Vinaturel 2025<\/p>\n<p>Keywords: <a href=\"https:\/\/wein-werte.com\/de\/shop\/?swoof=1&#038;pa_producer=Ch\u00e2teau-Falfas\">Ch\u00e2teau Falfas<\/a> <a href=\"https:\/\/wein-werte.com\/de\/shop\/?swoof=1&#038;woof_text=Ch\u00e2teau Falfas, C\u00f4tes de Bourg AOC\">Ch\u00e2teau Falfas, C\u00f4tes de Bourg AOC<\/a> 2017 bio <a href=\"https:\/\/wein-werte.com\/de\/shop\/?swoof=1&#038;pa_region=Bordeaux\">Bordeaux<\/a> <a href=\"https:\/\/wein-werte.com\/de\/shop\/?swoof=1&#038;pa_country=Frankreich\">Frankreich<\/a><\/p>\n<p>Internetseite des Weinguts: <a href=\"https:\/\/www.chateaufalfas.com\/index.php\/fr\/\" target=\"_blank\">https:\/\/www.chateaufalfas.com\/index.php\/fr\/<\/a><\/p>\n","protected":false},"excerpt":{"rendered":"<p>Lieferzeit: 1 bis 2 Arbeitstage (DE), 2 bis 5 Arbeitstage (EU and CH)<\/p>\n","protected":false},"featured_media":1146364,"template":"","meta":[],"product_brand":[],"product_cat":[19],"product_tag":[],"class_list":{"0":"post-1136694","1":"product","2":"type-product","3":"status-publish","4":"has-post-thumbnail","6":"product_cat-unkategorisiert","7":"pa_alcohol-for-filter-13-5","8":"pa_certified-biodynamic-ja-de","9":"pa_certified-organic-ja-de","10":"pa_colour-rot","11":"pa_country-frankreich","12":"pa_grape-cabernet-franc-cuvee","13":"pa_price-for-filter-10567","14":"pa_producer-chateau-falfas","15":"pa_region-bordeaux","16":"pa_size-ml-6584","17":"pa_sweetness-trocken-de","18":"pa_type-2-still-de","19":"pa_vintage-2017-de","20":"entry","21":"has-media","23":"first","24":"instock","25":"taxable","26":"shipping-taxable","27":"purchasable","28":"product-type-simple"},"yoast_head":"<!-- This site is optimized with the Yoast SEO plugin v27.5 - https:\/\/yoast.com\/product\/yoast-seo-wordpress\/ -->\n<title>Ch\u00e2teau Falfas Ch\u00e2teau Falfas 2017<\/title>\n<meta name=\"description\" content=\"Kaufe Ch\u00e2teau Falfas Ch\u00e2teau Falfas 2017 (Cabernet Franc Cuv\u00e9e, trocken aus Bordeaux, Frankreich) bei Wein Werte, Ihrem nachhaltigen Onlineshop.\" \/>\n<meta name=\"robots\" content=\"index, follow, max-snippet:-1, max-image-preview:large, max-video-preview:-1\" \/>\n<link rel=\"canonical\" href=\"https:\/\/wein-werte.com\/de\/produkt\/chateau-falfas-chateau-falfas-2017-750ml\/\" \/>\n<meta property=\"og:locale\" content=\"de_DE\" \/>\n<meta property=\"og:type\" content=\"article\" \/>\n<meta property=\"og:title\" content=\"Ch\u00e2teau Falfas Ch\u00e2teau Falfas 2017\" \/>\n<meta property=\"og:description\" content=\"Kaufe Ch\u00e2teau Falfas Ch\u00e2teau Falfas 2017 (Cabernet Franc Cuv\u00e9e, trocken aus Bordeaux, Frankreich) bei Wein Werte, Ihrem nachhaltigen Onlineshop.\" \/>\n<meta property=\"og:url\" content=\"https:\/\/wein-werte.com\/de\/produkt\/chateau-falfas-chateau-falfas-2017-750ml\/\" \/>\n<meta property=\"og:site_name\" content=\"Wein Werte\" \/>\n<meta property=\"og:image\" content=\"https:\/\/wein-werte.com\/wp-content\/uploads\/2026\/04\/Chateau-Falfas-Chateau-Falfas-2017-750ml.png\" \/>\n\t<meta property=\"og:image:width\" content=\"300\" \/>\n\t<meta property=\"og:image:height\" content=\"1200\" \/>\n\t<meta property=\"og:image:type\" content=\"image\/png\" \/>\n<meta name=\"twitter:card\" content=\"summary_large_image\" \/>\n<meta name=\"twitter:label1\" content=\"Gesch\u00e4tzte Lesezeit\" \/>\n\t<meta name=\"twitter:data1\" content=\"2\u00a0Minuten\" \/>\n<script type=\"application\/ld+json\" class=\"yoast-schema-graph\">{\"@context\":\"https:\\\/\\\/schema.org\",\"@graph\":[{\"@type\":\"WebPage\",\"@id\":\"https:\\\/\\\/wein-werte.com\\\/de\\\/produkt\\\/chateau-falfas-chateau-falfas-2017-750ml\\\/\",\"url\":\"https:\\\/\\\/wein-werte.com\\\/de\\\/produkt\\\/chateau-falfas-chateau-falfas-2017-750ml\\\/\",\"name\":\"Ch\u00e2teau Falfas Ch\u00e2teau Falfas 2017\",\"isPartOf\":{\"@id\":\"https:\\\/\\\/wein-werte.com\\\/de\\\/#website\"},\"primaryImageOfPage\":{\"@id\":\"https:\\\/\\\/wein-werte.com\\\/de\\\/produkt\\\/chateau-falfas-chateau-falfas-2017-750ml\\\/#primaryimage\"},\"image\":{\"@id\":\"https:\\\/\\\/wein-werte.com\\\/de\\\/produkt\\\/chateau-falfas-chateau-falfas-2017-750ml\\\/#primaryimage\"},\"thumbnailUrl\":\"https:\\\/\\\/wein-werte.com\\\/wp-content\\\/uploads\\\/2026\\\/04\\\/Chateau-Falfas-Chateau-Falfas-2017-750ml.png\",\"datePublished\":\"2026-05-08T18:10:32+00:00\",\"description\":\"Kaufe Ch\u00e2teau Falfas Ch\u00e2teau Falfas 2017 (Cabernet Franc Cuv\u00e9e, trocken aus Bordeaux, Frankreich) bei Wein Werte, Ihrem nachhaltigen Onlineshop.\",\"breadcrumb\":{\"@id\":\"https:\\\/\\\/wein-werte.com\\\/de\\\/produkt\\\/chateau-falfas-chateau-falfas-2017-750ml\\\/#breadcrumb\"},\"inLanguage\":\"de\",\"potentialAction\":[{\"@type\":\"ReadAction\",\"target\":[\"https:\\\/\\\/wein-werte.com\\\/de\\\/produkt\\\/chateau-falfas-chateau-falfas-2017-750ml\\\/\"]}]},{\"@type\":\"ImageObject\",\"inLanguage\":\"de\",\"@id\":\"https:\\\/\\\/wein-werte.com\\\/de\\\/produkt\\\/chateau-falfas-chateau-falfas-2017-750ml\\\/#primaryimage\",\"url\":\"https:\\\/\\\/wein-werte.com\\\/wp-content\\\/uploads\\\/2026\\\/04\\\/Chateau-Falfas-Chateau-Falfas-2017-750ml.png\",\"contentUrl\":\"https:\\\/\\\/wein-werte.com\\\/wp-content\\\/uploads\\\/2026\\\/04\\\/Chateau-Falfas-Chateau-Falfas-2017-750ml.png\",\"width\":300,\"height\":1200,\"caption\":\"Ch\u00e2teau Falfas Ch\u00e2teau Falfas, C\u00f4tes de Bourg AOC 2017 750ml\"},{\"@type\":\"BreadcrumbList\",\"@id\":\"https:\\\/\\\/wein-werte.com\\\/de\\\/produkt\\\/chateau-falfas-chateau-falfas-2017-750ml\\\/#breadcrumb\",\"itemListElement\":[{\"@type\":\"ListItem\",\"position\":1,\"name\":\"Home\",\"item\":\"https:\\\/\\\/wein-werte.com\\\/de\\\/\"},{\"@type\":\"ListItem\",\"position\":2,\"name\":\"Shop\",\"item\":\"https:\\\/\\\/wein-werte.com\\\/de\\\/shop\\\/\"},{\"@type\":\"ListItem\",\"position\":3,\"name\":\"Ch\u00e2teau Falfas | Bordeaux | Ch\u00e2teau Falfas, C\u00f4tes de Bourg AOC | 2017 | 750ml | bio\"}]},{\"@type\":\"WebSite\",\"@id\":\"https:\\\/\\\/wein-werte.com\\\/de\\\/#website\",\"url\":\"https:\\\/\\\/wein-werte.com\\\/de\\\/\",\"name\":\"Wein Werte\",\"description\":\"\",\"publisher\":{\"@id\":\"https:\\\/\\\/wein-werte.com\\\/de\\\/#organization\"},\"potentialAction\":[{\"@type\":\"SearchAction\",\"target\":{\"@type\":\"EntryPoint\",\"urlTemplate\":\"https:\\\/\\\/wein-werte.com\\\/de\\\/?s={search_term_string}\"},\"query-input\":{\"@type\":\"PropertyValueSpecification\",\"valueRequired\":true,\"valueName\":\"search_term_string\"}}],\"inLanguage\":\"de\"},{\"@type\":\"Organization\",\"@id\":\"https:\\\/\\\/wein-werte.com\\\/de\\\/#organization\",\"name\":\"Vins Fins Thorrold\",\"url\":\"https:\\\/\\\/wein-werte.com\\\/de\\\/\",\"logo\":{\"@type\":\"ImageObject\",\"inLanguage\":\"de\",\"@id\":\"https:\\\/\\\/wein-werte.com\\\/de\\\/#\\\/schema\\\/logo\\\/image\\\/\",\"url\":\"https:\\\/\\\/wein-werte.com\\\/wp-content\\\/uploads\\\/2023\\\/07\\\/Wein_werte_Logo700-1.png\",\"contentUrl\":\"https:\\\/\\\/wein-werte.com\\\/wp-content\\\/uploads\\\/2023\\\/07\\\/Wein_werte_Logo700-1.png\",\"width\":700,\"height\":272,\"caption\":\"Vins Fins Thorrold\"},\"image\":{\"@id\":\"https:\\\/\\\/wein-werte.com\\\/de\\\/#\\\/schema\\\/logo\\\/image\\\/\"}}]}<\/script>\n<!-- \/ Yoast SEO plugin. -->","yoast_head_json":{"title":"Ch\u00e2teau Falfas Ch\u00e2teau Falfas 2017","description":"Kaufe Ch\u00e2teau Falfas Ch\u00e2teau Falfas 2017 (Cabernet Franc Cuv\u00e9e, trocken aus Bordeaux, Frankreich) bei Wein Werte, Ihrem nachhaltigen Onlineshop.","robots":{"index":"index","follow":"follow","max-snippet":"max-snippet:-1","max-image-preview":"max-image-preview:large","max-video-preview":"max-video-preview:-1"},"canonical":"https:\/\/wein-werte.com\/de\/produkt\/chateau-falfas-chateau-falfas-2017-750ml\/","og_locale":"de_DE","og_type":"article","og_title":"Ch\u00e2teau Falfas Ch\u00e2teau Falfas 2017","og_description":"Kaufe Ch\u00e2teau Falfas Ch\u00e2teau Falfas 2017 (Cabernet Franc Cuv\u00e9e, trocken aus Bordeaux, Frankreich) bei Wein Werte, Ihrem nachhaltigen Onlineshop.","og_url":"https:\/\/wein-werte.com\/de\/produkt\/chateau-falfas-chateau-falfas-2017-750ml\/","og_site_name":"Wein Werte","og_image":[{"width":300,"height":1200,"url":"https:\/\/wein-werte.com\/wp-content\/uploads\/2026\/04\/Chateau-Falfas-Chateau-Falfas-2017-750ml.png","type":"image\/png"}],"twitter_card":"summary_large_image","twitter_misc":{"Gesch\u00e4tzte Lesezeit":"2\u00a0Minuten"},"schema":{"@context":"https:\/\/schema.org","@graph":[{"@type":"WebPage","@id":"https:\/\/wein-werte.com\/de\/produkt\/chateau-falfas-chateau-falfas-2017-750ml\/","url":"https:\/\/wein-werte.com\/de\/produkt\/chateau-falfas-chateau-falfas-2017-750ml\/","name":"Ch\u00e2teau Falfas Ch\u00e2teau Falfas 2017","isPartOf":{"@id":"https:\/\/wein-werte.com\/de\/#website"},"primaryImageOfPage":{"@id":"https:\/\/wein-werte.com\/de\/produkt\/chateau-falfas-chateau-falfas-2017-750ml\/#primaryimage"},"image":{"@id":"https:\/\/wein-werte.com\/de\/produkt\/chateau-falfas-chateau-falfas-2017-750ml\/#primaryimage"},"thumbnailUrl":"https:\/\/wein-werte.com\/wp-content\/uploads\/2026\/04\/Chateau-Falfas-Chateau-Falfas-2017-750ml.png","datePublished":"2026-05-08T18:10:32+00:00","description":"Kaufe Ch\u00e2teau Falfas Ch\u00e2teau Falfas 2017 (Cabernet Franc Cuv\u00e9e, trocken aus Bordeaux, Frankreich) bei Wein Werte, Ihrem nachhaltigen Onlineshop.","breadcrumb":{"@id":"https:\/\/wein-werte.com\/de\/produkt\/chateau-falfas-chateau-falfas-2017-750ml\/#breadcrumb"},"inLanguage":"de","potentialAction":[{"@type":"ReadAction","target":["https:\/\/wein-werte.com\/de\/produkt\/chateau-falfas-chateau-falfas-2017-750ml\/"]}]},{"@type":"ImageObject","inLanguage":"de","@id":"https:\/\/wein-werte.com\/de\/produkt\/chateau-falfas-chateau-falfas-2017-750ml\/#primaryimage","url":"https:\/\/wein-werte.com\/wp-content\/uploads\/2026\/04\/Chateau-Falfas-Chateau-Falfas-2017-750ml.png","contentUrl":"https:\/\/wein-werte.com\/wp-content\/uploads\/2026\/04\/Chateau-Falfas-Chateau-Falfas-2017-750ml.png","width":300,"height":1200,"caption":"Ch\u00e2teau Falfas Ch\u00e2teau Falfas, C\u00f4tes de Bourg AOC 2017 750ml"},{"@type":"BreadcrumbList","@id":"https:\/\/wein-werte.com\/de\/produkt\/chateau-falfas-chateau-falfas-2017-750ml\/#breadcrumb","itemListElement":[{"@type":"ListItem","position":1,"name":"Home","item":"https:\/\/wein-werte.com\/de\/"},{"@type":"ListItem","position":2,"name":"Shop","item":"https:\/\/wein-werte.com\/de\/shop\/"},{"@type":"ListItem","position":3,"name":"Ch\u00e2teau Falfas | Bordeaux | Ch\u00e2teau Falfas, C\u00f4tes de Bourg AOC | 2017 | 750ml | bio"}]},{"@type":"WebSite","@id":"https:\/\/wein-werte.com\/de\/#website","url":"https:\/\/wein-werte.com\/de\/","name":"Wein Werte","description":"","publisher":{"@id":"https:\/\/wein-werte.com\/de\/#organization"},"potentialAction":[{"@type":"SearchAction","target":{"@type":"EntryPoint","urlTemplate":"https:\/\/wein-werte.com\/de\/?s={search_term_string}"},"query-input":{"@type":"PropertyValueSpecification","valueRequired":true,"valueName":"search_term_string"}}],"inLanguage":"de"},{"@type":"Organization","@id":"https:\/\/wein-werte.com\/de\/#organization","name":"Vins Fins Thorrold","url":"https:\/\/wein-werte.com\/de\/","logo":{"@type":"ImageObject","inLanguage":"de","@id":"https:\/\/wein-werte.com\/de\/#\/schema\/logo\/image\/","url":"https:\/\/wein-werte.com\/wp-content\/uploads\/2023\/07\/Wein_werte_Logo700-1.png","contentUrl":"https:\/\/wein-werte.com\/wp-content\/uploads\/2023\/07\/Wein_werte_Logo700-1.png","width":700,"height":272,"caption":"Vins Fins Thorrold"},"image":{"@id":"https:\/\/wein-werte.com\/de\/#\/schema\/logo\/image\/"}}]}},"_links":{"self":[{"href":"https:\/\/wein-werte.com\/de\/wp-json\/wp\/v2\/product\/1136694","targetHints":{"allow":["GET"]}}],"collection":[{"href":"https:\/\/wein-werte.com\/de\/wp-json\/wp\/v2\/product"}],"about":[{"href":"https:\/\/wein-werte.com\/de\/wp-json\/wp\/v2\/types\/product"}],"wp:featuredmedia":[{"embeddable":true,"href":"https:\/\/wein-werte.com\/de\/wp-json\/wp\/v2\/media\/1146364"}],"wp:attachment":[{"href":"https:\/\/wein-werte.com\/de\/wp-json\/wp\/v2\/media?parent=1136694"}],"wp:term":[{"taxonomy":"product_brand","embeddable":true,"href":"https:\/\/wein-werte.com\/de\/wp-json\/wp\/v2\/product_brand?post=1136694"},{"taxonomy":"product_cat","embeddable":true,"href":"https:\/\/wein-werte.com\/de\/wp-json\/wp\/v2\/product_cat?post=1136694"},{"taxonomy":"product_tag","embeddable":true,"href":"https:\/\/wein-werte.com\/de\/wp-json\/wp\/v2\/product_tag?post=1136694"}],"curies":[{"name":"wp","href":"https:\/\/api.w.org\/{rel}","templated":true}]}}