{"id":1136689,"date":"2026-05-12T16:00:58","date_gmt":"2026-05-12T14:00:58","guid":{"rendered":"https:\/\/wein-werte.com\/product\/chateau-falfas-chateau-falfas-2020-750ml\/"},"modified":"2026-05-12T20:00:53","modified_gmt":"2026-05-12T18:00:53","slug":"chateau-falfas-chateau-falfas-2020-750ml","status":"publish","type":"product","link":"https:\/\/wein-werte.com\/de\/produkt\/chateau-falfas-chateau-falfas-2020-750ml\/","title":{"rendered":"Ch\u00e2teau Falfas | Bordeaux | Ch\u00e2teau Falfas, C\u00f4tes de Bourg AOC | 2020 | 750ml | bio"},"content":{"rendered":"<p>Produktbeschreibung f\u00fcr Ch\u00e2teau Falfas Ch\u00e2teau Falfas, C\u00f4tes de Bourg AOC 2020 (bio)<\/p>\n<p>\u00a0 <\/p>\n<h5>Info<\/h5>\n<p>Die Cuv\u00e9e basiert auf 55% Merlot, 30% Cabernet Sauvignon, 10% Cabernet Franc sowie 5% Malbec.<\/p>\n<p>Die Reben sind im Durchschnitt 35 Jahre alt und der Ausbau erfolgt f\u00fcr 12 Monate in kleinen Barriques.<\/p>\n<p>\u00a0<\/p>\n<h5>Farbe<\/h5>\n<p>Dichtes Purpur, violette Einschl\u00fcsse<\/p>\n<p>\u00a0<\/p>\n<h5>Nase<\/h5>\n<p>Holunderbeere, Cassis, rote Johannisbeere sind in der ersten Reihe zu erw\u00e4hnen. Zum Gl\u00fcck ist keine Frucht von marmeladiger S\u00fc\u00dfe gepr\u00e4gt, sondern wohl dosiert. Brombeere, Himbeere und ein Hauch S\u00fc\u00dfkirsche kommen neben Pflaume in der zweiten Reihe zur Geltung. Eine Brise schwarzer Pfeffer neben etwas Zimt und einem Hauch zur orientalischen Gew\u00fcrzmischung breitet sich aus. Zedernholz, Zigarrenkiste und helle Tabakbl\u00e4tter bauen sich dann langsam auf. Dunkel Schokolade, Lakritz und ger\u00f6stete Kaffee sind in diesem jungen Stadium nur untergeordnet zu erkennen. Akazienholz, Rosmarin und Wacholder verleihen ihm dann noch weiter balsamische und etherische Nuancen.<\/p>\n<p>\u00a0<\/p>\n<h5>Gaumen<\/h5>\n<p>Im Antrunk flie\u00dft dann die Frucht \u00fcppig \u00fcber den Gaumen. Seien kernige Tanninstruktur eilt schnell herbei und liefert Abhilfe. Das Tannin mit leicht gr\u00fcnen Akzenten belebt die Frucht positiven und spielt einen aktiven Part. Dadurch h\u00e4lt er die Wage zwischen w\u00fcrzigen und fruchtigen Akzenten. Er wirkt straff und verl\u00e4uft linear in seiner aromatischen Entwicklung. Auch im Nachhall kommt zwar zun\u00e4chst die Frucht deutlich intensiver zur Geltung, vers\u00e4umt es aber nicht, auch den anderen Nuancen Freiraum zu schaffen sich zu entfalten.<\/p>\n<p>Copyright Vinaturel 2025<\/p>\n<p>Keywords: <a href=\"https:\/\/wein-werte.com\/de\/shop\/?swoof=1&#038;pa_producer=Ch\u00e2teau-Falfas\">Ch\u00e2teau Falfas<\/a> <a href=\"https:\/\/wein-werte.com\/de\/shop\/?swoof=1&#038;woof_text=Ch\u00e2teau Falfas, C\u00f4tes de Bourg AOC\">Ch\u00e2teau Falfas, C\u00f4tes de Bourg AOC<\/a> 2020 bio <a href=\"https:\/\/wein-werte.com\/de\/shop\/?swoof=1&#038;pa_region=Bordeaux\">Bordeaux<\/a> <a href=\"https:\/\/wein-werte.com\/de\/shop\/?swoof=1&#038;pa_country=Frankreich\">Frankreich<\/a><\/p>\n<p>Internetseite des Weinguts: <a href=\"https:\/\/www.chateaufalfas.com\/index.php\/fr\/\" target=\"_blank\">https:\/\/www.chateaufalfas.com\/index.php\/fr\/<\/a><\/p>\n","protected":false},"excerpt":{"rendered":"<div style=\"font-size: 14px;\">\n<p>Lieferzeit: 1 bis 2 Arbeitstage (DE), 2 bis 5 Arbeitstage (EU und CH)<\/p>\n<p>Ungef\u00e4hrer Energiegehalt pro 125-ml-Glas: 110 kcal<\/p>\n<\/p><\/div>\n","protected":false},"featured_media":1146360,"template":"","meta":[],"product_brand":[],"product_cat":[19],"product_tag":[],"class_list":{"0":"post-1136689","1":"product","2":"type-product","3":"status-publish","4":"has-post-thumbnail","6":"product_cat-unkategorisiert","7":"pa_alcohol-for-filter-13-5","8":"pa_certified-biodynamic-ja-de","9":"pa_certified-organic-ja-de","10":"pa_colour-rot","11":"pa_country-frankreich","12":"pa_grape-cabernet-franc-cuvee","13":"pa_price-for-filter-10582","14":"pa_producer-chateau-falfas","15":"pa_region-bordeaux","16":"pa_size-ml-6584","17":"pa_sweetness-trocken-de","18":"pa_type-2-still-de","19":"pa_vintage-2020-de","20":"entry","21":"has-media","23":"first","24":"instock","25":"taxable","26":"shipping-taxable","27":"purchasable","28":"product-type-simple"},"yoast_head":"<!-- This site is optimized with the Yoast SEO plugin v27.6 - https:\/\/yoast.com\/product\/yoast-seo-wordpress\/ -->\n<title>Ch\u00e2teau Falfas Ch\u00e2teau Falfas 2020<\/title>\n<meta name=\"description\" content=\"Kaufe Ch\u00e2teau Falfas Ch\u00e2teau Falfas 2020 (Cabernet Franc Cuv\u00e9e, trocken aus Bordeaux, Frankreich) bei Wein Werte, Ihrem nachhaltigen Onlineshop.\" \/>\n<meta name=\"robots\" content=\"index, follow, max-snippet:-1, max-image-preview:large, max-video-preview:-1\" \/>\n<link rel=\"canonical\" href=\"https:\/\/wein-werte.com\/de\/produkt\/chateau-falfas-chateau-falfas-2020-750ml\/\" \/>\n<meta property=\"og:locale\" content=\"de_DE\" \/>\n<meta property=\"og:type\" content=\"article\" \/>\n<meta property=\"og:title\" content=\"Ch\u00e2teau Falfas Ch\u00e2teau Falfas 2020\" \/>\n<meta property=\"og:description\" content=\"Kaufe Ch\u00e2teau Falfas Ch\u00e2teau Falfas 2020 (Cabernet Franc Cuv\u00e9e, trocken aus Bordeaux, Frankreich) bei Wein Werte, Ihrem nachhaltigen Onlineshop.\" \/>\n<meta property=\"og:url\" content=\"https:\/\/wein-werte.com\/de\/produkt\/chateau-falfas-chateau-falfas-2020-750ml\/\" \/>\n<meta property=\"og:site_name\" content=\"Wein Werte\" \/>\n<meta property=\"article:modified_time\" content=\"2026-05-12T18:00:53+00:00\" \/>\n<meta property=\"og:image\" content=\"https:\/\/wein-werte.com\/wp-content\/uploads\/2026\/04\/Chateau-Falfas-Chateau-Falfas-2020-750ml.png\" \/>\n\t<meta property=\"og:image:width\" content=\"302\" \/>\n\t<meta property=\"og:image:height\" content=\"1200\" \/>\n\t<meta property=\"og:image:type\" content=\"image\/png\" \/>\n<meta name=\"twitter:card\" content=\"summary_large_image\" \/>\n<meta name=\"twitter:label1\" content=\"Gesch\u00e4tzte Lesezeit\" \/>\n\t<meta name=\"twitter:data1\" content=\"1\u00a0Minute\" \/>\n<script type=\"application\/ld+json\" class=\"yoast-schema-graph\">{\"@context\":\"https:\\\/\\\/schema.org\",\"@graph\":[{\"@type\":\"WebPage\",\"@id\":\"https:\\\/\\\/wein-werte.com\\\/de\\\/produkt\\\/chateau-falfas-chateau-falfas-2020-750ml\\\/\",\"url\":\"https:\\\/\\\/wein-werte.com\\\/de\\\/produkt\\\/chateau-falfas-chateau-falfas-2020-750ml\\\/\",\"name\":\"Ch\u00e2teau Falfas Ch\u00e2teau Falfas 2020\",\"isPartOf\":{\"@id\":\"https:\\\/\\\/wein-werte.com\\\/de\\\/#website\"},\"primaryImageOfPage\":{\"@id\":\"https:\\\/\\\/wein-werte.com\\\/de\\\/produkt\\\/chateau-falfas-chateau-falfas-2020-750ml\\\/#primaryimage\"},\"image\":{\"@id\":\"https:\\\/\\\/wein-werte.com\\\/de\\\/produkt\\\/chateau-falfas-chateau-falfas-2020-750ml\\\/#primaryimage\"},\"thumbnailUrl\":\"https:\\\/\\\/wein-werte.com\\\/wp-content\\\/uploads\\\/2026\\\/04\\\/Chateau-Falfas-Chateau-Falfas-2020-750ml.png\",\"datePublished\":\"2026-05-12T14:00:58+00:00\",\"dateModified\":\"2026-05-12T18:00:53+00:00\",\"description\":\"Kaufe Ch\u00e2teau Falfas Ch\u00e2teau Falfas 2020 (Cabernet Franc Cuv\u00e9e, trocken aus Bordeaux, Frankreich) bei Wein Werte, Ihrem nachhaltigen Onlineshop.\",\"breadcrumb\":{\"@id\":\"https:\\\/\\\/wein-werte.com\\\/de\\\/produkt\\\/chateau-falfas-chateau-falfas-2020-750ml\\\/#breadcrumb\"},\"inLanguage\":\"de\",\"potentialAction\":[{\"@type\":\"ReadAction\",\"target\":[\"https:\\\/\\\/wein-werte.com\\\/de\\\/produkt\\\/chateau-falfas-chateau-falfas-2020-750ml\\\/\"]}]},{\"@type\":\"ImageObject\",\"inLanguage\":\"de\",\"@id\":\"https:\\\/\\\/wein-werte.com\\\/de\\\/produkt\\\/chateau-falfas-chateau-falfas-2020-750ml\\\/#primaryimage\",\"url\":\"https:\\\/\\\/wein-werte.com\\\/wp-content\\\/uploads\\\/2026\\\/04\\\/Chateau-Falfas-Chateau-Falfas-2020-750ml.png\",\"contentUrl\":\"https:\\\/\\\/wein-werte.com\\\/wp-content\\\/uploads\\\/2026\\\/04\\\/Chateau-Falfas-Chateau-Falfas-2020-750ml.png\",\"width\":302,\"height\":1200,\"caption\":\"Ch\u00e2teau Falfas Ch\u00e2teau Falfas, C\u00f4tes de Bourg AOC 2020 750ml\"},{\"@type\":\"BreadcrumbList\",\"@id\":\"https:\\\/\\\/wein-werte.com\\\/de\\\/produkt\\\/chateau-falfas-chateau-falfas-2020-750ml\\\/#breadcrumb\",\"itemListElement\":[{\"@type\":\"ListItem\",\"position\":1,\"name\":\"Home\",\"item\":\"https:\\\/\\\/wein-werte.com\\\/de\\\/\"},{\"@type\":\"ListItem\",\"position\":2,\"name\":\"Shop\",\"item\":\"https:\\\/\\\/wein-werte.com\\\/de\\\/shop\\\/\"},{\"@type\":\"ListItem\",\"position\":3,\"name\":\"Ch\u00e2teau Falfas | Bordeaux | Ch\u00e2teau Falfas, C\u00f4tes de Bourg AOC | 2020 | 750ml | bio\"}]},{\"@type\":\"WebSite\",\"@id\":\"https:\\\/\\\/wein-werte.com\\\/de\\\/#website\",\"url\":\"https:\\\/\\\/wein-werte.com\\\/de\\\/\",\"name\":\"Wein Werte\",\"description\":\"\",\"publisher\":{\"@id\":\"https:\\\/\\\/wein-werte.com\\\/de\\\/#organization\"},\"potentialAction\":[{\"@type\":\"SearchAction\",\"target\":{\"@type\":\"EntryPoint\",\"urlTemplate\":\"https:\\\/\\\/wein-werte.com\\\/de\\\/?s={search_term_string}\"},\"query-input\":{\"@type\":\"PropertyValueSpecification\",\"valueRequired\":true,\"valueName\":\"search_term_string\"}}],\"inLanguage\":\"de\"},{\"@type\":\"Organization\",\"@id\":\"https:\\\/\\\/wein-werte.com\\\/de\\\/#organization\",\"name\":\"Vins Fins Thorrold\",\"url\":\"https:\\\/\\\/wein-werte.com\\\/de\\\/\",\"logo\":{\"@type\":\"ImageObject\",\"inLanguage\":\"de\",\"@id\":\"https:\\\/\\\/wein-werte.com\\\/de\\\/#\\\/schema\\\/logo\\\/image\\\/\",\"url\":\"https:\\\/\\\/wein-werte.com\\\/wp-content\\\/uploads\\\/2023\\\/07\\\/Wein_werte_Logo700-1.png\",\"contentUrl\":\"https:\\\/\\\/wein-werte.com\\\/wp-content\\\/uploads\\\/2023\\\/07\\\/Wein_werte_Logo700-1.png\",\"width\":700,\"height\":272,\"caption\":\"Vins Fins Thorrold\"},\"image\":{\"@id\":\"https:\\\/\\\/wein-werte.com\\\/de\\\/#\\\/schema\\\/logo\\\/image\\\/\"}}]}<\/script>\n<!-- \/ Yoast SEO plugin. -->","yoast_head_json":{"title":"Ch\u00e2teau Falfas Ch\u00e2teau Falfas 2020","description":"Kaufe Ch\u00e2teau Falfas Ch\u00e2teau Falfas 2020 (Cabernet Franc Cuv\u00e9e, trocken aus Bordeaux, Frankreich) bei Wein Werte, Ihrem nachhaltigen Onlineshop.","robots":{"index":"index","follow":"follow","max-snippet":"max-snippet:-1","max-image-preview":"max-image-preview:large","max-video-preview":"max-video-preview:-1"},"canonical":"https:\/\/wein-werte.com\/de\/produkt\/chateau-falfas-chateau-falfas-2020-750ml\/","og_locale":"de_DE","og_type":"article","og_title":"Ch\u00e2teau Falfas Ch\u00e2teau Falfas 2020","og_description":"Kaufe Ch\u00e2teau Falfas Ch\u00e2teau Falfas 2020 (Cabernet Franc Cuv\u00e9e, trocken aus Bordeaux, Frankreich) bei Wein Werte, Ihrem nachhaltigen Onlineshop.","og_url":"https:\/\/wein-werte.com\/de\/produkt\/chateau-falfas-chateau-falfas-2020-750ml\/","og_site_name":"Wein Werte","article_modified_time":"2026-05-12T18:00:53+00:00","og_image":[{"width":302,"height":1200,"url":"https:\/\/wein-werte.com\/wp-content\/uploads\/2026\/04\/Chateau-Falfas-Chateau-Falfas-2020-750ml.png","type":"image\/png"}],"twitter_card":"summary_large_image","twitter_misc":{"Gesch\u00e4tzte Lesezeit":"1\u00a0Minute"},"schema":{"@context":"https:\/\/schema.org","@graph":[{"@type":"WebPage","@id":"https:\/\/wein-werte.com\/de\/produkt\/chateau-falfas-chateau-falfas-2020-750ml\/","url":"https:\/\/wein-werte.com\/de\/produkt\/chateau-falfas-chateau-falfas-2020-750ml\/","name":"Ch\u00e2teau Falfas Ch\u00e2teau Falfas 2020","isPartOf":{"@id":"https:\/\/wein-werte.com\/de\/#website"},"primaryImageOfPage":{"@id":"https:\/\/wein-werte.com\/de\/produkt\/chateau-falfas-chateau-falfas-2020-750ml\/#primaryimage"},"image":{"@id":"https:\/\/wein-werte.com\/de\/produkt\/chateau-falfas-chateau-falfas-2020-750ml\/#primaryimage"},"thumbnailUrl":"https:\/\/wein-werte.com\/wp-content\/uploads\/2026\/04\/Chateau-Falfas-Chateau-Falfas-2020-750ml.png","datePublished":"2026-05-12T14:00:58+00:00","dateModified":"2026-05-12T18:00:53+00:00","description":"Kaufe Ch\u00e2teau Falfas Ch\u00e2teau Falfas 2020 (Cabernet Franc Cuv\u00e9e, trocken aus Bordeaux, Frankreich) bei Wein Werte, Ihrem nachhaltigen Onlineshop.","breadcrumb":{"@id":"https:\/\/wein-werte.com\/de\/produkt\/chateau-falfas-chateau-falfas-2020-750ml\/#breadcrumb"},"inLanguage":"de","potentialAction":[{"@type":"ReadAction","target":["https:\/\/wein-werte.com\/de\/produkt\/chateau-falfas-chateau-falfas-2020-750ml\/"]}]},{"@type":"ImageObject","inLanguage":"de","@id":"https:\/\/wein-werte.com\/de\/produkt\/chateau-falfas-chateau-falfas-2020-750ml\/#primaryimage","url":"https:\/\/wein-werte.com\/wp-content\/uploads\/2026\/04\/Chateau-Falfas-Chateau-Falfas-2020-750ml.png","contentUrl":"https:\/\/wein-werte.com\/wp-content\/uploads\/2026\/04\/Chateau-Falfas-Chateau-Falfas-2020-750ml.png","width":302,"height":1200,"caption":"Ch\u00e2teau Falfas Ch\u00e2teau Falfas, C\u00f4tes de Bourg AOC 2020 750ml"},{"@type":"BreadcrumbList","@id":"https:\/\/wein-werte.com\/de\/produkt\/chateau-falfas-chateau-falfas-2020-750ml\/#breadcrumb","itemListElement":[{"@type":"ListItem","position":1,"name":"Home","item":"https:\/\/wein-werte.com\/de\/"},{"@type":"ListItem","position":2,"name":"Shop","item":"https:\/\/wein-werte.com\/de\/shop\/"},{"@type":"ListItem","position":3,"name":"Ch\u00e2teau Falfas | Bordeaux | Ch\u00e2teau Falfas, C\u00f4tes de Bourg AOC | 2020 | 750ml | bio"}]},{"@type":"WebSite","@id":"https:\/\/wein-werte.com\/de\/#website","url":"https:\/\/wein-werte.com\/de\/","name":"Wein Werte","description":"","publisher":{"@id":"https:\/\/wein-werte.com\/de\/#organization"},"potentialAction":[{"@type":"SearchAction","target":{"@type":"EntryPoint","urlTemplate":"https:\/\/wein-werte.com\/de\/?s={search_term_string}"},"query-input":{"@type":"PropertyValueSpecification","valueRequired":true,"valueName":"search_term_string"}}],"inLanguage":"de"},{"@type":"Organization","@id":"https:\/\/wein-werte.com\/de\/#organization","name":"Vins Fins Thorrold","url":"https:\/\/wein-werte.com\/de\/","logo":{"@type":"ImageObject","inLanguage":"de","@id":"https:\/\/wein-werte.com\/de\/#\/schema\/logo\/image\/","url":"https:\/\/wein-werte.com\/wp-content\/uploads\/2023\/07\/Wein_werte_Logo700-1.png","contentUrl":"https:\/\/wein-werte.com\/wp-content\/uploads\/2023\/07\/Wein_werte_Logo700-1.png","width":700,"height":272,"caption":"Vins Fins Thorrold"},"image":{"@id":"https:\/\/wein-werte.com\/de\/#\/schema\/logo\/image\/"}}]}},"_links":{"self":[{"href":"https:\/\/wein-werte.com\/de\/wp-json\/wp\/v2\/product\/1136689","targetHints":{"allow":["GET"]}}],"collection":[{"href":"https:\/\/wein-werte.com\/de\/wp-json\/wp\/v2\/product"}],"about":[{"href":"https:\/\/wein-werte.com\/de\/wp-json\/wp\/v2\/types\/product"}],"wp:featuredmedia":[{"embeddable":true,"href":"https:\/\/wein-werte.com\/de\/wp-json\/wp\/v2\/media\/1146360"}],"wp:attachment":[{"href":"https:\/\/wein-werte.com\/de\/wp-json\/wp\/v2\/media?parent=1136689"}],"wp:term":[{"taxonomy":"product_brand","embeddable":true,"href":"https:\/\/wein-werte.com\/de\/wp-json\/wp\/v2\/product_brand?post=1136689"},{"taxonomy":"product_cat","embeddable":true,"href":"https:\/\/wein-werte.com\/de\/wp-json\/wp\/v2\/product_cat?post=1136689"},{"taxonomy":"product_tag","embeddable":true,"href":"https:\/\/wein-werte.com\/de\/wp-json\/wp\/v2\/product_tag?post=1136689"}],"curies":[{"name":"wp","href":"https:\/\/api.w.org\/{rel}","templated":true}]}}