{"id":1136675,"date":"2026-05-08T20:10:30","date_gmt":"2026-05-08T18:10:30","guid":{"rendered":"https:\/\/wein-werte.com\/product\/chateau-falfas-chateau-falfas-2019-375ml\/"},"modified":"2026-04-27T12:07:23","modified_gmt":"2026-04-27T10:07:23","slug":"chateau-falfas-chateau-falfas-2019-375ml","status":"publish","type":"product","link":"https:\/\/wein-werte.com\/de\/produkt\/chateau-falfas-chateau-falfas-2019-375ml\/","title":{"rendered":"Ch\u00e2teau Falfas | Bordeaux | Ch\u00e2teau Falfas, C\u00f4tes de Bourg AOC | 2019 | 375ml | bio"},"content":{"rendered":"<p>Produktbeschreibung f\u00fcr Ch\u00e2teau Falfas Ch\u00e2teau Falfas, C\u00f4tes de Bourg AOC 2019 (bio)<\/p>\n<p>\u00a0 <\/p>\n<h5>Farbe<\/h5>\n<p>Leuchtendes Kirschrot<\/p>\n<p>\u00a0<\/p>\n<h5>Nase<\/h5>\n<p>2019 Ch\u00e2teau Falfas vereint in der Nase viel Rasse, animalische W\u00fcrze und einen zart rauchigen Ton. Wildkirsche, Himbeere sowie rote Johannisbeere und Cassis steuern reichlich Frucht bei. Er wirkt wild, ungez\u00e4hmt und noch etwas unruhig. Das hat aber durchaus auch seinen Reiz. Ein Hauch Pferdeschwei\u00df und warmes Leder. Aber das geh\u00f6rt hier genau in der Form hin. Bergamotte und Lavendel vermitteln ein ungewohntes Aromenspektrum. Zimtpflaume, Zimtabrieb sowie Wacholder und schwarzer Pfeffer geben winterliche, w\u00fcrzige Nuancen ab, die ihm sehr gutstehen. Mit Geduld und Sauerstoff im Glas entfaltet er seine schokoladige Seite, die von ger\u00f6steten Kaffeebohnen gelungen unterst\u00fctzt wird. Er profitiert enorm von einer metallischen, k\u00fchlen Komponente, die ihn linear wirken l\u00e4sst.<\/p>\n<p>\u00a0<\/p>\n<h5>Gaumen<\/h5>\n<p>Im Antrunk best\u00e4tigt er direkt die Erwartungen der Nase. Adstringierend und zupackend. Pr\u00e4sentes, aber gut eingebundenes Tannin. Dezent gr\u00fcne Nuancen. Eine leichte Sch\u00e4rfe. Filigran durch eine Graphitnote, die reichlich K\u00fchle r\u00fcberbringt. Die S\u00e4ure pr\u00e4gt ihn angenehm. Die Frucht wirkt kleinteilig, leicht s\u00e4uerlich und h\u00e4lt sich lange am Gaumen sowie vor allem im Nachhall fest. Der Gedanke an Bergamotte manifestiert sich hier erneut. Die animalischen Noten legt er vollkommen am Gaumen ab. Er zeigt sich ausgewogen und entspannt. Bordeaux kann auch Trinkfluss.<\/p>\n<p>Copyright Vinaturel 2025<\/p>\n<p>Keywords: <a href=\"https:\/\/wein-werte.com\/de\/shop\/?swoof=1&#038;pa_producer=Ch\u00e2teau-Falfas\">Ch\u00e2teau Falfas<\/a> <a href=\"https:\/\/wein-werte.com\/de\/shop\/?swoof=1&#038;woof_text=Ch\u00e2teau Falfas, C\u00f4tes de Bourg AOC\">Ch\u00e2teau Falfas, C\u00f4tes de Bourg AOC<\/a> 2019 bio <a href=\"https:\/\/wein-werte.com\/de\/shop\/?swoof=1&#038;pa_region=Bordeaux\">Bordeaux<\/a> <a href=\"https:\/\/wein-werte.com\/de\/shop\/?swoof=1&#038;pa_country=Frankreich\">Frankreich<\/a><\/p>\n<p>Internetseite des Weinguts: <a href=\"https:\/\/www.chateaufalfas.com\/index.php\/fr\/\" target=\"_blank\">https:\/\/www.chateaufalfas.com\/index.php\/fr\/<\/a><\/p>\n","protected":false},"excerpt":{"rendered":"<p>Lieferzeit: 1 bis 2 Arbeitstage (DE), 2 bis 5 Arbeitstage (EU and CH)<\/p>\n","protected":false},"featured_media":1146350,"template":"","meta":[],"product_brand":[],"product_cat":[19],"product_tag":[],"class_list":{"0":"post-1136675","1":"product","2":"type-product","3":"status-publish","4":"has-post-thumbnail","6":"product_cat-unkategorisiert","7":"pa_alcohol-for-filter-13-5","8":"pa_certified-biodynamic-ja-de","9":"pa_certified-organic-ja-de","10":"pa_colour-rot","11":"pa_country-frankreich","12":"pa_grape-cabernet-franc-cuvee","13":"pa_price-for-filter-10569","14":"pa_producer-chateau-falfas","15":"pa_region-bordeaux","16":"pa_size-ml-6721","17":"pa_sweetness-trocken-de","18":"pa_type-2-still-de","19":"pa_vintage-2019-de","20":"entry","21":"has-media","23":"first","24":"instock","25":"taxable","26":"shipping-taxable","27":"purchasable","28":"product-type-simple"},"yoast_head":"<!-- This site is optimized with the Yoast SEO plugin v27.5 - https:\/\/yoast.com\/product\/yoast-seo-wordpress\/ -->\n<title>Ch\u00e2teau Falfas Ch\u00e2teau Falfas 2019, 375ml<\/title>\n<meta name=\"description\" content=\"Kaufe Ch\u00e2teau Falfas Ch\u00e2teau Falfas 2019 (Cabernet Franc Cuv\u00e9e, trocken aus Bordeaux, Frankreich) bei Wein Werte, Ihrem nachhaltigen Onlineshop.\" \/>\n<meta name=\"robots\" content=\"index, follow, max-snippet:-1, max-image-preview:large, max-video-preview:-1\" \/>\n<link rel=\"canonical\" href=\"https:\/\/wein-werte.com\/de\/produkt\/chateau-falfas-chateau-falfas-2019-375ml\/\" \/>\n<meta property=\"og:locale\" content=\"de_DE\" \/>\n<meta property=\"og:type\" content=\"article\" \/>\n<meta property=\"og:title\" content=\"Ch\u00e2teau Falfas Ch\u00e2teau Falfas 2019, 375ml\" \/>\n<meta property=\"og:description\" content=\"Kaufe Ch\u00e2teau Falfas Ch\u00e2teau Falfas 2019 (Cabernet Franc Cuv\u00e9e, trocken aus Bordeaux, Frankreich) bei Wein Werte, Ihrem nachhaltigen Onlineshop.\" \/>\n<meta property=\"og:url\" content=\"https:\/\/wein-werte.com\/de\/produkt\/chateau-falfas-chateau-falfas-2019-375ml\/\" \/>\n<meta property=\"og:site_name\" content=\"Wein Werte\" \/>\n<meta property=\"og:image\" content=\"https:\/\/wein-werte.com\/wp-content\/uploads\/2026\/04\/Chateau-Falfas-Chateau-Falfas-2019-375ml.png\" \/>\n\t<meta property=\"og:image:width\" content=\"306\" \/>\n\t<meta property=\"og:image:height\" content=\"1200\" \/>\n\t<meta property=\"og:image:type\" content=\"image\/png\" \/>\n<meta name=\"twitter:card\" content=\"summary_large_image\" \/>\n<meta name=\"twitter:label1\" content=\"Gesch\u00e4tzte Lesezeit\" \/>\n\t<meta name=\"twitter:data1\" content=\"1\u00a0Minute\" \/>\n<script type=\"application\/ld+json\" class=\"yoast-schema-graph\">{\"@context\":\"https:\\\/\\\/schema.org\",\"@graph\":[{\"@type\":\"WebPage\",\"@id\":\"https:\\\/\\\/wein-werte.com\\\/de\\\/produkt\\\/chateau-falfas-chateau-falfas-2019-375ml\\\/\",\"url\":\"https:\\\/\\\/wein-werte.com\\\/de\\\/produkt\\\/chateau-falfas-chateau-falfas-2019-375ml\\\/\",\"name\":\"Ch\u00e2teau Falfas Ch\u00e2teau Falfas 2019, 375ml\",\"isPartOf\":{\"@id\":\"https:\\\/\\\/wein-werte.com\\\/de\\\/#website\"},\"primaryImageOfPage\":{\"@id\":\"https:\\\/\\\/wein-werte.com\\\/de\\\/produkt\\\/chateau-falfas-chateau-falfas-2019-375ml\\\/#primaryimage\"},\"image\":{\"@id\":\"https:\\\/\\\/wein-werte.com\\\/de\\\/produkt\\\/chateau-falfas-chateau-falfas-2019-375ml\\\/#primaryimage\"},\"thumbnailUrl\":\"https:\\\/\\\/wein-werte.com\\\/wp-content\\\/uploads\\\/2026\\\/04\\\/Chateau-Falfas-Chateau-Falfas-2019-375ml.png\",\"datePublished\":\"2026-05-08T18:10:30+00:00\",\"description\":\"Kaufe Ch\u00e2teau Falfas Ch\u00e2teau Falfas 2019 (Cabernet Franc Cuv\u00e9e, trocken aus Bordeaux, Frankreich) bei Wein Werte, Ihrem nachhaltigen Onlineshop.\",\"breadcrumb\":{\"@id\":\"https:\\\/\\\/wein-werte.com\\\/de\\\/produkt\\\/chateau-falfas-chateau-falfas-2019-375ml\\\/#breadcrumb\"},\"inLanguage\":\"de\",\"potentialAction\":[{\"@type\":\"ReadAction\",\"target\":[\"https:\\\/\\\/wein-werte.com\\\/de\\\/produkt\\\/chateau-falfas-chateau-falfas-2019-375ml\\\/\"]}]},{\"@type\":\"ImageObject\",\"inLanguage\":\"de\",\"@id\":\"https:\\\/\\\/wein-werte.com\\\/de\\\/produkt\\\/chateau-falfas-chateau-falfas-2019-375ml\\\/#primaryimage\",\"url\":\"https:\\\/\\\/wein-werte.com\\\/wp-content\\\/uploads\\\/2026\\\/04\\\/Chateau-Falfas-Chateau-Falfas-2019-375ml.png\",\"contentUrl\":\"https:\\\/\\\/wein-werte.com\\\/wp-content\\\/uploads\\\/2026\\\/04\\\/Chateau-Falfas-Chateau-Falfas-2019-375ml.png\",\"width\":306,\"height\":1200,\"caption\":\"Ch\u00e2teau Falfas Ch\u00e2teau Falfas, C\u00f4tes de Bourg AOC 2019 375ml\"},{\"@type\":\"BreadcrumbList\",\"@id\":\"https:\\\/\\\/wein-werte.com\\\/de\\\/produkt\\\/chateau-falfas-chateau-falfas-2019-375ml\\\/#breadcrumb\",\"itemListElement\":[{\"@type\":\"ListItem\",\"position\":1,\"name\":\"Home\",\"item\":\"https:\\\/\\\/wein-werte.com\\\/de\\\/\"},{\"@type\":\"ListItem\",\"position\":2,\"name\":\"Shop\",\"item\":\"https:\\\/\\\/wein-werte.com\\\/de\\\/shop\\\/\"},{\"@type\":\"ListItem\",\"position\":3,\"name\":\"Ch\u00e2teau Falfas | Bordeaux | Ch\u00e2teau Falfas, C\u00f4tes de Bourg AOC | 2019 | 375ml | bio\"}]},{\"@type\":\"WebSite\",\"@id\":\"https:\\\/\\\/wein-werte.com\\\/de\\\/#website\",\"url\":\"https:\\\/\\\/wein-werte.com\\\/de\\\/\",\"name\":\"Wein Werte\",\"description\":\"\",\"publisher\":{\"@id\":\"https:\\\/\\\/wein-werte.com\\\/de\\\/#organization\"},\"potentialAction\":[{\"@type\":\"SearchAction\",\"target\":{\"@type\":\"EntryPoint\",\"urlTemplate\":\"https:\\\/\\\/wein-werte.com\\\/de\\\/?s={search_term_string}\"},\"query-input\":{\"@type\":\"PropertyValueSpecification\",\"valueRequired\":true,\"valueName\":\"search_term_string\"}}],\"inLanguage\":\"de\"},{\"@type\":\"Organization\",\"@id\":\"https:\\\/\\\/wein-werte.com\\\/de\\\/#organization\",\"name\":\"Vins Fins Thorrold\",\"url\":\"https:\\\/\\\/wein-werte.com\\\/de\\\/\",\"logo\":{\"@type\":\"ImageObject\",\"inLanguage\":\"de\",\"@id\":\"https:\\\/\\\/wein-werte.com\\\/de\\\/#\\\/schema\\\/logo\\\/image\\\/\",\"url\":\"https:\\\/\\\/wein-werte.com\\\/wp-content\\\/uploads\\\/2023\\\/07\\\/Wein_werte_Logo700-1.png\",\"contentUrl\":\"https:\\\/\\\/wein-werte.com\\\/wp-content\\\/uploads\\\/2023\\\/07\\\/Wein_werte_Logo700-1.png\",\"width\":700,\"height\":272,\"caption\":\"Vins Fins Thorrold\"},\"image\":{\"@id\":\"https:\\\/\\\/wein-werte.com\\\/de\\\/#\\\/schema\\\/logo\\\/image\\\/\"}}]}<\/script>\n<!-- \/ Yoast SEO plugin. -->","yoast_head_json":{"title":"Ch\u00e2teau Falfas Ch\u00e2teau Falfas 2019, 375ml","description":"Kaufe Ch\u00e2teau Falfas Ch\u00e2teau Falfas 2019 (Cabernet Franc Cuv\u00e9e, trocken aus Bordeaux, Frankreich) bei Wein Werte, Ihrem nachhaltigen Onlineshop.","robots":{"index":"index","follow":"follow","max-snippet":"max-snippet:-1","max-image-preview":"max-image-preview:large","max-video-preview":"max-video-preview:-1"},"canonical":"https:\/\/wein-werte.com\/de\/produkt\/chateau-falfas-chateau-falfas-2019-375ml\/","og_locale":"de_DE","og_type":"article","og_title":"Ch\u00e2teau Falfas Ch\u00e2teau Falfas 2019, 375ml","og_description":"Kaufe Ch\u00e2teau Falfas Ch\u00e2teau Falfas 2019 (Cabernet Franc Cuv\u00e9e, trocken aus Bordeaux, Frankreich) bei Wein Werte, Ihrem nachhaltigen Onlineshop.","og_url":"https:\/\/wein-werte.com\/de\/produkt\/chateau-falfas-chateau-falfas-2019-375ml\/","og_site_name":"Wein Werte","og_image":[{"width":306,"height":1200,"url":"https:\/\/wein-werte.com\/wp-content\/uploads\/2026\/04\/Chateau-Falfas-Chateau-Falfas-2019-375ml.png","type":"image\/png"}],"twitter_card":"summary_large_image","twitter_misc":{"Gesch\u00e4tzte Lesezeit":"1\u00a0Minute"},"schema":{"@context":"https:\/\/schema.org","@graph":[{"@type":"WebPage","@id":"https:\/\/wein-werte.com\/de\/produkt\/chateau-falfas-chateau-falfas-2019-375ml\/","url":"https:\/\/wein-werte.com\/de\/produkt\/chateau-falfas-chateau-falfas-2019-375ml\/","name":"Ch\u00e2teau Falfas Ch\u00e2teau Falfas 2019, 375ml","isPartOf":{"@id":"https:\/\/wein-werte.com\/de\/#website"},"primaryImageOfPage":{"@id":"https:\/\/wein-werte.com\/de\/produkt\/chateau-falfas-chateau-falfas-2019-375ml\/#primaryimage"},"image":{"@id":"https:\/\/wein-werte.com\/de\/produkt\/chateau-falfas-chateau-falfas-2019-375ml\/#primaryimage"},"thumbnailUrl":"https:\/\/wein-werte.com\/wp-content\/uploads\/2026\/04\/Chateau-Falfas-Chateau-Falfas-2019-375ml.png","datePublished":"2026-05-08T18:10:30+00:00","description":"Kaufe Ch\u00e2teau Falfas Ch\u00e2teau Falfas 2019 (Cabernet Franc Cuv\u00e9e, trocken aus Bordeaux, Frankreich) bei Wein Werte, Ihrem nachhaltigen Onlineshop.","breadcrumb":{"@id":"https:\/\/wein-werte.com\/de\/produkt\/chateau-falfas-chateau-falfas-2019-375ml\/#breadcrumb"},"inLanguage":"de","potentialAction":[{"@type":"ReadAction","target":["https:\/\/wein-werte.com\/de\/produkt\/chateau-falfas-chateau-falfas-2019-375ml\/"]}]},{"@type":"ImageObject","inLanguage":"de","@id":"https:\/\/wein-werte.com\/de\/produkt\/chateau-falfas-chateau-falfas-2019-375ml\/#primaryimage","url":"https:\/\/wein-werte.com\/wp-content\/uploads\/2026\/04\/Chateau-Falfas-Chateau-Falfas-2019-375ml.png","contentUrl":"https:\/\/wein-werte.com\/wp-content\/uploads\/2026\/04\/Chateau-Falfas-Chateau-Falfas-2019-375ml.png","width":306,"height":1200,"caption":"Ch\u00e2teau Falfas Ch\u00e2teau Falfas, C\u00f4tes de Bourg AOC 2019 375ml"},{"@type":"BreadcrumbList","@id":"https:\/\/wein-werte.com\/de\/produkt\/chateau-falfas-chateau-falfas-2019-375ml\/#breadcrumb","itemListElement":[{"@type":"ListItem","position":1,"name":"Home","item":"https:\/\/wein-werte.com\/de\/"},{"@type":"ListItem","position":2,"name":"Shop","item":"https:\/\/wein-werte.com\/de\/shop\/"},{"@type":"ListItem","position":3,"name":"Ch\u00e2teau Falfas | Bordeaux | Ch\u00e2teau Falfas, C\u00f4tes de Bourg AOC | 2019 | 375ml | bio"}]},{"@type":"WebSite","@id":"https:\/\/wein-werte.com\/de\/#website","url":"https:\/\/wein-werte.com\/de\/","name":"Wein Werte","description":"","publisher":{"@id":"https:\/\/wein-werte.com\/de\/#organization"},"potentialAction":[{"@type":"SearchAction","target":{"@type":"EntryPoint","urlTemplate":"https:\/\/wein-werte.com\/de\/?s={search_term_string}"},"query-input":{"@type":"PropertyValueSpecification","valueRequired":true,"valueName":"search_term_string"}}],"inLanguage":"de"},{"@type":"Organization","@id":"https:\/\/wein-werte.com\/de\/#organization","name":"Vins Fins Thorrold","url":"https:\/\/wein-werte.com\/de\/","logo":{"@type":"ImageObject","inLanguage":"de","@id":"https:\/\/wein-werte.com\/de\/#\/schema\/logo\/image\/","url":"https:\/\/wein-werte.com\/wp-content\/uploads\/2023\/07\/Wein_werte_Logo700-1.png","contentUrl":"https:\/\/wein-werte.com\/wp-content\/uploads\/2023\/07\/Wein_werte_Logo700-1.png","width":700,"height":272,"caption":"Vins Fins Thorrold"},"image":{"@id":"https:\/\/wein-werte.com\/de\/#\/schema\/logo\/image\/"}}]}},"_links":{"self":[{"href":"https:\/\/wein-werte.com\/de\/wp-json\/wp\/v2\/product\/1136675","targetHints":{"allow":["GET"]}}],"collection":[{"href":"https:\/\/wein-werte.com\/de\/wp-json\/wp\/v2\/product"}],"about":[{"href":"https:\/\/wein-werte.com\/de\/wp-json\/wp\/v2\/types\/product"}],"wp:featuredmedia":[{"embeddable":true,"href":"https:\/\/wein-werte.com\/de\/wp-json\/wp\/v2\/media\/1146350"}],"wp:attachment":[{"href":"https:\/\/wein-werte.com\/de\/wp-json\/wp\/v2\/media?parent=1136675"}],"wp:term":[{"taxonomy":"product_brand","embeddable":true,"href":"https:\/\/wein-werte.com\/de\/wp-json\/wp\/v2\/product_brand?post=1136675"},{"taxonomy":"product_cat","embeddable":true,"href":"https:\/\/wein-werte.com\/de\/wp-json\/wp\/v2\/product_cat?post=1136675"},{"taxonomy":"product_tag","embeddable":true,"href":"https:\/\/wein-werte.com\/de\/wp-json\/wp\/v2\/product_tag?post=1136675"}],"curies":[{"name":"wp","href":"https:\/\/api.w.org\/{rel}","templated":true}]}}