{"id":1136632,"date":"2026-04-27T13:36:20","date_gmt":"2026-04-27T11:36:20","guid":{"rendered":"https:\/\/wein-werte.com\/product\/lesuffleur-friardel-poire-2018-750ml\/"},"modified":"2026-04-27T12:07:17","modified_gmt":"2026-04-27T10:07:17","slug":"lesuffleur-friardel-poire-2018-750ml","status":"publish","type":"product","link":"https:\/\/wein-werte.com\/de\/produkt\/lesuffleur-friardel-poire-2018-750ml\/","title":{"rendered":"Lesuffleur | Normandie | Friardel Poir\u00e9 | 2018 | 750ml"},"content":{"rendered":"<p>Produktbeschreibung f\u00fcr Lesuffleur Friardel Poir\u00e9 2018  <\/p>\n<h5>Informationen zum Wein<\/h5>\n<p> Friardel ist eine Plantage in der gleichnamigen normannischen Commune Friardel im Calvados-Gebiet. Das Ausgangsgestein ist Kreide, der Unterboden besteht aus Ton und Silex, der Oberboden aus Silt und blauem Feuerstein. Beim Friardel Poir\u00e9 handelt es sich um die Frucht eines einzelnen mehr als 200 Jahre alten riesigen Birnbaums einer heute unbekannten Sorte. Die Birnen wurden von Hand gesammelt und spontan vergoren, am 2. M\u00e4rz 2019 zur M\u00e9thode Traditionelle gef\u00fcllt und am 6. Dezember 2021 degorgiert. <\/p>\n<h5>Farbe<\/h5>\n<p> intensives, ins Bernstein changierendes Gold und Orange mit lebendigem Mousseux <\/p>\n<h5>Nase<\/h5>\n<p> Der Friardel Poir\u00e9 ist ein Birnenschaumwein, der nach reifer Mostbirne und -jod duftet, und das in Verbindung mit Geuze-Bier, etwas blondem Tabak, etwas warmer Birnen-Tarte und k\u00fchlem zersto\u00dfenen Stein. <\/p>\n<h5>Mund<\/h5>\n<p> Am Gaumen ist dieser Poir\u00e9 von einem einzelnen riesigen Baum eine Offenbarung an Finesse und Tiefe mit einer verspielten S\u00fc\u00dfe in den ansonsten ged\u00e4mpft herben intensiven Aromen von Birnen und Birnenquitten, Apfel und klarem sauberen Most, blondem Tabak, herben Kumquatschalen, wiederum etwas Jod und Geuze. Das Mousseux wirkt wie eine Infusion, das Tannin erzeugt einen leichten Widerstand am Gaumen, die Frucht ist intensiv, die S\u00e4ure eher seidig denn druckvoll. F\u00fcr die Frische sorgen hier sowohl das Tannin als auch die lebendige Mineralit\u00e4t.<\/p>\n<p>Copyright Vinaturel 2025<\/p>\n<p>Keywords: <a href=\"https:\/\/wein-werte.com\/de\/shop\/?swoof=1&#038;pa_producer=Lesuffleur\">Lesuffleur<\/a> <a href=\"https:\/\/wein-werte.com\/de\/shop\/?swoof=1&#038;woof_text=Friardel Poir\u00e9\">Friardel Poir\u00e9<\/a> 2018  <a href=\"https:\/\/wein-werte.com\/de\/shop\/?swoof=1&#038;pa_region=Normandie\">Normandie<\/a> <a href=\"https:\/\/wein-werte.com\/de\/shop\/?swoof=1&#038;pa_country=Frankreich\">Frankreich<\/a><\/p>\n","protected":false},"excerpt":{"rendered":"<p>Lieferzeit: 1 bis 2 Arbeitstage (DE), 2 bis 5 Arbeitstage (EU and CH)<\/p>\n","protected":false},"featured_media":1146316,"template":"","meta":[],"product_brand":[],"product_cat":[19],"product_tag":[],"class_list":{"0":"post-1136632","1":"product","2":"type-product","3":"status-publish","4":"has-post-thumbnail","6":"product_cat-unkategorisiert","7":"pa_alcohol-for-filter-4-5","8":"pa_certified-biodynamic-nein-de","9":"pa_certified-organic-nein-de","10":"pa_colour-weiss","11":"pa_colour-k-a-de","12":"pa_country-frankreich","13":"pa_price-for-filter-10619","14":"pa_producer-lesuffleur","15":"pa_region-normandie","16":"pa_size-ml-6584","17":"pa_sweetness-lieblich-de-2","18":"pa_type-2-cidre","19":"pa_vintage-2018-de","20":"entry","21":"has-media","23":"first","24":"instock","25":"taxable","26":"shipping-taxable","27":"purchasable","28":"product-type-simple"},"yoast_head":"<!-- This site is optimized with the Yoast SEO plugin v27.5 - https:\/\/yoast.com\/product\/yoast-seo-wordpress\/ -->\n<title>Lesuffleur Friardel Poir\u00e9 2018<\/title>\n<meta name=\"description\" content=\"Kaufe Lesuffleur Friardel Poir\u00e9 2018 (, lieblich Schaumwein aus Normandie, Frankreich) bei Wein Werte, Ihrem nachhaltigen Onlineshop.\" \/>\n<meta name=\"robots\" content=\"index, follow, max-snippet:-1, max-image-preview:large, max-video-preview:-1\" \/>\n<link rel=\"canonical\" href=\"https:\/\/wein-werte.com\/de\/produkt\/lesuffleur-friardel-poire-2018-750ml\/\" \/>\n<meta property=\"og:locale\" content=\"de_DE\" \/>\n<meta property=\"og:type\" content=\"article\" \/>\n<meta property=\"og:title\" content=\"Lesuffleur Friardel Poir\u00e9 2018\" \/>\n<meta property=\"og:description\" content=\"Kaufe Lesuffleur Friardel Poir\u00e9 2018 (, lieblich Schaumwein aus Normandie, Frankreich) bei Wein Werte, Ihrem nachhaltigen Onlineshop.\" \/>\n<meta property=\"og:url\" content=\"https:\/\/wein-werte.com\/de\/produkt\/lesuffleur-friardel-poire-2018-750ml\/\" \/>\n<meta property=\"og:site_name\" content=\"Wein Werte\" \/>\n<meta property=\"og:image\" content=\"https:\/\/wein-werte.com\/wp-content\/uploads\/2026\/04\/Lesuffleur-Friardel-Poire-2018-750ml.png\" \/>\n\t<meta property=\"og:image:width\" content=\"294\" \/>\n\t<meta property=\"og:image:height\" content=\"1085\" \/>\n\t<meta property=\"og:image:type\" content=\"image\/png\" \/>\n<meta name=\"twitter:card\" content=\"summary_large_image\" \/>\n<meta name=\"twitter:label1\" content=\"Gesch\u00e4tzte Lesezeit\" \/>\n\t<meta name=\"twitter:data1\" content=\"1\u00a0Minute\" \/>\n<script type=\"application\/ld+json\" class=\"yoast-schema-graph\">{\"@context\":\"https:\\\/\\\/schema.org\",\"@graph\":[{\"@type\":\"WebPage\",\"@id\":\"https:\\\/\\\/wein-werte.com\\\/de\\\/produkt\\\/lesuffleur-friardel-poire-2018-750ml\\\/\",\"url\":\"https:\\\/\\\/wein-werte.com\\\/de\\\/produkt\\\/lesuffleur-friardel-poire-2018-750ml\\\/\",\"name\":\"Lesuffleur Friardel Poir\u00e9 2018\",\"isPartOf\":{\"@id\":\"https:\\\/\\\/wein-werte.com\\\/de\\\/#website\"},\"primaryImageOfPage\":{\"@id\":\"https:\\\/\\\/wein-werte.com\\\/de\\\/produkt\\\/lesuffleur-friardel-poire-2018-750ml\\\/#primaryimage\"},\"image\":{\"@id\":\"https:\\\/\\\/wein-werte.com\\\/de\\\/produkt\\\/lesuffleur-friardel-poire-2018-750ml\\\/#primaryimage\"},\"thumbnailUrl\":\"https:\\\/\\\/wein-werte.com\\\/wp-content\\\/uploads\\\/2026\\\/04\\\/Lesuffleur-Friardel-Poire-2018-750ml.png\",\"datePublished\":\"2026-04-27T11:36:20+00:00\",\"description\":\"Kaufe Lesuffleur Friardel Poir\u00e9 2018 (, lieblich Schaumwein aus Normandie, Frankreich) bei Wein Werte, Ihrem nachhaltigen Onlineshop.\",\"breadcrumb\":{\"@id\":\"https:\\\/\\\/wein-werte.com\\\/de\\\/produkt\\\/lesuffleur-friardel-poire-2018-750ml\\\/#breadcrumb\"},\"inLanguage\":\"de\",\"potentialAction\":[{\"@type\":\"ReadAction\",\"target\":[\"https:\\\/\\\/wein-werte.com\\\/de\\\/produkt\\\/lesuffleur-friardel-poire-2018-750ml\\\/\"]}]},{\"@type\":\"ImageObject\",\"inLanguage\":\"de\",\"@id\":\"https:\\\/\\\/wein-werte.com\\\/de\\\/produkt\\\/lesuffleur-friardel-poire-2018-750ml\\\/#primaryimage\",\"url\":\"https:\\\/\\\/wein-werte.com\\\/wp-content\\\/uploads\\\/2026\\\/04\\\/Lesuffleur-Friardel-Poire-2018-750ml.png\",\"contentUrl\":\"https:\\\/\\\/wein-werte.com\\\/wp-content\\\/uploads\\\/2026\\\/04\\\/Lesuffleur-Friardel-Poire-2018-750ml.png\",\"width\":294,\"height\":1085,\"caption\":\"Lesuffleur Friardel Poir\u00e9 2018 750ml\"},{\"@type\":\"BreadcrumbList\",\"@id\":\"https:\\\/\\\/wein-werte.com\\\/de\\\/produkt\\\/lesuffleur-friardel-poire-2018-750ml\\\/#breadcrumb\",\"itemListElement\":[{\"@type\":\"ListItem\",\"position\":1,\"name\":\"Home\",\"item\":\"https:\\\/\\\/wein-werte.com\\\/de\\\/\"},{\"@type\":\"ListItem\",\"position\":2,\"name\":\"Shop\",\"item\":\"https:\\\/\\\/wein-werte.com\\\/de\\\/shop\\\/\"},{\"@type\":\"ListItem\",\"position\":3,\"name\":\"Lesuffleur | Normandie | Friardel Poir\u00e9 | 2018 | 750ml\"}]},{\"@type\":\"WebSite\",\"@id\":\"https:\\\/\\\/wein-werte.com\\\/de\\\/#website\",\"url\":\"https:\\\/\\\/wein-werte.com\\\/de\\\/\",\"name\":\"Wein Werte\",\"description\":\"\",\"publisher\":{\"@id\":\"https:\\\/\\\/wein-werte.com\\\/de\\\/#organization\"},\"potentialAction\":[{\"@type\":\"SearchAction\",\"target\":{\"@type\":\"EntryPoint\",\"urlTemplate\":\"https:\\\/\\\/wein-werte.com\\\/de\\\/?s={search_term_string}\"},\"query-input\":{\"@type\":\"PropertyValueSpecification\",\"valueRequired\":true,\"valueName\":\"search_term_string\"}}],\"inLanguage\":\"de\"},{\"@type\":\"Organization\",\"@id\":\"https:\\\/\\\/wein-werte.com\\\/de\\\/#organization\",\"name\":\"Vins Fins Thorrold\",\"url\":\"https:\\\/\\\/wein-werte.com\\\/de\\\/\",\"logo\":{\"@type\":\"ImageObject\",\"inLanguage\":\"de\",\"@id\":\"https:\\\/\\\/wein-werte.com\\\/de\\\/#\\\/schema\\\/logo\\\/image\\\/\",\"url\":\"https:\\\/\\\/wein-werte.com\\\/wp-content\\\/uploads\\\/2023\\\/07\\\/Wein_werte_Logo700-1.png\",\"contentUrl\":\"https:\\\/\\\/wein-werte.com\\\/wp-content\\\/uploads\\\/2023\\\/07\\\/Wein_werte_Logo700-1.png\",\"width\":700,\"height\":272,\"caption\":\"Vins Fins Thorrold\"},\"image\":{\"@id\":\"https:\\\/\\\/wein-werte.com\\\/de\\\/#\\\/schema\\\/logo\\\/image\\\/\"}}]}<\/script>\n<!-- \/ Yoast SEO plugin. -->","yoast_head_json":{"title":"Lesuffleur Friardel Poir\u00e9 2018","description":"Kaufe Lesuffleur Friardel Poir\u00e9 2018 (, lieblich Schaumwein aus Normandie, Frankreich) bei Wein Werte, Ihrem nachhaltigen Onlineshop.","robots":{"index":"index","follow":"follow","max-snippet":"max-snippet:-1","max-image-preview":"max-image-preview:large","max-video-preview":"max-video-preview:-1"},"canonical":"https:\/\/wein-werte.com\/de\/produkt\/lesuffleur-friardel-poire-2018-750ml\/","og_locale":"de_DE","og_type":"article","og_title":"Lesuffleur Friardel Poir\u00e9 2018","og_description":"Kaufe Lesuffleur Friardel Poir\u00e9 2018 (, lieblich Schaumwein aus Normandie, Frankreich) bei Wein Werte, Ihrem nachhaltigen Onlineshop.","og_url":"https:\/\/wein-werte.com\/de\/produkt\/lesuffleur-friardel-poire-2018-750ml\/","og_site_name":"Wein Werte","og_image":[{"width":294,"height":1085,"url":"https:\/\/wein-werte.com\/wp-content\/uploads\/2026\/04\/Lesuffleur-Friardel-Poire-2018-750ml.png","type":"image\/png"}],"twitter_card":"summary_large_image","twitter_misc":{"Gesch\u00e4tzte Lesezeit":"1\u00a0Minute"},"schema":{"@context":"https:\/\/schema.org","@graph":[{"@type":"WebPage","@id":"https:\/\/wein-werte.com\/de\/produkt\/lesuffleur-friardel-poire-2018-750ml\/","url":"https:\/\/wein-werte.com\/de\/produkt\/lesuffleur-friardel-poire-2018-750ml\/","name":"Lesuffleur Friardel Poir\u00e9 2018","isPartOf":{"@id":"https:\/\/wein-werte.com\/de\/#website"},"primaryImageOfPage":{"@id":"https:\/\/wein-werte.com\/de\/produkt\/lesuffleur-friardel-poire-2018-750ml\/#primaryimage"},"image":{"@id":"https:\/\/wein-werte.com\/de\/produkt\/lesuffleur-friardel-poire-2018-750ml\/#primaryimage"},"thumbnailUrl":"https:\/\/wein-werte.com\/wp-content\/uploads\/2026\/04\/Lesuffleur-Friardel-Poire-2018-750ml.png","datePublished":"2026-04-27T11:36:20+00:00","description":"Kaufe Lesuffleur Friardel Poir\u00e9 2018 (, lieblich Schaumwein aus Normandie, Frankreich) bei Wein Werte, Ihrem nachhaltigen Onlineshop.","breadcrumb":{"@id":"https:\/\/wein-werte.com\/de\/produkt\/lesuffleur-friardel-poire-2018-750ml\/#breadcrumb"},"inLanguage":"de","potentialAction":[{"@type":"ReadAction","target":["https:\/\/wein-werte.com\/de\/produkt\/lesuffleur-friardel-poire-2018-750ml\/"]}]},{"@type":"ImageObject","inLanguage":"de","@id":"https:\/\/wein-werte.com\/de\/produkt\/lesuffleur-friardel-poire-2018-750ml\/#primaryimage","url":"https:\/\/wein-werte.com\/wp-content\/uploads\/2026\/04\/Lesuffleur-Friardel-Poire-2018-750ml.png","contentUrl":"https:\/\/wein-werte.com\/wp-content\/uploads\/2026\/04\/Lesuffleur-Friardel-Poire-2018-750ml.png","width":294,"height":1085,"caption":"Lesuffleur Friardel Poir\u00e9 2018 750ml"},{"@type":"BreadcrumbList","@id":"https:\/\/wein-werte.com\/de\/produkt\/lesuffleur-friardel-poire-2018-750ml\/#breadcrumb","itemListElement":[{"@type":"ListItem","position":1,"name":"Home","item":"https:\/\/wein-werte.com\/de\/"},{"@type":"ListItem","position":2,"name":"Shop","item":"https:\/\/wein-werte.com\/de\/shop\/"},{"@type":"ListItem","position":3,"name":"Lesuffleur | Normandie | Friardel Poir\u00e9 | 2018 | 750ml"}]},{"@type":"WebSite","@id":"https:\/\/wein-werte.com\/de\/#website","url":"https:\/\/wein-werte.com\/de\/","name":"Wein Werte","description":"","publisher":{"@id":"https:\/\/wein-werte.com\/de\/#organization"},"potentialAction":[{"@type":"SearchAction","target":{"@type":"EntryPoint","urlTemplate":"https:\/\/wein-werte.com\/de\/?s={search_term_string}"},"query-input":{"@type":"PropertyValueSpecification","valueRequired":true,"valueName":"search_term_string"}}],"inLanguage":"de"},{"@type":"Organization","@id":"https:\/\/wein-werte.com\/de\/#organization","name":"Vins Fins Thorrold","url":"https:\/\/wein-werte.com\/de\/","logo":{"@type":"ImageObject","inLanguage":"de","@id":"https:\/\/wein-werte.com\/de\/#\/schema\/logo\/image\/","url":"https:\/\/wein-werte.com\/wp-content\/uploads\/2023\/07\/Wein_werte_Logo700-1.png","contentUrl":"https:\/\/wein-werte.com\/wp-content\/uploads\/2023\/07\/Wein_werte_Logo700-1.png","width":700,"height":272,"caption":"Vins Fins Thorrold"},"image":{"@id":"https:\/\/wein-werte.com\/de\/#\/schema\/logo\/image\/"}}]}},"_links":{"self":[{"href":"https:\/\/wein-werte.com\/de\/wp-json\/wp\/v2\/product\/1136632","targetHints":{"allow":["GET"]}}],"collection":[{"href":"https:\/\/wein-werte.com\/de\/wp-json\/wp\/v2\/product"}],"about":[{"href":"https:\/\/wein-werte.com\/de\/wp-json\/wp\/v2\/types\/product"}],"wp:featuredmedia":[{"embeddable":true,"href":"https:\/\/wein-werte.com\/de\/wp-json\/wp\/v2\/media\/1146316"}],"wp:attachment":[{"href":"https:\/\/wein-werte.com\/de\/wp-json\/wp\/v2\/media?parent=1136632"}],"wp:term":[{"taxonomy":"product_brand","embeddable":true,"href":"https:\/\/wein-werte.com\/de\/wp-json\/wp\/v2\/product_brand?post=1136632"},{"taxonomy":"product_cat","embeddable":true,"href":"https:\/\/wein-werte.com\/de\/wp-json\/wp\/v2\/product_cat?post=1136632"},{"taxonomy":"product_tag","embeddable":true,"href":"https:\/\/wein-werte.com\/de\/wp-json\/wp\/v2\/product_tag?post=1136632"}],"curies":[{"name":"wp","href":"https:\/\/api.w.org\/{rel}","templated":true}]}}