{"id":1136567,"date":"2026-04-27T13:36:11","date_gmt":"2026-04-27T11:36:11","guid":{"rendered":"https:\/\/wein-werte.com\/product\/zind-humbrecht-pinot-gris-clos-jebsal-trie-speciale-selection-de-grains-nobles-2006-375ml\/"},"modified":"2026-04-27T12:07:09","modified_gmt":"2026-04-27T10:07:09","slug":"zind-humbrecht-pinot-gris-clos-jebsal-trie-speciale-selection-de-grains-nobles-2006-375ml","status":"publish","type":"product","link":"https:\/\/wein-werte.com\/de\/produkt\/zind-humbrecht-pinot-gris-clos-jebsal-trie-speciale-selection-de-grains-nobles-2006-375ml\/","title":{"rendered":"Zind-Humbrecht | Elsass | Pinot Gris Clos Jebsal Trie Speciale, S\u00e9lection de Grains Nobles  | 2006 | 375ml"},"content":{"rendered":"<p>Produktbeschreibung f\u00fcr Zind-Humbrecht Pinot Gris Clos Jebsal Trie Speciale, S\u00e9lection de Grains Nobles  2006 <\/p>\n<p>Christina Hilker: In der Nase zeigt der 2006er Pinot Gris Clos Jebsal S\u00e9lection de Grains Nobles Trie Speciale eine unwahrscheinliche Intensit\u00e4t. Aromen von Toffee, Malz, ger\u00f6steten und karamellisierten N\u00fcssen, Ahornsirup, kandierten Datteln und Feigen vermischen sich mit dem Duft von frisch aufgebr\u00fchtem Kaffee, dunklem Tabak, nasser Erde, Tannennadeln und Laub. <\/p>\n<h5>Farbe<\/h5>\n<p> Mahagoni mit goldenen Reflexen. <\/p>\n<h5>Nase<\/h5>\n<p> In der Nase zeigt der 2006er Pinot Gris Clos Jebsal S\u00e9lection de Grains Nobles Trie Speciale eine unwahrscheinliche Intensit\u00e4t. Aromen von Toffee, Malz, ger\u00f6steten und karamellisierten N\u00fcssen, Ahornsirup, kandierten Datteln und Feigen vermischen sich mit dem Duft von frisch aufgebr\u00fchtem Kaffee, dunklem Tabak, nasser Erde, Tannennadeln und Laub. <\/p>\n<h5>Gaumen<\/h5>\n<p> Wie in der Nase schon angek\u00fcndigt ist der 2006er Pinot Gris Clos Jebsal S\u00e9lection de Grains Nobles Trie Speciale ein S\u00fc\u00dfwein der Extraklasse. Nicht nur die unwahrscheinlich konzentrierte S\u00fc\u00dfe und das vielschichtige und spannende Aroma zeichnen ihn aus, sondern auch seine vielschichtige S\u00e4ure, Mineralit\u00e4t und die markante Tanninstruktur. Fl\u00fcssiges Gold, grandioses Lagerpotential! <\/p>\n<p>Copyright Vinaturel 2025<\/p>\n<p>Keywords: <a href=\"https:\/\/wein-werte.com\/de\/shop\/?swoof=1&#038;pa_producer=Zind-Humbrecht\">Zind-Humbrecht<\/a> <a href=\"https:\/\/wein-werte.com\/de\/shop\/?swoof=1&#038;woof_text=Pinot Gris Clos Jebsal Trie Speciale, S\u00e9lection de Grains Nobles \">Pinot Gris Clos Jebsal Trie Speciale, S\u00e9lection de Grains Nobles <\/a> 2006  <a href=\"https:\/\/wein-werte.com\/de\/shop\/?swoof=1&#038;pa_region=Elsass\">Elsass<\/a> <a href=\"https:\/\/wein-werte.com\/de\/shop\/?swoof=1&#038;pa_country=Frankreich\">Frankreich<\/a><\/p>\n<h3>Vinous<\/h3>\n<p>Punkte: 95+<\/p>\n<p>(f\u00fcr 375 ml; 6,8 % Alkohol, mit 333 g\/l rs) Dunkelorange-braun. Aromen von Orangenkompott, Honig, Melasse und Heilkr\u00e4utern in der intensiven Nase. Hochkonzentriert, glycerinhaltig, honigs\u00fc\u00df und mit rassiger S\u00e4ure, die dem mittleren Gaumen Energie verleiht. Der endlose, dichte Abgang verstr\u00f6mt einen Hauch von Honig und Harz. (Ich habe auch die 2007er Version probiert, die noch in Eichenf\u00e4ssern lagerte, und obwohl ich dachte, dass sie diesen 2006er letztendlich an reiner Substanz \u00fcbertreffen k\u00f6nnte, hatte sie noch zu viel Babyspeck, um sie mit Sicherheit beurteilen zu k\u00f6nnen, und wird viel Zeit brauchen, um ihre w\u00fcrzige Eiche aufzunehmen; der dunkelorangefarbene 2007 Pinot Gris Clos Windsbuhl Selection de Grains Nobles Trie Speciale, ebenfalls unglaublich konzentriert und auch vor der Abf\u00fcllung probiert, zeigte eine rassigere S\u00e4ure und eine leichtere Note und endete mit mehr Schwung.) \u2013 Stephen Tanzer<br \/>Trinkfenster: <br \/>Bewertungsdatum: Nov. 2010<\/p>\n<p>Internetseite des Weinguts: <a href=\"http:\/\/www.zindhumbrecht.fr\/\" target=\"_blank\">http:\/\/www.zindhumbrecht.fr\/<\/a><\/p>\n","protected":false},"excerpt":{"rendered":"<p>Lieferzeit: 1 bis 2 Arbeitstage (DE), 2 bis 5 Arbeitstage (EU and CH)<\/p>\n","protected":false},"featured_media":1147581,"template":"","meta":[],"product_brand":[],"product_cat":[19],"product_tag":[],"class_list":{"0":"post-1136567","1":"product","2":"type-product","3":"status-publish","4":"has-post-thumbnail","6":"product_cat-unkategorisiert","7":"pa_alcohol-for-filter-12907","8":"pa_certified-biodynamic-nein-de","9":"pa_certified-organic-nein-de","10":"pa_colour-weiss","11":"pa_country-frankreich","12":"pa_grape-pinot-gris-grauburgunder","13":"pa_price-for-filter-10654","14":"pa_producer-zind-humbrecht","15":"pa_region-elsass","16":"pa_size-ml-6721","17":"pa_sweetness-suess-de","18":"pa_type-2-still-de","19":"pa_vinous-points-for-filter-20035","20":"pa_vintage-2006-de","21":"entry","22":"has-media","24":"first","25":"instock","26":"taxable","27":"shipping-taxable","28":"purchasable","29":"product-type-simple"},"yoast_head":"<!-- This site is optimized with the Yoast SEO plugin v27.5 - https:\/\/yoast.com\/product\/yoast-seo-wordpress\/ -->\n<title>Zind-Humbrecht Pinot Gris Clos Jebsal Trie Speciale S\u00e9lection de Grains Nobles 2006, 375ml<\/title>\n<meta name=\"description\" content=\"Kaufe Zind-Humbrecht Pinot Gris Clos Jebsal Trie Speciale S\u00e9lection de Grains Nobles 2006 (Pinot Gris, s\u00fc\u00df aus Elsass, Frankreich) bei Wein Werte, Ihrem nachhaltigen Onlineshop.\" \/>\n<meta name=\"robots\" content=\"index, follow, max-snippet:-1, max-image-preview:large, max-video-preview:-1\" \/>\n<link rel=\"canonical\" href=\"https:\/\/wein-werte.com\/de\/produkt\/zind-humbrecht-pinot-gris-clos-jebsal-trie-speciale-selection-de-grains-nobles-2006-375ml\/\" \/>\n<meta property=\"og:locale\" content=\"de_DE\" \/>\n<meta property=\"og:type\" content=\"article\" \/>\n<meta property=\"og:title\" content=\"Zind-Humbrecht Pinot Gris Clos Jebsal Trie Speciale S\u00e9lection de Grains Nobles 2006, 375ml\" \/>\n<meta property=\"og:description\" content=\"Kaufe Zind-Humbrecht Pinot Gris Clos Jebsal Trie Speciale S\u00e9lection de Grains Nobles 2006 (Pinot Gris, s\u00fc\u00df aus Elsass, Frankreich) bei Wein Werte, Ihrem nachhaltigen Onlineshop.\" \/>\n<meta property=\"og:url\" content=\"https:\/\/wein-werte.com\/de\/produkt\/zind-humbrecht-pinot-gris-clos-jebsal-trie-speciale-selection-de-grains-nobles-2006-375ml\/\" \/>\n<meta property=\"og:site_name\" content=\"Wein Werte\" \/>\n<meta property=\"og:image\" content=\"https:\/\/wein-werte.com\/wp-content\/uploads\/2026\/04\/Zind-Humbrecht-Pinot-Gris-Clos-Jebsal-Trie-Speciale-Selection-de-Grains-Nobles-2006-375ml-2.png\" \/>\n\t<meta property=\"og:image:width\" content=\"254\" \/>\n\t<meta property=\"og:image:height\" content=\"960\" \/>\n\t<meta property=\"og:image:type\" content=\"image\/png\" \/>\n<meta name=\"twitter:card\" content=\"summary_large_image\" \/>\n<meta name=\"twitter:label1\" content=\"Gesch\u00e4tzte Lesezeit\" \/>\n\t<meta name=\"twitter:data1\" content=\"2\u00a0Minuten\" \/>\n<script type=\"application\/ld+json\" class=\"yoast-schema-graph\">{\"@context\":\"https:\\\/\\\/schema.org\",\"@graph\":[{\"@type\":\"WebPage\",\"@id\":\"https:\\\/\\\/wein-werte.com\\\/de\\\/produkt\\\/zind-humbrecht-pinot-gris-clos-jebsal-trie-speciale-selection-de-grains-nobles-2006-375ml\\\/\",\"url\":\"https:\\\/\\\/wein-werte.com\\\/de\\\/produkt\\\/zind-humbrecht-pinot-gris-clos-jebsal-trie-speciale-selection-de-grains-nobles-2006-375ml\\\/\",\"name\":\"Zind-Humbrecht Pinot Gris Clos Jebsal Trie Speciale S\u00e9lection de Grains Nobles 2006, 375ml\",\"isPartOf\":{\"@id\":\"https:\\\/\\\/wein-werte.com\\\/de\\\/#website\"},\"primaryImageOfPage\":{\"@id\":\"https:\\\/\\\/wein-werte.com\\\/de\\\/produkt\\\/zind-humbrecht-pinot-gris-clos-jebsal-trie-speciale-selection-de-grains-nobles-2006-375ml\\\/#primaryimage\"},\"image\":{\"@id\":\"https:\\\/\\\/wein-werte.com\\\/de\\\/produkt\\\/zind-humbrecht-pinot-gris-clos-jebsal-trie-speciale-selection-de-grains-nobles-2006-375ml\\\/#primaryimage\"},\"thumbnailUrl\":\"https:\\\/\\\/wein-werte.com\\\/wp-content\\\/uploads\\\/2026\\\/04\\\/Zind-Humbrecht-Pinot-Gris-Clos-Jebsal-Trie-Speciale-Selection-de-Grains-Nobles-2006-375ml-2.png\",\"datePublished\":\"2026-04-27T11:36:11+00:00\",\"description\":\"Kaufe Zind-Humbrecht Pinot Gris Clos Jebsal Trie Speciale S\u00e9lection de Grains Nobles 2006 (Pinot Gris, s\u00fc\u00df aus Elsass, Frankreich) bei Wein Werte, Ihrem nachhaltigen Onlineshop.\",\"breadcrumb\":{\"@id\":\"https:\\\/\\\/wein-werte.com\\\/de\\\/produkt\\\/zind-humbrecht-pinot-gris-clos-jebsal-trie-speciale-selection-de-grains-nobles-2006-375ml\\\/#breadcrumb\"},\"inLanguage\":\"de\",\"potentialAction\":[{\"@type\":\"ReadAction\",\"target\":[\"https:\\\/\\\/wein-werte.com\\\/de\\\/produkt\\\/zind-humbrecht-pinot-gris-clos-jebsal-trie-speciale-selection-de-grains-nobles-2006-375ml\\\/\"]}]},{\"@type\":\"ImageObject\",\"inLanguage\":\"de\",\"@id\":\"https:\\\/\\\/wein-werte.com\\\/de\\\/produkt\\\/zind-humbrecht-pinot-gris-clos-jebsal-trie-speciale-selection-de-grains-nobles-2006-375ml\\\/#primaryimage\",\"url\":\"https:\\\/\\\/wein-werte.com\\\/wp-content\\\/uploads\\\/2026\\\/04\\\/Zind-Humbrecht-Pinot-Gris-Clos-Jebsal-Trie-Speciale-Selection-de-Grains-Nobles-2006-375ml-2.png\",\"contentUrl\":\"https:\\\/\\\/wein-werte.com\\\/wp-content\\\/uploads\\\/2026\\\/04\\\/Zind-Humbrecht-Pinot-Gris-Clos-Jebsal-Trie-Speciale-Selection-de-Grains-Nobles-2006-375ml-2.png\",\"width\":254,\"height\":960},{\"@type\":\"BreadcrumbList\",\"@id\":\"https:\\\/\\\/wein-werte.com\\\/de\\\/produkt\\\/zind-humbrecht-pinot-gris-clos-jebsal-trie-speciale-selection-de-grains-nobles-2006-375ml\\\/#breadcrumb\",\"itemListElement\":[{\"@type\":\"ListItem\",\"position\":1,\"name\":\"Home\",\"item\":\"https:\\\/\\\/wein-werte.com\\\/de\\\/\"},{\"@type\":\"ListItem\",\"position\":2,\"name\":\"Shop\",\"item\":\"https:\\\/\\\/wein-werte.com\\\/de\\\/shop\\\/\"},{\"@type\":\"ListItem\",\"position\":3,\"name\":\"Zind-Humbrecht | Elsass | Pinot Gris Clos Jebsal Trie Speciale, S\u00e9lection de Grains Nobles | 2006 | 375ml\"}]},{\"@type\":\"WebSite\",\"@id\":\"https:\\\/\\\/wein-werte.com\\\/de\\\/#website\",\"url\":\"https:\\\/\\\/wein-werte.com\\\/de\\\/\",\"name\":\"Wein Werte\",\"description\":\"\",\"publisher\":{\"@id\":\"https:\\\/\\\/wein-werte.com\\\/de\\\/#organization\"},\"potentialAction\":[{\"@type\":\"SearchAction\",\"target\":{\"@type\":\"EntryPoint\",\"urlTemplate\":\"https:\\\/\\\/wein-werte.com\\\/de\\\/?s={search_term_string}\"},\"query-input\":{\"@type\":\"PropertyValueSpecification\",\"valueRequired\":true,\"valueName\":\"search_term_string\"}}],\"inLanguage\":\"de\"},{\"@type\":\"Organization\",\"@id\":\"https:\\\/\\\/wein-werte.com\\\/de\\\/#organization\",\"name\":\"Vins Fins Thorrold\",\"url\":\"https:\\\/\\\/wein-werte.com\\\/de\\\/\",\"logo\":{\"@type\":\"ImageObject\",\"inLanguage\":\"de\",\"@id\":\"https:\\\/\\\/wein-werte.com\\\/de\\\/#\\\/schema\\\/logo\\\/image\\\/\",\"url\":\"https:\\\/\\\/wein-werte.com\\\/wp-content\\\/uploads\\\/2023\\\/07\\\/Wein_werte_Logo700-1.png\",\"contentUrl\":\"https:\\\/\\\/wein-werte.com\\\/wp-content\\\/uploads\\\/2023\\\/07\\\/Wein_werte_Logo700-1.png\",\"width\":700,\"height\":272,\"caption\":\"Vins Fins Thorrold\"},\"image\":{\"@id\":\"https:\\\/\\\/wein-werte.com\\\/de\\\/#\\\/schema\\\/logo\\\/image\\\/\"}}]}<\/script>\n<!-- \/ Yoast SEO plugin. -->","yoast_head_json":{"title":"Zind-Humbrecht Pinot Gris Clos Jebsal Trie Speciale S\u00e9lection de Grains Nobles 2006, 375ml","description":"Kaufe Zind-Humbrecht Pinot Gris Clos Jebsal Trie Speciale S\u00e9lection de Grains Nobles 2006 (Pinot Gris, s\u00fc\u00df aus Elsass, Frankreich) bei Wein Werte, Ihrem nachhaltigen Onlineshop.","robots":{"index":"index","follow":"follow","max-snippet":"max-snippet:-1","max-image-preview":"max-image-preview:large","max-video-preview":"max-video-preview:-1"},"canonical":"https:\/\/wein-werte.com\/de\/produkt\/zind-humbrecht-pinot-gris-clos-jebsal-trie-speciale-selection-de-grains-nobles-2006-375ml\/","og_locale":"de_DE","og_type":"article","og_title":"Zind-Humbrecht Pinot Gris Clos Jebsal Trie Speciale S\u00e9lection de Grains Nobles 2006, 375ml","og_description":"Kaufe Zind-Humbrecht Pinot Gris Clos Jebsal Trie Speciale S\u00e9lection de Grains Nobles 2006 (Pinot Gris, s\u00fc\u00df aus Elsass, Frankreich) bei Wein Werte, Ihrem nachhaltigen Onlineshop.","og_url":"https:\/\/wein-werte.com\/de\/produkt\/zind-humbrecht-pinot-gris-clos-jebsal-trie-speciale-selection-de-grains-nobles-2006-375ml\/","og_site_name":"Wein Werte","og_image":[{"width":254,"height":960,"url":"https:\/\/wein-werte.com\/wp-content\/uploads\/2026\/04\/Zind-Humbrecht-Pinot-Gris-Clos-Jebsal-Trie-Speciale-Selection-de-Grains-Nobles-2006-375ml-2.png","type":"image\/png"}],"twitter_card":"summary_large_image","twitter_misc":{"Gesch\u00e4tzte Lesezeit":"2\u00a0Minuten"},"schema":{"@context":"https:\/\/schema.org","@graph":[{"@type":"WebPage","@id":"https:\/\/wein-werte.com\/de\/produkt\/zind-humbrecht-pinot-gris-clos-jebsal-trie-speciale-selection-de-grains-nobles-2006-375ml\/","url":"https:\/\/wein-werte.com\/de\/produkt\/zind-humbrecht-pinot-gris-clos-jebsal-trie-speciale-selection-de-grains-nobles-2006-375ml\/","name":"Zind-Humbrecht Pinot Gris Clos Jebsal Trie Speciale S\u00e9lection de Grains Nobles 2006, 375ml","isPartOf":{"@id":"https:\/\/wein-werte.com\/de\/#website"},"primaryImageOfPage":{"@id":"https:\/\/wein-werte.com\/de\/produkt\/zind-humbrecht-pinot-gris-clos-jebsal-trie-speciale-selection-de-grains-nobles-2006-375ml\/#primaryimage"},"image":{"@id":"https:\/\/wein-werte.com\/de\/produkt\/zind-humbrecht-pinot-gris-clos-jebsal-trie-speciale-selection-de-grains-nobles-2006-375ml\/#primaryimage"},"thumbnailUrl":"https:\/\/wein-werte.com\/wp-content\/uploads\/2026\/04\/Zind-Humbrecht-Pinot-Gris-Clos-Jebsal-Trie-Speciale-Selection-de-Grains-Nobles-2006-375ml-2.png","datePublished":"2026-04-27T11:36:11+00:00","description":"Kaufe Zind-Humbrecht Pinot Gris Clos Jebsal Trie Speciale S\u00e9lection de Grains Nobles 2006 (Pinot Gris, s\u00fc\u00df aus Elsass, Frankreich) bei Wein Werte, Ihrem nachhaltigen Onlineshop.","breadcrumb":{"@id":"https:\/\/wein-werte.com\/de\/produkt\/zind-humbrecht-pinot-gris-clos-jebsal-trie-speciale-selection-de-grains-nobles-2006-375ml\/#breadcrumb"},"inLanguage":"de","potentialAction":[{"@type":"ReadAction","target":["https:\/\/wein-werte.com\/de\/produkt\/zind-humbrecht-pinot-gris-clos-jebsal-trie-speciale-selection-de-grains-nobles-2006-375ml\/"]}]},{"@type":"ImageObject","inLanguage":"de","@id":"https:\/\/wein-werte.com\/de\/produkt\/zind-humbrecht-pinot-gris-clos-jebsal-trie-speciale-selection-de-grains-nobles-2006-375ml\/#primaryimage","url":"https:\/\/wein-werte.com\/wp-content\/uploads\/2026\/04\/Zind-Humbrecht-Pinot-Gris-Clos-Jebsal-Trie-Speciale-Selection-de-Grains-Nobles-2006-375ml-2.png","contentUrl":"https:\/\/wein-werte.com\/wp-content\/uploads\/2026\/04\/Zind-Humbrecht-Pinot-Gris-Clos-Jebsal-Trie-Speciale-Selection-de-Grains-Nobles-2006-375ml-2.png","width":254,"height":960},{"@type":"BreadcrumbList","@id":"https:\/\/wein-werte.com\/de\/produkt\/zind-humbrecht-pinot-gris-clos-jebsal-trie-speciale-selection-de-grains-nobles-2006-375ml\/#breadcrumb","itemListElement":[{"@type":"ListItem","position":1,"name":"Home","item":"https:\/\/wein-werte.com\/de\/"},{"@type":"ListItem","position":2,"name":"Shop","item":"https:\/\/wein-werte.com\/de\/shop\/"},{"@type":"ListItem","position":3,"name":"Zind-Humbrecht | Elsass | Pinot Gris Clos Jebsal Trie Speciale, S\u00e9lection de Grains Nobles | 2006 | 375ml"}]},{"@type":"WebSite","@id":"https:\/\/wein-werte.com\/de\/#website","url":"https:\/\/wein-werte.com\/de\/","name":"Wein Werte","description":"","publisher":{"@id":"https:\/\/wein-werte.com\/de\/#organization"},"potentialAction":[{"@type":"SearchAction","target":{"@type":"EntryPoint","urlTemplate":"https:\/\/wein-werte.com\/de\/?s={search_term_string}"},"query-input":{"@type":"PropertyValueSpecification","valueRequired":true,"valueName":"search_term_string"}}],"inLanguage":"de"},{"@type":"Organization","@id":"https:\/\/wein-werte.com\/de\/#organization","name":"Vins Fins Thorrold","url":"https:\/\/wein-werte.com\/de\/","logo":{"@type":"ImageObject","inLanguage":"de","@id":"https:\/\/wein-werte.com\/de\/#\/schema\/logo\/image\/","url":"https:\/\/wein-werte.com\/wp-content\/uploads\/2023\/07\/Wein_werte_Logo700-1.png","contentUrl":"https:\/\/wein-werte.com\/wp-content\/uploads\/2023\/07\/Wein_werte_Logo700-1.png","width":700,"height":272,"caption":"Vins Fins Thorrold"},"image":{"@id":"https:\/\/wein-werte.com\/de\/#\/schema\/logo\/image\/"}}]}},"_links":{"self":[{"href":"https:\/\/wein-werte.com\/de\/wp-json\/wp\/v2\/product\/1136567","targetHints":{"allow":["GET"]}}],"collection":[{"href":"https:\/\/wein-werte.com\/de\/wp-json\/wp\/v2\/product"}],"about":[{"href":"https:\/\/wein-werte.com\/de\/wp-json\/wp\/v2\/types\/product"}],"wp:featuredmedia":[{"embeddable":true,"href":"https:\/\/wein-werte.com\/de\/wp-json\/wp\/v2\/media\/1147581"}],"wp:attachment":[{"href":"https:\/\/wein-werte.com\/de\/wp-json\/wp\/v2\/media?parent=1136567"}],"wp:term":[{"taxonomy":"product_brand","embeddable":true,"href":"https:\/\/wein-werte.com\/de\/wp-json\/wp\/v2\/product_brand?post=1136567"},{"taxonomy":"product_cat","embeddable":true,"href":"https:\/\/wein-werte.com\/de\/wp-json\/wp\/v2\/product_cat?post=1136567"},{"taxonomy":"product_tag","embeddable":true,"href":"https:\/\/wein-werte.com\/de\/wp-json\/wp\/v2\/product_tag?post=1136567"}],"curies":[{"name":"wp","href":"https:\/\/api.w.org\/{rel}","templated":true}]}}